{"id":16277,"date":"2019-07-02T11:13:39","date_gmt":"2019-07-02T11:13:39","guid":{"rendered":"https:\/\/www.accuratereviews.com\/?page_id=16277"},"modified":"2023-08-01T09:29:53","modified_gmt":"2023-08-01T09:29:53","slug":"spip-recensione","status":"publish","type":"page","link":"https:\/\/www.accuratereviews.com\/it\/software-cms\/spip-recensione\/","title":{"rendered":"Spip"},"content":{"rendered":"<p><strong>Spip<\/strong> \u00e8 un<strong> sistema CMS<\/strong> che permette una migliore <strong>gestione dei contenuti<\/strong> di siti web e rappresenta una buona alternativa a WordPress. Si tratta di un software molto diffuso in Francia, che risulta facile da usare per qualsiasi tipo di sito web, che sia associativo, istituzionale, personale o commerciale. L&#8217;installazione di questo <strong>CMS<\/strong> \u00e8 davvero semplice, <strong>gratuita<\/strong> e non richiede competenze tecniche specifiche. \u00c8 quindi accessibile a chiunque, persino ai meno esperti. \u00c8 possibile creare delle rubriche da cui deriveranno delle altre rubriche, sotto rubriche cos\u00ec da far esistere una vera e propria gerarchia di rubriche. All&#8217;interno di esse possiamo trovare gli articoli, preparati dai diversi autori. Spip \u00e8 una <strong>piattaforma CMS open source<\/strong> che va in contro alle esigenze di tutti, permettendone una buona personalizzazione.<\/p>\n<h2>GESTIRE I CONTENUTI CON SPIP &#8211; TUTORIAL<\/h2>\n<p>Ecco un breve tutorial che ci introdurr\u00e0 Spip:<\/p>\n<div id=\"fluid-wrapper-counter-1\" class=\"g1-fluid-wrapper \" style=\"width:686px;\">\n<div style=\"padding-bottom:56.268221574344%;\"><iframe loading=\"lazy\" title=\"Premiers pas avec Spip\" width=\"515\" height=\"386\" src=\"https:\/\/www.youtube.com\/embed\/dyuPIDjMEds?feature=oembed&amp;wmode=transparent&amp;autohide=1&amp;autoplay=0&amp;disablekb=0&amp;fs=1&amp;loop=0&amp;enablejsapi=1&amp;rel=0&amp;controls=2&amp;showinfo=0&amp;wmode=transparent&amp;autohide=2&amp;autoplay=0&amp;disablekb=0&amp;fs=1&amp;loop=0&amp;enablejsapi=1&amp;rel=0&amp;controls=2&amp;showinfo=1\" frameborder=\"0\" allow=\"accelerometer; autoplay; clipboard-write; encrypted-media; gyroscope; picture-in-picture; web-share\" allowfullscreen><\/iframe><\/div>\n<\/div>\n<h3>SPIP &#8211; CARATTERISTICHE<\/h3>\n<p>Di seguito le principali caratteristiche di questo <strong>CMS<\/strong>:<\/p>\n<ul>\n<li><strong>Creazione e gestione dei contenuti<\/strong>: crea e gestisci i tuoi contenuti in maniera semplice e ordinata<\/li>\n<li><strong>Gestione delle rubriche<\/strong>: crea delle categorie di rubriche e delle sottocategorie di rubriche cos\u00ec da sviluppare una gerarchia di rubriche<\/li>\n<li><strong>Gestione degli articoli<\/strong>: scrivi e struttura il tuo articolo in base alle direttive redazionali e poi inseriscilo in una rubrica<\/li>\n<li><strong>Sistema di brevi note informative<\/strong>: decidi se attivare questo sistema o meno in base alle tue esigenze<\/li>\n<li><strong>Sistema di forum<\/strong>: collega i forum alle rubriche, agli articoli e alle brevi note<\/li>\n<li><strong>Sistema di petizioni<\/strong>: trasforma un articolo in una petizione online<\/li>\n<li><strong>Sistema di statistiche<\/strong>: controlla l&#8217;andamento degli articoli e delle rubriche.<\/li>\n<\/ul>\n","protected":false},"excerpt":{"rendered":"<p>Spip \u00e8 un sistema CMS che permette una migliore gestione dei contenuti di siti web e rappresenta una buona alternativa a WordPress. Si tratta di un software molto diffuso in Francia, che risulta facile da usare per qualsiasi tipo di sito web, che\u00a0sia associativo che istituzionale, personale o commerciale.<\/p>\n","protected":false},"author":17,"featured_media":16280,"parent":16175,"menu_order":0,"comment_status":"open","ping_status":"closed","template":"g1_template_page_review_new.php","meta":{"_acf_changed":false,"cwp_meta_box_check":"Yes","cwp_rev_product_name":"","cwp_rev_product_image":"","wppr_links":[],"cwp_rev_price":"","wppr_options":[{"name":"Usability","value":"0"},{"name":"Speed","value":"0"},{"name":"Features","value":"0"},{"name":"Support","value":"0"},{"name":"Pricing","value":"0"}],"wppr_pros":["","","","",""],"wppr_cons":["","","","",""],"_monsterinsights_skip_tracking":false,"_monsterinsights_sitenote_active":false,"_monsterinsights_sitenote_note":"","_monsterinsights_sitenote_category":0,"footnotes":""},"categories":[931],"tags":[946,948,944],"features":[],"class_list":{"0":"post-16277","1":"page","2":"type-page","3":"status-publish","4":"has-post-thumbnail","6":"category-cms","7":"tag-cms","8":"tag-gestione-contenuti","9":"tag-piattaforma-cms"},"wppr_data":{"cwp_meta_box_check":"Yes","cwp_rev_product_name":"","_wppr_review_template":"default","cwp_rev_product_image":"","cwp_image_link":"image","wppr_links":[],"cwp_rev_price":"","wppr_pros":["","","","",""],"wppr_cons":["","","","",""],"wppr_rating":"0.00","wppr_options":{"1":{"name":"Usability","value":"0"},"2":{"name":"Speed","value":"0"},"3":{"name":"Features","value":"0"},"4":{"name":"Support","value":"0"},"5":{"name":"Pricing","value":"0"}},"wppr_review_type":"Product","wppr_review_custom_fields":{"additionalProperty":"","additionalType":"","aggregateRating":"","alternateName":"","audience":"","award":"","awards":"","brand":"","color":"","depth":"","description":"","disambiguatingDescription":"","gtin12":"","gtin13":"","gtin14":"","gtin8":"","height":"","identifier":"","image":"","isAccessoryOrSparePartFor":"","isConsumableFor":"","isRelatedTo":"","isSimilarTo":"","itemCondition":"","logo":"","mainEntityOfPage":"","manufacturer":"","material":"","model":"","mpn":"","name":"","offers":"","potentialAction":"","productID":"","productionDate":"","purchaseDate":"","releaseDate":"","review":"","reviews":"","sameAs":"","sku":"","slogan":"","subjectOf":"","url":"","weight":"","width":""}},"acf":[],"yoast_head":"<!-- This site is optimized with the Yoast SEO plugin v27.4 - https:\/\/yoast.com\/product\/yoast-seo-wordpress\/ -->\n<title>Spip: recensione piattaforma CMS - Accurate Reviews<\/title>\n<meta name=\"description\" content=\"Spip: recensione del sistema CMS che permette una migliore gestione dei contenuti di siti web e rappresenta una buona alternativa a WordPress.\" \/>\n<meta name=\"robots\" content=\"index, follow, max-snippet:-1, max-image-preview:large, max-video-preview:-1\" \/>\n<link rel=\"canonical\" href=\"https:\/\/www.accuratereviews.com\/it\/software-cms\/spip-recensione\/\" \/>\n<meta property=\"og:locale\" content=\"it_IT\" \/>\n<meta property=\"og:type\" content=\"article\" \/>\n<meta property=\"og:title\" content=\"Spip: recensione piattaforma CMS - Accurate Reviews\" \/>\n<meta property=\"og:description\" content=\"Spip: recensione del sistema CMS che permette una migliore gestione dei contenuti di siti web e rappresenta una buona alternativa a WordPress.\" \/>\n<meta property=\"og:url\" content=\"https:\/\/www.accuratereviews.com\/it\/software-cms\/spip-recensione\/\" \/>\n<meta property=\"og:site_name\" content=\"Accurate Reviews\" \/>\n<meta property=\"article:modified_time\" content=\"2023-08-01T09:29:53+00:00\" \/>\n<meta property=\"og:image\" content=\"https:\/\/www.accuratereviews.com\/wp-content\/uploads\/2019\/07\/800px-Logo_SPIP.png\" \/>\n\t<meta property=\"og:image:width\" content=\"799\" \/>\n\t<meta property=\"og:image:height\" content=\"594\" \/>\n\t<meta property=\"og:image:type\" content=\"image\/png\" \/>\n<meta name=\"twitter:card\" content=\"summary_large_image\" \/>\n<meta name=\"twitter:label1\" content=\"Tempo di lettura stimato\" \/>\n\t<meta name=\"twitter:data1\" content=\"2 minuti\" \/>\n<script type=\"application\/ld+json\" class=\"yoast-schema-graph\">{\"@context\":\"https:\\\/\\\/schema.org\",\"@graph\":[{\"@type\":\"WebPage\",\"@id\":\"https:\\\/\\\/www.accuratereviews.com\\\/it\\\/software-cms\\\/spip-recensione\\\/\",\"url\":\"https:\\\/\\\/www.accuratereviews.com\\\/it\\\/software-cms\\\/spip-recensione\\\/\",\"name\":\"Spip: recensione piattaforma CMS - Accurate Reviews\",\"isPartOf\":{\"@id\":\"https:\\\/\\\/www.accuratereviews.com\\\/it\\\/#website\"},\"primaryImageOfPage\":{\"@id\":\"https:\\\/\\\/www.accuratereviews.com\\\/it\\\/software-cms\\\/spip-recensione\\\/#primaryimage\"},\"image\":{\"@id\":\"https:\\\/\\\/www.accuratereviews.com\\\/it\\\/software-cms\\\/spip-recensione\\\/#primaryimage\"},\"thumbnailUrl\":\"https:\\\/\\\/www.accuratereviews.com\\\/wp-content\\\/uploads\\\/2019\\\/07\\\/800px-Logo_SPIP.png\",\"datePublished\":\"2019-07-02T11:13:39+00:00\",\"dateModified\":\"2023-08-01T09:29:53+00:00\",\"description\":\"Spip: recensione del sistema CMS che permette una migliore gestione dei contenuti di siti web e rappresenta una buona alternativa a WordPress.\",\"breadcrumb\":{\"@id\":\"https:\\\/\\\/www.accuratereviews.com\\\/it\\\/software-cms\\\/spip-recensione\\\/#breadcrumb\"},\"inLanguage\":\"it-IT\",\"potentialAction\":[{\"@type\":\"ReadAction\",\"target\":[\"https:\\\/\\\/www.accuratereviews.com\\\/it\\\/software-cms\\\/spip-recensione\\\/\"]}]},{\"@type\":\"ImageObject\",\"inLanguage\":\"it-IT\",\"@id\":\"https:\\\/\\\/www.accuratereviews.com\\\/it\\\/software-cms\\\/spip-recensione\\\/#primaryimage\",\"url\":\"https:\\\/\\\/www.accuratereviews.com\\\/wp-content\\\/uploads\\\/2019\\\/07\\\/800px-Logo_SPIP.png\",\"contentUrl\":\"https:\\\/\\\/www.accuratereviews.com\\\/wp-content\\\/uploads\\\/2019\\\/07\\\/800px-Logo_SPIP.png\",\"width\":799,\"height\":594},{\"@type\":\"BreadcrumbList\",\"@id\":\"https:\\\/\\\/www.accuratereviews.com\\\/it\\\/software-cms\\\/spip-recensione\\\/#breadcrumb\",\"itemListElement\":[{\"@type\":\"ListItem\",\"position\":1,\"name\":\"Home\",\"item\":\"https:\\\/\\\/www.accuratereviews.com\\\/it\\\/\"},{\"@type\":\"ListItem\",\"position\":2,\"name\":\"Software CMS\",\"item\":\"https:\\\/\\\/www.accuratereviews.com\\\/it\\\/software-cms\\\/\"},{\"@type\":\"ListItem\",\"position\":3,\"name\":\"Spip\"}]},{\"@type\":\"WebSite\",\"@id\":\"https:\\\/\\\/www.accuratereviews.com\\\/it\\\/#website\",\"url\":\"https:\\\/\\\/www.accuratereviews.com\\\/it\\\/\",\"name\":\"Accurate Reviews\",\"description\":\"\",\"potentialAction\":[{\"@type\":\"SearchAction\",\"target\":{\"@type\":\"EntryPoint\",\"urlTemplate\":\"https:\\\/\\\/www.accuratereviews.com\\\/it\\\/?s={search_term_string}\"},\"query-input\":{\"@type\":\"PropertyValueSpecification\",\"valueRequired\":true,\"valueName\":\"search_term_string\"}}],\"inLanguage\":\"it-IT\"}]}<\/script>\n<!-- \/ Yoast SEO plugin. -->","yoast_head_json":{"title":"Spip: recensione piattaforma CMS - Accurate Reviews","description":"Spip: recensione del sistema CMS che permette una migliore gestione dei contenuti di siti web e rappresenta una buona alternativa a WordPress.","robots":{"index":"index","follow":"follow","max-snippet":"max-snippet:-1","max-image-preview":"max-image-preview:large","max-video-preview":"max-video-preview:-1"},"canonical":"https:\/\/www.accuratereviews.com\/it\/software-cms\/spip-recensione\/","og_locale":"it_IT","og_type":"article","og_title":"Spip: recensione piattaforma CMS - Accurate Reviews","og_description":"Spip: recensione del sistema CMS che permette una migliore gestione dei contenuti di siti web e rappresenta una buona alternativa a WordPress.","og_url":"https:\/\/www.accuratereviews.com\/it\/software-cms\/spip-recensione\/","og_site_name":"Accurate Reviews","article_modified_time":"2023-08-01T09:29:53+00:00","og_image":[{"width":799,"height":594,"url":"https:\/\/www.accuratereviews.com\/wp-content\/uploads\/2019\/07\/800px-Logo_SPIP.png","type":"image\/png"}],"twitter_card":"summary_large_image","twitter_misc":{"Tempo di lettura stimato":"2 minuti"},"schema":{"@context":"https:\/\/schema.org","@graph":[{"@type":"WebPage","@id":"https:\/\/www.accuratereviews.com\/it\/software-cms\/spip-recensione\/","url":"https:\/\/www.accuratereviews.com\/it\/software-cms\/spip-recensione\/","name":"Spip: recensione piattaforma CMS - Accurate Reviews","isPartOf":{"@id":"https:\/\/www.accuratereviews.com\/it\/#website"},"primaryImageOfPage":{"@id":"https:\/\/www.accuratereviews.com\/it\/software-cms\/spip-recensione\/#primaryimage"},"image":{"@id":"https:\/\/www.accuratereviews.com\/it\/software-cms\/spip-recensione\/#primaryimage"},"thumbnailUrl":"https:\/\/www.accuratereviews.com\/wp-content\/uploads\/2019\/07\/800px-Logo_SPIP.png","datePublished":"2019-07-02T11:13:39+00:00","dateModified":"2023-08-01T09:29:53+00:00","description":"Spip: recensione del sistema CMS che permette una migliore gestione dei contenuti di siti web e rappresenta una buona alternativa a WordPress.","breadcrumb":{"@id":"https:\/\/www.accuratereviews.com\/it\/software-cms\/spip-recensione\/#breadcrumb"},"inLanguage":"it-IT","potentialAction":[{"@type":"ReadAction","target":["https:\/\/www.accuratereviews.com\/it\/software-cms\/spip-recensione\/"]}]},{"@type":"ImageObject","inLanguage":"it-IT","@id":"https:\/\/www.accuratereviews.com\/it\/software-cms\/spip-recensione\/#primaryimage","url":"https:\/\/www.accuratereviews.com\/wp-content\/uploads\/2019\/07\/800px-Logo_SPIP.png","contentUrl":"https:\/\/www.accuratereviews.com\/wp-content\/uploads\/2019\/07\/800px-Logo_SPIP.png","width":799,"height":594},{"@type":"BreadcrumbList","@id":"https:\/\/www.accuratereviews.com\/it\/software-cms\/spip-recensione\/#breadcrumb","itemListElement":[{"@type":"ListItem","position":1,"name":"Home","item":"https:\/\/www.accuratereviews.com\/it\/"},{"@type":"ListItem","position":2,"name":"Software CMS","item":"https:\/\/www.accuratereviews.com\/it\/software-cms\/"},{"@type":"ListItem","position":3,"name":"Spip"}]},{"@type":"WebSite","@id":"https:\/\/www.accuratereviews.com\/it\/#website","url":"https:\/\/www.accuratereviews.com\/it\/","name":"Accurate Reviews","description":"","potentialAction":[{"@type":"SearchAction","target":{"@type":"EntryPoint","urlTemplate":"https:\/\/www.accuratereviews.com\/it\/?s={search_term_string}"},"query-input":{"@type":"PropertyValueSpecification","valueRequired":true,"valueName":"search_term_string"}}],"inLanguage":"it-IT"}]}},"_links":{"self":[{"href":"https:\/\/www.accuratereviews.com\/it\/wp-json\/wp\/v2\/pages\/16277","targetHints":{"allow":["GET"]}}],"collection":[{"href":"https:\/\/www.accuratereviews.com\/it\/wp-json\/wp\/v2\/pages"}],"about":[{"href":"https:\/\/www.accuratereviews.com\/it\/wp-json\/wp\/v2\/types\/page"}],"author":[{"embeddable":true,"href":"https:\/\/www.accuratereviews.com\/it\/wp-json\/wp\/v2\/users\/17"}],"replies":[{"embeddable":true,"href":"https:\/\/www.accuratereviews.com\/it\/wp-json\/wp\/v2\/comments?post=16277"}],"version-history":[{"count":9,"href":"https:\/\/www.accuratereviews.com\/it\/wp-json\/wp\/v2\/pages\/16277\/revisions"}],"predecessor-version":[{"id":71015,"href":"https:\/\/www.accuratereviews.com\/it\/wp-json\/wp\/v2\/pages\/16277\/revisions\/71015"}],"up":[{"embeddable":true,"href":"https:\/\/www.accuratereviews.com\/it\/wp-json\/wp\/v2\/pages\/16175"}],"wp:featuredmedia":[{"embeddable":true,"href":"https:\/\/www.accuratereviews.com\/it\/wp-json\/wp\/v2\/media\/16280"}],"wp:attachment":[{"href":"https:\/\/www.accuratereviews.com\/it\/wp-json\/wp\/v2\/media?parent=16277"}],"wp:term":[{"taxonomy":"category","embeddable":true,"href":"https:\/\/www.accuratereviews.com\/it\/wp-json\/wp\/v2\/categories?post=16277"},{"taxonomy":"post_tag","embeddable":true,"href":"https:\/\/www.accuratereviews.com\/it\/wp-json\/wp\/v2\/tags?post=16277"},{"taxonomy":"features","embeddable":true,"href":"https:\/\/www.accuratereviews.com\/it\/wp-json\/wp\/v2\/features?post=16277"}],"curies":[{"name":"wp","href":"https:\/\/api.w.org\/{rel}","templated":true}]}}