{"id":16296,"date":"2019-07-02T14:42:32","date_gmt":"2019-07-02T14:42:32","guid":{"rendered":"https:\/\/www.accuratereviews.com\/?page_id=16296"},"modified":"2023-08-01T09:36:04","modified_gmt":"2023-08-01T09:36:04","slug":"hubspot-recensione","status":"publish","type":"page","link":"https:\/\/www.accuratereviews.com\/it\/software-cms\/hubspot-recensione\/","title":{"rendered":"HubSpot"},"content":{"rendered":"<p><strong>HubSpot<\/strong> \u00e8 un sistema<strong> CSM di gestione dei contenuti<\/strong> che ti permette di creare un ottimo sito web, ottimizzato per tutti i dispositivi e personalizzato a seconda delle proprie esigenze. Oltre a questo, offre degli <strong>strumenti di marketing<\/strong> utili a migliorare i tuoi contenuti, rendendoli pi\u00f9 accattivanti. \u00c8 infatti rivolto principalmente ai professionisti del marketing e a chiunque abbia delle competenze tecniche in ambito informatico. Si tratta di un <strong>CSM sicuro<\/strong> poich\u00e9 SSL integrato e questo consente ai visitatori di navigare serenamente sul vostro sito web. \u00c8 composto da pi\u00f9 moduli: quello relativo al marketing, quello relativo alla vendita, al servizio e al <strong>CRM<\/strong>. Quest&#8217;ultimo \u00e8 molto utile poich\u00e9 permette di gestire al meglio i rapporti con i clienti e di trasformare i visitatori anonimi in potenziali clienti.<\/p>\n<h2>GESTIONE DEI CONTENUTI CON HUBSPOT &#8211; TUTORIAL<\/h2>\n<p>Ecco un breve video tutorial che ci mostra come funziona Hubspot:<\/p>\n<div id=\"fluid-wrapper-counter-1\" class=\"g1-fluid-wrapper \" style=\"width:686px;\">\n<div style=\"padding-bottom:56.268221574344%;\"><iframe loading=\"lazy\" title=\"How to Create an Organized HubSpot CMS\" width=\"686\" height=\"386\" src=\"https:\/\/www.youtube.com\/embed\/WBzsNklc_60?feature=oembed&amp;wmode=transparent&amp;autohide=1&amp;autoplay=0&amp;disablekb=0&amp;fs=1&amp;loop=0&amp;enablejsapi=1&amp;rel=0&amp;controls=2&amp;showinfo=0&amp;wmode=transparent&amp;autohide=2&amp;autoplay=0&amp;disablekb=0&amp;fs=1&amp;loop=0&amp;enablejsapi=1&amp;rel=0&amp;controls=2&amp;showinfo=1\" frameborder=\"0\" allow=\"accelerometer; autoplay; clipboard-write; encrypted-media; gyroscope; picture-in-picture; web-share\" allowfullscreen><\/iframe><\/div>\n<\/div>\n<h3>HUBSPOT &#8211; CARATTERISTICHE<\/h3>\n<p>Di seguito le principali caratteristiche:<\/p>\n<ul>\n<li><strong>Authoring dei contenuti<\/strong>: crea e pubblica i tuoi contenuti in modo semplice ed intuitivo<\/li>\n<li><strong>Strumento di text editor<\/strong>: facilita la formattazione dei contenuti<\/li>\n<li><strong>Strumento di approvazione<\/strong>: approva determinati contenuti<\/li>\n<li><strong>Content repository<\/strong>: inserisci in una raccolta tutti i tuoi articoli pubblicati e non<\/li>\n<li><strong>Strumenti di marketing<\/strong>: utilizza questi strumenti per rendere i tuoi contenuti pi\u00f9 accattivanti<\/li>\n<li><strong>CRM integrato<\/strong>: gestisci le relazioni con i tuoi clienti e trasforma i visitatori anonimi in potenziali clienti.<\/li>\n<\/ul>\n<h4>LE RECENSIONI DEGLI UTENTI<\/h4>\n<p><strong>Sainath &#8220;La migliore piattaforma CRM a prezzi accessibili che migliora il ROI e costruisce buone relazioni con i clienti&#8221;.<\/strong><br \/>\nPro: Mi piacciono le creazioni di automazione come le configurazioni di percorsi\/workflow, le automazioni di liste e set di dati, ecc.<br \/>\nContro: La reportistica e l&#8217;analisi delle performance delle campagne non sono cos\u00ec accurate.<\/p>\n<p><strong>Hannah &#8220;Incredibile soluzione completa per il marketing&#8221;.<\/strong><br \/>\nCommenti: Nel complesso, HubSpot \u00e8 stata una soluzione fantastica per il nostro team di marketing in crescita. \u00c8 intuitivo e il materiale di formazione \u00e8 fantastico.<br \/>\nPro: I dati! Tutte le nostre metriche relative a e-mail, siti web, blog e lead sono in un unico posto e sono visibili.<br \/>\nContro: Vorrei poter associare le liste alle campagne e impostare la fonte del lead in modo diverso per specifiche landing page. Inoltre, a volte la connessione a Salesforce non funziona.<\/p>\n<p><strong>Crystal &#8220;Ottimo per il presente e per il futuro!!!&#8221;<\/strong><br \/>\nPro: Avere tutti i miei sforzi di marketing in un unico posto che parla lo stesso gergo ha aumentato notevolmente la mia efficienza.<br \/>\nContro: C&#8217;\u00e8 un po&#8217; di curva di apprendimento, ma una volta capito \u00e8 molto facile e ci sono cos\u00ec tante risorse utili che \u00e8 semplice ottenere una guida.<\/p>\n","protected":false},"excerpt":{"rendered":"<p>HubSpot \u00e8 un sistema CSM di gestione dei contenuti che ti permette di creare un ottimo sito web, ottimizzato per tutti i dispositivi e personalizzato a seconda delle proprie esigenze. Oltre a questo, offre degli strumenti di marketing utili a migliorare i tuoi contenuti, rendendoli pi\u00f9 accattivanti.<\/p>\n","protected":false},"author":17,"featured_media":16301,"parent":16175,"menu_order":0,"comment_status":"open","ping_status":"closed","template":"g1_template_page_review_new.php","meta":{"_acf_changed":false,"cwp_meta_box_check":"Yes","cwp_rev_product_name":"","cwp_rev_product_image":"","wppr_links":[],"cwp_rev_price":"","wppr_options":[{"name":"Usability","value":"0"},{"name":"Speed","value":"0"},{"name":"Features","value":"0"},{"name":"Support","value":"0"},{"name":"Pricing","value":"0"}],"wppr_pros":["","","","",""],"wppr_cons":["","","","",""],"_monsterinsights_skip_tracking":false,"_monsterinsights_sitenote_active":false,"_monsterinsights_sitenote_note":"","_monsterinsights_sitenote_category":0,"footnotes":""},"categories":[931],"tags":[946,936,944,932],"features":[],"class_list":{"0":"post-16296","1":"page","2":"type-page","3":"status-publish","4":"has-post-thumbnail","6":"category-cms","7":"tag-cms","8":"tag-gestione-dei-contenuti","9":"tag-piattaforma-cms","10":"tag-sistema-cms"},"wppr_data":{"cwp_meta_box_check":"Yes","cwp_rev_product_name":"","_wppr_review_template":"default","cwp_rev_product_image":"","cwp_image_link":"image","wppr_links":[],"cwp_rev_price":"","wppr_pros":["","","","",""],"wppr_cons":["","","","",""],"wppr_rating":"0.00","wppr_options":{"1":{"name":"Usability","value":"0"},"2":{"name":"Speed","value":"0"},"3":{"name":"Features","value":"0"},"4":{"name":"Support","value":"0"},"5":{"name":"Pricing","value":"0"}},"wppr_review_type":"Product","wppr_review_custom_fields":{"additionalProperty":"","additionalType":"","aggregateRating":"","alternateName":"","audience":"","award":"","awards":"","brand":"","color":"","depth":"","description":"","disambiguatingDescription":"","gtin12":"","gtin13":"","gtin14":"","gtin8":"","height":"","identifier":"","image":"","isAccessoryOrSparePartFor":"","isConsumableFor":"","isRelatedTo":"","isSimilarTo":"","itemCondition":"","logo":"","mainEntityOfPage":"","manufacturer":"","material":"","model":"","mpn":"","name":"","offers":"","potentialAction":"","productID":"","productionDate":"","purchaseDate":"","releaseDate":"","review":"","reviews":"","sameAs":"","sku":"","slogan":"","subjectOf":"","url":"","weight":"","width":""}},"acf":[],"yoast_head":"<!-- This site is optimized with the Yoast SEO plugin v27.4 - https:\/\/yoast.com\/product\/yoast-seo-wordpress\/ -->\n<title>HubSpot: recensione sistema CMS - Accurate Reviews<\/title>\n<meta name=\"description\" content=\"HubSpot: recensione del sistema CSM di gestione dei contenuti che ti permette di creare un ottimo sito web, ottimizzato per tutti i dispositivi.\" \/>\n<meta name=\"robots\" content=\"index, follow, max-snippet:-1, max-image-preview:large, max-video-preview:-1\" \/>\n<link rel=\"canonical\" href=\"https:\/\/www.accuratereviews.com\/it\/software-cms\/hubspot-recensione\/\" \/>\n<meta property=\"og:locale\" content=\"it_IT\" \/>\n<meta property=\"og:type\" content=\"article\" \/>\n<meta property=\"og:title\" content=\"HubSpot: recensione sistema CMS - Accurate Reviews\" \/>\n<meta property=\"og:description\" content=\"HubSpot: recensione del sistema CSM di gestione dei contenuti che ti permette di creare un ottimo sito web, ottimizzato per tutti i dispositivi.\" \/>\n<meta property=\"og:url\" content=\"https:\/\/www.accuratereviews.com\/it\/software-cms\/hubspot-recensione\/\" \/>\n<meta property=\"og:site_name\" content=\"Accurate Reviews\" \/>\n<meta property=\"article:modified_time\" content=\"2023-08-01T09:36:04+00:00\" \/>\n<meta property=\"og:image\" content=\"https:\/\/www.accuratereviews.com\/wp-content\/uploads\/2019\/07\/Unknown-1.png\" \/>\n\t<meta property=\"og:image:width\" content=\"306\" \/>\n\t<meta property=\"og:image:height\" content=\"165\" \/>\n\t<meta property=\"og:image:type\" content=\"image\/png\" \/>\n<meta name=\"twitter:card\" content=\"summary_large_image\" \/>\n<meta name=\"twitter:label1\" content=\"Tempo di lettura stimato\" \/>\n\t<meta name=\"twitter:data1\" content=\"3 minuti\" \/>\n<script type=\"application\/ld+json\" class=\"yoast-schema-graph\">{\"@context\":\"https:\\\/\\\/schema.org\",\"@graph\":[{\"@type\":\"WebPage\",\"@id\":\"https:\\\/\\\/www.accuratereviews.com\\\/it\\\/software-cms\\\/hubspot-recensione\\\/\",\"url\":\"https:\\\/\\\/www.accuratereviews.com\\\/it\\\/software-cms\\\/hubspot-recensione\\\/\",\"name\":\"HubSpot: recensione sistema CMS - Accurate Reviews\",\"isPartOf\":{\"@id\":\"https:\\\/\\\/www.accuratereviews.com\\\/it\\\/#website\"},\"primaryImageOfPage\":{\"@id\":\"https:\\\/\\\/www.accuratereviews.com\\\/it\\\/software-cms\\\/hubspot-recensione\\\/#primaryimage\"},\"image\":{\"@id\":\"https:\\\/\\\/www.accuratereviews.com\\\/it\\\/software-cms\\\/hubspot-recensione\\\/#primaryimage\"},\"thumbnailUrl\":\"https:\\\/\\\/www.accuratereviews.com\\\/wp-content\\\/uploads\\\/2019\\\/07\\\/Unknown-1.png\",\"datePublished\":\"2019-07-02T14:42:32+00:00\",\"dateModified\":\"2023-08-01T09:36:04+00:00\",\"description\":\"HubSpot: recensione del sistema CSM di gestione dei contenuti che ti permette di creare un ottimo sito web, ottimizzato per tutti i dispositivi.\",\"breadcrumb\":{\"@id\":\"https:\\\/\\\/www.accuratereviews.com\\\/it\\\/software-cms\\\/hubspot-recensione\\\/#breadcrumb\"},\"inLanguage\":\"it-IT\",\"potentialAction\":[{\"@type\":\"ReadAction\",\"target\":[\"https:\\\/\\\/www.accuratereviews.com\\\/it\\\/software-cms\\\/hubspot-recensione\\\/\"]}]},{\"@type\":\"ImageObject\",\"inLanguage\":\"it-IT\",\"@id\":\"https:\\\/\\\/www.accuratereviews.com\\\/it\\\/software-cms\\\/hubspot-recensione\\\/#primaryimage\",\"url\":\"https:\\\/\\\/www.accuratereviews.com\\\/wp-content\\\/uploads\\\/2019\\\/07\\\/Unknown-1.png\",\"contentUrl\":\"https:\\\/\\\/www.accuratereviews.com\\\/wp-content\\\/uploads\\\/2019\\\/07\\\/Unknown-1.png\",\"width\":306,\"height\":165},{\"@type\":\"BreadcrumbList\",\"@id\":\"https:\\\/\\\/www.accuratereviews.com\\\/it\\\/software-cms\\\/hubspot-recensione\\\/#breadcrumb\",\"itemListElement\":[{\"@type\":\"ListItem\",\"position\":1,\"name\":\"Home\",\"item\":\"https:\\\/\\\/www.accuratereviews.com\\\/it\\\/\"},{\"@type\":\"ListItem\",\"position\":2,\"name\":\"Software CMS\",\"item\":\"https:\\\/\\\/www.accuratereviews.com\\\/it\\\/software-cms\\\/\"},{\"@type\":\"ListItem\",\"position\":3,\"name\":\"HubSpot\"}]},{\"@type\":\"WebSite\",\"@id\":\"https:\\\/\\\/www.accuratereviews.com\\\/it\\\/#website\",\"url\":\"https:\\\/\\\/www.accuratereviews.com\\\/it\\\/\",\"name\":\"Accurate Reviews\",\"description\":\"\",\"potentialAction\":[{\"@type\":\"SearchAction\",\"target\":{\"@type\":\"EntryPoint\",\"urlTemplate\":\"https:\\\/\\\/www.accuratereviews.com\\\/it\\\/?s={search_term_string}\"},\"query-input\":{\"@type\":\"PropertyValueSpecification\",\"valueRequired\":true,\"valueName\":\"search_term_string\"}}],\"inLanguage\":\"it-IT\"}]}<\/script>\n<!-- \/ Yoast SEO plugin. -->","yoast_head_json":{"title":"HubSpot: recensione sistema CMS - Accurate Reviews","description":"HubSpot: recensione del sistema CSM di gestione dei contenuti che ti permette di creare un ottimo sito web, ottimizzato per tutti i dispositivi.","robots":{"index":"index","follow":"follow","max-snippet":"max-snippet:-1","max-image-preview":"max-image-preview:large","max-video-preview":"max-video-preview:-1"},"canonical":"https:\/\/www.accuratereviews.com\/it\/software-cms\/hubspot-recensione\/","og_locale":"it_IT","og_type":"article","og_title":"HubSpot: recensione sistema CMS - Accurate Reviews","og_description":"HubSpot: recensione del sistema CSM di gestione dei contenuti che ti permette di creare un ottimo sito web, ottimizzato per tutti i dispositivi.","og_url":"https:\/\/www.accuratereviews.com\/it\/software-cms\/hubspot-recensione\/","og_site_name":"Accurate Reviews","article_modified_time":"2023-08-01T09:36:04+00:00","og_image":[{"width":306,"height":165,"url":"https:\/\/www.accuratereviews.com\/wp-content\/uploads\/2019\/07\/Unknown-1.png","type":"image\/png"}],"twitter_card":"summary_large_image","twitter_misc":{"Tempo di lettura stimato":"3 minuti"},"schema":{"@context":"https:\/\/schema.org","@graph":[{"@type":"WebPage","@id":"https:\/\/www.accuratereviews.com\/it\/software-cms\/hubspot-recensione\/","url":"https:\/\/www.accuratereviews.com\/it\/software-cms\/hubspot-recensione\/","name":"HubSpot: recensione sistema CMS - Accurate Reviews","isPartOf":{"@id":"https:\/\/www.accuratereviews.com\/it\/#website"},"primaryImageOfPage":{"@id":"https:\/\/www.accuratereviews.com\/it\/software-cms\/hubspot-recensione\/#primaryimage"},"image":{"@id":"https:\/\/www.accuratereviews.com\/it\/software-cms\/hubspot-recensione\/#primaryimage"},"thumbnailUrl":"https:\/\/www.accuratereviews.com\/wp-content\/uploads\/2019\/07\/Unknown-1.png","datePublished":"2019-07-02T14:42:32+00:00","dateModified":"2023-08-01T09:36:04+00:00","description":"HubSpot: recensione del sistema CSM di gestione dei contenuti che ti permette di creare un ottimo sito web, ottimizzato per tutti i dispositivi.","breadcrumb":{"@id":"https:\/\/www.accuratereviews.com\/it\/software-cms\/hubspot-recensione\/#breadcrumb"},"inLanguage":"it-IT","potentialAction":[{"@type":"ReadAction","target":["https:\/\/www.accuratereviews.com\/it\/software-cms\/hubspot-recensione\/"]}]},{"@type":"ImageObject","inLanguage":"it-IT","@id":"https:\/\/www.accuratereviews.com\/it\/software-cms\/hubspot-recensione\/#primaryimage","url":"https:\/\/www.accuratereviews.com\/wp-content\/uploads\/2019\/07\/Unknown-1.png","contentUrl":"https:\/\/www.accuratereviews.com\/wp-content\/uploads\/2019\/07\/Unknown-1.png","width":306,"height":165},{"@type":"BreadcrumbList","@id":"https:\/\/www.accuratereviews.com\/it\/software-cms\/hubspot-recensione\/#breadcrumb","itemListElement":[{"@type":"ListItem","position":1,"name":"Home","item":"https:\/\/www.accuratereviews.com\/it\/"},{"@type":"ListItem","position":2,"name":"Software CMS","item":"https:\/\/www.accuratereviews.com\/it\/software-cms\/"},{"@type":"ListItem","position":3,"name":"HubSpot"}]},{"@type":"WebSite","@id":"https:\/\/www.accuratereviews.com\/it\/#website","url":"https:\/\/www.accuratereviews.com\/it\/","name":"Accurate Reviews","description":"","potentialAction":[{"@type":"SearchAction","target":{"@type":"EntryPoint","urlTemplate":"https:\/\/www.accuratereviews.com\/it\/?s={search_term_string}"},"query-input":{"@type":"PropertyValueSpecification","valueRequired":true,"valueName":"search_term_string"}}],"inLanguage":"it-IT"}]}},"_links":{"self":[{"href":"https:\/\/www.accuratereviews.com\/it\/wp-json\/wp\/v2\/pages\/16296","targetHints":{"allow":["GET"]}}],"collection":[{"href":"https:\/\/www.accuratereviews.com\/it\/wp-json\/wp\/v2\/pages"}],"about":[{"href":"https:\/\/www.accuratereviews.com\/it\/wp-json\/wp\/v2\/types\/page"}],"author":[{"embeddable":true,"href":"https:\/\/www.accuratereviews.com\/it\/wp-json\/wp\/v2\/users\/17"}],"replies":[{"embeddable":true,"href":"https:\/\/www.accuratereviews.com\/it\/wp-json\/wp\/v2\/comments?post=16296"}],"version-history":[{"count":8,"href":"https:\/\/www.accuratereviews.com\/it\/wp-json\/wp\/v2\/pages\/16296\/revisions"}],"predecessor-version":[{"id":71018,"href":"https:\/\/www.accuratereviews.com\/it\/wp-json\/wp\/v2\/pages\/16296\/revisions\/71018"}],"up":[{"embeddable":true,"href":"https:\/\/www.accuratereviews.com\/it\/wp-json\/wp\/v2\/pages\/16175"}],"wp:featuredmedia":[{"embeddable":true,"href":"https:\/\/www.accuratereviews.com\/it\/wp-json\/wp\/v2\/media\/16301"}],"wp:attachment":[{"href":"https:\/\/www.accuratereviews.com\/it\/wp-json\/wp\/v2\/media?parent=16296"}],"wp:term":[{"taxonomy":"category","embeddable":true,"href":"https:\/\/www.accuratereviews.com\/it\/wp-json\/wp\/v2\/categories?post=16296"},{"taxonomy":"post_tag","embeddable":true,"href":"https:\/\/www.accuratereviews.com\/it\/wp-json\/wp\/v2\/tags?post=16296"},{"taxonomy":"features","embeddable":true,"href":"https:\/\/www.accuratereviews.com\/it\/wp-json\/wp\/v2\/features?post=16296"}],"curies":[{"name":"wp","href":"https:\/\/api.w.org\/{rel}","templated":true}]}}