{"id":16309,"date":"2019-07-03T11:39:04","date_gmt":"2019-07-03T11:39:04","guid":{"rendered":"https:\/\/www.accuratereviews.com\/?page_id=16309"},"modified":"2023-08-01T09:54:59","modified_gmt":"2023-08-01T09:54:59","slug":"dotcms-recensione","status":"publish","type":"page","link":"https:\/\/www.accuratereviews.com\/it\/software-cms\/dotcms-recensione\/","title":{"rendered":"DotCMS"},"content":{"rendered":"<p class=\"tw-data-text tw-ta tw-text-small\" dir=\"ltr\" data-placeholder=\"Traduzione\"><span lang=\"it\" tabindex=\"0\"><strong>DotCMS<\/strong> \u00e8 un<strong> sistema di gestione dei contenuti open source<\/strong> che offre flessibilit\u00e0, sicurezza e scalabilit\u00e0. La community \u00e8 disponibile gratuitamente con la licenza Open Source GPL 3.0 disponibile 7 giorni su 7, 365 giorni l&#8217;anno. <strong>D<\/strong><\/span><span lang=\"it\" tabindex=\"0\"><strong>otCMS Cloud<\/strong> \u00e8 stato progettato per le aziende che hanno bisogno di velocit\u00e0, agilit\u00e0 e rapidit\u00e0 di implementazione. Il CMS basato su cloud offre facilit\u00e0 di implementazione e pu\u00f2 essere configurato in poco tempo ed \u00e8 in grado di creare siti web, portali, intranet \/ extranet, app e altro ancora. Il vantaggio principale del sistema basato su cloud \u00e8 \u00a0facile da usare e i team possono iniziare a pubblicare contenuti e risorse immediatamente. L&#8217;esecuzione in tempo reale offre alle aziende un controllo completo e pu\u00f2 soddisfare le richieste del mercato in modo efficiente.<\/span><\/p>\n<h2 dir=\"ltr\" data-placeholder=\"Traduzione\">DOTCMS &#8211; TUTORIAL<\/h2>\n<p id=\"tw-target-text\" class=\"tw-data-text tw-ta tw-text-small\" dir=\"ltr\" data-placeholder=\"Traduzione\"><span lang=\"it\" tabindex=\"0\">Questo video tutorial illustra la maggior parte delle funzionalit\u00e0 e funzionalit\u00e0 di back-end di <strong>questa soluzione CMS<\/strong>:<\/span><\/p>\n<div id=\"fluid-wrapper-counter-1\" class=\"g1-fluid-wrapper \" style=\"width:686px;\">\n<div style=\"padding-bottom:56.268221574344%;\"><iframe loading=\"lazy\" title=\"DotCMS Demonstration Video\" width=\"686\" height=\"386\" src=\"https:\/\/www.youtube.com\/embed\/t_c4GAL4kuk?feature=oembed&amp;wmode=transparent&amp;autohide=1&amp;autoplay=0&amp;disablekb=0&amp;fs=1&amp;loop=0&amp;enablejsapi=1&amp;rel=0&amp;controls=2&amp;showinfo=0&amp;wmode=transparent&amp;autohide=2&amp;autoplay=0&amp;disablekb=0&amp;fs=1&amp;loop=0&amp;enablejsapi=1&amp;rel=0&amp;controls=2&amp;showinfo=1\" frameborder=\"0\" allow=\"accelerometer; autoplay; clipboard-write; encrypted-media; gyroscope; picture-in-picture; web-share\" allowfullscreen><\/iframe><\/div>\n<\/div>\n<h3>DOTCMS &#8211; CARATTERISTICHE<\/h3>\n<ul>\n<li id=\"tw-target-text\" class=\"tw-data-text tw-ta tw-text-small\" dir=\"ltr\" data-placeholder=\"Traduzione\"><span lang=\"it\" tabindex=\"0\"><strong>Modelli<\/strong>: crea facilmente tipi di contenuto personalizzati con il sistema drag and drop\u00a0<\/span><\/li>\n<li class=\"tw-data-text tw-ta tw-text-small\" dir=\"ltr\" data-placeholder=\"Traduzione\"><span lang=\"it\" tabindex=\"0\"><strong>Ruoli e permessi<\/strong>: i ruoli e le autorizzazioni personalizzabili mantengono i tuoi contenuti al sicuro e i membri del team produttivi<\/span><\/li>\n<li class=\"tw-data-text tw-ta tw-text-small\" dir=\"ltr\" data-placeholder=\"Traduzione\"><span lang=\"it\" tabindex=\"0\"><strong>API<\/strong>: l&#8217;API e i payload compatti JSON ti offrono il controllo completo su contenuti, risorse, layout e flussi di lavoro<\/span><\/li>\n<li class=\"tw-data-text tw-ta tw-text-small\" dir=\"ltr\" data-placeholder=\"Traduzione\"><span lang=\"it\" tabindex=\"0\"><strong>Flussi di lavoro<\/strong>: crea flussi di lavoro multi-passo con funzionalit\u00e0 come le traduzioni AI e le integrazioni di terze parti<\/span><\/li>\n<li class=\"tw-data-text tw-ta tw-text-small\" dir=\"ltr\" data-placeholder=\"Traduzione\"><span lang=\"it\" tabindex=\"0\"><strong>Servizio Layout<\/strong>: offri agli utenti aziendali la possibilit\u00e0 di gestire i layout e modificare contenuti e risorse nel contesto<\/span><\/li>\n<li class=\"tw-data-text tw-ta tw-text-small\" dir=\"ltr\" data-placeholder=\"Traduzione\"><span lang=\"it\" tabindex=\"0\"><strong>Supporto \u00a0Professionale<\/strong>: ospita i tuoi contenuti sulla piattaforma cloud dotCMS monitorata dai team di progettazione e supporto 24\/7\/365.<\/span><\/li>\n<\/ul>\n<h4>LE RECENSIONI DEGLI UTENTI<\/h4>\n<p><strong>Christopher &#8220;dotCMS \u00e8 un ottimo sistema di gestione dei contenuti&#8221;<\/strong><br \/>\nPro: Adoro il modello di contenuto, che fornisce un modo molto flessibile e potente per modellare i contenuti che compongono il nostro sito web. Mi piace anche la possibilit\u00e0 di adattare il software stesso alle esigenze della nostra azienda attraverso l&#8217;uso di plugin.<br \/>\nContro: L&#8217;amministrazione non \u00e8 banale. Le potenti funzionalit\u00e0 di dotCMS hanno un prezzo che lo rende pi\u00f9 difficile da amministrare a livello tecnico. Richiede pi\u00f9 risorse per funzionare, gli aggiornamenti sono difficili, ecc.<\/p>\n<p><strong>Benjamin &#8220;Dotcms \u00e8 flessibile e facile da usare&#8221;<\/strong><br \/>\nCommenti: Dotcms ci ha servito bene per un&#8217;applicazione intranet. Siamo soddisfatti del prodotto e continueremo a usarlo per il prossimo futuro.<br \/>\nPro: La ragione principale per cui abbiamo scelto dotcms rispetto ad altri prodotti \u00e8 stata la sua capacit\u00e0 di essere personalizzato per adattarsi alle nostre esigenze senza essere eccessivamente complesso. Abbiamo bisogno di un prodotto che le persone senza un background informatico possano navigare e utilizzare. Dotcms rappresenta il meglio di entrambi i mondi per noi.<br \/>\nContro: La sfida pi\u00f9 grande per noi \u00e8 l&#8217;aggiornamento. Ospitiamo la nostra istanza di dotcms e tutti gli aggiornamenti vengono effettuati manualmente. Non sarebbe stato cos\u00ec grave se non avessimo scritto plugin personalizzati.<\/p>\n<p><strong>Ben &#8220;Capacit\u00e0 di essere flessibile&#8221;<\/strong><br \/>\nPro: dotCMS \u00e8 uno strumento potente che pu\u00f2 essere personalizzato in base alle proprie esigenze senza dover modificare il nucleo centrale. Permette di creare contenuti e di utilizzarli in molti modi diversi. Da un sito totalmente privo di headless all&#8217;hosting delle pagine in s\u00e9. \u00c8 possibile adattarlo alle proprie esigenze.<br \/>\nContro: Come ogni CMS, a volte \u00e8 difficile creare template per cose particolari.<\/p>\n","protected":false},"excerpt":{"rendered":"<p>DotCMS \u00e8 un sistema di gestione dei contenuti open source che offre flessibilit\u00e0, sicurezza e scalabilit\u00e0. La community \u00e8 disponibile gratuitamente con la licenza Open Source GPL 3.0 disponibile 7 giorni su 7, 365 giorni l&#8217;anno. DotCMS Cloud \u00e8 stato progettato per le aziende che hanno bisogno di velocit\u00e0, agilit\u00e0 e rapidit\u00e0 di implementazione.<\/p>\n","protected":false},"author":19,"featured_media":16329,"parent":16175,"menu_order":0,"comment_status":"open","ping_status":"closed","template":"g1_template_page_review_new.php","meta":{"_acf_changed":false,"cwp_meta_box_check":"Yes","cwp_rev_product_name":"","cwp_rev_product_image":"","wppr_links":[],"cwp_rev_price":"","wppr_options":[{"name":"Usability","value":"0"},{"name":"Speed","value":"0"},{"name":"Features","value":"0"},{"name":"Support","value":"0"},{"name":"Pricing","value":"0"}],"wppr_pros":["","","","",""],"wppr_cons":["","","","",""],"_monsterinsights_skip_tracking":false,"_monsterinsights_sitenote_active":false,"_monsterinsights_sitenote_note":"","_monsterinsights_sitenote_category":0,"footnotes":""},"categories":[931],"tags":[396,586,936,246,944,942],"features":[],"class_list":{"0":"post-16309","1":"page","2":"type-page","3":"status-publish","4":"has-post-thumbnail","6":"category-cms","7":"tag-cloud","8":"tag-drag-and-drop","9":"tag-gestione-dei-contenuti","10":"tag-open-source","11":"tag-piattaforma-cms","12":"tag-soluzione-cms"},"wppr_data":{"cwp_meta_box_check":"Yes","cwp_rev_product_name":"","_wppr_review_template":"default","cwp_rev_product_image":"","cwp_image_link":"image","wppr_links":[],"cwp_rev_price":"","wppr_pros":["","","","",""],"wppr_cons":["","","","",""],"wppr_rating":"0.00","wppr_options":{"1":{"name":"Usability","value":"0"},"2":{"name":"Speed","value":"0"},"3":{"name":"Features","value":"0"},"4":{"name":"Support","value":"0"},"5":{"name":"Pricing","value":"0"}},"wppr_review_type":"Product","wppr_review_custom_fields":{"additionalProperty":"","additionalType":"","aggregateRating":"","alternateName":"","audience":"","award":"","awards":"","brand":"","color":"","depth":"","description":"","disambiguatingDescription":"","gtin12":"","gtin13":"","gtin14":"","gtin8":"","height":"","identifier":"","image":"","isAccessoryOrSparePartFor":"","isConsumableFor":"","isRelatedTo":"","isSimilarTo":"","itemCondition":"","logo":"","mainEntityOfPage":"","manufacturer":"","material":"","model":"","mpn":"","name":"","offers":"","potentialAction":"","productID":"","productionDate":"","purchaseDate":"","releaseDate":"","review":"","reviews":"","sameAs":"","sku":"","slogan":"","subjectOf":"","url":"","weight":"","width":""}},"acf":[],"yoast_head":"<!-- This site is optimized with the Yoast SEO plugin v27.4 - https:\/\/yoast.com\/product\/yoast-seo-wordpress\/ -->\n<title>DotCMS: recensione soluzione CMS - Accurate Reviews<\/title>\n<meta name=\"description\" content=\"DotCMS: recensione sistema di gestione dei contenuti open source che offre flessibilit\u00e0, sicurezza e scalabilit\u00e0 alle aziende.\" \/>\n<meta name=\"robots\" content=\"index, follow, max-snippet:-1, max-image-preview:large, max-video-preview:-1\" \/>\n<link rel=\"canonical\" href=\"https:\/\/www.accuratereviews.com\/it\/software-cms\/dotcms-recensione\/\" \/>\n<meta property=\"og:locale\" content=\"it_IT\" \/>\n<meta property=\"og:type\" content=\"article\" \/>\n<meta property=\"og:title\" content=\"DotCMS: recensione soluzione CMS - Accurate Reviews\" \/>\n<meta property=\"og:description\" content=\"DotCMS: recensione sistema di gestione dei contenuti open source che offre flessibilit\u00e0, sicurezza e scalabilit\u00e0 alle aziende.\" \/>\n<meta property=\"og:url\" content=\"https:\/\/www.accuratereviews.com\/it\/software-cms\/dotcms-recensione\/\" \/>\n<meta property=\"og:site_name\" content=\"Accurate Reviews\" \/>\n<meta property=\"article:modified_time\" content=\"2023-08-01T09:54:59+00:00\" \/>\n<meta property=\"og:image\" content=\"https:\/\/www.accuratereviews.com\/wp-content\/uploads\/2019\/07\/DotCMS-logo.png\" \/>\n\t<meta property=\"og:image:width\" content=\"1200\" \/>\n\t<meta property=\"og:image:height\" content=\"1200\" \/>\n\t<meta property=\"og:image:type\" content=\"image\/png\" \/>\n<meta name=\"twitter:card\" content=\"summary_large_image\" \/>\n<meta name=\"twitter:label1\" content=\"Tempo di lettura stimato\" \/>\n\t<meta name=\"twitter:data1\" content=\"3 minuti\" \/>\n<script type=\"application\/ld+json\" class=\"yoast-schema-graph\">{\"@context\":\"https:\\\/\\\/schema.org\",\"@graph\":[{\"@type\":\"WebPage\",\"@id\":\"https:\\\/\\\/www.accuratereviews.com\\\/it\\\/software-cms\\\/dotcms-recensione\\\/\",\"url\":\"https:\\\/\\\/www.accuratereviews.com\\\/it\\\/software-cms\\\/dotcms-recensione\\\/\",\"name\":\"DotCMS: recensione soluzione CMS - Accurate Reviews\",\"isPartOf\":{\"@id\":\"https:\\\/\\\/www.accuratereviews.com\\\/it\\\/#website\"},\"primaryImageOfPage\":{\"@id\":\"https:\\\/\\\/www.accuratereviews.com\\\/it\\\/software-cms\\\/dotcms-recensione\\\/#primaryimage\"},\"image\":{\"@id\":\"https:\\\/\\\/www.accuratereviews.com\\\/it\\\/software-cms\\\/dotcms-recensione\\\/#primaryimage\"},\"thumbnailUrl\":\"https:\\\/\\\/www.accuratereviews.com\\\/wp-content\\\/uploads\\\/2019\\\/07\\\/DotCMS-logo.png\",\"datePublished\":\"2019-07-03T11:39:04+00:00\",\"dateModified\":\"2023-08-01T09:54:59+00:00\",\"description\":\"DotCMS: recensione sistema di gestione dei contenuti open source che offre flessibilit\u00e0, sicurezza e scalabilit\u00e0 alle aziende.\",\"breadcrumb\":{\"@id\":\"https:\\\/\\\/www.accuratereviews.com\\\/it\\\/software-cms\\\/dotcms-recensione\\\/#breadcrumb\"},\"inLanguage\":\"it-IT\",\"potentialAction\":[{\"@type\":\"ReadAction\",\"target\":[\"https:\\\/\\\/www.accuratereviews.com\\\/it\\\/software-cms\\\/dotcms-recensione\\\/\"]}]},{\"@type\":\"ImageObject\",\"inLanguage\":\"it-IT\",\"@id\":\"https:\\\/\\\/www.accuratereviews.com\\\/it\\\/software-cms\\\/dotcms-recensione\\\/#primaryimage\",\"url\":\"https:\\\/\\\/www.accuratereviews.com\\\/wp-content\\\/uploads\\\/2019\\\/07\\\/DotCMS-logo.png\",\"contentUrl\":\"https:\\\/\\\/www.accuratereviews.com\\\/wp-content\\\/uploads\\\/2019\\\/07\\\/DotCMS-logo.png\",\"width\":1200,\"height\":1200},{\"@type\":\"BreadcrumbList\",\"@id\":\"https:\\\/\\\/www.accuratereviews.com\\\/it\\\/software-cms\\\/dotcms-recensione\\\/#breadcrumb\",\"itemListElement\":[{\"@type\":\"ListItem\",\"position\":1,\"name\":\"Home\",\"item\":\"https:\\\/\\\/www.accuratereviews.com\\\/it\\\/\"},{\"@type\":\"ListItem\",\"position\":2,\"name\":\"Software CMS\",\"item\":\"https:\\\/\\\/www.accuratereviews.com\\\/it\\\/software-cms\\\/\"},{\"@type\":\"ListItem\",\"position\":3,\"name\":\"DotCMS\"}]},{\"@type\":\"WebSite\",\"@id\":\"https:\\\/\\\/www.accuratereviews.com\\\/it\\\/#website\",\"url\":\"https:\\\/\\\/www.accuratereviews.com\\\/it\\\/\",\"name\":\"Accurate Reviews\",\"description\":\"\",\"potentialAction\":[{\"@type\":\"SearchAction\",\"target\":{\"@type\":\"EntryPoint\",\"urlTemplate\":\"https:\\\/\\\/www.accuratereviews.com\\\/it\\\/?s={search_term_string}\"},\"query-input\":{\"@type\":\"PropertyValueSpecification\",\"valueRequired\":true,\"valueName\":\"search_term_string\"}}],\"inLanguage\":\"it-IT\"}]}<\/script>\n<!-- \/ Yoast SEO plugin. -->","yoast_head_json":{"title":"DotCMS: recensione soluzione CMS - Accurate Reviews","description":"DotCMS: recensione sistema di gestione dei contenuti open source che offre flessibilit\u00e0, sicurezza e scalabilit\u00e0 alle aziende.","robots":{"index":"index","follow":"follow","max-snippet":"max-snippet:-1","max-image-preview":"max-image-preview:large","max-video-preview":"max-video-preview:-1"},"canonical":"https:\/\/www.accuratereviews.com\/it\/software-cms\/dotcms-recensione\/","og_locale":"it_IT","og_type":"article","og_title":"DotCMS: recensione soluzione CMS - Accurate Reviews","og_description":"DotCMS: recensione sistema di gestione dei contenuti open source che offre flessibilit\u00e0, sicurezza e scalabilit\u00e0 alle aziende.","og_url":"https:\/\/www.accuratereviews.com\/it\/software-cms\/dotcms-recensione\/","og_site_name":"Accurate Reviews","article_modified_time":"2023-08-01T09:54:59+00:00","og_image":[{"width":1200,"height":1200,"url":"https:\/\/www.accuratereviews.com\/wp-content\/uploads\/2019\/07\/DotCMS-logo.png","type":"image\/png"}],"twitter_card":"summary_large_image","twitter_misc":{"Tempo di lettura stimato":"3 minuti"},"schema":{"@context":"https:\/\/schema.org","@graph":[{"@type":"WebPage","@id":"https:\/\/www.accuratereviews.com\/it\/software-cms\/dotcms-recensione\/","url":"https:\/\/www.accuratereviews.com\/it\/software-cms\/dotcms-recensione\/","name":"DotCMS: recensione soluzione CMS - Accurate Reviews","isPartOf":{"@id":"https:\/\/www.accuratereviews.com\/it\/#website"},"primaryImageOfPage":{"@id":"https:\/\/www.accuratereviews.com\/it\/software-cms\/dotcms-recensione\/#primaryimage"},"image":{"@id":"https:\/\/www.accuratereviews.com\/it\/software-cms\/dotcms-recensione\/#primaryimage"},"thumbnailUrl":"https:\/\/www.accuratereviews.com\/wp-content\/uploads\/2019\/07\/DotCMS-logo.png","datePublished":"2019-07-03T11:39:04+00:00","dateModified":"2023-08-01T09:54:59+00:00","description":"DotCMS: recensione sistema di gestione dei contenuti open source che offre flessibilit\u00e0, sicurezza e scalabilit\u00e0 alle aziende.","breadcrumb":{"@id":"https:\/\/www.accuratereviews.com\/it\/software-cms\/dotcms-recensione\/#breadcrumb"},"inLanguage":"it-IT","potentialAction":[{"@type":"ReadAction","target":["https:\/\/www.accuratereviews.com\/it\/software-cms\/dotcms-recensione\/"]}]},{"@type":"ImageObject","inLanguage":"it-IT","@id":"https:\/\/www.accuratereviews.com\/it\/software-cms\/dotcms-recensione\/#primaryimage","url":"https:\/\/www.accuratereviews.com\/wp-content\/uploads\/2019\/07\/DotCMS-logo.png","contentUrl":"https:\/\/www.accuratereviews.com\/wp-content\/uploads\/2019\/07\/DotCMS-logo.png","width":1200,"height":1200},{"@type":"BreadcrumbList","@id":"https:\/\/www.accuratereviews.com\/it\/software-cms\/dotcms-recensione\/#breadcrumb","itemListElement":[{"@type":"ListItem","position":1,"name":"Home","item":"https:\/\/www.accuratereviews.com\/it\/"},{"@type":"ListItem","position":2,"name":"Software CMS","item":"https:\/\/www.accuratereviews.com\/it\/software-cms\/"},{"@type":"ListItem","position":3,"name":"DotCMS"}]},{"@type":"WebSite","@id":"https:\/\/www.accuratereviews.com\/it\/#website","url":"https:\/\/www.accuratereviews.com\/it\/","name":"Accurate Reviews","description":"","potentialAction":[{"@type":"SearchAction","target":{"@type":"EntryPoint","urlTemplate":"https:\/\/www.accuratereviews.com\/it\/?s={search_term_string}"},"query-input":{"@type":"PropertyValueSpecification","valueRequired":true,"valueName":"search_term_string"}}],"inLanguage":"it-IT"}]}},"_links":{"self":[{"href":"https:\/\/www.accuratereviews.com\/it\/wp-json\/wp\/v2\/pages\/16309","targetHints":{"allow":["GET"]}}],"collection":[{"href":"https:\/\/www.accuratereviews.com\/it\/wp-json\/wp\/v2\/pages"}],"about":[{"href":"https:\/\/www.accuratereviews.com\/it\/wp-json\/wp\/v2\/types\/page"}],"author":[{"embeddable":true,"href":"https:\/\/www.accuratereviews.com\/it\/wp-json\/wp\/v2\/users\/19"}],"replies":[{"embeddable":true,"href":"https:\/\/www.accuratereviews.com\/it\/wp-json\/wp\/v2\/comments?post=16309"}],"version-history":[{"count":10,"href":"https:\/\/www.accuratereviews.com\/it\/wp-json\/wp\/v2\/pages\/16309\/revisions"}],"predecessor-version":[{"id":71023,"href":"https:\/\/www.accuratereviews.com\/it\/wp-json\/wp\/v2\/pages\/16309\/revisions\/71023"}],"up":[{"embeddable":true,"href":"https:\/\/www.accuratereviews.com\/it\/wp-json\/wp\/v2\/pages\/16175"}],"wp:featuredmedia":[{"embeddable":true,"href":"https:\/\/www.accuratereviews.com\/it\/wp-json\/wp\/v2\/media\/16329"}],"wp:attachment":[{"href":"https:\/\/www.accuratereviews.com\/it\/wp-json\/wp\/v2\/media?parent=16309"}],"wp:term":[{"taxonomy":"category","embeddable":true,"href":"https:\/\/www.accuratereviews.com\/it\/wp-json\/wp\/v2\/categories?post=16309"},{"taxonomy":"post_tag","embeddable":true,"href":"https:\/\/www.accuratereviews.com\/it\/wp-json\/wp\/v2\/tags?post=16309"},{"taxonomy":"features","embeddable":true,"href":"https:\/\/www.accuratereviews.com\/it\/wp-json\/wp\/v2\/features?post=16309"}],"curies":[{"name":"wp","href":"https:\/\/api.w.org\/{rel}","templated":true}]}}