{"id":16324,"date":"2019-07-04T07:18:11","date_gmt":"2019-07-04T07:18:11","guid":{"rendered":"https:\/\/www.accuratereviews.com\/?page_id=16324"},"modified":"2019-09-13T14:26:49","modified_gmt":"2019-09-13T14:26:49","slug":"expressionengine-recensione-2","status":"publish","type":"page","link":"https:\/\/www.accuratereviews.com\/it\/software-cms\/expressionengine-recensione-2\/","title":{"rendered":"ExpressionEngine"},"content":{"rendered":"<p><strong>ExpressionEngine<\/strong> \u00e8 una <strong>soluzione CMS<\/strong> che permette di creare un sito web in poco tempo e in modo semplice. Presenta un&#8217;interfaccia utente davvero intuitiva e risulta essere una delle <strong>piattaforme per la gestione dei contenuti <\/strong>pi\u00f9 semplici da usare, quindi accessibile a chiunque, anche ai meno esperti. Una volta installato il programma, potrai <strong>gestire pi\u00f9 siti web<\/strong> contemporaneamente e inserire i contenuti creando dei canali appositi per il blog, per le notizie, per il forum e per le descrizioni dei prodotti. Si tratta di un <strong>CMS<\/strong>\u00a0davvero popolare all&#8217;estero e meno qui in Italia, questo \u00e8 probabilmente dovuto al fatto che non supporta la lingua italiana e soprattutto perch\u00e9 sia la licenza personale che commerciale \u00e8 a pagamento.<\/p>\n<h2>COME GESTIRE UN SITO WEB CON EXPRESSIONENGINE &#8211; TUTORIAL<\/h2>\n<p>Diamo un&#8217;occhiata a questo video tutorial per comprendere come funziona questo <strong>CMS<\/strong>:<\/p>\n<div id=\"fluid-wrapper-counter-1\" class=\"g1-fluid-wrapper \" style=\"width:686px;\">\n<div style=\"padding-bottom:56.268221574344%;\"><iframe loading=\"lazy\" title=\"Expression Engine Tutorial (2.2.2)\" width=\"515\" height=\"386\" src=\"https:\/\/www.youtube.com\/embed\/FhMM94sopnw?feature=oembed&amp;wmode=transparent&amp;autohide=1&amp;autoplay=0&amp;disablekb=0&amp;fs=1&amp;loop=0&amp;enablejsapi=1&amp;rel=0&amp;controls=2&amp;showinfo=0&amp;wmode=transparent&amp;autohide=2&amp;autoplay=0&amp;disablekb=0&amp;fs=1&amp;loop=0&amp;enablejsapi=1&amp;rel=0&amp;controls=2&amp;showinfo=1\" frameborder=\"0\" allow=\"accelerometer; autoplay; encrypted-media; gyroscope; picture-in-picture\" allowfullscreen><\/iframe><\/div>\n<\/div>\n<h3>EXPRESSIONENGINE &#8211; CARATTERISTICHE<\/h3>\n<p>Di seguito le principali caratteristiche:<\/p>\n<ul>\n<li class=\"p1\"><span class=\"s1\"><strong>Gestione dei contenuti<\/strong>: inserisci i tuoi contenuti creando canali per blog, notizie, descrizioni di prodotti o servizi\u00a0<\/span><\/li>\n<li><strong>Gestione di pi\u00f9 siti<\/strong>: basta una singola installazione per gestire tutti i tuoi siti web contemporaneamente<\/li>\n<li><strong>Strumento di anteprima<\/strong>: visualizza i tuoi contenuti durante la digitazione e dai un&#8217;occhiata all&#8217;anteprima prima di pubblicare<\/li>\n<li><strong>Aggiornamenti veloci<\/strong>: basta un clic per fare gli aggiornamenti<\/li>\n<li><strong>Strumento di autorizzazione dei membri<\/strong>: scegli i ruoli e i permessi di ogni membro e gestisci il tutto dal pannello di controllo<\/li>\n<li><strong>Forum di discussione<\/strong>: crea un modulo forum cos\u00ec da poter costruire una community forte<\/li>\n<li><strong>Estendibile<\/strong>: integra i componenti aggiuntivi cos\u00ec da soddisfare ogni tua esigenza<\/li>\n<li><strong>Compatibile con qualsiasi dispositivo<\/strong><\/li>\n<\/ul>\n","protected":false},"excerpt":{"rendered":"<p>ExpressionEngine \u00e8 una soluzione CMS che permette di creare un sito web in poco tempo e in modo semplice. Presenta un&#8217;interfaccia utente davvero intuitiva e risulta essere una delle piattaforme per la gestione dei contenuti pi\u00f9 semplici da usare.<\/p>\n","protected":false},"author":17,"featured_media":16325,"parent":16175,"menu_order":0,"comment_status":"open","ping_status":"closed","template":"g1_template_page_review_new.php","meta":{"_acf_changed":false,"cwp_meta_box_check":"Yes","cwp_rev_product_name":"","cwp_rev_product_image":"","wppr_links":[],"cwp_rev_price":"","wppr_options":[],"wppr_pros":[],"wppr_cons":[],"_monsterinsights_skip_tracking":false,"_monsterinsights_sitenote_active":false,"_monsterinsights_sitenote_note":"","_monsterinsights_sitenote_category":0,"footnotes":""},"categories":[931],"tags":[946,948,947,944],"features":[],"class_list":{"0":"post-16324","1":"page","2":"type-page","3":"status-publish","4":"has-post-thumbnail","6":"category-cms","7":"tag-cms","8":"tag-gestione-contenuti","9":"tag-inserimento-contenuti","10":"tag-piattaforma-cms"},"wppr_data":{"cwp_meta_box_check":"Yes","cwp_rev_product_name":"","cwp_rev_product_image":"","cwp_image_link":"image","cwp_rev_price":"","wppr_rating":"0.00"},"acf":[],"yoast_head":"<!-- This site is optimized with the Yoast SEO plugin v27.4 - https:\/\/yoast.com\/product\/yoast-seo-wordpress\/ -->\n<title>ExpressionEngine: recensione piattaforma CMS - Accurate Reviews<\/title>\n<meta name=\"description\" content=\"ExpressionEngine: recensione della piattaforma CMS che ti permette di creare un sito web in poco tempo e in modo semplice.\" \/>\n<meta name=\"robots\" content=\"index, follow, max-snippet:-1, max-image-preview:large, max-video-preview:-1\" \/>\n<link rel=\"canonical\" href=\"https:\/\/www.accuratereviews.com\/it\/software-cms\/expressionengine-recensione-2\/\" \/>\n<meta property=\"og:locale\" content=\"it_IT\" \/>\n<meta property=\"og:type\" content=\"article\" \/>\n<meta property=\"og:title\" content=\"ExpressionEngine: recensione piattaforma CMS - Accurate Reviews\" \/>\n<meta property=\"og:description\" content=\"ExpressionEngine: recensione della piattaforma CMS che ti permette di creare un sito web in poco tempo e in modo semplice.\" \/>\n<meta property=\"og:url\" content=\"https:\/\/www.accuratereviews.com\/it\/software-cms\/expressionengine-recensione-2\/\" \/>\n<meta property=\"og:site_name\" content=\"Accurate Reviews\" \/>\n<meta property=\"article:modified_time\" content=\"2019-09-13T14:26:49+00:00\" \/>\n<meta property=\"og:image\" content=\"https:\/\/www.accuratereviews.com\/wp-content\/uploads\/2019\/07\/download.png\" \/>\n\t<meta property=\"og:image:width\" content=\"359\" \/>\n\t<meta property=\"og:image:height\" content=\"140\" \/>\n\t<meta property=\"og:image:type\" content=\"image\/png\" \/>\n<meta name=\"twitter:card\" content=\"summary_large_image\" \/>\n<meta name=\"twitter:label1\" content=\"Tempo di lettura stimato\" \/>\n\t<meta name=\"twitter:data1\" content=\"1 minuto\" \/>\n<script type=\"application\/ld+json\" class=\"yoast-schema-graph\">{\"@context\":\"https:\\\/\\\/schema.org\",\"@graph\":[{\"@type\":\"WebPage\",\"@id\":\"https:\\\/\\\/www.accuratereviews.com\\\/it\\\/software-cms\\\/expressionengine-recensione-2\\\/\",\"url\":\"https:\\\/\\\/www.accuratereviews.com\\\/it\\\/software-cms\\\/expressionengine-recensione-2\\\/\",\"name\":\"ExpressionEngine: recensione piattaforma CMS - Accurate Reviews\",\"isPartOf\":{\"@id\":\"https:\\\/\\\/www.accuratereviews.com\\\/it\\\/#website\"},\"primaryImageOfPage\":{\"@id\":\"https:\\\/\\\/www.accuratereviews.com\\\/it\\\/software-cms\\\/expressionengine-recensione-2\\\/#primaryimage\"},\"image\":{\"@id\":\"https:\\\/\\\/www.accuratereviews.com\\\/it\\\/software-cms\\\/expressionengine-recensione-2\\\/#primaryimage\"},\"thumbnailUrl\":\"https:\\\/\\\/www.accuratereviews.com\\\/wp-content\\\/uploads\\\/2019\\\/07\\\/download.png\",\"datePublished\":\"2019-07-04T07:18:11+00:00\",\"dateModified\":\"2019-09-13T14:26:49+00:00\",\"description\":\"ExpressionEngine: recensione della piattaforma CMS che ti permette di creare un sito web in poco tempo e in modo semplice.\",\"breadcrumb\":{\"@id\":\"https:\\\/\\\/www.accuratereviews.com\\\/it\\\/software-cms\\\/expressionengine-recensione-2\\\/#breadcrumb\"},\"inLanguage\":\"it-IT\",\"potentialAction\":[{\"@type\":\"ReadAction\",\"target\":[\"https:\\\/\\\/www.accuratereviews.com\\\/it\\\/software-cms\\\/expressionengine-recensione-2\\\/\"]}]},{\"@type\":\"ImageObject\",\"inLanguage\":\"it-IT\",\"@id\":\"https:\\\/\\\/www.accuratereviews.com\\\/it\\\/software-cms\\\/expressionengine-recensione-2\\\/#primaryimage\",\"url\":\"https:\\\/\\\/www.accuratereviews.com\\\/wp-content\\\/uploads\\\/2019\\\/07\\\/download.png\",\"contentUrl\":\"https:\\\/\\\/www.accuratereviews.com\\\/wp-content\\\/uploads\\\/2019\\\/07\\\/download.png\",\"width\":359,\"height\":140},{\"@type\":\"BreadcrumbList\",\"@id\":\"https:\\\/\\\/www.accuratereviews.com\\\/it\\\/software-cms\\\/expressionengine-recensione-2\\\/#breadcrumb\",\"itemListElement\":[{\"@type\":\"ListItem\",\"position\":1,\"name\":\"Home\",\"item\":\"https:\\\/\\\/www.accuratereviews.com\\\/it\\\/\"},{\"@type\":\"ListItem\",\"position\":2,\"name\":\"Software CMS\",\"item\":\"https:\\\/\\\/www.accuratereviews.com\\\/it\\\/software-cms\\\/\"},{\"@type\":\"ListItem\",\"position\":3,\"name\":\"ExpressionEngine\"}]},{\"@type\":\"WebSite\",\"@id\":\"https:\\\/\\\/www.accuratereviews.com\\\/it\\\/#website\",\"url\":\"https:\\\/\\\/www.accuratereviews.com\\\/it\\\/\",\"name\":\"Accurate Reviews\",\"description\":\"\",\"potentialAction\":[{\"@type\":\"SearchAction\",\"target\":{\"@type\":\"EntryPoint\",\"urlTemplate\":\"https:\\\/\\\/www.accuratereviews.com\\\/it\\\/?s={search_term_string}\"},\"query-input\":{\"@type\":\"PropertyValueSpecification\",\"valueRequired\":true,\"valueName\":\"search_term_string\"}}],\"inLanguage\":\"it-IT\"}]}<\/script>\n<!-- \/ Yoast SEO plugin. -->","yoast_head_json":{"title":"ExpressionEngine: recensione piattaforma CMS - Accurate Reviews","description":"ExpressionEngine: recensione della piattaforma CMS che ti permette di creare un sito web in poco tempo e in modo semplice.","robots":{"index":"index","follow":"follow","max-snippet":"max-snippet:-1","max-image-preview":"max-image-preview:large","max-video-preview":"max-video-preview:-1"},"canonical":"https:\/\/www.accuratereviews.com\/it\/software-cms\/expressionengine-recensione-2\/","og_locale":"it_IT","og_type":"article","og_title":"ExpressionEngine: recensione piattaforma CMS - Accurate Reviews","og_description":"ExpressionEngine: recensione della piattaforma CMS che ti permette di creare un sito web in poco tempo e in modo semplice.","og_url":"https:\/\/www.accuratereviews.com\/it\/software-cms\/expressionengine-recensione-2\/","og_site_name":"Accurate Reviews","article_modified_time":"2019-09-13T14:26:49+00:00","og_image":[{"width":359,"height":140,"url":"https:\/\/www.accuratereviews.com\/wp-content\/uploads\/2019\/07\/download.png","type":"image\/png"}],"twitter_card":"summary_large_image","twitter_misc":{"Tempo di lettura stimato":"1 minuto"},"schema":{"@context":"https:\/\/schema.org","@graph":[{"@type":"WebPage","@id":"https:\/\/www.accuratereviews.com\/it\/software-cms\/expressionengine-recensione-2\/","url":"https:\/\/www.accuratereviews.com\/it\/software-cms\/expressionengine-recensione-2\/","name":"ExpressionEngine: recensione piattaforma CMS - Accurate Reviews","isPartOf":{"@id":"https:\/\/www.accuratereviews.com\/it\/#website"},"primaryImageOfPage":{"@id":"https:\/\/www.accuratereviews.com\/it\/software-cms\/expressionengine-recensione-2\/#primaryimage"},"image":{"@id":"https:\/\/www.accuratereviews.com\/it\/software-cms\/expressionengine-recensione-2\/#primaryimage"},"thumbnailUrl":"https:\/\/www.accuratereviews.com\/wp-content\/uploads\/2019\/07\/download.png","datePublished":"2019-07-04T07:18:11+00:00","dateModified":"2019-09-13T14:26:49+00:00","description":"ExpressionEngine: recensione della piattaforma CMS che ti permette di creare un sito web in poco tempo e in modo semplice.","breadcrumb":{"@id":"https:\/\/www.accuratereviews.com\/it\/software-cms\/expressionengine-recensione-2\/#breadcrumb"},"inLanguage":"it-IT","potentialAction":[{"@type":"ReadAction","target":["https:\/\/www.accuratereviews.com\/it\/software-cms\/expressionengine-recensione-2\/"]}]},{"@type":"ImageObject","inLanguage":"it-IT","@id":"https:\/\/www.accuratereviews.com\/it\/software-cms\/expressionengine-recensione-2\/#primaryimage","url":"https:\/\/www.accuratereviews.com\/wp-content\/uploads\/2019\/07\/download.png","contentUrl":"https:\/\/www.accuratereviews.com\/wp-content\/uploads\/2019\/07\/download.png","width":359,"height":140},{"@type":"BreadcrumbList","@id":"https:\/\/www.accuratereviews.com\/it\/software-cms\/expressionengine-recensione-2\/#breadcrumb","itemListElement":[{"@type":"ListItem","position":1,"name":"Home","item":"https:\/\/www.accuratereviews.com\/it\/"},{"@type":"ListItem","position":2,"name":"Software CMS","item":"https:\/\/www.accuratereviews.com\/it\/software-cms\/"},{"@type":"ListItem","position":3,"name":"ExpressionEngine"}]},{"@type":"WebSite","@id":"https:\/\/www.accuratereviews.com\/it\/#website","url":"https:\/\/www.accuratereviews.com\/it\/","name":"Accurate Reviews","description":"","potentialAction":[{"@type":"SearchAction","target":{"@type":"EntryPoint","urlTemplate":"https:\/\/www.accuratereviews.com\/it\/?s={search_term_string}"},"query-input":{"@type":"PropertyValueSpecification","valueRequired":true,"valueName":"search_term_string"}}],"inLanguage":"it-IT"}]}},"_links":{"self":[{"href":"https:\/\/www.accuratereviews.com\/it\/wp-json\/wp\/v2\/pages\/16324","targetHints":{"allow":["GET"]}}],"collection":[{"href":"https:\/\/www.accuratereviews.com\/it\/wp-json\/wp\/v2\/pages"}],"about":[{"href":"https:\/\/www.accuratereviews.com\/it\/wp-json\/wp\/v2\/types\/page"}],"author":[{"embeddable":true,"href":"https:\/\/www.accuratereviews.com\/it\/wp-json\/wp\/v2\/users\/17"}],"replies":[{"embeddable":true,"href":"https:\/\/www.accuratereviews.com\/it\/wp-json\/wp\/v2\/comments?post=16324"}],"version-history":[{"count":7,"href":"https:\/\/www.accuratereviews.com\/it\/wp-json\/wp\/v2\/pages\/16324\/revisions"}],"predecessor-version":[{"id":18216,"href":"https:\/\/www.accuratereviews.com\/it\/wp-json\/wp\/v2\/pages\/16324\/revisions\/18216"}],"up":[{"embeddable":true,"href":"https:\/\/www.accuratereviews.com\/it\/wp-json\/wp\/v2\/pages\/16175"}],"wp:featuredmedia":[{"embeddable":true,"href":"https:\/\/www.accuratereviews.com\/it\/wp-json\/wp\/v2\/media\/16325"}],"wp:attachment":[{"href":"https:\/\/www.accuratereviews.com\/it\/wp-json\/wp\/v2\/media?parent=16324"}],"wp:term":[{"taxonomy":"category","embeddable":true,"href":"https:\/\/www.accuratereviews.com\/it\/wp-json\/wp\/v2\/categories?post=16324"},{"taxonomy":"post_tag","embeddable":true,"href":"https:\/\/www.accuratereviews.com\/it\/wp-json\/wp\/v2\/tags?post=16324"},{"taxonomy":"features","embeddable":true,"href":"https:\/\/www.accuratereviews.com\/it\/wp-json\/wp\/v2\/features?post=16324"}],"curies":[{"name":"wp","href":"https:\/\/api.w.org\/{rel}","templated":true}]}}