{"id":16345,"date":"2019-07-04T07:19:53","date_gmt":"2019-07-04T07:19:53","guid":{"rendered":"https:\/\/www.accuratereviews.com\/?page_id=16345"},"modified":"2023-08-01T10:06:50","modified_gmt":"2023-08-01T10:06:50","slug":"kentico-recensione","status":"publish","type":"page","link":"https:\/\/www.accuratereviews.com\/it\/software-cms\/kentico-recensione\/","title":{"rendered":"Kentico"},"content":{"rendered":"<p class=\"tw-data-text tw-ta tw-text-small\" dir=\"ltr\" data-placeholder=\"Traduzione\"><span lang=\"it\" tabindex=\"0\"><strong>Kentico<\/strong> \u00e8 una<strong> soluzione\u00a0di gestione dei contenuti\u00a0<\/strong>ed \u00e8 l&#8217;unica <strong>piattaforma CMS<\/strong> completamente integrata con ASP.NET, l&#8217;ecommerce e altre importanti soluzioni di marketing online. Questo consente ai clienti di creare siti Web all&#8217;avanguardia e ottimizzare le esperienze dei propri clienti digitali su pi\u00f9 canali. Kentico mira a offrire sofisticate funzionalit\u00e0 di marketing digitale a tutte le aziende, indipendentemente dalle loro dimensioni. Attraverso questo software, i clienti possono creare siti web di successo, negozi online, siti di community e intranet che contribuiscono a creare e migliorare la comunicazione tra i membri del team con i loro clienti, contribuendo cos\u00ec a far crescere le loro imprese. <\/span><span lang=\"it\" tabindex=\"0\">La piattaforma \u00e8 semplice e facile da usare e consente agli sviluppatori e agli editori di aggiornare rapidamente il sistema, e utilizzarlo per semplificare le operazioni, e renderli pi\u00f9 efficienti e produttivi. Con un ampio set di funzioni sofisticate e incredibili livelli di personalizzazione, ogni utente pu\u00f2 adattare la tecnologia alla visione aziendale e incoraggiare la creativit\u00e0.<\/span><\/p>\n<h2 dir=\"ltr\" data-placeholder=\"Traduzione\">KENTICO &#8211; TUTORIAL<\/h2>\n<p id=\"tw-target-text\" class=\"tw-data-text tw-ta tw-text-small\" dir=\"ltr\" data-placeholder=\"Traduzione\"><span lang=\"it\" tabindex=\"0\">Con questo video tutorial mostriamo una breve panoramica delle <strong>funzionalit\u00e0 CMS della piattaforma ecommerce e di marketing online<\/strong>:<\/span><\/p>\n<div id=\"fluid-wrapper-counter-1\" class=\"g1-fluid-wrapper \" style=\"width:686px;\">\n<div style=\"padding-bottom:56.268221574344%;\"><iframe loading=\"lazy\" title=\"A Quick demo of Kentico CMS features by profound.\" width=\"686\" height=\"386\" src=\"https:\/\/www.youtube.com\/embed\/-d2YEwXUGiM?feature=oembed&amp;wmode=transparent&amp;autohide=1&amp;autoplay=0&amp;disablekb=0&amp;fs=1&amp;loop=0&amp;enablejsapi=1&amp;rel=0&amp;controls=2&amp;showinfo=0&amp;wmode=transparent&amp;autohide=2&amp;autoplay=0&amp;disablekb=0&amp;fs=1&amp;loop=0&amp;enablejsapi=1&amp;rel=0&amp;controls=2&amp;showinfo=1\" frameborder=\"0\" allow=\"accelerometer; autoplay; clipboard-write; encrypted-media; gyroscope; picture-in-picture; web-share\" allowfullscreen><\/iframe><\/div>\n<\/div>\n<h3>KENTICO &#8211; CARATTERISTICHE<\/h3>\n<ul>\n<li id=\"tw-target-text\" class=\"tw-data-text tw-ta tw-text-small\" dir=\"ltr\" data-placeholder=\"Traduzione\"><span lang=\"it\" tabindex=\"0\">Supporto ASP.NET MVC <\/span><\/li>\n<li class=\"tw-data-text tw-ta tw-text-small\" dir=\"ltr\" data-placeholder=\"Traduzione\"><span lang=\"it\" tabindex=\"0\">Sistema di prenotazione <\/span><\/li>\n<li class=\"tw-data-text tw-ta tw-text-small\" dir=\"ltr\" data-placeholder=\"Traduzione\"><span lang=\"it\" tabindex=\"0\">Gestione documenti <\/span><\/li>\n<li class=\"tw-data-text tw-ta tw-text-small\" dir=\"ltr\" data-placeholder=\"Traduzione\"><span lang=\"it\" tabindex=\"0\">Calendario degli eventi <\/span><\/li>\n<li class=\"tw-data-text tw-ta tw-text-small\" dir=\"ltr\" data-placeholder=\"Traduzione\"><span lang=\"it\" tabindex=\"0\">Editor di immagini <\/span><\/li>\n<li class=\"tw-data-text tw-ta tw-text-small\" dir=\"ltr\" data-placeholder=\"Traduzione\"><span lang=\"it\" tabindex=\"0\">Librerie multimediali <\/span><\/li>\n<li class=\"tw-data-text tw-ta tw-text-small\" dir=\"ltr\" data-placeholder=\"Traduzione\"><span lang=\"it\" tabindex=\"0\">Contenuto multilingue <\/span><\/li>\n<li class=\"tw-data-text tw-ta tw-text-small\" dir=\"ltr\" data-placeholder=\"Traduzione\"><span lang=\"it\" tabindex=\"0\">Gestione di pi\u00f9 siti<\/span><\/li>\n<li class=\"tw-data-text tw-ta tw-text-small\" dir=\"ltr\" data-placeholder=\"Traduzione\"><span lang=\"it\" tabindex=\"0\">Moduli online <\/span><\/li>\n<li class=\"tw-data-text tw-ta tw-text-small\" dir=\"ltr\" data-placeholder=\"Traduzione\"><span lang=\"it\" tabindex=\"0\">Modelli di pagina <\/span><\/li>\n<li class=\"tw-data-text tw-ta tw-text-small\" dir=\"ltr\" data-placeholder=\"Traduzione\"><span lang=\"it\" tabindex=\"0\">SEO<\/span><\/li>\n<li class=\"tw-data-text tw-ta tw-text-small\" dir=\"ltr\" data-placeholder=\"Traduzione\"><span lang=\"it\" tabindex=\"0\"> Gestione della traduzione <\/span><\/li>\n<li class=\"tw-data-text tw-ta tw-text-small\" dir=\"ltr\" data-placeholder=\"Traduzione\"><span lang=\"it\" tabindex=\"0\">Gestione integrata della campagna Social marketing<\/span><\/li>\n<li class=\"tw-data-text tw-ta tw-text-small\" dir=\"ltr\" data-placeholder=\"Traduzione\"><span lang=\"it\" tabindex=\"0\">Web Analytics<\/span><\/li>\n<\/ul>\n<h4>LE RECENSIONI DEGLI UTENTI<\/h4>\n<p><strong>Connor &#8220;Un CMS a tutto tondo&#8221;<\/strong><br \/>\nCommenti: Un CMS molto versatile che permette agli utenti una completa libert\u00e0 di personalizzazione, con un supporto molto veloce.<br \/>\nPro: Kentico \u00e8 un CMS ricco di funzionalit\u00e0, molto facile da usare e sicuramente apprezzato dalla maggior parte dei clienti. Il passaggio a MVC lo rende uno strumento attuale, leggero e potente. Mi piace soprattutto la configurazione personalizzata che \u00e8 possibile ottenere con Kentico, comprese le webparts personalizzate e la configurazione delle pagine.<br \/>\nContro: I prezzi delle licenze sono diventati pi\u00f9 limitati, rendendo pi\u00f9 difficile consigliarlo per le piccole imprese o per i siti web a basso prezzo.<\/p>\n<p><strong>Alson &#8220;Uno dei CMS aziendali pi\u00f9 convenienti&#8221;<\/strong><br \/>\nCommenti: Nel complesso, l&#8217;esperienza \u00e8 relativamente buona ed \u00e8 facilmente estendibile e le integrazioni con altri software sono piuttosto facili.<br \/>\nPro: \u00c8 relativamente economico per essere un CMS di qualit\u00e0 enterprise e, poich\u00e9 \u00e8 scritto in .Net, \u00e8 relativamente facile da estendere.<br \/>\nContro: i servizi offerti mancano di alcune funzionalit\u00e0 integrate, come la cancellazione della cache delle pagine e i costruttori, che dobbiamo scrivere noi stessi.<\/p>\n<p><strong>Irina &#8220;Potente CMS facile da usare&#8221;<\/strong><br \/>\nCommenti: Nel complesso, Kentico \u00e8 un ottimo CMS, intuitivo anche per un amministratore\/content manager non tecnico. Pu\u00f2 essere usato per costruire siti web aziendali piuttosto complessi per diversi settori.<br \/>\nPro: Permette di costruire rapidamente pagine web complesse, dall&#8217;aspetto moderno e reattivo. Ha un flusso di lavoro intuitivo che va dallo staging al sito live. Permette di aggiungere codice personalizzato (html, css, bootstrap). Dispone anche di strumenti per aggiungere metadati alla pagina per migliorare la SEO. \u00c8 possibile creare moduli personalizzati e una sofisticata libreria multimediale. Permette una buona integrazione con fonti di dati estranee.<br \/>\nContro: La creazione di moduli (soprattutto per quanto riguarda il layout e la convalida) potrebbe essere un po&#8217; pesante.<\/p>\n","protected":false},"excerpt":{"rendered":"<p>Kentico \u00e8 una soluzione\u00a0di gestione dei contenuti\u00a0ed \u00e8 \u00a0l&#8217;unica piattaforma CMS completamente integrata con ASP.NET, l&#8217;e-commerce e altre importanti soluzioni di marketing online. Ci\u00f2 consente ai clienti di creare siti Web all&#8217;avanguardia e ottimizzare le esperienze dei propri clienti digitali su pi\u00f9 canali.<\/p>\n","protected":false},"author":19,"featured_media":16347,"parent":16175,"menu_order":0,"comment_status":"open","ping_status":"closed","template":"g1_template_page_review_new.php","meta":{"_acf_changed":false,"cwp_meta_box_check":"Yes","cwp_rev_product_name":"","cwp_rev_product_image":"","wppr_links":[],"cwp_rev_price":"","wppr_options":[{"name":"Usability","value":"0"},{"name":"Speed","value":"0"},{"name":"Features","value":"0"},{"name":"Support","value":"0"},{"name":"Pricing","value":"0"}],"wppr_pros":["","","","",""],"wppr_cons":["","","","",""],"_monsterinsights_skip_tracking":false,"_monsterinsights_sitenote_active":false,"_monsterinsights_sitenote_note":"","_monsterinsights_sitenote_category":0,"footnotes":""},"categories":[931],"tags":[949,665,246,944,932],"features":[],"class_list":{"0":"post-16345","1":"page","2":"type-page","3":"status-publish","4":"has-post-thumbnail","6":"category-cms","7":"tag-asp-net","8":"tag-email-marketing","9":"tag-open-source","10":"tag-piattaforma-cms","11":"tag-sistema-cms"},"wppr_data":{"cwp_meta_box_check":"Yes","cwp_rev_product_name":"","_wppr_review_template":"default","cwp_rev_product_image":"","cwp_image_link":"image","wppr_links":[],"cwp_rev_price":"","wppr_pros":["","","","",""],"wppr_cons":["","","","",""],"wppr_rating":"0.00","wppr_options":{"1":{"name":"Usability","value":"0"},"2":{"name":"Speed","value":"0"},"3":{"name":"Features","value":"0"},"4":{"name":"Support","value":"0"},"5":{"name":"Pricing","value":"0"}},"wppr_review_type":"Product","wppr_review_custom_fields":{"additionalProperty":"","additionalType":"","aggregateRating":"","alternateName":"","audience":"","award":"","awards":"","brand":"","color":"","depth":"","description":"","disambiguatingDescription":"","gtin12":"","gtin13":"","gtin14":"","gtin8":"","height":"","identifier":"","image":"","isAccessoryOrSparePartFor":"","isConsumableFor":"","isRelatedTo":"","isSimilarTo":"","itemCondition":"","logo":"","mainEntityOfPage":"","manufacturer":"","material":"","model":"","mpn":"","name":"","offers":"","potentialAction":"","productID":"","productionDate":"","purchaseDate":"","releaseDate":"","review":"","reviews":"","sameAs":"","sku":"","slogan":"","subjectOf":"","url":"","weight":"","width":""}},"acf":[],"yoast_head":"<!-- This site is optimized with the Yoast SEO plugin v27.4 - https:\/\/yoast.com\/product\/yoast-seo-wordpress\/ -->\n<title>Kentico: recensione piattaforma CMS - Accurate Reviews<\/title>\n<meta name=\"description\" content=\"Kentico: recensione soluzione\u00a0di gestione dei contenuti\u00a0ed \u00e8 \u00a0l&#039;unica piattaforma CMS completamente integrata con ASP.NET per l tua attivit\u00e0.\" \/>\n<meta name=\"robots\" content=\"index, follow, max-snippet:-1, max-image-preview:large, max-video-preview:-1\" \/>\n<link rel=\"canonical\" href=\"https:\/\/www.accuratereviews.com\/it\/software-cms\/kentico-recensione\/\" \/>\n<meta property=\"og:locale\" content=\"it_IT\" \/>\n<meta property=\"og:type\" content=\"article\" \/>\n<meta property=\"og:title\" content=\"Kentico: recensione piattaforma CMS - Accurate Reviews\" \/>\n<meta property=\"og:description\" content=\"Kentico: recensione soluzione\u00a0di gestione dei contenuti\u00a0ed \u00e8 \u00a0l&#039;unica piattaforma CMS completamente integrata con ASP.NET per l tua attivit\u00e0.\" \/>\n<meta property=\"og:url\" content=\"https:\/\/www.accuratereviews.com\/it\/software-cms\/kentico-recensione\/\" \/>\n<meta property=\"og:site_name\" content=\"Accurate Reviews\" \/>\n<meta property=\"article:modified_time\" content=\"2023-08-01T10:06:50+00:00\" \/>\n<meta property=\"og:image\" content=\"https:\/\/www.accuratereviews.com\/wp-content\/uploads\/2019\/07\/kentico.png\" \/>\n\t<meta property=\"og:image:width\" content=\"680\" \/>\n\t<meta property=\"og:image:height\" content=\"238\" \/>\n\t<meta property=\"og:image:type\" content=\"image\/png\" \/>\n<meta name=\"twitter:card\" content=\"summary_large_image\" \/>\n<meta name=\"twitter:label1\" content=\"Tempo di lettura stimato\" \/>\n\t<meta name=\"twitter:data1\" content=\"3 minuti\" \/>\n<script type=\"application\/ld+json\" class=\"yoast-schema-graph\">{\"@context\":\"https:\\\/\\\/schema.org\",\"@graph\":[{\"@type\":\"WebPage\",\"@id\":\"https:\\\/\\\/www.accuratereviews.com\\\/it\\\/software-cms\\\/kentico-recensione\\\/\",\"url\":\"https:\\\/\\\/www.accuratereviews.com\\\/it\\\/software-cms\\\/kentico-recensione\\\/\",\"name\":\"Kentico: recensione piattaforma CMS - Accurate Reviews\",\"isPartOf\":{\"@id\":\"https:\\\/\\\/www.accuratereviews.com\\\/it\\\/#website\"},\"primaryImageOfPage\":{\"@id\":\"https:\\\/\\\/www.accuratereviews.com\\\/it\\\/software-cms\\\/kentico-recensione\\\/#primaryimage\"},\"image\":{\"@id\":\"https:\\\/\\\/www.accuratereviews.com\\\/it\\\/software-cms\\\/kentico-recensione\\\/#primaryimage\"},\"thumbnailUrl\":\"https:\\\/\\\/www.accuratereviews.com\\\/wp-content\\\/uploads\\\/2019\\\/07\\\/kentico.png\",\"datePublished\":\"2019-07-04T07:19:53+00:00\",\"dateModified\":\"2023-08-01T10:06:50+00:00\",\"description\":\"Kentico: recensione soluzione\u00a0di gestione dei contenuti\u00a0ed \u00e8 \u00a0l'unica piattaforma CMS completamente integrata con ASP.NET per l tua attivit\u00e0.\",\"breadcrumb\":{\"@id\":\"https:\\\/\\\/www.accuratereviews.com\\\/it\\\/software-cms\\\/kentico-recensione\\\/#breadcrumb\"},\"inLanguage\":\"it-IT\",\"potentialAction\":[{\"@type\":\"ReadAction\",\"target\":[\"https:\\\/\\\/www.accuratereviews.com\\\/it\\\/software-cms\\\/kentico-recensione\\\/\"]}]},{\"@type\":\"ImageObject\",\"inLanguage\":\"it-IT\",\"@id\":\"https:\\\/\\\/www.accuratereviews.com\\\/it\\\/software-cms\\\/kentico-recensione\\\/#primaryimage\",\"url\":\"https:\\\/\\\/www.accuratereviews.com\\\/wp-content\\\/uploads\\\/2019\\\/07\\\/kentico.png\",\"contentUrl\":\"https:\\\/\\\/www.accuratereviews.com\\\/wp-content\\\/uploads\\\/2019\\\/07\\\/kentico.png\",\"width\":680,\"height\":238},{\"@type\":\"BreadcrumbList\",\"@id\":\"https:\\\/\\\/www.accuratereviews.com\\\/it\\\/software-cms\\\/kentico-recensione\\\/#breadcrumb\",\"itemListElement\":[{\"@type\":\"ListItem\",\"position\":1,\"name\":\"Home\",\"item\":\"https:\\\/\\\/www.accuratereviews.com\\\/it\\\/\"},{\"@type\":\"ListItem\",\"position\":2,\"name\":\"Software CMS\",\"item\":\"https:\\\/\\\/www.accuratereviews.com\\\/it\\\/software-cms\\\/\"},{\"@type\":\"ListItem\",\"position\":3,\"name\":\"Kentico\"}]},{\"@type\":\"WebSite\",\"@id\":\"https:\\\/\\\/www.accuratereviews.com\\\/it\\\/#website\",\"url\":\"https:\\\/\\\/www.accuratereviews.com\\\/it\\\/\",\"name\":\"Accurate Reviews\",\"description\":\"\",\"potentialAction\":[{\"@type\":\"SearchAction\",\"target\":{\"@type\":\"EntryPoint\",\"urlTemplate\":\"https:\\\/\\\/www.accuratereviews.com\\\/it\\\/?s={search_term_string}\"},\"query-input\":{\"@type\":\"PropertyValueSpecification\",\"valueRequired\":true,\"valueName\":\"search_term_string\"}}],\"inLanguage\":\"it-IT\"}]}<\/script>\n<!-- \/ Yoast SEO plugin. -->","yoast_head_json":{"title":"Kentico: recensione piattaforma CMS - Accurate Reviews","description":"Kentico: recensione soluzione\u00a0di gestione dei contenuti\u00a0ed \u00e8 \u00a0l'unica piattaforma CMS completamente integrata con ASP.NET per l tua attivit\u00e0.","robots":{"index":"index","follow":"follow","max-snippet":"max-snippet:-1","max-image-preview":"max-image-preview:large","max-video-preview":"max-video-preview:-1"},"canonical":"https:\/\/www.accuratereviews.com\/it\/software-cms\/kentico-recensione\/","og_locale":"it_IT","og_type":"article","og_title":"Kentico: recensione piattaforma CMS - Accurate Reviews","og_description":"Kentico: recensione soluzione\u00a0di gestione dei contenuti\u00a0ed \u00e8 \u00a0l'unica piattaforma CMS completamente integrata con ASP.NET per l tua attivit\u00e0.","og_url":"https:\/\/www.accuratereviews.com\/it\/software-cms\/kentico-recensione\/","og_site_name":"Accurate Reviews","article_modified_time":"2023-08-01T10:06:50+00:00","og_image":[{"width":680,"height":238,"url":"https:\/\/www.accuratereviews.com\/wp-content\/uploads\/2019\/07\/kentico.png","type":"image\/png"}],"twitter_card":"summary_large_image","twitter_misc":{"Tempo di lettura stimato":"3 minuti"},"schema":{"@context":"https:\/\/schema.org","@graph":[{"@type":"WebPage","@id":"https:\/\/www.accuratereviews.com\/it\/software-cms\/kentico-recensione\/","url":"https:\/\/www.accuratereviews.com\/it\/software-cms\/kentico-recensione\/","name":"Kentico: recensione piattaforma CMS - Accurate Reviews","isPartOf":{"@id":"https:\/\/www.accuratereviews.com\/it\/#website"},"primaryImageOfPage":{"@id":"https:\/\/www.accuratereviews.com\/it\/software-cms\/kentico-recensione\/#primaryimage"},"image":{"@id":"https:\/\/www.accuratereviews.com\/it\/software-cms\/kentico-recensione\/#primaryimage"},"thumbnailUrl":"https:\/\/www.accuratereviews.com\/wp-content\/uploads\/2019\/07\/kentico.png","datePublished":"2019-07-04T07:19:53+00:00","dateModified":"2023-08-01T10:06:50+00:00","description":"Kentico: recensione soluzione\u00a0di gestione dei contenuti\u00a0ed \u00e8 \u00a0l'unica piattaforma CMS completamente integrata con ASP.NET per l tua attivit\u00e0.","breadcrumb":{"@id":"https:\/\/www.accuratereviews.com\/it\/software-cms\/kentico-recensione\/#breadcrumb"},"inLanguage":"it-IT","potentialAction":[{"@type":"ReadAction","target":["https:\/\/www.accuratereviews.com\/it\/software-cms\/kentico-recensione\/"]}]},{"@type":"ImageObject","inLanguage":"it-IT","@id":"https:\/\/www.accuratereviews.com\/it\/software-cms\/kentico-recensione\/#primaryimage","url":"https:\/\/www.accuratereviews.com\/wp-content\/uploads\/2019\/07\/kentico.png","contentUrl":"https:\/\/www.accuratereviews.com\/wp-content\/uploads\/2019\/07\/kentico.png","width":680,"height":238},{"@type":"BreadcrumbList","@id":"https:\/\/www.accuratereviews.com\/it\/software-cms\/kentico-recensione\/#breadcrumb","itemListElement":[{"@type":"ListItem","position":1,"name":"Home","item":"https:\/\/www.accuratereviews.com\/it\/"},{"@type":"ListItem","position":2,"name":"Software CMS","item":"https:\/\/www.accuratereviews.com\/it\/software-cms\/"},{"@type":"ListItem","position":3,"name":"Kentico"}]},{"@type":"WebSite","@id":"https:\/\/www.accuratereviews.com\/it\/#website","url":"https:\/\/www.accuratereviews.com\/it\/","name":"Accurate Reviews","description":"","potentialAction":[{"@type":"SearchAction","target":{"@type":"EntryPoint","urlTemplate":"https:\/\/www.accuratereviews.com\/it\/?s={search_term_string}"},"query-input":{"@type":"PropertyValueSpecification","valueRequired":true,"valueName":"search_term_string"}}],"inLanguage":"it-IT"}]}},"_links":{"self":[{"href":"https:\/\/www.accuratereviews.com\/it\/wp-json\/wp\/v2\/pages\/16345","targetHints":{"allow":["GET"]}}],"collection":[{"href":"https:\/\/www.accuratereviews.com\/it\/wp-json\/wp\/v2\/pages"}],"about":[{"href":"https:\/\/www.accuratereviews.com\/it\/wp-json\/wp\/v2\/types\/page"}],"author":[{"embeddable":true,"href":"https:\/\/www.accuratereviews.com\/it\/wp-json\/wp\/v2\/users\/19"}],"replies":[{"embeddable":true,"href":"https:\/\/www.accuratereviews.com\/it\/wp-json\/wp\/v2\/comments?post=16345"}],"version-history":[{"count":12,"href":"https:\/\/www.accuratereviews.com\/it\/wp-json\/wp\/v2\/pages\/16345\/revisions"}],"predecessor-version":[{"id":71027,"href":"https:\/\/www.accuratereviews.com\/it\/wp-json\/wp\/v2\/pages\/16345\/revisions\/71027"}],"up":[{"embeddable":true,"href":"https:\/\/www.accuratereviews.com\/it\/wp-json\/wp\/v2\/pages\/16175"}],"wp:featuredmedia":[{"embeddable":true,"href":"https:\/\/www.accuratereviews.com\/it\/wp-json\/wp\/v2\/media\/16347"}],"wp:attachment":[{"href":"https:\/\/www.accuratereviews.com\/it\/wp-json\/wp\/v2\/media?parent=16345"}],"wp:term":[{"taxonomy":"category","embeddable":true,"href":"https:\/\/www.accuratereviews.com\/it\/wp-json\/wp\/v2\/categories?post=16345"},{"taxonomy":"post_tag","embeddable":true,"href":"https:\/\/www.accuratereviews.com\/it\/wp-json\/wp\/v2\/tags?post=16345"},{"taxonomy":"features","embeddable":true,"href":"https:\/\/www.accuratereviews.com\/it\/wp-json\/wp\/v2\/features?post=16345"}],"curies":[{"name":"wp","href":"https:\/\/api.w.org\/{rel}","templated":true}]}}