{"id":16367,"date":"2019-07-05T10:57:27","date_gmt":"2019-07-05T10:57:27","guid":{"rendered":"https:\/\/www.accuratereviews.com\/?page_id=16367"},"modified":"2023-08-01T14:19:14","modified_gmt":"2023-08-01T14:19:14","slug":"xoops-recensione","status":"publish","type":"page","link":"https:\/\/www.accuratereviews.com\/it\/software-cms\/xoops-recensione\/","title":{"rendered":"XOOPS"},"content":{"rendered":"<p><strong>XOOPS<\/strong> \u00e8 un sistema di <strong>gestione dei contenuti<\/strong> che ti consente di sviluppare ottimi siti web in modo veloce e gratuito. \u00c8 una <strong>piattaforma CMS<\/strong> dinamica, facile da usare e <strong>open source<\/strong>, che offre la possibilit\u00e0 di apportare qualsiasi modifica si voglia fare purch\u00e9 si rispettino i termini di distribuzione della GPL. \u00c8 ideale per creare siti web di piccole e grandi dimensioni, portali aziendali, blog e molto altro; si pu\u00f2 scegliere infatti di eseguire un&#8217;<strong>installazione standard<\/strong> nel caso in cui si voglia creare un weblog, sfruttando unicamente il suo modulo &#8220;notizie&#8221; oppure creare un sito pi\u00f9 articolato che comprenda anche il modulo &#8220;forum&#8221;, &#8220;download&#8221;, &#8220;collegamenti web&#8221; e via dicendo. Le possibilit\u00e0 di personalizzazione di questo <strong>CMS<\/strong> sono davvero moltissime grazie all&#8217;ampia raccolta di temi che permette agli amministratori e anche agli utenti di scegliere l&#8217;aspetto del sito web.<\/p>\n<h2>COME INSTALLARE XOOPS &#8211; TUTORIAL<\/h2>\n<p>Diamo un&#8217;occhiata a questo video tutorial per l&#8217;installazione:<\/p>\n<div id=\"fluid-wrapper-counter-1\" class=\"g1-fluid-wrapper \" style=\"width:686px;\">\n<div style=\"padding-bottom:56.268221574344%;\"><iframe loading=\"lazy\" title=\"XOOPS Academy Tutorial: Module Installer\" width=\"686\" height=\"386\" src=\"https:\/\/www.youtube.com\/embed\/d7zW5oaQGbA?feature=oembed&amp;wmode=transparent&amp;autohide=1&amp;autoplay=0&amp;disablekb=0&amp;fs=1&amp;loop=0&amp;enablejsapi=1&amp;rel=0&amp;controls=2&amp;showinfo=0&amp;wmode=transparent&amp;autohide=2&amp;autoplay=0&amp;disablekb=0&amp;fs=1&amp;loop=0&amp;enablejsapi=1&amp;rel=0&amp;controls=2&amp;showinfo=1\" frameborder=\"0\" allow=\"accelerometer; autoplay; clipboard-write; encrypted-media; gyroscope; picture-in-picture; web-share\" allowfullscreen><\/iframe><\/div>\n<\/div>\n<h3>XOOPS &#8211; CARATTERISTICHE<\/h3>\n<p>Di seguito le sue principali caratteristiche:<\/p>\n<ul>\n<li><strong>Database MySQL<\/strong>: utilizza un database relazionale veloce ed efficiente per inserire e memorizzare tutti i dati<\/li>\n<li><strong>Strutturato in moduli<\/strong>: puoi installare e utilizzare determinati moduli o puoi decidere di disinstallarli, attivarli o disattivarli con un semplice clic<\/li>\n<li><strong>Personalizzazione<\/strong>: scegli l&#8217;intera impostazione del tuo sito, modificando i profili, selezionando i temi migliori, caricando avatar ecc.<\/li>\n<li><strong>Gestione degli utenti<\/strong>: utilizza un sistema di messaggistica basato su modelli che ti permetta di comunicare in modo efficace con gli utenti<\/li>\n<li><strong>Sistema di amministrazione<\/strong>: imposta autorizzazioni di gruppo in modo semplice e intuitivo<\/li>\n<li><strong>Design del sito<\/strong>: cambia l&#8217;intero aspetto del tuo sito scegliendo tra i numerosi temi disponibili<\/li>\n<li><strong>Supporto multilingua<\/strong>: disponibile anche in giapponese, cinese semplificato e tradizionale, coreano ecc&#8230;<\/li>\n<\/ul>\n","protected":false},"excerpt":{"rendered":"<p>XOOPS \u00e8 un sistema di gestione dei contenuti che ti consente di sviluppare ottimi siti web in modo veloce e gratuito. \u00c8 una piattaforma CMS dinamica, facile da usare e open source, quindi offre la possibilit\u00e0 di apportare qualsiasi modifica si voglia fare purch\u00e9 si rispettino i termini di distribuzione della GPL.<\/p>\n","protected":false},"author":17,"featured_media":16368,"parent":16175,"menu_order":0,"comment_status":"open","ping_status":"closed","template":"g1_template_page_review_new.php","meta":{"_acf_changed":false,"cwp_meta_box_check":"Yes","cwp_rev_product_name":"","cwp_rev_product_image":"","wppr_links":[],"cwp_rev_price":"","wppr_options":[{"name":"Usability","value":"0"},{"name":"Speed","value":"0"},{"name":"Features","value":"0"},{"name":"Support","value":"0"},{"name":"Pricing","value":"0"}],"wppr_pros":["","","","",""],"wppr_cons":["","","","",""],"_monsterinsights_skip_tracking":false,"_monsterinsights_sitenote_active":false,"_monsterinsights_sitenote_note":"","_monsterinsights_sitenote_category":0,"footnotes":""},"categories":[931],"tags":[950,948,246,934,932],"features":[],"class_list":{"0":"post-16367","1":"page","2":"type-page","3":"status-publish","4":"has-post-thumbnail","6":"category-cms","7":"tag-cms-software","8":"tag-gestione-contenuti","9":"tag-open-source","10":"tag-programma-cms","11":"tag-sistema-cms"},"wppr_data":{"cwp_meta_box_check":"Yes","cwp_rev_product_name":"","_wppr_review_template":"default","cwp_rev_product_image":"","cwp_image_link":"image","wppr_links":[],"cwp_rev_price":"","wppr_pros":["","","","",""],"wppr_cons":["","","","",""],"wppr_rating":"0.00","wppr_options":{"1":{"name":"Usability","value":"0"},"2":{"name":"Speed","value":"0"},"3":{"name":"Features","value":"0"},"4":{"name":"Support","value":"0"},"5":{"name":"Pricing","value":"0"}},"wppr_review_type":"Product","wppr_review_custom_fields":{"additionalProperty":"","additionalType":"","aggregateRating":"","alternateName":"","audience":"","award":"","awards":"","brand":"","color":"","depth":"","description":"","disambiguatingDescription":"","gtin12":"","gtin13":"","gtin14":"","gtin8":"","height":"","identifier":"","image":"","isAccessoryOrSparePartFor":"","isConsumableFor":"","isRelatedTo":"","isSimilarTo":"","itemCondition":"","logo":"","mainEntityOfPage":"","manufacturer":"","material":"","model":"","mpn":"","name":"","offers":"","potentialAction":"","productID":"","productionDate":"","purchaseDate":"","releaseDate":"","review":"","reviews":"","sameAs":"","sku":"","slogan":"","subjectOf":"","url":"","weight":"","width":""}},"acf":[],"yoast_head":"<!-- This site is optimized with the Yoast SEO plugin v27.4 - https:\/\/yoast.com\/product\/yoast-seo-wordpress\/ -->\n<title>XOOPS: recenione piattaforma CMS - Accurate Reviews<\/title>\n<meta name=\"description\" content=\"XOOPS: recensione del sistema di gestione dei contenuti che ti consente di sviluppare ottimi siti web in modo veloce e gratuito.\" \/>\n<meta name=\"robots\" content=\"index, follow, max-snippet:-1, max-image-preview:large, max-video-preview:-1\" \/>\n<link rel=\"canonical\" href=\"https:\/\/www.accuratereviews.com\/it\/software-cms\/xoops-recensione\/\" \/>\n<meta property=\"og:locale\" content=\"it_IT\" \/>\n<meta property=\"og:type\" content=\"article\" \/>\n<meta property=\"og:title\" content=\"XOOPS: recenione piattaforma CMS - Accurate Reviews\" \/>\n<meta property=\"og:description\" content=\"XOOPS: recensione del sistema di gestione dei contenuti che ti consente di sviluppare ottimi siti web in modo veloce e gratuito.\" \/>\n<meta property=\"og:url\" content=\"https:\/\/www.accuratereviews.com\/it\/software-cms\/xoops-recensione\/\" \/>\n<meta property=\"og:site_name\" content=\"Accurate Reviews\" \/>\n<meta property=\"article:modified_time\" content=\"2023-08-01T14:19:14+00:00\" \/>\n<meta property=\"og:image\" content=\"https:\/\/www.accuratereviews.com\/wp-content\/uploads\/2019\/07\/xoops.png\" \/>\n\t<meta property=\"og:image:width\" content=\"300\" \/>\n\t<meta property=\"og:image:height\" content=\"128\" \/>\n\t<meta property=\"og:image:type\" content=\"image\/png\" \/>\n<meta name=\"twitter:card\" content=\"summary_large_image\" \/>\n<meta name=\"twitter:label1\" content=\"Tempo di lettura stimato\" \/>\n\t<meta name=\"twitter:data1\" content=\"2 minuti\" \/>\n<script type=\"application\/ld+json\" class=\"yoast-schema-graph\">{\"@context\":\"https:\\\/\\\/schema.org\",\"@graph\":[{\"@type\":\"WebPage\",\"@id\":\"https:\\\/\\\/www.accuratereviews.com\\\/it\\\/software-cms\\\/xoops-recensione\\\/\",\"url\":\"https:\\\/\\\/www.accuratereviews.com\\\/it\\\/software-cms\\\/xoops-recensione\\\/\",\"name\":\"XOOPS: recenione piattaforma CMS - Accurate Reviews\",\"isPartOf\":{\"@id\":\"https:\\\/\\\/www.accuratereviews.com\\\/it\\\/#website\"},\"primaryImageOfPage\":{\"@id\":\"https:\\\/\\\/www.accuratereviews.com\\\/it\\\/software-cms\\\/xoops-recensione\\\/#primaryimage\"},\"image\":{\"@id\":\"https:\\\/\\\/www.accuratereviews.com\\\/it\\\/software-cms\\\/xoops-recensione\\\/#primaryimage\"},\"thumbnailUrl\":\"https:\\\/\\\/www.accuratereviews.com\\\/wp-content\\\/uploads\\\/2019\\\/07\\\/xoops.png\",\"datePublished\":\"2019-07-05T10:57:27+00:00\",\"dateModified\":\"2023-08-01T14:19:14+00:00\",\"description\":\"XOOPS: recensione del sistema di gestione dei contenuti che ti consente di sviluppare ottimi siti web in modo veloce e gratuito.\",\"breadcrumb\":{\"@id\":\"https:\\\/\\\/www.accuratereviews.com\\\/it\\\/software-cms\\\/xoops-recensione\\\/#breadcrumb\"},\"inLanguage\":\"it-IT\",\"potentialAction\":[{\"@type\":\"ReadAction\",\"target\":[\"https:\\\/\\\/www.accuratereviews.com\\\/it\\\/software-cms\\\/xoops-recensione\\\/\"]}]},{\"@type\":\"ImageObject\",\"inLanguage\":\"it-IT\",\"@id\":\"https:\\\/\\\/www.accuratereviews.com\\\/it\\\/software-cms\\\/xoops-recensione\\\/#primaryimage\",\"url\":\"https:\\\/\\\/www.accuratereviews.com\\\/wp-content\\\/uploads\\\/2019\\\/07\\\/xoops.png\",\"contentUrl\":\"https:\\\/\\\/www.accuratereviews.com\\\/wp-content\\\/uploads\\\/2019\\\/07\\\/xoops.png\",\"width\":300,\"height\":128},{\"@type\":\"BreadcrumbList\",\"@id\":\"https:\\\/\\\/www.accuratereviews.com\\\/it\\\/software-cms\\\/xoops-recensione\\\/#breadcrumb\",\"itemListElement\":[{\"@type\":\"ListItem\",\"position\":1,\"name\":\"Home\",\"item\":\"https:\\\/\\\/www.accuratereviews.com\\\/it\\\/\"},{\"@type\":\"ListItem\",\"position\":2,\"name\":\"Software CMS\",\"item\":\"https:\\\/\\\/www.accuratereviews.com\\\/it\\\/software-cms\\\/\"},{\"@type\":\"ListItem\",\"position\":3,\"name\":\"XOOPS\"}]},{\"@type\":\"WebSite\",\"@id\":\"https:\\\/\\\/www.accuratereviews.com\\\/it\\\/#website\",\"url\":\"https:\\\/\\\/www.accuratereviews.com\\\/it\\\/\",\"name\":\"Accurate Reviews\",\"description\":\"\",\"potentialAction\":[{\"@type\":\"SearchAction\",\"target\":{\"@type\":\"EntryPoint\",\"urlTemplate\":\"https:\\\/\\\/www.accuratereviews.com\\\/it\\\/?s={search_term_string}\"},\"query-input\":{\"@type\":\"PropertyValueSpecification\",\"valueRequired\":true,\"valueName\":\"search_term_string\"}}],\"inLanguage\":\"it-IT\"}]}<\/script>\n<!-- \/ Yoast SEO plugin. -->","yoast_head_json":{"title":"XOOPS: recenione piattaforma CMS - Accurate Reviews","description":"XOOPS: recensione del sistema di gestione dei contenuti che ti consente di sviluppare ottimi siti web in modo veloce e gratuito.","robots":{"index":"index","follow":"follow","max-snippet":"max-snippet:-1","max-image-preview":"max-image-preview:large","max-video-preview":"max-video-preview:-1"},"canonical":"https:\/\/www.accuratereviews.com\/it\/software-cms\/xoops-recensione\/","og_locale":"it_IT","og_type":"article","og_title":"XOOPS: recenione piattaforma CMS - Accurate Reviews","og_description":"XOOPS: recensione del sistema di gestione dei contenuti che ti consente di sviluppare ottimi siti web in modo veloce e gratuito.","og_url":"https:\/\/www.accuratereviews.com\/it\/software-cms\/xoops-recensione\/","og_site_name":"Accurate Reviews","article_modified_time":"2023-08-01T14:19:14+00:00","og_image":[{"width":300,"height":128,"url":"https:\/\/www.accuratereviews.com\/wp-content\/uploads\/2019\/07\/xoops.png","type":"image\/png"}],"twitter_card":"summary_large_image","twitter_misc":{"Tempo di lettura stimato":"2 minuti"},"schema":{"@context":"https:\/\/schema.org","@graph":[{"@type":"WebPage","@id":"https:\/\/www.accuratereviews.com\/it\/software-cms\/xoops-recensione\/","url":"https:\/\/www.accuratereviews.com\/it\/software-cms\/xoops-recensione\/","name":"XOOPS: recenione piattaforma CMS - Accurate Reviews","isPartOf":{"@id":"https:\/\/www.accuratereviews.com\/it\/#website"},"primaryImageOfPage":{"@id":"https:\/\/www.accuratereviews.com\/it\/software-cms\/xoops-recensione\/#primaryimage"},"image":{"@id":"https:\/\/www.accuratereviews.com\/it\/software-cms\/xoops-recensione\/#primaryimage"},"thumbnailUrl":"https:\/\/www.accuratereviews.com\/wp-content\/uploads\/2019\/07\/xoops.png","datePublished":"2019-07-05T10:57:27+00:00","dateModified":"2023-08-01T14:19:14+00:00","description":"XOOPS: recensione del sistema di gestione dei contenuti che ti consente di sviluppare ottimi siti web in modo veloce e gratuito.","breadcrumb":{"@id":"https:\/\/www.accuratereviews.com\/it\/software-cms\/xoops-recensione\/#breadcrumb"},"inLanguage":"it-IT","potentialAction":[{"@type":"ReadAction","target":["https:\/\/www.accuratereviews.com\/it\/software-cms\/xoops-recensione\/"]}]},{"@type":"ImageObject","inLanguage":"it-IT","@id":"https:\/\/www.accuratereviews.com\/it\/software-cms\/xoops-recensione\/#primaryimage","url":"https:\/\/www.accuratereviews.com\/wp-content\/uploads\/2019\/07\/xoops.png","contentUrl":"https:\/\/www.accuratereviews.com\/wp-content\/uploads\/2019\/07\/xoops.png","width":300,"height":128},{"@type":"BreadcrumbList","@id":"https:\/\/www.accuratereviews.com\/it\/software-cms\/xoops-recensione\/#breadcrumb","itemListElement":[{"@type":"ListItem","position":1,"name":"Home","item":"https:\/\/www.accuratereviews.com\/it\/"},{"@type":"ListItem","position":2,"name":"Software CMS","item":"https:\/\/www.accuratereviews.com\/it\/software-cms\/"},{"@type":"ListItem","position":3,"name":"XOOPS"}]},{"@type":"WebSite","@id":"https:\/\/www.accuratereviews.com\/it\/#website","url":"https:\/\/www.accuratereviews.com\/it\/","name":"Accurate Reviews","description":"","potentialAction":[{"@type":"SearchAction","target":{"@type":"EntryPoint","urlTemplate":"https:\/\/www.accuratereviews.com\/it\/?s={search_term_string}"},"query-input":{"@type":"PropertyValueSpecification","valueRequired":true,"valueName":"search_term_string"}}],"inLanguage":"it-IT"}]}},"_links":{"self":[{"href":"https:\/\/www.accuratereviews.com\/it\/wp-json\/wp\/v2\/pages\/16367","targetHints":{"allow":["GET"]}}],"collection":[{"href":"https:\/\/www.accuratereviews.com\/it\/wp-json\/wp\/v2\/pages"}],"about":[{"href":"https:\/\/www.accuratereviews.com\/it\/wp-json\/wp\/v2\/types\/page"}],"author":[{"embeddable":true,"href":"https:\/\/www.accuratereviews.com\/it\/wp-json\/wp\/v2\/users\/17"}],"replies":[{"embeddable":true,"href":"https:\/\/www.accuratereviews.com\/it\/wp-json\/wp\/v2\/comments?post=16367"}],"version-history":[{"count":9,"href":"https:\/\/www.accuratereviews.com\/it\/wp-json\/wp\/v2\/pages\/16367\/revisions"}],"predecessor-version":[{"id":71042,"href":"https:\/\/www.accuratereviews.com\/it\/wp-json\/wp\/v2\/pages\/16367\/revisions\/71042"}],"up":[{"embeddable":true,"href":"https:\/\/www.accuratereviews.com\/it\/wp-json\/wp\/v2\/pages\/16175"}],"wp:featuredmedia":[{"embeddable":true,"href":"https:\/\/www.accuratereviews.com\/it\/wp-json\/wp\/v2\/media\/16368"}],"wp:attachment":[{"href":"https:\/\/www.accuratereviews.com\/it\/wp-json\/wp\/v2\/media?parent=16367"}],"wp:term":[{"taxonomy":"category","embeddable":true,"href":"https:\/\/www.accuratereviews.com\/it\/wp-json\/wp\/v2\/categories?post=16367"},{"taxonomy":"post_tag","embeddable":true,"href":"https:\/\/www.accuratereviews.com\/it\/wp-json\/wp\/v2\/tags?post=16367"},{"taxonomy":"features","embeddable":true,"href":"https:\/\/www.accuratereviews.com\/it\/wp-json\/wp\/v2\/features?post=16367"}],"curies":[{"name":"wp","href":"https:\/\/api.w.org\/{rel}","templated":true}]}}