{"id":16377,"date":"2019-07-04T11:14:19","date_gmt":"2019-07-04T11:14:19","guid":{"rendered":"https:\/\/www.accuratereviews.com\/?page_id=16377"},"modified":"2023-08-01T13:35:31","modified_gmt":"2023-08-01T13:35:31","slug":"magnolia-cms-recensione","status":"publish","type":"page","link":"https:\/\/www.accuratereviews.com\/it\/software-cms\/magnolia-cms-recensione\/","title":{"rendered":"Magnolia CMS"},"content":{"rendered":"<p class=\"tw-data-text tw-ta tw-text-small\" dir=\"ltr\" data-placeholder=\"Traduzione\"><span lang=\"it\" tabindex=\"0\"><strong>Magnolia CMS<\/strong> \u00e8 una soluzione di <strong>gestione dei contenuti<\/strong> aziendali progettata per fornire agli utenti strumenti e funzionalit\u00e0 multicanale, multilingue e multisito. Questa piattaforma consente alle aziende di creare contenuti digitali e organizzare e implementare iniziative di marketing e vendite digitali in modo che possiate connettervi con i vostri clienti attraverso piattaforme mobili. Con <strong>Magnolia CMS<\/strong>, hai il potere di connettere e coinvolgere i tuoi clienti ovunque si trovino. Con la sua dashboard user-friendly, puoi lavorare in modo veloce e utilizzare analisi dei dati e approfondimenti per guidare la crescita del business.\u00a0<\/span><span lang=\"it\" tabindex=\"0\">Il potente back-end consente agli sviluppatori Java di utilizzare appieno la potenza illimitata di Magnolia per personalizzare e adattare la piattaforma alle proprie esigenze e preferenze.<\/span><\/p>\n<h2 dir=\"ltr\" data-placeholder=\"Traduzione\"><strong>MAGNOLIA CMS &#8211; TUTORIAL<\/strong><\/h2>\n<p id=\"tw-target-text\" class=\"tw-data-text tw-ta tw-text-small\" dir=\"ltr\" data-placeholder=\"Traduzione\"><span lang=\"it\" tabindex=\"0\">Questo tutorial spiega come creare, modificare e visualizzare in anteprima le pagine con questo CMS:<\/span><\/p>\n<div id=\"fluid-wrapper-counter-1\" class=\"g1-fluid-wrapper \" style=\"width:686px;\">\n<div style=\"padding-bottom:56.268221574344%;\"><iframe loading=\"lazy\" title=\"Content Authoring with Magnolia\" width=\"686\" height=\"386\" src=\"https:\/\/www.youtube.com\/embed\/v6UmoBhN1nA?list=PLxHBbwVVoCobhqu2aG0dd9cBSfLxRtjrH\" frameborder=\"0\" allow=\"accelerometer; autoplay; clipboard-write; encrypted-media; gyroscope; picture-in-picture; web-share\" allowfullscreen><\/iframe><\/div>\n<\/div>\n<h3>MAGNOLIA CMS &#8211; CARATTERISTICHE<\/h3>\n<ul>\n<li><strong>Funzionalit\u00e0 CMS di base:<\/strong> comprende editing online istantaneo, interfaccia utente basata su browser, indirizzi web &#8220;human-readable&#8221;, gestione documentale integrata, gestione degli utenti basata su ruoli, ricerca full-text, interfaccia utente multilingue, versioning, workflow, e altro ancora<\/li>\n<li><strong>Contenuti generati dagli utenti (User Generated Content): <\/strong>vari strumenti di &#8220;social-collaboration&#8221; come forum, commenti e registrazione degli utenti. I contenuti generati dagli utenti possono essere messi in cluster tra server multipli per avere la massima scalabilit\u00e0<\/li>\n<li><strong>Gestione dei Contenuti Digitali (Digital Asset Management): <\/strong>immagini, audio e video possono essere inseriti direttamente in qualsiasi pagina creata con Magnolia grazie alla tecnologia Digital Asset Management (DAM)<\/li>\n<li><strong>Templating Kit: <\/strong>fornisce un kit completo per la realizzazione di siti web pronti per la produzione che \u00e8, al tempo stesso, una &#8220;best practice&#8221; per costruire i propri template. I blocchi costitutivi di questo kit coprono un ampio insieme di funzionalit\u00e0 gi\u00e0 pronte e di casi d&#8217;uso. In tal modo si riducono in maniera significativa tempi e rischi della costruzione di un sito web, mantenendo nel contempo, la massima libert\u00e0 nella scelta di funzionalit\u00e0 e design<\/li>\n<li><strong>Accessibilit\u00e0: <\/strong>il templating kit segue le linee guida per l&#8217;accessibilit\u00e0 ai contenuti web del W3C (WCAG2), cos\u00ec come quelle del BITV tedesco<\/li>\n<li><strong>SEO (Search Engine Optimization): <\/strong>in fatto di SEO, Magnolia segue le &#8220;best practice&#8221; e gli standard de facto del web. Genera un HTML pulito e URL leggibili, consentendo di gestire in maniera semplice short-cut e meta dati di marketing<\/li>\n<li><strong>Integrazione di livello enterprise:\u00a0<\/strong>utilizza la piattaforma Java e fornisce numerosi moduli per l&#8217;utilizzo di framework come struts, spring, stripes e wicket che semplificano l&#8217;integrazione applicativa. Inoltre, Magnolia supporta JAAS (lo standard Java per l&#8217;autenticazione e l&#8217;autorizzazione degli utenti). Ci\u00f2 permette di appoggiarsi ad un&#8217;infrastruttura gi\u00e0 in essere per la gestione degli utenti basata su LDAP o Active Directory, oppure di fornire funzionalit\u00e0 di Single Sign-on.<\/li>\n<li><strong>Scalabilit\u00e0: <\/strong>piattaforma\u00a0per la pubblicazione dei contenuti che permette al vostro sito la massima scalabilit\u00e0. Quando la pubblicazione avviene verso server pubblici multipli, l&#8217;attivazione transazionale assicura l&#8217;integrit\u00e0 dei contenuti. Una sofisticata API consente di definire strategie di caching ad altissime prestazioni specifiche per il vostro sito.<\/li>\n<li><strong>Deployment professionale: i<\/strong>l &#8220;package manager&#8221; permette agli sviluppatori di avere il pieno controllo sulla installazione degli aggiornamenti, l&#8217;aggiunta di nuove funzionalit\u00e0 e la creazione di backup personalizzati. Grazie alla creazione e alla gestione di package standardizzati, \u00e8 possibile effettuare senza rischi deploy di modifiche verso istanze di Magnolia, anche in scenari &#8220;multi-staging&#8221;. I backup programmati consentono di effettuare una copia di sicurezza di tutti i contenuti gestiti da Magnolia<\/li>\n<li><strong>Pubblicazione e aggregazione di contenuti: <\/strong>\u00e8\u00a0facile pubblicare e inserire contenuti multimediali attraverso canali multipli. Un feed RSS pu\u00f2 essere generato per ogni pagina creata in Magnolia CMS. Inoltre, Magnolia \u00e8 in grado di aggregare e mettere in cache feed RSS esterni e includerli in qualsiasi pagina web.<\/li>\n<\/ul>\n<h4>LE RECENSIONI DEGLI UTENTI<\/h4>\n<p><strong>Le Vin &#8220;Pochi problemi nel corso degli anni&#8221;<\/strong><br \/>\nPro: Come persona che aveva gi\u00e0 utilizzato altri CMS, Magnolia \u00e8 molto facile da capire e da usare. Negli ultimi 6 anni, non c&#8217;\u00e8 stata quasi nessuna occasione in cui abbiamo avuto bisogno del servizio di assistenza: abbiamo sempre risolto i problemi internamente.<br \/>\nContro: Il nostro sito web \u00e8 codificato in modo tale che l&#8217;utilizzo al di l\u00e0 delle impostazioni standard richiede la creazione di nuovi modelli o la modifica delle impostazioni da parte di uno sviluppatore.<\/p>\n<p><strong>Matteo &#8220;Tool di CMS affidabile.&#8221;<\/strong><br \/>\nCommenti: Esperienza positiva sicuramente, ma con qualche ma, soprattutto nella riorganizzazione dei contenuti.<br \/>\nPro: Mi piace molto l&#8217;interfaccia, che all&#8217;inizio pu\u00f2 sembrare dispersiva e difficile da capire, ma che poi diventa facilmente fruibile. E&#8217; facile poter caricare le immagini e contenuti multimediali nella sezione &#8220;Media&#8221; ed \u00e8 facilissimo poter cambiare il merchandising del proprio ecommerce nella sezione &#8220;Pages&#8221;.Inoltre, si integra bene con altri strumenti come Hybris, il che lo rende un software affidabile e conosciuto.<br \/>\nContro: Non ho apprezzato il fatto che durante l&#8217;aggiornamento del catalogo del proprio sito, per trascinare un contenuto dal basso verso le prime righe, ci si impiega troppo tempo. Allo stesso modo si pu\u00f2 trascinare solo un contenuto alla volta e se si hanno tanti prodotti da aggiornare, il tutto pu\u00f2 diventare macchinoso e lento.<\/p>\n<p><strong>Ricardo &#8220;Magnolia CMS fornisce un&#8217;ottima esperienza digitale&#8221;<\/strong><br \/>\nCommenti: Magnolia CRM \u00e8 stato un ottimo complemento alla nostra attuale infrastruttura di gestione dei contenuti. Grazie alla sua struttura altamente modulare abbiamo potuto implementarlo con facilit\u00e0.<br \/>\nPro: Magnolia ha una struttura estremamente modulare che ha permesso di integrarlo alla nostra attuale infrastruttura di gestione aziendale. Magnolia ci aiuta a distribuire i nostri contenuti centrali su qualsiasi canale di distribuzione per gli utenti finali.<br \/>\nContro: Magnolia \u00e8 un CRM estremamente vasto che richiede una notevole quantit\u00e0 di tempo e di sforzi per avere una competenza su tutte le caratteristiche della piattaforma.<\/p>\n","protected":false},"excerpt":{"rendered":"<p>Magnolia CMS \u00e8 una soluzione di gestione dei contenuti aziendali progettata per fornire agli utenti strumenti e funzionalit\u00e0 multicanale, multilingue e multisito. Questa piattaforma consente alle aziende di creare contenuti digitali e organizzare e implementare iniziative di marketing e vendite digitali in modo che possiate connettervi con i vostri clienti attraverso piattaforme mobili.<\/p>\n","protected":false},"author":19,"featured_media":16379,"parent":16175,"menu_order":0,"comment_status":"open","ping_status":"closed","template":"g1_template_page_review_new.php","meta":{"_acf_changed":false,"cwp_meta_box_check":"Yes","cwp_rev_product_name":"","cwp_rev_product_image":"","wppr_links":[],"cwp_rev_price":"","wppr_options":[{"name":"Usability","value":"0"},{"name":"Speed","value":"0"},{"name":"Features","value":"0"},{"name":"Support","value":"0"},{"name":"Pricing","value":"0"}],"wppr_pros":["","","","",""],"wppr_cons":["","","","",""],"_monsterinsights_skip_tracking":false,"_monsterinsights_sitenote_active":false,"_monsterinsights_sitenote_note":"","_monsterinsights_sitenote_category":0,"footnotes":""},"categories":[931],"tags":[948,246,944,942],"features":[],"class_list":{"0":"post-16377","1":"page","2":"type-page","3":"status-publish","4":"has-post-thumbnail","6":"category-cms","7":"tag-gestione-contenuti","8":"tag-open-source","9":"tag-piattaforma-cms","10":"tag-soluzione-cms"},"wppr_data":{"cwp_meta_box_check":"Yes","cwp_rev_product_name":"","_wppr_review_template":"default","cwp_rev_product_image":"","cwp_image_link":"image","wppr_links":[],"cwp_rev_price":"","wppr_pros":["","","","",""],"wppr_cons":["","","","",""],"wppr_rating":"0.00","wppr_options":{"1":{"name":"Usability","value":"0"},"2":{"name":"Speed","value":"0"},"3":{"name":"Features","value":"0"},"4":{"name":"Support","value":"0"},"5":{"name":"Pricing","value":"0"}},"wppr_review_type":"Product","wppr_review_custom_fields":{"additionalProperty":"","additionalType":"","aggregateRating":"","alternateName":"","audience":"","award":"","awards":"","brand":"","color":"","depth":"","description":"","disambiguatingDescription":"","gtin12":"","gtin13":"","gtin14":"","gtin8":"","height":"","identifier":"","image":"","isAccessoryOrSparePartFor":"","isConsumableFor":"","isRelatedTo":"","isSimilarTo":"","itemCondition":"","logo":"","mainEntityOfPage":"","manufacturer":"","material":"","model":"","mpn":"","name":"","offers":"","potentialAction":"","productID":"","productionDate":"","purchaseDate":"","releaseDate":"","review":"","reviews":"","sameAs":"","sku":"","slogan":"","subjectOf":"","url":"","weight":"","width":""}},"acf":[],"yoast_head":"<!-- This site is optimized with the Yoast SEO plugin v27.4 - https:\/\/yoast.com\/product\/yoast-seo-wordpress\/ -->\n<title>Magnolia CMS: recensione piattaforma CMS- Accurate Reviews<\/title>\n<meta name=\"description\" content=\"Magnolia CMS: recensione piattaforma gestione dei contenuti aziendali per fornire agli utenti strumenti e funzionalit\u00e0 multicanale e multilingue.\" \/>\n<meta name=\"robots\" content=\"index, follow, max-snippet:-1, max-image-preview:large, max-video-preview:-1\" \/>\n<link rel=\"canonical\" href=\"https:\/\/www.accuratereviews.com\/it\/software-cms\/magnolia-cms-recensione\/\" \/>\n<meta property=\"og:locale\" content=\"it_IT\" \/>\n<meta property=\"og:type\" content=\"article\" \/>\n<meta property=\"og:title\" content=\"Magnolia CMS: recensione piattaforma CMS- Accurate Reviews\" \/>\n<meta property=\"og:description\" content=\"Magnolia CMS: recensione piattaforma gestione dei contenuti aziendali per fornire agli utenti strumenti e funzionalit\u00e0 multicanale e multilingue.\" \/>\n<meta property=\"og:url\" content=\"https:\/\/www.accuratereviews.com\/it\/software-cms\/magnolia-cms-recensione\/\" \/>\n<meta property=\"og:site_name\" content=\"Accurate Reviews\" \/>\n<meta property=\"article:modified_time\" content=\"2023-08-01T13:35:31+00:00\" \/>\n<meta property=\"og:image\" content=\"https:\/\/www.accuratereviews.com\/wp-content\/uploads\/2019\/07\/magnolia_800.jpg\" \/>\n\t<meta property=\"og:image:width\" content=\"800\" \/>\n\t<meta property=\"og:image:height\" content=\"600\" \/>\n\t<meta property=\"og:image:type\" content=\"image\/jpeg\" \/>\n<meta name=\"twitter:card\" content=\"summary_large_image\" \/>\n<meta name=\"twitter:label1\" content=\"Tempo di lettura stimato\" \/>\n\t<meta name=\"twitter:data1\" content=\"5 minuti\" \/>\n<script type=\"application\/ld+json\" class=\"yoast-schema-graph\">{\"@context\":\"https:\\\/\\\/schema.org\",\"@graph\":[{\"@type\":\"WebPage\",\"@id\":\"https:\\\/\\\/www.accuratereviews.com\\\/it\\\/software-cms\\\/magnolia-cms-recensione\\\/\",\"url\":\"https:\\\/\\\/www.accuratereviews.com\\\/it\\\/software-cms\\\/magnolia-cms-recensione\\\/\",\"name\":\"Magnolia CMS: recensione piattaforma CMS- Accurate Reviews\",\"isPartOf\":{\"@id\":\"https:\\\/\\\/www.accuratereviews.com\\\/it\\\/#website\"},\"primaryImageOfPage\":{\"@id\":\"https:\\\/\\\/www.accuratereviews.com\\\/it\\\/software-cms\\\/magnolia-cms-recensione\\\/#primaryimage\"},\"image\":{\"@id\":\"https:\\\/\\\/www.accuratereviews.com\\\/it\\\/software-cms\\\/magnolia-cms-recensione\\\/#primaryimage\"},\"thumbnailUrl\":\"https:\\\/\\\/www.accuratereviews.com\\\/wp-content\\\/uploads\\\/2019\\\/07\\\/magnolia_800.jpg\",\"datePublished\":\"2019-07-04T11:14:19+00:00\",\"dateModified\":\"2023-08-01T13:35:31+00:00\",\"description\":\"Magnolia CMS: recensione piattaforma gestione dei contenuti aziendali per fornire agli utenti strumenti e funzionalit\u00e0 multicanale e multilingue.\",\"breadcrumb\":{\"@id\":\"https:\\\/\\\/www.accuratereviews.com\\\/it\\\/software-cms\\\/magnolia-cms-recensione\\\/#breadcrumb\"},\"inLanguage\":\"it-IT\",\"potentialAction\":[{\"@type\":\"ReadAction\",\"target\":[\"https:\\\/\\\/www.accuratereviews.com\\\/it\\\/software-cms\\\/magnolia-cms-recensione\\\/\"]}]},{\"@type\":\"ImageObject\",\"inLanguage\":\"it-IT\",\"@id\":\"https:\\\/\\\/www.accuratereviews.com\\\/it\\\/software-cms\\\/magnolia-cms-recensione\\\/#primaryimage\",\"url\":\"https:\\\/\\\/www.accuratereviews.com\\\/wp-content\\\/uploads\\\/2019\\\/07\\\/magnolia_800.jpg\",\"contentUrl\":\"https:\\\/\\\/www.accuratereviews.com\\\/wp-content\\\/uploads\\\/2019\\\/07\\\/magnolia_800.jpg\",\"width\":800,\"height\":600},{\"@type\":\"BreadcrumbList\",\"@id\":\"https:\\\/\\\/www.accuratereviews.com\\\/it\\\/software-cms\\\/magnolia-cms-recensione\\\/#breadcrumb\",\"itemListElement\":[{\"@type\":\"ListItem\",\"position\":1,\"name\":\"Home\",\"item\":\"https:\\\/\\\/www.accuratereviews.com\\\/it\\\/\"},{\"@type\":\"ListItem\",\"position\":2,\"name\":\"Software CMS\",\"item\":\"https:\\\/\\\/www.accuratereviews.com\\\/it\\\/software-cms\\\/\"},{\"@type\":\"ListItem\",\"position\":3,\"name\":\"Magnolia CMS\"}]},{\"@type\":\"WebSite\",\"@id\":\"https:\\\/\\\/www.accuratereviews.com\\\/it\\\/#website\",\"url\":\"https:\\\/\\\/www.accuratereviews.com\\\/it\\\/\",\"name\":\"Accurate Reviews\",\"description\":\"\",\"potentialAction\":[{\"@type\":\"SearchAction\",\"target\":{\"@type\":\"EntryPoint\",\"urlTemplate\":\"https:\\\/\\\/www.accuratereviews.com\\\/it\\\/?s={search_term_string}\"},\"query-input\":{\"@type\":\"PropertyValueSpecification\",\"valueRequired\":true,\"valueName\":\"search_term_string\"}}],\"inLanguage\":\"it-IT\"}]}<\/script>\n<!-- \/ Yoast SEO plugin. -->","yoast_head_json":{"title":"Magnolia CMS: recensione piattaforma CMS- Accurate Reviews","description":"Magnolia CMS: recensione piattaforma gestione dei contenuti aziendali per fornire agli utenti strumenti e funzionalit\u00e0 multicanale e multilingue.","robots":{"index":"index","follow":"follow","max-snippet":"max-snippet:-1","max-image-preview":"max-image-preview:large","max-video-preview":"max-video-preview:-1"},"canonical":"https:\/\/www.accuratereviews.com\/it\/software-cms\/magnolia-cms-recensione\/","og_locale":"it_IT","og_type":"article","og_title":"Magnolia CMS: recensione piattaforma CMS- Accurate Reviews","og_description":"Magnolia CMS: recensione piattaforma gestione dei contenuti aziendali per fornire agli utenti strumenti e funzionalit\u00e0 multicanale e multilingue.","og_url":"https:\/\/www.accuratereviews.com\/it\/software-cms\/magnolia-cms-recensione\/","og_site_name":"Accurate Reviews","article_modified_time":"2023-08-01T13:35:31+00:00","og_image":[{"width":800,"height":600,"url":"https:\/\/www.accuratereviews.com\/wp-content\/uploads\/2019\/07\/magnolia_800.jpg","type":"image\/jpeg"}],"twitter_card":"summary_large_image","twitter_misc":{"Tempo di lettura stimato":"5 minuti"},"schema":{"@context":"https:\/\/schema.org","@graph":[{"@type":"WebPage","@id":"https:\/\/www.accuratereviews.com\/it\/software-cms\/magnolia-cms-recensione\/","url":"https:\/\/www.accuratereviews.com\/it\/software-cms\/magnolia-cms-recensione\/","name":"Magnolia CMS: recensione piattaforma CMS- Accurate Reviews","isPartOf":{"@id":"https:\/\/www.accuratereviews.com\/it\/#website"},"primaryImageOfPage":{"@id":"https:\/\/www.accuratereviews.com\/it\/software-cms\/magnolia-cms-recensione\/#primaryimage"},"image":{"@id":"https:\/\/www.accuratereviews.com\/it\/software-cms\/magnolia-cms-recensione\/#primaryimage"},"thumbnailUrl":"https:\/\/www.accuratereviews.com\/wp-content\/uploads\/2019\/07\/magnolia_800.jpg","datePublished":"2019-07-04T11:14:19+00:00","dateModified":"2023-08-01T13:35:31+00:00","description":"Magnolia CMS: recensione piattaforma gestione dei contenuti aziendali per fornire agli utenti strumenti e funzionalit\u00e0 multicanale e multilingue.","breadcrumb":{"@id":"https:\/\/www.accuratereviews.com\/it\/software-cms\/magnolia-cms-recensione\/#breadcrumb"},"inLanguage":"it-IT","potentialAction":[{"@type":"ReadAction","target":["https:\/\/www.accuratereviews.com\/it\/software-cms\/magnolia-cms-recensione\/"]}]},{"@type":"ImageObject","inLanguage":"it-IT","@id":"https:\/\/www.accuratereviews.com\/it\/software-cms\/magnolia-cms-recensione\/#primaryimage","url":"https:\/\/www.accuratereviews.com\/wp-content\/uploads\/2019\/07\/magnolia_800.jpg","contentUrl":"https:\/\/www.accuratereviews.com\/wp-content\/uploads\/2019\/07\/magnolia_800.jpg","width":800,"height":600},{"@type":"BreadcrumbList","@id":"https:\/\/www.accuratereviews.com\/it\/software-cms\/magnolia-cms-recensione\/#breadcrumb","itemListElement":[{"@type":"ListItem","position":1,"name":"Home","item":"https:\/\/www.accuratereviews.com\/it\/"},{"@type":"ListItem","position":2,"name":"Software CMS","item":"https:\/\/www.accuratereviews.com\/it\/software-cms\/"},{"@type":"ListItem","position":3,"name":"Magnolia CMS"}]},{"@type":"WebSite","@id":"https:\/\/www.accuratereviews.com\/it\/#website","url":"https:\/\/www.accuratereviews.com\/it\/","name":"Accurate Reviews","description":"","potentialAction":[{"@type":"SearchAction","target":{"@type":"EntryPoint","urlTemplate":"https:\/\/www.accuratereviews.com\/it\/?s={search_term_string}"},"query-input":{"@type":"PropertyValueSpecification","valueRequired":true,"valueName":"search_term_string"}}],"inLanguage":"it-IT"}]}},"_links":{"self":[{"href":"https:\/\/www.accuratereviews.com\/it\/wp-json\/wp\/v2\/pages\/16377","targetHints":{"allow":["GET"]}}],"collection":[{"href":"https:\/\/www.accuratereviews.com\/it\/wp-json\/wp\/v2\/pages"}],"about":[{"href":"https:\/\/www.accuratereviews.com\/it\/wp-json\/wp\/v2\/types\/page"}],"author":[{"embeddable":true,"href":"https:\/\/www.accuratereviews.com\/it\/wp-json\/wp\/v2\/users\/19"}],"replies":[{"embeddable":true,"href":"https:\/\/www.accuratereviews.com\/it\/wp-json\/wp\/v2\/comments?post=16377"}],"version-history":[{"count":13,"href":"https:\/\/www.accuratereviews.com\/it\/wp-json\/wp\/v2\/pages\/16377\/revisions"}],"predecessor-version":[{"id":71036,"href":"https:\/\/www.accuratereviews.com\/it\/wp-json\/wp\/v2\/pages\/16377\/revisions\/71036"}],"up":[{"embeddable":true,"href":"https:\/\/www.accuratereviews.com\/it\/wp-json\/wp\/v2\/pages\/16175"}],"wp:featuredmedia":[{"embeddable":true,"href":"https:\/\/www.accuratereviews.com\/it\/wp-json\/wp\/v2\/media\/16379"}],"wp:attachment":[{"href":"https:\/\/www.accuratereviews.com\/it\/wp-json\/wp\/v2\/media?parent=16377"}],"wp:term":[{"taxonomy":"category","embeddable":true,"href":"https:\/\/www.accuratereviews.com\/it\/wp-json\/wp\/v2\/categories?post=16377"},{"taxonomy":"post_tag","embeddable":true,"href":"https:\/\/www.accuratereviews.com\/it\/wp-json\/wp\/v2\/tags?post=16377"},{"taxonomy":"features","embeddable":true,"href":"https:\/\/www.accuratereviews.com\/it\/wp-json\/wp\/v2\/features?post=16377"}],"curies":[{"name":"wp","href":"https:\/\/api.w.org\/{rel}","templated":true}]}}