{"id":16399,"date":"2019-07-05T10:54:36","date_gmt":"2019-07-05T10:54:36","guid":{"rendered":"https:\/\/www.accuratereviews.com\/?page_id=16399"},"modified":"2023-08-01T13:43:06","modified_gmt":"2023-08-01T13:43:06","slug":"superdesk-recensione","status":"publish","type":"page","link":"https:\/\/www.accuratereviews.com\/it\/software-cms\/superdesk-recensione\/","title":{"rendered":"Superdesk"},"content":{"rendered":"<p id=\"tw-target-text\" class=\"tw-data-text tw-ta tw-text-small\" dir=\"ltr\" data-placeholder=\"Traduzione\"><span lang=\"it\" tabindex=\"0\"><strong>Superdesk<\/strong> \u00e8 un <strong>sistema di gestione dei contenuti<\/strong>\u00a0(CMS) headless <strong>open source<\/strong> creato appositamente per agenzie di stampa e giornalisti. Il software vanta una funzionalit\u00e0 API scalabile che consente agli utenti di aggiungere funzionalit\u00e0 rilevanti per i loro ruoli e compiti. Gli strumenti di questa piattaforma sono stati sviluppati insieme a giornalisti in vere e proprie testate giornalistiche come controllo di versione, gestione completa dei documenti, un robusto editor di testo, controllo della versione e controllo del processo di approvazione per citarne alcuni. Inoltre, <strong>Superdesk<\/strong> pu\u00f2 essere integrato con molti sistemi legacy e applicazioni di terze parti utilizzate dalle organizzazioni dei media e dalle agenzie di stampa, consentendo agli utenti di adottare facilmente questa soluzione nei loro flussi di lavoro esistenti anzich\u00e9 rivedere il modo in cui si lavora.<\/span><\/p>\n<h2 dir=\"ltr\" data-placeholder=\"Traduzione\">SUPERDESK &#8211; TUTORIAL<\/h2>\n<p>Guardiamo insieme questo video tutorial per imparare come si inserisce un articolo su questa <strong>soluzione CMS<\/strong>:<\/p>\n<div id=\"fluid-wrapper-counter-1\" class=\"g1-fluid-wrapper \" style=\"width:686px;\">\n<div style=\"padding-bottom:56.268221574344%;\"><iframe loading=\"lazy\" title=\"Superdesk Publisher - Screencast\" width=\"686\" height=\"386\" src=\"https:\/\/www.youtube.com\/embed\/SJxSUugCK8k?start=88&#038;feature=oembed&amp;wmode=transparent&amp;autohide=1&amp;autoplay=0&amp;disablekb=0&amp;fs=1&amp;loop=0&amp;enablejsapi=1&amp;rel=0&amp;controls=2&amp;showinfo=0&amp;wmode=transparent&amp;autohide=2&amp;autoplay=0&amp;disablekb=0&amp;fs=1&amp;loop=0&amp;enablejsapi=1&amp;rel=0&amp;controls=2&amp;showinfo=1\" frameborder=\"0\" allow=\"accelerometer; autoplay; clipboard-write; encrypted-media; gyroscope; picture-in-picture; web-share\" allowfullscreen><\/iframe><\/div>\n<\/div>\n<h3>SUPERDESK &#8211; CARATTERISTICHE<\/h3>\n<ul>\n<li><strong>Un design pulito e intuitivo<\/strong>: l&#8217;interfaccia \u00e8 stata progettata per essere facile da usare da parte dei giornalisti, fornendo al tempo stesso una visione coerente del flusso di lavoro e della produzione per i responsabili delle redazioni. Questa elegante semplicit\u00e0 nasconde un&#8217;incredibile flessibilit\u00e0 e potenza. La personalizzazione degli utenti per soddisfare le loro esigenze e preferenze individuali d\u00e0 loro il controllo per garantire che il loro spazio di lavoro sia ottimizzato per ci\u00f2 che richiede il loro lavoro.<\/li>\n<li><strong>Potenti opzioni di personalizzazione:<\/strong> crea un ambiente editoriale pi\u00f9 produttivo con la suite di strumenti di personalizzazione Superdesk. Come utente editoriale, puoi creare al volo scrivanie per raccontare i grandi eventi come Olimpiadi, Mondiali di calcio o le elezioni. Puoi anche impostare un widget per monitorare i risultati di calcio o seguire i progressi di una sonda spaziale<\/li>\n<li><strong>Crea e salva facilmente ricerche personalizzate:<\/strong> con la potente funzionalit\u00e0 Elasticsearch integrata, consente agli utenti editoriali di creare query di ricerca complesse su pi\u00f9 repository e fonti di importazione e di visualizzare i risultati in tempo reale in un widget dashboard o nella visualizzazione di monitoraggio. Tali ricerche personalizzate possono anche essere salvate e recuperate pi\u00f9 tardi, o possono essere condivise con altri nella sala stampa<\/li>\n<li><strong>Automazione della sala stampa: <\/strong>dotato di una variet\u00e0 di strumenti per accelerare e automatizzare la produzione di notizie. In qualsiasi momento durante la creazione o la modifica di un articolo, un giornalista pu\u00f2 scegliere di creare un modello di quel lavoro. Un esempio potrebbero essere i rapporti di apertura \/ chiusura del mercato di ogni principale indice globale ogni giorno della settimana.<\/li>\n<\/ul>\n","protected":false},"excerpt":{"rendered":"<p>Superdesk \u00e8 un sistema di gestione dei contenuti\u00a0(CMS) headless open source creato appositamente per agenzie di stampa e giornalisti. Il software vanta una funzionalit\u00e0 API scalabile che consente agli utenti di aggiungere funzionalit\u00e0 rilevanti per i loro ruoli e compiti. Gli strumenti di questa piattaforma sono stati sviluppati insieme a giornalisti in vere e proprie testate giornalistiche come controllo di versione, gestione completa dei documenti, un robusto editor di testo, controllo della versione e controllo del processo di approvazione per citarne alcuni.<\/p>\n","protected":false},"author":19,"featured_media":16405,"parent":16175,"menu_order":0,"comment_status":"open","ping_status":"closed","template":"g1_template_page_review_new.php","meta":{"_acf_changed":false,"cwp_meta_box_check":"No","cwp_rev_product_name":"","cwp_rev_product_image":"","wppr_links":[],"cwp_rev_price":"","wppr_options":[],"wppr_pros":[],"wppr_cons":[],"_monsterinsights_skip_tracking":false,"_monsterinsights_sitenote_active":false,"_monsterinsights_sitenote_note":"","_monsterinsights_sitenote_category":0,"footnotes":""},"categories":[931],"tags":[948,246,944,942],"features":[],"class_list":{"0":"post-16399","1":"page","2":"type-page","3":"status-publish","4":"has-post-thumbnail","6":"category-cms","7":"tag-gestione-contenuti","8":"tag-open-source","9":"tag-piattaforma-cms","10":"tag-soluzione-cms"},"wppr_data":{"cwp_meta_box_check":"No"},"acf":[],"yoast_head":"<!-- This site is optimized with the Yoast SEO plugin v27.4 - https:\/\/yoast.com\/product\/yoast-seo-wordpress\/ -->\n<title>Superdesk: recensione soluzione CMS - Accurate Reviews<\/title>\n<meta name=\"description\" content=\"Superdesk: recensione sistema di gestione dei contenuti\u00a0(CMS) headless open source creato appositamente per agenzie di stampa e giornalisti.\" \/>\n<meta name=\"robots\" content=\"index, follow, max-snippet:-1, max-image-preview:large, max-video-preview:-1\" \/>\n<link rel=\"canonical\" href=\"https:\/\/www.accuratereviews.com\/it\/software-cms\/superdesk-recensione\/\" \/>\n<meta property=\"og:locale\" content=\"it_IT\" \/>\n<meta property=\"og:type\" content=\"article\" \/>\n<meta property=\"og:title\" content=\"Superdesk: recensione soluzione CMS - Accurate Reviews\" \/>\n<meta property=\"og:description\" content=\"Superdesk: recensione sistema di gestione dei contenuti\u00a0(CMS) headless open source creato appositamente per agenzie di stampa e giornalisti.\" \/>\n<meta property=\"og:url\" content=\"https:\/\/www.accuratereviews.com\/it\/software-cms\/superdesk-recensione\/\" \/>\n<meta property=\"og:site_name\" content=\"Accurate Reviews\" \/>\n<meta property=\"article:modified_time\" content=\"2023-08-01T13:43:06+00:00\" \/>\n<meta property=\"og:image\" content=\"https:\/\/www.accuratereviews.com\/wp-content\/uploads\/2019\/07\/Superdesk-logo.png\" \/>\n\t<meta property=\"og:image:width\" content=\"900\" \/>\n\t<meta property=\"og:image:height\" content=\"600\" \/>\n\t<meta property=\"og:image:type\" content=\"image\/png\" \/>\n<meta name=\"twitter:card\" content=\"summary_large_image\" \/>\n<meta name=\"twitter:label1\" content=\"Tempo di lettura stimato\" \/>\n\t<meta name=\"twitter:data1\" content=\"3 minuti\" \/>\n<script type=\"application\/ld+json\" class=\"yoast-schema-graph\">{\"@context\":\"https:\\\/\\\/schema.org\",\"@graph\":[{\"@type\":\"WebPage\",\"@id\":\"https:\\\/\\\/www.accuratereviews.com\\\/it\\\/software-cms\\\/superdesk-recensione\\\/\",\"url\":\"https:\\\/\\\/www.accuratereviews.com\\\/it\\\/software-cms\\\/superdesk-recensione\\\/\",\"name\":\"Superdesk: recensione soluzione CMS - Accurate Reviews\",\"isPartOf\":{\"@id\":\"https:\\\/\\\/www.accuratereviews.com\\\/it\\\/#website\"},\"primaryImageOfPage\":{\"@id\":\"https:\\\/\\\/www.accuratereviews.com\\\/it\\\/software-cms\\\/superdesk-recensione\\\/#primaryimage\"},\"image\":{\"@id\":\"https:\\\/\\\/www.accuratereviews.com\\\/it\\\/software-cms\\\/superdesk-recensione\\\/#primaryimage\"},\"thumbnailUrl\":\"https:\\\/\\\/www.accuratereviews.com\\\/wp-content\\\/uploads\\\/2019\\\/07\\\/Superdesk-logo.png\",\"datePublished\":\"2019-07-05T10:54:36+00:00\",\"dateModified\":\"2023-08-01T13:43:06+00:00\",\"description\":\"Superdesk: recensione sistema di gestione dei contenuti\u00a0(CMS) headless open source creato appositamente per agenzie di stampa e giornalisti.\",\"breadcrumb\":{\"@id\":\"https:\\\/\\\/www.accuratereviews.com\\\/it\\\/software-cms\\\/superdesk-recensione\\\/#breadcrumb\"},\"inLanguage\":\"it-IT\",\"potentialAction\":[{\"@type\":\"ReadAction\",\"target\":[\"https:\\\/\\\/www.accuratereviews.com\\\/it\\\/software-cms\\\/superdesk-recensione\\\/\"]}]},{\"@type\":\"ImageObject\",\"inLanguage\":\"it-IT\",\"@id\":\"https:\\\/\\\/www.accuratereviews.com\\\/it\\\/software-cms\\\/superdesk-recensione\\\/#primaryimage\",\"url\":\"https:\\\/\\\/www.accuratereviews.com\\\/wp-content\\\/uploads\\\/2019\\\/07\\\/Superdesk-logo.png\",\"contentUrl\":\"https:\\\/\\\/www.accuratereviews.com\\\/wp-content\\\/uploads\\\/2019\\\/07\\\/Superdesk-logo.png\",\"width\":900,\"height\":600},{\"@type\":\"BreadcrumbList\",\"@id\":\"https:\\\/\\\/www.accuratereviews.com\\\/it\\\/software-cms\\\/superdesk-recensione\\\/#breadcrumb\",\"itemListElement\":[{\"@type\":\"ListItem\",\"position\":1,\"name\":\"Home\",\"item\":\"https:\\\/\\\/www.accuratereviews.com\\\/it\\\/\"},{\"@type\":\"ListItem\",\"position\":2,\"name\":\"Software CMS\",\"item\":\"https:\\\/\\\/www.accuratereviews.com\\\/it\\\/software-cms\\\/\"},{\"@type\":\"ListItem\",\"position\":3,\"name\":\"Superdesk\"}]},{\"@type\":\"WebSite\",\"@id\":\"https:\\\/\\\/www.accuratereviews.com\\\/it\\\/#website\",\"url\":\"https:\\\/\\\/www.accuratereviews.com\\\/it\\\/\",\"name\":\"Accurate Reviews\",\"description\":\"\",\"potentialAction\":[{\"@type\":\"SearchAction\",\"target\":{\"@type\":\"EntryPoint\",\"urlTemplate\":\"https:\\\/\\\/www.accuratereviews.com\\\/it\\\/?s={search_term_string}\"},\"query-input\":{\"@type\":\"PropertyValueSpecification\",\"valueRequired\":true,\"valueName\":\"search_term_string\"}}],\"inLanguage\":\"it-IT\"}]}<\/script>\n<!-- \/ Yoast SEO plugin. -->","yoast_head_json":{"title":"Superdesk: recensione soluzione CMS - Accurate Reviews","description":"Superdesk: recensione sistema di gestione dei contenuti\u00a0(CMS) headless open source creato appositamente per agenzie di stampa e giornalisti.","robots":{"index":"index","follow":"follow","max-snippet":"max-snippet:-1","max-image-preview":"max-image-preview:large","max-video-preview":"max-video-preview:-1"},"canonical":"https:\/\/www.accuratereviews.com\/it\/software-cms\/superdesk-recensione\/","og_locale":"it_IT","og_type":"article","og_title":"Superdesk: recensione soluzione CMS - Accurate Reviews","og_description":"Superdesk: recensione sistema di gestione dei contenuti\u00a0(CMS) headless open source creato appositamente per agenzie di stampa e giornalisti.","og_url":"https:\/\/www.accuratereviews.com\/it\/software-cms\/superdesk-recensione\/","og_site_name":"Accurate Reviews","article_modified_time":"2023-08-01T13:43:06+00:00","og_image":[{"width":900,"height":600,"url":"https:\/\/www.accuratereviews.com\/wp-content\/uploads\/2019\/07\/Superdesk-logo.png","type":"image\/png"}],"twitter_card":"summary_large_image","twitter_misc":{"Tempo di lettura stimato":"3 minuti"},"schema":{"@context":"https:\/\/schema.org","@graph":[{"@type":"WebPage","@id":"https:\/\/www.accuratereviews.com\/it\/software-cms\/superdesk-recensione\/","url":"https:\/\/www.accuratereviews.com\/it\/software-cms\/superdesk-recensione\/","name":"Superdesk: recensione soluzione CMS - Accurate Reviews","isPartOf":{"@id":"https:\/\/www.accuratereviews.com\/it\/#website"},"primaryImageOfPage":{"@id":"https:\/\/www.accuratereviews.com\/it\/software-cms\/superdesk-recensione\/#primaryimage"},"image":{"@id":"https:\/\/www.accuratereviews.com\/it\/software-cms\/superdesk-recensione\/#primaryimage"},"thumbnailUrl":"https:\/\/www.accuratereviews.com\/wp-content\/uploads\/2019\/07\/Superdesk-logo.png","datePublished":"2019-07-05T10:54:36+00:00","dateModified":"2023-08-01T13:43:06+00:00","description":"Superdesk: recensione sistema di gestione dei contenuti\u00a0(CMS) headless open source creato appositamente per agenzie di stampa e giornalisti.","breadcrumb":{"@id":"https:\/\/www.accuratereviews.com\/it\/software-cms\/superdesk-recensione\/#breadcrumb"},"inLanguage":"it-IT","potentialAction":[{"@type":"ReadAction","target":["https:\/\/www.accuratereviews.com\/it\/software-cms\/superdesk-recensione\/"]}]},{"@type":"ImageObject","inLanguage":"it-IT","@id":"https:\/\/www.accuratereviews.com\/it\/software-cms\/superdesk-recensione\/#primaryimage","url":"https:\/\/www.accuratereviews.com\/wp-content\/uploads\/2019\/07\/Superdesk-logo.png","contentUrl":"https:\/\/www.accuratereviews.com\/wp-content\/uploads\/2019\/07\/Superdesk-logo.png","width":900,"height":600},{"@type":"BreadcrumbList","@id":"https:\/\/www.accuratereviews.com\/it\/software-cms\/superdesk-recensione\/#breadcrumb","itemListElement":[{"@type":"ListItem","position":1,"name":"Home","item":"https:\/\/www.accuratereviews.com\/it\/"},{"@type":"ListItem","position":2,"name":"Software CMS","item":"https:\/\/www.accuratereviews.com\/it\/software-cms\/"},{"@type":"ListItem","position":3,"name":"Superdesk"}]},{"@type":"WebSite","@id":"https:\/\/www.accuratereviews.com\/it\/#website","url":"https:\/\/www.accuratereviews.com\/it\/","name":"Accurate Reviews","description":"","potentialAction":[{"@type":"SearchAction","target":{"@type":"EntryPoint","urlTemplate":"https:\/\/www.accuratereviews.com\/it\/?s={search_term_string}"},"query-input":{"@type":"PropertyValueSpecification","valueRequired":true,"valueName":"search_term_string"}}],"inLanguage":"it-IT"}]}},"_links":{"self":[{"href":"https:\/\/www.accuratereviews.com\/it\/wp-json\/wp\/v2\/pages\/16399","targetHints":{"allow":["GET"]}}],"collection":[{"href":"https:\/\/www.accuratereviews.com\/it\/wp-json\/wp\/v2\/pages"}],"about":[{"href":"https:\/\/www.accuratereviews.com\/it\/wp-json\/wp\/v2\/types\/page"}],"author":[{"embeddable":true,"href":"https:\/\/www.accuratereviews.com\/it\/wp-json\/wp\/v2\/users\/19"}],"replies":[{"embeddable":true,"href":"https:\/\/www.accuratereviews.com\/it\/wp-json\/wp\/v2\/comments?post=16399"}],"version-history":[{"count":10,"href":"https:\/\/www.accuratereviews.com\/it\/wp-json\/wp\/v2\/pages\/16399\/revisions"}],"predecessor-version":[{"id":71039,"href":"https:\/\/www.accuratereviews.com\/it\/wp-json\/wp\/v2\/pages\/16399\/revisions\/71039"}],"up":[{"embeddable":true,"href":"https:\/\/www.accuratereviews.com\/it\/wp-json\/wp\/v2\/pages\/16175"}],"wp:featuredmedia":[{"embeddable":true,"href":"https:\/\/www.accuratereviews.com\/it\/wp-json\/wp\/v2\/media\/16405"}],"wp:attachment":[{"href":"https:\/\/www.accuratereviews.com\/it\/wp-json\/wp\/v2\/media?parent=16399"}],"wp:term":[{"taxonomy":"category","embeddable":true,"href":"https:\/\/www.accuratereviews.com\/it\/wp-json\/wp\/v2\/categories?post=16399"},{"taxonomy":"post_tag","embeddable":true,"href":"https:\/\/www.accuratereviews.com\/it\/wp-json\/wp\/v2\/tags?post=16399"},{"taxonomy":"features","embeddable":true,"href":"https:\/\/www.accuratereviews.com\/it\/wp-json\/wp\/v2\/features?post=16399"}],"curies":[{"name":"wp","href":"https:\/\/api.w.org\/{rel}","templated":true}]}}