{"id":16432,"date":"2019-07-08T12:21:02","date_gmt":"2019-07-08T12:21:02","guid":{"rendered":"https:\/\/www.accuratereviews.com\/?page_id=16432"},"modified":"2023-08-04T12:25:45","modified_gmt":"2023-08-04T12:25:45","slug":"sitefinity-recensione","status":"publish","type":"page","link":"https:\/\/www.accuratereviews.com\/it\/software-cms\/sitefinity-recensione\/","title":{"rendered":"Sitefinity"},"content":{"rendered":"<p id=\"tw-target-text\" class=\"tw-data-text tw-ta tw-text-small\" dir=\"ltr\" data-placeholder=\"Traduzione\"><span lang=\"it\" tabindex=\"0\"><strong>Sitefinity<\/strong> \u00e8 una<strong> soluzione CMS<\/strong> (Content Management System) e una <strong>piattaforma di marketing<\/strong> digitale progettata per aiutare le aziende a crescere online e rendere i loro sforzi di marketing un successo. A<\/span><span lang=\"it\" tabindex=\"0\">iuta le aziende a coinvolgere e fidelizzare i clienti lungo tutto il loro ciclo di vita utilizzando contenuti pertinenti e ponderati. La piattaforma rende pi\u00f9 facile per i team di marketing creare contenuti pi\u00f9 velocemente e gestirli in modo pi\u00f9 efficiente utilizzando<strong> l&#8217;interfaccia drag-and-drop<\/strong>. Consente agli operatori di marketing di eseguire la maggior parte del lavoro di creazione e modifica dei contenuti senza richiedere alcun aiuto da parte dello staff IT. Le funzionalit\u00e0 di <strong>Digital Experience Management<\/strong> consentono di aumentare le conversioni e generare pi\u00f9 lead offrendo esperienze personalizzate su larga scala. Il commercio digitale aiuta a gestire listini prezzi, cataloghi di prodotti, processi di checkout, carrelli e altro con facilit\u00e0 e collega le aziende con servizi cloud per aggiornamenti \/ tariffe in tempo reale. <strong>Digital Experience Cloud<\/strong> funziona come un centro di comando di marketing unificato che rende i marketer digitali direttamente responsabili dei risultati di business. La piattaforma DM collega le strategie di marketing ai risultati finali e aiuta i marketer a comprendere meglio e ottimizzare il percorso del cliente.\u00a0<\/span><\/p>\n<h2 dir=\"ltr\" data-placeholder=\"Traduzione\">SITEFINITY &#8211; TUTORIAL<\/h2>\n<p>Il video tutorial che seguir\u00e0 mostrer\u00e0 come istallare, configurare e realizzare un progetto con questa <strong>soluzione CMS<\/strong>:<\/p>\n<div id=\"fluid-wrapper-counter-1\" class=\"g1-fluid-wrapper \" style=\"width:686px;\">\n<div style=\"padding-bottom:56.268221574344%;\"><iframe loading=\"lazy\" title=\"#01 Installing Sitefinity CMS and Creating a Project\" width=\"686\" height=\"386\" src=\"https:\/\/www.youtube.com\/embed\/fwHeIIo5d5M?list=PLp1Emx1rT4z-fDu9Z-sIAI7zByBEKjGEL\" frameborder=\"0\" allow=\"accelerometer; autoplay; clipboard-write; encrypted-media; gyroscope; picture-in-picture; web-share\" allowfullscreen><\/iframe><\/div>\n<\/div>\n<h3>SITEFINITY &#8211; CARATTERISTICHE<\/h3>\n<ul>\n<li>Gestione dei contenuti Web<\/li>\n<li>Conversione e fidelizzazione del cliente<\/li>\n<li>Creazione e gestione di contenuti<\/li>\n<li>Modifica drag-and-drop<\/li>\n<li>Gestione dell&#8217;esperienza del cliente<\/li>\n<li>Ecommerce<\/li>\n<li>Gestione degli store<\/li>\n<li>Spese di spedizione e imposte in tempo reale<\/li>\n<li>\u00a0Distribuzione a livello aziendale<\/li>\n<li>Supporto multi-sito<\/li>\n<li>Centro di comando marketing unificato<\/li>\n<li>\u00a0Cliente a 360 gradi<\/li>\n<li>Rapporti di attribuzione di marketing<\/li>\n<li>Personalizzazione del percorso del cliente<\/li>\n<li>Analisi produttivit\u00e0<\/li>\n<\/ul>\n<h4>LE RECENSIONI DEGLI UTENTI<\/h4>\n<p><strong>Tanner &#8220;Piattaforma di landing page fantastica e facile da usare&#8221;.<\/strong><br \/>\nPro: Facile creare e mantenere i template. L&#8217;editor \u00e8 facile da usare per chiunque, anche se non ha esperienza in HTML. Buona struttura di file e cartelle per organizzare le landing page in gruppi.<br \/>\nContro: La struttura di gestione delle immagini e dei media potrebbe essere perfezionata: c&#8217;\u00e8 molto lavoro manuale per organizzare e ordinare gli alberi di file se si hanno molti media da ospitare.<\/p>\n<p><strong>Giacinto &#8220;Sebbene sia facile da usare, la sua funzionalit\u00e0 non \u00e8 molto buona ed \u00e8 difficile da modificare&#8221;.<\/strong><br \/>\nCommenti: \u00c8 stato un CMS abbastanza facile da navigare, quindi questo \u00e8 sicuramente un vantaggio.<br \/>\nPro: Mi piace che sia abbastanza facile usare il CMS. \u00c8 abbastanza facile da imparare. Non ho avuto una formazione formale sulla piattaforma e ho imparato da solo a usarla. Quindi, questo \u00e8 sicuramente un vantaggio.<br \/>\nContro: Non mi piace che la funzionalit\u00e0 del software sia cos\u00ec rigida. Penso che il servizio clienti potrebbe essere migliore. Inoltre, ritengo che la qualit\u00e0 corrisponda al valore.<\/p>\n<p><strong>David &#8220;Facile da usare e ottimo per i clienti, ma flessibile da configurare per gli sviluppatori&#8221;.<\/strong><br \/>\nPro: Adoro i moduli personalizzati e la flessibilit\u00e0 che offrono per creare un&#8217;esperienza molto semplice per i miei clienti!<br \/>\nContro: Ci\u00f2 che mi piace di meno di questo software \u00e8 la mancanza di funzioni pronte per l&#8217;uso e il mercato relativamente piccolo e insoddisfacente per gli add on.<\/p>\n","protected":false},"excerpt":{"rendered":"<p>Sitefinity \u00e8 una soluzione CMS (Content Management System) e una piattaforma di marketing digitale progettata per aiutare le aziende a crescere online e rendere i loro sforzi di marketing un successo. Aiuta le aziende a coinvolgere e fidelizzare i clienti lungo tutto il loro ciclo di vita utilizzando contenuti pertinenti e ponderati.<\/p>\n","protected":false},"author":19,"featured_media":16447,"parent":16175,"menu_order":0,"comment_status":"open","ping_status":"closed","template":"g1_template_page_review_new.php","meta":{"_acf_changed":false,"cwp_meta_box_check":"Yes","cwp_rev_product_name":"","cwp_rev_product_image":"","wppr_links":[],"cwp_rev_price":"","wppr_options":[{"name":"Usability","value":"0"},{"name":"Speed","value":"0"},{"name":"Features","value":"0"},{"name":"Support","value":"0"},{"name":"Pricing","value":"0"}],"wppr_pros":["","","","",""],"wppr_cons":["","","","",""],"_monsterinsights_skip_tracking":false,"_monsterinsights_sitenote_active":false,"_monsterinsights_sitenote_note":"","_monsterinsights_sitenote_category":0,"footnotes":""},"categories":[931],"tags":[396,586,944,942],"features":[],"class_list":{"0":"post-16432","1":"page","2":"type-page","3":"status-publish","4":"has-post-thumbnail","6":"category-cms","7":"tag-cloud","8":"tag-drag-and-drop","9":"tag-piattaforma-cms","10":"tag-soluzione-cms"},"wppr_data":{"cwp_meta_box_check":"Yes","cwp_rev_product_name":"","_wppr_review_template":"default","cwp_rev_product_image":"","cwp_image_link":"image","wppr_links":[],"cwp_rev_price":"","wppr_pros":["","","","",""],"wppr_cons":["","","","",""],"wppr_rating":"0.00","wppr_options":{"1":{"name":"Usability","value":"0"},"2":{"name":"Speed","value":"0"},"3":{"name":"Features","value":"0"},"4":{"name":"Support","value":"0"},"5":{"name":"Pricing","value":"0"}},"wppr_review_type":"Product","wppr_review_custom_fields":{"additionalProperty":"","additionalType":"","aggregateRating":"","alternateName":"","audience":"","award":"","awards":"","brand":"","color":"","depth":"","description":"","disambiguatingDescription":"","gtin12":"","gtin13":"","gtin14":"","gtin8":"","height":"","identifier":"","image":"","isAccessoryOrSparePartFor":"","isConsumableFor":"","isRelatedTo":"","isSimilarTo":"","itemCondition":"","logo":"","mainEntityOfPage":"","manufacturer":"","material":"","model":"","mpn":"","name":"","offers":"","potentialAction":"","productID":"","productionDate":"","purchaseDate":"","releaseDate":"","review":"","reviews":"","sameAs":"","sku":"","slogan":"","subjectOf":"","url":"","weight":"","width":""}},"acf":[],"yoast_head":"<!-- This site is optimized with the Yoast SEO plugin v27.4 - https:\/\/yoast.com\/product\/yoast-seo-wordpress\/ -->\n<title>Sitefinity: recensione soluzione CMS - Accurate Reviews<\/title>\n<meta name=\"description\" content=\"Sitefinity: recensione soluzione CMS progettata per aiutare le aziende a crescere online e rendere i loro sforzi di marketing un successo.\" \/>\n<meta name=\"robots\" content=\"index, follow, max-snippet:-1, max-image-preview:large, max-video-preview:-1\" \/>\n<link rel=\"canonical\" href=\"https:\/\/www.accuratereviews.com\/it\/software-cms\/sitefinity-recensione\/\" \/>\n<meta property=\"og:locale\" content=\"it_IT\" \/>\n<meta property=\"og:type\" content=\"article\" \/>\n<meta property=\"og:title\" content=\"Sitefinity: recensione soluzione CMS - Accurate Reviews\" \/>\n<meta property=\"og:description\" content=\"Sitefinity: recensione soluzione CMS progettata per aiutare le aziende a crescere online e rendere i loro sforzi di marketing un successo.\" \/>\n<meta property=\"og:url\" content=\"https:\/\/www.accuratereviews.com\/it\/software-cms\/sitefinity-recensione\/\" \/>\n<meta property=\"og:site_name\" content=\"Accurate Reviews\" \/>\n<meta property=\"article:modified_time\" content=\"2023-08-04T12:25:45+00:00\" \/>\n<meta property=\"og:image\" content=\"https:\/\/www.accuratereviews.com\/wp-content\/uploads\/2019\/07\/sitefinity-logo.png\" \/>\n\t<meta property=\"og:image:width\" content=\"1200\" \/>\n\t<meta property=\"og:image:height\" content=\"627\" \/>\n\t<meta property=\"og:image:type\" content=\"image\/png\" \/>\n<meta name=\"twitter:card\" content=\"summary_large_image\" \/>\n<meta name=\"twitter:label1\" content=\"Tempo di lettura stimato\" \/>\n\t<meta name=\"twitter:data1\" content=\"3 minuti\" \/>\n<script type=\"application\/ld+json\" class=\"yoast-schema-graph\">{\"@context\":\"https:\\\/\\\/schema.org\",\"@graph\":[{\"@type\":\"WebPage\",\"@id\":\"https:\\\/\\\/www.accuratereviews.com\\\/it\\\/software-cms\\\/sitefinity-recensione\\\/\",\"url\":\"https:\\\/\\\/www.accuratereviews.com\\\/it\\\/software-cms\\\/sitefinity-recensione\\\/\",\"name\":\"Sitefinity: recensione soluzione CMS - Accurate Reviews\",\"isPartOf\":{\"@id\":\"https:\\\/\\\/www.accuratereviews.com\\\/it\\\/#website\"},\"primaryImageOfPage\":{\"@id\":\"https:\\\/\\\/www.accuratereviews.com\\\/it\\\/software-cms\\\/sitefinity-recensione\\\/#primaryimage\"},\"image\":{\"@id\":\"https:\\\/\\\/www.accuratereviews.com\\\/it\\\/software-cms\\\/sitefinity-recensione\\\/#primaryimage\"},\"thumbnailUrl\":\"https:\\\/\\\/www.accuratereviews.com\\\/wp-content\\\/uploads\\\/2019\\\/07\\\/sitefinity-logo.png\",\"datePublished\":\"2019-07-08T12:21:02+00:00\",\"dateModified\":\"2023-08-04T12:25:45+00:00\",\"description\":\"Sitefinity: recensione soluzione CMS progettata per aiutare le aziende a crescere online e rendere i loro sforzi di marketing un successo.\",\"breadcrumb\":{\"@id\":\"https:\\\/\\\/www.accuratereviews.com\\\/it\\\/software-cms\\\/sitefinity-recensione\\\/#breadcrumb\"},\"inLanguage\":\"it-IT\",\"potentialAction\":[{\"@type\":\"ReadAction\",\"target\":[\"https:\\\/\\\/www.accuratereviews.com\\\/it\\\/software-cms\\\/sitefinity-recensione\\\/\"]}]},{\"@type\":\"ImageObject\",\"inLanguage\":\"it-IT\",\"@id\":\"https:\\\/\\\/www.accuratereviews.com\\\/it\\\/software-cms\\\/sitefinity-recensione\\\/#primaryimage\",\"url\":\"https:\\\/\\\/www.accuratereviews.com\\\/wp-content\\\/uploads\\\/2019\\\/07\\\/sitefinity-logo.png\",\"contentUrl\":\"https:\\\/\\\/www.accuratereviews.com\\\/wp-content\\\/uploads\\\/2019\\\/07\\\/sitefinity-logo.png\",\"width\":1200,\"height\":627},{\"@type\":\"BreadcrumbList\",\"@id\":\"https:\\\/\\\/www.accuratereviews.com\\\/it\\\/software-cms\\\/sitefinity-recensione\\\/#breadcrumb\",\"itemListElement\":[{\"@type\":\"ListItem\",\"position\":1,\"name\":\"Home\",\"item\":\"https:\\\/\\\/www.accuratereviews.com\\\/it\\\/\"},{\"@type\":\"ListItem\",\"position\":2,\"name\":\"Software CMS\",\"item\":\"https:\\\/\\\/www.accuratereviews.com\\\/it\\\/software-cms\\\/\"},{\"@type\":\"ListItem\",\"position\":3,\"name\":\"Sitefinity\"}]},{\"@type\":\"WebSite\",\"@id\":\"https:\\\/\\\/www.accuratereviews.com\\\/it\\\/#website\",\"url\":\"https:\\\/\\\/www.accuratereviews.com\\\/it\\\/\",\"name\":\"Accurate Reviews\",\"description\":\"\",\"potentialAction\":[{\"@type\":\"SearchAction\",\"target\":{\"@type\":\"EntryPoint\",\"urlTemplate\":\"https:\\\/\\\/www.accuratereviews.com\\\/it\\\/?s={search_term_string}\"},\"query-input\":{\"@type\":\"PropertyValueSpecification\",\"valueRequired\":true,\"valueName\":\"search_term_string\"}}],\"inLanguage\":\"it-IT\"}]}<\/script>\n<!-- \/ Yoast SEO plugin. -->","yoast_head_json":{"title":"Sitefinity: recensione soluzione CMS - Accurate Reviews","description":"Sitefinity: recensione soluzione CMS progettata per aiutare le aziende a crescere online e rendere i loro sforzi di marketing un successo.","robots":{"index":"index","follow":"follow","max-snippet":"max-snippet:-1","max-image-preview":"max-image-preview:large","max-video-preview":"max-video-preview:-1"},"canonical":"https:\/\/www.accuratereviews.com\/it\/software-cms\/sitefinity-recensione\/","og_locale":"it_IT","og_type":"article","og_title":"Sitefinity: recensione soluzione CMS - Accurate Reviews","og_description":"Sitefinity: recensione soluzione CMS progettata per aiutare le aziende a crescere online e rendere i loro sforzi di marketing un successo.","og_url":"https:\/\/www.accuratereviews.com\/it\/software-cms\/sitefinity-recensione\/","og_site_name":"Accurate Reviews","article_modified_time":"2023-08-04T12:25:45+00:00","og_image":[{"width":1200,"height":627,"url":"https:\/\/www.accuratereviews.com\/wp-content\/uploads\/2019\/07\/sitefinity-logo.png","type":"image\/png"}],"twitter_card":"summary_large_image","twitter_misc":{"Tempo di lettura stimato":"3 minuti"},"schema":{"@context":"https:\/\/schema.org","@graph":[{"@type":"WebPage","@id":"https:\/\/www.accuratereviews.com\/it\/software-cms\/sitefinity-recensione\/","url":"https:\/\/www.accuratereviews.com\/it\/software-cms\/sitefinity-recensione\/","name":"Sitefinity: recensione soluzione CMS - Accurate Reviews","isPartOf":{"@id":"https:\/\/www.accuratereviews.com\/it\/#website"},"primaryImageOfPage":{"@id":"https:\/\/www.accuratereviews.com\/it\/software-cms\/sitefinity-recensione\/#primaryimage"},"image":{"@id":"https:\/\/www.accuratereviews.com\/it\/software-cms\/sitefinity-recensione\/#primaryimage"},"thumbnailUrl":"https:\/\/www.accuratereviews.com\/wp-content\/uploads\/2019\/07\/sitefinity-logo.png","datePublished":"2019-07-08T12:21:02+00:00","dateModified":"2023-08-04T12:25:45+00:00","description":"Sitefinity: recensione soluzione CMS progettata per aiutare le aziende a crescere online e rendere i loro sforzi di marketing un successo.","breadcrumb":{"@id":"https:\/\/www.accuratereviews.com\/it\/software-cms\/sitefinity-recensione\/#breadcrumb"},"inLanguage":"it-IT","potentialAction":[{"@type":"ReadAction","target":["https:\/\/www.accuratereviews.com\/it\/software-cms\/sitefinity-recensione\/"]}]},{"@type":"ImageObject","inLanguage":"it-IT","@id":"https:\/\/www.accuratereviews.com\/it\/software-cms\/sitefinity-recensione\/#primaryimage","url":"https:\/\/www.accuratereviews.com\/wp-content\/uploads\/2019\/07\/sitefinity-logo.png","contentUrl":"https:\/\/www.accuratereviews.com\/wp-content\/uploads\/2019\/07\/sitefinity-logo.png","width":1200,"height":627},{"@type":"BreadcrumbList","@id":"https:\/\/www.accuratereviews.com\/it\/software-cms\/sitefinity-recensione\/#breadcrumb","itemListElement":[{"@type":"ListItem","position":1,"name":"Home","item":"https:\/\/www.accuratereviews.com\/it\/"},{"@type":"ListItem","position":2,"name":"Software CMS","item":"https:\/\/www.accuratereviews.com\/it\/software-cms\/"},{"@type":"ListItem","position":3,"name":"Sitefinity"}]},{"@type":"WebSite","@id":"https:\/\/www.accuratereviews.com\/it\/#website","url":"https:\/\/www.accuratereviews.com\/it\/","name":"Accurate Reviews","description":"","potentialAction":[{"@type":"SearchAction","target":{"@type":"EntryPoint","urlTemplate":"https:\/\/www.accuratereviews.com\/it\/?s={search_term_string}"},"query-input":{"@type":"PropertyValueSpecification","valueRequired":true,"valueName":"search_term_string"}}],"inLanguage":"it-IT"}]}},"_links":{"self":[{"href":"https:\/\/www.accuratereviews.com\/it\/wp-json\/wp\/v2\/pages\/16432","targetHints":{"allow":["GET"]}}],"collection":[{"href":"https:\/\/www.accuratereviews.com\/it\/wp-json\/wp\/v2\/pages"}],"about":[{"href":"https:\/\/www.accuratereviews.com\/it\/wp-json\/wp\/v2\/types\/page"}],"author":[{"embeddable":true,"href":"https:\/\/www.accuratereviews.com\/it\/wp-json\/wp\/v2\/users\/19"}],"replies":[{"embeddable":true,"href":"https:\/\/www.accuratereviews.com\/it\/wp-json\/wp\/v2\/comments?post=16432"}],"version-history":[{"count":10,"href":"https:\/\/www.accuratereviews.com\/it\/wp-json\/wp\/v2\/pages\/16432\/revisions"}],"predecessor-version":[{"id":71127,"href":"https:\/\/www.accuratereviews.com\/it\/wp-json\/wp\/v2\/pages\/16432\/revisions\/71127"}],"up":[{"embeddable":true,"href":"https:\/\/www.accuratereviews.com\/it\/wp-json\/wp\/v2\/pages\/16175"}],"wp:featuredmedia":[{"embeddable":true,"href":"https:\/\/www.accuratereviews.com\/it\/wp-json\/wp\/v2\/media\/16447"}],"wp:attachment":[{"href":"https:\/\/www.accuratereviews.com\/it\/wp-json\/wp\/v2\/media?parent=16432"}],"wp:term":[{"taxonomy":"category","embeddable":true,"href":"https:\/\/www.accuratereviews.com\/it\/wp-json\/wp\/v2\/categories?post=16432"},{"taxonomy":"post_tag","embeddable":true,"href":"https:\/\/www.accuratereviews.com\/it\/wp-json\/wp\/v2\/tags?post=16432"},{"taxonomy":"features","embeddable":true,"href":"https:\/\/www.accuratereviews.com\/it\/wp-json\/wp\/v2\/features?post=16432"}],"curies":[{"name":"wp","href":"https:\/\/api.w.org\/{rel}","templated":true}]}}