{"id":16475,"date":"2019-07-09T15:33:39","date_gmt":"2019-07-09T15:33:39","guid":{"rendered":"https:\/\/www.accuratereviews.com\/?page_id=16475"},"modified":"2023-08-04T12:40:46","modified_gmt":"2023-08-04T12:40:46","slug":"microweber-recensione","status":"publish","type":"page","link":"https:\/\/www.accuratereviews.com\/it\/software-cms\/microweber-recensione\/","title":{"rendered":"Microweber"},"content":{"rendered":"<p style=\"text-align: left;\"><strong>Microweber<\/strong> \u00e8 un <strong>sistema di gestione dei contenuti (CMS) open source<\/strong> \u00a0solido e completo. Destinato alle piccole e medie imprese (PMI) e ai liberi professionisti, offre agli utenti una piattaforma che semplifica la creazione e la gestione di siti web e negozi online. La piattaforma \u00e8 costruita con un wizard di negozio online integrato che guida gli utenti nella creazione e manutenzione dei loro negozi online e siti web. Tutto quello che devono fare \u00e8 caricare i loro prodotti e servizi e iniziare a vendere. Con le sue avanzate funzionalit\u00e0 <strong>CMS<\/strong>, chiunque abbia poca o nessuna capacit\u00e0 di progettazione e sviluppo di siti pu\u00f2 crearne uno dall&#8217;aspetto professionale con ottimi contenuti. Altre funzionalit\u00e0 includono pagamenti, elenchi di clienti, stato degli ordini, notifica degli ordini, spedizione e campi personalizzati.<\/p>\n<h2>MICROWEBER &#8211; TUTORIAL<\/h2>\n<p>Creare un sito web con questo<strong> CMS<\/strong> \u00e8 facilissimo. Segui il video tutorial:<\/p>\n<div id=\"fluid-wrapper-counter-1\" class=\"g1-fluid-wrapper \" style=\"width:686px;\">\n<div style=\"padding-bottom:56.268221574344%;\"><iframe loading=\"lazy\" title=\"First Steps on creating website using Microweber CMS\" width=\"515\" height=\"386\" src=\"https:\/\/www.youtube.com\/embed\/_8PTTtYDf8Y?feature=oembed&amp;wmode=transparent&amp;autohide=1&amp;autoplay=0&amp;disablekb=0&amp;fs=1&amp;loop=0&amp;enablejsapi=1&amp;rel=0&amp;controls=2&amp;showinfo=0&amp;wmode=transparent&amp;autohide=2&amp;autoplay=0&amp;disablekb=0&amp;fs=1&amp;loop=0&amp;enablejsapi=1&amp;rel=0&amp;controls=2&amp;showinfo=1\" frameborder=\"0\" allow=\"accelerometer; autoplay; clipboard-write; encrypted-media; gyroscope; picture-in-picture; web-share\" allowfullscreen><\/iframe><\/div>\n<\/div>\n<h3>MICROWEBER &#8211; CARATTERISTICHE<\/h3>\n<ul>\n<li><strong>Statistiche in tempo reale:<\/strong>\u00a0monitora il traffico del tuo sito in tempo reale. Tieni traccia delle visualizzazioni del tuo sito, dei visitatori, degli ordini e dei commenti<\/li>\n<li><strong>Pagine dinamiche<\/strong>: crea pagine dinamiche \u00e8 facile, basta selezionare delle pagine predefinite dai modelli<\/li>\n<li><strong>Gestione dei contenuti: <\/strong>scegli se\u00a0aggiungere o modificare pagine, post, categorie, prodotti o testo<\/li>\n<li><strong>Impostazioni del sito web<\/strong>: il modo pi\u00f9 semplice per controllare il tuo sito web, il tuo negozio online o il tuo blog<\/li>\n<li><strong>Module Manager:<\/strong>\u00a0cerca tra cento moduli e rendi il tuo sito web professionale<\/li>\n<li><strong>Integrazioni API:\u00a0<\/strong>\u00a0ti consente di connettere applicazioni e servizi di terze parti<\/li>\n<li><strong>Accesso al mercato<\/strong>: pieno accesso a moduli e modelli premium disponibili sul mercato<\/li>\n<li><strong> Gestione utenti<\/strong>: dare accesso a pi\u00f9 utenti per aiutarti con il tuo business online<\/li>\n<li id=\"tw-target-text\" class=\"tw-data-text tw-ta tw-text-small\" dir=\"ltr\" data-placeholder=\"Traduzione\"><span lang=\"it\" tabindex=\"0\"><strong>Caricamento dei prodotti<\/strong>: carica il tuo prodotto in un minuto. Imposta pi\u00f9 prezzi, numero SKU, imposta le specifiche dei prodotti e molto altro<\/span><\/li>\n<li class=\"tw-data-text tw-ta tw-text-small\" dir=\"ltr\" data-placeholder=\"Traduzione\"><span lang=\"it\" tabindex=\"0\"><strong>Gestione degli ordini<\/strong>: tieni traccia e gestisci gli ordini da qualsiasi dispositivo. Tutte le informazioni sull&#8217;ordine in un unico luogo<\/span><\/li>\n<li class=\"tw-data-text tw-ta tw-text-small\" dir=\"ltr\" data-placeholder=\"Traduzione\"><span lang=\"it\" tabindex=\"0\"><strong>Campi personalizzati:<\/strong> imposta campi personalizzati e dai ai tuoi clienti tutte le specifiche per i tuoi prodotti<\/span><\/li>\n<li class=\"tw-data-text tw-ta tw-text-small\" dir=\"ltr\" data-placeholder=\"Traduzione\"><span lang=\"it\" tabindex=\"0\"><strong>Modalit\u00e0 di pagamento<\/strong>: imposta il tuo metodo di pagamento preferito<\/span><\/li>\n<li class=\"tw-data-text tw-ta tw-text-small\" dir=\"ltr\" data-placeholder=\"Traduzione\"><span lang=\"it\" tabindex=\"0\"><strong>Gestione clienti<\/strong>: \u00a0tieni traccia e gestisci le informazioni dei tuoi clienti.<\/span><\/li>\n<\/ul>\n","protected":false},"excerpt":{"rendered":"<p>Microweber \u00e8 un sistema di gestione dei contenuti (CMS) open source \u00a0solido e completo. Destinato alle piccole e medie imprese (PMI) e ai liberi professionisti,offre agli utenti una piattaforma che semplifica la creazione e la gestione di siti Web e negozi online. La piattaforma \u00e8 costruita con un wizard di negozio online integrato che guida gli utenti nella creazione e manutenzione dei loro negozi online e siti web.<\/p>\n","protected":false},"author":19,"featured_media":16477,"parent":16175,"menu_order":0,"comment_status":"open","ping_status":"closed","template":"g1_template_page_review_new.php","meta":{"_acf_changed":false,"cwp_meta_box_check":"Yes","cwp_rev_product_name":"","cwp_rev_product_image":"","wppr_links":[],"cwp_rev_price":"","wppr_options":[{"name":"Usability","value":"0"},{"name":"Speed","value":"0"},{"name":"Features","value":"0"},{"name":"Support","value":"0"},{"name":"Pricing","value":"0"}],"wppr_pros":["","","","",""],"wppr_cons":["","","","",""],"_monsterinsights_skip_tracking":false,"_monsterinsights_sitenote_active":false,"_monsterinsights_sitenote_note":"","_monsterinsights_sitenote_category":0,"footnotes":""},"categories":[931],"tags":[936,246,944,942],"features":[],"class_list":{"0":"post-16475","1":"page","2":"type-page","3":"status-publish","4":"has-post-thumbnail","6":"category-cms","7":"tag-gestione-dei-contenuti","8":"tag-open-source","9":"tag-piattaforma-cms","10":"tag-soluzione-cms"},"wppr_data":{"cwp_meta_box_check":"Yes","cwp_rev_product_name":"","_wppr_review_template":"default","cwp_rev_product_image":"","cwp_image_link":"image","wppr_links":[],"cwp_rev_price":"","wppr_pros":["","","","",""],"wppr_cons":["","","","",""],"wppr_rating":"0.00","wppr_options":{"1":{"name":"Usability","value":"0"},"2":{"name":"Speed","value":"0"},"3":{"name":"Features","value":"0"},"4":{"name":"Support","value":"0"},"5":{"name":"Pricing","value":"0"}},"wppr_review_type":"Product","wppr_review_custom_fields":{"additionalProperty":"","additionalType":"","aggregateRating":"","alternateName":"","audience":"","award":"","awards":"","brand":"","color":"","depth":"","description":"","disambiguatingDescription":"","gtin12":"","gtin13":"","gtin14":"","gtin8":"","height":"","identifier":"","image":"","isAccessoryOrSparePartFor":"","isConsumableFor":"","isRelatedTo":"","isSimilarTo":"","itemCondition":"","logo":"","mainEntityOfPage":"","manufacturer":"","material":"","model":"","mpn":"","name":"","offers":"","potentialAction":"","productID":"","productionDate":"","purchaseDate":"","releaseDate":"","review":"","reviews":"","sameAs":"","sku":"","slogan":"","subjectOf":"","url":"","weight":"","width":""}},"acf":[],"yoast_head":"<!-- This site is optimized with the Yoast SEO plugin v27.4 - https:\/\/yoast.com\/product\/yoast-seo-wordpress\/ -->\n<title>Microweber: recensione piattaforma CMS- Accurate Reviews<\/title>\n<meta name=\"description\" content=\"Microweber: recensione sistema di gestione dei contenuti open source\u00a0solido e completo. Destinato alle piccole\/medie imprese e ai liberi professionisti\" \/>\n<meta name=\"robots\" content=\"index, follow, max-snippet:-1, max-image-preview:large, max-video-preview:-1\" \/>\n<link rel=\"canonical\" href=\"https:\/\/www.accuratereviews.com\/it\/software-cms\/microweber-recensione\/\" \/>\n<meta property=\"og:locale\" content=\"it_IT\" \/>\n<meta property=\"og:type\" content=\"article\" \/>\n<meta property=\"og:title\" content=\"Microweber: recensione piattaforma CMS- Accurate Reviews\" \/>\n<meta property=\"og:description\" content=\"Microweber: recensione sistema di gestione dei contenuti open source\u00a0solido e completo. Destinato alle piccole\/medie imprese e ai liberi professionisti\" \/>\n<meta property=\"og:url\" content=\"https:\/\/www.accuratereviews.com\/it\/software-cms\/microweber-recensione\/\" \/>\n<meta property=\"og:site_name\" content=\"Accurate Reviews\" \/>\n<meta property=\"article:modified_time\" content=\"2023-08-04T12:40:46+00:00\" \/>\n<meta property=\"og:image\" content=\"https:\/\/www.accuratereviews.com\/wp-content\/uploads\/2019\/07\/Microweber.png\" \/>\n\t<meta property=\"og:image:width\" content=\"872\" \/>\n\t<meta property=\"og:image:height\" content=\"322\" \/>\n\t<meta property=\"og:image:type\" content=\"image\/png\" \/>\n<meta name=\"twitter:card\" content=\"summary_large_image\" \/>\n<meta name=\"twitter:label1\" content=\"Tempo di lettura stimato\" \/>\n\t<meta name=\"twitter:data1\" content=\"2 minuti\" \/>\n<script type=\"application\/ld+json\" class=\"yoast-schema-graph\">{\"@context\":\"https:\\\/\\\/schema.org\",\"@graph\":[{\"@type\":\"WebPage\",\"@id\":\"https:\\\/\\\/www.accuratereviews.com\\\/it\\\/software-cms\\\/microweber-recensione\\\/\",\"url\":\"https:\\\/\\\/www.accuratereviews.com\\\/it\\\/software-cms\\\/microweber-recensione\\\/\",\"name\":\"Microweber: recensione piattaforma CMS- Accurate Reviews\",\"isPartOf\":{\"@id\":\"https:\\\/\\\/www.accuratereviews.com\\\/it\\\/#website\"},\"primaryImageOfPage\":{\"@id\":\"https:\\\/\\\/www.accuratereviews.com\\\/it\\\/software-cms\\\/microweber-recensione\\\/#primaryimage\"},\"image\":{\"@id\":\"https:\\\/\\\/www.accuratereviews.com\\\/it\\\/software-cms\\\/microweber-recensione\\\/#primaryimage\"},\"thumbnailUrl\":\"https:\\\/\\\/www.accuratereviews.com\\\/wp-content\\\/uploads\\\/2019\\\/07\\\/Microweber.png\",\"datePublished\":\"2019-07-09T15:33:39+00:00\",\"dateModified\":\"2023-08-04T12:40:46+00:00\",\"description\":\"Microweber: recensione sistema di gestione dei contenuti open source\u00a0solido e completo. Destinato alle piccole\\\/medie imprese e ai liberi professionisti\",\"breadcrumb\":{\"@id\":\"https:\\\/\\\/www.accuratereviews.com\\\/it\\\/software-cms\\\/microweber-recensione\\\/#breadcrumb\"},\"inLanguage\":\"it-IT\",\"potentialAction\":[{\"@type\":\"ReadAction\",\"target\":[\"https:\\\/\\\/www.accuratereviews.com\\\/it\\\/software-cms\\\/microweber-recensione\\\/\"]}]},{\"@type\":\"ImageObject\",\"inLanguage\":\"it-IT\",\"@id\":\"https:\\\/\\\/www.accuratereviews.com\\\/it\\\/software-cms\\\/microweber-recensione\\\/#primaryimage\",\"url\":\"https:\\\/\\\/www.accuratereviews.com\\\/wp-content\\\/uploads\\\/2019\\\/07\\\/Microweber.png\",\"contentUrl\":\"https:\\\/\\\/www.accuratereviews.com\\\/wp-content\\\/uploads\\\/2019\\\/07\\\/Microweber.png\",\"width\":872,\"height\":322},{\"@type\":\"BreadcrumbList\",\"@id\":\"https:\\\/\\\/www.accuratereviews.com\\\/it\\\/software-cms\\\/microweber-recensione\\\/#breadcrumb\",\"itemListElement\":[{\"@type\":\"ListItem\",\"position\":1,\"name\":\"Home\",\"item\":\"https:\\\/\\\/www.accuratereviews.com\\\/it\\\/\"},{\"@type\":\"ListItem\",\"position\":2,\"name\":\"Software CMS\",\"item\":\"https:\\\/\\\/www.accuratereviews.com\\\/it\\\/software-cms\\\/\"},{\"@type\":\"ListItem\",\"position\":3,\"name\":\"Microweber\"}]},{\"@type\":\"WebSite\",\"@id\":\"https:\\\/\\\/www.accuratereviews.com\\\/it\\\/#website\",\"url\":\"https:\\\/\\\/www.accuratereviews.com\\\/it\\\/\",\"name\":\"Accurate Reviews\",\"description\":\"\",\"potentialAction\":[{\"@type\":\"SearchAction\",\"target\":{\"@type\":\"EntryPoint\",\"urlTemplate\":\"https:\\\/\\\/www.accuratereviews.com\\\/it\\\/?s={search_term_string}\"},\"query-input\":{\"@type\":\"PropertyValueSpecification\",\"valueRequired\":true,\"valueName\":\"search_term_string\"}}],\"inLanguage\":\"it-IT\"}]}<\/script>\n<!-- \/ Yoast SEO plugin. -->","yoast_head_json":{"title":"Microweber: recensione piattaforma CMS- Accurate Reviews","description":"Microweber: recensione sistema di gestione dei contenuti open source\u00a0solido e completo. Destinato alle piccole\/medie imprese e ai liberi professionisti","robots":{"index":"index","follow":"follow","max-snippet":"max-snippet:-1","max-image-preview":"max-image-preview:large","max-video-preview":"max-video-preview:-1"},"canonical":"https:\/\/www.accuratereviews.com\/it\/software-cms\/microweber-recensione\/","og_locale":"it_IT","og_type":"article","og_title":"Microweber: recensione piattaforma CMS- Accurate Reviews","og_description":"Microweber: recensione sistema di gestione dei contenuti open source\u00a0solido e completo. Destinato alle piccole\/medie imprese e ai liberi professionisti","og_url":"https:\/\/www.accuratereviews.com\/it\/software-cms\/microweber-recensione\/","og_site_name":"Accurate Reviews","article_modified_time":"2023-08-04T12:40:46+00:00","og_image":[{"width":872,"height":322,"url":"https:\/\/www.accuratereviews.com\/wp-content\/uploads\/2019\/07\/Microweber.png","type":"image\/png"}],"twitter_card":"summary_large_image","twitter_misc":{"Tempo di lettura stimato":"2 minuti"},"schema":{"@context":"https:\/\/schema.org","@graph":[{"@type":"WebPage","@id":"https:\/\/www.accuratereviews.com\/it\/software-cms\/microweber-recensione\/","url":"https:\/\/www.accuratereviews.com\/it\/software-cms\/microweber-recensione\/","name":"Microweber: recensione piattaforma CMS- Accurate Reviews","isPartOf":{"@id":"https:\/\/www.accuratereviews.com\/it\/#website"},"primaryImageOfPage":{"@id":"https:\/\/www.accuratereviews.com\/it\/software-cms\/microweber-recensione\/#primaryimage"},"image":{"@id":"https:\/\/www.accuratereviews.com\/it\/software-cms\/microweber-recensione\/#primaryimage"},"thumbnailUrl":"https:\/\/www.accuratereviews.com\/wp-content\/uploads\/2019\/07\/Microweber.png","datePublished":"2019-07-09T15:33:39+00:00","dateModified":"2023-08-04T12:40:46+00:00","description":"Microweber: recensione sistema di gestione dei contenuti open source\u00a0solido e completo. Destinato alle piccole\/medie imprese e ai liberi professionisti","breadcrumb":{"@id":"https:\/\/www.accuratereviews.com\/it\/software-cms\/microweber-recensione\/#breadcrumb"},"inLanguage":"it-IT","potentialAction":[{"@type":"ReadAction","target":["https:\/\/www.accuratereviews.com\/it\/software-cms\/microweber-recensione\/"]}]},{"@type":"ImageObject","inLanguage":"it-IT","@id":"https:\/\/www.accuratereviews.com\/it\/software-cms\/microweber-recensione\/#primaryimage","url":"https:\/\/www.accuratereviews.com\/wp-content\/uploads\/2019\/07\/Microweber.png","contentUrl":"https:\/\/www.accuratereviews.com\/wp-content\/uploads\/2019\/07\/Microweber.png","width":872,"height":322},{"@type":"BreadcrumbList","@id":"https:\/\/www.accuratereviews.com\/it\/software-cms\/microweber-recensione\/#breadcrumb","itemListElement":[{"@type":"ListItem","position":1,"name":"Home","item":"https:\/\/www.accuratereviews.com\/it\/"},{"@type":"ListItem","position":2,"name":"Software CMS","item":"https:\/\/www.accuratereviews.com\/it\/software-cms\/"},{"@type":"ListItem","position":3,"name":"Microweber"}]},{"@type":"WebSite","@id":"https:\/\/www.accuratereviews.com\/it\/#website","url":"https:\/\/www.accuratereviews.com\/it\/","name":"Accurate Reviews","description":"","potentialAction":[{"@type":"SearchAction","target":{"@type":"EntryPoint","urlTemplate":"https:\/\/www.accuratereviews.com\/it\/?s={search_term_string}"},"query-input":{"@type":"PropertyValueSpecification","valueRequired":true,"valueName":"search_term_string"}}],"inLanguage":"it-IT"}]}},"_links":{"self":[{"href":"https:\/\/www.accuratereviews.com\/it\/wp-json\/wp\/v2\/pages\/16475","targetHints":{"allow":["GET"]}}],"collection":[{"href":"https:\/\/www.accuratereviews.com\/it\/wp-json\/wp\/v2\/pages"}],"about":[{"href":"https:\/\/www.accuratereviews.com\/it\/wp-json\/wp\/v2\/types\/page"}],"author":[{"embeddable":true,"href":"https:\/\/www.accuratereviews.com\/it\/wp-json\/wp\/v2\/users\/19"}],"replies":[{"embeddable":true,"href":"https:\/\/www.accuratereviews.com\/it\/wp-json\/wp\/v2\/comments?post=16475"}],"version-history":[{"count":9,"href":"https:\/\/www.accuratereviews.com\/it\/wp-json\/wp\/v2\/pages\/16475\/revisions"}],"predecessor-version":[{"id":71134,"href":"https:\/\/www.accuratereviews.com\/it\/wp-json\/wp\/v2\/pages\/16475\/revisions\/71134"}],"up":[{"embeddable":true,"href":"https:\/\/www.accuratereviews.com\/it\/wp-json\/wp\/v2\/pages\/16175"}],"wp:featuredmedia":[{"embeddable":true,"href":"https:\/\/www.accuratereviews.com\/it\/wp-json\/wp\/v2\/media\/16477"}],"wp:attachment":[{"href":"https:\/\/www.accuratereviews.com\/it\/wp-json\/wp\/v2\/media?parent=16475"}],"wp:term":[{"taxonomy":"category","embeddable":true,"href":"https:\/\/www.accuratereviews.com\/it\/wp-json\/wp\/v2\/categories?post=16475"},{"taxonomy":"post_tag","embeddable":true,"href":"https:\/\/www.accuratereviews.com\/it\/wp-json\/wp\/v2\/tags?post=16475"},{"taxonomy":"features","embeddable":true,"href":"https:\/\/www.accuratereviews.com\/it\/wp-json\/wp\/v2\/features?post=16475"}],"curies":[{"name":"wp","href":"https:\/\/api.w.org\/{rel}","templated":true}]}}