{"id":16482,"date":"2019-07-09T15:28:29","date_gmt":"2019-07-09T15:28:29","guid":{"rendered":"https:\/\/www.accuratereviews.com\/?page_id=16482"},"modified":"2023-08-04T12:52:10","modified_gmt":"2023-08-04T12:52:10","slug":"m-files-recensione","status":"publish","type":"page","link":"https:\/\/www.accuratereviews.com\/it\/software-cms\/m-files-recensione\/","title":{"rendered":"M-Files"},"content":{"rendered":"<p id=\"tw-target-text\" class=\"tw-data-text tw-ta tw-text-small\" dir=\"ltr\" data-placeholder=\"Traduzione\"><span lang=\"it\" tabindex=\"0\"><strong>M-Files<\/strong> \u00e8 <strong>una piattaforma di gestione dei contenuti<\/strong>\u00a0progettata per aiutare le aziende nella gestione di informazioni e documenti, nell&#8217;organizzazione e nel monitoraggio della propria attivit\u00e0. \u00c8 molto adatto a piccole e grandi aziende in una variet\u00e0 di settori. Il sistema ospita una miriade di funzionalit\u00e0 destinate a qualsiasi organizzazione, tra cui ottimizzazione dei dispositivi mobili, controllo delle versioni, supporto firma elettronica, modelli di documenti, accesso offline, controllo dei permessi e flussi di lavoro automatizzati. Viene fornito con un motore di ricerca che trova in modo efficiente documenti basati su tipo di documento, nomi e parole chiave.\u00a0<\/span><span lang=\"it\" tabindex=\"0\">La soluzione include strumenti per l&#8217;automazione del flusso di lavoro, si integra perfettamente con app famose come Microsoft Dynamics, Salesforce, SAP e NetSuite. Include anche numerose risorse di gestione delle informazioni di livello enterprise. All&#8217;interno delle aziende, le informazioni possono essere condivise in modo sicuro tra i membri del team. Pu\u00f2 essere utilizzato in modo flessibile on-premise, in<strong> cloud<\/strong> o tramite sistemi di distribuzione ibridi, offrendo un&#8217;interfaccia user-friendly con cui gli utenti possono lavorare.<\/span><\/p>\n<h2 dir=\"ltr\" data-placeholder=\"Traduzione\">M-FILES &#8211; TUTORIAL<\/h2>\n<p>Guardiamo insieme questo tutorial per imparare come utilizzare questa piattaforma:<\/p>\n<div id=\"fluid-wrapper-counter-1\" class=\"g1-fluid-wrapper \" style=\"width:686px;\">\n<div style=\"padding-bottom:56.268221574344%;\"><iframe loading=\"lazy\" title=\"M-Files Intelligent Information Management\" width=\"686\" height=\"386\" src=\"https:\/\/www.youtube.com\/embed\/5UX7O6uCjr8?feature=oembed&amp;wmode=transparent&amp;autohide=1&amp;autoplay=0&amp;disablekb=0&amp;fs=1&amp;loop=0&amp;enablejsapi=1&amp;rel=0&amp;controls=2&amp;showinfo=0&amp;wmode=transparent&amp;autohide=2&amp;autoplay=0&amp;disablekb=0&amp;fs=1&amp;loop=0&amp;enablejsapi=1&amp;rel=0&amp;controls=2&amp;showinfo=1\" frameborder=\"0\" allow=\"accelerometer; autoplay; clipboard-write; encrypted-media; gyroscope; picture-in-picture; web-share\" allowfullscreen><\/iframe><\/div>\n<\/div>\n<h3>M-FILES &#8211; CARATTERISTICHE<\/h3>\n<ul>\n<li><strong>Interfaccia facile da usare:\u00a0<\/strong>interfaccia familiare a qualunque utente, archiviazione documenti ed \u00e8\u00a0possibile trascinare documenti, messaggi di posta e qualunque altro tipo di file da e verso M-Files<\/li>\n<li><strong>Controllo dei documenti:<\/strong> le operazioni di check-out e check-in\u00a0eliminano i problemi legati a modifiche simultanee, salva\u00a0le versioni precedenti in maniera automatica, registra un log delle modifiche con nome utente, data e ora e commenti, funzioni di attribuzione automatica dei nomi e di numeri progressivi.<\/li>\n<li><strong>Indipendenza dal luogo di lavoro: <\/strong>veloce anche su connessioni remote, attivando M-Files Web Access i documenti sono disponibili a tutti utilizzando un semplice browser, inclusi utenti Mac e Linux.<\/li>\n<li><strong>Sicurezza: <\/strong>controllo della visibilit\u00e0 dei dati \u00e8 possibile nascondere i documenti sensibili mantenendo comunque un unico luogo di archiviazione, semplici impostazioni e permessi personalizzabili riducono il rischio dell&#8217;errore umano. Il sistema di pianificazione documentale pianifica automaticamente i backup di tutti i dati.<\/li>\n<\/ul>\n<h4>LE RECENSIONI DEGLI UTENTI<\/h4>\n<p><strong>Aballa &#8220;Organizza e archivia i tuoi file con M-files&#8221;<\/strong><br \/>\nCommenti: l&#8217;uso dell&#8217;applicazione mi ha aiutato a tenere al sicuro i miei documenti senza la preoccupazione di perderli<br \/>\nPro: M-file ha una buona interfaccia utente e facile da usare, mi piace perch\u00e9 permette di organizzare e mantenere i miei file molto bene in ordine pi\u00f9 sicuro<br \/>\nContro: L&#8217;utilizzo dell&#8217;applicazione richiede una connessione a internet e in aree con rete scadente disturba molto l&#8217;accesso ai file, rendendola quindi poco affidabile.<\/p>\n<p><strong>Resa &#8220;Mantenere i miei file organizzati mi d\u00e0 il tempo di accedervi&#8221;<\/strong><br \/>\nCommenti: Nel complesso, la mia esperienza con il software M-Files \u00e8 stata buona. \u00c8 un ottimo modo per organizzare e accedere ai file e l&#8217;interfaccia utente \u00e8 intuitiva e facile da usare. Le potenti funzioni consentono la personalizzazione e la possibilit\u00e0 di accedere ai file in modo rapido e semplice. Tuttavia, il costo pu\u00f2 essere un po&#8217; proibitivo per alcuni e il processo di configurazione pu\u00f2 essere un po&#8217; complicato.<br \/>\nPro: mi piace che il software M-Files sia facile da usare e rappresenti un modo efficiente per organizzare e accedere ai file. Ha un&#8217;ottima interfaccia utente e facilita la ricerca e l&#8217;individuazione dei file necessari. Inoltre, dispone di una serie di potenti funzioni che consentono di personalizzare il modo in cui si archiviano e si accede ai file.<br \/>\nContro: Non mi piace che il software possa essere un po&#8217; costoso per i team o le aziende pi\u00f9 piccole. Inoltre, il processo di configurazione pu\u00f2 essere un po&#8217; lungo e complicato per chi non ha familiarit\u00e0 con il software.<\/p>\n<p><strong>Amanda &#8220;Prodotto perfettamente sviluppato con tante funzioni utili&#8221;.<\/strong><br \/>\nCommenti: L&#8217;interfaccia del prodotto \u00e8 abbastanza efficace per svolgere il lavoro quotidiano e mi aiuta anche a capire meglio tutte le funzionalit\u00e0. Questa soluzione si adatta a qualsiasi tipo di organizzazione, indipendentemente dalle dimensioni e dalle risorse.<br \/>\nPro: Mi permette di lavorare con la massima integrit\u00e0 e assicura la sicurezza dei miei documenti in misura maggiore. Mi piace molto la sua barra di ricerca che mi permette di cercare ogni singolo documento nel mio sistema con estrema facilit\u00e0 e mi fornisce anche un grande aiuto per condividere i miei documenti con chiunque in qualsiasi parte del mondo.<br \/>\nContro: \u00e8 stato uno strumento eccellente con una risposta qualificata da parte dei clienti. Ho sperimentato il suo supporto che \u00e8 davvero professionale e intelligente mentre risolve i nostri problemi. Onestamente non c&#8217;\u00e8 nulla che non mi piaccia.<\/p>\n","protected":false},"excerpt":{"rendered":"<p>M-Files \u00e8 una piattaforma di gestione dei contenuti\u00a0progettata per aiutare le aziende nella gestione di informazioni e documenti, nell&#8217;organizzazione e nel monitoraggio della propria attivit\u00e0. \u00c8 molto adatto a piccole e grandi aziende in una variet\u00e0 di settori. Il sistema ospita una miriade di funzionalit\u00e0 destinate a qualsiasi organizzazione, tra cui ottimizzazione dei dispositivi mobili, controllo delle versioni, supporto firma elettronica, modelli di documenti, accesso offline, controllo dei permessi e flussi di lavoro automatizzati.<\/p>\n","protected":false},"author":19,"featured_media":16485,"parent":16175,"menu_order":0,"comment_status":"open","ping_status":"closed","template":"g1_template_page_review_new.php","meta":{"_acf_changed":false,"cwp_meta_box_check":"No","cwp_rev_product_name":"","cwp_rev_product_image":"","wppr_links":[],"cwp_rev_price":"","wppr_options":[],"wppr_pros":[],"wppr_cons":[],"_monsterinsights_skip_tracking":false,"_monsterinsights_sitenote_active":false,"_monsterinsights_sitenote_note":"","_monsterinsights_sitenote_category":0,"footnotes":""},"categories":[931],"tags":[396,936,944,942],"features":[],"class_list":{"0":"post-16482","1":"page","2":"type-page","3":"status-publish","4":"has-post-thumbnail","6":"category-cms","7":"tag-cloud","8":"tag-gestione-dei-contenuti","9":"tag-piattaforma-cms","10":"tag-soluzione-cms"},"wppr_data":{"cwp_meta_box_check":"No"},"acf":[],"yoast_head":"<!-- This site is optimized with the Yoast SEO plugin v27.4 - https:\/\/yoast.com\/product\/yoast-seo-wordpress\/ -->\n<title>M-Files: recensione soluzione CMS - Accurate Reviews<\/title>\n<meta name=\"description\" content=\"M-Files: recensione piattaforma di gestione contenuti\u00a0progettata per aiutare le aziende nella gestione di informazioni e documenti della propria attivit\u00e0.\" \/>\n<meta name=\"robots\" content=\"index, follow, max-snippet:-1, max-image-preview:large, max-video-preview:-1\" \/>\n<link rel=\"canonical\" href=\"https:\/\/www.accuratereviews.com\/it\/software-cms\/m-files-recensione\/\" \/>\n<meta property=\"og:locale\" content=\"it_IT\" \/>\n<meta property=\"og:type\" content=\"article\" \/>\n<meta property=\"og:title\" content=\"M-Files: recensione soluzione CMS - Accurate Reviews\" \/>\n<meta property=\"og:description\" content=\"M-Files: recensione piattaforma di gestione contenuti\u00a0progettata per aiutare le aziende nella gestione di informazioni e documenti della propria attivit\u00e0.\" \/>\n<meta property=\"og:url\" content=\"https:\/\/www.accuratereviews.com\/it\/software-cms\/m-files-recensione\/\" \/>\n<meta property=\"og:site_name\" content=\"Accurate Reviews\" \/>\n<meta property=\"article:modified_time\" content=\"2023-08-04T12:52:10+00:00\" \/>\n<meta property=\"og:image\" content=\"https:\/\/www.accuratereviews.com\/wp-content\/uploads\/2019\/07\/M-Files1.png\" \/>\n\t<meta property=\"og:image:width\" content=\"932\" \/>\n\t<meta property=\"og:image:height\" content=\"932\" \/>\n\t<meta property=\"og:image:type\" content=\"image\/png\" \/>\n<meta name=\"twitter:card\" content=\"summary_large_image\" \/>\n<meta name=\"twitter:label1\" content=\"Tempo di lettura stimato\" \/>\n\t<meta name=\"twitter:data1\" content=\"4 minuti\" \/>\n<script type=\"application\/ld+json\" class=\"yoast-schema-graph\">{\"@context\":\"https:\\\/\\\/schema.org\",\"@graph\":[{\"@type\":\"WebPage\",\"@id\":\"https:\\\/\\\/www.accuratereviews.com\\\/it\\\/software-cms\\\/m-files-recensione\\\/\",\"url\":\"https:\\\/\\\/www.accuratereviews.com\\\/it\\\/software-cms\\\/m-files-recensione\\\/\",\"name\":\"M-Files: recensione soluzione CMS - Accurate Reviews\",\"isPartOf\":{\"@id\":\"https:\\\/\\\/www.accuratereviews.com\\\/it\\\/#website\"},\"primaryImageOfPage\":{\"@id\":\"https:\\\/\\\/www.accuratereviews.com\\\/it\\\/software-cms\\\/m-files-recensione\\\/#primaryimage\"},\"image\":{\"@id\":\"https:\\\/\\\/www.accuratereviews.com\\\/it\\\/software-cms\\\/m-files-recensione\\\/#primaryimage\"},\"thumbnailUrl\":\"https:\\\/\\\/www.accuratereviews.com\\\/wp-content\\\/uploads\\\/2019\\\/07\\\/M-Files1.png\",\"datePublished\":\"2019-07-09T15:28:29+00:00\",\"dateModified\":\"2023-08-04T12:52:10+00:00\",\"description\":\"M-Files: recensione piattaforma di gestione contenuti\u00a0progettata per aiutare le aziende nella gestione di informazioni e documenti della propria attivit\u00e0.\",\"breadcrumb\":{\"@id\":\"https:\\\/\\\/www.accuratereviews.com\\\/it\\\/software-cms\\\/m-files-recensione\\\/#breadcrumb\"},\"inLanguage\":\"it-IT\",\"potentialAction\":[{\"@type\":\"ReadAction\",\"target\":[\"https:\\\/\\\/www.accuratereviews.com\\\/it\\\/software-cms\\\/m-files-recensione\\\/\"]}]},{\"@type\":\"ImageObject\",\"inLanguage\":\"it-IT\",\"@id\":\"https:\\\/\\\/www.accuratereviews.com\\\/it\\\/software-cms\\\/m-files-recensione\\\/#primaryimage\",\"url\":\"https:\\\/\\\/www.accuratereviews.com\\\/wp-content\\\/uploads\\\/2019\\\/07\\\/M-Files1.png\",\"contentUrl\":\"https:\\\/\\\/www.accuratereviews.com\\\/wp-content\\\/uploads\\\/2019\\\/07\\\/M-Files1.png\",\"width\":932,\"height\":932},{\"@type\":\"BreadcrumbList\",\"@id\":\"https:\\\/\\\/www.accuratereviews.com\\\/it\\\/software-cms\\\/m-files-recensione\\\/#breadcrumb\",\"itemListElement\":[{\"@type\":\"ListItem\",\"position\":1,\"name\":\"Home\",\"item\":\"https:\\\/\\\/www.accuratereviews.com\\\/it\\\/\"},{\"@type\":\"ListItem\",\"position\":2,\"name\":\"Software CMS\",\"item\":\"https:\\\/\\\/www.accuratereviews.com\\\/it\\\/software-cms\\\/\"},{\"@type\":\"ListItem\",\"position\":3,\"name\":\"M-Files\"}]},{\"@type\":\"WebSite\",\"@id\":\"https:\\\/\\\/www.accuratereviews.com\\\/it\\\/#website\",\"url\":\"https:\\\/\\\/www.accuratereviews.com\\\/it\\\/\",\"name\":\"Accurate Reviews\",\"description\":\"\",\"potentialAction\":[{\"@type\":\"SearchAction\",\"target\":{\"@type\":\"EntryPoint\",\"urlTemplate\":\"https:\\\/\\\/www.accuratereviews.com\\\/it\\\/?s={search_term_string}\"},\"query-input\":{\"@type\":\"PropertyValueSpecification\",\"valueRequired\":true,\"valueName\":\"search_term_string\"}}],\"inLanguage\":\"it-IT\"}]}<\/script>\n<!-- \/ Yoast SEO plugin. -->","yoast_head_json":{"title":"M-Files: recensione soluzione CMS - Accurate Reviews","description":"M-Files: recensione piattaforma di gestione contenuti\u00a0progettata per aiutare le aziende nella gestione di informazioni e documenti della propria attivit\u00e0.","robots":{"index":"index","follow":"follow","max-snippet":"max-snippet:-1","max-image-preview":"max-image-preview:large","max-video-preview":"max-video-preview:-1"},"canonical":"https:\/\/www.accuratereviews.com\/it\/software-cms\/m-files-recensione\/","og_locale":"it_IT","og_type":"article","og_title":"M-Files: recensione soluzione CMS - Accurate Reviews","og_description":"M-Files: recensione piattaforma di gestione contenuti\u00a0progettata per aiutare le aziende nella gestione di informazioni e documenti della propria attivit\u00e0.","og_url":"https:\/\/www.accuratereviews.com\/it\/software-cms\/m-files-recensione\/","og_site_name":"Accurate Reviews","article_modified_time":"2023-08-04T12:52:10+00:00","og_image":[{"width":932,"height":932,"url":"https:\/\/www.accuratereviews.com\/wp-content\/uploads\/2019\/07\/M-Files1.png","type":"image\/png"}],"twitter_card":"summary_large_image","twitter_misc":{"Tempo di lettura stimato":"4 minuti"},"schema":{"@context":"https:\/\/schema.org","@graph":[{"@type":"WebPage","@id":"https:\/\/www.accuratereviews.com\/it\/software-cms\/m-files-recensione\/","url":"https:\/\/www.accuratereviews.com\/it\/software-cms\/m-files-recensione\/","name":"M-Files: recensione soluzione CMS - Accurate Reviews","isPartOf":{"@id":"https:\/\/www.accuratereviews.com\/it\/#website"},"primaryImageOfPage":{"@id":"https:\/\/www.accuratereviews.com\/it\/software-cms\/m-files-recensione\/#primaryimage"},"image":{"@id":"https:\/\/www.accuratereviews.com\/it\/software-cms\/m-files-recensione\/#primaryimage"},"thumbnailUrl":"https:\/\/www.accuratereviews.com\/wp-content\/uploads\/2019\/07\/M-Files1.png","datePublished":"2019-07-09T15:28:29+00:00","dateModified":"2023-08-04T12:52:10+00:00","description":"M-Files: recensione piattaforma di gestione contenuti\u00a0progettata per aiutare le aziende nella gestione di informazioni e documenti della propria attivit\u00e0.","breadcrumb":{"@id":"https:\/\/www.accuratereviews.com\/it\/software-cms\/m-files-recensione\/#breadcrumb"},"inLanguage":"it-IT","potentialAction":[{"@type":"ReadAction","target":["https:\/\/www.accuratereviews.com\/it\/software-cms\/m-files-recensione\/"]}]},{"@type":"ImageObject","inLanguage":"it-IT","@id":"https:\/\/www.accuratereviews.com\/it\/software-cms\/m-files-recensione\/#primaryimage","url":"https:\/\/www.accuratereviews.com\/wp-content\/uploads\/2019\/07\/M-Files1.png","contentUrl":"https:\/\/www.accuratereviews.com\/wp-content\/uploads\/2019\/07\/M-Files1.png","width":932,"height":932},{"@type":"BreadcrumbList","@id":"https:\/\/www.accuratereviews.com\/it\/software-cms\/m-files-recensione\/#breadcrumb","itemListElement":[{"@type":"ListItem","position":1,"name":"Home","item":"https:\/\/www.accuratereviews.com\/it\/"},{"@type":"ListItem","position":2,"name":"Software CMS","item":"https:\/\/www.accuratereviews.com\/it\/software-cms\/"},{"@type":"ListItem","position":3,"name":"M-Files"}]},{"@type":"WebSite","@id":"https:\/\/www.accuratereviews.com\/it\/#website","url":"https:\/\/www.accuratereviews.com\/it\/","name":"Accurate Reviews","description":"","potentialAction":[{"@type":"SearchAction","target":{"@type":"EntryPoint","urlTemplate":"https:\/\/www.accuratereviews.com\/it\/?s={search_term_string}"},"query-input":{"@type":"PropertyValueSpecification","valueRequired":true,"valueName":"search_term_string"}}],"inLanguage":"it-IT"}]}},"_links":{"self":[{"href":"https:\/\/www.accuratereviews.com\/it\/wp-json\/wp\/v2\/pages\/16482","targetHints":{"allow":["GET"]}}],"collection":[{"href":"https:\/\/www.accuratereviews.com\/it\/wp-json\/wp\/v2\/pages"}],"about":[{"href":"https:\/\/www.accuratereviews.com\/it\/wp-json\/wp\/v2\/types\/page"}],"author":[{"embeddable":true,"href":"https:\/\/www.accuratereviews.com\/it\/wp-json\/wp\/v2\/users\/19"}],"replies":[{"embeddable":true,"href":"https:\/\/www.accuratereviews.com\/it\/wp-json\/wp\/v2\/comments?post=16482"}],"version-history":[{"count":9,"href":"https:\/\/www.accuratereviews.com\/it\/wp-json\/wp\/v2\/pages\/16482\/revisions"}],"predecessor-version":[{"id":71137,"href":"https:\/\/www.accuratereviews.com\/it\/wp-json\/wp\/v2\/pages\/16482\/revisions\/71137"}],"up":[{"embeddable":true,"href":"https:\/\/www.accuratereviews.com\/it\/wp-json\/wp\/v2\/pages\/16175"}],"wp:featuredmedia":[{"embeddable":true,"href":"https:\/\/www.accuratereviews.com\/it\/wp-json\/wp\/v2\/media\/16485"}],"wp:attachment":[{"href":"https:\/\/www.accuratereviews.com\/it\/wp-json\/wp\/v2\/media?parent=16482"}],"wp:term":[{"taxonomy":"category","embeddable":true,"href":"https:\/\/www.accuratereviews.com\/it\/wp-json\/wp\/v2\/categories?post=16482"},{"taxonomy":"post_tag","embeddable":true,"href":"https:\/\/www.accuratereviews.com\/it\/wp-json\/wp\/v2\/tags?post=16482"},{"taxonomy":"features","embeddable":true,"href":"https:\/\/www.accuratereviews.com\/it\/wp-json\/wp\/v2\/features?post=16482"}],"curies":[{"name":"wp","href":"https:\/\/api.w.org\/{rel}","templated":true}]}}