{"id":16494,"date":"2019-07-10T09:58:34","date_gmt":"2019-07-10T09:58:34","guid":{"rendered":"https:\/\/www.accuratereviews.com\/?page_id=16494"},"modified":"2023-08-08T16:20:39","modified_gmt":"2023-08-08T16:20:39","slug":"concretecms-recensione","status":"publish","type":"page","link":"https:\/\/www.accuratereviews.com\/it\/software-cms\/concretecms-recensione\/","title":{"rendered":"ConcreteCMS"},"content":{"rendered":"<p id=\"tw-target-text\" class=\"tw-data-text tw-ta tw-text-small\" dir=\"ltr\" data-placeholder=\"Traduzione\"><span lang=\"it\" tabindex=\"0\"><strong>ConcreteCMS<\/strong>\u00a0\u00e8\u00a0un <strong>sistema di gestione dei contenuti gratuito<\/strong> e <strong>open source<\/strong>\u00a0innovativo e potente, che mira a risolvere le sfide legate alla creazione e all&#8217;esecuzione di un sito web in una piattaforma completa con processi semplici e senza costi aggiuntivi. Come software libero e open source (FOSS) sotto la licenza del software MIT, permette agli utenti di fare letteralmente tutto ci\u00f2 che vogliono con questo programma. Infatti, <strong>ConcreteCMS<\/strong>\u00a0offre funzionalit\u00e0 molto pi\u00f9 avanzate di quelle che un utente si aspetterebbe da uno strumento completamente gratuito. Chiunque pu\u00f2 iniziare a creare il proprio sito web in pochi secondi e l&#8217;esperienza di editing \u00e8 memorabile. Gli sviluppatori hanno un framework flessibile e robusto per la realizzazione di sofisticate applicazioni web. Allo stesso tempo, gli utenti sono in grado di apportare modifiche e aggiungere pagine in maniera autonoma.\u00a0<\/span><\/p>\n<h2 dir=\"ltr\" data-placeholder=\"Traduzione\">CONCRETECMS &#8211; TUTORIAL<\/h2>\n<p id=\"tw-target-text\" class=\"tw-data-text tw-ta tw-text-small\" dir=\"ltr\" data-placeholder=\"Traduzione\"><span lang=\"it\" tabindex=\"0\">In questo tutorial introduttivo impariamo come modificare e gestire il tuo sito web con questo CMS:<\/span><\/p>\n<div id=\"fluid-wrapper-counter-1\" class=\"g1-fluid-wrapper \" style=\"width:686px;\">\n<div style=\"padding-bottom:56.268221574344%;\"><iframe loading=\"lazy\" title=\"How to use Concrete 5 - Getting Started -  Basic Editing\" width=\"686\" height=\"386\" src=\"https:\/\/www.youtube.com\/embed\/YJ9oiK8UnP0?feature=oembed&amp;wmode=transparent&amp;autohide=1&amp;autoplay=0&amp;disablekb=0&amp;fs=1&amp;loop=0&amp;enablejsapi=1&amp;rel=0&amp;controls=2&amp;showinfo=0&amp;wmode=transparent&amp;autohide=2&amp;autoplay=0&amp;disablekb=0&amp;fs=1&amp;loop=0&amp;enablejsapi=1&amp;rel=0&amp;controls=2&amp;showinfo=1\" frameborder=\"0\" allow=\"accelerometer; autoplay; clipboard-write; encrypted-media; gyroscope; picture-in-picture; web-share\" allowfullscreen><\/iframe><\/div>\n<\/div>\n<h3>CONCRETECMS -CARATTERISTICHE<\/h3>\n<ul class=\"listing\">\n<li><strong>Editor<\/strong> di testo intuitivo<\/li>\n<li><strong>Toolbar<\/strong> in ogni pagina\u00a0modifica dei contenuti e della struttura del sito durante la navigazione<\/li>\n<li><strong>Anteprima<\/strong> delle modifiche prima della pubblicazione<\/li>\n<li><strong>Storico delle modifiche:<\/strong>\u00a0possibilit\u00e0 di confrontare le modifiche apportate nel tempo ad una data pagina<\/li>\n<li><strong>File manager con integrato Picnik <\/strong>per la manipolazione di immagini<\/li>\n<li><strong>Permessi molto versatili:<\/strong>\u00a0creazione di gruppi di editing, approvazione dei contenuti, monitoraggio delle modifiche<\/li>\n<li><strong>Drag&#8217;n&#8217;drop<\/strong> dei contenuti tra le diverse pagine<\/li>\n<li><strong>Scrapbook<\/strong> per la copia dei contenuti e delle funzionalit\u00e0 da una parte all&#8217;altra del sito<\/li>\n<li><strong>Controllo<\/strong> ortografico integrato<\/li>\n<li><strong>URL flessibili<\/strong> per SEO: ottimizzazione delle pagine per i motori di ricerca<\/li>\n<li><strong>Integrazione<\/strong> semplice con Google Analytics<\/li>\n<li><strong>Sistema di supporto<\/strong> integrato con opzioni per il supporto commerciale (v5.3)<\/li>\n<li><strong>Installazione<\/strong> automatica di temi e add-on (v5.3)<\/li>\n<li><strong>Marketplace<\/strong> libero per i vari add on<\/li>\n<li>P<strong>ianificazione dei contenuti:\u00a0<\/strong>possibilit\u00e0 di scrivere e posticipare la sua pubblicazione in automatico<\/li>\n<li><strong>Box per ogni necessit\u00e0:<\/strong> inclusi uno slide show di foto, integrazione con YouTube, guestbook, supporto per Flash, sondaggi, indagini, motore di ricerca interno, feed RSS, distribuzione sicura di file, Google Maps e un tool per la creazione di moduli.<\/li>\n<\/ul>\n<h4>LE RECENSIONI DEGLI UTENTI<\/h4>\n<p><strong>Raphael &#8220;Uno strumento fantastico per un web migliore&#8221;.<\/strong><br \/>\nCommenti: Costruisco molti siti web per diversi settori come la medicina, l&#8217;edilizia, il cibo, l&#8217;automazione, lo stato reale, ecc. Il principale vantaggio \u00e8 il tempo che risparmio costruendo con concrete5.<br \/>\nPro: Facilit\u00e0 di installazione, configurazione, personalizzazione e miglioramenti. Una grande comunit\u00e0 che aiuta chiunque si trovi in difficolt\u00e0 (se capita). Tonnellate di add-on e un gran numero di opzioni per i temi (potrebbero essere di pi\u00f9, ma va bene cos\u00ec).<br \/>\nContro: Poche opzioni per personalizzare un tema sul sistema centrale e pochi temi in vendita sul mercato.<\/p>\n<p><strong>Liv &#8220;ConcreteCMS Facile da usare&#8221;<\/strong><br \/>\nCommenti: E&#8217; facile e veloce pubblicare, modificare e aggiornare. I menu sono completi e semplici e rendono facile mantenere il sito in funzione.<br \/>\nPro: \u00c8 intuitivo &#8211; il sistema di blocchi \u00e8 molto pi\u00f9 semplice di WordPress. La sua forza sta nella semplicit\u00e0, ma \u00e8 possibile renderlo complesso quanto si vuole con gli add on. Inoltre, \u00e8 molto pi\u00f9 facile organizzare il sito con Concrete5.<br \/>\nContro: Forse ci sono meno add on rispetto alle opzioni di WordPress? Ma non posso dirlo con certezza.<\/p>\n<p><strong>Ed &#8220;Probabilmente il miglior CMS&#8221;<\/strong><br \/>\nCommenti: Uso Concrete5 da oltre 10 anni e non vedo l&#8217;ora di passare a un altro CMS.<br \/>\nPro: &#8211; Puoi realizzare assolutamente tutto ci\u00f2 che i tuoi clienti richiedono con una facilit\u00e0 ritorsiva. &#8211; Clienti felici &#8211; La comunit\u00e0 \u00e8 sempre disponibile ad aiutare e si pu\u00f2 facilmente comunicare con gli sviluppatori principali.<br \/>\nContro: La mancanza di documentazione sullo sviluppo pu\u00f2 causare alcuni problemi.<\/p>\n","protected":false},"excerpt":{"rendered":"<p>ConcreteCMS \u00e8\u00a0un sistema di gestione dei contenuti gratuito e open source\u00a0innovativo e potente, che mira a risolvere le sfide legate alla creazione e all&#8217;esecuzione di un sito web in una piattaforma completa con processi semplici e senza costi aggiuntivi. Come software libero e open source (FOSS) sotto la licenza del software MIT, permette agli utenti di fare letteralmente tutto ci\u00f2 che vogliono con questo programma.<\/p>\n","protected":false},"author":19,"featured_media":16498,"parent":16175,"menu_order":0,"comment_status":"open","ping_status":"closed","template":"g1_template_page_review_new.php","meta":{"_acf_changed":false,"cwp_meta_box_check":"No","cwp_rev_product_name":"","cwp_rev_product_image":"","wppr_links":[],"cwp_rev_price":"","wppr_options":[],"wppr_pros":[],"wppr_cons":[],"_monsterinsights_skip_tracking":false,"_monsterinsights_sitenote_active":false,"_monsterinsights_sitenote_note":"","_monsterinsights_sitenote_category":0,"footnotes":""},"categories":[931],"tags":[246,934,535,933,942],"features":[],"class_list":{"0":"post-16494","1":"page","2":"type-page","3":"status-publish","4":"has-post-thumbnail","6":"category-cms","7":"tag-open-source","8":"tag-programma-cms","9":"tag-programma-gratuito","10":"tag-software-cms","11":"tag-soluzione-cms"},"wppr_data":{"cwp_meta_box_check":"No"},"acf":[],"yoast_head":"<!-- This site is optimized with the Yoast SEO plugin v27.4 - https:\/\/yoast.com\/product\/yoast-seo-wordpress\/ -->\n<title>ConcreteCMS: recensione soluzione CMS - Accurate Reviews<\/title>\n<meta name=\"description\" content=\"ConcreteCMS: recensione sistema di gestione contenuti gratuito che mira a risolvere le sfide legate alla creazione di un sito web.\" \/>\n<meta name=\"robots\" content=\"index, follow, max-snippet:-1, max-image-preview:large, max-video-preview:-1\" \/>\n<link rel=\"canonical\" href=\"https:\/\/www.accuratereviews.com\/it\/software-cms\/concretecms-recensione\/\" \/>\n<meta property=\"og:locale\" content=\"it_IT\" \/>\n<meta property=\"og:type\" content=\"article\" \/>\n<meta property=\"og:title\" content=\"ConcreteCMS: recensione soluzione CMS - Accurate Reviews\" \/>\n<meta property=\"og:description\" content=\"ConcreteCMS: recensione sistema di gestione contenuti gratuito che mira a risolvere le sfide legate alla creazione di un sito web.\" \/>\n<meta property=\"og:url\" content=\"https:\/\/www.accuratereviews.com\/it\/software-cms\/concretecms-recensione\/\" \/>\n<meta property=\"og:site_name\" content=\"Accurate Reviews\" \/>\n<meta property=\"article:modified_time\" content=\"2023-08-08T16:20:39+00:00\" \/>\n<meta property=\"og:image\" content=\"https:\/\/www.accuratereviews.com\/wp-content\/uploads\/2019\/07\/concrete5.png\" \/>\n\t<meta property=\"og:image:width\" content=\"220\" \/>\n\t<meta property=\"og:image:height\" content=\"234\" \/>\n\t<meta property=\"og:image:type\" content=\"image\/png\" \/>\n<meta name=\"twitter:card\" content=\"summary_large_image\" \/>\n<meta name=\"twitter:label1\" content=\"Tempo di lettura stimato\" \/>\n\t<meta name=\"twitter:data1\" content=\"4 minuti\" \/>\n<script type=\"application\/ld+json\" class=\"yoast-schema-graph\">{\"@context\":\"https:\\\/\\\/schema.org\",\"@graph\":[{\"@type\":\"WebPage\",\"@id\":\"https:\\\/\\\/www.accuratereviews.com\\\/it\\\/software-cms\\\/concretecms-recensione\\\/\",\"url\":\"https:\\\/\\\/www.accuratereviews.com\\\/it\\\/software-cms\\\/concretecms-recensione\\\/\",\"name\":\"ConcreteCMS: recensione soluzione CMS - Accurate Reviews\",\"isPartOf\":{\"@id\":\"https:\\\/\\\/www.accuratereviews.com\\\/it\\\/#website\"},\"primaryImageOfPage\":{\"@id\":\"https:\\\/\\\/www.accuratereviews.com\\\/it\\\/software-cms\\\/concretecms-recensione\\\/#primaryimage\"},\"image\":{\"@id\":\"https:\\\/\\\/www.accuratereviews.com\\\/it\\\/software-cms\\\/concretecms-recensione\\\/#primaryimage\"},\"thumbnailUrl\":\"https:\\\/\\\/www.accuratereviews.com\\\/wp-content\\\/uploads\\\/2019\\\/07\\\/concrete5.png\",\"datePublished\":\"2019-07-10T09:58:34+00:00\",\"dateModified\":\"2023-08-08T16:20:39+00:00\",\"description\":\"ConcreteCMS: recensione sistema di gestione contenuti gratuito che mira a risolvere le sfide legate alla creazione di un sito web.\",\"breadcrumb\":{\"@id\":\"https:\\\/\\\/www.accuratereviews.com\\\/it\\\/software-cms\\\/concretecms-recensione\\\/#breadcrumb\"},\"inLanguage\":\"it-IT\",\"potentialAction\":[{\"@type\":\"ReadAction\",\"target\":[\"https:\\\/\\\/www.accuratereviews.com\\\/it\\\/software-cms\\\/concretecms-recensione\\\/\"]}]},{\"@type\":\"ImageObject\",\"inLanguage\":\"it-IT\",\"@id\":\"https:\\\/\\\/www.accuratereviews.com\\\/it\\\/software-cms\\\/concretecms-recensione\\\/#primaryimage\",\"url\":\"https:\\\/\\\/www.accuratereviews.com\\\/wp-content\\\/uploads\\\/2019\\\/07\\\/concrete5.png\",\"contentUrl\":\"https:\\\/\\\/www.accuratereviews.com\\\/wp-content\\\/uploads\\\/2019\\\/07\\\/concrete5.png\",\"width\":220,\"height\":234},{\"@type\":\"BreadcrumbList\",\"@id\":\"https:\\\/\\\/www.accuratereviews.com\\\/it\\\/software-cms\\\/concretecms-recensione\\\/#breadcrumb\",\"itemListElement\":[{\"@type\":\"ListItem\",\"position\":1,\"name\":\"Home\",\"item\":\"https:\\\/\\\/www.accuratereviews.com\\\/it\\\/\"},{\"@type\":\"ListItem\",\"position\":2,\"name\":\"Software CMS\",\"item\":\"https:\\\/\\\/www.accuratereviews.com\\\/it\\\/software-cms\\\/\"},{\"@type\":\"ListItem\",\"position\":3,\"name\":\"ConcreteCMS\"}]},{\"@type\":\"WebSite\",\"@id\":\"https:\\\/\\\/www.accuratereviews.com\\\/it\\\/#website\",\"url\":\"https:\\\/\\\/www.accuratereviews.com\\\/it\\\/\",\"name\":\"Accurate Reviews\",\"description\":\"\",\"potentialAction\":[{\"@type\":\"SearchAction\",\"target\":{\"@type\":\"EntryPoint\",\"urlTemplate\":\"https:\\\/\\\/www.accuratereviews.com\\\/it\\\/?s={search_term_string}\"},\"query-input\":{\"@type\":\"PropertyValueSpecification\",\"valueRequired\":true,\"valueName\":\"search_term_string\"}}],\"inLanguage\":\"it-IT\"}]}<\/script>\n<!-- \/ Yoast SEO plugin. -->","yoast_head_json":{"title":"ConcreteCMS: recensione soluzione CMS - Accurate Reviews","description":"ConcreteCMS: recensione sistema di gestione contenuti gratuito che mira a risolvere le sfide legate alla creazione di un sito web.","robots":{"index":"index","follow":"follow","max-snippet":"max-snippet:-1","max-image-preview":"max-image-preview:large","max-video-preview":"max-video-preview:-1"},"canonical":"https:\/\/www.accuratereviews.com\/it\/software-cms\/concretecms-recensione\/","og_locale":"it_IT","og_type":"article","og_title":"ConcreteCMS: recensione soluzione CMS - Accurate Reviews","og_description":"ConcreteCMS: recensione sistema di gestione contenuti gratuito che mira a risolvere le sfide legate alla creazione di un sito web.","og_url":"https:\/\/www.accuratereviews.com\/it\/software-cms\/concretecms-recensione\/","og_site_name":"Accurate Reviews","article_modified_time":"2023-08-08T16:20:39+00:00","og_image":[{"width":220,"height":234,"url":"https:\/\/www.accuratereviews.com\/wp-content\/uploads\/2019\/07\/concrete5.png","type":"image\/png"}],"twitter_card":"summary_large_image","twitter_misc":{"Tempo di lettura stimato":"4 minuti"},"schema":{"@context":"https:\/\/schema.org","@graph":[{"@type":"WebPage","@id":"https:\/\/www.accuratereviews.com\/it\/software-cms\/concretecms-recensione\/","url":"https:\/\/www.accuratereviews.com\/it\/software-cms\/concretecms-recensione\/","name":"ConcreteCMS: recensione soluzione CMS - Accurate Reviews","isPartOf":{"@id":"https:\/\/www.accuratereviews.com\/it\/#website"},"primaryImageOfPage":{"@id":"https:\/\/www.accuratereviews.com\/it\/software-cms\/concretecms-recensione\/#primaryimage"},"image":{"@id":"https:\/\/www.accuratereviews.com\/it\/software-cms\/concretecms-recensione\/#primaryimage"},"thumbnailUrl":"https:\/\/www.accuratereviews.com\/wp-content\/uploads\/2019\/07\/concrete5.png","datePublished":"2019-07-10T09:58:34+00:00","dateModified":"2023-08-08T16:20:39+00:00","description":"ConcreteCMS: recensione sistema di gestione contenuti gratuito che mira a risolvere le sfide legate alla creazione di un sito web.","breadcrumb":{"@id":"https:\/\/www.accuratereviews.com\/it\/software-cms\/concretecms-recensione\/#breadcrumb"},"inLanguage":"it-IT","potentialAction":[{"@type":"ReadAction","target":["https:\/\/www.accuratereviews.com\/it\/software-cms\/concretecms-recensione\/"]}]},{"@type":"ImageObject","inLanguage":"it-IT","@id":"https:\/\/www.accuratereviews.com\/it\/software-cms\/concretecms-recensione\/#primaryimage","url":"https:\/\/www.accuratereviews.com\/wp-content\/uploads\/2019\/07\/concrete5.png","contentUrl":"https:\/\/www.accuratereviews.com\/wp-content\/uploads\/2019\/07\/concrete5.png","width":220,"height":234},{"@type":"BreadcrumbList","@id":"https:\/\/www.accuratereviews.com\/it\/software-cms\/concretecms-recensione\/#breadcrumb","itemListElement":[{"@type":"ListItem","position":1,"name":"Home","item":"https:\/\/www.accuratereviews.com\/it\/"},{"@type":"ListItem","position":2,"name":"Software CMS","item":"https:\/\/www.accuratereviews.com\/it\/software-cms\/"},{"@type":"ListItem","position":3,"name":"ConcreteCMS"}]},{"@type":"WebSite","@id":"https:\/\/www.accuratereviews.com\/it\/#website","url":"https:\/\/www.accuratereviews.com\/it\/","name":"Accurate Reviews","description":"","potentialAction":[{"@type":"SearchAction","target":{"@type":"EntryPoint","urlTemplate":"https:\/\/www.accuratereviews.com\/it\/?s={search_term_string}"},"query-input":{"@type":"PropertyValueSpecification","valueRequired":true,"valueName":"search_term_string"}}],"inLanguage":"it-IT"}]}},"_links":{"self":[{"href":"https:\/\/www.accuratereviews.com\/it\/wp-json\/wp\/v2\/pages\/16494","targetHints":{"allow":["GET"]}}],"collection":[{"href":"https:\/\/www.accuratereviews.com\/it\/wp-json\/wp\/v2\/pages"}],"about":[{"href":"https:\/\/www.accuratereviews.com\/it\/wp-json\/wp\/v2\/types\/page"}],"author":[{"embeddable":true,"href":"https:\/\/www.accuratereviews.com\/it\/wp-json\/wp\/v2\/users\/19"}],"replies":[{"embeddable":true,"href":"https:\/\/www.accuratereviews.com\/it\/wp-json\/wp\/v2\/comments?post=16494"}],"version-history":[{"count":16,"href":"https:\/\/www.accuratereviews.com\/it\/wp-json\/wp\/v2\/pages\/16494\/revisions"}],"predecessor-version":[{"id":71234,"href":"https:\/\/www.accuratereviews.com\/it\/wp-json\/wp\/v2\/pages\/16494\/revisions\/71234"}],"up":[{"embeddable":true,"href":"https:\/\/www.accuratereviews.com\/it\/wp-json\/wp\/v2\/pages\/16175"}],"wp:featuredmedia":[{"embeddable":true,"href":"https:\/\/www.accuratereviews.com\/it\/wp-json\/wp\/v2\/media\/16498"}],"wp:attachment":[{"href":"https:\/\/www.accuratereviews.com\/it\/wp-json\/wp\/v2\/media?parent=16494"}],"wp:term":[{"taxonomy":"category","embeddable":true,"href":"https:\/\/www.accuratereviews.com\/it\/wp-json\/wp\/v2\/categories?post=16494"},{"taxonomy":"post_tag","embeddable":true,"href":"https:\/\/www.accuratereviews.com\/it\/wp-json\/wp\/v2\/tags?post=16494"},{"taxonomy":"features","embeddable":true,"href":"https:\/\/www.accuratereviews.com\/it\/wp-json\/wp\/v2\/features?post=16494"}],"curies":[{"name":"wp","href":"https:\/\/api.w.org\/{rel}","templated":true}]}}