{"id":16633,"date":"2019-07-12T08:33:58","date_gmt":"2019-07-12T08:33:58","guid":{"rendered":"https:\/\/www.accuratereviews.com\/?page_id=16633"},"modified":"2023-08-30T09:15:14","modified_gmt":"2023-08-30T09:15:14","slug":"monday-com-recensione","status":"publish","type":"page","link":"https:\/\/www.accuratereviews.com\/it\/software-cms\/monday-com-recensione\/","title":{"rendered":"Monday.com"},"content":{"rendered":"<p><strong>Monday.com<\/strong> \u00e8 un programma di <strong>content management<\/strong> che ti permette di creare e gestire un sito web in maniera semplice. Pensa e pianifica un qualsiasi progetto scegliendo tra i temi e i modelli per creare il tuo flusso di lavoro e iniziare a lavorare e a collaborare con il tuo team. Il primo passo sta proprio nel scegliere un template da personalizzare e adattare alle tue esigenze e a quelle del tuo team lavorativo. Si tratta di un <strong>sistema CMS<\/strong> semplice e intuitivo che facilita il lavoro di gruppo poich\u00e9 permette di risparmiare molto tempo che, di norma, si investe in lunghe conversazioni durante le riunioni piuttosto che via email. <strong>Monday.com<\/strong> \u00e8 compatibile con i principali sistemi operativi (Windows e Mac) e con i dispositivi mobile iOS e Android.<\/p>\n<h2>MONDAY.COM &#8211; TUTORIAL<\/h2>\n<p>Diamo un&#8217;occhiata a questo video tutorial per comprendere come funziona questo programma:<\/p>\n<div id=\"fluid-wrapper-counter-1\" class=\"g1-fluid-wrapper \" style=\"width:686px;\">\n<div style=\"padding-bottom:56.268221574344%;\"><iframe loading=\"lazy\" title=\"Monday.Com 2018 Beginner Introduction Training Tutorial\" width=\"686\" height=\"386\" src=\"https:\/\/www.youtube.com\/embed\/IIvNKJsiLJ0?feature=oembed&amp;wmode=transparent&amp;autohide=1&amp;autoplay=0&amp;disablekb=0&amp;fs=1&amp;loop=0&amp;enablejsapi=1&amp;rel=0&amp;controls=2&amp;showinfo=0&amp;wmode=transparent&amp;autohide=2&amp;autoplay=0&amp;disablekb=0&amp;fs=1&amp;loop=0&amp;enablejsapi=1&amp;rel=0&amp;controls=2&amp;showinfo=1\" frameborder=\"0\" allow=\"accelerometer; autoplay; clipboard-write; encrypted-media; gyroscope; picture-in-picture; web-share\" allowfullscreen><\/iframe><\/div>\n<\/div>\n<h3>MONDAY.COM &#8211; CARATTERISTICHE<\/h3>\n<p>Di seguito elenchiamo le principali caratteristiche:<\/p>\n<ul>\n<li>Gestione dei <strong>contenuti<\/strong><\/li>\n<li>Gestione delle <strong>vendite<\/strong><\/li>\n<li>\n<div>Monitoraggio dello <strong>spazio pubblicitario<\/strong><\/div>\n<\/li>\n<li>\n<div>Monitoraggio dei <strong>bug<\/strong><\/div>\n<\/li>\n<li>\n<div>Gestione dei <strong>compiti<\/strong><\/div>\n<\/li>\n<li>\n<div>Gestione di <strong>eventi<\/strong><\/div>\n<\/li>\n<li>\n<div>Produzione e<strong> gestione dei video<\/strong><\/div>\n<\/li>\n<li>Gestione dei <strong>clienti<\/strong><\/li>\n<li>Gestione del <strong>flusso di lavoro<\/strong><\/li>\n<li>Gestione di <strong>progetti Designer<\/strong><\/li>\n<li>Gestione <strong>GDPR<\/strong><\/li>\n<li>Pianificazione del<strong> progetto<\/strong><\/li>\n<li>Gestione di <strong>team remoti<\/strong><\/li>\n<li><strong>Digitalizzazione aziendale<\/strong><\/li>\n<li>Gestione delle <strong>relazioni con i clienti e con il team<\/strong><\/li>\n<li>Gestione del <strong>tempo<\/strong><\/li>\n<li>\n<div><strong>Roadmap del prodotto<\/strong>.<\/div>\n<\/li>\n<\/ul>\n<h4>LE RECENSIONI DEGLI UTENTI<\/h4>\n<p><strong>Taha &#8220;Efficiente collaborazione di squadra con Monday.com&#8221;<\/strong><br \/>\nPro: Monday.com offre un team straordinario e uno spazio di lavoro collaborativo che migliora la produttivit\u00e0 del lavoro da remoto.<br \/>\nContro: Monday.com pu\u00f2 essere un po&#8217; costoso per le startup e le piccole imprese, rendendolo meno accessibile a chi ha un budget limitato.<\/p>\n<p><strong>Luca &#8220;Poco integrata&#8221;<\/strong><br \/>\nPro: i vantaggi a disposizione sono gli stessi dei sui competitors gestione team razzionalizzazzione del tempo niente di pi\u00f9.<br \/>\nContro: risulta poco integrato con altri software di terzi e questo avvolte rallenta il lavoro oltre agli eventuali altri costi per sopperire a queste mancanze.<\/p>\n<p><strong>Roberto &#8220;Monday &#8211; veramente semplice e intuitivo&#8221;<\/strong><br \/>\nCommenti: il vantaggio principale \u00e8 stato semplificare la condivisione dei task e la gestione dei progetti IT.<br \/>\nPro: la praticit\u00e0 e la semplicit\u00e0 di utilizzo. La rapidit\u00e0 nel creare \/ modificare dei task \u00e8 veramente il massimo anche rispetto ad altri strumenti (Es Trello).<br \/>\nContro: a volte troppo confusionario nelle feature possibili\u2026 fin troppo esteso\u2026<\/p>\n","protected":false},"excerpt":{"rendered":"<p>Monday.com \u00e8 un programma di content management che ti permette di creare e gestire un sito web in maniera semplice. Pensa e pianifica un qualsiasi progetto scegliendo tra i temi e i modelli per creare il tuo flusso di lavoro e iniziare a lavorare e a collaborare con il tuo team. \u00a0<\/p>\n","protected":false},"author":17,"featured_media":16635,"parent":16175,"menu_order":0,"comment_status":"open","ping_status":"closed","template":"g1_template_page_review_new.php","meta":{"_acf_changed":false,"cwp_meta_box_check":"Yes","cwp_rev_product_name":"","cwp_rev_product_image":"","wppr_links":[],"cwp_rev_price":"","wppr_options":[{"name":"Usability","value":"0"},{"name":"Speed","value":"0"},{"name":"Features","value":"0"},{"name":"Support","value":"0"},{"name":"Pricing","value":"0"}],"wppr_pros":["","","","",""],"wppr_cons":["","","","",""],"_monsterinsights_skip_tracking":false,"_monsterinsights_sitenote_active":false,"_monsterinsights_sitenote_note":"","_monsterinsights_sitenote_category":0,"footnotes":""},"categories":[931],"tags":[946,958,959,948,932,933],"features":[],"class_list":{"0":"post-16633","1":"page","2":"type-page","3":"status-publish","4":"has-post-thumbnail","6":"category-cms","7":"tag-cms","8":"tag-content-management","9":"tag-data-entry","10":"tag-gestione-contenuti","11":"tag-sistema-cms","12":"tag-software-cms"},"wppr_data":{"cwp_meta_box_check":"Yes","cwp_rev_product_name":"","_wppr_review_template":"default","cwp_rev_product_image":"","cwp_image_link":"image","wppr_links":[],"cwp_rev_price":"","wppr_pros":["","","","",""],"wppr_cons":["","","","",""],"wppr_rating":"0.00","wppr_options":{"1":{"name":"Usability","value":"0"},"2":{"name":"Speed","value":"0"},"3":{"name":"Features","value":"0"},"4":{"name":"Support","value":"0"},"5":{"name":"Pricing","value":"0"}},"wppr_review_type":"Product","wppr_review_custom_fields":{"additionalProperty":"","additionalType":"","aggregateRating":"","alternateName":"","audience":"","award":"","awards":"","brand":"","color":"","depth":"","description":"","disambiguatingDescription":"","gtin12":"","gtin13":"","gtin14":"","gtin8":"","height":"","identifier":"","image":"","isAccessoryOrSparePartFor":"","isConsumableFor":"","isRelatedTo":"","isSimilarTo":"","itemCondition":"","logo":"","mainEntityOfPage":"","manufacturer":"","material":"","model":"","mpn":"","name":"","offers":"","potentialAction":"","productID":"","productionDate":"","purchaseDate":"","releaseDate":"","review":"","reviews":"","sameAs":"","sku":"","slogan":"","subjectOf":"","url":"","weight":"","width":""}},"acf":[],"yoast_head":"<!-- This site is optimized with the Yoast SEO plugin v27.4 - https:\/\/yoast.com\/product\/yoast-seo-wordpress\/ -->\n<title>Monday.com - Accurate Reviews<\/title>\n<meta name=\"description\" content=\"Monday.com: recensione del programma di content management che ti permette di creare e gestire un sito web in maniera semplice.\" \/>\n<meta name=\"robots\" content=\"index, follow, max-snippet:-1, max-image-preview:large, max-video-preview:-1\" \/>\n<link rel=\"canonical\" href=\"https:\/\/www.accuratereviews.com\/it\/software-cms\/monday-com-recensione\/\" \/>\n<meta property=\"og:locale\" content=\"it_IT\" \/>\n<meta property=\"og:type\" content=\"article\" \/>\n<meta property=\"og:title\" content=\"Monday.com - Accurate Reviews\" \/>\n<meta property=\"og:description\" content=\"Monday.com: recensione del programma di content management che ti permette di creare e gestire un sito web in maniera semplice.\" \/>\n<meta property=\"og:url\" content=\"https:\/\/www.accuratereviews.com\/it\/software-cms\/monday-com-recensione\/\" \/>\n<meta property=\"og:site_name\" content=\"Accurate Reviews\" \/>\n<meta property=\"article:modified_time\" content=\"2023-08-30T09:15:14+00:00\" \/>\n<meta property=\"og:image\" content=\"https:\/\/www.accuratereviews.com\/wp-content\/uploads\/2019\/07\/473465-monday-com-logo-formerly-dapulse.png\" \/>\n\t<meta property=\"og:image:width\" content=\"333\" \/>\n\t<meta property=\"og:image:height\" content=\"247\" \/>\n\t<meta property=\"og:image:type\" content=\"image\/png\" \/>\n<meta name=\"twitter:card\" content=\"summary_large_image\" \/>\n<meta name=\"twitter:label1\" content=\"Tempo di lettura stimato\" \/>\n\t<meta name=\"twitter:data1\" content=\"3 minuti\" \/>\n<script type=\"application\/ld+json\" class=\"yoast-schema-graph\">{\"@context\":\"https:\\\/\\\/schema.org\",\"@graph\":[{\"@type\":\"WebPage\",\"@id\":\"https:\\\/\\\/www.accuratereviews.com\\\/it\\\/software-cms\\\/monday-com-recensione\\\/\",\"url\":\"https:\\\/\\\/www.accuratereviews.com\\\/it\\\/software-cms\\\/monday-com-recensione\\\/\",\"name\":\"Monday.com - Accurate Reviews\",\"isPartOf\":{\"@id\":\"https:\\\/\\\/www.accuratereviews.com\\\/it\\\/#website\"},\"primaryImageOfPage\":{\"@id\":\"https:\\\/\\\/www.accuratereviews.com\\\/it\\\/software-cms\\\/monday-com-recensione\\\/#primaryimage\"},\"image\":{\"@id\":\"https:\\\/\\\/www.accuratereviews.com\\\/it\\\/software-cms\\\/monday-com-recensione\\\/#primaryimage\"},\"thumbnailUrl\":\"https:\\\/\\\/www.accuratereviews.com\\\/wp-content\\\/uploads\\\/2019\\\/07\\\/473465-monday-com-logo-formerly-dapulse.png\",\"datePublished\":\"2019-07-12T08:33:58+00:00\",\"dateModified\":\"2023-08-30T09:15:14+00:00\",\"description\":\"Monday.com: recensione del programma di content management che ti permette di creare e gestire un sito web in maniera semplice.\",\"breadcrumb\":{\"@id\":\"https:\\\/\\\/www.accuratereviews.com\\\/it\\\/software-cms\\\/monday-com-recensione\\\/#breadcrumb\"},\"inLanguage\":\"it-IT\",\"potentialAction\":[{\"@type\":\"ReadAction\",\"target\":[\"https:\\\/\\\/www.accuratereviews.com\\\/it\\\/software-cms\\\/monday-com-recensione\\\/\"]}]},{\"@type\":\"ImageObject\",\"inLanguage\":\"it-IT\",\"@id\":\"https:\\\/\\\/www.accuratereviews.com\\\/it\\\/software-cms\\\/monday-com-recensione\\\/#primaryimage\",\"url\":\"https:\\\/\\\/www.accuratereviews.com\\\/wp-content\\\/uploads\\\/2019\\\/07\\\/473465-monday-com-logo-formerly-dapulse.png\",\"contentUrl\":\"https:\\\/\\\/www.accuratereviews.com\\\/wp-content\\\/uploads\\\/2019\\\/07\\\/473465-monday-com-logo-formerly-dapulse.png\",\"width\":333,\"height\":247},{\"@type\":\"BreadcrumbList\",\"@id\":\"https:\\\/\\\/www.accuratereviews.com\\\/it\\\/software-cms\\\/monday-com-recensione\\\/#breadcrumb\",\"itemListElement\":[{\"@type\":\"ListItem\",\"position\":1,\"name\":\"Home\",\"item\":\"https:\\\/\\\/www.accuratereviews.com\\\/it\\\/\"},{\"@type\":\"ListItem\",\"position\":2,\"name\":\"Software CMS\",\"item\":\"https:\\\/\\\/www.accuratereviews.com\\\/it\\\/software-cms\\\/\"},{\"@type\":\"ListItem\",\"position\":3,\"name\":\"Monday.com\"}]},{\"@type\":\"WebSite\",\"@id\":\"https:\\\/\\\/www.accuratereviews.com\\\/it\\\/#website\",\"url\":\"https:\\\/\\\/www.accuratereviews.com\\\/it\\\/\",\"name\":\"Accurate Reviews\",\"description\":\"\",\"potentialAction\":[{\"@type\":\"SearchAction\",\"target\":{\"@type\":\"EntryPoint\",\"urlTemplate\":\"https:\\\/\\\/www.accuratereviews.com\\\/it\\\/?s={search_term_string}\"},\"query-input\":{\"@type\":\"PropertyValueSpecification\",\"valueRequired\":true,\"valueName\":\"search_term_string\"}}],\"inLanguage\":\"it-IT\"}]}<\/script>\n<!-- \/ Yoast SEO plugin. -->","yoast_head_json":{"title":"Monday.com - Accurate Reviews","description":"Monday.com: recensione del programma di content management che ti permette di creare e gestire un sito web in maniera semplice.","robots":{"index":"index","follow":"follow","max-snippet":"max-snippet:-1","max-image-preview":"max-image-preview:large","max-video-preview":"max-video-preview:-1"},"canonical":"https:\/\/www.accuratereviews.com\/it\/software-cms\/monday-com-recensione\/","og_locale":"it_IT","og_type":"article","og_title":"Monday.com - Accurate Reviews","og_description":"Monday.com: recensione del programma di content management che ti permette di creare e gestire un sito web in maniera semplice.","og_url":"https:\/\/www.accuratereviews.com\/it\/software-cms\/monday-com-recensione\/","og_site_name":"Accurate Reviews","article_modified_time":"2023-08-30T09:15:14+00:00","og_image":[{"width":333,"height":247,"url":"https:\/\/www.accuratereviews.com\/wp-content\/uploads\/2019\/07\/473465-monday-com-logo-formerly-dapulse.png","type":"image\/png"}],"twitter_card":"summary_large_image","twitter_misc":{"Tempo di lettura stimato":"3 minuti"},"schema":{"@context":"https:\/\/schema.org","@graph":[{"@type":"WebPage","@id":"https:\/\/www.accuratereviews.com\/it\/software-cms\/monday-com-recensione\/","url":"https:\/\/www.accuratereviews.com\/it\/software-cms\/monday-com-recensione\/","name":"Monday.com - Accurate Reviews","isPartOf":{"@id":"https:\/\/www.accuratereviews.com\/it\/#website"},"primaryImageOfPage":{"@id":"https:\/\/www.accuratereviews.com\/it\/software-cms\/monday-com-recensione\/#primaryimage"},"image":{"@id":"https:\/\/www.accuratereviews.com\/it\/software-cms\/monday-com-recensione\/#primaryimage"},"thumbnailUrl":"https:\/\/www.accuratereviews.com\/wp-content\/uploads\/2019\/07\/473465-monday-com-logo-formerly-dapulse.png","datePublished":"2019-07-12T08:33:58+00:00","dateModified":"2023-08-30T09:15:14+00:00","description":"Monday.com: recensione del programma di content management che ti permette di creare e gestire un sito web in maniera semplice.","breadcrumb":{"@id":"https:\/\/www.accuratereviews.com\/it\/software-cms\/monday-com-recensione\/#breadcrumb"},"inLanguage":"it-IT","potentialAction":[{"@type":"ReadAction","target":["https:\/\/www.accuratereviews.com\/it\/software-cms\/monday-com-recensione\/"]}]},{"@type":"ImageObject","inLanguage":"it-IT","@id":"https:\/\/www.accuratereviews.com\/it\/software-cms\/monday-com-recensione\/#primaryimage","url":"https:\/\/www.accuratereviews.com\/wp-content\/uploads\/2019\/07\/473465-monday-com-logo-formerly-dapulse.png","contentUrl":"https:\/\/www.accuratereviews.com\/wp-content\/uploads\/2019\/07\/473465-monday-com-logo-formerly-dapulse.png","width":333,"height":247},{"@type":"BreadcrumbList","@id":"https:\/\/www.accuratereviews.com\/it\/software-cms\/monday-com-recensione\/#breadcrumb","itemListElement":[{"@type":"ListItem","position":1,"name":"Home","item":"https:\/\/www.accuratereviews.com\/it\/"},{"@type":"ListItem","position":2,"name":"Software CMS","item":"https:\/\/www.accuratereviews.com\/it\/software-cms\/"},{"@type":"ListItem","position":3,"name":"Monday.com"}]},{"@type":"WebSite","@id":"https:\/\/www.accuratereviews.com\/it\/#website","url":"https:\/\/www.accuratereviews.com\/it\/","name":"Accurate Reviews","description":"","potentialAction":[{"@type":"SearchAction","target":{"@type":"EntryPoint","urlTemplate":"https:\/\/www.accuratereviews.com\/it\/?s={search_term_string}"},"query-input":{"@type":"PropertyValueSpecification","valueRequired":true,"valueName":"search_term_string"}}],"inLanguage":"it-IT"}]}},"_links":{"self":[{"href":"https:\/\/www.accuratereviews.com\/it\/wp-json\/wp\/v2\/pages\/16633","targetHints":{"allow":["GET"]}}],"collection":[{"href":"https:\/\/www.accuratereviews.com\/it\/wp-json\/wp\/v2\/pages"}],"about":[{"href":"https:\/\/www.accuratereviews.com\/it\/wp-json\/wp\/v2\/types\/page"}],"author":[{"embeddable":true,"href":"https:\/\/www.accuratereviews.com\/it\/wp-json\/wp\/v2\/users\/17"}],"replies":[{"embeddable":true,"href":"https:\/\/www.accuratereviews.com\/it\/wp-json\/wp\/v2\/comments?post=16633"}],"version-history":[{"count":8,"href":"https:\/\/www.accuratereviews.com\/it\/wp-json\/wp\/v2\/pages\/16633\/revisions"}],"predecessor-version":[{"id":71585,"href":"https:\/\/www.accuratereviews.com\/it\/wp-json\/wp\/v2\/pages\/16633\/revisions\/71585"}],"up":[{"embeddable":true,"href":"https:\/\/www.accuratereviews.com\/it\/wp-json\/wp\/v2\/pages\/16175"}],"wp:featuredmedia":[{"embeddable":true,"href":"https:\/\/www.accuratereviews.com\/it\/wp-json\/wp\/v2\/media\/16635"}],"wp:attachment":[{"href":"https:\/\/www.accuratereviews.com\/it\/wp-json\/wp\/v2\/media?parent=16633"}],"wp:term":[{"taxonomy":"category","embeddable":true,"href":"https:\/\/www.accuratereviews.com\/it\/wp-json\/wp\/v2\/categories?post=16633"},{"taxonomy":"post_tag","embeddable":true,"href":"https:\/\/www.accuratereviews.com\/it\/wp-json\/wp\/v2\/tags?post=16633"},{"taxonomy":"features","embeddable":true,"href":"https:\/\/www.accuratereviews.com\/it\/wp-json\/wp\/v2\/features?post=16633"}],"curies":[{"name":"wp","href":"https:\/\/api.w.org\/{rel}","templated":true}]}}