{"id":16723,"date":"2019-07-17T09:30:07","date_gmt":"2019-07-17T09:30:07","guid":{"rendered":"https:\/\/www.accuratereviews.com\/?page_id=16723"},"modified":"2023-08-30T09:24:29","modified_gmt":"2023-08-30T09:24:29","slug":"third-light-recensione","status":"publish","type":"page","link":"https:\/\/www.accuratereviews.com\/it\/software-cms\/third-light-recensione\/","title":{"rendered":"Third Light"},"content":{"rendered":"<p><strong>Third Light<\/strong> \u00e8 una <strong>piattaforma CMS<\/strong> che permette di gestire le risorse digitali in modo semplice, veloce e sicuro. Si tratta di un programma ricco di funzionalit\u00e0 che organizza, modifica, condivide e tiene tutti i tuoi file digitali per facilitare la collaborazione con team interni e partner esterni. Chorus \u00e8 una <strong>libreria multimediale digitale<\/strong>, estremamente user-friendly progettata per agenzie di marketing, fotografi, tema IT, editori, insegnanti che necessitano di uno spazio virtuale che consente loro di personalizzare il propio modo di lavorare. \u00c8 un <strong>content management system<\/strong> che facilita la pubblicazione di contenuti grazie a un sistema di sicurezza unico che invia i link tramite email ricollegandovi alle librerie e alle cartelle di file. \u00c8 dotato di funzionalit\u00e0 drag-and-drop e compatibile con PC, Mac e iPad.<\/p>\n<h2>THIRD LIGHT &#8211; TUTORIAL<\/h2>\n<div id=\"fluid-wrapper-counter-1\" class=\"g1-fluid-wrapper \" style=\"width:686px;\">\n<div style=\"padding-bottom:56.268221574344%;\"><iframe loading=\"lazy\" title=\"Chorus by Third Light\" width=\"686\" height=\"386\" src=\"https:\/\/www.youtube.com\/embed\/gEZ1Tf3ZkAo?feature=oembed&amp;wmode=transparent&amp;autohide=1&amp;autoplay=0&amp;disablekb=0&amp;fs=1&amp;loop=0&amp;enablejsapi=1&amp;rel=0&amp;controls=2&amp;showinfo=0&amp;wmode=transparent&amp;autohide=2&amp;autoplay=0&amp;disablekb=0&amp;fs=1&amp;loop=0&amp;enablejsapi=1&amp;rel=0&amp;controls=2&amp;showinfo=1\" frameborder=\"0\" allow=\"accelerometer; autoplay; clipboard-write; encrypted-media; gyroscope; picture-in-picture; web-share\" allowfullscreen><\/iframe><\/div>\n<\/div>\n<h3>THIRD LIGHT &#8211; CARATTERISTICHE<\/h3>\n<p>Di seguito le principali caratteristiche di questo <strong>CMS<\/strong>:<\/p>\n<ul>\n<li><strong>Libreria multimediale digitale<\/strong>: carica\u00a0tutti i tuoi file, foto, video, audio e testi in un&#8217;unica raccolta sicura. Salva\u00a0i file multimediali sul tuo server locale o su un cloud privato cos\u00ec da poterti connettere ai tuoi file ovunque e in qualsiasi momento<\/li>\n<li><strong>Caricamento file<\/strong>: importa tutti i tuoi file in modo semplice e veloce. Elimina i duplicati, conserva o cambia le tue cartelle e modifica i tuoi media in un sistema ordinato, chiaro e personalizzato<\/li>\n<li><strong>Ricerca visiva intelligente<\/strong>: cerca e organizza i file in base a tag significativi, metadati, didascalie e parole chiave cos\u00ec da poterli trovare facilmente quando ti servono<\/li>\n<li><strong>Invio e condivisione<\/strong>: invia\u00a0file, foto e cartelle a colleghi e clienti con un solo clic!\u00a0Condividili direttamente su FTP, Dropbox, Facebook e Twitter<\/li>\n<li><strong>Conversione in qualsiasi formato di file<\/strong>: ridimensiona le immagini per dispositivi mobile, ricolora grafica per la stampa e riformatta video per il web<\/li>\n<li><strong>Applicazioni integrate<\/strong>: integra tutte le tue applicazioni preferite grazie ai numerosi plugin disponibili<\/li>\n<li><strong>Formazione e supporto<\/strong>: se fai fatica a utilizzare questo programma,\u00a0prenota uno dei laboratori di formazione gratuiti o a pagamento o rivolgiti al team di supporto, sempre pronto a offrire assistenza e consulenza in ogni momento.<\/li>\n<\/ul>\n<h4>LE RECENSIONI DEGLI UTENTI<\/h4>\n<p><strong>Ambra &#8220;Un affettuoso addio&#8221;<\/strong><br \/>\nCommenti: Il nostro rappresentante era fenomenale. \u00c8 sempre stato un piacere lavorare con lui. Era gentile e molto premuroso. Ci \u00e8 piaciuto lavorare con lui e ci mancher\u00e0 terribilmente.<br \/>\nPro: Il software era un ottimo strumento e siamo stati grati di averlo.<br \/>\nContro: Gli utenti finali sembrano avere problemi a navigare nel sito.<\/p>\n<p><strong>Barb &#8220;La Terza Luce ci tiene organizzati&#8221;<\/strong><br \/>\nCommenti: Nei quattro anni in cui abbiamo utilizzato il sistema di gestione delle risorse di Third Light, \u00e8 stato molto utile sia per mantenerci organizzati sia per consentire agli utenti di visualizzare e accedere ai file necessari per completare le attivit\u00e0 quotidiane. La facilit\u00e0 di ricerca dei file ci permette di lavorare in modo pi\u00f9 efficiente su progetti di qualsiasi dimensione. Siamo molto soddisfatti anche del servizio clienti che ci \u00e8 stato fornito. I problemi tecnici sono stati gestiti in modo professionale e tempestivo. Anche se vorremmo vedere alcune funzioni aggiuntive, Third Light \u00e8 stata un&#8217;aggiunta incredibilmente utile al nostro flusso di lavoro.<\/p>\n<p><strong>Kieran &#8220;Thirdlight&#8221;<\/strong><br \/>\nCommenti: Team di supporto amichevole e software intuitivo.<br \/>\nPro: Mi piace l&#8217;interfaccia utente aggiornata, la robusta funzione di ricerca e la funzione &#8220;crea derivato&#8221;.<br \/>\nContro: Ci sono stati alcuni piccoli problemi nella migrazione delle parole chiave e dei metadati, ma sono stati risolti.<\/p>\n","protected":false},"excerpt":{"rendered":"<p>Third Light \u00e8 una piattaforma CMS che permette di gestire le risorse digitali in modo semplice, veloce e sicuro. Si tratta di un programma ricco di funzionalit\u00e0 che organizza, modifica, condivide e tanga tutti i tuoi file digitali per facilitare la collaborazione con team interni e partner esterni.<\/p>\n","protected":false},"author":17,"featured_media":16724,"parent":16175,"menu_order":0,"comment_status":"open","ping_status":"closed","template":"g1_template_page_review_new.php","meta":{"_acf_changed":false,"cwp_meta_box_check":"Yes","cwp_rev_product_name":"","cwp_rev_product_image":"","wppr_links":[],"cwp_rev_price":"","wppr_options":[{"name":"Usability","value":"0"},{"name":"Speed","value":"0"},{"name":"Features","value":"0"},{"name":"Support","value":"0"},{"name":"Pricing","value":"0"}],"wppr_pros":["","","","",""],"wppr_cons":["","","","",""],"_monsterinsights_skip_tracking":false,"_monsterinsights_sitenote_active":false,"_monsterinsights_sitenote_note":"","_monsterinsights_sitenote_category":0,"footnotes":""},"categories":[931],"tags":[961,950,958,947,932],"features":[],"class_list":{"0":"post-16723","1":"page","2":"type-page","3":"status-publish","4":"has-post-thumbnail","6":"category-cms","7":"tag-cms-piattaforma","8":"tag-cms-software","9":"tag-content-management","10":"tag-inserimento-contenuti","11":"tag-sistema-cms"},"wppr_data":{"cwp_meta_box_check":"Yes","cwp_rev_product_name":"","_wppr_review_template":"default","cwp_rev_product_image":"","cwp_image_link":"image","wppr_links":[],"cwp_rev_price":"","wppr_pros":["","","","",""],"wppr_cons":["","","","",""],"wppr_rating":"0.00","wppr_options":{"1":{"name":"Usability","value":"0"},"2":{"name":"Speed","value":"0"},"3":{"name":"Features","value":"0"},"4":{"name":"Support","value":"0"},"5":{"name":"Pricing","value":"0"}},"wppr_review_type":"Product","wppr_review_custom_fields":{"additionalProperty":"","additionalType":"","aggregateRating":"","alternateName":"","audience":"","award":"","awards":"","brand":"","color":"","depth":"","description":"","disambiguatingDescription":"","gtin12":"","gtin13":"","gtin14":"","gtin8":"","height":"","identifier":"","image":"","isAccessoryOrSparePartFor":"","isConsumableFor":"","isRelatedTo":"","isSimilarTo":"","itemCondition":"","logo":"","mainEntityOfPage":"","manufacturer":"","material":"","model":"","mpn":"","name":"","offers":"","potentialAction":"","productID":"","productionDate":"","purchaseDate":"","releaseDate":"","review":"","reviews":"","sameAs":"","sku":"","slogan":"","subjectOf":"","url":"","weight":"","width":""}},"acf":[],"yoast_head":"<!-- This site is optimized with the Yoast SEO plugin v27.4 - https:\/\/yoast.com\/product\/yoast-seo-wordpress\/ -->\n<title>Third Light: recensione sistema CMS - Accurate Reviews<\/title>\n<meta name=\"description\" content=\"Third Light: recensione della piattaforma CMS che permette di gestire le risorse digitali in modo semplice, veloce e sicuro.\" \/>\n<meta name=\"robots\" content=\"index, follow, max-snippet:-1, max-image-preview:large, max-video-preview:-1\" \/>\n<link rel=\"canonical\" href=\"https:\/\/www.accuratereviews.com\/it\/software-cms\/third-light-recensione\/\" \/>\n<meta property=\"og:locale\" content=\"it_IT\" \/>\n<meta property=\"og:type\" content=\"article\" \/>\n<meta property=\"og:title\" content=\"Third Light: recensione sistema CMS - Accurate Reviews\" \/>\n<meta property=\"og:description\" content=\"Third Light: recensione della piattaforma CMS che permette di gestire le risorse digitali in modo semplice, veloce e sicuro.\" \/>\n<meta property=\"og:url\" content=\"https:\/\/www.accuratereviews.com\/it\/software-cms\/third-light-recensione\/\" \/>\n<meta property=\"og:site_name\" content=\"Accurate Reviews\" \/>\n<meta property=\"article:modified_time\" content=\"2023-08-30T09:24:29+00:00\" \/>\n<meta property=\"og:image\" content=\"https:\/\/www.accuratereviews.com\/wp-content\/uploads\/2019\/07\/U9y71.png\" \/>\n\t<meta property=\"og:image:width\" content=\"5000\" \/>\n\t<meta property=\"og:image:height\" content=\"1775\" \/>\n\t<meta property=\"og:image:type\" content=\"image\/png\" \/>\n<meta name=\"twitter:card\" content=\"summary_large_image\" \/>\n<meta name=\"twitter:label1\" content=\"Tempo di lettura stimato\" \/>\n\t<meta name=\"twitter:data1\" content=\"3 minuti\" \/>\n<script type=\"application\/ld+json\" class=\"yoast-schema-graph\">{\"@context\":\"https:\\\/\\\/schema.org\",\"@graph\":[{\"@type\":\"WebPage\",\"@id\":\"https:\\\/\\\/www.accuratereviews.com\\\/it\\\/software-cms\\\/third-light-recensione\\\/\",\"url\":\"https:\\\/\\\/www.accuratereviews.com\\\/it\\\/software-cms\\\/third-light-recensione\\\/\",\"name\":\"Third Light: recensione sistema CMS - Accurate Reviews\",\"isPartOf\":{\"@id\":\"https:\\\/\\\/www.accuratereviews.com\\\/it\\\/#website\"},\"primaryImageOfPage\":{\"@id\":\"https:\\\/\\\/www.accuratereviews.com\\\/it\\\/software-cms\\\/third-light-recensione\\\/#primaryimage\"},\"image\":{\"@id\":\"https:\\\/\\\/www.accuratereviews.com\\\/it\\\/software-cms\\\/third-light-recensione\\\/#primaryimage\"},\"thumbnailUrl\":\"https:\\\/\\\/www.accuratereviews.com\\\/wp-content\\\/uploads\\\/2019\\\/07\\\/U9y71.png\",\"datePublished\":\"2019-07-17T09:30:07+00:00\",\"dateModified\":\"2023-08-30T09:24:29+00:00\",\"description\":\"Third Light: recensione della piattaforma CMS che permette di gestire le risorse digitali in modo semplice, veloce e sicuro.\",\"breadcrumb\":{\"@id\":\"https:\\\/\\\/www.accuratereviews.com\\\/it\\\/software-cms\\\/third-light-recensione\\\/#breadcrumb\"},\"inLanguage\":\"it-IT\",\"potentialAction\":[{\"@type\":\"ReadAction\",\"target\":[\"https:\\\/\\\/www.accuratereviews.com\\\/it\\\/software-cms\\\/third-light-recensione\\\/\"]}]},{\"@type\":\"ImageObject\",\"inLanguage\":\"it-IT\",\"@id\":\"https:\\\/\\\/www.accuratereviews.com\\\/it\\\/software-cms\\\/third-light-recensione\\\/#primaryimage\",\"url\":\"https:\\\/\\\/www.accuratereviews.com\\\/wp-content\\\/uploads\\\/2019\\\/07\\\/U9y71.png\",\"contentUrl\":\"https:\\\/\\\/www.accuratereviews.com\\\/wp-content\\\/uploads\\\/2019\\\/07\\\/U9y71.png\",\"width\":5000,\"height\":1775},{\"@type\":\"BreadcrumbList\",\"@id\":\"https:\\\/\\\/www.accuratereviews.com\\\/it\\\/software-cms\\\/third-light-recensione\\\/#breadcrumb\",\"itemListElement\":[{\"@type\":\"ListItem\",\"position\":1,\"name\":\"Home\",\"item\":\"https:\\\/\\\/www.accuratereviews.com\\\/it\\\/\"},{\"@type\":\"ListItem\",\"position\":2,\"name\":\"Software CMS\",\"item\":\"https:\\\/\\\/www.accuratereviews.com\\\/it\\\/software-cms\\\/\"},{\"@type\":\"ListItem\",\"position\":3,\"name\":\"Third Light\"}]},{\"@type\":\"WebSite\",\"@id\":\"https:\\\/\\\/www.accuratereviews.com\\\/it\\\/#website\",\"url\":\"https:\\\/\\\/www.accuratereviews.com\\\/it\\\/\",\"name\":\"Accurate Reviews\",\"description\":\"\",\"potentialAction\":[{\"@type\":\"SearchAction\",\"target\":{\"@type\":\"EntryPoint\",\"urlTemplate\":\"https:\\\/\\\/www.accuratereviews.com\\\/it\\\/?s={search_term_string}\"},\"query-input\":{\"@type\":\"PropertyValueSpecification\",\"valueRequired\":true,\"valueName\":\"search_term_string\"}}],\"inLanguage\":\"it-IT\"}]}<\/script>\n<!-- \/ Yoast SEO plugin. -->","yoast_head_json":{"title":"Third Light: recensione sistema CMS - Accurate Reviews","description":"Third Light: recensione della piattaforma CMS che permette di gestire le risorse digitali in modo semplice, veloce e sicuro.","robots":{"index":"index","follow":"follow","max-snippet":"max-snippet:-1","max-image-preview":"max-image-preview:large","max-video-preview":"max-video-preview:-1"},"canonical":"https:\/\/www.accuratereviews.com\/it\/software-cms\/third-light-recensione\/","og_locale":"it_IT","og_type":"article","og_title":"Third Light: recensione sistema CMS - Accurate Reviews","og_description":"Third Light: recensione della piattaforma CMS che permette di gestire le risorse digitali in modo semplice, veloce e sicuro.","og_url":"https:\/\/www.accuratereviews.com\/it\/software-cms\/third-light-recensione\/","og_site_name":"Accurate Reviews","article_modified_time":"2023-08-30T09:24:29+00:00","og_image":[{"width":5000,"height":1775,"url":"https:\/\/www.accuratereviews.com\/wp-content\/uploads\/2019\/07\/U9y71.png","type":"image\/png"}],"twitter_card":"summary_large_image","twitter_misc":{"Tempo di lettura stimato":"3 minuti"},"schema":{"@context":"https:\/\/schema.org","@graph":[{"@type":"WebPage","@id":"https:\/\/www.accuratereviews.com\/it\/software-cms\/third-light-recensione\/","url":"https:\/\/www.accuratereviews.com\/it\/software-cms\/third-light-recensione\/","name":"Third Light: recensione sistema CMS - Accurate Reviews","isPartOf":{"@id":"https:\/\/www.accuratereviews.com\/it\/#website"},"primaryImageOfPage":{"@id":"https:\/\/www.accuratereviews.com\/it\/software-cms\/third-light-recensione\/#primaryimage"},"image":{"@id":"https:\/\/www.accuratereviews.com\/it\/software-cms\/third-light-recensione\/#primaryimage"},"thumbnailUrl":"https:\/\/www.accuratereviews.com\/wp-content\/uploads\/2019\/07\/U9y71.png","datePublished":"2019-07-17T09:30:07+00:00","dateModified":"2023-08-30T09:24:29+00:00","description":"Third Light: recensione della piattaforma CMS che permette di gestire le risorse digitali in modo semplice, veloce e sicuro.","breadcrumb":{"@id":"https:\/\/www.accuratereviews.com\/it\/software-cms\/third-light-recensione\/#breadcrumb"},"inLanguage":"it-IT","potentialAction":[{"@type":"ReadAction","target":["https:\/\/www.accuratereviews.com\/it\/software-cms\/third-light-recensione\/"]}]},{"@type":"ImageObject","inLanguage":"it-IT","@id":"https:\/\/www.accuratereviews.com\/it\/software-cms\/third-light-recensione\/#primaryimage","url":"https:\/\/www.accuratereviews.com\/wp-content\/uploads\/2019\/07\/U9y71.png","contentUrl":"https:\/\/www.accuratereviews.com\/wp-content\/uploads\/2019\/07\/U9y71.png","width":5000,"height":1775},{"@type":"BreadcrumbList","@id":"https:\/\/www.accuratereviews.com\/it\/software-cms\/third-light-recensione\/#breadcrumb","itemListElement":[{"@type":"ListItem","position":1,"name":"Home","item":"https:\/\/www.accuratereviews.com\/it\/"},{"@type":"ListItem","position":2,"name":"Software CMS","item":"https:\/\/www.accuratereviews.com\/it\/software-cms\/"},{"@type":"ListItem","position":3,"name":"Third Light"}]},{"@type":"WebSite","@id":"https:\/\/www.accuratereviews.com\/it\/#website","url":"https:\/\/www.accuratereviews.com\/it\/","name":"Accurate Reviews","description":"","potentialAction":[{"@type":"SearchAction","target":{"@type":"EntryPoint","urlTemplate":"https:\/\/www.accuratereviews.com\/it\/?s={search_term_string}"},"query-input":{"@type":"PropertyValueSpecification","valueRequired":true,"valueName":"search_term_string"}}],"inLanguage":"it-IT"}]}},"_links":{"self":[{"href":"https:\/\/www.accuratereviews.com\/it\/wp-json\/wp\/v2\/pages\/16723","targetHints":{"allow":["GET"]}}],"collection":[{"href":"https:\/\/www.accuratereviews.com\/it\/wp-json\/wp\/v2\/pages"}],"about":[{"href":"https:\/\/www.accuratereviews.com\/it\/wp-json\/wp\/v2\/types\/page"}],"author":[{"embeddable":true,"href":"https:\/\/www.accuratereviews.com\/it\/wp-json\/wp\/v2\/users\/17"}],"replies":[{"embeddable":true,"href":"https:\/\/www.accuratereviews.com\/it\/wp-json\/wp\/v2\/comments?post=16723"}],"version-history":[{"count":9,"href":"https:\/\/www.accuratereviews.com\/it\/wp-json\/wp\/v2\/pages\/16723\/revisions"}],"predecessor-version":[{"id":71589,"href":"https:\/\/www.accuratereviews.com\/it\/wp-json\/wp\/v2\/pages\/16723\/revisions\/71589"}],"up":[{"embeddable":true,"href":"https:\/\/www.accuratereviews.com\/it\/wp-json\/wp\/v2\/pages\/16175"}],"wp:featuredmedia":[{"embeddable":true,"href":"https:\/\/www.accuratereviews.com\/it\/wp-json\/wp\/v2\/media\/16724"}],"wp:attachment":[{"href":"https:\/\/www.accuratereviews.com\/it\/wp-json\/wp\/v2\/media?parent=16723"}],"wp:term":[{"taxonomy":"category","embeddable":true,"href":"https:\/\/www.accuratereviews.com\/it\/wp-json\/wp\/v2\/categories?post=16723"},{"taxonomy":"post_tag","embeddable":true,"href":"https:\/\/www.accuratereviews.com\/it\/wp-json\/wp\/v2\/tags?post=16723"},{"taxonomy":"features","embeddable":true,"href":"https:\/\/www.accuratereviews.com\/it\/wp-json\/wp\/v2\/features?post=16723"}],"curies":[{"name":"wp","href":"https:\/\/api.w.org\/{rel}","templated":true}]}}