{"id":17092,"date":"2019-08-08T15:43:38","date_gmt":"2019-08-08T15:43:38","guid":{"rendered":"https:\/\/www.accuratereviews.com\/?page_id=17092"},"modified":"2019-09-04T15:11:23","modified_gmt":"2019-09-04T15:11:23","slug":"kanban-zone-recensione","status":"publish","type":"page","link":"https:\/\/www.accuratereviews.com\/it\/i-migliori-software-di-project-management-lista\/kanban-zone-recensione\/","title":{"rendered":"Kanban Zone"},"content":{"rendered":"<p id=\"tw-target-text\" class=\"tw-data-text tw-ta tw-text-small\" dir=\"ltr\" data-placeholder=\"Traduzione\"><span lang=\"it\" tabindex=\"0\">Questa soluzione riguarda Kanban. Sia che tu stia cercando di configurare un Kanban personale o un Kanban di portfolio, offrono la possibilit\u00e0 di creare una semplice scheda Kanban o di connettere pi\u00f9 schede all&#8217;interno della tua organizzazione. Con tutte le funzionalit\u00e0 di base che ci si aspetta da uno strumento Kanban, forniscono anche funzionalit\u00e0 avanzate come modelli di carte, campi personalizzati, carte ricorrenti, ecc &#8230; Una caratteristica chiave di Kanban \u00e8 la possibilit\u00e0 di creare schede complesse. Il loro editor di schede \u00e8 molto diverso in quanto offre flessibilit\u00e0 per creare schede. Invece, puoi nidificare le colonne per creare online.<\/span><\/p>\n<div id=\"fluid-wrapper-counter-1\" class=\"g1-fluid-wrapper \" style=\"width:686px;\">\n<div style=\"padding-bottom:56.268221574344%;\"><iframe loading=\"lazy\" title=\"Quick Tour of Kanban Zone\" width=\"686\" height=\"386\" src=\"https:\/\/www.youtube.com\/embed\/qoYIVooHBEk?feature=oembed&amp;wmode=transparent&amp;autohide=1&amp;autoplay=0&amp;disablekb=0&amp;fs=1&amp;loop=0&amp;enablejsapi=1&amp;rel=0&amp;controls=2&amp;showinfo=0&amp;wmode=transparent&amp;autohide=2&amp;autoplay=0&amp;disablekb=0&amp;fs=1&amp;loop=0&amp;enablejsapi=1&amp;rel=0&amp;controls=2&amp;showinfo=1\" frameborder=\"0\" allow=\"accelerometer; autoplay; encrypted-media; gyroscope; picture-in-picture\" allowfullscreen><\/iframe><\/div>\n<\/div>\n<p class=\"tw-data-text tw-ta tw-text-small\" dir=\"ltr\" data-placeholder=\"Traduzione\"><span lang=\"it\" tabindex=\"0\">Supporto Kanban Zone offre una base di conoscenza su Kanban sul loro sito web. Forniscono supporto online ma includono anche coaching nei loro piani a pagamento. <\/span><\/p>\n<p class=\"tw-data-text tw-ta tw-text-small\" dir=\"ltr\" data-placeholder=\"Traduzione\"><span lang=\"it\" tabindex=\"0\">Prezzo Esiste una versione gratuita degli utenti di Kanban personali per iniziare a utilizzare Kanban. Per gli utenti professionali, esiste un&#8217;ottima soluzione per un singolo team o una piccola startup. So come rendere questa soluzione conveniente per le organizzazioni pi\u00f9 grandi.<\/span><\/p>\n","protected":false},"excerpt":{"rendered":"<p>Questa soluzione riguarda Kanban. Sia che tu stia cercando di configurare un Kanban personale o un Kanban di portfolio, offrono la possibilit\u00e0 di creare una semplice scheda Kanban o di connettere pi\u00f9 schede all&#8217;interno della tua organizzazione. Con tutte le funzionalit\u00e0 di base che ci si aspetta da uno strumento Kanban, forniscono anche funzionalit\u00e0 avanzate come modelli di carte, campi personalizzati, carte ricorrenti, ecc &#8230; Una caratteristica chiave di Kanban \u00e8 la possibilit\u00e0 di creare schede complesse. Il loro editor di schede \u00e8 molto diverso in quanto offre flessibilit\u00e0 per creare schede. Invece, puoi nidificare le colonne per creare online.<\/p>\n","protected":false},"author":19,"featured_media":17093,"parent":10050,"menu_order":0,"comment_status":"open","ping_status":"closed","template":"g1_template_page_review_new.php","meta":{"_acf_changed":false,"cwp_meta_box_check":"Yes","cwp_rev_product_name":"","cwp_rev_product_image":"","wppr_links":[],"cwp_rev_price":"","wppr_options":[],"wppr_pros":[],"wppr_cons":[],"_monsterinsights_skip_tracking":false,"_monsterinsights_sitenote_active":false,"_monsterinsights_sitenote_note":"","_monsterinsights_sitenote_category":0,"footnotes":""},"categories":[182],"tags":[427,496,418,498],"features":[],"class_list":{"0":"post-17092","1":"page","2":"type-page","3":"status-publish","4":"has-post-thumbnail","6":"category-project-management-software-it","7":"tag-programma-crm","8":"tag-programma-crm-gratuito","9":"tag-software-crm","10":"tag-software-crm-gratuito"},"wppr_data":{"cwp_meta_box_check":"Yes","cwp_rev_product_name":"","cwp_rev_product_image":"","cwp_image_link":"image","cwp_rev_price":"","wppr_rating":"0.00"},"acf":[],"yoast_head":"<!-- This site is optimized with the Yoast SEO plugin v27.4 - https:\/\/yoast.com\/product\/yoast-seo-wordpress\/ -->\n<title>Kanban Zone :recensione software PMS- Accurate Reviews<\/title>\n<meta name=\"description\" content=\"Kanban Zone: review software PMS board editor is very different as it provides the flexibility to create boards that are not perfect grids.\" \/>\n<meta name=\"robots\" content=\"index, follow, max-snippet:-1, max-image-preview:large, max-video-preview:-1\" \/>\n<link rel=\"canonical\" href=\"https:\/\/www.accuratereviews.com\/it\/i-migliori-software-di-project-management-lista\/kanban-zone-recensione\/\" \/>\n<meta property=\"og:locale\" content=\"it_IT\" \/>\n<meta property=\"og:type\" content=\"article\" \/>\n<meta property=\"og:title\" content=\"Kanban Zone :recensione software PMS- Accurate Reviews\" \/>\n<meta property=\"og:description\" content=\"Kanban Zone: review software PMS board editor is very different as it provides the flexibility to create boards that are not perfect grids.\" \/>\n<meta property=\"og:url\" content=\"https:\/\/www.accuratereviews.com\/it\/i-migliori-software-di-project-management-lista\/kanban-zone-recensione\/\" \/>\n<meta property=\"og:site_name\" content=\"Accurate Reviews\" \/>\n<meta property=\"article:modified_time\" content=\"2019-09-04T15:11:23+00:00\" \/>\n<meta property=\"og:image\" content=\"https:\/\/www.accuratereviews.com\/wp-content\/uploads\/2019\/07\/KanbanZone.png\" \/>\n\t<meta property=\"og:image:width\" content=\"1200\" \/>\n\t<meta property=\"og:image:height\" content=\"627\" \/>\n\t<meta property=\"og:image:type\" content=\"image\/png\" \/>\n<meta name=\"twitter:card\" content=\"summary_large_image\" \/>\n<meta name=\"twitter:label1\" content=\"Tempo di lettura stimato\" \/>\n\t<meta name=\"twitter:data1\" content=\"1 minuto\" \/>\n<script type=\"application\/ld+json\" class=\"yoast-schema-graph\">{\"@context\":\"https:\\\/\\\/schema.org\",\"@graph\":[{\"@type\":\"WebPage\",\"@id\":\"https:\\\/\\\/www.accuratereviews.com\\\/it\\\/i-migliori-software-di-project-management-lista\\\/kanban-zone-recensione\\\/\",\"url\":\"https:\\\/\\\/www.accuratereviews.com\\\/it\\\/i-migliori-software-di-project-management-lista\\\/kanban-zone-recensione\\\/\",\"name\":\"Kanban Zone :recensione software PMS- Accurate Reviews\",\"isPartOf\":{\"@id\":\"https:\\\/\\\/www.accuratereviews.com\\\/it\\\/#website\"},\"primaryImageOfPage\":{\"@id\":\"https:\\\/\\\/www.accuratereviews.com\\\/it\\\/i-migliori-software-di-project-management-lista\\\/kanban-zone-recensione\\\/#primaryimage\"},\"image\":{\"@id\":\"https:\\\/\\\/www.accuratereviews.com\\\/it\\\/i-migliori-software-di-project-management-lista\\\/kanban-zone-recensione\\\/#primaryimage\"},\"thumbnailUrl\":\"https:\\\/\\\/www.accuratereviews.com\\\/wp-content\\\/uploads\\\/2019\\\/07\\\/KanbanZone.png\",\"datePublished\":\"2019-08-08T15:43:38+00:00\",\"dateModified\":\"2019-09-04T15:11:23+00:00\",\"description\":\"Kanban Zone: review software PMS board editor is very different as it provides the flexibility to create boards that are not perfect grids.\",\"breadcrumb\":{\"@id\":\"https:\\\/\\\/www.accuratereviews.com\\\/it\\\/i-migliori-software-di-project-management-lista\\\/kanban-zone-recensione\\\/#breadcrumb\"},\"inLanguage\":\"it-IT\",\"potentialAction\":[{\"@type\":\"ReadAction\",\"target\":[\"https:\\\/\\\/www.accuratereviews.com\\\/it\\\/i-migliori-software-di-project-management-lista\\\/kanban-zone-recensione\\\/\"]}]},{\"@type\":\"ImageObject\",\"inLanguage\":\"it-IT\",\"@id\":\"https:\\\/\\\/www.accuratereviews.com\\\/it\\\/i-migliori-software-di-project-management-lista\\\/kanban-zone-recensione\\\/#primaryimage\",\"url\":\"https:\\\/\\\/www.accuratereviews.com\\\/wp-content\\\/uploads\\\/2019\\\/07\\\/KanbanZone.png\",\"contentUrl\":\"https:\\\/\\\/www.accuratereviews.com\\\/wp-content\\\/uploads\\\/2019\\\/07\\\/KanbanZone.png\",\"width\":1200,\"height\":627},{\"@type\":\"BreadcrumbList\",\"@id\":\"https:\\\/\\\/www.accuratereviews.com\\\/it\\\/i-migliori-software-di-project-management-lista\\\/kanban-zone-recensione\\\/#breadcrumb\",\"itemListElement\":[{\"@type\":\"ListItem\",\"position\":1,\"name\":\"Home\",\"item\":\"https:\\\/\\\/www.accuratereviews.com\\\/it\\\/\"},{\"@type\":\"ListItem\",\"position\":2,\"name\":\"I migliori software di project management\",\"item\":\"https:\\\/\\\/www.accuratereviews.com\\\/it\\\/i-migliori-software-di-project-management-lista\\\/\"},{\"@type\":\"ListItem\",\"position\":3,\"name\":\"Kanban Zone\"}]},{\"@type\":\"WebSite\",\"@id\":\"https:\\\/\\\/www.accuratereviews.com\\\/it\\\/#website\",\"url\":\"https:\\\/\\\/www.accuratereviews.com\\\/it\\\/\",\"name\":\"Accurate Reviews\",\"description\":\"\",\"potentialAction\":[{\"@type\":\"SearchAction\",\"target\":{\"@type\":\"EntryPoint\",\"urlTemplate\":\"https:\\\/\\\/www.accuratereviews.com\\\/it\\\/?s={search_term_string}\"},\"query-input\":{\"@type\":\"PropertyValueSpecification\",\"valueRequired\":true,\"valueName\":\"search_term_string\"}}],\"inLanguage\":\"it-IT\"}]}<\/script>\n<!-- \/ Yoast SEO plugin. -->","yoast_head_json":{"title":"Kanban Zone :recensione software PMS- Accurate Reviews","description":"Kanban Zone: review software PMS board editor is very different as it provides the flexibility to create boards that are not perfect grids.","robots":{"index":"index","follow":"follow","max-snippet":"max-snippet:-1","max-image-preview":"max-image-preview:large","max-video-preview":"max-video-preview:-1"},"canonical":"https:\/\/www.accuratereviews.com\/it\/i-migliori-software-di-project-management-lista\/kanban-zone-recensione\/","og_locale":"it_IT","og_type":"article","og_title":"Kanban Zone :recensione software PMS- Accurate Reviews","og_description":"Kanban Zone: review software PMS board editor is very different as it provides the flexibility to create boards that are not perfect grids.","og_url":"https:\/\/www.accuratereviews.com\/it\/i-migliori-software-di-project-management-lista\/kanban-zone-recensione\/","og_site_name":"Accurate Reviews","article_modified_time":"2019-09-04T15:11:23+00:00","og_image":[{"width":1200,"height":627,"url":"https:\/\/www.accuratereviews.com\/wp-content\/uploads\/2019\/07\/KanbanZone.png","type":"image\/png"}],"twitter_card":"summary_large_image","twitter_misc":{"Tempo di lettura stimato":"1 minuto"},"schema":{"@context":"https:\/\/schema.org","@graph":[{"@type":"WebPage","@id":"https:\/\/www.accuratereviews.com\/it\/i-migliori-software-di-project-management-lista\/kanban-zone-recensione\/","url":"https:\/\/www.accuratereviews.com\/it\/i-migliori-software-di-project-management-lista\/kanban-zone-recensione\/","name":"Kanban Zone :recensione software PMS- Accurate Reviews","isPartOf":{"@id":"https:\/\/www.accuratereviews.com\/it\/#website"},"primaryImageOfPage":{"@id":"https:\/\/www.accuratereviews.com\/it\/i-migliori-software-di-project-management-lista\/kanban-zone-recensione\/#primaryimage"},"image":{"@id":"https:\/\/www.accuratereviews.com\/it\/i-migliori-software-di-project-management-lista\/kanban-zone-recensione\/#primaryimage"},"thumbnailUrl":"https:\/\/www.accuratereviews.com\/wp-content\/uploads\/2019\/07\/KanbanZone.png","datePublished":"2019-08-08T15:43:38+00:00","dateModified":"2019-09-04T15:11:23+00:00","description":"Kanban Zone: review software PMS board editor is very different as it provides the flexibility to create boards that are not perfect grids.","breadcrumb":{"@id":"https:\/\/www.accuratereviews.com\/it\/i-migliori-software-di-project-management-lista\/kanban-zone-recensione\/#breadcrumb"},"inLanguage":"it-IT","potentialAction":[{"@type":"ReadAction","target":["https:\/\/www.accuratereviews.com\/it\/i-migliori-software-di-project-management-lista\/kanban-zone-recensione\/"]}]},{"@type":"ImageObject","inLanguage":"it-IT","@id":"https:\/\/www.accuratereviews.com\/it\/i-migliori-software-di-project-management-lista\/kanban-zone-recensione\/#primaryimage","url":"https:\/\/www.accuratereviews.com\/wp-content\/uploads\/2019\/07\/KanbanZone.png","contentUrl":"https:\/\/www.accuratereviews.com\/wp-content\/uploads\/2019\/07\/KanbanZone.png","width":1200,"height":627},{"@type":"BreadcrumbList","@id":"https:\/\/www.accuratereviews.com\/it\/i-migliori-software-di-project-management-lista\/kanban-zone-recensione\/#breadcrumb","itemListElement":[{"@type":"ListItem","position":1,"name":"Home","item":"https:\/\/www.accuratereviews.com\/it\/"},{"@type":"ListItem","position":2,"name":"I migliori software di project management","item":"https:\/\/www.accuratereviews.com\/it\/i-migliori-software-di-project-management-lista\/"},{"@type":"ListItem","position":3,"name":"Kanban Zone"}]},{"@type":"WebSite","@id":"https:\/\/www.accuratereviews.com\/it\/#website","url":"https:\/\/www.accuratereviews.com\/it\/","name":"Accurate Reviews","description":"","potentialAction":[{"@type":"SearchAction","target":{"@type":"EntryPoint","urlTemplate":"https:\/\/www.accuratereviews.com\/it\/?s={search_term_string}"},"query-input":{"@type":"PropertyValueSpecification","valueRequired":true,"valueName":"search_term_string"}}],"inLanguage":"it-IT"}]}},"_links":{"self":[{"href":"https:\/\/www.accuratereviews.com\/it\/wp-json\/wp\/v2\/pages\/17092","targetHints":{"allow":["GET"]}}],"collection":[{"href":"https:\/\/www.accuratereviews.com\/it\/wp-json\/wp\/v2\/pages"}],"about":[{"href":"https:\/\/www.accuratereviews.com\/it\/wp-json\/wp\/v2\/types\/page"}],"author":[{"embeddable":true,"href":"https:\/\/www.accuratereviews.com\/it\/wp-json\/wp\/v2\/users\/19"}],"replies":[{"embeddable":true,"href":"https:\/\/www.accuratereviews.com\/it\/wp-json\/wp\/v2\/comments?post=17092"}],"version-history":[{"count":5,"href":"https:\/\/www.accuratereviews.com\/it\/wp-json\/wp\/v2\/pages\/17092\/revisions"}],"predecessor-version":[{"id":17611,"href":"https:\/\/www.accuratereviews.com\/it\/wp-json\/wp\/v2\/pages\/17092\/revisions\/17611"}],"up":[{"embeddable":true,"href":"https:\/\/www.accuratereviews.com\/it\/wp-json\/wp\/v2\/pages\/10050"}],"wp:featuredmedia":[{"embeddable":true,"href":"https:\/\/www.accuratereviews.com\/it\/wp-json\/wp\/v2\/media\/17093"}],"wp:attachment":[{"href":"https:\/\/www.accuratereviews.com\/it\/wp-json\/wp\/v2\/media?parent=17092"}],"wp:term":[{"taxonomy":"category","embeddable":true,"href":"https:\/\/www.accuratereviews.com\/it\/wp-json\/wp\/v2\/categories?post=17092"},{"taxonomy":"post_tag","embeddable":true,"href":"https:\/\/www.accuratereviews.com\/it\/wp-json\/wp\/v2\/tags?post=17092"},{"taxonomy":"features","embeddable":true,"href":"https:\/\/www.accuratereviews.com\/it\/wp-json\/wp\/v2\/features?post=17092"}],"curies":[{"name":"wp","href":"https:\/\/api.w.org\/{rel}","templated":true}]}}