{"id":17885,"date":"2019-09-04T13:07:23","date_gmt":"2019-09-04T13:07:23","guid":{"rendered":"https:\/\/www.accuratereviews.com\/?page_id=17885"},"modified":"2021-04-29T15:09:15","modified_gmt":"2021-04-29T15:09:15","slug":"copper-recensione","status":"publish","type":"page","link":"https:\/\/www.accuratereviews.com\/it\/crm-software-migliori-lista\/copper-recensione\/","title":{"rendered":"Copper"},"content":{"rendered":"<p><strong>Copper<\/strong> \u00e8 un <strong>sistema CRM<\/strong> ospitato su cloud creato per semplificare e rafforzare i processi di marketing e vendita. Questa piattaforma \u00e8 considerata affidabile da aziende rinomate in tutto il mondo come<strong> Peugeot e Uber<\/strong> per la sua interfaccia intuitiva e un set completo di strumenti di gestione delle relazioni. Puoi facilmente migliorare tutte le interazioni con i clienti e migliorare l&#8217;efficacia delle tue <strong>strategie di vendita e marketing<\/strong>.\u00a0Progettata pensando all&#8217;usabilit\u00e0 e alla flessibilit\u00e0, questa piattaforma combina funzionalit\u00e0 di produttivit\u00e0, soluzioni di collaborazione e strumenti di analisi in un&#8217;unica comoda interfaccia. Questo CRM offre strumenti che ti aiuteranno ad automatizzare le operazioni principali, a individuare come migliorare il tuo sistema, a permetterti di rispondere rapidamente alle tendenze del mercato, ottimizzare il flusso di lavoro, aumentare la produttivit\u00e0 e ottenere una migliore visibilit\u00e0 della loro pipeline. <strong>Copper<\/strong> offre anche un&#8217;interfaccia altamente scalabile e configurabile con le sue capacit\u00e0 API.\u00a0Non richiede formazione approfondita o installazioni complesse. Inoltre, la sua interfaccia \u00e8 stata creata per assomigliare esattamente agli strumenti di G Suite, quindi \u00e8 facile per gli utenti principianti e professionisti di questo tipo di software.<\/p>\n<h2>COPPER &#8211; TUTORIAL<\/h2>\n<p>Impariamo insieme come utilizzare questo <strong>software CRM<\/strong> con il video tutorial che seguir\u00e0:<\/p>\n<div id=\"fluid-wrapper-counter-1\" class=\"g1-fluid-wrapper \" style=\"width:686px;\">\n<div style=\"padding-bottom:56.268221574344%;\"><iframe loading=\"lazy\" title=\"Copper (formerly ProsperWorks) in 60 Seconds\" width=\"686\" height=\"386\" src=\"https:\/\/www.youtube.com\/embed\/videoseries?list=PLHRD7xlYv1YQNi5FKOZE23wSnrYRD39j8\" frameborder=\"0\" allow=\"accelerometer; autoplay; encrypted-media; gyroscope; picture-in-picture\" allowfullscreen><\/iframe><\/div>\n<\/div>\n<h3>COPPER &#8211; CARATTERISTICHE<\/h3>\n<ul>\n<li><strong>Gestione dei lead<\/strong>: gestisci nuovi lead attraverso un processo di qualificazione per costruire pipeline di vendita e acquisire nuovi clienti<\/li>\n<li><strong>Lead Generation<\/strong>: potenzia le tue attivit\u00e0 di generazione di lead: acquisisci, alimenta e converti pi\u00f9 lead per i clienti, direttamente da Gmail<\/li>\n<li><strong>Tracciamento dei lead: <\/strong>dedica meno tempo al monitoraggio, all&#8217;organizzazione e alla gestione delle prospettive di vendita e concentrati sulla conversione dei lead in clienti<\/li>\n<li><strong>Direzione vendite<\/strong>: strumenti di gestione delle vendite, automazione e approfondimenti che fanno crescere la tua azienda<\/li>\n<li><strong>Rapporti sulla pipeline<\/strong>:\u00a0visualizza rapidamente tutte le opportunit\u00e0 aperte e il loro valore associato in ogni fase del processo di vendita<\/li>\n<li><strong>Valuta multipla<\/strong>: registra, segnala e gestisci opportunit\u00e0 in pi\u00f9 valute e ottieni conversioni di valuta in tempo reale<\/li>\n<li><strong>Analisi della pipeline<\/strong>: tieni traccia, misura e analizza le metriche chiave della pipeline di vendita in modo da poter incrementare le prestazioni di vendita e raggiungere il tuo obiettivo<\/li>\n<li><strong>Acquisizione email automatica<\/strong>: sincronizza automaticamente email e contatti in Gmail con le tue aziende<\/li>\n<li><strong>Gestione del calendario<\/strong>:\u00a0gestisci le tue riunioni con l&#8217;integrazione di Google Calendar e il potente strumento di pianificazione<\/li>\n<li><strong>Acquisizione automatica dei dati:<\/strong> trovi automaticamente nuovi contatti e aggiungi dettagli sui tuoi contatti completi, quindi puoi implementarli con un clic<\/li>\n<li><strong>API aperta:<\/strong> accedi e crea le tue integrazioni che interagiscono con Copper tramite Open API.<\/li>\n<\/ul>\n","protected":false},"excerpt":{"rendered":"<p>Copper \u00e8 un sistema CRM ospitato su cloud creato per semplificare e rafforzare i processi di marketing e vendita. Questa piattaforma \u00e8 considerata affidabile da aziende rinomate in tutto il mondo come Peugeot e Uber per la sua interfaccia intuitiva e un set completo di strumenti di gestione delle relazioni.<\/p>\n","protected":false},"author":19,"featured_media":17886,"parent":5966,"menu_order":0,"comment_status":"open","ping_status":"closed","template":"g1_template_page_review_new.php","meta":{"_acf_changed":false,"cwp_meta_box_check":"Yes","cwp_rev_product_name":"","cwp_rev_product_image":"","wppr_links":[],"cwp_rev_price":"","wppr_options":[],"wppr_pros":[],"wppr_cons":[],"_monsterinsights_skip_tracking":false,"_monsterinsights_sitenote_active":false,"_monsterinsights_sitenote_note":"","_monsterinsights_sitenote_category":0,"footnotes":""},"categories":[120],"tags":[396,246,427,418,1239],"features":[],"class_list":{"0":"post-17885","1":"page","2":"type-page","3":"status-publish","4":"has-post-thumbnail","6":"category-crm-it","7":"tag-cloud","8":"tag-open-source","9":"tag-programma-crm","10":"tag-software-crm","11":"tag-soluzione-crm"},"wppr_data":{"cwp_meta_box_check":"Yes","cwp_rev_product_name":"","cwp_rev_product_image":"","cwp_image_link":"image","cwp_rev_price":"","wppr_rating":"0.00"},"acf":[],"yoast_head":"<!-- This site is optimized with the Yoast SEO plugin v27.4 - https:\/\/yoast.com\/product\/yoast-seo-wordpress\/ -->\n<title>Copper: recensione software CRM - Accurate Reviews<\/title>\n<meta name=\"description\" content=\"Copper: recensione software CRM che\u00a0offre un&#039;interfaccia facile da usare e un set completo di strumenti robusti per la gestione della tua azienda.\" \/>\n<meta name=\"robots\" content=\"index, follow, max-snippet:-1, max-image-preview:large, max-video-preview:-1\" \/>\n<link rel=\"canonical\" href=\"https:\/\/www.accuratereviews.com\/it\/crm-software-migliori-lista\/copper-recensione\/\" \/>\n<meta property=\"og:locale\" content=\"it_IT\" \/>\n<meta property=\"og:type\" content=\"article\" \/>\n<meta property=\"og:title\" content=\"Copper: recensione software CRM - Accurate Reviews\" \/>\n<meta property=\"og:description\" content=\"Copper: recensione software CRM che\u00a0offre un&#039;interfaccia facile da usare e un set completo di strumenti robusti per la gestione della tua azienda.\" \/>\n<meta property=\"og:url\" content=\"https:\/\/www.accuratereviews.com\/it\/crm-software-migliori-lista\/copper-recensione\/\" \/>\n<meta property=\"og:site_name\" content=\"Accurate Reviews\" \/>\n<meta property=\"article:modified_time\" content=\"2021-04-29T15:09:15+00:00\" \/>\n<meta property=\"og:image\" content=\"https:\/\/www.accuratereviews.com\/wp-content\/uploads\/2019\/09\/copper.png\" \/>\n\t<meta property=\"og:image:width\" content=\"1660\" \/>\n\t<meta property=\"og:image:height\" content=\"460\" \/>\n\t<meta property=\"og:image:type\" content=\"image\/png\" \/>\n<meta name=\"twitter:card\" content=\"summary_large_image\" \/>\n<meta name=\"twitter:label1\" content=\"Tempo di lettura stimato\" \/>\n\t<meta name=\"twitter:data1\" content=\"2 minuti\" \/>\n<script type=\"application\/ld+json\" class=\"yoast-schema-graph\">{\"@context\":\"https:\\\/\\\/schema.org\",\"@graph\":[{\"@type\":\"WebPage\",\"@id\":\"https:\\\/\\\/www.accuratereviews.com\\\/it\\\/crm-software-migliori-lista\\\/copper-recensione\\\/\",\"url\":\"https:\\\/\\\/www.accuratereviews.com\\\/it\\\/crm-software-migliori-lista\\\/copper-recensione\\\/\",\"name\":\"Copper: recensione software CRM - Accurate Reviews\",\"isPartOf\":{\"@id\":\"https:\\\/\\\/www.accuratereviews.com\\\/it\\\/#website\"},\"primaryImageOfPage\":{\"@id\":\"https:\\\/\\\/www.accuratereviews.com\\\/it\\\/crm-software-migliori-lista\\\/copper-recensione\\\/#primaryimage\"},\"image\":{\"@id\":\"https:\\\/\\\/www.accuratereviews.com\\\/it\\\/crm-software-migliori-lista\\\/copper-recensione\\\/#primaryimage\"},\"thumbnailUrl\":\"https:\\\/\\\/www.accuratereviews.com\\\/wp-content\\\/uploads\\\/2019\\\/09\\\/copper.png\",\"datePublished\":\"2019-09-04T13:07:23+00:00\",\"dateModified\":\"2021-04-29T15:09:15+00:00\",\"description\":\"Copper: recensione software CRM che\u00a0offre un'interfaccia facile da usare e un set completo di strumenti robusti per la gestione della tua azienda.\",\"breadcrumb\":{\"@id\":\"https:\\\/\\\/www.accuratereviews.com\\\/it\\\/crm-software-migliori-lista\\\/copper-recensione\\\/#breadcrumb\"},\"inLanguage\":\"it-IT\",\"potentialAction\":[{\"@type\":\"ReadAction\",\"target\":[\"https:\\\/\\\/www.accuratereviews.com\\\/it\\\/crm-software-migliori-lista\\\/copper-recensione\\\/\"]}]},{\"@type\":\"ImageObject\",\"inLanguage\":\"it-IT\",\"@id\":\"https:\\\/\\\/www.accuratereviews.com\\\/it\\\/crm-software-migliori-lista\\\/copper-recensione\\\/#primaryimage\",\"url\":\"https:\\\/\\\/www.accuratereviews.com\\\/wp-content\\\/uploads\\\/2019\\\/09\\\/copper.png\",\"contentUrl\":\"https:\\\/\\\/www.accuratereviews.com\\\/wp-content\\\/uploads\\\/2019\\\/09\\\/copper.png\",\"width\":1660,\"height\":460},{\"@type\":\"BreadcrumbList\",\"@id\":\"https:\\\/\\\/www.accuratereviews.com\\\/it\\\/crm-software-migliori-lista\\\/copper-recensione\\\/#breadcrumb\",\"itemListElement\":[{\"@type\":\"ListItem\",\"position\":1,\"name\":\"Home\",\"item\":\"https:\\\/\\\/www.accuratereviews.com\\\/it\\\/\"},{\"@type\":\"ListItem\",\"position\":2,\"name\":\"CRM: i software migliori\",\"item\":\"https:\\\/\\\/www.accuratereviews.com\\\/it\\\/crm-software-migliori-lista\\\/\"},{\"@type\":\"ListItem\",\"position\":3,\"name\":\"Copper\"}]},{\"@type\":\"WebSite\",\"@id\":\"https:\\\/\\\/www.accuratereviews.com\\\/it\\\/#website\",\"url\":\"https:\\\/\\\/www.accuratereviews.com\\\/it\\\/\",\"name\":\"Accurate Reviews\",\"description\":\"\",\"potentialAction\":[{\"@type\":\"SearchAction\",\"target\":{\"@type\":\"EntryPoint\",\"urlTemplate\":\"https:\\\/\\\/www.accuratereviews.com\\\/it\\\/?s={search_term_string}\"},\"query-input\":{\"@type\":\"PropertyValueSpecification\",\"valueRequired\":true,\"valueName\":\"search_term_string\"}}],\"inLanguage\":\"it-IT\"}]}<\/script>\n<!-- \/ Yoast SEO plugin. -->","yoast_head_json":{"title":"Copper: recensione software CRM - Accurate Reviews","description":"Copper: recensione software CRM che\u00a0offre un'interfaccia facile da usare e un set completo di strumenti robusti per la gestione della tua azienda.","robots":{"index":"index","follow":"follow","max-snippet":"max-snippet:-1","max-image-preview":"max-image-preview:large","max-video-preview":"max-video-preview:-1"},"canonical":"https:\/\/www.accuratereviews.com\/it\/crm-software-migliori-lista\/copper-recensione\/","og_locale":"it_IT","og_type":"article","og_title":"Copper: recensione software CRM - Accurate Reviews","og_description":"Copper: recensione software CRM che\u00a0offre un'interfaccia facile da usare e un set completo di strumenti robusti per la gestione della tua azienda.","og_url":"https:\/\/www.accuratereviews.com\/it\/crm-software-migliori-lista\/copper-recensione\/","og_site_name":"Accurate Reviews","article_modified_time":"2021-04-29T15:09:15+00:00","og_image":[{"width":1660,"height":460,"url":"https:\/\/www.accuratereviews.com\/wp-content\/uploads\/2019\/09\/copper.png","type":"image\/png"}],"twitter_card":"summary_large_image","twitter_misc":{"Tempo di lettura stimato":"2 minuti"},"schema":{"@context":"https:\/\/schema.org","@graph":[{"@type":"WebPage","@id":"https:\/\/www.accuratereviews.com\/it\/crm-software-migliori-lista\/copper-recensione\/","url":"https:\/\/www.accuratereviews.com\/it\/crm-software-migliori-lista\/copper-recensione\/","name":"Copper: recensione software CRM - Accurate Reviews","isPartOf":{"@id":"https:\/\/www.accuratereviews.com\/it\/#website"},"primaryImageOfPage":{"@id":"https:\/\/www.accuratereviews.com\/it\/crm-software-migliori-lista\/copper-recensione\/#primaryimage"},"image":{"@id":"https:\/\/www.accuratereviews.com\/it\/crm-software-migliori-lista\/copper-recensione\/#primaryimage"},"thumbnailUrl":"https:\/\/www.accuratereviews.com\/wp-content\/uploads\/2019\/09\/copper.png","datePublished":"2019-09-04T13:07:23+00:00","dateModified":"2021-04-29T15:09:15+00:00","description":"Copper: recensione software CRM che\u00a0offre un'interfaccia facile da usare e un set completo di strumenti robusti per la gestione della tua azienda.","breadcrumb":{"@id":"https:\/\/www.accuratereviews.com\/it\/crm-software-migliori-lista\/copper-recensione\/#breadcrumb"},"inLanguage":"it-IT","potentialAction":[{"@type":"ReadAction","target":["https:\/\/www.accuratereviews.com\/it\/crm-software-migliori-lista\/copper-recensione\/"]}]},{"@type":"ImageObject","inLanguage":"it-IT","@id":"https:\/\/www.accuratereviews.com\/it\/crm-software-migliori-lista\/copper-recensione\/#primaryimage","url":"https:\/\/www.accuratereviews.com\/wp-content\/uploads\/2019\/09\/copper.png","contentUrl":"https:\/\/www.accuratereviews.com\/wp-content\/uploads\/2019\/09\/copper.png","width":1660,"height":460},{"@type":"BreadcrumbList","@id":"https:\/\/www.accuratereviews.com\/it\/crm-software-migliori-lista\/copper-recensione\/#breadcrumb","itemListElement":[{"@type":"ListItem","position":1,"name":"Home","item":"https:\/\/www.accuratereviews.com\/it\/"},{"@type":"ListItem","position":2,"name":"CRM: i software migliori","item":"https:\/\/www.accuratereviews.com\/it\/crm-software-migliori-lista\/"},{"@type":"ListItem","position":3,"name":"Copper"}]},{"@type":"WebSite","@id":"https:\/\/www.accuratereviews.com\/it\/#website","url":"https:\/\/www.accuratereviews.com\/it\/","name":"Accurate Reviews","description":"","potentialAction":[{"@type":"SearchAction","target":{"@type":"EntryPoint","urlTemplate":"https:\/\/www.accuratereviews.com\/it\/?s={search_term_string}"},"query-input":{"@type":"PropertyValueSpecification","valueRequired":true,"valueName":"search_term_string"}}],"inLanguage":"it-IT"}]}},"_links":{"self":[{"href":"https:\/\/www.accuratereviews.com\/it\/wp-json\/wp\/v2\/pages\/17885","targetHints":{"allow":["GET"]}}],"collection":[{"href":"https:\/\/www.accuratereviews.com\/it\/wp-json\/wp\/v2\/pages"}],"about":[{"href":"https:\/\/www.accuratereviews.com\/it\/wp-json\/wp\/v2\/types\/page"}],"author":[{"embeddable":true,"href":"https:\/\/www.accuratereviews.com\/it\/wp-json\/wp\/v2\/users\/19"}],"replies":[{"embeddable":true,"href":"https:\/\/www.accuratereviews.com\/it\/wp-json\/wp\/v2\/comments?post=17885"}],"version-history":[{"count":11,"href":"https:\/\/www.accuratereviews.com\/it\/wp-json\/wp\/v2\/pages\/17885\/revisions"}],"predecessor-version":[{"id":41506,"href":"https:\/\/www.accuratereviews.com\/it\/wp-json\/wp\/v2\/pages\/17885\/revisions\/41506"}],"up":[{"embeddable":true,"href":"https:\/\/www.accuratereviews.com\/it\/wp-json\/wp\/v2\/pages\/5966"}],"wp:featuredmedia":[{"embeddable":true,"href":"https:\/\/www.accuratereviews.com\/it\/wp-json\/wp\/v2\/media\/17886"}],"wp:attachment":[{"href":"https:\/\/www.accuratereviews.com\/it\/wp-json\/wp\/v2\/media?parent=17885"}],"wp:term":[{"taxonomy":"category","embeddable":true,"href":"https:\/\/www.accuratereviews.com\/it\/wp-json\/wp\/v2\/categories?post=17885"},{"taxonomy":"post_tag","embeddable":true,"href":"https:\/\/www.accuratereviews.com\/it\/wp-json\/wp\/v2\/tags?post=17885"},{"taxonomy":"features","embeddable":true,"href":"https:\/\/www.accuratereviews.com\/it\/wp-json\/wp\/v2\/features?post=17885"}],"curies":[{"name":"wp","href":"https:\/\/api.w.org\/{rel}","templated":true}]}}