{"id":17925,"date":"2019-09-05T14:43:25","date_gmt":"2019-09-05T14:43:25","guid":{"rendered":"https:\/\/www.accuratereviews.com\/?page_id=17925"},"modified":"2023-02-15T17:14:33","modified_gmt":"2023-02-15T17:14:33","slug":"magisto-recensione","status":"publish","type":"page","link":"https:\/\/www.accuratereviews.com\/it\/video-editing-lista-software\/magisto-recensione\/","title":{"rendered":"Magisto"},"content":{"rendered":"<p><strong>Magisto<\/strong> \u00e8 una suite di <strong>editing video<\/strong> online creata con l&#8217;idea di poter semplificare il procedimento di creazione e di modifica delle foto e dei video. Si tratta di un <strong>video editor<\/strong> intuitivo e semplice da usare che, sfruttando l&#8217;intelligenza artificiale, permette ai suoi utenti di trasformare i video in dei cortometraggi davvero eccezionali. \u00c8 uno strumento davvero potente, utilizzato principalmente dalle <strong>piccole e medie imprese<\/strong> che hanno necessit\u00e0 di creare video professionali. <strong>Magisto<\/strong> \u00e8 davvero ricco di funzionalit\u00e0 come la creazione di filmati pi\u00f9 lunghi, la possibilit\u00e0 di modificare le singole scene, di aggiungere loghi o didascalie e di inserire un sottofondo musicale, di scegliere tra i numerosi stili di editing premium e molto altro ancora. \u00c8 possibile utilizzare questo programma di editing video sia dal PC che dallo smartphone o Tablet, dato che dispone di un&#8217;applicazione mobile compatibile con i <strong>dispositivi iOS e Android<\/strong>.<\/p>\n<h2>COME CREARE E MODIFICARE FILMATI CON MAGISTO &#8211; TUTORIAL<\/h2>\n<p>Ecco un video tutorial per comprendere come utilizzare questo programma:<\/p>\n<div id=\"fluid-wrapper-counter-1\" class=\"g1-fluid-wrapper \" style=\"width:686px;\">\n<div style=\"padding-bottom:56.268221574344%;\"><iframe loading=\"lazy\" title=\"Video tutorial per creare i filmati con il programma Magisto\" width=\"686\" height=\"386\" src=\"https:\/\/www.youtube.com\/embed\/Y8DN8mre9Hc?feature=oembed&amp;wmode=transparent&amp;autohide=1&amp;autoplay=0&amp;disablekb=0&amp;fs=1&amp;loop=0&amp;enablejsapi=1&amp;rel=0&amp;controls=2&amp;showinfo=0&amp;wmode=transparent&amp;autohide=2&amp;autoplay=0&amp;disablekb=0&amp;fs=1&amp;loop=0&amp;enablejsapi=1&amp;rel=0&amp;controls=2&amp;showinfo=1\" frameborder=\"0\" allow=\"accelerometer; autoplay; clipboard-write; encrypted-media; gyroscope; picture-in-picture; web-share\" allowfullscreen><\/iframe><\/div>\n<\/div>\n<h3>MAGISTO &#8211; CARATTERISTICHE<\/h3>\n<p>Adesso diamo un&#8217;occhiata alle sue principali caratteristiche:<\/p>\n<ul>\n<li><strong>Raccolta di temi e stili multipli<\/strong>: scegli il tema tra i tanti proposti e utilizza gli stili aziendali<\/li>\n<li><strong>Caricamento foto e video<\/strong>: carica subito le foto e il tuo video per creare il tuo cortometraggio<\/li>\n<li><strong>Stili di modifica premium<\/strong><\/li>\n<li><strong>Download di film HD illimitati<\/strong><\/li>\n<li><strong>Filmati pi\u00f9 lunghi<\/strong>: crea video pi\u00f9 lunghi grazie a questa opzione<\/li>\n<li><strong>Modifica delle scene<\/strong>: modifica e riorganizza le singole scene cos\u00ec da avere tutto perfetto<\/li>\n<li><strong>Loghi e didascalie<\/strong>: personalizza il tuo video aggiungendo loghi e didascalie<\/li>\n<li><strong>Musica con licenza commerciale<\/strong>: aggiungi al tuo video anche un sottofondo musicale.<\/li>\n<\/ul>\n<h4>LE RECENSIONE DEGLI UTENTI<\/h4>\n<p><strong>Brittany&#8221;Contenuti\/media dirompenti.&#8221;<\/strong><br \/>\n<strong>Commenti<\/strong>: Nel complesso fa esattamente quello per cui \u00e8 pensato, senza problemi di funzionalit\u00e0.<br \/>\n<strong>Pro<\/strong>: Lo uso mensilmente per creare mashup facili e veloci o video di tipo artigianale per i clienti. Ha un software AI incorporato che in genere ha un risultato decente. Facile da usare, creatore veloce. Basta rilasciare e caricare in qualsiasi formato necessario.<br \/>\n<strong>Contro<\/strong>: Non uno sportello unico per tutte le esigenze di contenuto, questo \u00e8 un creatore di video AI supplementare ma non qualcosa che posso usare per tutte le mie piattaforme.<\/p>\n<p><strong>Aidanek&#8221;Ha superato le mie aspettative&#8221;<\/strong><br \/>\n<strong>Pro<\/strong>: Ampia variet\u00e0 di canzoni! Inoltre, sono soddisfatto della qualit\u00e0 del video, con una quantit\u00e0 diversa di idee artistiche per i miei video, con effetti molto colorati e interessanti!<br \/>\n<strong>Contro<\/strong>: La musica non verr\u00e0 riprodotta finch\u00e9 non la aggiungo nel video, il che lo rende scomodo perch\u00e9 richiede molto tempo per scegliere la canzone pi\u00f9 adatta. Inoltre, l&#8217;app si carica molto a lungo, non credo che il prezzo premium ne valga la pena.<\/p>\n<p><strong>Elisa&#8221;Ottimo software di editing video&#8221;<\/strong><br \/>\n<strong>Commenti<\/strong>: \u00c8 stata una grande esperienza di montaggio con Magisto. Lo consiglierei!<br \/>\n<strong>Pro<\/strong>: Mi piace che sia stato semplice creare montaggi video accattivanti. Ho usato una prova gratuita di questo prodotto. \u00c8 stato molto facile uscire insieme poich\u00e9 il software ha eseguito tutto il montaggio per me.<br \/>\n<strong>Contro<\/strong>: Non sono riuscito a scaricare il video dopo averlo creato. Potrei condividere un link del video che uno svantaggio.<\/p>\n","protected":false},"excerpt":{"rendered":"<p>Magisto \u00e8 una suite di editing video online creata con l&#8217;idea di poter semplificare il procedimento di creazione e di modifica delle foto e dei video. Si tratta di un video editor intuitivo e semplice da usare che, sfruttando l&#8217;intelligenza artificiale, permette ai suoi utenti di trasformare i video in dei cortometraggi davvero eccezionali.\u00a0<\/p>\n","protected":false},"author":17,"featured_media":17926,"parent":7571,"menu_order":0,"comment_status":"open","ping_status":"closed","template":"g1_template_page_review_new.php","meta":{"_acf_changed":false,"cwp_meta_box_check":"Yes","cwp_rev_product_name":"","cwp_rev_product_image":"","wppr_links":[],"cwp_rev_price":"","wppr_options":[{"name":"Usability","value":"0"},{"name":"Speed","value":"0"},{"name":"Features","value":"0"},{"name":"Support","value":"0"},{"name":"Pricing","value":"0"}],"wppr_pros":["","","","",""],"wppr_cons":["","","","",""],"_monsterinsights_skip_tracking":false,"_monsterinsights_sitenote_active":false,"_monsterinsights_sitenote_note":"","_monsterinsights_sitenote_category":0,"footnotes":""},"categories":[169],"tags":[1627,14114,250,3342,1244,228,1273,831,832,219],"features":[],"class_list":{"0":"post-17925","1":"page","2":"type-page","3":"status-publish","4":"has-post-thumbnail","6":"category-video-editing-software-it","7":"tag-editing-video-2-it","8":"tag-magisto","9":"tag-modificare-video-it","10":"tag-piattaforma-video-editing","11":"tag-programma-video-editing","12":"tag-software-video-editing","13":"tag-soluzione-video-editing","14":"tag-video-editing-2-it","15":"tag-video-editor-2-it","16":"tag-video-making"},"wppr_data":{"cwp_meta_box_check":"Yes","cwp_rev_product_name":"","_wppr_review_template":"default","cwp_rev_product_image":"","cwp_image_link":"image","wppr_links":[],"cwp_rev_price":"","wppr_pros":["","","","",""],"wppr_cons":["","","","",""],"wppr_rating":"0.00","wppr_options":{"1":{"name":"Usability","value":"0"},"2":{"name":"Speed","value":"0"},"3":{"name":"Features","value":"0"},"4":{"name":"Support","value":"0"},"5":{"name":"Pricing","value":"0"}},"wppr_review_type":"Product","wppr_review_custom_fields":{"additionalProperty":"","additionalType":"","aggregateRating":"","alternateName":"","audience":"","award":"","awards":"","brand":"","color":"","depth":"","description":"","disambiguatingDescription":"","gtin12":"","gtin13":"","gtin14":"","gtin8":"","height":"","identifier":"","image":"","isAccessoryOrSparePartFor":"","isConsumableFor":"","isRelatedTo":"","isSimilarTo":"","itemCondition":"","logo":"","mainEntityOfPage":"","manufacturer":"","material":"","model":"","mpn":"","name":"","offers":"","potentialAction":"","productID":"","productionDate":"","purchaseDate":"","releaseDate":"","review":"","reviews":"","sameAs":"","sku":"","slogan":"","subjectOf":"","url":"","weight":"","width":""}},"acf":[],"yoast_head":"<!-- This site is optimized with the Yoast SEO plugin v27.4 - https:\/\/yoast.com\/product\/yoast-seo-wordpress\/ -->\n<title>Magisto: recensione video editor - Accurate Reviews<\/title>\n<meta name=\"description\" content=\"Magisto: recensione del video editor creato con l&#039;idea di poter semplificare il procedimento di creazione e di modifica delle foto e video.\" \/>\n<meta name=\"robots\" content=\"index, follow, max-snippet:-1, max-image-preview:large, max-video-preview:-1\" \/>\n<link rel=\"canonical\" href=\"https:\/\/www.accuratereviews.com\/it\/video-editing-lista-software\/magisto-recensione\/\" \/>\n<meta property=\"og:locale\" content=\"it_IT\" \/>\n<meta property=\"og:type\" content=\"article\" \/>\n<meta property=\"og:title\" content=\"Magisto: recensione video editor - Accurate Reviews\" \/>\n<meta property=\"og:description\" content=\"Magisto: recensione del video editor creato con l&#039;idea di poter semplificare il procedimento di creazione e di modifica delle foto e video.\" \/>\n<meta property=\"og:url\" content=\"https:\/\/www.accuratereviews.com\/it\/video-editing-lista-software\/magisto-recensione\/\" \/>\n<meta property=\"og:site_name\" content=\"Accurate Reviews\" \/>\n<meta property=\"article:modified_time\" content=\"2023-02-15T17:14:33+00:00\" \/>\n<meta property=\"og:image\" content=\"https:\/\/www.accuratereviews.com\/wp-content\/uploads\/2019\/09\/MagistoLogo-1.png\" \/>\n\t<meta property=\"og:image:width\" content=\"900\" \/>\n\t<meta property=\"og:image:height\" content=\"600\" \/>\n\t<meta property=\"og:image:type\" content=\"image\/png\" \/>\n<meta name=\"twitter:card\" content=\"summary_large_image\" \/>\n<meta name=\"twitter:label1\" content=\"Tempo di lettura stimato\" \/>\n\t<meta name=\"twitter:data1\" content=\"3 minuti\" \/>\n<script type=\"application\/ld+json\" class=\"yoast-schema-graph\">{\"@context\":\"https:\\\/\\\/schema.org\",\"@graph\":[{\"@type\":\"WebPage\",\"@id\":\"https:\\\/\\\/www.accuratereviews.com\\\/it\\\/video-editing-lista-software\\\/magisto-recensione\\\/\",\"url\":\"https:\\\/\\\/www.accuratereviews.com\\\/it\\\/video-editing-lista-software\\\/magisto-recensione\\\/\",\"name\":\"Magisto: recensione video editor - Accurate Reviews\",\"isPartOf\":{\"@id\":\"https:\\\/\\\/www.accuratereviews.com\\\/it\\\/#website\"},\"primaryImageOfPage\":{\"@id\":\"https:\\\/\\\/www.accuratereviews.com\\\/it\\\/video-editing-lista-software\\\/magisto-recensione\\\/#primaryimage\"},\"image\":{\"@id\":\"https:\\\/\\\/www.accuratereviews.com\\\/it\\\/video-editing-lista-software\\\/magisto-recensione\\\/#primaryimage\"},\"thumbnailUrl\":\"https:\\\/\\\/www.accuratereviews.com\\\/wp-content\\\/uploads\\\/2019\\\/09\\\/MagistoLogo-1.png\",\"datePublished\":\"2019-09-05T14:43:25+00:00\",\"dateModified\":\"2023-02-15T17:14:33+00:00\",\"description\":\"Magisto: recensione del video editor creato con l'idea di poter semplificare il procedimento di creazione e di modifica delle foto e video.\",\"breadcrumb\":{\"@id\":\"https:\\\/\\\/www.accuratereviews.com\\\/it\\\/video-editing-lista-software\\\/magisto-recensione\\\/#breadcrumb\"},\"inLanguage\":\"it-IT\",\"potentialAction\":[{\"@type\":\"ReadAction\",\"target\":[\"https:\\\/\\\/www.accuratereviews.com\\\/it\\\/video-editing-lista-software\\\/magisto-recensione\\\/\"]}]},{\"@type\":\"ImageObject\",\"inLanguage\":\"it-IT\",\"@id\":\"https:\\\/\\\/www.accuratereviews.com\\\/it\\\/video-editing-lista-software\\\/magisto-recensione\\\/#primaryimage\",\"url\":\"https:\\\/\\\/www.accuratereviews.com\\\/wp-content\\\/uploads\\\/2019\\\/09\\\/MagistoLogo-1.png\",\"contentUrl\":\"https:\\\/\\\/www.accuratereviews.com\\\/wp-content\\\/uploads\\\/2019\\\/09\\\/MagistoLogo-1.png\",\"width\":900,\"height\":600},{\"@type\":\"BreadcrumbList\",\"@id\":\"https:\\\/\\\/www.accuratereviews.com\\\/it\\\/video-editing-lista-software\\\/magisto-recensione\\\/#breadcrumb\",\"itemListElement\":[{\"@type\":\"ListItem\",\"position\":1,\"name\":\"Home\",\"item\":\"https:\\\/\\\/www.accuratereviews.com\\\/it\\\/\"},{\"@type\":\"ListItem\",\"position\":2,\"name\":\"Software per il video editing\",\"item\":\"https:\\\/\\\/www.accuratereviews.com\\\/it\\\/video-editing-lista-software\\\/\"},{\"@type\":\"ListItem\",\"position\":3,\"name\":\"Magisto\"}]},{\"@type\":\"WebSite\",\"@id\":\"https:\\\/\\\/www.accuratereviews.com\\\/it\\\/#website\",\"url\":\"https:\\\/\\\/www.accuratereviews.com\\\/it\\\/\",\"name\":\"Accurate Reviews\",\"description\":\"\",\"potentialAction\":[{\"@type\":\"SearchAction\",\"target\":{\"@type\":\"EntryPoint\",\"urlTemplate\":\"https:\\\/\\\/www.accuratereviews.com\\\/it\\\/?s={search_term_string}\"},\"query-input\":{\"@type\":\"PropertyValueSpecification\",\"valueRequired\":true,\"valueName\":\"search_term_string\"}}],\"inLanguage\":\"it-IT\"}]}<\/script>\n<!-- \/ Yoast SEO plugin. -->","yoast_head_json":{"title":"Magisto: recensione video editor - Accurate Reviews","description":"Magisto: recensione del video editor creato con l'idea di poter semplificare il procedimento di creazione e di modifica delle foto e video.","robots":{"index":"index","follow":"follow","max-snippet":"max-snippet:-1","max-image-preview":"max-image-preview:large","max-video-preview":"max-video-preview:-1"},"canonical":"https:\/\/www.accuratereviews.com\/it\/video-editing-lista-software\/magisto-recensione\/","og_locale":"it_IT","og_type":"article","og_title":"Magisto: recensione video editor - Accurate Reviews","og_description":"Magisto: recensione del video editor creato con l'idea di poter semplificare il procedimento di creazione e di modifica delle foto e video.","og_url":"https:\/\/www.accuratereviews.com\/it\/video-editing-lista-software\/magisto-recensione\/","og_site_name":"Accurate Reviews","article_modified_time":"2023-02-15T17:14:33+00:00","og_image":[{"width":900,"height":600,"url":"https:\/\/www.accuratereviews.com\/wp-content\/uploads\/2019\/09\/MagistoLogo-1.png","type":"image\/png"}],"twitter_card":"summary_large_image","twitter_misc":{"Tempo di lettura stimato":"3 minuti"},"schema":{"@context":"https:\/\/schema.org","@graph":[{"@type":"WebPage","@id":"https:\/\/www.accuratereviews.com\/it\/video-editing-lista-software\/magisto-recensione\/","url":"https:\/\/www.accuratereviews.com\/it\/video-editing-lista-software\/magisto-recensione\/","name":"Magisto: recensione video editor - Accurate Reviews","isPartOf":{"@id":"https:\/\/www.accuratereviews.com\/it\/#website"},"primaryImageOfPage":{"@id":"https:\/\/www.accuratereviews.com\/it\/video-editing-lista-software\/magisto-recensione\/#primaryimage"},"image":{"@id":"https:\/\/www.accuratereviews.com\/it\/video-editing-lista-software\/magisto-recensione\/#primaryimage"},"thumbnailUrl":"https:\/\/www.accuratereviews.com\/wp-content\/uploads\/2019\/09\/MagistoLogo-1.png","datePublished":"2019-09-05T14:43:25+00:00","dateModified":"2023-02-15T17:14:33+00:00","description":"Magisto: recensione del video editor creato con l'idea di poter semplificare il procedimento di creazione e di modifica delle foto e video.","breadcrumb":{"@id":"https:\/\/www.accuratereviews.com\/it\/video-editing-lista-software\/magisto-recensione\/#breadcrumb"},"inLanguage":"it-IT","potentialAction":[{"@type":"ReadAction","target":["https:\/\/www.accuratereviews.com\/it\/video-editing-lista-software\/magisto-recensione\/"]}]},{"@type":"ImageObject","inLanguage":"it-IT","@id":"https:\/\/www.accuratereviews.com\/it\/video-editing-lista-software\/magisto-recensione\/#primaryimage","url":"https:\/\/www.accuratereviews.com\/wp-content\/uploads\/2019\/09\/MagistoLogo-1.png","contentUrl":"https:\/\/www.accuratereviews.com\/wp-content\/uploads\/2019\/09\/MagistoLogo-1.png","width":900,"height":600},{"@type":"BreadcrumbList","@id":"https:\/\/www.accuratereviews.com\/it\/video-editing-lista-software\/magisto-recensione\/#breadcrumb","itemListElement":[{"@type":"ListItem","position":1,"name":"Home","item":"https:\/\/www.accuratereviews.com\/it\/"},{"@type":"ListItem","position":2,"name":"Software per il video editing","item":"https:\/\/www.accuratereviews.com\/it\/video-editing-lista-software\/"},{"@type":"ListItem","position":3,"name":"Magisto"}]},{"@type":"WebSite","@id":"https:\/\/www.accuratereviews.com\/it\/#website","url":"https:\/\/www.accuratereviews.com\/it\/","name":"Accurate Reviews","description":"","potentialAction":[{"@type":"SearchAction","target":{"@type":"EntryPoint","urlTemplate":"https:\/\/www.accuratereviews.com\/it\/?s={search_term_string}"},"query-input":{"@type":"PropertyValueSpecification","valueRequired":true,"valueName":"search_term_string"}}],"inLanguage":"it-IT"}]}},"_links":{"self":[{"href":"https:\/\/www.accuratereviews.com\/it\/wp-json\/wp\/v2\/pages\/17925","targetHints":{"allow":["GET"]}}],"collection":[{"href":"https:\/\/www.accuratereviews.com\/it\/wp-json\/wp\/v2\/pages"}],"about":[{"href":"https:\/\/www.accuratereviews.com\/it\/wp-json\/wp\/v2\/types\/page"}],"author":[{"embeddable":true,"href":"https:\/\/www.accuratereviews.com\/it\/wp-json\/wp\/v2\/users\/17"}],"replies":[{"embeddable":true,"href":"https:\/\/www.accuratereviews.com\/it\/wp-json\/wp\/v2\/comments?post=17925"}],"version-history":[{"count":11,"href":"https:\/\/www.accuratereviews.com\/it\/wp-json\/wp\/v2\/pages\/17925\/revisions"}],"predecessor-version":[{"id":67240,"href":"https:\/\/www.accuratereviews.com\/it\/wp-json\/wp\/v2\/pages\/17925\/revisions\/67240"}],"up":[{"embeddable":true,"href":"https:\/\/www.accuratereviews.com\/it\/wp-json\/wp\/v2\/pages\/7571"}],"wp:featuredmedia":[{"embeddable":true,"href":"https:\/\/www.accuratereviews.com\/it\/wp-json\/wp\/v2\/media\/17926"}],"wp:attachment":[{"href":"https:\/\/www.accuratereviews.com\/it\/wp-json\/wp\/v2\/media?parent=17925"}],"wp:term":[{"taxonomy":"category","embeddable":true,"href":"https:\/\/www.accuratereviews.com\/it\/wp-json\/wp\/v2\/categories?post=17925"},{"taxonomy":"post_tag","embeddable":true,"href":"https:\/\/www.accuratereviews.com\/it\/wp-json\/wp\/v2\/tags?post=17925"},{"taxonomy":"features","embeddable":true,"href":"https:\/\/www.accuratereviews.com\/it\/wp-json\/wp\/v2\/features?post=17925"}],"curies":[{"name":"wp","href":"https:\/\/api.w.org\/{rel}","templated":true}]}}