{"id":17931,"date":"2019-09-05T14:42:39","date_gmt":"2019-09-05T14:42:39","guid":{"rendered":"https:\/\/www.accuratereviews.com\/?page_id=17931"},"modified":"2023-02-15T17:21:32","modified_gmt":"2023-02-15T17:21:32","slug":"vidello-recensione","status":"publish","type":"page","link":"https:\/\/www.accuratereviews.com\/it\/video-editing-lista-software\/vidello-recensione\/","title":{"rendered":"Vidello"},"content":{"rendered":"<p><strong>Vidello<\/strong> \u00e8 un programma di <strong>editing video<\/strong> che ti permette di creare e modificare foto e video, dando loro un aspetto professionale. \u00c8 infatti utilizzato principalmente da <strong>aziende, imprenditori e startup<\/strong> che puntano a far crescere la propria attivit\u00e0 tramite il <strong>video marketing<\/strong>\u00a0 e l&#8217;<strong>e-learning<\/strong> cos\u00ec da incrementare le vendite e offrire una migliore esperienza ai propri clienti. Si tratta di uno strumento davvero efficiente e ricco di funzionalit\u00e0 differenti. <strong>Vidello<\/strong> pu\u00f2 essere\u00a0utilizzato come creatore di GIF video per l&#8217;<strong>email marketing<\/strong> cos\u00ec da aumentare le vendite online e pu\u00f2 aggiungere i bordi e le cornici ai video in modo da dare loro un aspetto pi\u00f9 bello e generare cos\u00ec pi\u00f9 traffico. Essendo <strong>ottimizzato SEO<\/strong>, quest&#8217;ultimo aspetto del traffico verr\u00e0 curato nel dettaglio grazie all&#8217;inserimento del titolo, della descrizione e dei tag che permettono di ottimizzare i tuoi contenuti e farli apparire nei primi risultati della ricerca Google e Bing.<\/p>\n<h2>COME MODIFICARE UN VIDEO CON VIDELLO &#8211; TUTORIAL<\/h2>\n<p>Diamo uno sguardo al video tutorial di Vidello per capire come utilizzarlo:<\/p>\n<div id=\"fluid-wrapper-counter-1\" class=\"g1-fluid-wrapper \" style=\"width:686px;\">\n<div style=\"padding-bottom:56.268221574344%;\"><iframe loading=\"lazy\" title=\"Meet VIDELLO. Where video meets marketing.\" width=\"686\" height=\"386\" src=\"https:\/\/www.youtube.com\/embed\/m5lzc7CQBzk?feature=oembed&amp;wmode=transparent&amp;autohide=1&amp;autoplay=0&amp;disablekb=0&amp;fs=1&amp;loop=0&amp;enablejsapi=1&amp;rel=0&amp;controls=2&amp;showinfo=0&amp;wmode=transparent&amp;autohide=2&amp;autoplay=0&amp;disablekb=0&amp;fs=1&amp;loop=0&amp;enablejsapi=1&amp;rel=0&amp;controls=2&amp;showinfo=1\" frameborder=\"0\" allow=\"accelerometer; autoplay; clipboard-write; encrypted-media; gyroscope; picture-in-picture; web-share\" allowfullscreen><\/iframe><\/div>\n<\/div>\n<h3>VIDELLO &#8211; CARATTERISTICHE<\/h3>\n<p>Ecco le sue principali caratteristiche:<\/p>\n<ul>\n<li><strong>Hosting video professionale e lettore video HTML5<\/strong><\/li>\n<li><strong>Inviti all&#8217;azione a tempi selezionabili<\/strong>: invita le persone e convertile subito in iscritti<\/li>\n<li><strong>Test di suddivisione video<\/strong>: seleziona due video e genera un codice di incorporamento<\/li>\n<li><strong>Bordi e cornici<\/strong>: personalizza il lettore video cos\u00ec da dargli un aspetto pi\u00f9 elegante<\/li>\n<li><strong>Video professionali<\/strong>: realizzi degli ottimi video professionali<\/li>\n<li><strong>Creatore di GIF<\/strong>: anima i tuoi video creando delle GIF che li renderanno pi\u00f9 attrattivi<\/li>\n<li><strong>Ottimizzazione SEO<\/strong>: sfrutta gli strumenti SEO che vengono messi a tua disposizione.<\/li>\n<\/ul>\n","protected":false},"excerpt":{"rendered":"<p>Vidello \u00e8 un programma di editing video che ti permette di creare e modificare foto e video, dando loro un aspetto professionale. \u00c8 infatti utilizzato principalmente da aziende, imprenditori e startup che puntano a far crescere la propria attivit\u00e0 tramite il video marketing cos\u00ec da incrementare le vendite e offrire una migliore esperienza ai propri clienti.\u00a0<\/p>\n","protected":false},"author":17,"featured_media":17944,"parent":7571,"menu_order":0,"comment_status":"open","ping_status":"closed","template":"g1_template_page_review_new.php","meta":{"_acf_changed":false,"cwp_meta_box_check":"Yes","cwp_rev_product_name":"","cwp_rev_product_image":"","wppr_links":[],"cwp_rev_price":"","wppr_options":[{"name":"Usability","value":"0"},{"name":"Speed","value":"0"},{"name":"Features","value":"0"},{"name":"Support","value":"0"},{"name":"Pricing","value":"0"}],"wppr_pros":["","","","",""],"wppr_cons":["","","","",""],"_monsterinsights_skip_tracking":false,"_monsterinsights_sitenote_active":false,"_monsterinsights_sitenote_note":"","_monsterinsights_sitenote_category":0,"footnotes":""},"categories":[169],"tags":[198,1242,1241,831,832],"features":[],"class_list":{"0":"post-17931","1":"page","2":"type-page","3":"status-publish","4":"has-post-thumbnail","6":"category-video-editing-software-it","7":"tag-come-modificare-un-video","8":"tag-programma-editing-video","9":"tag-video","10":"tag-video-editing-2-it","11":"tag-video-editor-2-it"},"wppr_data":{"cwp_meta_box_check":"Yes","cwp_rev_product_name":"","_wppr_review_template":"default","cwp_rev_product_image":"","cwp_image_link":"image","wppr_links":[],"cwp_rev_price":"","wppr_pros":["","","","",""],"wppr_cons":["","","","",""],"wppr_rating":"0.00","wppr_options":{"1":{"name":"Usability","value":"0"},"2":{"name":"Speed","value":"0"},"3":{"name":"Features","value":"0"},"4":{"name":"Support","value":"0"},"5":{"name":"Pricing","value":"0"}},"wppr_review_type":"Product","wppr_review_custom_fields":{"additionalProperty":"","additionalType":"","aggregateRating":"","alternateName":"","audience":"","award":"","awards":"","brand":"","color":"","depth":"","description":"","disambiguatingDescription":"","gtin12":"","gtin13":"","gtin14":"","gtin8":"","height":"","identifier":"","image":"","isAccessoryOrSparePartFor":"","isConsumableFor":"","isRelatedTo":"","isSimilarTo":"","itemCondition":"","logo":"","mainEntityOfPage":"","manufacturer":"","material":"","model":"","mpn":"","name":"","offers":"","potentialAction":"","productID":"","productionDate":"","purchaseDate":"","releaseDate":"","review":"","reviews":"","sameAs":"","sku":"","slogan":"","subjectOf":"","url":"","weight":"","width":""}},"acf":[],"yoast_head":"<!-- This site is optimized with the Yoast SEO plugin v27.4 - https:\/\/yoast.com\/product\/yoast-seo-wordpress\/ -->\n<title>Vidello: recensione video editor - Accurate Reviews<\/title>\n<meta name=\"description\" content=\"Vidello: recensione del programma di editing video che ti permette di creare e modificare foto e video, dando loro un aspetto professionale.\" \/>\n<meta name=\"robots\" content=\"index, follow, max-snippet:-1, max-image-preview:large, max-video-preview:-1\" \/>\n<link rel=\"canonical\" href=\"https:\/\/www.accuratereviews.com\/it\/video-editing-lista-software\/vidello-recensione\/\" \/>\n<meta property=\"og:locale\" content=\"it_IT\" \/>\n<meta property=\"og:type\" content=\"article\" \/>\n<meta property=\"og:title\" content=\"Vidello: recensione video editor - Accurate Reviews\" \/>\n<meta property=\"og:description\" content=\"Vidello: recensione del programma di editing video che ti permette di creare e modificare foto e video, dando loro un aspetto professionale.\" \/>\n<meta property=\"og:url\" content=\"https:\/\/www.accuratereviews.com\/it\/video-editing-lista-software\/vidello-recensione\/\" \/>\n<meta property=\"og:site_name\" content=\"Accurate Reviews\" \/>\n<meta property=\"article:modified_time\" content=\"2023-02-15T17:21:32+00:00\" \/>\n<meta property=\"og:image\" content=\"https:\/\/www.accuratereviews.com\/wp-content\/uploads\/2019\/09\/vidello-logo-240x240.png\" \/>\n\t<meta property=\"og:image:width\" content=\"240\" \/>\n\t<meta property=\"og:image:height\" content=\"240\" \/>\n\t<meta property=\"og:image:type\" content=\"image\/png\" \/>\n<meta name=\"twitter:card\" content=\"summary_large_image\" \/>\n<meta name=\"twitter:label1\" content=\"Tempo di lettura stimato\" \/>\n\t<meta name=\"twitter:data1\" content=\"2 minuti\" \/>\n<script type=\"application\/ld+json\" class=\"yoast-schema-graph\">{\"@context\":\"https:\\\/\\\/schema.org\",\"@graph\":[{\"@type\":\"WebPage\",\"@id\":\"https:\\\/\\\/www.accuratereviews.com\\\/it\\\/video-editing-lista-software\\\/vidello-recensione\\\/\",\"url\":\"https:\\\/\\\/www.accuratereviews.com\\\/it\\\/video-editing-lista-software\\\/vidello-recensione\\\/\",\"name\":\"Vidello: recensione video editor - Accurate Reviews\",\"isPartOf\":{\"@id\":\"https:\\\/\\\/www.accuratereviews.com\\\/it\\\/#website\"},\"primaryImageOfPage\":{\"@id\":\"https:\\\/\\\/www.accuratereviews.com\\\/it\\\/video-editing-lista-software\\\/vidello-recensione\\\/#primaryimage\"},\"image\":{\"@id\":\"https:\\\/\\\/www.accuratereviews.com\\\/it\\\/video-editing-lista-software\\\/vidello-recensione\\\/#primaryimage\"},\"thumbnailUrl\":\"https:\\\/\\\/www.accuratereviews.com\\\/wp-content\\\/uploads\\\/2019\\\/09\\\/vidello-logo-240x240.png\",\"datePublished\":\"2019-09-05T14:42:39+00:00\",\"dateModified\":\"2023-02-15T17:21:32+00:00\",\"description\":\"Vidello: recensione del programma di editing video che ti permette di creare e modificare foto e video, dando loro un aspetto professionale.\",\"breadcrumb\":{\"@id\":\"https:\\\/\\\/www.accuratereviews.com\\\/it\\\/video-editing-lista-software\\\/vidello-recensione\\\/#breadcrumb\"},\"inLanguage\":\"it-IT\",\"potentialAction\":[{\"@type\":\"ReadAction\",\"target\":[\"https:\\\/\\\/www.accuratereviews.com\\\/it\\\/video-editing-lista-software\\\/vidello-recensione\\\/\"]}]},{\"@type\":\"ImageObject\",\"inLanguage\":\"it-IT\",\"@id\":\"https:\\\/\\\/www.accuratereviews.com\\\/it\\\/video-editing-lista-software\\\/vidello-recensione\\\/#primaryimage\",\"url\":\"https:\\\/\\\/www.accuratereviews.com\\\/wp-content\\\/uploads\\\/2019\\\/09\\\/vidello-logo-240x240.png\",\"contentUrl\":\"https:\\\/\\\/www.accuratereviews.com\\\/wp-content\\\/uploads\\\/2019\\\/09\\\/vidello-logo-240x240.png\",\"width\":240,\"height\":240},{\"@type\":\"BreadcrumbList\",\"@id\":\"https:\\\/\\\/www.accuratereviews.com\\\/it\\\/video-editing-lista-software\\\/vidello-recensione\\\/#breadcrumb\",\"itemListElement\":[{\"@type\":\"ListItem\",\"position\":1,\"name\":\"Home\",\"item\":\"https:\\\/\\\/www.accuratereviews.com\\\/it\\\/\"},{\"@type\":\"ListItem\",\"position\":2,\"name\":\"Software per il video editing\",\"item\":\"https:\\\/\\\/www.accuratereviews.com\\\/it\\\/video-editing-lista-software\\\/\"},{\"@type\":\"ListItem\",\"position\":3,\"name\":\"Vidello\"}]},{\"@type\":\"WebSite\",\"@id\":\"https:\\\/\\\/www.accuratereviews.com\\\/it\\\/#website\",\"url\":\"https:\\\/\\\/www.accuratereviews.com\\\/it\\\/\",\"name\":\"Accurate Reviews\",\"description\":\"\",\"potentialAction\":[{\"@type\":\"SearchAction\",\"target\":{\"@type\":\"EntryPoint\",\"urlTemplate\":\"https:\\\/\\\/www.accuratereviews.com\\\/it\\\/?s={search_term_string}\"},\"query-input\":{\"@type\":\"PropertyValueSpecification\",\"valueRequired\":true,\"valueName\":\"search_term_string\"}}],\"inLanguage\":\"it-IT\"}]}<\/script>\n<!-- \/ Yoast SEO plugin. -->","yoast_head_json":{"title":"Vidello: recensione video editor - Accurate Reviews","description":"Vidello: recensione del programma di editing video che ti permette di creare e modificare foto e video, dando loro un aspetto professionale.","robots":{"index":"index","follow":"follow","max-snippet":"max-snippet:-1","max-image-preview":"max-image-preview:large","max-video-preview":"max-video-preview:-1"},"canonical":"https:\/\/www.accuratereviews.com\/it\/video-editing-lista-software\/vidello-recensione\/","og_locale":"it_IT","og_type":"article","og_title":"Vidello: recensione video editor - Accurate Reviews","og_description":"Vidello: recensione del programma di editing video che ti permette di creare e modificare foto e video, dando loro un aspetto professionale.","og_url":"https:\/\/www.accuratereviews.com\/it\/video-editing-lista-software\/vidello-recensione\/","og_site_name":"Accurate Reviews","article_modified_time":"2023-02-15T17:21:32+00:00","og_image":[{"width":240,"height":240,"url":"https:\/\/www.accuratereviews.com\/wp-content\/uploads\/2019\/09\/vidello-logo-240x240.png","type":"image\/png"}],"twitter_card":"summary_large_image","twitter_misc":{"Tempo di lettura stimato":"2 minuti"},"schema":{"@context":"https:\/\/schema.org","@graph":[{"@type":"WebPage","@id":"https:\/\/www.accuratereviews.com\/it\/video-editing-lista-software\/vidello-recensione\/","url":"https:\/\/www.accuratereviews.com\/it\/video-editing-lista-software\/vidello-recensione\/","name":"Vidello: recensione video editor - Accurate Reviews","isPartOf":{"@id":"https:\/\/www.accuratereviews.com\/it\/#website"},"primaryImageOfPage":{"@id":"https:\/\/www.accuratereviews.com\/it\/video-editing-lista-software\/vidello-recensione\/#primaryimage"},"image":{"@id":"https:\/\/www.accuratereviews.com\/it\/video-editing-lista-software\/vidello-recensione\/#primaryimage"},"thumbnailUrl":"https:\/\/www.accuratereviews.com\/wp-content\/uploads\/2019\/09\/vidello-logo-240x240.png","datePublished":"2019-09-05T14:42:39+00:00","dateModified":"2023-02-15T17:21:32+00:00","description":"Vidello: recensione del programma di editing video che ti permette di creare e modificare foto e video, dando loro un aspetto professionale.","breadcrumb":{"@id":"https:\/\/www.accuratereviews.com\/it\/video-editing-lista-software\/vidello-recensione\/#breadcrumb"},"inLanguage":"it-IT","potentialAction":[{"@type":"ReadAction","target":["https:\/\/www.accuratereviews.com\/it\/video-editing-lista-software\/vidello-recensione\/"]}]},{"@type":"ImageObject","inLanguage":"it-IT","@id":"https:\/\/www.accuratereviews.com\/it\/video-editing-lista-software\/vidello-recensione\/#primaryimage","url":"https:\/\/www.accuratereviews.com\/wp-content\/uploads\/2019\/09\/vidello-logo-240x240.png","contentUrl":"https:\/\/www.accuratereviews.com\/wp-content\/uploads\/2019\/09\/vidello-logo-240x240.png","width":240,"height":240},{"@type":"BreadcrumbList","@id":"https:\/\/www.accuratereviews.com\/it\/video-editing-lista-software\/vidello-recensione\/#breadcrumb","itemListElement":[{"@type":"ListItem","position":1,"name":"Home","item":"https:\/\/www.accuratereviews.com\/it\/"},{"@type":"ListItem","position":2,"name":"Software per il video editing","item":"https:\/\/www.accuratereviews.com\/it\/video-editing-lista-software\/"},{"@type":"ListItem","position":3,"name":"Vidello"}]},{"@type":"WebSite","@id":"https:\/\/www.accuratereviews.com\/it\/#website","url":"https:\/\/www.accuratereviews.com\/it\/","name":"Accurate Reviews","description":"","potentialAction":[{"@type":"SearchAction","target":{"@type":"EntryPoint","urlTemplate":"https:\/\/www.accuratereviews.com\/it\/?s={search_term_string}"},"query-input":{"@type":"PropertyValueSpecification","valueRequired":true,"valueName":"search_term_string"}}],"inLanguage":"it-IT"}]}},"_links":{"self":[{"href":"https:\/\/www.accuratereviews.com\/it\/wp-json\/wp\/v2\/pages\/17931","targetHints":{"allow":["GET"]}}],"collection":[{"href":"https:\/\/www.accuratereviews.com\/it\/wp-json\/wp\/v2\/pages"}],"about":[{"href":"https:\/\/www.accuratereviews.com\/it\/wp-json\/wp\/v2\/types\/page"}],"author":[{"embeddable":true,"href":"https:\/\/www.accuratereviews.com\/it\/wp-json\/wp\/v2\/users\/17"}],"replies":[{"embeddable":true,"href":"https:\/\/www.accuratereviews.com\/it\/wp-json\/wp\/v2\/comments?post=17931"}],"version-history":[{"count":6,"href":"https:\/\/www.accuratereviews.com\/it\/wp-json\/wp\/v2\/pages\/17931\/revisions"}],"predecessor-version":[{"id":17952,"href":"https:\/\/www.accuratereviews.com\/it\/wp-json\/wp\/v2\/pages\/17931\/revisions\/17952"}],"up":[{"embeddable":true,"href":"https:\/\/www.accuratereviews.com\/it\/wp-json\/wp\/v2\/pages\/7571"}],"wp:featuredmedia":[{"embeddable":true,"href":"https:\/\/www.accuratereviews.com\/it\/wp-json\/wp\/v2\/media\/17944"}],"wp:attachment":[{"href":"https:\/\/www.accuratereviews.com\/it\/wp-json\/wp\/v2\/media?parent=17931"}],"wp:term":[{"taxonomy":"category","embeddable":true,"href":"https:\/\/www.accuratereviews.com\/it\/wp-json\/wp\/v2\/categories?post=17931"},{"taxonomy":"post_tag","embeddable":true,"href":"https:\/\/www.accuratereviews.com\/it\/wp-json\/wp\/v2\/tags?post=17931"},{"taxonomy":"features","embeddable":true,"href":"https:\/\/www.accuratereviews.com\/it\/wp-json\/wp\/v2\/features?post=17931"}],"curies":[{"name":"wp","href":"https:\/\/api.w.org\/{rel}","templated":true}]}}