{"id":17973,"date":"2019-09-06T14:26:50","date_gmt":"2019-09-06T14:26:50","guid":{"rendered":"https:\/\/www.accuratereviews.com\/?page_id=17973"},"modified":"2023-01-25T09:16:11","modified_gmt":"2023-01-25T09:16:11","slug":"corel-videostudio-pro-recensione","status":"publish","type":"page","link":"https:\/\/www.accuratereviews.com\/it\/video-editing-lista-software\/corel-videostudio-pro-recensione\/","title":{"rendered":"Corel VideoStudio Pro"},"content":{"rendered":"<p><strong>Corel VideoStudio Pro<\/strong> \u00e8 un programma di <strong>video editing<\/strong> che si rivolge a tutti, dai principianti che vogliono realizzare semplicemente video per amici, familiari, delle vacanze ai pi\u00f9 esperti che necessitano creano video professionali. Si tratta di un <strong>video editor<\/strong> intuitivo e semplice da usare che dispone di moltissimi strumenti di base, quindi accessibile davvero a tutti. Con questo programma puoi posizionare un oggetto sulla linea temporale, tagliare e<strong> migliorare il video<\/strong>, aggiungendo effetti, transizioni e titoli diversi che lo rendano pi\u00f9 attrattivo. Per quanto riguardo invece gli strumenti pi\u00f9 avanzati, troviamo l&#8217;effetto speciale del <strong>chroma key<\/strong>, un potente modulo<strong> multicam<\/strong> e la possibilit\u00e0 di modificare il video a <strong>360 gradi<\/strong>.<br \/>\nSe non sei troppo pratico del mondo del video editing, ti consigliamo di fare clic sulla scheda &#8220;Progetto istantaneo&#8221; per scegliere il modello e il tema che ti interessano e trascinare i filmati nella sequenza temporale. In questo modo il tuo video verr\u00e0 montato in pochi minuti e potrai utilizzare anche <strong>FastFlick<\/strong>, un creatore di video che lavora per te analizzando le clip e creando il video in poco tempo.<\/p>\n<h2>COME UTILIZZARE COREL VIDEOSTUDIO PRO &#8211; TUTORIAL<\/h2>\n<p>Ecco un video tutorial che ci mostra come funziona questo <strong>video editor<\/strong>:<\/p>\n<div id=\"fluid-wrapper-counter-1\" class=\"g1-fluid-wrapper \" style=\"width:686px;\">\n<div style=\"padding-bottom:56.268221574344%;\"><iframe loading=\"lazy\" title=\"Corel VideoStudio - Tutorial for Beginners [+General Overview]\" width=\"686\" height=\"386\" src=\"https:\/\/www.youtube.com\/embed\/45ODAVObtBU?feature=oembed&amp;wmode=transparent&amp;autohide=1&amp;autoplay=0&amp;disablekb=0&amp;fs=1&amp;loop=0&amp;enablejsapi=1&amp;rel=0&amp;controls=2&amp;showinfo=0&amp;wmode=transparent&amp;autohide=2&amp;autoplay=0&amp;disablekb=0&amp;fs=1&amp;loop=0&amp;enablejsapi=1&amp;rel=0&amp;controls=2&amp;showinfo=1\" frameborder=\"0\" allow=\"accelerometer; autoplay; clipboard-write; encrypted-media; gyroscope; picture-in-picture; web-share\" allowfullscreen><\/iframe><\/div>\n<\/div>\n<div class=\"tlid-input input\">\n<div class=\"source-wrap\">\n<div class=\"input-full-height-wrapper tlid-input-full-height-wrapper\">\n<div class=\"source-input\">\n<div class=\"source-footer-wrap source-or-target-footer\">\n<div class=\"source-footer\">\n<div class=\"speech-wrap source-or-target-footer-button left-positioned\"><\/div>\n<\/div>\n<\/div>\n<\/div>\n<\/div>\n<\/div>\n<\/div>\n<h3>COREL VIDEOSTUDIO PRO &#8211; CARATTERISTICHE<\/h3>\n<p>Diamo un&#8217;occhiata alle sue principali caratteristiche:<\/p>\n<ul>\n<li><strong>Ricca libreria di effetti, titoli e transizioni<\/strong>: scegli il miglior effetto per rendere ancora pi\u00f9 attrattivo il tuo video<\/li>\n<li><strong>Editor di video multi-camera<\/strong>: modifica il tuo video e combina fino a 4 angolazioni diverse grazie a questo strumento<\/li>\n<li><strong>Esportazione dei video con sfondo trasparente<\/strong><\/li>\n<li><strong>Strumento Chroma Key<\/strong><\/li>\n<li><strong>Strumenti di correzione dell&#8217;obiettivo<\/strong>: rimuovi i difetti e l&#8217;effetto fisheye dal tuo video<\/li>\n<li><strong>Libreria musicale<\/strong>: inserisci la musica nel tuo video scegliendo tra le numerose colonne sonore esenti da diritti d&#8217;autore<\/li>\n<li><strong>Editing video a 360\u00b0<\/strong>: modifica, taglia, regola, converti i video a 360\u00b0.<\/li>\n<\/ul>\n<h4>LE RECENSIONI DEGLI UTENTI<\/h4>\n<p><strong>Fabrizio&#8221;Videostudio programma semplice compatto completo e di facile utilizzo&#8221;<\/strong><br \/>\n<strong>Commenti<\/strong>: Mi ha molto aiutato a fare i video per le attivit\u00e0 teatrali con i bambini della parrocchia. Brevi contributi da mettere sul proiettore delle scenografie. Molto utile<br \/>\n<strong>Pro<\/strong>: La compattezza e il facile utilizzo nelle varie sezioni<br \/>\n<strong>Contro<\/strong>: Forse manca di un po&#8217; di sviluppo nella parte dell&#8217;editing audio non quando la traccia \u00e8 gi\u00e0 sulla scena, ma prima: avrei piacere ci fosse nel software una parte di editing che mi facesse modificare la traccia da inserire in una fase precedente all&#8217;assemblaggio dei contenuti multimediali.<\/p>\n<p><strong>Krista&#8221;Software di editing principale&#8221;<\/strong><br \/>\n<strong>Commenti<\/strong>: Nel complesso\u00a0Video Studio funziona ancora bene per me<br \/>\n<strong>Pro<\/strong>: Ho acquistato Corel Video Studio perch\u00e9 avevo gi\u00e0 Corel Draw, ma alla fine \u00e8 diventato il mio software di editing video principale mentre continuo a realizzare video perch\u00e9 \u00e8 facile da usare e aggiungono sempre nuove funzionalit\u00e0.<br \/>\n<strong>Contro<\/strong>: L&#8217;unico inconveniente che ho riscontrato \u00e8 stato un paio di volte in cui il video non veniva visualizzato a causa di un errore. Questo pu\u00f2 accadere se c&#8217;\u00e8 un problema all&#8217;interno di una clip importata.<\/p>\n<p><strong>Kelly&#8221;Buon programma di editing video&#8221;<\/strong><br \/>\n<strong>Pro<\/strong>: Ha molte opzioni di modifica. Facile da usare.<br \/>\n<strong>Contro<\/strong>: Non sono riuscito a trovare nulla che mi dispiacesse.<\/p>\n","protected":false},"excerpt":{"rendered":"<p>Corel VideoStudio Pro \u00e8 un programma di video editing che si rivolge a tutti, dai principianti che vogliono realizzare semplicemente video per amici,\u00a0 familiari, delle vacanze ai pi\u00f9 esperti che necessitano creano video professionali. Si tratta di un video editor intuitivo e semplice da usare che dispone di moltissimi strumenti di base, quindi accessibile davvero a tutti.\u00a0<\/p>\n","protected":false},"author":17,"featured_media":17974,"parent":7571,"menu_order":0,"comment_status":"open","ping_status":"closed","template":"g1_template_page_review_new.php","meta":{"_acf_changed":false,"cwp_meta_box_check":"Yes","cwp_rev_product_name":"","cwp_rev_product_image":"","wppr_links":[],"cwp_rev_price":"","wppr_options":[{"name":"Usability","value":"0"},{"name":"Speed","value":"0"},{"name":"Features","value":"0"},{"name":"Support","value":"0"},{"name":"Pricing","value":"0"}],"wppr_pros":["","","","",""],"wppr_cons":["","","","",""],"_monsterinsights_skip_tracking":false,"_monsterinsights_sitenote_active":false,"_monsterinsights_sitenote_note":"","_monsterinsights_sitenote_category":0,"footnotes":""},"categories":[169],"tags":[225,3342,1244,1245,228,1273,1241,202],"features":[],"class_list":{"0":"post-17973","1":"page","2":"type-page","3":"status-publish","4":"has-post-thumbnail","6":"category-video-editing-software-it","7":"tag-editing-video","8":"tag-piattaforma-video-editing","9":"tag-programma-video-editing","10":"tag-ritocco","11":"tag-software-video-editing","12":"tag-soluzione-video-editing","13":"tag-video","14":"tag-video-editing"},"wppr_data":{"cwp_meta_box_check":"Yes","cwp_rev_product_name":"","_wppr_review_template":"default","cwp_rev_product_image":"","cwp_image_link":"image","wppr_links":[],"cwp_rev_price":"","wppr_pros":["","","","",""],"wppr_cons":["","","","",""],"wppr_rating":"0.00","wppr_options":{"1":{"name":"Usability","value":"0"},"2":{"name":"Speed","value":"0"},"3":{"name":"Features","value":"0"},"4":{"name":"Support","value":"0"},"5":{"name":"Pricing","value":"0"}},"wppr_review_type":"Product","wppr_review_custom_fields":{"additionalProperty":"","additionalType":"","aggregateRating":"","alternateName":"","audience":"","award":"","awards":"","brand":"","color":"","depth":"","description":"","disambiguatingDescription":"","gtin12":"","gtin13":"","gtin14":"","gtin8":"","height":"","identifier":"","image":"","isAccessoryOrSparePartFor":"","isConsumableFor":"","isRelatedTo":"","isSimilarTo":"","itemCondition":"","logo":"","mainEntityOfPage":"","manufacturer":"","material":"","model":"","mpn":"","name":"","offers":"","potentialAction":"","productID":"","productionDate":"","purchaseDate":"","releaseDate":"","review":"","reviews":"","sameAs":"","sku":"","slogan":"","subjectOf":"","url":"","weight":"","width":""}},"acf":[],"yoast_head":"<!-- This site is optimized with the Yoast SEO plugin v27.4 - https:\/\/yoast.com\/product\/yoast-seo-wordpress\/ -->\n<title>Corel VideoStudio Pro: recensione - Accurate Reviews<\/title>\n<meta name=\"description\" content=\"Corel VideoStudio Pro: recensione del programma di video editing intuitivo e semplice da usare, accessibile davvero a tutti, dai principianti agli esperti.\" \/>\n<meta name=\"robots\" content=\"index, follow, max-snippet:-1, max-image-preview:large, max-video-preview:-1\" \/>\n<link rel=\"canonical\" href=\"https:\/\/www.accuratereviews.com\/it\/video-editing-lista-software\/corel-videostudio-pro-recensione\/\" \/>\n<meta property=\"og:locale\" content=\"it_IT\" \/>\n<meta property=\"og:type\" content=\"article\" \/>\n<meta property=\"og:title\" content=\"Corel VideoStudio Pro: recensione - Accurate Reviews\" \/>\n<meta property=\"og:description\" content=\"Corel VideoStudio Pro: recensione del programma di video editing intuitivo e semplice da usare, accessibile davvero a tutti, dai principianti agli esperti.\" \/>\n<meta property=\"og:url\" content=\"https:\/\/www.accuratereviews.com\/it\/video-editing-lista-software\/corel-videostudio-pro-recensione\/\" \/>\n<meta property=\"og:site_name\" content=\"Accurate Reviews\" \/>\n<meta property=\"article:modified_time\" content=\"2023-01-25T09:16:11+00:00\" \/>\n<meta property=\"og:image\" content=\"https:\/\/www.accuratereviews.com\/wp-content\/uploads\/2019\/09\/download.jpg\" \/>\n\t<meta property=\"og:image:width\" content=\"311\" \/>\n\t<meta property=\"og:image:height\" content=\"162\" \/>\n\t<meta property=\"og:image:type\" content=\"image\/jpeg\" \/>\n<meta name=\"twitter:card\" content=\"summary_large_image\" \/>\n<meta name=\"twitter:label1\" content=\"Tempo di lettura stimato\" \/>\n\t<meta name=\"twitter:data1\" content=\"3 minuti\" \/>\n<script type=\"application\/ld+json\" class=\"yoast-schema-graph\">{\"@context\":\"https:\\\/\\\/schema.org\",\"@graph\":[{\"@type\":\"WebPage\",\"@id\":\"https:\\\/\\\/www.accuratereviews.com\\\/it\\\/video-editing-lista-software\\\/corel-videostudio-pro-recensione\\\/\",\"url\":\"https:\\\/\\\/www.accuratereviews.com\\\/it\\\/video-editing-lista-software\\\/corel-videostudio-pro-recensione\\\/\",\"name\":\"Corel VideoStudio Pro: recensione - Accurate Reviews\",\"isPartOf\":{\"@id\":\"https:\\\/\\\/www.accuratereviews.com\\\/it\\\/#website\"},\"primaryImageOfPage\":{\"@id\":\"https:\\\/\\\/www.accuratereviews.com\\\/it\\\/video-editing-lista-software\\\/corel-videostudio-pro-recensione\\\/#primaryimage\"},\"image\":{\"@id\":\"https:\\\/\\\/www.accuratereviews.com\\\/it\\\/video-editing-lista-software\\\/corel-videostudio-pro-recensione\\\/#primaryimage\"},\"thumbnailUrl\":\"https:\\\/\\\/www.accuratereviews.com\\\/wp-content\\\/uploads\\\/2019\\\/09\\\/download.jpg\",\"datePublished\":\"2019-09-06T14:26:50+00:00\",\"dateModified\":\"2023-01-25T09:16:11+00:00\",\"description\":\"Corel VideoStudio Pro: recensione del programma di video editing intuitivo e semplice da usare, accessibile davvero a tutti, dai principianti agli esperti.\",\"breadcrumb\":{\"@id\":\"https:\\\/\\\/www.accuratereviews.com\\\/it\\\/video-editing-lista-software\\\/corel-videostudio-pro-recensione\\\/#breadcrumb\"},\"inLanguage\":\"it-IT\",\"potentialAction\":[{\"@type\":\"ReadAction\",\"target\":[\"https:\\\/\\\/www.accuratereviews.com\\\/it\\\/video-editing-lista-software\\\/corel-videostudio-pro-recensione\\\/\"]}]},{\"@type\":\"ImageObject\",\"inLanguage\":\"it-IT\",\"@id\":\"https:\\\/\\\/www.accuratereviews.com\\\/it\\\/video-editing-lista-software\\\/corel-videostudio-pro-recensione\\\/#primaryimage\",\"url\":\"https:\\\/\\\/www.accuratereviews.com\\\/wp-content\\\/uploads\\\/2019\\\/09\\\/download.jpg\",\"contentUrl\":\"https:\\\/\\\/www.accuratereviews.com\\\/wp-content\\\/uploads\\\/2019\\\/09\\\/download.jpg\",\"width\":311,\"height\":162},{\"@type\":\"BreadcrumbList\",\"@id\":\"https:\\\/\\\/www.accuratereviews.com\\\/it\\\/video-editing-lista-software\\\/corel-videostudio-pro-recensione\\\/#breadcrumb\",\"itemListElement\":[{\"@type\":\"ListItem\",\"position\":1,\"name\":\"Home\",\"item\":\"https:\\\/\\\/www.accuratereviews.com\\\/it\\\/\"},{\"@type\":\"ListItem\",\"position\":2,\"name\":\"Software per il video editing\",\"item\":\"https:\\\/\\\/www.accuratereviews.com\\\/it\\\/video-editing-lista-software\\\/\"},{\"@type\":\"ListItem\",\"position\":3,\"name\":\"Corel VideoStudio Pro\"}]},{\"@type\":\"WebSite\",\"@id\":\"https:\\\/\\\/www.accuratereviews.com\\\/it\\\/#website\",\"url\":\"https:\\\/\\\/www.accuratereviews.com\\\/it\\\/\",\"name\":\"Accurate Reviews\",\"description\":\"\",\"potentialAction\":[{\"@type\":\"SearchAction\",\"target\":{\"@type\":\"EntryPoint\",\"urlTemplate\":\"https:\\\/\\\/www.accuratereviews.com\\\/it\\\/?s={search_term_string}\"},\"query-input\":{\"@type\":\"PropertyValueSpecification\",\"valueRequired\":true,\"valueName\":\"search_term_string\"}}],\"inLanguage\":\"it-IT\"}]}<\/script>\n<!-- \/ Yoast SEO plugin. -->","yoast_head_json":{"title":"Corel VideoStudio Pro: recensione - Accurate Reviews","description":"Corel VideoStudio Pro: recensione del programma di video editing intuitivo e semplice da usare, accessibile davvero a tutti, dai principianti agli esperti.","robots":{"index":"index","follow":"follow","max-snippet":"max-snippet:-1","max-image-preview":"max-image-preview:large","max-video-preview":"max-video-preview:-1"},"canonical":"https:\/\/www.accuratereviews.com\/it\/video-editing-lista-software\/corel-videostudio-pro-recensione\/","og_locale":"it_IT","og_type":"article","og_title":"Corel VideoStudio Pro: recensione - Accurate Reviews","og_description":"Corel VideoStudio Pro: recensione del programma di video editing intuitivo e semplice da usare, accessibile davvero a tutti, dai principianti agli esperti.","og_url":"https:\/\/www.accuratereviews.com\/it\/video-editing-lista-software\/corel-videostudio-pro-recensione\/","og_site_name":"Accurate Reviews","article_modified_time":"2023-01-25T09:16:11+00:00","og_image":[{"width":311,"height":162,"url":"https:\/\/www.accuratereviews.com\/wp-content\/uploads\/2019\/09\/download.jpg","type":"image\/jpeg"}],"twitter_card":"summary_large_image","twitter_misc":{"Tempo di lettura stimato":"3 minuti"},"schema":{"@context":"https:\/\/schema.org","@graph":[{"@type":"WebPage","@id":"https:\/\/www.accuratereviews.com\/it\/video-editing-lista-software\/corel-videostudio-pro-recensione\/","url":"https:\/\/www.accuratereviews.com\/it\/video-editing-lista-software\/corel-videostudio-pro-recensione\/","name":"Corel VideoStudio Pro: recensione - Accurate Reviews","isPartOf":{"@id":"https:\/\/www.accuratereviews.com\/it\/#website"},"primaryImageOfPage":{"@id":"https:\/\/www.accuratereviews.com\/it\/video-editing-lista-software\/corel-videostudio-pro-recensione\/#primaryimage"},"image":{"@id":"https:\/\/www.accuratereviews.com\/it\/video-editing-lista-software\/corel-videostudio-pro-recensione\/#primaryimage"},"thumbnailUrl":"https:\/\/www.accuratereviews.com\/wp-content\/uploads\/2019\/09\/download.jpg","datePublished":"2019-09-06T14:26:50+00:00","dateModified":"2023-01-25T09:16:11+00:00","description":"Corel VideoStudio Pro: recensione del programma di video editing intuitivo e semplice da usare, accessibile davvero a tutti, dai principianti agli esperti.","breadcrumb":{"@id":"https:\/\/www.accuratereviews.com\/it\/video-editing-lista-software\/corel-videostudio-pro-recensione\/#breadcrumb"},"inLanguage":"it-IT","potentialAction":[{"@type":"ReadAction","target":["https:\/\/www.accuratereviews.com\/it\/video-editing-lista-software\/corel-videostudio-pro-recensione\/"]}]},{"@type":"ImageObject","inLanguage":"it-IT","@id":"https:\/\/www.accuratereviews.com\/it\/video-editing-lista-software\/corel-videostudio-pro-recensione\/#primaryimage","url":"https:\/\/www.accuratereviews.com\/wp-content\/uploads\/2019\/09\/download.jpg","contentUrl":"https:\/\/www.accuratereviews.com\/wp-content\/uploads\/2019\/09\/download.jpg","width":311,"height":162},{"@type":"BreadcrumbList","@id":"https:\/\/www.accuratereviews.com\/it\/video-editing-lista-software\/corel-videostudio-pro-recensione\/#breadcrumb","itemListElement":[{"@type":"ListItem","position":1,"name":"Home","item":"https:\/\/www.accuratereviews.com\/it\/"},{"@type":"ListItem","position":2,"name":"Software per il video editing","item":"https:\/\/www.accuratereviews.com\/it\/video-editing-lista-software\/"},{"@type":"ListItem","position":3,"name":"Corel VideoStudio Pro"}]},{"@type":"WebSite","@id":"https:\/\/www.accuratereviews.com\/it\/#website","url":"https:\/\/www.accuratereviews.com\/it\/","name":"Accurate Reviews","description":"","potentialAction":[{"@type":"SearchAction","target":{"@type":"EntryPoint","urlTemplate":"https:\/\/www.accuratereviews.com\/it\/?s={search_term_string}"},"query-input":{"@type":"PropertyValueSpecification","valueRequired":true,"valueName":"search_term_string"}}],"inLanguage":"it-IT"}]}},"_links":{"self":[{"href":"https:\/\/www.accuratereviews.com\/it\/wp-json\/wp\/v2\/pages\/17973","targetHints":{"allow":["GET"]}}],"collection":[{"href":"https:\/\/www.accuratereviews.com\/it\/wp-json\/wp\/v2\/pages"}],"about":[{"href":"https:\/\/www.accuratereviews.com\/it\/wp-json\/wp\/v2\/types\/page"}],"author":[{"embeddable":true,"href":"https:\/\/www.accuratereviews.com\/it\/wp-json\/wp\/v2\/users\/17"}],"replies":[{"embeddable":true,"href":"https:\/\/www.accuratereviews.com\/it\/wp-json\/wp\/v2\/comments?post=17973"}],"version-history":[{"count":7,"href":"https:\/\/www.accuratereviews.com\/it\/wp-json\/wp\/v2\/pages\/17973\/revisions"}],"predecessor-version":[{"id":66574,"href":"https:\/\/www.accuratereviews.com\/it\/wp-json\/wp\/v2\/pages\/17973\/revisions\/66574"}],"up":[{"embeddable":true,"href":"https:\/\/www.accuratereviews.com\/it\/wp-json\/wp\/v2\/pages\/7571"}],"wp:featuredmedia":[{"embeddable":true,"href":"https:\/\/www.accuratereviews.com\/it\/wp-json\/wp\/v2\/media\/17974"}],"wp:attachment":[{"href":"https:\/\/www.accuratereviews.com\/it\/wp-json\/wp\/v2\/media?parent=17973"}],"wp:term":[{"taxonomy":"category","embeddable":true,"href":"https:\/\/www.accuratereviews.com\/it\/wp-json\/wp\/v2\/categories?post=17973"},{"taxonomy":"post_tag","embeddable":true,"href":"https:\/\/www.accuratereviews.com\/it\/wp-json\/wp\/v2\/tags?post=17973"},{"taxonomy":"features","embeddable":true,"href":"https:\/\/www.accuratereviews.com\/it\/wp-json\/wp\/v2\/features?post=17973"}],"curies":[{"name":"wp","href":"https:\/\/api.w.org\/{rel}","templated":true}]}}