{"id":18006,"date":"2019-09-09T16:25:22","date_gmt":"2019-09-09T16:25:22","guid":{"rendered":"https:\/\/www.accuratereviews.com\/?page_id=18006"},"modified":"2023-01-24T18:18:59","modified_gmt":"2023-01-24T18:18:59","slug":"animotica-recensione","status":"publish","type":"page","link":"https:\/\/www.accuratereviews.com\/it\/video-editing-lista-software\/animotica-recensione\/","title":{"rendered":"Animotica"},"content":{"rendered":"<p><strong>Animotica<\/strong> \u00e8 un <strong>software di editing video gratuito<\/strong> progettato principalmente per Windows 10. \u00c8 un <strong>editor video,<\/strong> ideale per creare filmati e \u00a0presentazioni, tutto integrato in un&#8217;unica solida piattaforma. \u00c8 facile da usare in effetti, chiunque pu\u00f2 creare video vivaci e dinamici in pochi minuti.\u00a0Oltre agli strumenti di editing video di base che trovi nella maggior parte delle soluzioni per la creazione di video, <strong>Animotica<\/strong> \u00e8 ricca di funzionalit\u00e0 avanzate per aiutarti a creare fantastici video e presentazioni.\u00a0Puoi unire e modificare video e immagini dalle tue gallerie, disporre e combinare pi\u00f9 videoclip, includere musica di sottofondo personalizzata e aggiungere voci fuori campo e animazioni. L&#8217;ultima versione include nuovi strumenti come la disattivazione dell&#8217;audio del video, la rotazione delle clip, l&#8217;estrazione di MP3 e la <strong>nuova funzione per la sincronizzazione e il missaggio dell&#8217;audio.<\/strong>\u00a0Hai anche accesso a oltre 40 effetti speciali e oltre 40 transizioni video \/ foto. Filigrane e loghi personalizzati possono essere aggiunti ai tuoi video per scopi di branding e copyright. E per finire puoi\u00a0facilmente condividere i tuoi video su Facebook, YouTube, Instagram, Twitter e altri canali di social media con un clic.<\/p>\n<h2>ANIMOTICA &#8211; TUTORIAL<\/h2>\n<p>Il video tutorial che seguir\u00e0 mostra come utilizzare questo potente programma di <strong>editing video<\/strong>:<\/p>\n<div id=\"fluid-wrapper-counter-1\" class=\"g1-fluid-wrapper \" style=\"width:686px;\">\n<div style=\"padding-bottom:56.268221574344%;\"><iframe loading=\"lazy\" title=\"How to Edit Videos With Animotica for IGTV And YouTube\" width=\"686\" height=\"386\" src=\"https:\/\/www.youtube.com\/embed\/BqIRm09DNz4?feature=oembed&amp;wmode=transparent&amp;autohide=1&amp;autoplay=0&amp;disablekb=0&amp;fs=1&amp;loop=0&amp;enablejsapi=1&amp;rel=0&amp;controls=2&amp;showinfo=0&amp;wmode=transparent&amp;autohide=2&amp;autoplay=0&amp;disablekb=0&amp;fs=1&amp;loop=0&amp;enablejsapi=1&amp;rel=0&amp;controls=2&amp;showinfo=1\" frameborder=\"0\" allow=\"accelerometer; autoplay; clipboard-write; encrypted-media; gyroscope; picture-in-picture; web-share\" allowfullscreen><\/iframe><\/div>\n<\/div>\n<h3>ANIMOTICA &#8211; CARATTERISTICHE<\/h3>\n<ul>\n<li><strong>Taglia e dividi il video<\/strong>: elimina facilmente i momenti non necessari<\/li>\n<li><strong>Aggiungi musica di sottofondo ed effetti audio<\/strong>: aggiungi effetti audio o musica al tuo video, usa l&#8217;opzione &#8216;fade in&#8217; \/ &#8216;fade out&#8217;<\/li>\n<li><strong>Voce fuoricampo<\/strong>: usa il microfono per aggiungere una voce fuori campo al video<\/li>\n<li><strong>Effetti e filtri video<\/strong>: utilizza\u00a0vari effetti video, aggiungi filtri per ravvivare la tua opera<\/li>\n<li><strong>Regolazione del colore<\/strong>: modifica la luminosit\u00e0, il contrasto, la saturazione, l&#8217;esposizione, la tonalit\u00e0, la temperatura, la nitidezza, la sfocatura e altro ancora<\/li>\n<li><strong>Sfocatura sfondo video<\/strong>:\u00a0adatta il video in proporzioni verticali, orizzontali o quadrate per sfocare o colorare lo sfondo del video<\/li>\n<li><strong>Transizioni video<\/strong>: passa da una clip all&#8217;altra usando effetti meravigliosi<\/li>\n<li><strong>Sovrapposizione video<\/strong>:\u00a0crea un collage video con immagini PIP o video VIP<\/li>\n<li><strong>Crea video quadrati o verticali per Instagram<\/strong>: usa le proporzioni video 1: 1, 16: 9, 9:16, 4: 5 per i tuoi social media<\/li>\n<li><strong>Testo e adesivi<\/strong>:\u00a0inserisci titoli di testo o adesivi al tuo video<\/li>\n<li><strong>Rotazione video<\/strong>: ruota il video per adattarlo alle tue esigenze<\/li>\n<li><strong>Effetto rapido e al rallentatore<\/strong>: accelera il video o rallenta il video mentre usi le impostazioni<\/li>\n<li><strong>Effetto Ken Burns<\/strong>: porta l&#8217;animazione a un livello completamente nuovo con l&#8217;effetto movimento Ken Burns.<\/li>\n<\/ul>\n<h4>LE RECENSIONI DEGLI UTENTI<\/h4>\n<p><strong>Mita&#8221;Consiglio vivamente Animotica!&#8221;<\/strong><br \/>\n<strong>Commenti<\/strong>: Ottimo e produttivo!<br \/>\n<strong>Pro<\/strong>: Facile e intuitivo da usare. Bella anteprima del prodotto finale. Molti effetti, belle transizioni<br \/>\n<strong>Contro<\/strong>: Mi piacerebbe che le versioni future includessero la funzione di aumentare le parti del menu di lavoro (pannello degli strumenti situato in basso). Quando si sovrappongono molti strati, diventano molto piccoli e non molto facili da osservare.<\/p>\n<p><strong>Marti&#8221;Semplice e veloce: Animotica \u00e8 ottima per progetti semplici&#8221;<\/strong><br \/>\n<strong>Commenti<\/strong>: Stavo cercando Movie Maker in Windows 10 e sono rimasto deluso dal fatto che non sia pi\u00f9 disponibile con Windows. Poi, ho fatto delle ricerche e ho trovato Animotica. \u00c8 tutto ci\u00f2 di cui avevo bisogno per apportare piccole modifiche ai video, mettere insieme presentazioni con musica e una variet\u00e0 di altre cose. A lungo termine, Animotica \u00e8 un ottimo programma per chi ha bisogno di un software di editing video ma non ha bisogno di qualcosa di cos\u00ec complesso come Premiere.<br \/>\n<strong>Pro<\/strong>: Questo software \u00e8 eccellente! Non solo \u00e8 robusto per un&#8217;opzione cos\u00ec economica, ma \u00e8 abbastanza autoesplicativo da usare. Se hai familiarit\u00e0 con l&#8217;editing video, \u00e8 abbastanza facile iniziare. Ci sono anche livelli quando si tratta di prezzi, quindi puoi scegliere quanto o quanto poco ti serve.<br \/>\n<strong>Contro<\/strong>: Niente. \u00c8 conveniente, facile da usare e fa ci\u00f2 di cui ho bisogno con l&#8217;editing video di base.<\/p>\n<p><strong>Henry&#8221;Editor video conveniente e robusto&#8221;<\/strong><br \/>\n<strong>Commenti<\/strong>: Utilizzo Animotica da oltre un anno ormai, sia per progetti aziendali che personali. Dal momento che io e il mio team non siamo esperti di tecnologia, ci imbattiamo ancora in nuove funzionalit\u00e0 che non avevamo mai visto prima. Rispetto a dozzine di altre piattaforme di editing video, Animotica era di gran lunga la pi\u00f9 robusta e conveniente di tutte. Anche se potrebbe non essere abbastanza pieno per gli esperti, questo \u00e8 perfetto per l&#8217;utente medio.<br \/>\n<strong>Pro<\/strong>: Il gran numero di funzionalit\u00e0 legate a questo software \u00e8 organizzato in modo molto efficiente. Dato che non ha familiarit\u00e0 con programmi simili, non \u00e8 stato affatto difficile iniziare a utilizzare il programma &#8220;pronto all&#8217;uso&#8221; per cos\u00ec dire.<br \/>\n<strong>Contro<\/strong>: Alcune delle funzionalit\u00e0 sono poco brillanti, come il numero limitato di tracce audio di pubblico dominio e gli effetti video, che possono essere un po&#8217; troppo simili tra loro. Tuttavia, tutte le caratteristiche essenziali di questi aspetti sono disponibili.<\/p>\n","protected":false},"excerpt":{"rendered":"<p>Animotica \u00e8 un software di editing video gratuito progettato principalmente per Windows 10. \u00c8 un editor video, ideale per creare filmati e \u00a0presentazioni, tutto integrato in un&#8217;unica solida piattaforma. \u00c8 facile da usare in effetti, chiunque pu\u00f2 creare video vivaci e dinamici in pochi minuti.\u00a0Oltre agli strumenti di editing video di base che trovi nella maggior parte delle soluzioni per la creazione di video, Animotica \u00e8 ricca di funzionalit\u00e0 avanzate per aiutarti a creare fantastici video e presentazioni.<\/p>\n","protected":false},"author":19,"featured_media":18008,"parent":7571,"menu_order":0,"comment_status":"open","ping_status":"closed","template":"g1_template_page_review_new.php","meta":{"_acf_changed":false,"cwp_meta_box_check":"Yes","cwp_rev_product_name":"","cwp_rev_product_image":"","wppr_links":[],"cwp_rev_price":"0.00","wppr_options":[{"name":"Usability","value":"0"},{"name":"Speed","value":"0"},{"name":"Features","value":"0"},{"name":"Support","value":"0"},{"name":"Pricing","value":"0"}],"wppr_pros":["","","","",""],"wppr_cons":["","","","",""],"_monsterinsights_skip_tracking":false,"_monsterinsights_sitenote_active":false,"_monsterinsights_sitenote_note":"","_monsterinsights_sitenote_category":0,"footnotes":""},"categories":[169],"tags":[1250,3342,1244,228,1273,202,201],"features":[],"class_list":{"0":"post-18006","1":"page","2":"type-page","3":"status-publish","4":"has-post-thumbnail","6":"category-video-editing-software-it","7":"tag-animotica","8":"tag-piattaforma-video-editing","9":"tag-programma-video-editing","10":"tag-software-video-editing","11":"tag-soluzione-video-editing","12":"tag-video-editing","13":"tag-video-editor"},"wppr_data":{"cwp_meta_box_check":"Yes","_wppr_review_template":"default","cwp_rev_product_image":"","cwp_image_link":"image","wppr_links":[],"cwp_rev_price":"0.00","wppr_pros":["","","","",""],"wppr_cons":["","","","",""],"wppr_rating":"0.00","wppr_options":{"1":{"name":"Usability","value":"0"},"2":{"name":"Speed","value":"0"},"3":{"name":"Features","value":"0"},"4":{"name":"Support","value":"0"},"5":{"name":"Pricing","value":"0"}},"wppr_review_type":"Product","wppr_review_custom_fields":{"additionalProperty":"","additionalType":"","aggregateRating":"","alternateName":"","audience":"","award":"","awards":"","brand":"","color":"","depth":"","description":"","disambiguatingDescription":"","gtin12":"","gtin13":"","gtin14":"","gtin8":"","height":"","identifier":"","image":"","isAccessoryOrSparePartFor":"","isConsumableFor":"","isRelatedTo":"","isSimilarTo":"","itemCondition":"","logo":"","mainEntityOfPage":"","manufacturer":"","material":"","model":"","mpn":"","name":"","offers":"","potentialAction":"","productID":"","productionDate":"","purchaseDate":"","releaseDate":"","review":"","reviews":"","sameAs":"","sku":"","slogan":"","subjectOf":"","url":"","weight":"","width":""}},"acf":[],"yoast_head":"<!-- This site is optimized with the Yoast SEO plugin v27.4 - https:\/\/yoast.com\/product\/yoast-seo-wordpress\/ -->\n<title>Animotica: recensione software video editing - Accurate Reviews<\/title>\n<meta name=\"description\" content=\"Animotica: recensione software video editing ideale per creare filmati e \u00a0presentazioni, tutto integrato in un&#039;unica piattaforma.\" \/>\n<meta name=\"robots\" content=\"index, follow, max-snippet:-1, max-image-preview:large, max-video-preview:-1\" \/>\n<link rel=\"canonical\" href=\"https:\/\/www.accuratereviews.com\/it\/video-editing-lista-software\/animotica-recensione\/\" \/>\n<meta property=\"og:locale\" content=\"it_IT\" \/>\n<meta property=\"og:type\" content=\"article\" \/>\n<meta property=\"og:title\" content=\"Animotica: recensione software video editing - Accurate Reviews\" \/>\n<meta property=\"og:description\" content=\"Animotica: recensione software video editing ideale per creare filmati e \u00a0presentazioni, tutto integrato in un&#039;unica piattaforma.\" \/>\n<meta property=\"og:url\" content=\"https:\/\/www.accuratereviews.com\/it\/video-editing-lista-software\/animotica-recensione\/\" \/>\n<meta property=\"og:site_name\" content=\"Accurate Reviews\" \/>\n<meta property=\"article:modified_time\" content=\"2023-01-24T18:18:59+00:00\" \/>\n<meta property=\"og:image\" content=\"https:\/\/www.accuratereviews.com\/wp-content\/uploads\/2019\/09\/animotica.png\" \/>\n\t<meta property=\"og:image:width\" content=\"800\" \/>\n\t<meta property=\"og:image:height\" content=\"800\" \/>\n\t<meta property=\"og:image:type\" content=\"image\/png\" \/>\n<meta name=\"twitter:card\" content=\"summary_large_image\" \/>\n<meta name=\"twitter:label1\" content=\"Tempo di lettura stimato\" \/>\n\t<meta name=\"twitter:data1\" content=\"5 minuti\" \/>\n<script type=\"application\/ld+json\" class=\"yoast-schema-graph\">{\"@context\":\"https:\\\/\\\/schema.org\",\"@graph\":[{\"@type\":\"WebPage\",\"@id\":\"https:\\\/\\\/www.accuratereviews.com\\\/it\\\/video-editing-lista-software\\\/animotica-recensione\\\/\",\"url\":\"https:\\\/\\\/www.accuratereviews.com\\\/it\\\/video-editing-lista-software\\\/animotica-recensione\\\/\",\"name\":\"Animotica: recensione software video editing - Accurate Reviews\",\"isPartOf\":{\"@id\":\"https:\\\/\\\/www.accuratereviews.com\\\/it\\\/#website\"},\"primaryImageOfPage\":{\"@id\":\"https:\\\/\\\/www.accuratereviews.com\\\/it\\\/video-editing-lista-software\\\/animotica-recensione\\\/#primaryimage\"},\"image\":{\"@id\":\"https:\\\/\\\/www.accuratereviews.com\\\/it\\\/video-editing-lista-software\\\/animotica-recensione\\\/#primaryimage\"},\"thumbnailUrl\":\"https:\\\/\\\/www.accuratereviews.com\\\/wp-content\\\/uploads\\\/2019\\\/09\\\/animotica.png\",\"datePublished\":\"2019-09-09T16:25:22+00:00\",\"dateModified\":\"2023-01-24T18:18:59+00:00\",\"description\":\"Animotica: recensione software video editing ideale per creare filmati e \u00a0presentazioni, tutto integrato in un'unica piattaforma.\",\"breadcrumb\":{\"@id\":\"https:\\\/\\\/www.accuratereviews.com\\\/it\\\/video-editing-lista-software\\\/animotica-recensione\\\/#breadcrumb\"},\"inLanguage\":\"it-IT\",\"potentialAction\":[{\"@type\":\"ReadAction\",\"target\":[\"https:\\\/\\\/www.accuratereviews.com\\\/it\\\/video-editing-lista-software\\\/animotica-recensione\\\/\"]}]},{\"@type\":\"ImageObject\",\"inLanguage\":\"it-IT\",\"@id\":\"https:\\\/\\\/www.accuratereviews.com\\\/it\\\/video-editing-lista-software\\\/animotica-recensione\\\/#primaryimage\",\"url\":\"https:\\\/\\\/www.accuratereviews.com\\\/wp-content\\\/uploads\\\/2019\\\/09\\\/animotica.png\",\"contentUrl\":\"https:\\\/\\\/www.accuratereviews.com\\\/wp-content\\\/uploads\\\/2019\\\/09\\\/animotica.png\",\"width\":800,\"height\":800},{\"@type\":\"BreadcrumbList\",\"@id\":\"https:\\\/\\\/www.accuratereviews.com\\\/it\\\/video-editing-lista-software\\\/animotica-recensione\\\/#breadcrumb\",\"itemListElement\":[{\"@type\":\"ListItem\",\"position\":1,\"name\":\"Home\",\"item\":\"https:\\\/\\\/www.accuratereviews.com\\\/it\\\/\"},{\"@type\":\"ListItem\",\"position\":2,\"name\":\"Software per il video editing\",\"item\":\"https:\\\/\\\/www.accuratereviews.com\\\/it\\\/video-editing-lista-software\\\/\"},{\"@type\":\"ListItem\",\"position\":3,\"name\":\"Animotica\"}]},{\"@type\":\"WebSite\",\"@id\":\"https:\\\/\\\/www.accuratereviews.com\\\/it\\\/#website\",\"url\":\"https:\\\/\\\/www.accuratereviews.com\\\/it\\\/\",\"name\":\"Accurate Reviews\",\"description\":\"\",\"potentialAction\":[{\"@type\":\"SearchAction\",\"target\":{\"@type\":\"EntryPoint\",\"urlTemplate\":\"https:\\\/\\\/www.accuratereviews.com\\\/it\\\/?s={search_term_string}\"},\"query-input\":{\"@type\":\"PropertyValueSpecification\",\"valueRequired\":true,\"valueName\":\"search_term_string\"}}],\"inLanguage\":\"it-IT\"}]}<\/script>\n<!-- \/ Yoast SEO plugin. -->","yoast_head_json":{"title":"Animotica: recensione software video editing - Accurate Reviews","description":"Animotica: recensione software video editing ideale per creare filmati e \u00a0presentazioni, tutto integrato in un'unica piattaforma.","robots":{"index":"index","follow":"follow","max-snippet":"max-snippet:-1","max-image-preview":"max-image-preview:large","max-video-preview":"max-video-preview:-1"},"canonical":"https:\/\/www.accuratereviews.com\/it\/video-editing-lista-software\/animotica-recensione\/","og_locale":"it_IT","og_type":"article","og_title":"Animotica: recensione software video editing - Accurate Reviews","og_description":"Animotica: recensione software video editing ideale per creare filmati e \u00a0presentazioni, tutto integrato in un'unica piattaforma.","og_url":"https:\/\/www.accuratereviews.com\/it\/video-editing-lista-software\/animotica-recensione\/","og_site_name":"Accurate Reviews","article_modified_time":"2023-01-24T18:18:59+00:00","og_image":[{"width":800,"height":800,"url":"https:\/\/www.accuratereviews.com\/wp-content\/uploads\/2019\/09\/animotica.png","type":"image\/png"}],"twitter_card":"summary_large_image","twitter_misc":{"Tempo di lettura stimato":"5 minuti"},"schema":{"@context":"https:\/\/schema.org","@graph":[{"@type":"WebPage","@id":"https:\/\/www.accuratereviews.com\/it\/video-editing-lista-software\/animotica-recensione\/","url":"https:\/\/www.accuratereviews.com\/it\/video-editing-lista-software\/animotica-recensione\/","name":"Animotica: recensione software video editing - Accurate Reviews","isPartOf":{"@id":"https:\/\/www.accuratereviews.com\/it\/#website"},"primaryImageOfPage":{"@id":"https:\/\/www.accuratereviews.com\/it\/video-editing-lista-software\/animotica-recensione\/#primaryimage"},"image":{"@id":"https:\/\/www.accuratereviews.com\/it\/video-editing-lista-software\/animotica-recensione\/#primaryimage"},"thumbnailUrl":"https:\/\/www.accuratereviews.com\/wp-content\/uploads\/2019\/09\/animotica.png","datePublished":"2019-09-09T16:25:22+00:00","dateModified":"2023-01-24T18:18:59+00:00","description":"Animotica: recensione software video editing ideale per creare filmati e \u00a0presentazioni, tutto integrato in un'unica piattaforma.","breadcrumb":{"@id":"https:\/\/www.accuratereviews.com\/it\/video-editing-lista-software\/animotica-recensione\/#breadcrumb"},"inLanguage":"it-IT","potentialAction":[{"@type":"ReadAction","target":["https:\/\/www.accuratereviews.com\/it\/video-editing-lista-software\/animotica-recensione\/"]}]},{"@type":"ImageObject","inLanguage":"it-IT","@id":"https:\/\/www.accuratereviews.com\/it\/video-editing-lista-software\/animotica-recensione\/#primaryimage","url":"https:\/\/www.accuratereviews.com\/wp-content\/uploads\/2019\/09\/animotica.png","contentUrl":"https:\/\/www.accuratereviews.com\/wp-content\/uploads\/2019\/09\/animotica.png","width":800,"height":800},{"@type":"BreadcrumbList","@id":"https:\/\/www.accuratereviews.com\/it\/video-editing-lista-software\/animotica-recensione\/#breadcrumb","itemListElement":[{"@type":"ListItem","position":1,"name":"Home","item":"https:\/\/www.accuratereviews.com\/it\/"},{"@type":"ListItem","position":2,"name":"Software per il video editing","item":"https:\/\/www.accuratereviews.com\/it\/video-editing-lista-software\/"},{"@type":"ListItem","position":3,"name":"Animotica"}]},{"@type":"WebSite","@id":"https:\/\/www.accuratereviews.com\/it\/#website","url":"https:\/\/www.accuratereviews.com\/it\/","name":"Accurate Reviews","description":"","potentialAction":[{"@type":"SearchAction","target":{"@type":"EntryPoint","urlTemplate":"https:\/\/www.accuratereviews.com\/it\/?s={search_term_string}"},"query-input":{"@type":"PropertyValueSpecification","valueRequired":true,"valueName":"search_term_string"}}],"inLanguage":"it-IT"}]}},"_links":{"self":[{"href":"https:\/\/www.accuratereviews.com\/it\/wp-json\/wp\/v2\/pages\/18006","targetHints":{"allow":["GET"]}}],"collection":[{"href":"https:\/\/www.accuratereviews.com\/it\/wp-json\/wp\/v2\/pages"}],"about":[{"href":"https:\/\/www.accuratereviews.com\/it\/wp-json\/wp\/v2\/types\/page"}],"author":[{"embeddable":true,"href":"https:\/\/www.accuratereviews.com\/it\/wp-json\/wp\/v2\/users\/19"}],"replies":[{"embeddable":true,"href":"https:\/\/www.accuratereviews.com\/it\/wp-json\/wp\/v2\/comments?post=18006"}],"version-history":[{"count":11,"href":"https:\/\/www.accuratereviews.com\/it\/wp-json\/wp\/v2\/pages\/18006\/revisions"}],"predecessor-version":[{"id":66564,"href":"https:\/\/www.accuratereviews.com\/it\/wp-json\/wp\/v2\/pages\/18006\/revisions\/66564"}],"up":[{"embeddable":true,"href":"https:\/\/www.accuratereviews.com\/it\/wp-json\/wp\/v2\/pages\/7571"}],"wp:featuredmedia":[{"embeddable":true,"href":"https:\/\/www.accuratereviews.com\/it\/wp-json\/wp\/v2\/media\/18008"}],"wp:attachment":[{"href":"https:\/\/www.accuratereviews.com\/it\/wp-json\/wp\/v2\/media?parent=18006"}],"wp:term":[{"taxonomy":"category","embeddable":true,"href":"https:\/\/www.accuratereviews.com\/it\/wp-json\/wp\/v2\/categories?post=18006"},{"taxonomy":"post_tag","embeddable":true,"href":"https:\/\/www.accuratereviews.com\/it\/wp-json\/wp\/v2\/tags?post=18006"},{"taxonomy":"features","embeddable":true,"href":"https:\/\/www.accuratereviews.com\/it\/wp-json\/wp\/v2\/features?post=18006"}],"curies":[{"name":"wp","href":"https:\/\/api.w.org\/{rel}","templated":true}]}}