{"id":18047,"date":"2019-09-09T16:24:22","date_gmt":"2019-09-09T16:24:22","guid":{"rendered":"https:\/\/www.accuratereviews.com\/?page_id=18047"},"modified":"2023-02-09T09:48:13","modified_gmt":"2023-02-09T09:48:13","slug":"wipster-recensione","status":"publish","type":"page","link":"https:\/\/www.accuratereviews.com\/it\/video-editing-lista-software\/wipster-recensione\/","title":{"rendered":"Wipster"},"content":{"rendered":"<p><strong>Wipster<\/strong> \u00e8 una piattaforma che unisce moltissimi utenti per far s\u00ec che collaborino, modifichino, creino e pubblichino i loro <strong>video<\/strong>. Ha lo scopo quindi di <strong>ottimizzare il flusso di lavoro<\/strong> di team di marchi, societ\u00e0, piccole e medie aziende che hanno bisogno di creare degli ottimi contenuti cos\u00ec da riscontrare maggiore successo tramite i loro video. Moltissimi grandi marchi si stanno affidando a <strong>Wipster<\/strong> come Sephora, Shopify, Deloitte e Time Inc e stanno ottenendo dei buoni risultati. Si tratta di una piattaforma che offre un flusso di lavoro video trasparente a cui si accede in modo semplice e veloce, tramite il quale si possono <strong>realizzare progetti e collaborazioni con team creativi<\/strong>. Funziona molto bene poich\u00e9 riescono non solo a ottimizzare il carico di lavoro, ma anche il processo di ricerca e revisione dei video, oltre che il tempo. Tutti gli utenti possono infatti trovare il <strong>video<\/strong> che stanno cercando con pochi clic grazie alle informazioni e i tag dei metadati.<\/p>\n<p><strong>Wipster<\/strong> permette anche la<strong> condivisione diretta<\/strong> sui canali social come Facebook, Twitter, il canale Youtube o Vimeo ed \u00e8 integrato con alcune applicazioni popolari come SlacK e Adobe Creative Cloud. \u00c8 inoltre compatibile anche con i <strong>dispositivi mobili iOS e Android<\/strong>.<\/p>\n<h2>COME FUNZIONA WIPSTER &#8211; TUTORIAL<\/h2>\n<p>Ecco un video tutorial che ci mostra come utilizzare questo<strong> video editor<\/strong>:<\/p>\n<div id=\"fluid-wrapper-counter-1\" class=\"g1-fluid-wrapper \" style=\"width:686px;\">\n<div style=\"padding-bottom:56.268221574344%;\"><iframe loading=\"lazy\" title=\"What is Wipster &amp; How to use Wipster\" width=\"515\" height=\"386\" src=\"https:\/\/www.youtube.com\/embed\/_Onir4TlETI?feature=oembed&amp;wmode=transparent&amp;autohide=1&amp;autoplay=0&amp;disablekb=0&amp;fs=1&amp;loop=0&amp;enablejsapi=1&amp;rel=0&amp;controls=2&amp;showinfo=0&amp;wmode=transparent&amp;autohide=2&amp;autoplay=0&amp;disablekb=0&amp;fs=1&amp;loop=0&amp;enablejsapi=1&amp;rel=0&amp;controls=2&amp;showinfo=1\" frameborder=\"0\" allow=\"accelerometer; autoplay; clipboard-write; encrypted-media; gyroscope; picture-in-picture; web-share\" allowfullscreen><\/iframe><\/div>\n<\/div>\n<h3>WIPSTER &#8211; CARATTERISTICHE<\/h3>\n<p>Di seguito le principali caratteristiche:<\/p>\n<ul>\n<li><strong>Organizzazione in un&#8217;unica piattaforma<\/strong>: organizza tutti i video, media, commenti e feedback in un&#8217;unica dashboard centrale a cui tutti gli utenti possono avere facilmente accesso<\/li>\n<li><strong>Ottimizzazione del flusso di lavoro<\/strong>: usando questo flusso di lavoro, il team sar\u00e0 in grado di produrre bellissimi video in poco tempo, semplificando la collaborazione con gli altri utenti e ottimizzando il tempo e la revisione dei video<\/li>\n<li><strong>Pubblicazione del video semplificata<\/strong>: gli utenti possono pubblicare in modo immediato i propri video sui canali social o sulle piattaforme video che preferiscono (Facebook, Twitter, Youtube, Vimeo, Brightcove ecc.)<\/li>\n<li><strong>Funzione di analisi video<\/strong>: \u00e8 possibile sfruttare questa funzione per ottenere informazioni sulle prestazioni delle campagne video che si stanno lanciando cos\u00ec da monitorare meglio la situazione e migliore dove possibile<\/li>\n<li><strong>Ricerca video semplificata<\/strong>: gli utenti possono trovare rapidamente i video che stanno cercando grazie all&#8217;utilizzo dei tag parole chiave che vengono aggiunte ai video.<\/li>\n<\/ul>\n<h4>LE RECENSIONI DEGLI UTENTI<\/h4>\n<p><strong>Gabriel&#8221;Wipster \u00e8 incredibile!&#8221;<\/strong><br \/>\n<strong>Commenti<\/strong>: Wipster facilita notevolmente il download da parte del cliente finale e anche l&#8217;approvazione delle tappe.<br \/>\n<strong>Pro<\/strong>: La piattaforma Wipster facilita l&#8217;intero processo di approvazione di un video con il cliente finale. Ad esempio, avere commenti separati da ogni persona del team del cliente \u00e8 fantastico.<br \/>\n<strong>Contro<\/strong>: L&#8217;unica cosa che ancora non mi piace della piattaforma \u00e8 non poter capovolgere lo schermo orizzontalmente nella versione dell&#8217;app mobile.<\/p>\n<p><strong>Maria&#8221;Ottimo strumento per gli editor video&#8221;<\/strong><br \/>\n<strong>Commenti<\/strong>: Per noi era importante rendere i commenti pi\u00f9 facili per i nostri clienti. Sono tutte persone molto impegnate e semplificare questo processo per loro \u00e8 stato fondamentale per noi come organizzazione.<br \/>\n<strong>Pro<\/strong>: Ottenere commenti con time code dai clienti \u00e8 ora semplicissimo. Alcuni dei produttori con cui ho lavorato spesso dimenticano di includere i time code nei loro feedback. Dal passaggio a Wipster non \u00e8 pi\u00f9 un problema.<br \/>\n<strong>Contro<\/strong>: Il fatto che non posso condividere le cartelle con i clienti \u00e8 un po&#8217; una perdita di tempo per me, dal momento che creiamo 100 o pi\u00f9 video e la condivisione di ognuno individualmente richiede pi\u00f9 tempo. Vorrei l&#8217;opzione per condividere tutti i video contemporaneamente da una determinata cartella.<\/p>\n<p><strong>Stu&#8221;Cos\u00ec facile da usare e cos\u00ec utile per i progetti video!&#8221;<\/strong><br \/>\n<strong>Pro<\/strong>: Facilit\u00e0 d&#8217;uso, funzionalit\u00e0 e flusso di lavoro estremamente fluido. Anche i miei clienti lo trovano super facile da usare!<br \/>\n<strong>Contro<\/strong>: Non c&#8217;\u00e8 niente che non mi piace di Wipster come sito desktop. C&#8217;era una volta (compatibilit\u00e0 srt) ma da allora \u00e8 stato aggiornato e corretto! Tuttavia, l&#8217;app mobile potrebbe fare del lavoro. Non \u00e8 un grande svantaggio per me, per\u00f2.<\/p>\n","protected":false},"excerpt":{"rendered":"<p>Wipster \u00e8 una piattaforma che unisce moltissimi utenti per far s\u00ec che collaborino, modifichino, creino e pubblichino i loro video. Ha lo scopo quindi di ottimizzare il flusso di lavoro di team di marchi, societ\u00e0, piccole e medie aziende che hanno bisogno di creare degli ottimi contenuti cos\u00ec da riscontrare maggiore successo tramite i loro video.<\/p>\n","protected":false},"author":17,"featured_media":18048,"parent":7571,"menu_order":0,"comment_status":"open","ping_status":"closed","template":"g1_template_page_review_new.php","meta":{"_acf_changed":false,"cwp_meta_box_check":"Yes","cwp_rev_product_name":"","cwp_rev_product_image":"","wppr_links":[],"cwp_rev_price":"","wppr_options":[{"name":"Usability","value":"0"},{"name":"Speed","value":"0"},{"name":"Features","value":"0"},{"name":"Support","value":"0"},{"name":"Pricing","value":"0"}],"wppr_pros":["","","","",""],"wppr_cons":["","","","",""],"_monsterinsights_skip_tracking":false,"_monsterinsights_sitenote_active":false,"_monsterinsights_sitenote_note":"","_monsterinsights_sitenote_category":0,"footnotes":""},"categories":[169],"tags":[1627,250,239,831,219],"features":[],"class_list":{"0":"post-18047","1":"page","2":"type-page","3":"status-publish","4":"has-post-thumbnail","6":"category-video-editing-software-it","7":"tag-editing-video-2-it","8":"tag-modificare-video-it","9":"tag-montaggio-video","10":"tag-video-editing-2-it","11":"tag-video-making"},"wppr_data":{"cwp_meta_box_check":"Yes","cwp_rev_product_name":"","_wppr_review_template":"default","cwp_rev_product_image":"","cwp_image_link":"image","wppr_links":[],"cwp_rev_price":"","wppr_pros":["","","","",""],"wppr_cons":["","","","",""],"wppr_rating":"0.00","wppr_options":{"1":{"name":"Usability","value":"0"},"2":{"name":"Speed","value":"0"},"3":{"name":"Features","value":"0"},"4":{"name":"Support","value":"0"},"5":{"name":"Pricing","value":"0"}},"wppr_review_type":"Product","wppr_review_custom_fields":{"additionalProperty":"","additionalType":"","aggregateRating":"","alternateName":"","audience":"","award":"","awards":"","brand":"","color":"","depth":"","description":"","disambiguatingDescription":"","gtin12":"","gtin13":"","gtin14":"","gtin8":"","height":"","identifier":"","image":"","isAccessoryOrSparePartFor":"","isConsumableFor":"","isRelatedTo":"","isSimilarTo":"","itemCondition":"","logo":"","mainEntityOfPage":"","manufacturer":"","material":"","model":"","mpn":"","name":"","offers":"","potentialAction":"","productID":"","productionDate":"","purchaseDate":"","releaseDate":"","review":"","reviews":"","sameAs":"","sku":"","slogan":"","subjectOf":"","url":"","weight":"","width":""}},"acf":[],"yoast_head":"<!-- This site is optimized with the Yoast SEO plugin v27.4 - https:\/\/yoast.com\/product\/yoast-seo-wordpress\/ -->\n<title>Wipster: recensione video editor - Accurate Reviews<\/title>\n<meta name=\"description\" content=\"Wipster: recensione della piattaforma che unisce moltissimi utenti per far s\u00ec che collaborino, modifichino, creino e pubblichino i loro video.\" \/>\n<meta name=\"robots\" content=\"index, follow, max-snippet:-1, max-image-preview:large, max-video-preview:-1\" \/>\n<link rel=\"canonical\" href=\"https:\/\/www.accuratereviews.com\/it\/video-editing-lista-software\/wipster-recensione\/\" \/>\n<meta property=\"og:locale\" content=\"it_IT\" \/>\n<meta property=\"og:type\" content=\"article\" \/>\n<meta property=\"og:title\" content=\"Wipster: recensione video editor - Accurate Reviews\" \/>\n<meta property=\"og:description\" content=\"Wipster: recensione della piattaforma che unisce moltissimi utenti per far s\u00ec che collaborino, modifichino, creino e pubblichino i loro video.\" \/>\n<meta property=\"og:url\" content=\"https:\/\/www.accuratereviews.com\/it\/video-editing-lista-software\/wipster-recensione\/\" \/>\n<meta property=\"og:site_name\" content=\"Accurate Reviews\" \/>\n<meta property=\"article:modified_time\" content=\"2023-02-09T09:48:13+00:00\" \/>\n<meta property=\"og:image\" content=\"https:\/\/www.accuratereviews.com\/wp-content\/uploads\/2019\/09\/wipster_social_card.jpg\" \/>\n\t<meta property=\"og:image:width\" content=\"470\" \/>\n\t<meta property=\"og:image:height\" content=\"247\" \/>\n\t<meta property=\"og:image:type\" content=\"image\/jpeg\" \/>\n<meta name=\"twitter:card\" content=\"summary_large_image\" \/>\n<meta name=\"twitter:label1\" content=\"Tempo di lettura stimato\" \/>\n\t<meta name=\"twitter:data1\" content=\"4 minuti\" \/>\n<script type=\"application\/ld+json\" class=\"yoast-schema-graph\">{\"@context\":\"https:\\\/\\\/schema.org\",\"@graph\":[{\"@type\":\"WebPage\",\"@id\":\"https:\\\/\\\/www.accuratereviews.com\\\/it\\\/video-editing-lista-software\\\/wipster-recensione\\\/\",\"url\":\"https:\\\/\\\/www.accuratereviews.com\\\/it\\\/video-editing-lista-software\\\/wipster-recensione\\\/\",\"name\":\"Wipster: recensione video editor - Accurate Reviews\",\"isPartOf\":{\"@id\":\"https:\\\/\\\/www.accuratereviews.com\\\/it\\\/#website\"},\"primaryImageOfPage\":{\"@id\":\"https:\\\/\\\/www.accuratereviews.com\\\/it\\\/video-editing-lista-software\\\/wipster-recensione\\\/#primaryimage\"},\"image\":{\"@id\":\"https:\\\/\\\/www.accuratereviews.com\\\/it\\\/video-editing-lista-software\\\/wipster-recensione\\\/#primaryimage\"},\"thumbnailUrl\":\"https:\\\/\\\/www.accuratereviews.com\\\/wp-content\\\/uploads\\\/2019\\\/09\\\/wipster_social_card.jpg\",\"datePublished\":\"2019-09-09T16:24:22+00:00\",\"dateModified\":\"2023-02-09T09:48:13+00:00\",\"description\":\"Wipster: recensione della piattaforma che unisce moltissimi utenti per far s\u00ec che collaborino, modifichino, creino e pubblichino i loro video.\",\"breadcrumb\":{\"@id\":\"https:\\\/\\\/www.accuratereviews.com\\\/it\\\/video-editing-lista-software\\\/wipster-recensione\\\/#breadcrumb\"},\"inLanguage\":\"it-IT\",\"potentialAction\":[{\"@type\":\"ReadAction\",\"target\":[\"https:\\\/\\\/www.accuratereviews.com\\\/it\\\/video-editing-lista-software\\\/wipster-recensione\\\/\"]}]},{\"@type\":\"ImageObject\",\"inLanguage\":\"it-IT\",\"@id\":\"https:\\\/\\\/www.accuratereviews.com\\\/it\\\/video-editing-lista-software\\\/wipster-recensione\\\/#primaryimage\",\"url\":\"https:\\\/\\\/www.accuratereviews.com\\\/wp-content\\\/uploads\\\/2019\\\/09\\\/wipster_social_card.jpg\",\"contentUrl\":\"https:\\\/\\\/www.accuratereviews.com\\\/wp-content\\\/uploads\\\/2019\\\/09\\\/wipster_social_card.jpg\",\"width\":470,\"height\":247},{\"@type\":\"BreadcrumbList\",\"@id\":\"https:\\\/\\\/www.accuratereviews.com\\\/it\\\/video-editing-lista-software\\\/wipster-recensione\\\/#breadcrumb\",\"itemListElement\":[{\"@type\":\"ListItem\",\"position\":1,\"name\":\"Home\",\"item\":\"https:\\\/\\\/www.accuratereviews.com\\\/it\\\/\"},{\"@type\":\"ListItem\",\"position\":2,\"name\":\"Software per il video editing\",\"item\":\"https:\\\/\\\/www.accuratereviews.com\\\/it\\\/video-editing-lista-software\\\/\"},{\"@type\":\"ListItem\",\"position\":3,\"name\":\"Wipster\"}]},{\"@type\":\"WebSite\",\"@id\":\"https:\\\/\\\/www.accuratereviews.com\\\/it\\\/#website\",\"url\":\"https:\\\/\\\/www.accuratereviews.com\\\/it\\\/\",\"name\":\"Accurate Reviews\",\"description\":\"\",\"potentialAction\":[{\"@type\":\"SearchAction\",\"target\":{\"@type\":\"EntryPoint\",\"urlTemplate\":\"https:\\\/\\\/www.accuratereviews.com\\\/it\\\/?s={search_term_string}\"},\"query-input\":{\"@type\":\"PropertyValueSpecification\",\"valueRequired\":true,\"valueName\":\"search_term_string\"}}],\"inLanguage\":\"it-IT\"}]}<\/script>\n<!-- \/ Yoast SEO plugin. -->","yoast_head_json":{"title":"Wipster: recensione video editor - Accurate Reviews","description":"Wipster: recensione della piattaforma che unisce moltissimi utenti per far s\u00ec che collaborino, modifichino, creino e pubblichino i loro video.","robots":{"index":"index","follow":"follow","max-snippet":"max-snippet:-1","max-image-preview":"max-image-preview:large","max-video-preview":"max-video-preview:-1"},"canonical":"https:\/\/www.accuratereviews.com\/it\/video-editing-lista-software\/wipster-recensione\/","og_locale":"it_IT","og_type":"article","og_title":"Wipster: recensione video editor - Accurate Reviews","og_description":"Wipster: recensione della piattaforma che unisce moltissimi utenti per far s\u00ec che collaborino, modifichino, creino e pubblichino i loro video.","og_url":"https:\/\/www.accuratereviews.com\/it\/video-editing-lista-software\/wipster-recensione\/","og_site_name":"Accurate Reviews","article_modified_time":"2023-02-09T09:48:13+00:00","og_image":[{"width":470,"height":247,"url":"https:\/\/www.accuratereviews.com\/wp-content\/uploads\/2019\/09\/wipster_social_card.jpg","type":"image\/jpeg"}],"twitter_card":"summary_large_image","twitter_misc":{"Tempo di lettura stimato":"4 minuti"},"schema":{"@context":"https:\/\/schema.org","@graph":[{"@type":"WebPage","@id":"https:\/\/www.accuratereviews.com\/it\/video-editing-lista-software\/wipster-recensione\/","url":"https:\/\/www.accuratereviews.com\/it\/video-editing-lista-software\/wipster-recensione\/","name":"Wipster: recensione video editor - Accurate Reviews","isPartOf":{"@id":"https:\/\/www.accuratereviews.com\/it\/#website"},"primaryImageOfPage":{"@id":"https:\/\/www.accuratereviews.com\/it\/video-editing-lista-software\/wipster-recensione\/#primaryimage"},"image":{"@id":"https:\/\/www.accuratereviews.com\/it\/video-editing-lista-software\/wipster-recensione\/#primaryimage"},"thumbnailUrl":"https:\/\/www.accuratereviews.com\/wp-content\/uploads\/2019\/09\/wipster_social_card.jpg","datePublished":"2019-09-09T16:24:22+00:00","dateModified":"2023-02-09T09:48:13+00:00","description":"Wipster: recensione della piattaforma che unisce moltissimi utenti per far s\u00ec che collaborino, modifichino, creino e pubblichino i loro video.","breadcrumb":{"@id":"https:\/\/www.accuratereviews.com\/it\/video-editing-lista-software\/wipster-recensione\/#breadcrumb"},"inLanguage":"it-IT","potentialAction":[{"@type":"ReadAction","target":["https:\/\/www.accuratereviews.com\/it\/video-editing-lista-software\/wipster-recensione\/"]}]},{"@type":"ImageObject","inLanguage":"it-IT","@id":"https:\/\/www.accuratereviews.com\/it\/video-editing-lista-software\/wipster-recensione\/#primaryimage","url":"https:\/\/www.accuratereviews.com\/wp-content\/uploads\/2019\/09\/wipster_social_card.jpg","contentUrl":"https:\/\/www.accuratereviews.com\/wp-content\/uploads\/2019\/09\/wipster_social_card.jpg","width":470,"height":247},{"@type":"BreadcrumbList","@id":"https:\/\/www.accuratereviews.com\/it\/video-editing-lista-software\/wipster-recensione\/#breadcrumb","itemListElement":[{"@type":"ListItem","position":1,"name":"Home","item":"https:\/\/www.accuratereviews.com\/it\/"},{"@type":"ListItem","position":2,"name":"Software per il video editing","item":"https:\/\/www.accuratereviews.com\/it\/video-editing-lista-software\/"},{"@type":"ListItem","position":3,"name":"Wipster"}]},{"@type":"WebSite","@id":"https:\/\/www.accuratereviews.com\/it\/#website","url":"https:\/\/www.accuratereviews.com\/it\/","name":"Accurate Reviews","description":"","potentialAction":[{"@type":"SearchAction","target":{"@type":"EntryPoint","urlTemplate":"https:\/\/www.accuratereviews.com\/it\/?s={search_term_string}"},"query-input":{"@type":"PropertyValueSpecification","valueRequired":true,"valueName":"search_term_string"}}],"inLanguage":"it-IT"}]}},"_links":{"self":[{"href":"https:\/\/www.accuratereviews.com\/it\/wp-json\/wp\/v2\/pages\/18047","targetHints":{"allow":["GET"]}}],"collection":[{"href":"https:\/\/www.accuratereviews.com\/it\/wp-json\/wp\/v2\/pages"}],"about":[{"href":"https:\/\/www.accuratereviews.com\/it\/wp-json\/wp\/v2\/types\/page"}],"author":[{"embeddable":true,"href":"https:\/\/www.accuratereviews.com\/it\/wp-json\/wp\/v2\/users\/17"}],"replies":[{"embeddable":true,"href":"https:\/\/www.accuratereviews.com\/it\/wp-json\/wp\/v2\/comments?post=18047"}],"version-history":[{"count":7,"href":"https:\/\/www.accuratereviews.com\/it\/wp-json\/wp\/v2\/pages\/18047\/revisions"}],"predecessor-version":[{"id":67103,"href":"https:\/\/www.accuratereviews.com\/it\/wp-json\/wp\/v2\/pages\/18047\/revisions\/67103"}],"up":[{"embeddable":true,"href":"https:\/\/www.accuratereviews.com\/it\/wp-json\/wp\/v2\/pages\/7571"}],"wp:featuredmedia":[{"embeddable":true,"href":"https:\/\/www.accuratereviews.com\/it\/wp-json\/wp\/v2\/media\/18048"}],"wp:attachment":[{"href":"https:\/\/www.accuratereviews.com\/it\/wp-json\/wp\/v2\/media?parent=18047"}],"wp:term":[{"taxonomy":"category","embeddable":true,"href":"https:\/\/www.accuratereviews.com\/it\/wp-json\/wp\/v2\/categories?post=18047"},{"taxonomy":"post_tag","embeddable":true,"href":"https:\/\/www.accuratereviews.com\/it\/wp-json\/wp\/v2\/tags?post=18047"},{"taxonomy":"features","embeddable":true,"href":"https:\/\/www.accuratereviews.com\/it\/wp-json\/wp\/v2\/features?post=18047"}],"curies":[{"name":"wp","href":"https:\/\/api.w.org\/{rel}","templated":true}]}}