{"id":18073,"date":"2019-09-10T14:11:20","date_gmt":"2019-09-10T14:11:20","guid":{"rendered":"https:\/\/www.accuratereviews.com\/?page_id=18073"},"modified":"2021-04-29T13:59:56","modified_gmt":"2021-04-29T13:59:56","slug":"virtualdub-recensione","status":"publish","type":"page","link":"https:\/\/www.accuratereviews.com\/it\/video-editing-lista-software\/virtualdub-recensione\/","title":{"rendered":"VirtualDub"},"content":{"rendered":"<p><strong>VirtualDub<\/strong> \u00e8 un <strong>software gratuito di acquisizione e elaborazione video open source<\/strong> progettato per la piattaforma Windows a 32\/64 bit. Sebbene questa applicazione non sia dotata della potenza di modifica di editor professionisti come Adobe Premiere, \u00e8 affidabile nelle operazioni lineari. La piattaforma ha un potenziale immenso e la sua capacit\u00e0 di compressione video senza alterare la qualit\u00e0 \u00e8 impressionante.\u00a0Il software non si classifica come un&#8217;alternativa completa, ma \u00e8 in grado di eseguire molteplici attivit\u00e0 che richiederebbero altre applicazioni separate. Pu\u00f2 tagliare scene, unire video, convertire scene e applicare facilmente diversi effetti. Alcune delle sue caratteristiche principali includono: ridimensionamento in tempo reale, frame rate frazionari, creazione di file openDML, integrazione del misuratore di volume, accesso al disco ottimizzato, scambio di campo e riduzione del rumore e monitoraggio dettagliato. Il programma pu\u00f2 anche estrarre e sostituire tracce audio senza compromettere il video.<\/p>\n<h2>VIRTUALDUB &#8211; TUTORIAL<\/h2>\n<p>Guardiamo insieme questo tutorial per capire come utilizzare questo<strong> software di video editing<\/strong>:<\/p>\n<div id=\"fluid-wrapper-counter-1\" class=\"g1-fluid-wrapper \" style=\"width:686px;\">\n<div style=\"padding-bottom:56.268221574344%;\"><iframe loading=\"lazy\" title=\"How to use VirtualDub\" width=\"686\" height=\"386\" src=\"https:\/\/www.youtube.com\/embed\/aqc6bVr9Kso?feature=oembed&amp;wmode=transparent&amp;autohide=1&amp;autoplay=0&amp;disablekb=0&amp;fs=1&amp;loop=0&amp;enablejsapi=1&amp;rel=0&amp;controls=2&amp;showinfo=0&amp;wmode=transparent&amp;autohide=2&amp;autoplay=0&amp;disablekb=0&amp;fs=1&amp;loop=0&amp;enablejsapi=1&amp;rel=0&amp;controls=2&amp;showinfo=1\" frameborder=\"0\" allow=\"accelerometer; autoplay; clipboard-write; encrypted-media; gyroscope; picture-in-picture\" allowfullscreen><\/iframe><\/div>\n<\/div>\n<p>VIRTUALDUB &#8211; CARATTERISTICHE<\/p>\n<ul>\n<li><strong>Decodificatori<\/strong> MPEG-1 e Motion-JPEG integrati<\/li>\n<li><strong>Rimuovere e sostituire<\/strong> le tracce audio senza toccare il video<\/li>\n<li><strong>Ampio set di filtri<\/strong> video, tra cui sfocatura, nitidezza, rilievo, liscio, convoluzione 3&#215;3, ribaltamento, ridimensionamento rotazione, luminosit\u00e0 \/ contrasto, livelli, deinterlacciamento e soglia<\/li>\n<li><strong>Ricampionamento<\/strong> bilineare e bicubico: qui nessun ridimensionamento o rotazione dei blocchi.<\/li>\n<li><strong>Decomprimi e ricomprimi<\/strong> sia audio che video<\/li>\n<li><strong>Rimuovi<\/strong> i segmenti di un video e salva il resto, senza ricomprimerlo<\/li>\n<li><strong>Regola<\/strong> la frequenza dei fotogrammi, i frame decimali e la rimozione pulldown 3: 2<\/li>\n<li><strong>Anteprima dei risultati<\/strong>, con audio dal vivo<\/li>\n<li><strong>Crea<\/strong> una clip, taglia le estremit\u00e0, elimina parte del rumore, convertilo nella dimensione del fotogramma corretta e scriverne uno migliore.<\/li>\n<\/ul>\n","protected":false},"excerpt":{"rendered":"<p>VirtualDub \u00e8 un software gratuito di acquisizione e elaborazione video open source progettato per la piattaforma Windows a 32\/64 bit. Sebbene questa applicazione non sia dotata della potenza di modifica di editor professionisti come Adobe Premiere, \u00e8 affidabile nelle operazioni lineari. La piattaforma ha un potenziale immenso e la sua capacit\u00e0 di compressione video senza alterare la qualit\u00e0 \u00e8 impressionante.\u00a0<\/p>\n","protected":false},"author":19,"featured_media":18077,"parent":7571,"menu_order":0,"comment_status":"open","ping_status":"closed","template":"g1_template_page_review_new.php","meta":{"_acf_changed":false,"cwp_meta_box_check":"Yes","cwp_rev_product_name":"","cwp_rev_product_image":"","wppr_links":[],"cwp_rev_price":"","wppr_options":[],"wppr_pros":[],"wppr_cons":[],"_monsterinsights_skip_tracking":false,"_monsterinsights_sitenote_active":false,"_monsterinsights_sitenote_note":"","_monsterinsights_sitenote_category":0,"footnotes":""},"categories":[169],"tags":[246,228,232,202],"features":[],"class_list":{"0":"post-18073","1":"page","2":"type-page","3":"status-publish","4":"has-post-thumbnail","6":"category-video-editing-software-it","7":"tag-open-source","8":"tag-software-video-editing","9":"tag-software-video-editing-gratuito","10":"tag-video-editing"},"wppr_data":{"cwp_meta_box_check":"Yes","cwp_rev_product_name":"","cwp_rev_product_image":"","cwp_image_link":"image","cwp_rev_price":"","wppr_rating":"0.00"},"acf":[],"yoast_head":"<!-- This site is optimized with the Yoast SEO plugin v27.4 - https:\/\/yoast.com\/product\/yoast-seo-wordpress\/ -->\n<title>VirtualDub: recensione software video editing - Accurate Reviews<\/title>\n<meta name=\"description\" content=\"VirtualDub: recensione software video editing gratuito per acquisizione e elaborazione video open source progettato per il sistema operativo Windows.\" \/>\n<meta name=\"robots\" content=\"index, follow, max-snippet:-1, max-image-preview:large, max-video-preview:-1\" \/>\n<link rel=\"canonical\" href=\"https:\/\/www.accuratereviews.com\/it\/video-editing-lista-software\/virtualdub-recensione\/\" \/>\n<meta property=\"og:locale\" content=\"it_IT\" \/>\n<meta property=\"og:type\" content=\"article\" \/>\n<meta property=\"og:title\" content=\"VirtualDub: recensione software video editing - Accurate Reviews\" \/>\n<meta property=\"og:description\" content=\"VirtualDub: recensione software video editing gratuito per acquisizione e elaborazione video open source progettato per il sistema operativo Windows.\" \/>\n<meta property=\"og:url\" content=\"https:\/\/www.accuratereviews.com\/it\/video-editing-lista-software\/virtualdub-recensione\/\" \/>\n<meta property=\"og:site_name\" content=\"Accurate Reviews\" \/>\n<meta property=\"article:modified_time\" content=\"2021-04-29T13:59:56+00:00\" \/>\n<meta property=\"og:image\" content=\"https:\/\/www.accuratereviews.com\/wp-content\/uploads\/2019\/09\/virtual.png\" \/>\n\t<meta property=\"og:image:width\" content=\"220\" \/>\n\t<meta property=\"og:image:height\" content=\"229\" \/>\n\t<meta property=\"og:image:type\" content=\"image\/png\" \/>\n<meta name=\"twitter:card\" content=\"summary_large_image\" \/>\n<meta name=\"twitter:label1\" content=\"Tempo di lettura stimato\" \/>\n\t<meta name=\"twitter:data1\" content=\"1 minuto\" \/>\n<script type=\"application\/ld+json\" class=\"yoast-schema-graph\">{\"@context\":\"https:\\\/\\\/schema.org\",\"@graph\":[{\"@type\":\"WebPage\",\"@id\":\"https:\\\/\\\/www.accuratereviews.com\\\/it\\\/video-editing-lista-software\\\/virtualdub-recensione\\\/\",\"url\":\"https:\\\/\\\/www.accuratereviews.com\\\/it\\\/video-editing-lista-software\\\/virtualdub-recensione\\\/\",\"name\":\"VirtualDub: recensione software video editing - Accurate Reviews\",\"isPartOf\":{\"@id\":\"https:\\\/\\\/www.accuratereviews.com\\\/it\\\/#website\"},\"primaryImageOfPage\":{\"@id\":\"https:\\\/\\\/www.accuratereviews.com\\\/it\\\/video-editing-lista-software\\\/virtualdub-recensione\\\/#primaryimage\"},\"image\":{\"@id\":\"https:\\\/\\\/www.accuratereviews.com\\\/it\\\/video-editing-lista-software\\\/virtualdub-recensione\\\/#primaryimage\"},\"thumbnailUrl\":\"https:\\\/\\\/www.accuratereviews.com\\\/wp-content\\\/uploads\\\/2019\\\/09\\\/virtual.png\",\"datePublished\":\"2019-09-10T14:11:20+00:00\",\"dateModified\":\"2021-04-29T13:59:56+00:00\",\"description\":\"VirtualDub: recensione software video editing gratuito per acquisizione e elaborazione video open source progettato per il sistema operativo Windows.\",\"breadcrumb\":{\"@id\":\"https:\\\/\\\/www.accuratereviews.com\\\/it\\\/video-editing-lista-software\\\/virtualdub-recensione\\\/#breadcrumb\"},\"inLanguage\":\"it-IT\",\"potentialAction\":[{\"@type\":\"ReadAction\",\"target\":[\"https:\\\/\\\/www.accuratereviews.com\\\/it\\\/video-editing-lista-software\\\/virtualdub-recensione\\\/\"]}]},{\"@type\":\"ImageObject\",\"inLanguage\":\"it-IT\",\"@id\":\"https:\\\/\\\/www.accuratereviews.com\\\/it\\\/video-editing-lista-software\\\/virtualdub-recensione\\\/#primaryimage\",\"url\":\"https:\\\/\\\/www.accuratereviews.com\\\/wp-content\\\/uploads\\\/2019\\\/09\\\/virtual.png\",\"contentUrl\":\"https:\\\/\\\/www.accuratereviews.com\\\/wp-content\\\/uploads\\\/2019\\\/09\\\/virtual.png\",\"width\":220,\"height\":229},{\"@type\":\"BreadcrumbList\",\"@id\":\"https:\\\/\\\/www.accuratereviews.com\\\/it\\\/video-editing-lista-software\\\/virtualdub-recensione\\\/#breadcrumb\",\"itemListElement\":[{\"@type\":\"ListItem\",\"position\":1,\"name\":\"Home\",\"item\":\"https:\\\/\\\/www.accuratereviews.com\\\/it\\\/\"},{\"@type\":\"ListItem\",\"position\":2,\"name\":\"Software per il video editing\",\"item\":\"https:\\\/\\\/www.accuratereviews.com\\\/it\\\/video-editing-lista-software\\\/\"},{\"@type\":\"ListItem\",\"position\":3,\"name\":\"VirtualDub\"}]},{\"@type\":\"WebSite\",\"@id\":\"https:\\\/\\\/www.accuratereviews.com\\\/it\\\/#website\",\"url\":\"https:\\\/\\\/www.accuratereviews.com\\\/it\\\/\",\"name\":\"Accurate Reviews\",\"description\":\"\",\"potentialAction\":[{\"@type\":\"SearchAction\",\"target\":{\"@type\":\"EntryPoint\",\"urlTemplate\":\"https:\\\/\\\/www.accuratereviews.com\\\/it\\\/?s={search_term_string}\"},\"query-input\":{\"@type\":\"PropertyValueSpecification\",\"valueRequired\":true,\"valueName\":\"search_term_string\"}}],\"inLanguage\":\"it-IT\"}]}<\/script>\n<!-- \/ Yoast SEO plugin. -->","yoast_head_json":{"title":"VirtualDub: recensione software video editing - Accurate Reviews","description":"VirtualDub: recensione software video editing gratuito per acquisizione e elaborazione video open source progettato per il sistema operativo Windows.","robots":{"index":"index","follow":"follow","max-snippet":"max-snippet:-1","max-image-preview":"max-image-preview:large","max-video-preview":"max-video-preview:-1"},"canonical":"https:\/\/www.accuratereviews.com\/it\/video-editing-lista-software\/virtualdub-recensione\/","og_locale":"it_IT","og_type":"article","og_title":"VirtualDub: recensione software video editing - Accurate Reviews","og_description":"VirtualDub: recensione software video editing gratuito per acquisizione e elaborazione video open source progettato per il sistema operativo Windows.","og_url":"https:\/\/www.accuratereviews.com\/it\/video-editing-lista-software\/virtualdub-recensione\/","og_site_name":"Accurate Reviews","article_modified_time":"2021-04-29T13:59:56+00:00","og_image":[{"width":220,"height":229,"url":"https:\/\/www.accuratereviews.com\/wp-content\/uploads\/2019\/09\/virtual.png","type":"image\/png"}],"twitter_card":"summary_large_image","twitter_misc":{"Tempo di lettura stimato":"1 minuto"},"schema":{"@context":"https:\/\/schema.org","@graph":[{"@type":"WebPage","@id":"https:\/\/www.accuratereviews.com\/it\/video-editing-lista-software\/virtualdub-recensione\/","url":"https:\/\/www.accuratereviews.com\/it\/video-editing-lista-software\/virtualdub-recensione\/","name":"VirtualDub: recensione software video editing - Accurate Reviews","isPartOf":{"@id":"https:\/\/www.accuratereviews.com\/it\/#website"},"primaryImageOfPage":{"@id":"https:\/\/www.accuratereviews.com\/it\/video-editing-lista-software\/virtualdub-recensione\/#primaryimage"},"image":{"@id":"https:\/\/www.accuratereviews.com\/it\/video-editing-lista-software\/virtualdub-recensione\/#primaryimage"},"thumbnailUrl":"https:\/\/www.accuratereviews.com\/wp-content\/uploads\/2019\/09\/virtual.png","datePublished":"2019-09-10T14:11:20+00:00","dateModified":"2021-04-29T13:59:56+00:00","description":"VirtualDub: recensione software video editing gratuito per acquisizione e elaborazione video open source progettato per il sistema operativo Windows.","breadcrumb":{"@id":"https:\/\/www.accuratereviews.com\/it\/video-editing-lista-software\/virtualdub-recensione\/#breadcrumb"},"inLanguage":"it-IT","potentialAction":[{"@type":"ReadAction","target":["https:\/\/www.accuratereviews.com\/it\/video-editing-lista-software\/virtualdub-recensione\/"]}]},{"@type":"ImageObject","inLanguage":"it-IT","@id":"https:\/\/www.accuratereviews.com\/it\/video-editing-lista-software\/virtualdub-recensione\/#primaryimage","url":"https:\/\/www.accuratereviews.com\/wp-content\/uploads\/2019\/09\/virtual.png","contentUrl":"https:\/\/www.accuratereviews.com\/wp-content\/uploads\/2019\/09\/virtual.png","width":220,"height":229},{"@type":"BreadcrumbList","@id":"https:\/\/www.accuratereviews.com\/it\/video-editing-lista-software\/virtualdub-recensione\/#breadcrumb","itemListElement":[{"@type":"ListItem","position":1,"name":"Home","item":"https:\/\/www.accuratereviews.com\/it\/"},{"@type":"ListItem","position":2,"name":"Software per il video editing","item":"https:\/\/www.accuratereviews.com\/it\/video-editing-lista-software\/"},{"@type":"ListItem","position":3,"name":"VirtualDub"}]},{"@type":"WebSite","@id":"https:\/\/www.accuratereviews.com\/it\/#website","url":"https:\/\/www.accuratereviews.com\/it\/","name":"Accurate Reviews","description":"","potentialAction":[{"@type":"SearchAction","target":{"@type":"EntryPoint","urlTemplate":"https:\/\/www.accuratereviews.com\/it\/?s={search_term_string}"},"query-input":{"@type":"PropertyValueSpecification","valueRequired":true,"valueName":"search_term_string"}}],"inLanguage":"it-IT"}]}},"_links":{"self":[{"href":"https:\/\/www.accuratereviews.com\/it\/wp-json\/wp\/v2\/pages\/18073","targetHints":{"allow":["GET"]}}],"collection":[{"href":"https:\/\/www.accuratereviews.com\/it\/wp-json\/wp\/v2\/pages"}],"about":[{"href":"https:\/\/www.accuratereviews.com\/it\/wp-json\/wp\/v2\/types\/page"}],"author":[{"embeddable":true,"href":"https:\/\/www.accuratereviews.com\/it\/wp-json\/wp\/v2\/users\/19"}],"replies":[{"embeddable":true,"href":"https:\/\/www.accuratereviews.com\/it\/wp-json\/wp\/v2\/comments?post=18073"}],"version-history":[{"count":9,"href":"https:\/\/www.accuratereviews.com\/it\/wp-json\/wp\/v2\/pages\/18073\/revisions"}],"predecessor-version":[{"id":41438,"href":"https:\/\/www.accuratereviews.com\/it\/wp-json\/wp\/v2\/pages\/18073\/revisions\/41438"}],"up":[{"embeddable":true,"href":"https:\/\/www.accuratereviews.com\/it\/wp-json\/wp\/v2\/pages\/7571"}],"wp:featuredmedia":[{"embeddable":true,"href":"https:\/\/www.accuratereviews.com\/it\/wp-json\/wp\/v2\/media\/18077"}],"wp:attachment":[{"href":"https:\/\/www.accuratereviews.com\/it\/wp-json\/wp\/v2\/media?parent=18073"}],"wp:term":[{"taxonomy":"category","embeddable":true,"href":"https:\/\/www.accuratereviews.com\/it\/wp-json\/wp\/v2\/categories?post=18073"},{"taxonomy":"post_tag","embeddable":true,"href":"https:\/\/www.accuratereviews.com\/it\/wp-json\/wp\/v2\/tags?post=18073"},{"taxonomy":"features","embeddable":true,"href":"https:\/\/www.accuratereviews.com\/it\/wp-json\/wp\/v2\/features?post=18073"}],"curies":[{"name":"wp","href":"https:\/\/api.w.org\/{rel}","templated":true}]}}