{"id":18194,"date":"2019-09-13T15:30:00","date_gmt":"2019-09-13T15:30:00","guid":{"rendered":"https:\/\/www.accuratereviews.com\/?page_id=18194"},"modified":"2023-08-01T10:24:47","modified_gmt":"2023-08-01T10:24:47","slug":"expressionengine-recensione","status":"publish","type":"page","link":"https:\/\/www.accuratereviews.com\/it\/software-cms\/expressionengine-recensione\/","title":{"rendered":"ExpressionEngine"},"content":{"rendered":"<p><strong>ExperssionEngine<\/strong> \u00e8 una <strong>soluzione di gestione dei contenuti<\/strong> molto solida che vanta un set di funzionalit\u00e0 avanzate, una struttura moderna e facilit\u00e0 d&#8217;uso. Questa particolare <strong>piattaforma CMS<\/strong> \u00e8 progettata specificamente per aiutare gli editori \/ utenti a creare e diffondere contenuti di alta qualit\u00e0 e coinvolgenti per il loro pubblico di destinazione, ponendo al primo posto l&#8217;ecommerce. <strong>ExpressionEngine<\/strong> \u00e8 ampiamente utilizzato da marchi globali e leader del settore, tra cui <strong>Nokia, Apple, Sony e Warner Bros<\/strong>. per citarne alcuni.\u00a0Detto questo, \u00e8 un&#8217;opzione <strong>CMS<\/strong> adattabile che pu\u00f2 essere utilizzata da singoli utenti, musicisti, blogger, atleti professionisti e molto altri. Questo CMS \u00e8 in grado di creare qualsiasi tipo di sito per qualsiasi scopo e pu\u00f2 persino condividere contenuti tra vari siti tramite la funzione di gestione di pi\u00f9 siti. Gli sviluppatori lavorano costantemente in background per migliorare il loro prodotto, aggiungendo nuove funzionalit\u00e0 ed eliminando i bug per migliorare l&#8217;esperienza dell&#8217;utente sia per gli utenti che per il loro pubblico di destinazione. Seguono i feedback e i commenti della community per ricavare idee e suggerimenti su come migliorare ulteriormente <strong>ExperessionEngine<\/strong>.<\/p>\n<h2>EXPRESSIONENGINE &#8211; TUTORIAL<\/h2>\n<p>Guardiamo insieme questo tutorial per imparare a creare contenuti di qualit\u00e0 con questo programma CMS:<\/p>\n<p>&nbsp;<\/p>\n<div id=\"fluid-wrapper-counter-1\" class=\"g1-fluid-wrapper \" style=\"width:686px;\">\n<div style=\"padding-bottom:56.268221574344%;\"><iframe loading=\"lazy\" title=\"ExpressionEngine Tutorial\" width=\"686\" height=\"386\" src=\"https:\/\/www.youtube.com\/embed\/tEiC823GRQw?feature=oembed&amp;wmode=transparent&amp;autohide=1&amp;autoplay=0&amp;disablekb=0&amp;fs=1&amp;loop=0&amp;enablejsapi=1&amp;rel=0&amp;controls=2&amp;showinfo=0&amp;wmode=transparent&amp;autohide=2&amp;autoplay=0&amp;disablekb=0&amp;fs=1&amp;loop=0&amp;enablejsapi=1&amp;rel=0&amp;controls=2&amp;showinfo=1\" frameborder=\"0\" allow=\"accelerometer; autoplay; clipboard-write; encrypted-media; gyroscope; picture-in-picture; web-share\" allowfullscreen><\/iframe><\/div>\n<\/div>\n<h3>EXPRESSIONENGINE &#8211; CARATTERISTICHE<\/h3>\n<ul>\n<li>Configurazione del sito Web<\/li>\n<li>Sviluppo plug-in personalizzato<\/li>\n<li>Sviluppo di moduli personalizzati<\/li>\n<li>Supporto sempre presente e servizi di manutenzione<\/li>\n<li>Servizi di consulenza<\/li>\n<li>Integrazione con API di terze parti (ad es. MailChimp)<\/li>\n<li>Servizi SEO<\/li>\n<li>Siti web responsive mobile \/ web design<\/li>\n<\/ul>\n","protected":false},"excerpt":{"rendered":"<p>ExperssionEngine \u00e8 una soluzione di gestione dei contenuti molto solida che vanta un set di funzionalit\u00e0 avanzate, una struttura moderna e facilit\u00e0 d&#8217;uso. Questa particolare piattaforma CMS \u00e8 progettata specificamente per aiutare gli editori \/ utenti a creare e diffondere contenuti di alta qualit\u00e0 e coinvolgenti per il loro pubblico di destinazione, ponendo al primo posto l&#8217;ecommerce.<\/p>\n","protected":false},"author":19,"featured_media":18197,"parent":16175,"menu_order":0,"comment_status":"open","ping_status":"closed","template":"g1_template_page_review_new.php","meta":{"_acf_changed":false,"cwp_meta_box_check":"No","cwp_rev_product_name":"","cwp_rev_product_image":"","wppr_links":[],"cwp_rev_price":"","wppr_options":[],"wppr_pros":[],"wppr_cons":[],"_monsterinsights_skip_tracking":false,"_monsterinsights_sitenote_active":false,"_monsterinsights_sitenote_note":"","_monsterinsights_sitenote_category":0,"footnotes":""},"categories":[931],"tags":[1274,936,934,933,1275],"features":[],"class_list":{"0":"post-18194","1":"page","2":"type-page","3":"status-publish","4":"has-post-thumbnail","6":"category-cms","7":"tag-experssionengine","8":"tag-gestione-dei-contenuti","9":"tag-programma-cms","10":"tag-software-cms","11":"tag-soluzione-gestione-dei-contenuti"},"wppr_data":{"cwp_meta_box_check":"No"},"acf":[],"yoast_head":"<!-- This site is optimized with the Yoast SEO plugin v27.4 - https:\/\/yoast.com\/product\/yoast-seo-wordpress\/ -->\n<title>ExpressionEngine: recensione software CMS- Accurate Reviews<\/title>\n<meta name=\"description\" content=\"ExpressionEngine: recensione software CMS per la gestione dei contenuti Eche vanta un set di funzionalit\u00e0 avanzate, una struttura moderna e facilit\u00e0 d&#039;uso.\" \/>\n<meta name=\"robots\" content=\"index, follow, max-snippet:-1, max-image-preview:large, max-video-preview:-1\" \/>\n<link rel=\"canonical\" href=\"https:\/\/www.accuratereviews.com\/it\/software-cms\/expressionengine-recensione\/\" \/>\n<meta property=\"og:locale\" content=\"it_IT\" \/>\n<meta property=\"og:type\" content=\"article\" \/>\n<meta property=\"og:title\" content=\"ExpressionEngine: recensione software CMS- Accurate Reviews\" \/>\n<meta property=\"og:description\" content=\"ExpressionEngine: recensione software CMS per la gestione dei contenuti Eche vanta un set di funzionalit\u00e0 avanzate, una struttura moderna e facilit\u00e0 d&#039;uso.\" \/>\n<meta property=\"og:url\" content=\"https:\/\/www.accuratereviews.com\/it\/software-cms\/expressionengine-recensione\/\" \/>\n<meta property=\"og:site_name\" content=\"Accurate Reviews\" \/>\n<meta property=\"article:modified_time\" content=\"2023-08-01T10:24:47+00:00\" \/>\n<meta property=\"og:image\" content=\"https:\/\/www.accuratereviews.com\/wp-content\/uploads\/2019\/09\/EXPRESSION.png\" \/>\n\t<meta property=\"og:image:width\" content=\"223\" \/>\n\t<meta property=\"og:image:height\" content=\"226\" \/>\n\t<meta property=\"og:image:type\" content=\"image\/png\" \/>\n<meta name=\"twitter:card\" content=\"summary_large_image\" \/>\n<meta name=\"twitter:label1\" content=\"Tempo di lettura stimato\" \/>\n\t<meta name=\"twitter:data1\" content=\"2 minuti\" \/>\n<script type=\"application\/ld+json\" class=\"yoast-schema-graph\">{\"@context\":\"https:\\\/\\\/schema.org\",\"@graph\":[{\"@type\":\"WebPage\",\"@id\":\"https:\\\/\\\/www.accuratereviews.com\\\/it\\\/software-cms\\\/expressionengine-recensione\\\/\",\"url\":\"https:\\\/\\\/www.accuratereviews.com\\\/it\\\/software-cms\\\/expressionengine-recensione\\\/\",\"name\":\"ExpressionEngine: recensione software CMS- Accurate Reviews\",\"isPartOf\":{\"@id\":\"https:\\\/\\\/www.accuratereviews.com\\\/it\\\/#website\"},\"primaryImageOfPage\":{\"@id\":\"https:\\\/\\\/www.accuratereviews.com\\\/it\\\/software-cms\\\/expressionengine-recensione\\\/#primaryimage\"},\"image\":{\"@id\":\"https:\\\/\\\/www.accuratereviews.com\\\/it\\\/software-cms\\\/expressionengine-recensione\\\/#primaryimage\"},\"thumbnailUrl\":\"https:\\\/\\\/www.accuratereviews.com\\\/wp-content\\\/uploads\\\/2019\\\/09\\\/EXPRESSION.png\",\"datePublished\":\"2019-09-13T15:30:00+00:00\",\"dateModified\":\"2023-08-01T10:24:47+00:00\",\"description\":\"ExpressionEngine: recensione software CMS per la gestione dei contenuti Eche vanta un set di funzionalit\u00e0 avanzate, una struttura moderna e facilit\u00e0 d'uso.\",\"breadcrumb\":{\"@id\":\"https:\\\/\\\/www.accuratereviews.com\\\/it\\\/software-cms\\\/expressionengine-recensione\\\/#breadcrumb\"},\"inLanguage\":\"it-IT\",\"potentialAction\":[{\"@type\":\"ReadAction\",\"target\":[\"https:\\\/\\\/www.accuratereviews.com\\\/it\\\/software-cms\\\/expressionengine-recensione\\\/\"]}]},{\"@type\":\"ImageObject\",\"inLanguage\":\"it-IT\",\"@id\":\"https:\\\/\\\/www.accuratereviews.com\\\/it\\\/software-cms\\\/expressionengine-recensione\\\/#primaryimage\",\"url\":\"https:\\\/\\\/www.accuratereviews.com\\\/wp-content\\\/uploads\\\/2019\\\/09\\\/EXPRESSION.png\",\"contentUrl\":\"https:\\\/\\\/www.accuratereviews.com\\\/wp-content\\\/uploads\\\/2019\\\/09\\\/EXPRESSION.png\",\"width\":223,\"height\":226},{\"@type\":\"BreadcrumbList\",\"@id\":\"https:\\\/\\\/www.accuratereviews.com\\\/it\\\/software-cms\\\/expressionengine-recensione\\\/#breadcrumb\",\"itemListElement\":[{\"@type\":\"ListItem\",\"position\":1,\"name\":\"Home\",\"item\":\"https:\\\/\\\/www.accuratereviews.com\\\/it\\\/\"},{\"@type\":\"ListItem\",\"position\":2,\"name\":\"Software CMS\",\"item\":\"https:\\\/\\\/www.accuratereviews.com\\\/it\\\/software-cms\\\/\"},{\"@type\":\"ListItem\",\"position\":3,\"name\":\"ExpressionEngine\"}]},{\"@type\":\"WebSite\",\"@id\":\"https:\\\/\\\/www.accuratereviews.com\\\/it\\\/#website\",\"url\":\"https:\\\/\\\/www.accuratereviews.com\\\/it\\\/\",\"name\":\"Accurate Reviews\",\"description\":\"\",\"potentialAction\":[{\"@type\":\"SearchAction\",\"target\":{\"@type\":\"EntryPoint\",\"urlTemplate\":\"https:\\\/\\\/www.accuratereviews.com\\\/it\\\/?s={search_term_string}\"},\"query-input\":{\"@type\":\"PropertyValueSpecification\",\"valueRequired\":true,\"valueName\":\"search_term_string\"}}],\"inLanguage\":\"it-IT\"}]}<\/script>\n<!-- \/ Yoast SEO plugin. -->","yoast_head_json":{"title":"ExpressionEngine: recensione software CMS- Accurate Reviews","description":"ExpressionEngine: recensione software CMS per la gestione dei contenuti Eche vanta un set di funzionalit\u00e0 avanzate, una struttura moderna e facilit\u00e0 d'uso.","robots":{"index":"index","follow":"follow","max-snippet":"max-snippet:-1","max-image-preview":"max-image-preview:large","max-video-preview":"max-video-preview:-1"},"canonical":"https:\/\/www.accuratereviews.com\/it\/software-cms\/expressionengine-recensione\/","og_locale":"it_IT","og_type":"article","og_title":"ExpressionEngine: recensione software CMS- Accurate Reviews","og_description":"ExpressionEngine: recensione software CMS per la gestione dei contenuti Eche vanta un set di funzionalit\u00e0 avanzate, una struttura moderna e facilit\u00e0 d'uso.","og_url":"https:\/\/www.accuratereviews.com\/it\/software-cms\/expressionengine-recensione\/","og_site_name":"Accurate Reviews","article_modified_time":"2023-08-01T10:24:47+00:00","og_image":[{"width":223,"height":226,"url":"https:\/\/www.accuratereviews.com\/wp-content\/uploads\/2019\/09\/EXPRESSION.png","type":"image\/png"}],"twitter_card":"summary_large_image","twitter_misc":{"Tempo di lettura stimato":"2 minuti"},"schema":{"@context":"https:\/\/schema.org","@graph":[{"@type":"WebPage","@id":"https:\/\/www.accuratereviews.com\/it\/software-cms\/expressionengine-recensione\/","url":"https:\/\/www.accuratereviews.com\/it\/software-cms\/expressionengine-recensione\/","name":"ExpressionEngine: recensione software CMS- Accurate Reviews","isPartOf":{"@id":"https:\/\/www.accuratereviews.com\/it\/#website"},"primaryImageOfPage":{"@id":"https:\/\/www.accuratereviews.com\/it\/software-cms\/expressionengine-recensione\/#primaryimage"},"image":{"@id":"https:\/\/www.accuratereviews.com\/it\/software-cms\/expressionengine-recensione\/#primaryimage"},"thumbnailUrl":"https:\/\/www.accuratereviews.com\/wp-content\/uploads\/2019\/09\/EXPRESSION.png","datePublished":"2019-09-13T15:30:00+00:00","dateModified":"2023-08-01T10:24:47+00:00","description":"ExpressionEngine: recensione software CMS per la gestione dei contenuti Eche vanta un set di funzionalit\u00e0 avanzate, una struttura moderna e facilit\u00e0 d'uso.","breadcrumb":{"@id":"https:\/\/www.accuratereviews.com\/it\/software-cms\/expressionengine-recensione\/#breadcrumb"},"inLanguage":"it-IT","potentialAction":[{"@type":"ReadAction","target":["https:\/\/www.accuratereviews.com\/it\/software-cms\/expressionengine-recensione\/"]}]},{"@type":"ImageObject","inLanguage":"it-IT","@id":"https:\/\/www.accuratereviews.com\/it\/software-cms\/expressionengine-recensione\/#primaryimage","url":"https:\/\/www.accuratereviews.com\/wp-content\/uploads\/2019\/09\/EXPRESSION.png","contentUrl":"https:\/\/www.accuratereviews.com\/wp-content\/uploads\/2019\/09\/EXPRESSION.png","width":223,"height":226},{"@type":"BreadcrumbList","@id":"https:\/\/www.accuratereviews.com\/it\/software-cms\/expressionengine-recensione\/#breadcrumb","itemListElement":[{"@type":"ListItem","position":1,"name":"Home","item":"https:\/\/www.accuratereviews.com\/it\/"},{"@type":"ListItem","position":2,"name":"Software CMS","item":"https:\/\/www.accuratereviews.com\/it\/software-cms\/"},{"@type":"ListItem","position":3,"name":"ExpressionEngine"}]},{"@type":"WebSite","@id":"https:\/\/www.accuratereviews.com\/it\/#website","url":"https:\/\/www.accuratereviews.com\/it\/","name":"Accurate Reviews","description":"","potentialAction":[{"@type":"SearchAction","target":{"@type":"EntryPoint","urlTemplate":"https:\/\/www.accuratereviews.com\/it\/?s={search_term_string}"},"query-input":{"@type":"PropertyValueSpecification","valueRequired":true,"valueName":"search_term_string"}}],"inLanguage":"it-IT"}]}},"_links":{"self":[{"href":"https:\/\/www.accuratereviews.com\/it\/wp-json\/wp\/v2\/pages\/18194","targetHints":{"allow":["GET"]}}],"collection":[{"href":"https:\/\/www.accuratereviews.com\/it\/wp-json\/wp\/v2\/pages"}],"about":[{"href":"https:\/\/www.accuratereviews.com\/it\/wp-json\/wp\/v2\/types\/page"}],"author":[{"embeddable":true,"href":"https:\/\/www.accuratereviews.com\/it\/wp-json\/wp\/v2\/users\/19"}],"replies":[{"embeddable":true,"href":"https:\/\/www.accuratereviews.com\/it\/wp-json\/wp\/v2\/comments?post=18194"}],"version-history":[{"count":9,"href":"https:\/\/www.accuratereviews.com\/it\/wp-json\/wp\/v2\/pages\/18194\/revisions"}],"predecessor-version":[{"id":71030,"href":"https:\/\/www.accuratereviews.com\/it\/wp-json\/wp\/v2\/pages\/18194\/revisions\/71030"}],"up":[{"embeddable":true,"href":"https:\/\/www.accuratereviews.com\/it\/wp-json\/wp\/v2\/pages\/16175"}],"wp:featuredmedia":[{"embeddable":true,"href":"https:\/\/www.accuratereviews.com\/it\/wp-json\/wp\/v2\/media\/18197"}],"wp:attachment":[{"href":"https:\/\/www.accuratereviews.com\/it\/wp-json\/wp\/v2\/media?parent=18194"}],"wp:term":[{"taxonomy":"category","embeddable":true,"href":"https:\/\/www.accuratereviews.com\/it\/wp-json\/wp\/v2\/categories?post=18194"},{"taxonomy":"post_tag","embeddable":true,"href":"https:\/\/www.accuratereviews.com\/it\/wp-json\/wp\/v2\/tags?post=18194"},{"taxonomy":"features","embeddable":true,"href":"https:\/\/www.accuratereviews.com\/it\/wp-json\/wp\/v2\/features?post=18194"}],"curies":[{"name":"wp","href":"https:\/\/api.w.org\/{rel}","templated":true}]}}