{"id":18206,"date":"2019-09-13T15:30:07","date_gmt":"2019-09-13T15:30:07","guid":{"rendered":"https:\/\/www.accuratereviews.com\/?page_id=18206"},"modified":"2023-11-27T16:56:26","modified_gmt":"2023-11-27T16:56:26","slug":"motocms-recensione","status":"publish","type":"page","link":"https:\/\/www.accuratereviews.com\/it\/software-cms\/motocms-recensione\/","title":{"rendered":"MotoCMS"},"content":{"rendered":"<p><strong>MotoCMS<\/strong> \u00e8 un <strong>software CMS<\/strong> ideale per la creazione di siti web semplice ma robusto che viene fornito con strumenti e funzionalit\u00e0 premium che aiutano gli utenti a sviluppare siti web reattivi dall&#8217;aspetto professionale senza la necessit\u00e0 di competenze sulla programmazione. Saranno\u00a0in grado di creare siti Web funzionali e straordinari in tre semplici passaggi: scegliendo il design tra <strong>oltre 2.500 modelli<\/strong>; aggiungere contenuti con il<strong> Drag &amp; Drop Web Builder<\/strong> del sistema; e lanciando il subito il sito online. \u00c8\u00a0progettato per la realizzazione e la gestione di negozi virtuali (ecommerce). Se necessitano di raccogliere informazioni sui clienti, creare cataloghi di prodotti con categorie specifiche o sponsorizzare sconti e codici promozionali, questo programma fa al caso vostro.<\/p>\n<h2>MOTOCMS &#8211; TUTORIAL<\/h2>\n<p>Il tutorial ti mostrer\u00e0 la semplicit\u00e0 con cuoi puoi istallare questo <strong>software CMS<\/strong>:<\/p>\n<div id=\"fluid-wrapper-counter-1\" class=\"g1-fluid-wrapper \" style=\"width:686px;\">\n<div style=\"padding-bottom:56.268221574344%;\"><iframe loading=\"lazy\" title=\"MotoCMS 3 - Installation Procedure\" width=\"686\" height=\"386\" src=\"https:\/\/www.youtube.com\/embed\/K4JCTDry0Kk?feature=oembed&amp;wmode=transparent&amp;autohide=1&amp;autoplay=0&amp;disablekb=0&amp;fs=1&amp;loop=0&amp;enablejsapi=1&amp;rel=0&amp;controls=2&amp;showinfo=0&amp;wmode=transparent&amp;autohide=2&amp;autoplay=0&amp;disablekb=0&amp;fs=1&amp;loop=0&amp;enablejsapi=1&amp;rel=0&amp;controls=2&amp;showinfo=1\" frameborder=\"0\" allow=\"accelerometer; autoplay; clipboard-write; encrypted-media; gyroscope; picture-in-picture; web-share\" allowfullscreen><\/iframe><\/div>\n<\/div>\n<p>&nbsp;<\/p>\n<h3>MOTOCMS &#8211; CARATTERISTICHE<\/h3>\n<ul>\n<li><strong>Drag &amp; Drop Website Builder:<\/strong> non importa se sei un principiante o uno sviluppatore professionista, puoi sviluppare in modo intuitivo un sito web funzionale senza toccare una riga di codice, basta trascinare e rilasciare immagini o testi in un paio di clic<\/li>\n<li><strong>Design reattivo e ottimizzato per dispositivi mobili:<\/strong> \u00a0crea un sito reattivo che funzioni su schermi di varie dimensioni. Sviluppato con le ultime tecniche questo programma ti consente di rendere reattiva ogni pagina del tuo sito web<\/li>\n<li><strong>Funzionalit\u00e0 ecommerce avanzate:<\/strong> genera e gestisci facilmente un negozio online ad alta conversione<\/li>\n<li><strong>Supporto tecnico 24\/7 e assistenza clienti<\/strong>: il team di assistenza clienti \u00e8 pronto ad aiutarti 24 ore su 24 7 giorni su 7<\/li>\n<li><strong>Strumenti SEO<\/strong>: sarai supportato con le funzionalit\u00e0 appropriate e una guida SEO completa per la creazione di URL, meta tag e altro ancora<\/li>\n<\/ul>\n","protected":false},"excerpt":{"rendered":"<p>MotoCMS \u00e8 un software CMS ideale per la creazione di siti web semplice ma robusto che viene fornito con strumenti e funzionalit\u00e0 premium che aiutano gli utenti a sviluppare siti web reattivi dall&#8217;aspetto professionale senza la necessit\u00e0 di competenze sulla programmazione.<\/p>\n","protected":false},"author":19,"featured_media":18210,"parent":16175,"menu_order":0,"comment_status":"open","ping_status":"closed","template":"g1_template_page_review_new.php","meta":{"_acf_changed":false,"cwp_meta_box_check":"Yes","cwp_rev_product_name":"","cwp_rev_product_image":"","wppr_links":[],"cwp_rev_price":"","wppr_options":[{"name":"Usability","value":"0"},{"name":"Speed","value":"0"},{"name":"Features","value":"0"},{"name":"Support","value":"0"},{"name":"Pricing","value":"0"}],"wppr_pros":["","","","",""],"wppr_cons":["","","","",""],"_monsterinsights_skip_tracking":false,"_monsterinsights_sitenote_active":false,"_monsterinsights_sitenote_note":"","_monsterinsights_sitenote_category":0,"footnotes":""},"categories":[931],"tags":[1276,1277,934,933],"features":[],"class_list":{"0":"post-18206","1":"page","2":"type-page","3":"status-publish","4":"has-post-thumbnail","6":"category-cms","7":"tag-creazioni-siti-web","8":"tag-motocms","9":"tag-programma-cms","10":"tag-software-cms"},"wppr_data":{"cwp_meta_box_check":"Yes","cwp_rev_product_name":"","_wppr_review_template":"default","cwp_rev_product_image":"","cwp_image_link":"image","wppr_links":[],"cwp_rev_price":"","wppr_pros":["","","","",""],"wppr_cons":["","","","",""],"wppr_rating":"0.00","wppr_options":{"1":{"name":"Usability","value":"0"},"2":{"name":"Speed","value":"0"},"3":{"name":"Features","value":"0"},"4":{"name":"Support","value":"0"},"5":{"name":"Pricing","value":"0"}},"wppr_review_type":"Product","wppr_review_custom_fields":{"additionalProperty":"","additionalType":"","aggregateRating":"","alternateName":"","audience":"","award":"","awards":"","brand":"","color":"","depth":"","description":"","disambiguatingDescription":"","gtin12":"","gtin13":"","gtin14":"","gtin8":"","height":"","identifier":"","image":"","isAccessoryOrSparePartFor":"","isConsumableFor":"","isRelatedTo":"","isSimilarTo":"","itemCondition":"","logo":"","mainEntityOfPage":"","manufacturer":"","material":"","model":"","mpn":"","name":"","offers":"","potentialAction":"","productID":"","productionDate":"","purchaseDate":"","releaseDate":"","review":"","reviews":"","sameAs":"","sku":"","slogan":"","subjectOf":"","url":"","weight":"","width":""}},"acf":[],"yoast_head":"<!-- This site is optimized with the Yoast SEO plugin v27.4 - https:\/\/yoast.com\/product\/yoast-seo-wordpress\/ -->\n<title>MotoCMS: recensione software CMS- Accurate Reviews<\/title>\n<meta name=\"description\" content=\"MotoCMS: recensione software CMS ideale per la creazione di siti web semplice ma robusto che viene fornito con strumenti e funzionalit\u00e0 premium.\" \/>\n<meta name=\"robots\" content=\"index, follow, max-snippet:-1, max-image-preview:large, max-video-preview:-1\" \/>\n<link rel=\"canonical\" href=\"https:\/\/www.accuratereviews.com\/it\/software-cms\/motocms-recensione\/\" \/>\n<meta property=\"og:locale\" content=\"it_IT\" \/>\n<meta property=\"og:type\" content=\"article\" \/>\n<meta property=\"og:title\" content=\"MotoCMS: recensione software CMS- Accurate Reviews\" \/>\n<meta property=\"og:description\" content=\"MotoCMS: recensione software CMS ideale per la creazione di siti web semplice ma robusto che viene fornito con strumenti e funzionalit\u00e0 premium.\" \/>\n<meta property=\"og:url\" content=\"https:\/\/www.accuratereviews.com\/it\/software-cms\/motocms-recensione\/\" \/>\n<meta property=\"og:site_name\" content=\"Accurate Reviews\" \/>\n<meta property=\"article:modified_time\" content=\"2023-11-27T16:56:26+00:00\" \/>\n<meta property=\"og:image\" content=\"https:\/\/www.accuratereviews.com\/wp-content\/uploads\/2019\/09\/motocms.png\" \/>\n\t<meta property=\"og:image:width\" content=\"600\" \/>\n\t<meta property=\"og:image:height\" content=\"539\" \/>\n\t<meta property=\"og:image:type\" content=\"image\/png\" \/>\n<meta name=\"twitter:card\" content=\"summary_large_image\" \/>\n<meta name=\"twitter:label1\" content=\"Tempo di lettura stimato\" \/>\n\t<meta name=\"twitter:data1\" content=\"2 minuti\" \/>\n<script type=\"application\/ld+json\" class=\"yoast-schema-graph\">{\"@context\":\"https:\\\/\\\/schema.org\",\"@graph\":[{\"@type\":\"WebPage\",\"@id\":\"https:\\\/\\\/www.accuratereviews.com\\\/it\\\/software-cms\\\/motocms-recensione\\\/\",\"url\":\"https:\\\/\\\/www.accuratereviews.com\\\/it\\\/software-cms\\\/motocms-recensione\\\/\",\"name\":\"MotoCMS: recensione software CMS- Accurate Reviews\",\"isPartOf\":{\"@id\":\"https:\\\/\\\/www.accuratereviews.com\\\/it\\\/#website\"},\"primaryImageOfPage\":{\"@id\":\"https:\\\/\\\/www.accuratereviews.com\\\/it\\\/software-cms\\\/motocms-recensione\\\/#primaryimage\"},\"image\":{\"@id\":\"https:\\\/\\\/www.accuratereviews.com\\\/it\\\/software-cms\\\/motocms-recensione\\\/#primaryimage\"},\"thumbnailUrl\":\"https:\\\/\\\/www.accuratereviews.com\\\/wp-content\\\/uploads\\\/2019\\\/09\\\/motocms.png\",\"datePublished\":\"2019-09-13T15:30:07+00:00\",\"dateModified\":\"2023-11-27T16:56:26+00:00\",\"description\":\"MotoCMS: recensione software CMS ideale per la creazione di siti web semplice ma robusto che viene fornito con strumenti e funzionalit\u00e0 premium.\",\"breadcrumb\":{\"@id\":\"https:\\\/\\\/www.accuratereviews.com\\\/it\\\/software-cms\\\/motocms-recensione\\\/#breadcrumb\"},\"inLanguage\":\"it-IT\",\"potentialAction\":[{\"@type\":\"ReadAction\",\"target\":[\"https:\\\/\\\/www.accuratereviews.com\\\/it\\\/software-cms\\\/motocms-recensione\\\/\"]}]},{\"@type\":\"ImageObject\",\"inLanguage\":\"it-IT\",\"@id\":\"https:\\\/\\\/www.accuratereviews.com\\\/it\\\/software-cms\\\/motocms-recensione\\\/#primaryimage\",\"url\":\"https:\\\/\\\/www.accuratereviews.com\\\/wp-content\\\/uploads\\\/2019\\\/09\\\/motocms.png\",\"contentUrl\":\"https:\\\/\\\/www.accuratereviews.com\\\/wp-content\\\/uploads\\\/2019\\\/09\\\/motocms.png\",\"width\":600,\"height\":539},{\"@type\":\"BreadcrumbList\",\"@id\":\"https:\\\/\\\/www.accuratereviews.com\\\/it\\\/software-cms\\\/motocms-recensione\\\/#breadcrumb\",\"itemListElement\":[{\"@type\":\"ListItem\",\"position\":1,\"name\":\"Home\",\"item\":\"https:\\\/\\\/www.accuratereviews.com\\\/it\\\/\"},{\"@type\":\"ListItem\",\"position\":2,\"name\":\"Software CMS\",\"item\":\"https:\\\/\\\/www.accuratereviews.com\\\/it\\\/software-cms\\\/\"},{\"@type\":\"ListItem\",\"position\":3,\"name\":\"MotoCMS\"}]},{\"@type\":\"WebSite\",\"@id\":\"https:\\\/\\\/www.accuratereviews.com\\\/it\\\/#website\",\"url\":\"https:\\\/\\\/www.accuratereviews.com\\\/it\\\/\",\"name\":\"Accurate Reviews\",\"description\":\"\",\"potentialAction\":[{\"@type\":\"SearchAction\",\"target\":{\"@type\":\"EntryPoint\",\"urlTemplate\":\"https:\\\/\\\/www.accuratereviews.com\\\/it\\\/?s={search_term_string}\"},\"query-input\":{\"@type\":\"PropertyValueSpecification\",\"valueRequired\":true,\"valueName\":\"search_term_string\"}}],\"inLanguage\":\"it-IT\"}]}<\/script>\n<!-- \/ Yoast SEO plugin. -->","yoast_head_json":{"title":"MotoCMS: recensione software CMS- Accurate Reviews","description":"MotoCMS: recensione software CMS ideale per la creazione di siti web semplice ma robusto che viene fornito con strumenti e funzionalit\u00e0 premium.","robots":{"index":"index","follow":"follow","max-snippet":"max-snippet:-1","max-image-preview":"max-image-preview:large","max-video-preview":"max-video-preview:-1"},"canonical":"https:\/\/www.accuratereviews.com\/it\/software-cms\/motocms-recensione\/","og_locale":"it_IT","og_type":"article","og_title":"MotoCMS: recensione software CMS- Accurate Reviews","og_description":"MotoCMS: recensione software CMS ideale per la creazione di siti web semplice ma robusto che viene fornito con strumenti e funzionalit\u00e0 premium.","og_url":"https:\/\/www.accuratereviews.com\/it\/software-cms\/motocms-recensione\/","og_site_name":"Accurate Reviews","article_modified_time":"2023-11-27T16:56:26+00:00","og_image":[{"width":600,"height":539,"url":"https:\/\/www.accuratereviews.com\/wp-content\/uploads\/2019\/09\/motocms.png","type":"image\/png"}],"twitter_card":"summary_large_image","twitter_misc":{"Tempo di lettura stimato":"2 minuti"},"schema":{"@context":"https:\/\/schema.org","@graph":[{"@type":"WebPage","@id":"https:\/\/www.accuratereviews.com\/it\/software-cms\/motocms-recensione\/","url":"https:\/\/www.accuratereviews.com\/it\/software-cms\/motocms-recensione\/","name":"MotoCMS: recensione software CMS- Accurate Reviews","isPartOf":{"@id":"https:\/\/www.accuratereviews.com\/it\/#website"},"primaryImageOfPage":{"@id":"https:\/\/www.accuratereviews.com\/it\/software-cms\/motocms-recensione\/#primaryimage"},"image":{"@id":"https:\/\/www.accuratereviews.com\/it\/software-cms\/motocms-recensione\/#primaryimage"},"thumbnailUrl":"https:\/\/www.accuratereviews.com\/wp-content\/uploads\/2019\/09\/motocms.png","datePublished":"2019-09-13T15:30:07+00:00","dateModified":"2023-11-27T16:56:26+00:00","description":"MotoCMS: recensione software CMS ideale per la creazione di siti web semplice ma robusto che viene fornito con strumenti e funzionalit\u00e0 premium.","breadcrumb":{"@id":"https:\/\/www.accuratereviews.com\/it\/software-cms\/motocms-recensione\/#breadcrumb"},"inLanguage":"it-IT","potentialAction":[{"@type":"ReadAction","target":["https:\/\/www.accuratereviews.com\/it\/software-cms\/motocms-recensione\/"]}]},{"@type":"ImageObject","inLanguage":"it-IT","@id":"https:\/\/www.accuratereviews.com\/it\/software-cms\/motocms-recensione\/#primaryimage","url":"https:\/\/www.accuratereviews.com\/wp-content\/uploads\/2019\/09\/motocms.png","contentUrl":"https:\/\/www.accuratereviews.com\/wp-content\/uploads\/2019\/09\/motocms.png","width":600,"height":539},{"@type":"BreadcrumbList","@id":"https:\/\/www.accuratereviews.com\/it\/software-cms\/motocms-recensione\/#breadcrumb","itemListElement":[{"@type":"ListItem","position":1,"name":"Home","item":"https:\/\/www.accuratereviews.com\/it\/"},{"@type":"ListItem","position":2,"name":"Software CMS","item":"https:\/\/www.accuratereviews.com\/it\/software-cms\/"},{"@type":"ListItem","position":3,"name":"MotoCMS"}]},{"@type":"WebSite","@id":"https:\/\/www.accuratereviews.com\/it\/#website","url":"https:\/\/www.accuratereviews.com\/it\/","name":"Accurate Reviews","description":"","potentialAction":[{"@type":"SearchAction","target":{"@type":"EntryPoint","urlTemplate":"https:\/\/www.accuratereviews.com\/it\/?s={search_term_string}"},"query-input":{"@type":"PropertyValueSpecification","valueRequired":true,"valueName":"search_term_string"}}],"inLanguage":"it-IT"}]}},"_links":{"self":[{"href":"https:\/\/www.accuratereviews.com\/it\/wp-json\/wp\/v2\/pages\/18206","targetHints":{"allow":["GET"]}}],"collection":[{"href":"https:\/\/www.accuratereviews.com\/it\/wp-json\/wp\/v2\/pages"}],"about":[{"href":"https:\/\/www.accuratereviews.com\/it\/wp-json\/wp\/v2\/types\/page"}],"author":[{"embeddable":true,"href":"https:\/\/www.accuratereviews.com\/it\/wp-json\/wp\/v2\/users\/19"}],"replies":[{"embeddable":true,"href":"https:\/\/www.accuratereviews.com\/it\/wp-json\/wp\/v2\/comments?post=18206"}],"version-history":[{"count":7,"href":"https:\/\/www.accuratereviews.com\/it\/wp-json\/wp\/v2\/pages\/18206\/revisions"}],"predecessor-version":[{"id":73139,"href":"https:\/\/www.accuratereviews.com\/it\/wp-json\/wp\/v2\/pages\/18206\/revisions\/73139"}],"up":[{"embeddable":true,"href":"https:\/\/www.accuratereviews.com\/it\/wp-json\/wp\/v2\/pages\/16175"}],"wp:featuredmedia":[{"embeddable":true,"href":"https:\/\/www.accuratereviews.com\/it\/wp-json\/wp\/v2\/media\/18210"}],"wp:attachment":[{"href":"https:\/\/www.accuratereviews.com\/it\/wp-json\/wp\/v2\/media?parent=18206"}],"wp:term":[{"taxonomy":"category","embeddable":true,"href":"https:\/\/www.accuratereviews.com\/it\/wp-json\/wp\/v2\/categories?post=18206"},{"taxonomy":"post_tag","embeddable":true,"href":"https:\/\/www.accuratereviews.com\/it\/wp-json\/wp\/v2\/tags?post=18206"},{"taxonomy":"features","embeddable":true,"href":"https:\/\/www.accuratereviews.com\/it\/wp-json\/wp\/v2\/features?post=18206"}],"curies":[{"name":"wp","href":"https:\/\/api.w.org\/{rel}","templated":true}]}}