{"id":18224,"date":"2019-09-16T12:07:15","date_gmt":"2019-09-16T12:07:15","guid":{"rendered":"https:\/\/www.accuratereviews.com\/?page_id=18224"},"modified":"2023-03-06T21:56:21","modified_gmt":"2023-03-06T21:56:21","slug":"teamgram-recensione","status":"publish","type":"page","link":"https:\/\/www.accuratereviews.com\/it\/crm-software-migliori-lista\/teamgram-recensione\/","title":{"rendered":"TeamGram"},"content":{"rendered":"<p><strong>TeamGram<\/strong> \u00e8 un software all-in-one per la<strong> gestione delle relazioni con i clienti<\/strong> progettato per le piccole e medie imprese. \u00c8 uno strumento di gestione e collaborazione delle vendite che aiuta le aziende e le organizzazioni a stabilire relazioni forti con i propri clienti, migliorare la produttivit\u00e0 all&#8217;interno del ciclo di vendita e incoraggiare tutti i membri del proprio team a lavorare insieme e concludere pi\u00f9 vendite. Il programma\u00a0semplifica la raccolta di informazioni sui clienti, la preparazione delle offerte di vendita, la gestione degli ordini e la delega delle attivit\u00e0 di vendita. Il <strong>software CRM<\/strong> include anche la gestione e il monitoraggio dell&#8217;inventario, nonch\u00e9 la possibilit\u00e0 per i colleghi di condividere informazioni, documenti e file tra loro. Consente agli utenti di organizzare le informazioni sui clienti in un unico posto. Pertanto, saranno in grado di inserire i dettagli di contatto del cliente, le note sulla riunione, le citazioni e altre informazioni; e accedervi sempre e ovunque. Un&#8217;altra caratteristica affidabile offerta da questa soluzione\u00a0\u00e8 la gestione dell&#8217;inventario. Con questa funzione, gli utenti possono facilmente aggiornare il loro inventario. Quando un ordine viene elaborato e completato, il software deduce automaticamente i prodotti venduti dal loro inventario.\u00a0Ultimo ma non meno importante, <strong>TeamGram<\/strong> offre agli utenti la possibilit\u00e0 di creare app aziendali personalizzate.<\/p>\n<h2>TEAMGRAM- TUTORIAL<\/h2>\n<p>Il tutorial che seguir\u00e0 mostra come usufruire di questo potente <strong>software CRM<\/strong>:<\/p>\n<div id=\"fluid-wrapper-counter-1\" class=\"g1-fluid-wrapper \" style=\"width:686px;\">\n<div style=\"padding-bottom:56.268221574344%;\"><iframe loading=\"lazy\" title=\"Selling with TeamGram\" width=\"686\" height=\"386\" src=\"https:\/\/www.youtube.com\/embed\/-_end0zi8VQ?feature=oembed&amp;wmode=transparent&amp;autohide=1&amp;autoplay=0&amp;disablekb=0&amp;fs=1&amp;loop=0&amp;enablejsapi=1&amp;rel=0&amp;controls=2&amp;showinfo=0&amp;wmode=transparent&amp;autohide=2&amp;autoplay=0&amp;disablekb=0&amp;fs=1&amp;loop=0&amp;enablejsapi=1&amp;rel=0&amp;controls=2&amp;showinfo=1\" frameborder=\"0\" allow=\"accelerometer; autoplay; clipboard-write; encrypted-media; gyroscope; picture-in-picture; web-share\" allowfullscreen><\/iframe><\/div>\n<\/div>\n<h3><strong>TEAMGRAM &#8211; CARATTERISTICHE<\/strong><\/h3>\n<ul>\n<li><strong>Gestisci i tuoi contatti e opportunit\u00e0:<\/strong> consolidare i lead in entrata e in uscita in un&#8217;unica posizione, quindi valutali e qualificali. Crea opportunit\u00e0 per lead qualificati, assegna il potenziale di vendita, negozia le condizioni e monitora i progressi<\/li>\n<li><strong>Gestisci i tuoi preventivi e ordini:<\/strong> risparmia tempo creando modelli di preventivi per la tua azienda e inviali ai potenziali clienti<\/li>\n<li><strong>Organizza il tuo inventario:\u00a0<\/strong>controlla lo stato del tuo inventario mentre lavori su un&#8217;opportunit\u00e0. Ricevi notifiche quando i livelli di inventario raggiungono un determinato punto. Crea ordini di fornitori e non perdere mai un&#8217;opportunit\u00e0 di vendita<\/li>\n<li><strong>Migliora le tue attivit\u00e0 di vendita:<\/strong> assegna varie attivit\u00e0 &#8211; come riunioni, telefonate, email, visite e compiti &#8211; ai tuoi colleghi o a te stesso. Traccia facilmente i progressi della squadra in qualsiasi momento<\/li>\n<li><strong>Ricevi notifiche istantanee:<\/strong>\u00a0ricevi notifiche sul tuo dispositivo mobile quando ti viene assegnata un&#8217;attivit\u00e0 o quando un&#8217;attivit\u00e0 che hai assegnato \u00e8 stata completata. Imposta promemoria per compiti e attivit\u00e0 importanti. Non perdere mai una scadenza.<\/li>\n<li><strong>Calendario<\/strong>: pianifica meglio visualizzando le tue prossime attivit\u00e0 sul calendario, filtra le attivit\u00e0 per una visibilit\u00e0 ottimale<\/li>\n<li><strong>Crea il tuo flusso di lavoro<\/strong>: ogni azienda ha un flusso di lavoro diverso personalizzalo con i moduli interni per rendere il lavoro pi\u00f9 Fai lavorare semplice<\/li>\n<li><strong>Abilita applicazioni per la distribuzione<\/strong>:\u00a0distribuisci applicazioni pre-progettate ottimizzate per l&#8217;industria per gestire le richieste di ferie, registrare le visite dei clienti o i rapporti sui turni.<\/li>\n<li><strong>Integra i moduli Web nel tuo sito web<\/strong>: converti facilmente le tue app personalizzate in moduli web e pubblicale direttamente sul tuo sito.<\/li>\n<\/ul>\n","protected":false},"excerpt":{"rendered":"<p>TeamGram \u00e8 un software all-in-one per la gestione delle relazioni con i clienti progettato per le piccole e medie imprese. \u00c8 uno strumento di gestione e collaborazione delle vendite che aiuta le aziende e le organizzazioni a stabilire relazioni forti con i propri clienti, migliorare la produttivit\u00e0 all&#8217;interno del ciclo di vendita e incoraggiare tutti i membri del proprio team a lavorare insieme e concludere pi\u00f9 vendite.<\/p>\n","protected":false},"author":19,"featured_media":18227,"parent":5966,"menu_order":0,"comment_status":"open","ping_status":"closed","template":"g1_template_page_review_new.php","meta":{"_acf_changed":false,"cwp_meta_box_check":"Yes","cwp_rev_product_name":"","cwp_rev_product_image":"","wppr_links":[],"cwp_rev_price":"","wppr_options":[{"name":"Usability","value":"0"},{"name":"Speed","value":"0"},{"name":"Features","value":"0"},{"name":"Support","value":"0"},{"name":"Pricing","value":"0"}],"wppr_pros":["","","","",""],"wppr_cons":["","","","",""],"_monsterinsights_skip_tracking":false,"_monsterinsights_sitenote_active":false,"_monsterinsights_sitenote_note":"","_monsterinsights_sitenote_category":0,"footnotes":""},"categories":[120],"tags":[427,1837,1239,1280],"features":[],"class_list":{"0":"post-18224","1":"page","2":"type-page","3":"status-publish","4":"has-post-thumbnail","6":"category-crm-it","7":"tag-programma-crm","8":"tag-software-crm-2-it","9":"tag-soluzione-crm","10":"tag-teamgram"},"wppr_data":{"cwp_meta_box_check":"Yes","cwp_rev_product_name":"","_wppr_review_template":"default","cwp_rev_product_image":"","cwp_image_link":"image","wppr_links":[],"cwp_rev_price":"","wppr_pros":["","","","",""],"wppr_cons":["","","","",""],"wppr_rating":"0.00","wppr_options":{"1":{"name":"Usability","value":"0"},"2":{"name":"Speed","value":"0"},"3":{"name":"Features","value":"0"},"4":{"name":"Support","value":"0"},"5":{"name":"Pricing","value":"0"}},"wppr_review_type":"Product","wppr_review_custom_fields":{"additionalProperty":"","additionalType":"","aggregateRating":"","alternateName":"","audience":"","award":"","awards":"","brand":"","color":"","depth":"","description":"","disambiguatingDescription":"","gtin12":"","gtin13":"","gtin14":"","gtin8":"","height":"","identifier":"","image":"","isAccessoryOrSparePartFor":"","isConsumableFor":"","isRelatedTo":"","isSimilarTo":"","itemCondition":"","logo":"","mainEntityOfPage":"","manufacturer":"","material":"","model":"","mpn":"","name":"","offers":"","potentialAction":"","productID":"","productionDate":"","purchaseDate":"","releaseDate":"","review":"","reviews":"","sameAs":"","sku":"","slogan":"","subjectOf":"","url":"","weight":"","width":""}},"acf":[],"yoast_head":"<!-- This site is optimized with the Yoast SEO plugin v27.4 - https:\/\/yoast.com\/product\/yoast-seo-wordpress\/ -->\n<title>Teamgram: recensione software CRM - Accurate Reviews<\/title>\n<meta name=\"description\" content=\"TeamGram: recensione software CRM per la gestione delle relazioni con i clienti progettato per le piccole e medie imprese.\" \/>\n<meta name=\"robots\" content=\"index, follow, max-snippet:-1, max-image-preview:large, max-video-preview:-1\" \/>\n<link rel=\"canonical\" href=\"https:\/\/www.accuratereviews.com\/it\/crm-software-migliori-lista\/teamgram-recensione\/\" \/>\n<meta property=\"og:locale\" content=\"it_IT\" \/>\n<meta property=\"og:type\" content=\"article\" \/>\n<meta property=\"og:title\" content=\"Teamgram: recensione software CRM - Accurate Reviews\" \/>\n<meta property=\"og:description\" content=\"TeamGram: recensione software CRM per la gestione delle relazioni con i clienti progettato per le piccole e medie imprese.\" \/>\n<meta property=\"og:url\" content=\"https:\/\/www.accuratereviews.com\/it\/crm-software-migliori-lista\/teamgram-recensione\/\" \/>\n<meta property=\"og:site_name\" content=\"Accurate Reviews\" \/>\n<meta property=\"article:modified_time\" content=\"2023-03-06T21:56:21+00:00\" \/>\n<meta property=\"og:image\" content=\"https:\/\/www.accuratereviews.com\/wp-content\/uploads\/2019\/09\/TEAMGRAM.jpg\" \/>\n\t<meta property=\"og:image:width\" content=\"800\" \/>\n\t<meta property=\"og:image:height\" content=\"534\" \/>\n\t<meta property=\"og:image:type\" content=\"image\/jpeg\" \/>\n<meta name=\"twitter:card\" content=\"summary_large_image\" \/>\n<meta name=\"twitter:label1\" content=\"Tempo di lettura stimato\" \/>\n\t<meta name=\"twitter:data1\" content=\"3 minuti\" \/>\n<script type=\"application\/ld+json\" class=\"yoast-schema-graph\">{\"@context\":\"https:\\\/\\\/schema.org\",\"@graph\":[{\"@type\":\"WebPage\",\"@id\":\"https:\\\/\\\/www.accuratereviews.com\\\/it\\\/crm-software-migliori-lista\\\/teamgram-recensione\\\/\",\"url\":\"https:\\\/\\\/www.accuratereviews.com\\\/it\\\/crm-software-migliori-lista\\\/teamgram-recensione\\\/\",\"name\":\"Teamgram: recensione software CRM - Accurate Reviews\",\"isPartOf\":{\"@id\":\"https:\\\/\\\/www.accuratereviews.com\\\/it\\\/#website\"},\"primaryImageOfPage\":{\"@id\":\"https:\\\/\\\/www.accuratereviews.com\\\/it\\\/crm-software-migliori-lista\\\/teamgram-recensione\\\/#primaryimage\"},\"image\":{\"@id\":\"https:\\\/\\\/www.accuratereviews.com\\\/it\\\/crm-software-migliori-lista\\\/teamgram-recensione\\\/#primaryimage\"},\"thumbnailUrl\":\"https:\\\/\\\/www.accuratereviews.com\\\/wp-content\\\/uploads\\\/2019\\\/09\\\/TEAMGRAM.jpg\",\"datePublished\":\"2019-09-16T12:07:15+00:00\",\"dateModified\":\"2023-03-06T21:56:21+00:00\",\"description\":\"TeamGram: recensione software CRM per la gestione delle relazioni con i clienti progettato per le piccole e medie imprese.\",\"breadcrumb\":{\"@id\":\"https:\\\/\\\/www.accuratereviews.com\\\/it\\\/crm-software-migliori-lista\\\/teamgram-recensione\\\/#breadcrumb\"},\"inLanguage\":\"it-IT\",\"potentialAction\":[{\"@type\":\"ReadAction\",\"target\":[\"https:\\\/\\\/www.accuratereviews.com\\\/it\\\/crm-software-migliori-lista\\\/teamgram-recensione\\\/\"]}]},{\"@type\":\"ImageObject\",\"inLanguage\":\"it-IT\",\"@id\":\"https:\\\/\\\/www.accuratereviews.com\\\/it\\\/crm-software-migliori-lista\\\/teamgram-recensione\\\/#primaryimage\",\"url\":\"https:\\\/\\\/www.accuratereviews.com\\\/wp-content\\\/uploads\\\/2019\\\/09\\\/TEAMGRAM.jpg\",\"contentUrl\":\"https:\\\/\\\/www.accuratereviews.com\\\/wp-content\\\/uploads\\\/2019\\\/09\\\/TEAMGRAM.jpg\",\"width\":800,\"height\":534},{\"@type\":\"BreadcrumbList\",\"@id\":\"https:\\\/\\\/www.accuratereviews.com\\\/it\\\/crm-software-migliori-lista\\\/teamgram-recensione\\\/#breadcrumb\",\"itemListElement\":[{\"@type\":\"ListItem\",\"position\":1,\"name\":\"Home\",\"item\":\"https:\\\/\\\/www.accuratereviews.com\\\/it\\\/\"},{\"@type\":\"ListItem\",\"position\":2,\"name\":\"CRM: i software migliori\",\"item\":\"https:\\\/\\\/www.accuratereviews.com\\\/it\\\/crm-software-migliori-lista\\\/\"},{\"@type\":\"ListItem\",\"position\":3,\"name\":\"TeamGram\"}]},{\"@type\":\"WebSite\",\"@id\":\"https:\\\/\\\/www.accuratereviews.com\\\/it\\\/#website\",\"url\":\"https:\\\/\\\/www.accuratereviews.com\\\/it\\\/\",\"name\":\"Accurate Reviews\",\"description\":\"\",\"potentialAction\":[{\"@type\":\"SearchAction\",\"target\":{\"@type\":\"EntryPoint\",\"urlTemplate\":\"https:\\\/\\\/www.accuratereviews.com\\\/it\\\/?s={search_term_string}\"},\"query-input\":{\"@type\":\"PropertyValueSpecification\",\"valueRequired\":true,\"valueName\":\"search_term_string\"}}],\"inLanguage\":\"it-IT\"}]}<\/script>\n<!-- \/ Yoast SEO plugin. -->","yoast_head_json":{"title":"Teamgram: recensione software CRM - Accurate Reviews","description":"TeamGram: recensione software CRM per la gestione delle relazioni con i clienti progettato per le piccole e medie imprese.","robots":{"index":"index","follow":"follow","max-snippet":"max-snippet:-1","max-image-preview":"max-image-preview:large","max-video-preview":"max-video-preview:-1"},"canonical":"https:\/\/www.accuratereviews.com\/it\/crm-software-migliori-lista\/teamgram-recensione\/","og_locale":"it_IT","og_type":"article","og_title":"Teamgram: recensione software CRM - Accurate Reviews","og_description":"TeamGram: recensione software CRM per la gestione delle relazioni con i clienti progettato per le piccole e medie imprese.","og_url":"https:\/\/www.accuratereviews.com\/it\/crm-software-migliori-lista\/teamgram-recensione\/","og_site_name":"Accurate Reviews","article_modified_time":"2023-03-06T21:56:21+00:00","og_image":[{"width":800,"height":534,"url":"https:\/\/www.accuratereviews.com\/wp-content\/uploads\/2019\/09\/TEAMGRAM.jpg","type":"image\/jpeg"}],"twitter_card":"summary_large_image","twitter_misc":{"Tempo di lettura stimato":"3 minuti"},"schema":{"@context":"https:\/\/schema.org","@graph":[{"@type":"WebPage","@id":"https:\/\/www.accuratereviews.com\/it\/crm-software-migliori-lista\/teamgram-recensione\/","url":"https:\/\/www.accuratereviews.com\/it\/crm-software-migliori-lista\/teamgram-recensione\/","name":"Teamgram: recensione software CRM - Accurate Reviews","isPartOf":{"@id":"https:\/\/www.accuratereviews.com\/it\/#website"},"primaryImageOfPage":{"@id":"https:\/\/www.accuratereviews.com\/it\/crm-software-migliori-lista\/teamgram-recensione\/#primaryimage"},"image":{"@id":"https:\/\/www.accuratereviews.com\/it\/crm-software-migliori-lista\/teamgram-recensione\/#primaryimage"},"thumbnailUrl":"https:\/\/www.accuratereviews.com\/wp-content\/uploads\/2019\/09\/TEAMGRAM.jpg","datePublished":"2019-09-16T12:07:15+00:00","dateModified":"2023-03-06T21:56:21+00:00","description":"TeamGram: recensione software CRM per la gestione delle relazioni con i clienti progettato per le piccole e medie imprese.","breadcrumb":{"@id":"https:\/\/www.accuratereviews.com\/it\/crm-software-migliori-lista\/teamgram-recensione\/#breadcrumb"},"inLanguage":"it-IT","potentialAction":[{"@type":"ReadAction","target":["https:\/\/www.accuratereviews.com\/it\/crm-software-migliori-lista\/teamgram-recensione\/"]}]},{"@type":"ImageObject","inLanguage":"it-IT","@id":"https:\/\/www.accuratereviews.com\/it\/crm-software-migliori-lista\/teamgram-recensione\/#primaryimage","url":"https:\/\/www.accuratereviews.com\/wp-content\/uploads\/2019\/09\/TEAMGRAM.jpg","contentUrl":"https:\/\/www.accuratereviews.com\/wp-content\/uploads\/2019\/09\/TEAMGRAM.jpg","width":800,"height":534},{"@type":"BreadcrumbList","@id":"https:\/\/www.accuratereviews.com\/it\/crm-software-migliori-lista\/teamgram-recensione\/#breadcrumb","itemListElement":[{"@type":"ListItem","position":1,"name":"Home","item":"https:\/\/www.accuratereviews.com\/it\/"},{"@type":"ListItem","position":2,"name":"CRM: i software migliori","item":"https:\/\/www.accuratereviews.com\/it\/crm-software-migliori-lista\/"},{"@type":"ListItem","position":3,"name":"TeamGram"}]},{"@type":"WebSite","@id":"https:\/\/www.accuratereviews.com\/it\/#website","url":"https:\/\/www.accuratereviews.com\/it\/","name":"Accurate Reviews","description":"","potentialAction":[{"@type":"SearchAction","target":{"@type":"EntryPoint","urlTemplate":"https:\/\/www.accuratereviews.com\/it\/?s={search_term_string}"},"query-input":{"@type":"PropertyValueSpecification","valueRequired":true,"valueName":"search_term_string"}}],"inLanguage":"it-IT"}]}},"_links":{"self":[{"href":"https:\/\/www.accuratereviews.com\/it\/wp-json\/wp\/v2\/pages\/18224","targetHints":{"allow":["GET"]}}],"collection":[{"href":"https:\/\/www.accuratereviews.com\/it\/wp-json\/wp\/v2\/pages"}],"about":[{"href":"https:\/\/www.accuratereviews.com\/it\/wp-json\/wp\/v2\/types\/page"}],"author":[{"embeddable":true,"href":"https:\/\/www.accuratereviews.com\/it\/wp-json\/wp\/v2\/users\/19"}],"replies":[{"embeddable":true,"href":"https:\/\/www.accuratereviews.com\/it\/wp-json\/wp\/v2\/comments?post=18224"}],"version-history":[{"count":8,"href":"https:\/\/www.accuratereviews.com\/it\/wp-json\/wp\/v2\/pages\/18224\/revisions"}],"predecessor-version":[{"id":67764,"href":"https:\/\/www.accuratereviews.com\/it\/wp-json\/wp\/v2\/pages\/18224\/revisions\/67764"}],"up":[{"embeddable":true,"href":"https:\/\/www.accuratereviews.com\/it\/wp-json\/wp\/v2\/pages\/5966"}],"wp:featuredmedia":[{"embeddable":true,"href":"https:\/\/www.accuratereviews.com\/it\/wp-json\/wp\/v2\/media\/18227"}],"wp:attachment":[{"href":"https:\/\/www.accuratereviews.com\/it\/wp-json\/wp\/v2\/media?parent=18224"}],"wp:term":[{"taxonomy":"category","embeddable":true,"href":"https:\/\/www.accuratereviews.com\/it\/wp-json\/wp\/v2\/categories?post=18224"},{"taxonomy":"post_tag","embeddable":true,"href":"https:\/\/www.accuratereviews.com\/it\/wp-json\/wp\/v2\/tags?post=18224"},{"taxonomy":"features","embeddable":true,"href":"https:\/\/www.accuratereviews.com\/it\/wp-json\/wp\/v2\/features?post=18224"}],"curies":[{"name":"wp","href":"https:\/\/api.w.org\/{rel}","templated":true}]}}