{"id":18285,"date":"2019-09-18T12:12:14","date_gmt":"2019-09-18T12:12:14","guid":{"rendered":"https:\/\/www.accuratereviews.com\/?page_id=18285"},"modified":"2021-04-23T07:44:39","modified_gmt":"2021-04-23T07:44:39","slug":"solarwinds-backup-recensione","status":"publish","type":"page","link":"https:\/\/www.accuratereviews.com\/it\/backup-i-migliori-software-e-servizi-software-lista\/solarwinds-backup-recensione\/","title":{"rendered":"SolarWinds Backup"},"content":{"rendered":"<p><strong>SolarWinds Backup<\/strong> \u00e8 un <strong>servizio di backup<\/strong> creato per proteggere i server, fisici e virtuali, workstation, documenti critici per le aziende e servizi di Office 365 Exchange. Si tratta di un&#8217;unica piattaforma basata sul web con<strong> storage su cloud privato<\/strong> incluso che permette il trasferimento rapido dei dati e la conservazione degli stessi. Tutte queste operazioni sono rese possibili grazie all&#8217;utilizzo della tecnologia TrueDelta che serve proprio ad ottimizzare lo spostamento dei dati per realizzare backup e ripristini. Con <strong>SolarWinds Backup<\/strong> non dovrai pi\u00f9 preoccuparti di controllare e monitorare le attivit\u00e0 dell&#8217;azienda, ti baster\u00e0 consultare lo <strong>stato dei backup<\/strong>, che sar\u00e0 fatto in modo automatico senza nessun intervento da parte vostra.<\/p>\n<h2>SOLARWINDS BACKUP &#8211; TUTORIAL<\/h2>\n<p>Diamo un&#8217;occhiata a questo tutorial per comprendere meglio come funziona questo software:<\/p>\n<div id=\"fluid-wrapper-counter-1\" class=\"g1-fluid-wrapper \" style=\"width:686px;\">\n<div style=\"padding-bottom:56.268221574344%;\"><iframe loading=\"lazy\" title=\"SolarWinds Backup: Getting Started\" width=\"686\" height=\"386\" src=\"https:\/\/www.youtube.com\/embed\/dJ4emdNtRJ8?feature=oembed&amp;wmode=transparent&amp;autohide=1&amp;autoplay=0&amp;disablekb=0&amp;fs=1&amp;loop=0&amp;enablejsapi=1&amp;rel=0&amp;controls=2&amp;showinfo=0&amp;wmode=transparent&amp;autohide=2&amp;autoplay=0&amp;disablekb=0&amp;fs=1&amp;loop=0&amp;enablejsapi=1&amp;rel=0&amp;controls=2&amp;showinfo=1\" frameborder=\"0\" allow=\"accelerometer; autoplay; clipboard-write; encrypted-media; gyroscope; picture-in-picture\" allowfullscreen><\/iframe><\/div>\n<\/div>\n<h3>SOLARWINDS BACKUP &#8211; CARATTERISTICHE<\/h3>\n<p>Di seguito le sue principali caratteristiche:<\/p>\n<div class=\"col-xs-6\">\n<ul class=\"ticks normal-links\">\n<li><strong>Backup di server<\/strong>: include il supporto della virtualizzazione,\u00a0del ripristino da zero, del ripristino di emergenza di macchine virtuali, del ripristino rapido e della personalizzazione del marchio<\/li>\n<li><strong>Backup di workstation<\/strong>: include il ripristino rapido, il\u00a0LocalSpeedVault e inoltre il backup non richiede l&#8217;uso di appliance<\/li>\n<li><strong>Backup di documenti<\/strong>: permette il backup di documenti illimitati e di dimensioni illimitate e impone due backup automatici al giorno<\/li>\n<li><strong>Backup per Office 365<\/strong>: permette una gestione semplice dei backup e dei ripristini e protegge i dati in modo che non si vengano a perdere email e documenti importanti per Office 365<\/li>\n<li><strong>Storage finalizzato alla sicurezza<\/strong>: i tuoi saranno al sicuro grazie a data center globali certificati e alla crittografia end-to-end e AES a 256 bit.<\/li>\n<\/ul>\n<h3>LE RECENSIONI DEGLI UTENTI<\/h3>\n<ul>\n<li><strong>&#8220;Backup semplice ed efficace&#8221;<\/strong><br \/>\nIN GENERALE: SolarWinds ci ha salvati da un disastro che aveva colpito uno dei nostri clienti, siamo riusciti a ripristinare tutto rapidamente e facilmente come se non fosse successo nulla. I supporti di backup e salvataggio dati sono facili da creare. L&#8217;assistenza clienti \u00e8 stata molto efficace. Non abbiamo riscontrato problemi con SolarWinds Backup e lo consigliamo a tutti i nostri clienti.<br \/>\nPRO: SolarWinds Backup \u00e8 facile ed efficiente da usare. L&#8217;interfaccia web \u00e8 intuitiva e accessibile a tutti. Basta semplicemente installarlo sui dispositivi e sei pronto per partire. Mantieni il controllo sui tuoi dati. Non ci sono limiti di archiviazione e questo \u00e8 un vero vantaggio.<br \/>\nCONTRO: ci sono alcuni limiti nelle funzionalit\u00e0 di pianificazione, ma siamo riusciti a risolverli.<\/li>\n<li><strong><strong>&#8220;Strumento di backup semplice e facile per MSP!&#8221;<br \/>\n<\/strong><\/strong>IN GENERALE: Provenendo da un fornitore di backup in cui abbiamo riscontrato continuamente problemi sia con il prodotto che con l&#8217;assistenza, \u00e8 stato un sollievo non dover passare un&#8217;ora o due al giorno a risolvere i problemi e\/o a lavorare con l&#8217;assistenza. Passare a questo, \u00e8 stata davvero un&#8217;ottima soluzione!<br \/>\nPRO: Usiamo Solarwinds Backup and Recovery da un paio d&#8217;anni. Funziona e basta! Ci piace come \u00e8 basato su VSS, molto semplice da configurare e ci si imbatte in pochissimi problemi di backup. Ci\u00f2 consente ai nostri margini di backup di essere elevati poich\u00e9 lo installiamo semplicemente sui dispositivi e ci sediamo a guardarlo funzionare! L&#8217;interfaccia web \u00e8 semplice da usare e il supporto \u00e8 stato fantastico.<br \/>\nCONTRO: una cosa che avremmo desiderato, sarebbe stata quella di stroncare i registri SQL in modalit\u00e0 &#8220;Full Recovery&#8221;<\/li>\n<li><strong><strong>&#8220;Solar Winds Backup prezzo ragionevole a backup sicuro&#8221;<br \/>\n<\/strong><\/strong>IN GENERALE: iniziato con il backup di Solarwinds e successivamente spostato in RMM. L&#8217;unica cosa che desidererei \u00e8 che fosse pi\u00f9 semplice passare dal backup di Solarwinds al backup di RMM. Se vuoi spostarti da uno all&#8217;altro, perdi i backup. quindi il tempismo \u00e8 cruciale.<br \/>\nPRO: una volta installato fa proprio il suo lavoro. Spesso passa diversi mesi senza problemi nel backup del sistema.<br \/>\nCONTRO: un po&#8217; difficile da imparare, ma \u00e8 comunque logico e il supporto \u00e8 buono.<\/li>\n<\/ul>\n<\/div>\n","protected":false},"excerpt":{"rendered":"<p>SolarWinds Backup \u00e8 un servizio di backup creato per proteggere i server, fisici e virtuali, workstation, documenti critici per le aziende e servizi di Office 365 Exchange. Si tratta di un&#8217;unica piattaforma basata sul web con storage su cloud privato incluso che permette il trasferimento rapido dei dati e la conservazione degli stessi.\u00a0<\/p>\n","protected":false},"author":17,"featured_media":18286,"parent":6671,"menu_order":0,"comment_status":"open","ping_status":"closed","template":"g1_template_page_review_new.php","meta":{"_acf_changed":false,"cwp_meta_box_check":"Yes","cwp_rev_product_name":"","cwp_rev_product_image":"","wppr_links":[],"cwp_rev_price":"","wppr_options":[],"wppr_pros":[],"wppr_cons":[],"_monsterinsights_skip_tracking":false,"_monsterinsights_sitenote_active":false,"_monsterinsights_sitenote_note":"","_monsterinsights_sitenote_category":0,"footnotes":""},"categories":[98],"tags":[752,396,1292,1291],"features":[],"class_list":{"0":"post-18285","1":"page","2":"type-page","3":"status-publish","4":"has-post-thumbnail","6":"category-backup","7":"tag-backup","8":"tag-cloud","9":"tag-conservazione-dati","10":"tag-ripristino-dati"},"wppr_data":{"cwp_meta_box_check":"Yes","cwp_rev_product_name":"","cwp_rev_product_image":"","cwp_image_link":"image","cwp_rev_price":"","wppr_rating":"0.00"},"acf":[],"yoast_head":"<!-- This site is optimized with the Yoast SEO plugin v27.4 - https:\/\/yoast.com\/product\/yoast-seo-wordpress\/ -->\n<title>SolarWinds Backup: recensione - Accurate Reviews<\/title>\n<meta name=\"description\" content=\"SolarWinds Backup \u00e8 un servizio di backup creato per proteggere i server, fisici e virtuali, workstation, documenti critici per le aziende e molto altro.\" \/>\n<meta name=\"robots\" content=\"index, follow, max-snippet:-1, max-image-preview:large, max-video-preview:-1\" \/>\n<link rel=\"canonical\" href=\"https:\/\/www.accuratereviews.com\/it\/backup-i-migliori-software-e-servizi-software-lista\/solarwinds-backup-recensione\/\" \/>\n<meta property=\"og:locale\" content=\"it_IT\" \/>\n<meta property=\"og:type\" content=\"article\" \/>\n<meta property=\"og:title\" content=\"SolarWinds Backup: recensione - Accurate Reviews\" \/>\n<meta property=\"og:description\" content=\"SolarWinds Backup \u00e8 un servizio di backup creato per proteggere i server, fisici e virtuali, workstation, documenti critici per le aziende e molto altro.\" \/>\n<meta property=\"og:url\" content=\"https:\/\/www.accuratereviews.com\/it\/backup-i-migliori-software-e-servizi-software-lista\/solarwinds-backup-recensione\/\" \/>\n<meta property=\"og:site_name\" content=\"Accurate Reviews\" \/>\n<meta property=\"article:modified_time\" content=\"2021-04-23T07:44:39+00:00\" \/>\n<meta property=\"og:image\" content=\"https:\/\/www.accuratereviews.com\/wp-content\/uploads\/2019\/09\/Unknown.png\" \/>\n\t<meta property=\"og:image:width\" content=\"300\" \/>\n\t<meta property=\"og:image:height\" content=\"168\" \/>\n\t<meta property=\"og:image:type\" content=\"image\/png\" \/>\n<meta name=\"twitter:card\" content=\"summary_large_image\" \/>\n<meta name=\"twitter:label1\" content=\"Tempo di lettura stimato\" \/>\n\t<meta name=\"twitter:data1\" content=\"3 minuti\" \/>\n<script type=\"application\/ld+json\" class=\"yoast-schema-graph\">{\"@context\":\"https:\\\/\\\/schema.org\",\"@graph\":[{\"@type\":\"WebPage\",\"@id\":\"https:\\\/\\\/www.accuratereviews.com\\\/it\\\/backup-i-migliori-software-e-servizi-software-lista\\\/solarwinds-backup-recensione\\\/\",\"url\":\"https:\\\/\\\/www.accuratereviews.com\\\/it\\\/backup-i-migliori-software-e-servizi-software-lista\\\/solarwinds-backup-recensione\\\/\",\"name\":\"SolarWinds Backup: recensione - Accurate Reviews\",\"isPartOf\":{\"@id\":\"https:\\\/\\\/www.accuratereviews.com\\\/it\\\/#website\"},\"primaryImageOfPage\":{\"@id\":\"https:\\\/\\\/www.accuratereviews.com\\\/it\\\/backup-i-migliori-software-e-servizi-software-lista\\\/solarwinds-backup-recensione\\\/#primaryimage\"},\"image\":{\"@id\":\"https:\\\/\\\/www.accuratereviews.com\\\/it\\\/backup-i-migliori-software-e-servizi-software-lista\\\/solarwinds-backup-recensione\\\/#primaryimage\"},\"thumbnailUrl\":\"https:\\\/\\\/www.accuratereviews.com\\\/wp-content\\\/uploads\\\/2019\\\/09\\\/Unknown.png\",\"datePublished\":\"2019-09-18T12:12:14+00:00\",\"dateModified\":\"2021-04-23T07:44:39+00:00\",\"description\":\"SolarWinds Backup \u00e8 un servizio di backup creato per proteggere i server, fisici e virtuali, workstation, documenti critici per le aziende e molto altro.\",\"breadcrumb\":{\"@id\":\"https:\\\/\\\/www.accuratereviews.com\\\/it\\\/backup-i-migliori-software-e-servizi-software-lista\\\/solarwinds-backup-recensione\\\/#breadcrumb\"},\"inLanguage\":\"it-IT\",\"potentialAction\":[{\"@type\":\"ReadAction\",\"target\":[\"https:\\\/\\\/www.accuratereviews.com\\\/it\\\/backup-i-migliori-software-e-servizi-software-lista\\\/solarwinds-backup-recensione\\\/\"]}]},{\"@type\":\"ImageObject\",\"inLanguage\":\"it-IT\",\"@id\":\"https:\\\/\\\/www.accuratereviews.com\\\/it\\\/backup-i-migliori-software-e-servizi-software-lista\\\/solarwinds-backup-recensione\\\/#primaryimage\",\"url\":\"https:\\\/\\\/www.accuratereviews.com\\\/wp-content\\\/uploads\\\/2019\\\/09\\\/Unknown.png\",\"contentUrl\":\"https:\\\/\\\/www.accuratereviews.com\\\/wp-content\\\/uploads\\\/2019\\\/09\\\/Unknown.png\",\"width\":300,\"height\":168},{\"@type\":\"BreadcrumbList\",\"@id\":\"https:\\\/\\\/www.accuratereviews.com\\\/it\\\/backup-i-migliori-software-e-servizi-software-lista\\\/solarwinds-backup-recensione\\\/#breadcrumb\",\"itemListElement\":[{\"@type\":\"ListItem\",\"position\":1,\"name\":\"Home\",\"item\":\"https:\\\/\\\/www.accuratereviews.com\\\/it\\\/\"},{\"@type\":\"ListItem\",\"position\":2,\"name\":\"Backup: i migliori software e servizi\",\"item\":\"https:\\\/\\\/www.accuratereviews.com\\\/it\\\/backup-i-migliori-software-e-servizi-software-lista\\\/\"},{\"@type\":\"ListItem\",\"position\":3,\"name\":\"SolarWinds Backup\"}]},{\"@type\":\"WebSite\",\"@id\":\"https:\\\/\\\/www.accuratereviews.com\\\/it\\\/#website\",\"url\":\"https:\\\/\\\/www.accuratereviews.com\\\/it\\\/\",\"name\":\"Accurate Reviews\",\"description\":\"\",\"potentialAction\":[{\"@type\":\"SearchAction\",\"target\":{\"@type\":\"EntryPoint\",\"urlTemplate\":\"https:\\\/\\\/www.accuratereviews.com\\\/it\\\/?s={search_term_string}\"},\"query-input\":{\"@type\":\"PropertyValueSpecification\",\"valueRequired\":true,\"valueName\":\"search_term_string\"}}],\"inLanguage\":\"it-IT\"}]}<\/script>\n<!-- \/ Yoast SEO plugin. -->","yoast_head_json":{"title":"SolarWinds Backup: recensione - Accurate Reviews","description":"SolarWinds Backup \u00e8 un servizio di backup creato per proteggere i server, fisici e virtuali, workstation, documenti critici per le aziende e molto altro.","robots":{"index":"index","follow":"follow","max-snippet":"max-snippet:-1","max-image-preview":"max-image-preview:large","max-video-preview":"max-video-preview:-1"},"canonical":"https:\/\/www.accuratereviews.com\/it\/backup-i-migliori-software-e-servizi-software-lista\/solarwinds-backup-recensione\/","og_locale":"it_IT","og_type":"article","og_title":"SolarWinds Backup: recensione - Accurate Reviews","og_description":"SolarWinds Backup \u00e8 un servizio di backup creato per proteggere i server, fisici e virtuali, workstation, documenti critici per le aziende e molto altro.","og_url":"https:\/\/www.accuratereviews.com\/it\/backup-i-migliori-software-e-servizi-software-lista\/solarwinds-backup-recensione\/","og_site_name":"Accurate Reviews","article_modified_time":"2021-04-23T07:44:39+00:00","og_image":[{"width":300,"height":168,"url":"https:\/\/www.accuratereviews.com\/wp-content\/uploads\/2019\/09\/Unknown.png","type":"image\/png"}],"twitter_card":"summary_large_image","twitter_misc":{"Tempo di lettura stimato":"3 minuti"},"schema":{"@context":"https:\/\/schema.org","@graph":[{"@type":"WebPage","@id":"https:\/\/www.accuratereviews.com\/it\/backup-i-migliori-software-e-servizi-software-lista\/solarwinds-backup-recensione\/","url":"https:\/\/www.accuratereviews.com\/it\/backup-i-migliori-software-e-servizi-software-lista\/solarwinds-backup-recensione\/","name":"SolarWinds Backup: recensione - Accurate Reviews","isPartOf":{"@id":"https:\/\/www.accuratereviews.com\/it\/#website"},"primaryImageOfPage":{"@id":"https:\/\/www.accuratereviews.com\/it\/backup-i-migliori-software-e-servizi-software-lista\/solarwinds-backup-recensione\/#primaryimage"},"image":{"@id":"https:\/\/www.accuratereviews.com\/it\/backup-i-migliori-software-e-servizi-software-lista\/solarwinds-backup-recensione\/#primaryimage"},"thumbnailUrl":"https:\/\/www.accuratereviews.com\/wp-content\/uploads\/2019\/09\/Unknown.png","datePublished":"2019-09-18T12:12:14+00:00","dateModified":"2021-04-23T07:44:39+00:00","description":"SolarWinds Backup \u00e8 un servizio di backup creato per proteggere i server, fisici e virtuali, workstation, documenti critici per le aziende e molto altro.","breadcrumb":{"@id":"https:\/\/www.accuratereviews.com\/it\/backup-i-migliori-software-e-servizi-software-lista\/solarwinds-backup-recensione\/#breadcrumb"},"inLanguage":"it-IT","potentialAction":[{"@type":"ReadAction","target":["https:\/\/www.accuratereviews.com\/it\/backup-i-migliori-software-e-servizi-software-lista\/solarwinds-backup-recensione\/"]}]},{"@type":"ImageObject","inLanguage":"it-IT","@id":"https:\/\/www.accuratereviews.com\/it\/backup-i-migliori-software-e-servizi-software-lista\/solarwinds-backup-recensione\/#primaryimage","url":"https:\/\/www.accuratereviews.com\/wp-content\/uploads\/2019\/09\/Unknown.png","contentUrl":"https:\/\/www.accuratereviews.com\/wp-content\/uploads\/2019\/09\/Unknown.png","width":300,"height":168},{"@type":"BreadcrumbList","@id":"https:\/\/www.accuratereviews.com\/it\/backup-i-migliori-software-e-servizi-software-lista\/solarwinds-backup-recensione\/#breadcrumb","itemListElement":[{"@type":"ListItem","position":1,"name":"Home","item":"https:\/\/www.accuratereviews.com\/it\/"},{"@type":"ListItem","position":2,"name":"Backup: i migliori software e servizi","item":"https:\/\/www.accuratereviews.com\/it\/backup-i-migliori-software-e-servizi-software-lista\/"},{"@type":"ListItem","position":3,"name":"SolarWinds Backup"}]},{"@type":"WebSite","@id":"https:\/\/www.accuratereviews.com\/it\/#website","url":"https:\/\/www.accuratereviews.com\/it\/","name":"Accurate Reviews","description":"","potentialAction":[{"@type":"SearchAction","target":{"@type":"EntryPoint","urlTemplate":"https:\/\/www.accuratereviews.com\/it\/?s={search_term_string}"},"query-input":{"@type":"PropertyValueSpecification","valueRequired":true,"valueName":"search_term_string"}}],"inLanguage":"it-IT"}]}},"_links":{"self":[{"href":"https:\/\/www.accuratereviews.com\/it\/wp-json\/wp\/v2\/pages\/18285","targetHints":{"allow":["GET"]}}],"collection":[{"href":"https:\/\/www.accuratereviews.com\/it\/wp-json\/wp\/v2\/pages"}],"about":[{"href":"https:\/\/www.accuratereviews.com\/it\/wp-json\/wp\/v2\/types\/page"}],"author":[{"embeddable":true,"href":"https:\/\/www.accuratereviews.com\/it\/wp-json\/wp\/v2\/users\/17"}],"replies":[{"embeddable":true,"href":"https:\/\/www.accuratereviews.com\/it\/wp-json\/wp\/v2\/comments?post=18285"}],"version-history":[{"count":6,"href":"https:\/\/www.accuratereviews.com\/it\/wp-json\/wp\/v2\/pages\/18285\/revisions"}],"predecessor-version":[{"id":40805,"href":"https:\/\/www.accuratereviews.com\/it\/wp-json\/wp\/v2\/pages\/18285\/revisions\/40805"}],"up":[{"embeddable":true,"href":"https:\/\/www.accuratereviews.com\/it\/wp-json\/wp\/v2\/pages\/6671"}],"wp:featuredmedia":[{"embeddable":true,"href":"https:\/\/www.accuratereviews.com\/it\/wp-json\/wp\/v2\/media\/18286"}],"wp:attachment":[{"href":"https:\/\/www.accuratereviews.com\/it\/wp-json\/wp\/v2\/media?parent=18285"}],"wp:term":[{"taxonomy":"category","embeddable":true,"href":"https:\/\/www.accuratereviews.com\/it\/wp-json\/wp\/v2\/categories?post=18285"},{"taxonomy":"post_tag","embeddable":true,"href":"https:\/\/www.accuratereviews.com\/it\/wp-json\/wp\/v2\/tags?post=18285"},{"taxonomy":"features","embeddable":true,"href":"https:\/\/www.accuratereviews.com\/it\/wp-json\/wp\/v2\/features?post=18285"}],"curies":[{"name":"wp","href":"https:\/\/api.w.org\/{rel}","templated":true}]}}