{"id":18290,"date":"2019-09-18T15:31:54","date_gmt":"2019-09-18T15:31:54","guid":{"rendered":"https:\/\/www.accuratereviews.com\/?page_id=18290"},"modified":"2021-04-23T07:44:54","modified_gmt":"2021-04-23T07:44:54","slug":"bitrix24-recensione","status":"publish","type":"page","link":"https:\/\/www.accuratereviews.com\/it\/backup-i-migliori-software-e-servizi-software-lista\/bitrix24-recensione\/","title":{"rendered":"Bitrix24"},"content":{"rendered":"<p><strong>Bitrix24<\/strong> \u00e8 un software che offre un <strong>servizio di backup<\/strong> che ti garantisce il pieno controllo dei dati, in modo tale da proteggerli e poterli trasferire in modo rapido e sicuro. La <strong>versione self-hosted<\/strong> ti permette l&#8217;accesso al codice sorgente, l&#8217;utilizzo di altri strumenti come l&#8217;helpdesk e l&#8217;e-learning e la possibilit\u00e0 di usufruire di opzioni di integrazione e personalizzazione. Si tratta di una soluzione che si rivolge principalmente alle<strong> piccole e medie imprese<\/strong>, ma anche a team che lavorano da remoto cos\u00ec da migliorare la comunicazione e la collaborazione tra i vari membri.<br \/>\n<strong>Britx24<\/strong> \u00e8 disponibile sia per la versione Web, per i principali sistemi operativi (<strong>Mac e Windows<\/strong>) che per la versione mobile, per i <strong>dispositivi iOS e Android<\/strong>.<\/p>\n<h2 class=\"bxst-image-banner-primary-description\">BRITX24 &#8211; TUTORIAL<\/h2>\n<div>Ecco un video introduttivo che ci mostrer\u00e0 come funziona questo servizio:<\/div>\n<div>\n<div id=\"fluid-wrapper-counter-1\" class=\"g1-fluid-wrapper \" style=\"width:686px;\"><div style=\"padding-bottom:56.268221574344%;\"><iframe loading=\"lazy\" title=\"Introduction To Bitrix24 Webinar\" width=\"686\" height=\"386\" src=\"https:\/\/www.youtube.com\/embed\/1Rj9jn5V7i4?feature=oembed&amp;wmode=transparent&amp;autohide=1&amp;autoplay=0&amp;disablekb=0&amp;fs=1&amp;loop=0&amp;enablejsapi=1&amp;rel=0&amp;controls=2&amp;showinfo=0&amp;wmode=transparent&amp;autohide=2&amp;autoplay=0&amp;disablekb=0&amp;fs=1&amp;loop=0&amp;enablejsapi=1&amp;rel=0&amp;controls=2&amp;showinfo=1\" frameborder=\"0\" allow=\"accelerometer; autoplay; clipboard-write; encrypted-media; gyroscope; picture-in-picture\" allowfullscreen><\/iframe><\/div><\/div>\n<h3>BRITX24 &#8211; CARATTERISTICHE<\/h3>\n<p>Diamo un&#8217;occhiata alle sue principali caratteristiche:<\/p>\n<ul>\n<li><strong>Strumenti che favoriscono la comunicazione<\/strong>: chat e video, calendari, social intranet, email, gestione documenti, gruppi di utenti e sistema HR<\/li>\n<li><strong>Strumenti che migliorano la gestione del lavoro<\/strong>: diagrammi di Gantt, bacheca Kanban, modelli di incarichi, project workgroup e molti altri<\/li>\n<li><strong>Strumenti per migliorare la gestione delle relazioni con i clienti (CRM)<\/strong>: gestione della pipeline, dei lead, dei preventivi e delle fatture, delle vendite, del catalogo prodotti, dei pagamenti online ecc.<\/li>\n<li><strong>Strumenti di supporto ai clienti<\/strong>: telefonia, email, social network, live chat e moduli di contatto<\/li>\n<li><strong>Strumenti peri siti web<\/strong>: hosting gratuito, nome di dominio gratuito, modelli di siti web, negozio online e Editor visuale block-based facile da usare.<\/li>\n<\/ul>\n<h3>LE RECENSIONI DEGLI UTENTI<\/h3>\n<ul>\n<li><strong>&#8220;Potente ma non cos\u00ec semplice da usare&#8221;<\/strong><br \/>\nIN GENERALE: permette una migliore organizzazione e ci consente di registrare e seguire tutti i lead.<br \/>\nPRO: Bitrix offre ottime funzioni, essenzialmente tutto ci\u00f2 di cui potresti aver bisogno da un CRM ed \u00e8 facile aggiornarlo. Ci aiuta a rimanere sincronizzati con il nostro team e tenere traccia di tutto ci\u00f2 che sta succedendo. Si integra con MailChimp e una serie di altre piattaforme che stiamo utilizzando, il che \u00e8 conveniente.<br \/>\nCONTRO: l&#8217;interfaccia utente richiede un po &#8216;di tempo per abituarsi e ci sono semplicemente molte funzioni. Il modulo di fatturazione \u00e8 scadente o non abbiamo ancora capito come configurarlo correttamente. Il modulo di gestione delle attivit\u00e0, sebbene nel complesso buono, \u00e8 piuttosto confuso quando si tratta di impostare attivit\u00e0 regolari\/ripetute.<\/li>\n<li><strong>&#8220;Il migliore CRM in crescita che non conoscevi&#8221;<br \/>\n<\/strong>IN GENERALE: proprio come il mio titolo, questo \u00e8 davvero il MIGLIORE CRM che non conoscevi !!!! Gratuito o a pagamento !!!<br \/>\nPRO: ha molto pi\u00f9 da offrire rispetto alla maggior parte dei CRM disponibili, in particolare pi\u00f9 di quelli a pagamento come Salesforce. Ottieni il monitoraggio della tua base di clienti, CPQ, intranet, gestione di progetti e attivit\u00e0 e altro ancora. La parte migliore \u00e8 che la maggior parte delle aziende pu\u00f2 utilizzare la versione gratuita per fare tutto. L&#8217;ho usato con la mia ultima attivit\u00e0 che avevo da 5 anni, in cui avevo 8 dipendenti, con 5 affiliate in altri paesi, e non ho mai avuto bisogno di passare alla versione a pagamento.<\/li>\n<li><strong>&#8220;Eccellente per i lavori di gruppo&#8221;<br \/>\n<\/strong>IN GENERALE: fa risparmiare tempo; \u00e8 uno strumento meraviglioso per organizzare la mia attivit\u00e0; consente una facile comunicazione tra team e creazione di compiti.<br \/>\nPRO: collaboriamo con Bitrix con il piano gratuito da alcuni anni. Il piano gratuito \u00e8 uno dei migliori sul mercato per le piccole imprese come la mia. Lavoriamo a turni ed \u00e8 importante comunicare facilmente tra tutto il nostro team. Bitrix ci ha fatto risparmiare un sacco di tempo e ha mantenuto tutto organizzato e privo di errori. \u00c8 molto completo per un piano gratuito. Lo adoro.<br \/>\nCONTRO: questo \u00e8 un piano gratuito, quindi ovviamente mancano alcune funzionalit\u00e0, tuttavia \u00e8 prevedibile. Penso che potrebbe essere pi\u00f9 facile da usare come amministratore.<\/li>\n<\/ul>\n<\/div>\n","protected":false},"excerpt":{"rendered":"<p>Bitrix24 \u00e8 un software che offre un servizio di backup che ti garantisce il pieno controllo dei dati, in modo tale da proteggerli e poterli trasferire in modo rapido e sicuro. La versione self-hosted ti permette l&#8217;accesso al codice sorgente, l&#8217;utilizzo di altri strumenti come l&#8217;helpdesk e l&#8217;e-learning e la possibilit\u00e0 di usufruire di opzioni di integrazione e personalizzazione.<\/p>\n","protected":false},"author":17,"featured_media":18306,"parent":6671,"menu_order":0,"comment_status":"open","ping_status":"closed","template":"g1_template_page_review_new.php","meta":{"_acf_changed":false,"cwp_meta_box_check":"Yes","cwp_rev_product_name":"","cwp_rev_product_image":"","wppr_links":[],"cwp_rev_price":"","wppr_options":[],"wppr_pros":[],"wppr_cons":[],"_monsterinsights_skip_tracking":false,"_monsterinsights_sitenote_active":false,"_monsterinsights_sitenote_note":"","_monsterinsights_sitenote_category":0,"footnotes":""},"categories":[98],"tags":[752,396,1300,1299],"features":[],"class_list":{"0":"post-18290","1":"page","2":"type-page","3":"status-publish","4":"has-post-thumbnail","6":"category-backup","7":"tag-backup","8":"tag-cloud","9":"tag-protezione-dati","10":"tag-recupero-dati"},"wppr_data":{"cwp_meta_box_check":"Yes","cwp_rev_product_name":"","cwp_rev_product_image":"","cwp_image_link":"image","cwp_rev_price":"","wppr_rating":"0.00"},"acf":[],"yoast_head":"<!-- This site is optimized with the Yoast SEO plugin v27.4 - https:\/\/yoast.com\/product\/yoast-seo-wordpress\/ -->\n<title>Bitrix24: recensione programma per backup - Accurate Reviews<\/title>\n<meta name=\"description\" content=\"Bitrix24: recensione del software che offre un servizio di backup che ti garantisce il pieno controllo dei dati, in modo tale da proteggerli.\" \/>\n<meta name=\"robots\" content=\"index, follow, max-snippet:-1, max-image-preview:large, max-video-preview:-1\" \/>\n<link rel=\"canonical\" href=\"https:\/\/www.accuratereviews.com\/it\/backup-i-migliori-software-e-servizi-software-lista\/bitrix24-recensione\/\" \/>\n<meta property=\"og:locale\" content=\"it_IT\" \/>\n<meta property=\"og:type\" content=\"article\" \/>\n<meta property=\"og:title\" content=\"Bitrix24: recensione programma per backup - Accurate Reviews\" \/>\n<meta property=\"og:description\" content=\"Bitrix24: recensione del software che offre un servizio di backup che ti garantisce il pieno controllo dei dati, in modo tale da proteggerli.\" \/>\n<meta property=\"og:url\" content=\"https:\/\/www.accuratereviews.com\/it\/backup-i-migliori-software-e-servizi-software-lista\/bitrix24-recensione\/\" \/>\n<meta property=\"og:site_name\" content=\"Accurate Reviews\" \/>\n<meta property=\"article:modified_time\" content=\"2021-04-23T07:44:54+00:00\" \/>\n<meta property=\"og:image\" content=\"https:\/\/www.accuratereviews.com\/wp-content\/uploads\/2019\/09\/427009-bitrix24-crm-logo.jpg\" \/>\n\t<meta property=\"og:image:width\" content=\"333\" \/>\n\t<meta property=\"og:image:height\" content=\"187\" \/>\n\t<meta property=\"og:image:type\" content=\"image\/jpeg\" \/>\n<meta name=\"twitter:card\" content=\"summary_large_image\" \/>\n<meta name=\"twitter:label1\" content=\"Tempo di lettura stimato\" \/>\n\t<meta name=\"twitter:data1\" content=\"3 minuti\" \/>\n<script type=\"application\/ld+json\" class=\"yoast-schema-graph\">{\"@context\":\"https:\\\/\\\/schema.org\",\"@graph\":[{\"@type\":\"WebPage\",\"@id\":\"https:\\\/\\\/www.accuratereviews.com\\\/it\\\/backup-i-migliori-software-e-servizi-software-lista\\\/bitrix24-recensione\\\/\",\"url\":\"https:\\\/\\\/www.accuratereviews.com\\\/it\\\/backup-i-migliori-software-e-servizi-software-lista\\\/bitrix24-recensione\\\/\",\"name\":\"Bitrix24: recensione programma per backup - Accurate Reviews\",\"isPartOf\":{\"@id\":\"https:\\\/\\\/www.accuratereviews.com\\\/it\\\/#website\"},\"primaryImageOfPage\":{\"@id\":\"https:\\\/\\\/www.accuratereviews.com\\\/it\\\/backup-i-migliori-software-e-servizi-software-lista\\\/bitrix24-recensione\\\/#primaryimage\"},\"image\":{\"@id\":\"https:\\\/\\\/www.accuratereviews.com\\\/it\\\/backup-i-migliori-software-e-servizi-software-lista\\\/bitrix24-recensione\\\/#primaryimage\"},\"thumbnailUrl\":\"https:\\\/\\\/www.accuratereviews.com\\\/wp-content\\\/uploads\\\/2019\\\/09\\\/427009-bitrix24-crm-logo.jpg\",\"datePublished\":\"2019-09-18T15:31:54+00:00\",\"dateModified\":\"2021-04-23T07:44:54+00:00\",\"description\":\"Bitrix24: recensione del software che offre un servizio di backup che ti garantisce il pieno controllo dei dati, in modo tale da proteggerli.\",\"breadcrumb\":{\"@id\":\"https:\\\/\\\/www.accuratereviews.com\\\/it\\\/backup-i-migliori-software-e-servizi-software-lista\\\/bitrix24-recensione\\\/#breadcrumb\"},\"inLanguage\":\"it-IT\",\"potentialAction\":[{\"@type\":\"ReadAction\",\"target\":[\"https:\\\/\\\/www.accuratereviews.com\\\/it\\\/backup-i-migliori-software-e-servizi-software-lista\\\/bitrix24-recensione\\\/\"]}]},{\"@type\":\"ImageObject\",\"inLanguage\":\"it-IT\",\"@id\":\"https:\\\/\\\/www.accuratereviews.com\\\/it\\\/backup-i-migliori-software-e-servizi-software-lista\\\/bitrix24-recensione\\\/#primaryimage\",\"url\":\"https:\\\/\\\/www.accuratereviews.com\\\/wp-content\\\/uploads\\\/2019\\\/09\\\/427009-bitrix24-crm-logo.jpg\",\"contentUrl\":\"https:\\\/\\\/www.accuratereviews.com\\\/wp-content\\\/uploads\\\/2019\\\/09\\\/427009-bitrix24-crm-logo.jpg\",\"width\":333,\"height\":187},{\"@type\":\"BreadcrumbList\",\"@id\":\"https:\\\/\\\/www.accuratereviews.com\\\/it\\\/backup-i-migliori-software-e-servizi-software-lista\\\/bitrix24-recensione\\\/#breadcrumb\",\"itemListElement\":[{\"@type\":\"ListItem\",\"position\":1,\"name\":\"Home\",\"item\":\"https:\\\/\\\/www.accuratereviews.com\\\/it\\\/\"},{\"@type\":\"ListItem\",\"position\":2,\"name\":\"Backup: i migliori software e servizi\",\"item\":\"https:\\\/\\\/www.accuratereviews.com\\\/it\\\/backup-i-migliori-software-e-servizi-software-lista\\\/\"},{\"@type\":\"ListItem\",\"position\":3,\"name\":\"Bitrix24\"}]},{\"@type\":\"WebSite\",\"@id\":\"https:\\\/\\\/www.accuratereviews.com\\\/it\\\/#website\",\"url\":\"https:\\\/\\\/www.accuratereviews.com\\\/it\\\/\",\"name\":\"Accurate Reviews\",\"description\":\"\",\"potentialAction\":[{\"@type\":\"SearchAction\",\"target\":{\"@type\":\"EntryPoint\",\"urlTemplate\":\"https:\\\/\\\/www.accuratereviews.com\\\/it\\\/?s={search_term_string}\"},\"query-input\":{\"@type\":\"PropertyValueSpecification\",\"valueRequired\":true,\"valueName\":\"search_term_string\"}}],\"inLanguage\":\"it-IT\"}]}<\/script>\n<!-- \/ Yoast SEO plugin. -->","yoast_head_json":{"title":"Bitrix24: recensione programma per backup - Accurate Reviews","description":"Bitrix24: recensione del software che offre un servizio di backup che ti garantisce il pieno controllo dei dati, in modo tale da proteggerli.","robots":{"index":"index","follow":"follow","max-snippet":"max-snippet:-1","max-image-preview":"max-image-preview:large","max-video-preview":"max-video-preview:-1"},"canonical":"https:\/\/www.accuratereviews.com\/it\/backup-i-migliori-software-e-servizi-software-lista\/bitrix24-recensione\/","og_locale":"it_IT","og_type":"article","og_title":"Bitrix24: recensione programma per backup - Accurate Reviews","og_description":"Bitrix24: recensione del software che offre un servizio di backup che ti garantisce il pieno controllo dei dati, in modo tale da proteggerli.","og_url":"https:\/\/www.accuratereviews.com\/it\/backup-i-migliori-software-e-servizi-software-lista\/bitrix24-recensione\/","og_site_name":"Accurate Reviews","article_modified_time":"2021-04-23T07:44:54+00:00","og_image":[{"width":333,"height":187,"url":"https:\/\/www.accuratereviews.com\/wp-content\/uploads\/2019\/09\/427009-bitrix24-crm-logo.jpg","type":"image\/jpeg"}],"twitter_card":"summary_large_image","twitter_misc":{"Tempo di lettura stimato":"3 minuti"},"schema":{"@context":"https:\/\/schema.org","@graph":[{"@type":"WebPage","@id":"https:\/\/www.accuratereviews.com\/it\/backup-i-migliori-software-e-servizi-software-lista\/bitrix24-recensione\/","url":"https:\/\/www.accuratereviews.com\/it\/backup-i-migliori-software-e-servizi-software-lista\/bitrix24-recensione\/","name":"Bitrix24: recensione programma per backup - Accurate Reviews","isPartOf":{"@id":"https:\/\/www.accuratereviews.com\/it\/#website"},"primaryImageOfPage":{"@id":"https:\/\/www.accuratereviews.com\/it\/backup-i-migliori-software-e-servizi-software-lista\/bitrix24-recensione\/#primaryimage"},"image":{"@id":"https:\/\/www.accuratereviews.com\/it\/backup-i-migliori-software-e-servizi-software-lista\/bitrix24-recensione\/#primaryimage"},"thumbnailUrl":"https:\/\/www.accuratereviews.com\/wp-content\/uploads\/2019\/09\/427009-bitrix24-crm-logo.jpg","datePublished":"2019-09-18T15:31:54+00:00","dateModified":"2021-04-23T07:44:54+00:00","description":"Bitrix24: recensione del software che offre un servizio di backup che ti garantisce il pieno controllo dei dati, in modo tale da proteggerli.","breadcrumb":{"@id":"https:\/\/www.accuratereviews.com\/it\/backup-i-migliori-software-e-servizi-software-lista\/bitrix24-recensione\/#breadcrumb"},"inLanguage":"it-IT","potentialAction":[{"@type":"ReadAction","target":["https:\/\/www.accuratereviews.com\/it\/backup-i-migliori-software-e-servizi-software-lista\/bitrix24-recensione\/"]}]},{"@type":"ImageObject","inLanguage":"it-IT","@id":"https:\/\/www.accuratereviews.com\/it\/backup-i-migliori-software-e-servizi-software-lista\/bitrix24-recensione\/#primaryimage","url":"https:\/\/www.accuratereviews.com\/wp-content\/uploads\/2019\/09\/427009-bitrix24-crm-logo.jpg","contentUrl":"https:\/\/www.accuratereviews.com\/wp-content\/uploads\/2019\/09\/427009-bitrix24-crm-logo.jpg","width":333,"height":187},{"@type":"BreadcrumbList","@id":"https:\/\/www.accuratereviews.com\/it\/backup-i-migliori-software-e-servizi-software-lista\/bitrix24-recensione\/#breadcrumb","itemListElement":[{"@type":"ListItem","position":1,"name":"Home","item":"https:\/\/www.accuratereviews.com\/it\/"},{"@type":"ListItem","position":2,"name":"Backup: i migliori software e servizi","item":"https:\/\/www.accuratereviews.com\/it\/backup-i-migliori-software-e-servizi-software-lista\/"},{"@type":"ListItem","position":3,"name":"Bitrix24"}]},{"@type":"WebSite","@id":"https:\/\/www.accuratereviews.com\/it\/#website","url":"https:\/\/www.accuratereviews.com\/it\/","name":"Accurate Reviews","description":"","potentialAction":[{"@type":"SearchAction","target":{"@type":"EntryPoint","urlTemplate":"https:\/\/www.accuratereviews.com\/it\/?s={search_term_string}"},"query-input":{"@type":"PropertyValueSpecification","valueRequired":true,"valueName":"search_term_string"}}],"inLanguage":"it-IT"}]}},"_links":{"self":[{"href":"https:\/\/www.accuratereviews.com\/it\/wp-json\/wp\/v2\/pages\/18290","targetHints":{"allow":["GET"]}}],"collection":[{"href":"https:\/\/www.accuratereviews.com\/it\/wp-json\/wp\/v2\/pages"}],"about":[{"href":"https:\/\/www.accuratereviews.com\/it\/wp-json\/wp\/v2\/types\/page"}],"author":[{"embeddable":true,"href":"https:\/\/www.accuratereviews.com\/it\/wp-json\/wp\/v2\/users\/17"}],"replies":[{"embeddable":true,"href":"https:\/\/www.accuratereviews.com\/it\/wp-json\/wp\/v2\/comments?post=18290"}],"version-history":[{"count":10,"href":"https:\/\/www.accuratereviews.com\/it\/wp-json\/wp\/v2\/pages\/18290\/revisions"}],"predecessor-version":[{"id":40806,"href":"https:\/\/www.accuratereviews.com\/it\/wp-json\/wp\/v2\/pages\/18290\/revisions\/40806"}],"up":[{"embeddable":true,"href":"https:\/\/www.accuratereviews.com\/it\/wp-json\/wp\/v2\/pages\/6671"}],"wp:featuredmedia":[{"embeddable":true,"href":"https:\/\/www.accuratereviews.com\/it\/wp-json\/wp\/v2\/media\/18306"}],"wp:attachment":[{"href":"https:\/\/www.accuratereviews.com\/it\/wp-json\/wp\/v2\/media?parent=18290"}],"wp:term":[{"taxonomy":"category","embeddable":true,"href":"https:\/\/www.accuratereviews.com\/it\/wp-json\/wp\/v2\/categories?post=18290"},{"taxonomy":"post_tag","embeddable":true,"href":"https:\/\/www.accuratereviews.com\/it\/wp-json\/wp\/v2\/tags?post=18290"},{"taxonomy":"features","embeddable":true,"href":"https:\/\/www.accuratereviews.com\/it\/wp-json\/wp\/v2\/features?post=18290"}],"curies":[{"name":"wp","href":"https:\/\/api.w.org\/{rel}","templated":true}]}}