{"id":18292,"date":"2019-09-18T12:10:41","date_gmt":"2019-09-18T12:10:41","guid":{"rendered":"https:\/\/www.accuratereviews.com\/?page_id=18292"},"modified":"2021-01-26T09:46:36","modified_gmt":"2021-01-26T09:46:36","slug":"dropbox-business-recensione","status":"publish","type":"page","link":"https:\/\/www.accuratereviews.com\/it\/backup-i-migliori-software-e-servizi-software-lista\/dropbox-business-recensione\/","title":{"rendered":"Dropbox Business"},"content":{"rendered":"<p><strong>Dropbox Business<\/strong> \u00e8 un pacchetto di <strong>condivisione di file<\/strong> offerto da Dropbox, che \u00e8 rivolto specificamente alle aziende e alle imprese.\u00a0Come client, puoi utilizzare l&#8217;app per condividere in sicurezza i tuoi file, sincronizzarli facilmente e collaborare con i tuoi colleghi. Dropbox Business ti offre molto spazio per <strong>archiviare i tuoi file, sofisticate funzionalit\u00e0 di sicurezza e supporto live dedicato<\/strong>. \u00c8 possibile mantenere il pieno controllo sull&#8217;attivit\u00e0 dell&#8217;utente e sulle informazioni dell&#8217;azienda, in particolare perch\u00e9 il prodotto \u00e8 ben integrato e funziona senza problemi con una variet\u00e0 di sistemi. Oltre 150.000 aziende utilizzano Dropbox Business, inclusi i marchi importanti come Yahoo, Macmillan, Hyatt, News Corp e National Geographic. Vale anche la pena menzionare la cronologia illimitata delle versioni dei file, in cui anche le versioni pi\u00f9 complesse possono essere ripristinate con pochi clic, ma sono comunque protette con collegamenti password per assicurarsi che sia una persona autorizzata ad accedervi \/ modificarle. L&#8217;impostazione di password e autorizzazioni \u00e8 un&#8217;opzione per tutti i file Dropbox. Per quelli di voi che desiderano proteggere ancora di pi\u00f9 i propri dati, il sistema fornisce un ulteriore livello di sicurezza come un collegamento in scadenza che rende l&#8217;accesso ai file solo temporaneo. L&#8217;amministratore ha il pieno controllo dell&#8217;appartenenza, l&#8217;impostazione delle autorizzazioni, l&#8217;ispezione dei dispositivi collegati e l&#8217;auditing delle attivit\u00e0 di condivisione. La funzione di cancellazione remota consente di proteggere i file anche in caso di furto del dispositivo, in quanto \u00e8 possibile eliminarli e impedire che vengano visualizzati su quel dispositivo. Avrai accesso a un&#8217;assistenza clienti affidabile e sarai supportato da un team esperto che ha una risposta per ogni domanda.<\/p>\n<h2>DROPBOX BUSINESS &#8211; TUTORIAL<\/h2>\n<p>Scopri, con questo tutorial, come utilizzare le cartelle condivise per collaborare con colleghi e clienti su questo programma.<\/p>\n<div id=\"fluid-wrapper-counter-1\" class=\"g1-fluid-wrapper \" style=\"width:686px;\">\n<div style=\"padding-bottom:56.268221574344%;\"><iframe loading=\"lazy\" title=\"Dropbox Business Tutorial: Shared Folders\" width=\"686\" height=\"386\" src=\"https:\/\/www.youtube.com\/embed\/Vmw7k33KOCY?feature=oembed&amp;wmode=transparent&amp;autohide=1&amp;autoplay=0&amp;disablekb=0&amp;fs=1&amp;loop=0&amp;enablejsapi=1&amp;rel=0&amp;controls=2&amp;showinfo=0&amp;wmode=transparent&amp;autohide=2&amp;autoplay=0&amp;disablekb=0&amp;fs=1&amp;loop=0&amp;enablejsapi=1&amp;rel=0&amp;controls=2&amp;showinfo=1\" frameborder=\"0\" allow=\"accelerometer; autoplay; encrypted-media; gyroscope; picture-in-picture\" allowfullscreen><\/iframe><\/div>\n<\/div>\n<h3>DROPBOX BUSINESS &#8211; CARATTERISTICHE<\/h3>\n<div class=\"c15-tri-blocks-plank\">\n<div class=\"c15-tri-blocks-plank__wrapper\">\n<div class=\"c15-tri-blocks-plank__container plank plank--fused\">\n<div class=\"c15-tri-blocks-plank__addon c15-tri-blocks-plank__addon--none\">\n<ul>\n<li class=\"a17-content-block__container\"><strong>Piani di archiviazione flessibili:<\/strong> scegli il piano giusto per garantire ai membri del tuo team tutto lo spazio di cui hanno bisogno per le attivit\u00e0 di lavoro<\/li>\n<li class=\"a17-content-block__container\"><strong>Ripristino dei file e cronologia delle versioni<\/strong>: ripristina facilmente i file eliminati e recupera le versioni precedenti di un file<\/li>\n<li class=\"a17-content-block__container\"><strong>Gestione delle cartelle del team:<\/strong> ottieni visibilit\u00e0 e controllo sulle cartelle del team, compresa la gestione della sincronizzazione<\/li>\n<li class=\"a17-content-block__container\"><strong>Autorizzazioni per i link<\/strong>: proteggi con password i tuoi link, disattiva i download o imposta date di scadenza per concedere l&#8217;accesso temporaneo<\/li>\n<li class=\"a17-content-block__container\"><strong>Dropbox Paper:<\/strong> creare, condividere e tenere sincronizzato il team e proteggere l&#8217;azienda con controlli amministrativi<\/li>\n<li class=\"a17-content-block__container\"><strong>Sincronizzazione intelligente:<\/strong> accedi a ogni file su Dropbox, direttamente dal desktop, utilizzando pochissimo spazio su disco<\/li>\n<li class=\"a17-content-block__container\"><strong>Dashboard amministratore<\/strong>: monitora l&#8217;attivit\u00e0 del team, visualizza i dispositivi collegati e controlla l&#8217;attivit\u00e0 di condivisione<\/li>\n<li class=\"a17-content-block__container\"><strong>Strumento di trasferimento dell&#8217;account:<\/strong> trasferisci facilmente i file da un utente all&#8217;altro, quando le responsabilit\u00e0 cambiano<\/li>\n<li class=\"a17-content-block__container\"><strong>Dropbox Showcase:<\/strong> presenta il lavoro in una pagina dall&#8217;aspetto professionale e tieni traccia di chi interagisce con i tuoi file<\/li>\n<li class=\"a17-content-block__container\"><strong>Supporto in tempo reale:<\/strong> ottieni rapidamente risposte alle tue domande con l&#8217;assistenza prioritaria via email, chat e telefonica.<\/li>\n<\/ul>\n<h4>LE RECENSIONI DEGLI UTENTI<\/h4>\n<h4>David Y. &#8220;La soluzione perfetta per l&#8217;archiviazione dei file&#8221;<\/h4>\n<p><strong>Commenti<\/strong>: La mia esperienza complessiva con Dropbox Business \u00e8 stata fantastica. Ha reso la nostra azienda produttiva e abbiamo impiegato meno tempo a cercare file e cartelle (la funzionalit\u00e0 di ricerca di Dropbox \u00e8 molto utile). Posso anche stampare file direttamente dal mio iPhone usando l&#8217;app della mia stampante, che pu\u00f2 essere facilmente sincronizzata con il mio account Dropbox. Poich\u00e9 i nostri computer e laptop si trovano in stanze separate, questa funzionalit\u00e0 \u00e8 perfetta per stampare file Dropbox quando non sono fisicamente di fronte al computer. Inoltre, con l&#8217;app Dropbox, posso facilmente trovare, allegare e inviare qualsiasi file nel mio account tramite email.<\/p>\n<p><strong>Vantaggi<\/strong>: Dropbox \u00e8 davvero la soluzione perfetta per l&#8217;archiviazione dei file. Ci\u00f2 che separa l&#8217;abbonamento individuale di Dropbox (Basic) dall&#8217;abbonamento aziendale \u00e8 la possibilit\u00e0 di assegnare a pi\u00f9 utenti indirizzi email univoci. Le opzioni Standard e Avanzate sono entrambe fornite con 3 licenze utente. La condivisione avviene a livello di amministratore e gli amministratori possono condividere file con altri utenti Dropbox (inclusi utenti Basic e Plus). Questo \u00e8 uno dei grandi vantaggi dell&#8217;utilizzo di Dropbox. La mia caratteristica preferita, tuttavia, \u00e8 la semplicit\u00e0 di Dropbox. \u00c8 facile creare directory di livello superiore e quindi aggiungere sottodirectory. Ad esempio, le nostre cartelle di livello superiore sono Contratti, File artistici, Manoscritti, Pianificazioni. All&#8217;interno della nostra cartella Manoscritti sono presenti sottocartelle (ad esempio, Antologie, Narrativa, Saggistica). Puoi personalizzare o creare tutte le cartelle di file necessarie, ma spero che questo ti dia qualche esempio delle opzioni disponibili. \u00c8 anche molto facile rinominare, eliminare e spostare i file. Un&#8217;altra grande caratteristica \u00e8 che i file eliminati sono ancora accessibili per 30 giorni. Sempre valido nel caso in cui un file venga cancellato involontariamente.\u00a0Gli amministratori possono anche sincronizzare Dropbox con i loro laptop per una facile ricerca e navigazione dei file.<\/p>\n<p><strong>Inconvenienti<\/strong>: Non c&#8217;\u00e8 davvero nulla che non mi piace dell&#8217;uso di DropBox Business. La dimensione di archiviazione di 3 TB supera di gran lunga ci\u00f2 di cui abbiamo attualmente bisogno, ma non \u00e8 una cosa negativa. Il prezzo \u00e8 competitivo. La home page del tuo account mostrer\u00e0 i file recenti, il che \u00e8 fantastico se stai lavorando sullo stesso file per un periodo di giorni o settimane. Semplicemente non riesco a pensare a un singolo aspetto negativo di questa soluzione di archiviazione.<\/p>\n<h4>Edward S. &#8221; Dropbox Business recensione&#8221;<\/h4>\n<p><strong>Commenti<\/strong>: La nostra azienda ha risolto il grande problema di non essere in grado di salvare quantit\u00e0 di informazioni, file o transazioni, perch\u00e9 non avevamo un posto sicuro dove archiviare questi importanti documenti. Grazie a questo software, tutti questi problemi sono stati risolti, ora questi documenti non vengono persi, vengono automaticamente salvati nel cloud e con pochi clic, abbiamo accesso a tutti loro, il che facilita il nostro lavoro e ci permette di terminare i lavori incompleti nelle nostre case, potremmo inviarli sul cloud, scaricareli a casa nostra, terminali e ricaricarli direttamente, aumentando esponenzialmente la produttivit\u00e0 dell&#8217;azienda.<\/p>\n<p><strong>Vantaggi<\/strong>: Dropbox \u00e8 molto facile da usare, bastano pochi minuti per registrarsi e una volta fatto, \u00e8 possibile salvare qualsiasi quantit\u00e0 di informazioni desiderate nel cloud, documenti importanti, foto, file, transazioni, svuotare il computer o il telefono cellulare per non rallentarli. o saturateli con le informazioni e non perderete alcun file a causa di danni o furti del computer, poich\u00e9 la sincronizzazione con il dispositivo o il computer salver\u00e0 automatica.<\/p>\n<p><strong>Inconvenienti<\/strong>: lo svantaggio \u00e8 lo spazio limitato disponibile per il cloud, poich\u00e9 pu\u00f2 salvare un gran numero di file, ma arriva un momento in cui raggiunge questo limite e devi pagare una tariffa speciale per aggiungere pi\u00f9 memoria al cloud, che considero molto alto. Inoltre le cartelle non possono essere personalizzate, quindi non puoi specificare bene il contenuto di \u00a0ciascuna, spero che in futuro gli aggiornamenti correggeranno questo piccolo dettaglio , ma in generale \u00e8 un software eccellente.<\/p>\n<h4>Jonathan H. &#8220;Mantiene i nostri documenti sicuri, protetti e di facile accesso&#8221;<\/h4>\n<p><strong>Commenti<\/strong>: Utilizziamo Dropbox Business nel nostro ufficio per conservare i nostri record in un unico posto per il nostro team. \u00c8 particolarmente utile perch\u00e9 abbiamo alcuni file condivisi in tutta l&#8217;azienda e quindi abbiamo anche alcuni file utilizzati solo per il mio team. \u00c8 molto semplice creare un file, caricare un documento e condividerlo con altre persone. \u00c8 anche molto pi\u00f9 sicuro rispetto ad altre piattaforme in termini di tenuta del registro delle informazioni riservate.<\/p>\n<p><strong>Vantaggi:<\/strong> Adoro il fatto che sia facile creare una cartella e condividerla con molte persone contemporaneamente. \u00c8 anche bello avere questa impostazione sul mio computer nei miei file di accesso rapido, quindi posso semplicemente trascinare e rilasciare i documenti salvati e scaricarli in un file Dropbox. La mia azienda ha sempre usato Dropbox e avere l&#8217;account aziendale ci d\u00e0 abbastanza spazio in modo da poter conservare tutti i nostri record in un posto sicuro.<\/p>\n<p><strong>Inconvenienti<\/strong>: non \u00e8 cos\u00ec complesso e non offre le funzionalit\u00e0 di Google Drive o altre piattaforme di archiviazione cloud, ma \u00e8 semplice e fa il suo lavoro.<\/p>\n<h3 class=\"h5 font-italic flex-grow-1\"><\/h3>\n<\/div>\n<\/div>\n<\/div>\n<\/div>\n<div class=\"c01-section-heading-plank\"><\/div>\n","protected":false},"excerpt":{"rendered":"<p>Dropbox Business \u00e8 un pacchetto di condivisione di file offerto da Dropbox, che \u00e8 rivolto specificamente alle aziende e alle imprese.\u00a0Come client, puoi utilizzare l&#8217;app per condividere in sicurezza i tuoi file, sincronizzarli facilmente e collaborare con i tuoi colleghi. Dropbox Business ti offre molto spazio per archiviare i tuoi file, sofisticate funzionalit\u00e0 di sicurezza e supporto live dedicato.<\/p>\n","protected":false},"author":19,"featured_media":18296,"parent":6671,"menu_order":0,"comment_status":"open","ping_status":"closed","template":"g1_template_page_review_new.php","meta":{"_acf_changed":false,"cwp_meta_box_check":"Yes","cwp_rev_product_name":"","cwp_rev_product_image":"","wppr_links":[],"cwp_rev_price":"","wppr_options":[],"wppr_pros":[],"wppr_cons":[],"_monsterinsights_skip_tracking":false,"_monsterinsights_sitenote_active":false,"_monsterinsights_sitenote_note":"","_monsterinsights_sitenote_category":0,"footnotes":""},"categories":[98],"tags":[1294,752,1293,1295,764,772,771,921],"features":[],"class_list":{"0":"post-18292","1":"page","2":"type-page","3":"status-publish","4":"has-post-thumbnail","6":"category-backup","7":"tag-archiviazione-dati","8":"tag-backup","9":"tag-condivisione-file","10":"tag-dropbox-business","11":"tag-programma-backup","12":"tag-programma-backup-online","13":"tag-software-backup-online","14":"tag-software-basato-su-cloud"},"wppr_data":{"cwp_meta_box_check":"Yes","cwp_rev_product_name":"","cwp_rev_product_image":"","cwp_image_link":"image","cwp_rev_price":"","wppr_rating":"0.00"},"acf":[],"yoast_head":"<!-- This site is optimized with the Yoast SEO plugin v27.4 - https:\/\/yoast.com\/product\/yoast-seo-wordpress\/ -->\n<title>Dropbox Business: recensione software Backup - Accurate Reviews<\/title>\n<meta name=\"description\" content=\"Dropbox Business: recensione programma di condivisione di file offerto da Dropbox, che \u00e8 rivolto specificamente alle aziende e alle imprese.\u00a0\" \/>\n<meta name=\"robots\" content=\"index, follow, max-snippet:-1, max-image-preview:large, max-video-preview:-1\" \/>\n<link rel=\"canonical\" href=\"https:\/\/www.accuratereviews.com\/it\/backup-i-migliori-software-e-servizi-software-lista\/dropbox-business-recensione\/\" \/>\n<meta property=\"og:locale\" content=\"it_IT\" \/>\n<meta property=\"og:type\" content=\"article\" \/>\n<meta property=\"og:title\" content=\"Dropbox Business: recensione software Backup - Accurate Reviews\" \/>\n<meta property=\"og:description\" content=\"Dropbox Business: recensione programma di condivisione di file offerto da Dropbox, che \u00e8 rivolto specificamente alle aziende e alle imprese.\u00a0\" \/>\n<meta property=\"og:url\" content=\"https:\/\/www.accuratereviews.com\/it\/backup-i-migliori-software-e-servizi-software-lista\/dropbox-business-recensione\/\" \/>\n<meta property=\"og:site_name\" content=\"Accurate Reviews\" \/>\n<meta property=\"article:modified_time\" content=\"2021-01-26T09:46:36+00:00\" \/>\n<meta property=\"og:image\" content=\"https:\/\/www.accuratereviews.com\/wp-content\/uploads\/2019\/09\/business-logo.jpg\" \/>\n\t<meta property=\"og:image:width\" content=\"810\" \/>\n\t<meta property=\"og:image:height\" content=\"456\" \/>\n\t<meta property=\"og:image:type\" content=\"image\/jpeg\" \/>\n<meta name=\"twitter:card\" content=\"summary_large_image\" \/>\n<meta name=\"twitter:label1\" content=\"Tempo di lettura stimato\" \/>\n\t<meta name=\"twitter:data1\" content=\"6 minuti\" \/>\n<script type=\"application\/ld+json\" class=\"yoast-schema-graph\">{\"@context\":\"https:\\\/\\\/schema.org\",\"@graph\":[{\"@type\":\"WebPage\",\"@id\":\"https:\\\/\\\/www.accuratereviews.com\\\/it\\\/backup-i-migliori-software-e-servizi-software-lista\\\/dropbox-business-recensione\\\/\",\"url\":\"https:\\\/\\\/www.accuratereviews.com\\\/it\\\/backup-i-migliori-software-e-servizi-software-lista\\\/dropbox-business-recensione\\\/\",\"name\":\"Dropbox Business: recensione software Backup - Accurate Reviews\",\"isPartOf\":{\"@id\":\"https:\\\/\\\/www.accuratereviews.com\\\/it\\\/#website\"},\"primaryImageOfPage\":{\"@id\":\"https:\\\/\\\/www.accuratereviews.com\\\/it\\\/backup-i-migliori-software-e-servizi-software-lista\\\/dropbox-business-recensione\\\/#primaryimage\"},\"image\":{\"@id\":\"https:\\\/\\\/www.accuratereviews.com\\\/it\\\/backup-i-migliori-software-e-servizi-software-lista\\\/dropbox-business-recensione\\\/#primaryimage\"},\"thumbnailUrl\":\"https:\\\/\\\/www.accuratereviews.com\\\/wp-content\\\/uploads\\\/2019\\\/09\\\/business-logo.jpg\",\"datePublished\":\"2019-09-18T12:10:41+00:00\",\"dateModified\":\"2021-01-26T09:46:36+00:00\",\"description\":\"Dropbox Business: recensione programma di condivisione di file offerto da Dropbox, che \u00e8 rivolto specificamente alle aziende e alle imprese.\u00a0\",\"breadcrumb\":{\"@id\":\"https:\\\/\\\/www.accuratereviews.com\\\/it\\\/backup-i-migliori-software-e-servizi-software-lista\\\/dropbox-business-recensione\\\/#breadcrumb\"},\"inLanguage\":\"it-IT\",\"potentialAction\":[{\"@type\":\"ReadAction\",\"target\":[\"https:\\\/\\\/www.accuratereviews.com\\\/it\\\/backup-i-migliori-software-e-servizi-software-lista\\\/dropbox-business-recensione\\\/\"]}]},{\"@type\":\"ImageObject\",\"inLanguage\":\"it-IT\",\"@id\":\"https:\\\/\\\/www.accuratereviews.com\\\/it\\\/backup-i-migliori-software-e-servizi-software-lista\\\/dropbox-business-recensione\\\/#primaryimage\",\"url\":\"https:\\\/\\\/www.accuratereviews.com\\\/wp-content\\\/uploads\\\/2019\\\/09\\\/business-logo.jpg\",\"contentUrl\":\"https:\\\/\\\/www.accuratereviews.com\\\/wp-content\\\/uploads\\\/2019\\\/09\\\/business-logo.jpg\",\"width\":810,\"height\":456},{\"@type\":\"BreadcrumbList\",\"@id\":\"https:\\\/\\\/www.accuratereviews.com\\\/it\\\/backup-i-migliori-software-e-servizi-software-lista\\\/dropbox-business-recensione\\\/#breadcrumb\",\"itemListElement\":[{\"@type\":\"ListItem\",\"position\":1,\"name\":\"Home\",\"item\":\"https:\\\/\\\/www.accuratereviews.com\\\/it\\\/\"},{\"@type\":\"ListItem\",\"position\":2,\"name\":\"Backup: i migliori software e servizi\",\"item\":\"https:\\\/\\\/www.accuratereviews.com\\\/it\\\/backup-i-migliori-software-e-servizi-software-lista\\\/\"},{\"@type\":\"ListItem\",\"position\":3,\"name\":\"Dropbox Business\"}]},{\"@type\":\"WebSite\",\"@id\":\"https:\\\/\\\/www.accuratereviews.com\\\/it\\\/#website\",\"url\":\"https:\\\/\\\/www.accuratereviews.com\\\/it\\\/\",\"name\":\"Accurate Reviews\",\"description\":\"\",\"potentialAction\":[{\"@type\":\"SearchAction\",\"target\":{\"@type\":\"EntryPoint\",\"urlTemplate\":\"https:\\\/\\\/www.accuratereviews.com\\\/it\\\/?s={search_term_string}\"},\"query-input\":{\"@type\":\"PropertyValueSpecification\",\"valueRequired\":true,\"valueName\":\"search_term_string\"}}],\"inLanguage\":\"it-IT\"}]}<\/script>\n<!-- \/ Yoast SEO plugin. -->","yoast_head_json":{"title":"Dropbox Business: recensione software Backup - Accurate Reviews","description":"Dropbox Business: recensione programma di condivisione di file offerto da Dropbox, che \u00e8 rivolto specificamente alle aziende e alle imprese.\u00a0","robots":{"index":"index","follow":"follow","max-snippet":"max-snippet:-1","max-image-preview":"max-image-preview:large","max-video-preview":"max-video-preview:-1"},"canonical":"https:\/\/www.accuratereviews.com\/it\/backup-i-migliori-software-e-servizi-software-lista\/dropbox-business-recensione\/","og_locale":"it_IT","og_type":"article","og_title":"Dropbox Business: recensione software Backup - Accurate Reviews","og_description":"Dropbox Business: recensione programma di condivisione di file offerto da Dropbox, che \u00e8 rivolto specificamente alle aziende e alle imprese.\u00a0","og_url":"https:\/\/www.accuratereviews.com\/it\/backup-i-migliori-software-e-servizi-software-lista\/dropbox-business-recensione\/","og_site_name":"Accurate Reviews","article_modified_time":"2021-01-26T09:46:36+00:00","og_image":[{"width":810,"height":456,"url":"https:\/\/www.accuratereviews.com\/wp-content\/uploads\/2019\/09\/business-logo.jpg","type":"image\/jpeg"}],"twitter_card":"summary_large_image","twitter_misc":{"Tempo di lettura stimato":"6 minuti"},"schema":{"@context":"https:\/\/schema.org","@graph":[{"@type":"WebPage","@id":"https:\/\/www.accuratereviews.com\/it\/backup-i-migliori-software-e-servizi-software-lista\/dropbox-business-recensione\/","url":"https:\/\/www.accuratereviews.com\/it\/backup-i-migliori-software-e-servizi-software-lista\/dropbox-business-recensione\/","name":"Dropbox Business: recensione software Backup - Accurate Reviews","isPartOf":{"@id":"https:\/\/www.accuratereviews.com\/it\/#website"},"primaryImageOfPage":{"@id":"https:\/\/www.accuratereviews.com\/it\/backup-i-migliori-software-e-servizi-software-lista\/dropbox-business-recensione\/#primaryimage"},"image":{"@id":"https:\/\/www.accuratereviews.com\/it\/backup-i-migliori-software-e-servizi-software-lista\/dropbox-business-recensione\/#primaryimage"},"thumbnailUrl":"https:\/\/www.accuratereviews.com\/wp-content\/uploads\/2019\/09\/business-logo.jpg","datePublished":"2019-09-18T12:10:41+00:00","dateModified":"2021-01-26T09:46:36+00:00","description":"Dropbox Business: recensione programma di condivisione di file offerto da Dropbox, che \u00e8 rivolto specificamente alle aziende e alle imprese.\u00a0","breadcrumb":{"@id":"https:\/\/www.accuratereviews.com\/it\/backup-i-migliori-software-e-servizi-software-lista\/dropbox-business-recensione\/#breadcrumb"},"inLanguage":"it-IT","potentialAction":[{"@type":"ReadAction","target":["https:\/\/www.accuratereviews.com\/it\/backup-i-migliori-software-e-servizi-software-lista\/dropbox-business-recensione\/"]}]},{"@type":"ImageObject","inLanguage":"it-IT","@id":"https:\/\/www.accuratereviews.com\/it\/backup-i-migliori-software-e-servizi-software-lista\/dropbox-business-recensione\/#primaryimage","url":"https:\/\/www.accuratereviews.com\/wp-content\/uploads\/2019\/09\/business-logo.jpg","contentUrl":"https:\/\/www.accuratereviews.com\/wp-content\/uploads\/2019\/09\/business-logo.jpg","width":810,"height":456},{"@type":"BreadcrumbList","@id":"https:\/\/www.accuratereviews.com\/it\/backup-i-migliori-software-e-servizi-software-lista\/dropbox-business-recensione\/#breadcrumb","itemListElement":[{"@type":"ListItem","position":1,"name":"Home","item":"https:\/\/www.accuratereviews.com\/it\/"},{"@type":"ListItem","position":2,"name":"Backup: i migliori software e servizi","item":"https:\/\/www.accuratereviews.com\/it\/backup-i-migliori-software-e-servizi-software-lista\/"},{"@type":"ListItem","position":3,"name":"Dropbox Business"}]},{"@type":"WebSite","@id":"https:\/\/www.accuratereviews.com\/it\/#website","url":"https:\/\/www.accuratereviews.com\/it\/","name":"Accurate Reviews","description":"","potentialAction":[{"@type":"SearchAction","target":{"@type":"EntryPoint","urlTemplate":"https:\/\/www.accuratereviews.com\/it\/?s={search_term_string}"},"query-input":{"@type":"PropertyValueSpecification","valueRequired":true,"valueName":"search_term_string"}}],"inLanguage":"it-IT"}]}},"_links":{"self":[{"href":"https:\/\/www.accuratereviews.com\/it\/wp-json\/wp\/v2\/pages\/18292","targetHints":{"allow":["GET"]}}],"collection":[{"href":"https:\/\/www.accuratereviews.com\/it\/wp-json\/wp\/v2\/pages"}],"about":[{"href":"https:\/\/www.accuratereviews.com\/it\/wp-json\/wp\/v2\/types\/page"}],"author":[{"embeddable":true,"href":"https:\/\/www.accuratereviews.com\/it\/wp-json\/wp\/v2\/users\/19"}],"replies":[{"embeddable":true,"href":"https:\/\/www.accuratereviews.com\/it\/wp-json\/wp\/v2\/comments?post=18292"}],"version-history":[{"count":9,"href":"https:\/\/www.accuratereviews.com\/it\/wp-json\/wp\/v2\/pages\/18292\/revisions"}],"predecessor-version":[{"id":18319,"href":"https:\/\/www.accuratereviews.com\/it\/wp-json\/wp\/v2\/pages\/18292\/revisions\/18319"}],"up":[{"embeddable":true,"href":"https:\/\/www.accuratereviews.com\/it\/wp-json\/wp\/v2\/pages\/6671"}],"wp:featuredmedia":[{"embeddable":true,"href":"https:\/\/www.accuratereviews.com\/it\/wp-json\/wp\/v2\/media\/18296"}],"wp:attachment":[{"href":"https:\/\/www.accuratereviews.com\/it\/wp-json\/wp\/v2\/media?parent=18292"}],"wp:term":[{"taxonomy":"category","embeddable":true,"href":"https:\/\/www.accuratereviews.com\/it\/wp-json\/wp\/v2\/categories?post=18292"},{"taxonomy":"post_tag","embeddable":true,"href":"https:\/\/www.accuratereviews.com\/it\/wp-json\/wp\/v2\/tags?post=18292"},{"taxonomy":"features","embeddable":true,"href":"https:\/\/www.accuratereviews.com\/it\/wp-json\/wp\/v2\/features?post=18292"}],"curies":[{"name":"wp","href":"https:\/\/api.w.org\/{rel}","templated":true}]}}