{"id":18309,"date":"2019-09-18T15:01:28","date_gmt":"2019-09-18T15:01:28","guid":{"rendered":"https:\/\/www.accuratereviews.com\/?page_id=18309"},"modified":"2021-04-23T10:09:00","modified_gmt":"2021-04-23T10:09:00","slug":"box-recensione","status":"publish","type":"page","link":"https:\/\/www.accuratereviews.com\/it\/backup-i-migliori-software-e-servizi-software-lista\/box-recensione\/","title":{"rendered":"Box"},"content":{"rendered":"<p><strong>Box<\/strong> \u00e8 un <strong>software che semplifica la condivisione di file e cartelle<\/strong>. Archivia tutti i file del tuo progetto in un unico luogo sicuro online per consentire al tuo team di accedere all&#8217;ultima versione. Puoi accedere alle tempistiche e ai requisiti del progetto da qualsiasi luogo. Accedi alle informazioni da qualsiasi dispositivo e cerca rapidamente tra e all&#8217;interno dei file. Puoi usare <strong>Box Notes<\/strong> per collaborare con il tuo team in tempo reale sui progetti, appunti di riunioni, piani, aggiornamenti di stato e altro. Inoltre, puoi automatizzare processi semplici, gestire le approvazioni e centralizzare il feedback per tenere traccia delle versioni e assegnare attivit\u00e0 rapidamente.\u00a0Crea semplici regole per automatizzare attivit\u00e0 generali come revisioni e approvazioni per accelerare la circolazione delle informazioni all&#8217;interno della tua attivit\u00e0. Ridurre i cicli di revisione assegnando automaticamente le attivit\u00e0 di revisione ai membri del team quando vengono caricati nuovi documenti. Una volta completata un&#8217;attivit\u00e0, puoi spostare i documenti finali in una cartella &#8220;Approvata&#8221; e avvisare automaticamente tutte le parti interessate. \u00c8 possibile utilizzare collegamenti protetti da password per condividere in modo sicuro file riservati. Analizza le statistiche di accesso per sapere quando e con quale frequenza i tuoi file sono stati visualizzati.<\/p>\n<h2>BOX &#8211; TUTORIAL<\/h2>\n<p>Il tutorial che seguir\u00e0 mostrer\u00e0 come sfruttare al meglio questo <strong>software di condivisione file<\/strong>:<\/p>\n<div id=\"fluid-wrapper-counter-1\" class=\"g1-fluid-wrapper \" style=\"width:686px;\">\n<div style=\"padding-bottom:56.268221574344%;\"><iframe loading=\"lazy\" title=\"Box Review: How to sync your files\" width=\"515\" height=\"386\" src=\"https:\/\/www.youtube.com\/embed\/8-TbdUAwPjU?feature=oembed&amp;wmode=transparent&amp;autohide=1&amp;autoplay=0&amp;disablekb=0&amp;fs=1&amp;loop=0&amp;enablejsapi=1&amp;rel=0&amp;controls=2&amp;showinfo=0&amp;wmode=transparent&amp;autohide=2&amp;autoplay=0&amp;disablekb=0&amp;fs=1&amp;loop=0&amp;enablejsapi=1&amp;rel=0&amp;controls=2&amp;showinfo=1\" frameborder=\"0\" allow=\"accelerometer; autoplay; clipboard-write; encrypted-media; gyroscope; picture-in-picture\" allowfullscreen><\/iframe><\/div>\n<\/div>\n<h3>BOX &#8211; CARATTERISTICHE<\/h3>\n<ul>\n<li>Integrazione con altre applicazioni, a seconda del piano tariffario selezionato, come: app mobile Microsoft Office, Google, Salesforce, NetSuite, Jive, DocuSign e OneCloud; pu\u00f2 anche integrarsi con le soluzioni di Business Intelligence<\/li>\n<li>Controllo della versione<\/li>\n<li>Possibilit\u00e0 di aggiungere \/ modificare pi\u00f9 utenti \/ collaborazione solo su invito<\/li>\n<li>Modifica dei documenti<\/li>\n<li>Automazione del flusso di lavoro: cicli di revisione brevi, processi ripetibili, pubblicazione automatica di file \/ attivit\u00e0 approvati<\/li>\n<li>Funzionalit\u00e0 Box Notes per le attivit\u00e0 di gestione del progetto: aggiornamenti dello stato e note sulla riunione<\/li>\n<li>Marchio personalizzato: puoi inserire il logo aziendale<\/li>\n<li>Dispositivi mobili: applicazione della password, applicazione dell&#8217;autenticazione a pi\u00f9 fattori, limitazione dell&#8217;accesso offline<\/li>\n<li>Rapporti statistici per file \/ utente: ovvero frequenza del file a cui si accede<\/li>\n<li>Possibilit\u00e0 di tracciare nomi utente,email e indirizzi IP<\/li>\n<li>Avvisi inviati quando viene rilevata un&#8217;attivit\u00e0 insolita di download \/ upload<\/li>\n<li>Sette diverse autorizzazioni per assegnare gli utenti: per fare un esempio solo visualizzazione, solo caricamento, editor, ecc.<\/li>\n<\/ul>\n<h4>LE RECENSIONI DEGLI UTENTI<\/h4>\n<h4>Eugene J. &#8220;Box: una piattaforma sicura e collaborativa per tutti gli utenti connessi&#8221;<\/h4>\n<p><strong>Commenti<\/strong>: Sono un cliente Box da circa quattro anni. Durante quel periodo siamo passati da un POC limitato a un&#8217;implementazione internazionale su larga scala. Abbiamo riscontrato che Box \u00e8 molto reattivo sia dal punto di vista dell&#8217;assistenza in termini di ascolto dei propri clienti in merito alle caratteristiche e alle esigenze.\u00a0Il motivo principale per cui abbiamo inizialmente scelto Box era a causa dell&#8217;eccezionale framework di sicurezza che era al centro dell&#8217;offerta iniziale e continua a essere un obiettivo chiave. Le funzionalit\u00e0 di gestione e governance ci hanno permesso di distribuirle a un gruppo geograficamente diversificato di dipendenti con la certezza che i loro dati sarebbero stati sicuri e sarebbero rimasti protetti.<br \/>\nIl nostro bisogno iniziale era di replicare centralmente i dati da una posizione internazionale. Sulla base del successo di quel POC, siamo stati in grado di replicare quel successo in diverse localit\u00e0 internazionali e ritardare o eliminare la necessit\u00e0 di sistemi fisici e di archiviazione che in precedenza erano stati parte della nostra implementazione tecnologica.<\/p>\n<p><strong>Vantaggi<\/strong>: la sicurezza \u00e8 ancora la mia caratteristica preferita: ho la certezza che i nostri dati siano al sicuro e che rimarranno protetti. Box soddisfa una serie di normative statunitensi e internazionali in materia di sicurezza e requisiti di conformit\u00e0 dei dati.\u00a0Le notifiche basate su modifiche ai file o alle cartelle ci hanno permesso di creare &#8220;flussi di lavoro istantanei&#8221; per spostare rapidamente i dati da una variet\u00e0 di posizioni nelle mani di numerosi utenti. Questo ci ha permesso di creare un sistema in cui i dati non solo sono archiviati in modo sicuro, ma possono essere rapidamente gestiti da un gruppo di personale geograficamente diversificato.<br \/>\nIl roll-out dei posti per i nuovi utenti \u00e8 semplice e Box mette a disposizione dei suoi utenti un&#8217;ampia gamma di materiali di formazione per aiutarli a sfruttare le funzionalit\u00e0.<\/p>\n<p><strong>Inconvenienti<\/strong>: non c&#8217;\u00e8 molto da non apprezzare: il set di funzionalit\u00e0 \u00e8 buono e continua a crescere. Se c&#8217;\u00e8 un aspetto negativo, \u00e8 che &#8211; come tutte le soluzioni basate su cloud &#8211; \u00e8 richiesta la connettivit\u00e0 e che a volte pu\u00f2 essere una sfida per la mia organizzazione sono alcune delle sedi internazionali remote in cui lavoriamo.<\/p>\n<h4>Brayan F. &#8220;Utilizzo Box per l&#8217;archiviazione di documenti personali tramite caricamenti manuali, email e sincronizzazione.&#8221;<\/h4>\n<p><strong>Commenti<\/strong>: Con questo prodotto, posso salvare e archiviare in sicurezza i miei documenti. Sono accessibili da qualsiasi luogo. Posso condividerli con i colleghi e configurare le cartelle con accesso per pi\u00f9 utenti.<br \/>\nTramite il nostro software di reporting, posso facilmente inviare per email i documenti alle cartelle Box da caricare.<\/p>\n<p><strong>Vantaggi<\/strong>: mi piace la versatilit\u00e0 per caricare e scaricare file. I file possono essere caricati trascinandoli nella cartella in un browser web. Puoi anche consentire il caricamento tramite email. Quando questo \u00e8 attivato, viene creato un indirizzo email univoco. Tutti gli allegati nelle email inviate a quell&#8217;indirizzo vengono caricati in quella cartella. Utilizziamo il nostro software di reporting per inviare report a queste cartelle. All&#8217;interno di questa i documenti con un nome univoco possono sostituire quelli esistenti o essere aggiunti oltre all&#8217;originale.<br \/>\nI file possono anche essere caricati tramite cartelle sincronizzate. Lo uso per archiviare tutti i miei documenti di lavoro. Qualsiasi file in questa cartella \u00e8 sincronizzato con la cartella online.I file Box sono facilmente accessibili da qualsiasi browser Web o tramite l&#8217;app mobile. Con l&#8217;app mobile, puoi anche creare versioni offline di documenti per un facile accesso senza accesso a Internet.Il download pu\u00f2 essere completato facilmente tramite l&#8217;app o online. I singoli file possono essere scaricati uno alla volta o in massa come file zip.<\/p>\n<p><strong>Inconvenienti<\/strong>: sono abbastanza contento di questo prodotto. L&#8217;unica cosa che preferirei \u00e8 la possibilit\u00e0 di scaricare pi\u00f9 file contemporaneamente come file separati anzich\u00e9 essere scaricati come file zip.<\/p>\n<p><strong>Lucas B. &#8220;Consentire la mobilit\u00e0, la collaborazione e la consegna in modo sicuro&#8221;<\/strong><\/p>\n<p><strong>Commenti<\/strong>: ci sono molti servizi se stai cercando un posto dove scaricare i dati. Ma ci\u00f2 che rende Box il migliore, sono tutte le sue straordinarie caratteristiche. Collaborazione, sincronizzazione, modifica, integrazione di Office, ottime app mobili, criteri, anteprima, flussi di lavoro, automazioni e altro ancora. Nella mia azienda siamo stati in grado di sfruttare molte di queste funzionalit\u00e0 per soddisfare le esigenze specifiche dei nostri utenti finali che senza questo programma non saremmo stati in grado di soddisfare facilmente con le nostre risorse esistenti o piattaforme tradizionali. Siamo stati in grado di sfruttare davvero la piattaforma per consentire ai nostri utenti di raccogliere dati in tutto il mondo su quasi tutte le piattaforme e quindi avere personale in qualsiasi parte del mondo agire su tali dati. Ci\u00f2 ha aumentato enormemente i nostri tempi di risposta su piattaforme tradizionali come email e FTP.<\/p>\n<p><strong>Vantaggi<\/strong>: Le funzionalit\u00e0 che ho trovato pi\u00f9 utili su altre piattaforme di cloud storage sono: 1) Collaborazione non solo esistente, ma facile e intuitiva. Consentire di far emergere i dati su cui \u00e8 necessario lavorare 2) Focus sulla sicurezza su conformit\u00e0, crittografia, gestione di livello aziendale 3) Integrazioni di terze parti che consentono a Box di essere veramente una piattaforma da utilizzare con altri software. 4) App mobili, molto potenti e facili da usare<\/p>\n<p><strong>Inconvenienti<\/strong>: ci sono ancora alcune funzionalit\u00e0 di gestione che vorrei vedere migliorate, dando un maggiore controllo all&#8217;IT.<\/p>\n<p>&nbsp;<\/p>\n","protected":false},"excerpt":{"rendered":"<p>Box \u00e8 un software che semplifica la condivisione di file e cartelle. \u00a0Archivia tutti i file del tuo progetto in un unico luogo sicuro online per consentire al tuo team di accedere all&#8217;ultima versione. Puoi accedere alle tempistiche e ai requisiti del progetto da qualsiasi luogo. Accedi alle informazioni da qualsiasi dispositivo e cerca rapidamente tra e all&#8217;interno dei file.<\/p>\n","protected":false},"author":19,"featured_media":18313,"parent":6671,"menu_order":0,"comment_status":"open","ping_status":"closed","template":"g1_template_page_review_new.php","meta":{"_acf_changed":false,"cwp_meta_box_check":"Yes","cwp_rev_product_name":"","cwp_rev_product_image":"","wppr_links":[],"cwp_rev_price":"","wppr_options":[],"wppr_pros":[],"wppr_cons":[],"_monsterinsights_skip_tracking":false,"_monsterinsights_sitenote_active":false,"_monsterinsights_sitenote_note":"","_monsterinsights_sitenote_category":0,"footnotes":""},"categories":[98],"tags":[1298,396,1297,1296],"features":[],"class_list":{"0":"post-18309","1":"page","2":"type-page","3":"status-publish","4":"has-post-thumbnail","6":"category-backup","7":"tag-box","8":"tag-cloud","9":"tag-programma-condivisione-file","10":"tag-software-condivisione-file"},"wppr_data":{"cwp_meta_box_check":"Yes","cwp_rev_product_name":"","cwp_rev_product_image":"","cwp_image_link":"image","cwp_rev_price":"","wppr_rating":"0.00"},"acf":[],"yoast_head":"<!-- This site is optimized with the Yoast SEO plugin v27.4 - https:\/\/yoast.com\/product\/yoast-seo-wordpress\/ -->\n<title>Box: recensione software condivisione file- Accurate Reviews<\/title>\n<meta name=\"description\" content=\"Box: recensione software che semplifica la condivisione di file e cartelle. Archivia tutti i file del tuo progetto in un unico luogo sicuro.\" \/>\n<meta name=\"robots\" content=\"index, follow, max-snippet:-1, max-image-preview:large, max-video-preview:-1\" \/>\n<link rel=\"canonical\" href=\"https:\/\/www.accuratereviews.com\/it\/backup-i-migliori-software-e-servizi-software-lista\/box-recensione\/\" \/>\n<meta property=\"og:locale\" content=\"it_IT\" \/>\n<meta property=\"og:type\" content=\"article\" \/>\n<meta property=\"og:title\" content=\"Box: recensione software condivisione file- Accurate Reviews\" \/>\n<meta property=\"og:description\" content=\"Box: recensione software che semplifica la condivisione di file e cartelle. Archivia tutti i file del tuo progetto in un unico luogo sicuro.\" \/>\n<meta property=\"og:url\" content=\"https:\/\/www.accuratereviews.com\/it\/backup-i-migliori-software-e-servizi-software-lista\/box-recensione\/\" \/>\n<meta property=\"og:site_name\" content=\"Accurate Reviews\" \/>\n<meta property=\"article:modified_time\" content=\"2021-04-23T10:09:00+00:00\" \/>\n<meta property=\"og:image\" content=\"https:\/\/www.accuratereviews.com\/wp-content\/uploads\/2019\/09\/box-social.jpg\" \/>\n\t<meta property=\"og:image:width\" content=\"1200\" \/>\n\t<meta property=\"og:image:height\" content=\"630\" \/>\n\t<meta property=\"og:image:type\" content=\"image\/jpeg\" \/>\n<meta name=\"twitter:card\" content=\"summary_large_image\" \/>\n<meta name=\"twitter:label1\" content=\"Tempo di lettura stimato\" \/>\n\t<meta name=\"twitter:data1\" content=\"6 minuti\" \/>\n<script type=\"application\/ld+json\" class=\"yoast-schema-graph\">{\"@context\":\"https:\\\/\\\/schema.org\",\"@graph\":[{\"@type\":\"WebPage\",\"@id\":\"https:\\\/\\\/www.accuratereviews.com\\\/it\\\/backup-i-migliori-software-e-servizi-software-lista\\\/box-recensione\\\/\",\"url\":\"https:\\\/\\\/www.accuratereviews.com\\\/it\\\/backup-i-migliori-software-e-servizi-software-lista\\\/box-recensione\\\/\",\"name\":\"Box: recensione software condivisione file- Accurate Reviews\",\"isPartOf\":{\"@id\":\"https:\\\/\\\/www.accuratereviews.com\\\/it\\\/#website\"},\"primaryImageOfPage\":{\"@id\":\"https:\\\/\\\/www.accuratereviews.com\\\/it\\\/backup-i-migliori-software-e-servizi-software-lista\\\/box-recensione\\\/#primaryimage\"},\"image\":{\"@id\":\"https:\\\/\\\/www.accuratereviews.com\\\/it\\\/backup-i-migliori-software-e-servizi-software-lista\\\/box-recensione\\\/#primaryimage\"},\"thumbnailUrl\":\"https:\\\/\\\/www.accuratereviews.com\\\/wp-content\\\/uploads\\\/2019\\\/09\\\/box-social.jpg\",\"datePublished\":\"2019-09-18T15:01:28+00:00\",\"dateModified\":\"2021-04-23T10:09:00+00:00\",\"description\":\"Box: recensione software che semplifica la condivisione di file e cartelle. Archivia tutti i file del tuo progetto in un unico luogo sicuro.\",\"breadcrumb\":{\"@id\":\"https:\\\/\\\/www.accuratereviews.com\\\/it\\\/backup-i-migliori-software-e-servizi-software-lista\\\/box-recensione\\\/#breadcrumb\"},\"inLanguage\":\"it-IT\",\"potentialAction\":[{\"@type\":\"ReadAction\",\"target\":[\"https:\\\/\\\/www.accuratereviews.com\\\/it\\\/backup-i-migliori-software-e-servizi-software-lista\\\/box-recensione\\\/\"]}]},{\"@type\":\"ImageObject\",\"inLanguage\":\"it-IT\",\"@id\":\"https:\\\/\\\/www.accuratereviews.com\\\/it\\\/backup-i-migliori-software-e-servizi-software-lista\\\/box-recensione\\\/#primaryimage\",\"url\":\"https:\\\/\\\/www.accuratereviews.com\\\/wp-content\\\/uploads\\\/2019\\\/09\\\/box-social.jpg\",\"contentUrl\":\"https:\\\/\\\/www.accuratereviews.com\\\/wp-content\\\/uploads\\\/2019\\\/09\\\/box-social.jpg\",\"width\":1200,\"height\":630},{\"@type\":\"BreadcrumbList\",\"@id\":\"https:\\\/\\\/www.accuratereviews.com\\\/it\\\/backup-i-migliori-software-e-servizi-software-lista\\\/box-recensione\\\/#breadcrumb\",\"itemListElement\":[{\"@type\":\"ListItem\",\"position\":1,\"name\":\"Home\",\"item\":\"https:\\\/\\\/www.accuratereviews.com\\\/it\\\/\"},{\"@type\":\"ListItem\",\"position\":2,\"name\":\"Backup: i migliori software e servizi\",\"item\":\"https:\\\/\\\/www.accuratereviews.com\\\/it\\\/backup-i-migliori-software-e-servizi-software-lista\\\/\"},{\"@type\":\"ListItem\",\"position\":3,\"name\":\"Box\"}]},{\"@type\":\"WebSite\",\"@id\":\"https:\\\/\\\/www.accuratereviews.com\\\/it\\\/#website\",\"url\":\"https:\\\/\\\/www.accuratereviews.com\\\/it\\\/\",\"name\":\"Accurate Reviews\",\"description\":\"\",\"potentialAction\":[{\"@type\":\"SearchAction\",\"target\":{\"@type\":\"EntryPoint\",\"urlTemplate\":\"https:\\\/\\\/www.accuratereviews.com\\\/it\\\/?s={search_term_string}\"},\"query-input\":{\"@type\":\"PropertyValueSpecification\",\"valueRequired\":true,\"valueName\":\"search_term_string\"}}],\"inLanguage\":\"it-IT\"}]}<\/script>\n<!-- \/ Yoast SEO plugin. -->","yoast_head_json":{"title":"Box: recensione software condivisione file- Accurate Reviews","description":"Box: recensione software che semplifica la condivisione di file e cartelle. Archivia tutti i file del tuo progetto in un unico luogo sicuro.","robots":{"index":"index","follow":"follow","max-snippet":"max-snippet:-1","max-image-preview":"max-image-preview:large","max-video-preview":"max-video-preview:-1"},"canonical":"https:\/\/www.accuratereviews.com\/it\/backup-i-migliori-software-e-servizi-software-lista\/box-recensione\/","og_locale":"it_IT","og_type":"article","og_title":"Box: recensione software condivisione file- Accurate Reviews","og_description":"Box: recensione software che semplifica la condivisione di file e cartelle. Archivia tutti i file del tuo progetto in un unico luogo sicuro.","og_url":"https:\/\/www.accuratereviews.com\/it\/backup-i-migliori-software-e-servizi-software-lista\/box-recensione\/","og_site_name":"Accurate Reviews","article_modified_time":"2021-04-23T10:09:00+00:00","og_image":[{"width":1200,"height":630,"url":"https:\/\/www.accuratereviews.com\/wp-content\/uploads\/2019\/09\/box-social.jpg","type":"image\/jpeg"}],"twitter_card":"summary_large_image","twitter_misc":{"Tempo di lettura stimato":"6 minuti"},"schema":{"@context":"https:\/\/schema.org","@graph":[{"@type":"WebPage","@id":"https:\/\/www.accuratereviews.com\/it\/backup-i-migliori-software-e-servizi-software-lista\/box-recensione\/","url":"https:\/\/www.accuratereviews.com\/it\/backup-i-migliori-software-e-servizi-software-lista\/box-recensione\/","name":"Box: recensione software condivisione file- Accurate Reviews","isPartOf":{"@id":"https:\/\/www.accuratereviews.com\/it\/#website"},"primaryImageOfPage":{"@id":"https:\/\/www.accuratereviews.com\/it\/backup-i-migliori-software-e-servizi-software-lista\/box-recensione\/#primaryimage"},"image":{"@id":"https:\/\/www.accuratereviews.com\/it\/backup-i-migliori-software-e-servizi-software-lista\/box-recensione\/#primaryimage"},"thumbnailUrl":"https:\/\/www.accuratereviews.com\/wp-content\/uploads\/2019\/09\/box-social.jpg","datePublished":"2019-09-18T15:01:28+00:00","dateModified":"2021-04-23T10:09:00+00:00","description":"Box: recensione software che semplifica la condivisione di file e cartelle. Archivia tutti i file del tuo progetto in un unico luogo sicuro.","breadcrumb":{"@id":"https:\/\/www.accuratereviews.com\/it\/backup-i-migliori-software-e-servizi-software-lista\/box-recensione\/#breadcrumb"},"inLanguage":"it-IT","potentialAction":[{"@type":"ReadAction","target":["https:\/\/www.accuratereviews.com\/it\/backup-i-migliori-software-e-servizi-software-lista\/box-recensione\/"]}]},{"@type":"ImageObject","inLanguage":"it-IT","@id":"https:\/\/www.accuratereviews.com\/it\/backup-i-migliori-software-e-servizi-software-lista\/box-recensione\/#primaryimage","url":"https:\/\/www.accuratereviews.com\/wp-content\/uploads\/2019\/09\/box-social.jpg","contentUrl":"https:\/\/www.accuratereviews.com\/wp-content\/uploads\/2019\/09\/box-social.jpg","width":1200,"height":630},{"@type":"BreadcrumbList","@id":"https:\/\/www.accuratereviews.com\/it\/backup-i-migliori-software-e-servizi-software-lista\/box-recensione\/#breadcrumb","itemListElement":[{"@type":"ListItem","position":1,"name":"Home","item":"https:\/\/www.accuratereviews.com\/it\/"},{"@type":"ListItem","position":2,"name":"Backup: i migliori software e servizi","item":"https:\/\/www.accuratereviews.com\/it\/backup-i-migliori-software-e-servizi-software-lista\/"},{"@type":"ListItem","position":3,"name":"Box"}]},{"@type":"WebSite","@id":"https:\/\/www.accuratereviews.com\/it\/#website","url":"https:\/\/www.accuratereviews.com\/it\/","name":"Accurate Reviews","description":"","potentialAction":[{"@type":"SearchAction","target":{"@type":"EntryPoint","urlTemplate":"https:\/\/www.accuratereviews.com\/it\/?s={search_term_string}"},"query-input":{"@type":"PropertyValueSpecification","valueRequired":true,"valueName":"search_term_string"}}],"inLanguage":"it-IT"}]}},"_links":{"self":[{"href":"https:\/\/www.accuratereviews.com\/it\/wp-json\/wp\/v2\/pages\/18309","targetHints":{"allow":["GET"]}}],"collection":[{"href":"https:\/\/www.accuratereviews.com\/it\/wp-json\/wp\/v2\/pages"}],"about":[{"href":"https:\/\/www.accuratereviews.com\/it\/wp-json\/wp\/v2\/types\/page"}],"author":[{"embeddable":true,"href":"https:\/\/www.accuratereviews.com\/it\/wp-json\/wp\/v2\/users\/19"}],"replies":[{"embeddable":true,"href":"https:\/\/www.accuratereviews.com\/it\/wp-json\/wp\/v2\/comments?post=18309"}],"version-history":[{"count":8,"href":"https:\/\/www.accuratereviews.com\/it\/wp-json\/wp\/v2\/pages\/18309\/revisions"}],"predecessor-version":[{"id":40837,"href":"https:\/\/www.accuratereviews.com\/it\/wp-json\/wp\/v2\/pages\/18309\/revisions\/40837"}],"up":[{"embeddable":true,"href":"https:\/\/www.accuratereviews.com\/it\/wp-json\/wp\/v2\/pages\/6671"}],"wp:featuredmedia":[{"embeddable":true,"href":"https:\/\/www.accuratereviews.com\/it\/wp-json\/wp\/v2\/media\/18313"}],"wp:attachment":[{"href":"https:\/\/www.accuratereviews.com\/it\/wp-json\/wp\/v2\/media?parent=18309"}],"wp:term":[{"taxonomy":"category","embeddable":true,"href":"https:\/\/www.accuratereviews.com\/it\/wp-json\/wp\/v2\/categories?post=18309"},{"taxonomy":"post_tag","embeddable":true,"href":"https:\/\/www.accuratereviews.com\/it\/wp-json\/wp\/v2\/tags?post=18309"},{"taxonomy":"features","embeddable":true,"href":"https:\/\/www.accuratereviews.com\/it\/wp-json\/wp\/v2\/features?post=18309"}],"curies":[{"name":"wp","href":"https:\/\/api.w.org\/{rel}","templated":true}]}}