{"id":18329,"date":"2019-09-19T16:16:40","date_gmt":"2019-09-19T16:16:40","guid":{"rendered":"https:\/\/www.accuratereviews.com\/?page_id=18329"},"modified":"2021-04-24T07:03:04","modified_gmt":"2021-04-24T07:03:04","slug":"r2-docuo-recensione","status":"publish","type":"page","link":"https:\/\/www.accuratereviews.com\/it\/backup-i-migliori-software-e-servizi-software-lista\/r2-docuo-recensione\/","title":{"rendered":"R2 Docuo"},"content":{"rendered":"<p><strong>R2 Docuo<\/strong> \u00e8 un <strong>sistema di gestione e condivisione dei documenti<\/strong> che fornisce anche un agile <strong>cloud storage.<\/strong> \u00c8 conforme alla GDPR, quindi \u00e8 in linea con le normative in vigore. La soluzione rende accessibili anche i tuoi documenti su dispositivi mobili. Pertanto, puoi essere produttivo indipendentemente dal dispositivo che stai utilizzando e in qualsiasi luogo in cui ti trovi.\u00a0Inoltre, <strong>R2 Docuo<\/strong> facilita una migliore collaborazione tra il tuo team o con partner esterni. Con questa soluzione, \u00e8 possibile condividere i file in modo sicuro utilizzando collegamenti impostando una durata di condivisione o essere utilizzati solo una volta quindi puoi stare certo che le informazioni sensibili rimangono riservate.\u00a0La creazione di documenti con questo software \u00e8 semplice e veloce perch\u00e9 puoi automatizzare il processo. Offre anche una funzionalit\u00e0 di arricchimento dei metadati che pu\u00f2 aiutarti a trasformare i dati aziendali in una risorsa di conoscenza. Inoltre, la piattaforma ha un&#8217;adeguata funzione di ricerca che ti consente di trovare file che potresti aver &#8220;perso&#8221; nel sistema. Ha anche funzionalit\u00e0 integrate per la conversione di PDF e supporto per la firma elettronica.<\/p>\n<h2>R2 DOCUO &#8211; TUTORIAL<\/h2>\n<p>Ecco un tutorial per imparare come generare file in formato PDF e firmali elettronicamente:<\/p>\n<div id=\"fluid-wrapper-counter-1\" class=\"g1-fluid-wrapper \" style=\"width:686px;\">\n<div style=\"padding-bottom:56.268221574344%;\"><iframe loading=\"lazy\" title=\"R2 Docuo - Tutorial 9:  C\u00f3mo firmar documentos PDF electr\u00f3nicamente\" width=\"686\" height=\"386\" src=\"https:\/\/www.youtube.com\/embed\/shaF4xzb95E?feature=oembed&amp;wmode=transparent&amp;autohide=1&amp;autoplay=0&amp;disablekb=0&amp;fs=1&amp;loop=0&amp;enablejsapi=1&amp;rel=0&amp;controls=2&amp;showinfo=0&amp;wmode=transparent&amp;autohide=2&amp;autoplay=0&amp;disablekb=0&amp;fs=1&amp;loop=0&amp;enablejsapi=1&amp;rel=0&amp;controls=2&amp;showinfo=1\" frameborder=\"0\" allow=\"accelerometer; autoplay; encrypted-media; gyroscope; picture-in-picture\" allowfullscreen><\/iframe><\/div>\n<\/div>\n<p>&nbsp;<\/p>\n<h3>R2 DOCUO &#8211; CARATTERISTICHE<\/h3>\n<ul>\n<li><strong>Raccolta dei dati tramite moduli web<\/strong>: crea un modulo web personalizzato con i campi dati che scegli in modo che utenti e clienti creino nuove offerte, ticket, richieste &#8230; o avviino qualsiasi altro flusso di lavoro nella tua azienda<\/li>\n<li><strong>Invio automatico di email:<\/strong> genera email e notifiche automaticamente utilizzando i modelli e consenti al programma di inviarli alle persone giuste (utenti, clienti o collaboratori) quando viene eseguita una transizione del flusso di lavoro o quando un documento rimane per diversi giorni nello stesso stato<\/li>\n<li><strong>Creazione e invio automatici di documenti<\/strong>: Genera documenti automaticamente dai modelli di Microsoft Office utilizzando i metadati del flusso di lavoro e allegali in formato PDF alle tue email automatiche<\/li>\n<li><strong>Tracciamento e tracciabilit\u00e0<\/strong>: quando la tua squadra si muove attraverso le fasi di un flusso di lavoro, tutto viene registrato. Puoi sapere chi e quando ha modificato lo stato di un flusso di lavoro. Quando \u00e8 stata inviata un&#8217;offerta, quanto tempo ha trascorso il cliente a prendere una decisione di acquisto o quale tempo di risposta stai fornendo<\/li>\n<li><strong>Colpo d&#8217;occhio<\/strong>: l&#8217;interfaccia utente \u00e8 progettata per fornire un controllo visivo sui processi aziendali. Ogni flusso di lavoro mostra in modo intuitivo quali documenti si trovano in quale fase del processo utilizzando un codice colore per stato<\/li>\n<li><strong>Classificare<\/strong>: archiviare documenti nel sistema di archiviazione convenzionale basato su cartelle. Quindi classificare i documenti e ottenere una maggiore capacit\u00e0 organizzativa. Visualizza tutti i documenti in una categoria: non importa dove sono archiviati<\/li>\n<li><strong>Ricerca<\/strong>:\u00a0la potente funzionalit\u00e0 di ricerca impedisce che le informazioni vengano &#8220;perse&#8221; nel sistema e massimizza il valore delle informazioni aziendali consentendo di individuarle su richiesta. I metadati sono superiori, fornendo risultati pi\u00f9 precisi rispetto alla ricerca full-text. La visualizzazione query ti consente di trovare le informazioni necessarie quando lo desideri.<\/li>\n<\/ul>\n<h4>LE RECENSIONI DEGLI UTENTI<\/h4>\n<h4>Manuela R. &#8220;Una soluzione economica per organizzare tutti i miei documenti&#8221;<\/h4>\n<p><strong>Commenti<\/strong>: un programma progettato per gestire tutti i file e la documentazione della tua azienda. Una volta che impari a usarlo, diventa indispensabile nelle attivit\u00e0 di routine.<\/p>\n<p><strong>Vantaggi<\/strong>: la maggior parte delle applicazioni vengono apprese rapidamente. Offre anche altre utilit\u00e0 come il trasferimento di file di grandi dimensioni e l&#8217;archiviazione nel cloud.<\/p>\n<p><strong>Inconvenienti<\/strong>: non ho lamentele. Ho lavorato in modo rapido ed efficace dal primo momento in cui ho iniziato a lavorare con questo programma.<\/p>\n<h4>Jes\u00f9s F. &#8220;Uso questo programma ogni giorno, molto utile, diverse applicazioni in una.&#8221;<\/h4>\n<p><strong>Commenti<\/strong>: Ha cos\u00ec tante applicazioni che mi ci \u00e8 voluto un po &#8216;di tempo per metterle in relazione per automatizzare i lavori.<\/p>\n<p><strong>Vantaggi<\/strong>: Con questo programma posso organizzare tutta la documentazione che arriva sulla mia email, scansionare e archiviare le fatture e organizzare correttamente tutti i miei file in percorsi automatizzati.<\/p>\n<p><strong>Inconvenienti<\/strong>: \u00e8 uno strumento con pi\u00f9 utility di altri nella stessa fascia di prezzo.<\/p>\n<h4>Derek H. &#8220;L&#8217;app per l&#8217;archiviazione e la condivisione di file che spunta tutte le nostre caselle&#8221;<\/h4>\n<p><strong>Commenti<\/strong>: I vantaggi di avere l&#8217;archiviazione e la condivisione online crittografate sono solo l&#8217;inizio. Dal punto di vista finanziario, la nostra attivit\u00e0 ne trarr\u00e0 vantaggio, poich\u00e9 ora possiamo eliminare il nostro server e offrire a tutto il nostro personale la possibilit\u00e0 di lavorare a casa e accedere ai loro documenti in qualsiasi parte del mondo.<\/p>\n<p><strong>Vantaggi<\/strong>: Mi piace molto il fatto che R2 Docuo sia una pura app di archiviazione e condivisione file e non un servizio di sincronizzazione. Non voglio sincronizzare i miei documenti con un PC ed \u00e8 cos\u00ec facile scaricare e modificare documenti. L&#8217;altra grande caratteristica \u00e8 la facilit\u00e0 di assegnare autorizzazioni a diversi utenti e collaboratori.<\/p>\n<p><strong>Inconvenienti:<\/strong> l&#8217;impossibilit\u00e0 di salvare un nuovo documento direttamente sull&#8217;app.<\/p>\n<p>&nbsp;<\/p>\n","protected":false},"excerpt":{"rendered":"<p>R2 Docuo \u00e8 un sistema di gestione e condivisione dei documenti che fornisce anche un agile cloud storage. \u00c8 conforme alla GDPR, quindi \u00e8 in linea con le normative in vigore. La soluzione rende accessibili anche i tuoi documenti su dispositivi mobili. Pertanto, puoi essere produttivo indipendentemente dal dispositivo che stai utilizzando e in qualsiasi luogo in cui ti trovi.<\/p>\n","protected":false},"author":19,"featured_media":18330,"parent":6671,"menu_order":0,"comment_status":"open","ping_status":"closed","template":"g1_template_page_review_new.php","meta":{"_acf_changed":false,"cwp_meta_box_check":"Yes","cwp_rev_product_name":"","cwp_rev_product_image":"","wppr_links":[],"cwp_rev_price":"","wppr_options":[],"wppr_pros":[],"wppr_cons":[],"_monsterinsights_skip_tracking":false,"_monsterinsights_sitenote_active":false,"_monsterinsights_sitenote_note":"","_monsterinsights_sitenote_category":0,"footnotes":""},"categories":[98],"tags":[396,1303,1302,1301],"features":[],"class_list":{"0":"post-18329","1":"page","2":"type-page","3":"status-publish","4":"has-post-thumbnail","6":"category-backup","7":"tag-cloud","8":"tag-r2-docuo","9":"tag-sistema-gestione-e-condivisione-documenti","10":"tag-software-gestione-e-condivisione-documenti"},"wppr_data":{"cwp_meta_box_check":"Yes","cwp_rev_product_name":"","cwp_rev_product_image":"","cwp_image_link":"image","cwp_rev_price":"","wppr_rating":"0.00"},"acf":[],"yoast_head":"<!-- This site is optimized with the Yoast SEO plugin v27.4 - https:\/\/yoast.com\/product\/yoast-seo-wordpress\/ -->\n<title>R2 Docuo: recensione software condivisione file - Accurate Reviews<\/title>\n<meta name=\"description\" content=\"R2 Docuo: recensione sistema di gestione e condivisione dei documenti che fornisce anche un agile cloud storage ideale per le aziende.\" \/>\n<meta name=\"robots\" content=\"index, follow, max-snippet:-1, max-image-preview:large, max-video-preview:-1\" \/>\n<link rel=\"canonical\" href=\"https:\/\/www.accuratereviews.com\/it\/backup-i-migliori-software-e-servizi-software-lista\/r2-docuo-recensione\/\" \/>\n<meta property=\"og:locale\" content=\"it_IT\" \/>\n<meta property=\"og:type\" content=\"article\" \/>\n<meta property=\"og:title\" content=\"R2 Docuo: recensione software condivisione file - Accurate Reviews\" \/>\n<meta property=\"og:description\" content=\"R2 Docuo: recensione sistema di gestione e condivisione dei documenti che fornisce anche un agile cloud storage ideale per le aziende.\" \/>\n<meta property=\"og:url\" content=\"https:\/\/www.accuratereviews.com\/it\/backup-i-migliori-software-e-servizi-software-lista\/r2-docuo-recensione\/\" \/>\n<meta property=\"og:site_name\" content=\"Accurate Reviews\" \/>\n<meta property=\"article:modified_time\" content=\"2021-04-24T07:03:04+00:00\" \/>\n<meta property=\"og:image\" content=\"https:\/\/www.accuratereviews.com\/wp-content\/uploads\/2019\/09\/R2-Docuo-logo-.png\" \/>\n\t<meta property=\"og:image:width\" content=\"765\" \/>\n\t<meta property=\"og:image:height\" content=\"255\" \/>\n\t<meta property=\"og:image:type\" content=\"image\/png\" \/>\n<meta name=\"twitter:card\" content=\"summary_large_image\" \/>\n<meta name=\"twitter:label1\" content=\"Tempo di lettura stimato\" \/>\n\t<meta name=\"twitter:data1\" content=\"4 minuti\" \/>\n<script type=\"application\/ld+json\" class=\"yoast-schema-graph\">{\"@context\":\"https:\\\/\\\/schema.org\",\"@graph\":[{\"@type\":\"WebPage\",\"@id\":\"https:\\\/\\\/www.accuratereviews.com\\\/it\\\/backup-i-migliori-software-e-servizi-software-lista\\\/r2-docuo-recensione\\\/\",\"url\":\"https:\\\/\\\/www.accuratereviews.com\\\/it\\\/backup-i-migliori-software-e-servizi-software-lista\\\/r2-docuo-recensione\\\/\",\"name\":\"R2 Docuo: recensione software condivisione file - Accurate Reviews\",\"isPartOf\":{\"@id\":\"https:\\\/\\\/www.accuratereviews.com\\\/it\\\/#website\"},\"primaryImageOfPage\":{\"@id\":\"https:\\\/\\\/www.accuratereviews.com\\\/it\\\/backup-i-migliori-software-e-servizi-software-lista\\\/r2-docuo-recensione\\\/#primaryimage\"},\"image\":{\"@id\":\"https:\\\/\\\/www.accuratereviews.com\\\/it\\\/backup-i-migliori-software-e-servizi-software-lista\\\/r2-docuo-recensione\\\/#primaryimage\"},\"thumbnailUrl\":\"https:\\\/\\\/www.accuratereviews.com\\\/wp-content\\\/uploads\\\/2019\\\/09\\\/R2-Docuo-logo-.png\",\"datePublished\":\"2019-09-19T16:16:40+00:00\",\"dateModified\":\"2021-04-24T07:03:04+00:00\",\"description\":\"R2 Docuo: recensione sistema di gestione e condivisione dei documenti che fornisce anche un agile cloud storage ideale per le aziende.\",\"breadcrumb\":{\"@id\":\"https:\\\/\\\/www.accuratereviews.com\\\/it\\\/backup-i-migliori-software-e-servizi-software-lista\\\/r2-docuo-recensione\\\/#breadcrumb\"},\"inLanguage\":\"it-IT\",\"potentialAction\":[{\"@type\":\"ReadAction\",\"target\":[\"https:\\\/\\\/www.accuratereviews.com\\\/it\\\/backup-i-migliori-software-e-servizi-software-lista\\\/r2-docuo-recensione\\\/\"]}]},{\"@type\":\"ImageObject\",\"inLanguage\":\"it-IT\",\"@id\":\"https:\\\/\\\/www.accuratereviews.com\\\/it\\\/backup-i-migliori-software-e-servizi-software-lista\\\/r2-docuo-recensione\\\/#primaryimage\",\"url\":\"https:\\\/\\\/www.accuratereviews.com\\\/wp-content\\\/uploads\\\/2019\\\/09\\\/R2-Docuo-logo-.png\",\"contentUrl\":\"https:\\\/\\\/www.accuratereviews.com\\\/wp-content\\\/uploads\\\/2019\\\/09\\\/R2-Docuo-logo-.png\",\"width\":765,\"height\":255},{\"@type\":\"BreadcrumbList\",\"@id\":\"https:\\\/\\\/www.accuratereviews.com\\\/it\\\/backup-i-migliori-software-e-servizi-software-lista\\\/r2-docuo-recensione\\\/#breadcrumb\",\"itemListElement\":[{\"@type\":\"ListItem\",\"position\":1,\"name\":\"Home\",\"item\":\"https:\\\/\\\/www.accuratereviews.com\\\/it\\\/\"},{\"@type\":\"ListItem\",\"position\":2,\"name\":\"Backup: i migliori software e servizi\",\"item\":\"https:\\\/\\\/www.accuratereviews.com\\\/it\\\/backup-i-migliori-software-e-servizi-software-lista\\\/\"},{\"@type\":\"ListItem\",\"position\":3,\"name\":\"R2 Docuo\"}]},{\"@type\":\"WebSite\",\"@id\":\"https:\\\/\\\/www.accuratereviews.com\\\/it\\\/#website\",\"url\":\"https:\\\/\\\/www.accuratereviews.com\\\/it\\\/\",\"name\":\"Accurate Reviews\",\"description\":\"\",\"potentialAction\":[{\"@type\":\"SearchAction\",\"target\":{\"@type\":\"EntryPoint\",\"urlTemplate\":\"https:\\\/\\\/www.accuratereviews.com\\\/it\\\/?s={search_term_string}\"},\"query-input\":{\"@type\":\"PropertyValueSpecification\",\"valueRequired\":true,\"valueName\":\"search_term_string\"}}],\"inLanguage\":\"it-IT\"}]}<\/script>\n<!-- \/ Yoast SEO plugin. -->","yoast_head_json":{"title":"R2 Docuo: recensione software condivisione file - Accurate Reviews","description":"R2 Docuo: recensione sistema di gestione e condivisione dei documenti che fornisce anche un agile cloud storage ideale per le aziende.","robots":{"index":"index","follow":"follow","max-snippet":"max-snippet:-1","max-image-preview":"max-image-preview:large","max-video-preview":"max-video-preview:-1"},"canonical":"https:\/\/www.accuratereviews.com\/it\/backup-i-migliori-software-e-servizi-software-lista\/r2-docuo-recensione\/","og_locale":"it_IT","og_type":"article","og_title":"R2 Docuo: recensione software condivisione file - Accurate Reviews","og_description":"R2 Docuo: recensione sistema di gestione e condivisione dei documenti che fornisce anche un agile cloud storage ideale per le aziende.","og_url":"https:\/\/www.accuratereviews.com\/it\/backup-i-migliori-software-e-servizi-software-lista\/r2-docuo-recensione\/","og_site_name":"Accurate Reviews","article_modified_time":"2021-04-24T07:03:04+00:00","og_image":[{"width":765,"height":255,"url":"https:\/\/www.accuratereviews.com\/wp-content\/uploads\/2019\/09\/R2-Docuo-logo-.png","type":"image\/png"}],"twitter_card":"summary_large_image","twitter_misc":{"Tempo di lettura stimato":"4 minuti"},"schema":{"@context":"https:\/\/schema.org","@graph":[{"@type":"WebPage","@id":"https:\/\/www.accuratereviews.com\/it\/backup-i-migliori-software-e-servizi-software-lista\/r2-docuo-recensione\/","url":"https:\/\/www.accuratereviews.com\/it\/backup-i-migliori-software-e-servizi-software-lista\/r2-docuo-recensione\/","name":"R2 Docuo: recensione software condivisione file - Accurate Reviews","isPartOf":{"@id":"https:\/\/www.accuratereviews.com\/it\/#website"},"primaryImageOfPage":{"@id":"https:\/\/www.accuratereviews.com\/it\/backup-i-migliori-software-e-servizi-software-lista\/r2-docuo-recensione\/#primaryimage"},"image":{"@id":"https:\/\/www.accuratereviews.com\/it\/backup-i-migliori-software-e-servizi-software-lista\/r2-docuo-recensione\/#primaryimage"},"thumbnailUrl":"https:\/\/www.accuratereviews.com\/wp-content\/uploads\/2019\/09\/R2-Docuo-logo-.png","datePublished":"2019-09-19T16:16:40+00:00","dateModified":"2021-04-24T07:03:04+00:00","description":"R2 Docuo: recensione sistema di gestione e condivisione dei documenti che fornisce anche un agile cloud storage ideale per le aziende.","breadcrumb":{"@id":"https:\/\/www.accuratereviews.com\/it\/backup-i-migliori-software-e-servizi-software-lista\/r2-docuo-recensione\/#breadcrumb"},"inLanguage":"it-IT","potentialAction":[{"@type":"ReadAction","target":["https:\/\/www.accuratereviews.com\/it\/backup-i-migliori-software-e-servizi-software-lista\/r2-docuo-recensione\/"]}]},{"@type":"ImageObject","inLanguage":"it-IT","@id":"https:\/\/www.accuratereviews.com\/it\/backup-i-migliori-software-e-servizi-software-lista\/r2-docuo-recensione\/#primaryimage","url":"https:\/\/www.accuratereviews.com\/wp-content\/uploads\/2019\/09\/R2-Docuo-logo-.png","contentUrl":"https:\/\/www.accuratereviews.com\/wp-content\/uploads\/2019\/09\/R2-Docuo-logo-.png","width":765,"height":255},{"@type":"BreadcrumbList","@id":"https:\/\/www.accuratereviews.com\/it\/backup-i-migliori-software-e-servizi-software-lista\/r2-docuo-recensione\/#breadcrumb","itemListElement":[{"@type":"ListItem","position":1,"name":"Home","item":"https:\/\/www.accuratereviews.com\/it\/"},{"@type":"ListItem","position":2,"name":"Backup: i migliori software e servizi","item":"https:\/\/www.accuratereviews.com\/it\/backup-i-migliori-software-e-servizi-software-lista\/"},{"@type":"ListItem","position":3,"name":"R2 Docuo"}]},{"@type":"WebSite","@id":"https:\/\/www.accuratereviews.com\/it\/#website","url":"https:\/\/www.accuratereviews.com\/it\/","name":"Accurate Reviews","description":"","potentialAction":[{"@type":"SearchAction","target":{"@type":"EntryPoint","urlTemplate":"https:\/\/www.accuratereviews.com\/it\/?s={search_term_string}"},"query-input":{"@type":"PropertyValueSpecification","valueRequired":true,"valueName":"search_term_string"}}],"inLanguage":"it-IT"}]}},"_links":{"self":[{"href":"https:\/\/www.accuratereviews.com\/it\/wp-json\/wp\/v2\/pages\/18329","targetHints":{"allow":["GET"]}}],"collection":[{"href":"https:\/\/www.accuratereviews.com\/it\/wp-json\/wp\/v2\/pages"}],"about":[{"href":"https:\/\/www.accuratereviews.com\/it\/wp-json\/wp\/v2\/types\/page"}],"author":[{"embeddable":true,"href":"https:\/\/www.accuratereviews.com\/it\/wp-json\/wp\/v2\/users\/19"}],"replies":[{"embeddable":true,"href":"https:\/\/www.accuratereviews.com\/it\/wp-json\/wp\/v2\/comments?post=18329"}],"version-history":[{"count":9,"href":"https:\/\/www.accuratereviews.com\/it\/wp-json\/wp\/v2\/pages\/18329\/revisions"}],"predecessor-version":[{"id":40991,"href":"https:\/\/www.accuratereviews.com\/it\/wp-json\/wp\/v2\/pages\/18329\/revisions\/40991"}],"up":[{"embeddable":true,"href":"https:\/\/www.accuratereviews.com\/it\/wp-json\/wp\/v2\/pages\/6671"}],"wp:featuredmedia":[{"embeddable":true,"href":"https:\/\/www.accuratereviews.com\/it\/wp-json\/wp\/v2\/media\/18330"}],"wp:attachment":[{"href":"https:\/\/www.accuratereviews.com\/it\/wp-json\/wp\/v2\/media?parent=18329"}],"wp:term":[{"taxonomy":"category","embeddable":true,"href":"https:\/\/www.accuratereviews.com\/it\/wp-json\/wp\/v2\/categories?post=18329"},{"taxonomy":"post_tag","embeddable":true,"href":"https:\/\/www.accuratereviews.com\/it\/wp-json\/wp\/v2\/tags?post=18329"},{"taxonomy":"features","embeddable":true,"href":"https:\/\/www.accuratereviews.com\/it\/wp-json\/wp\/v2\/features?post=18329"}],"curies":[{"name":"wp","href":"https:\/\/api.w.org\/{rel}","templated":true}]}}