{"id":18339,"date":"2019-09-19T16:15:00","date_gmt":"2019-09-19T16:15:00","guid":{"rendered":"https:\/\/www.accuratereviews.com\/?page_id=18339"},"modified":"2021-04-23T10:10:11","modified_gmt":"2021-04-23T10:10:11","slug":"tresorit-recensione","status":"publish","type":"page","link":"https:\/\/www.accuratereviews.com\/it\/backup-i-migliori-software-e-servizi-software-lista\/tresorit-recensione\/","title":{"rendered":"Tresorit"},"content":{"rendered":"<p><strong>Tresorit<\/strong> \u00e8 una soluzione di servizi di <strong>archiviazione cloud<\/strong> progettata per offrire protezione crittografata end-to-end sicura e <strong>condivisione di file<\/strong> e altri dati riservati. Hai una piattaforma che garantisce la sicurezza di tutti i tuoi file, documenti e altre informazioni sensibili che non desideri archiviare sul tuo server, prevenendo la violazione dei dati e l&#8217;accesso non autorizzato da altre parti. Tutti i tuoi dispositivi sono sincronizzati con <strong>Tresorit<\/strong>, che consente di accedere a documenti crittografati tramite laptop, smartphone, desktop e tablet. Puoi anche condividere qualsiasi file o invitare altre persone a visualizzare i tuoi file. Questa funzionalit\u00e0 aiuta te, il tuo team, i tuoi clienti e i tuoi collaboratori a rimanere su una pagina e a collaborare in modo efficace, migliorando notevolmente l&#8217;efficienza e la produttivit\u00e0 complessive. Inoltre, supporta pi\u00f9 lingue oltre all&#8217;inglese anche il tedesco e l&#8217;ungherese.<\/p>\n<h2>TRESORIT &#8211; TUTORIAL<\/h2>\n<p>Questo video aiuter\u00e0 gli amministratori a gestire il proprio account aziendale attraverso il centro di amministrazione <strong>Tresorit for Business:<\/strong><\/p>\n<div id=\"fluid-wrapper-counter-1\" class=\"g1-fluid-wrapper \" style=\"width:686px;\">\n<div style=\"padding-bottom:56.268221574344%;\"><iframe loading=\"lazy\" title=\"Getting Started with Tresorit for Business - for Admins\" width=\"686\" height=\"386\" src=\"https:\/\/www.youtube.com\/embed\/BRLtWZmnSTc?feature=oembed&amp;wmode=transparent&amp;autohide=1&amp;autoplay=0&amp;disablekb=0&amp;fs=1&amp;loop=0&amp;enablejsapi=1&amp;rel=0&amp;controls=2&amp;showinfo=0&amp;wmode=transparent&amp;autohide=2&amp;autoplay=0&amp;disablekb=0&amp;fs=1&amp;loop=0&amp;enablejsapi=1&amp;rel=0&amp;controls=2&amp;showinfo=1\" frameborder=\"0\" allow=\"accelerometer; autoplay; clipboard-write; encrypted-media; gyroscope; picture-in-picture\" allowfullscreen><\/iframe><\/div>\n<\/div>\n<h3>TRESORIT &#8211; CARATTERISTICHE<\/h3>\n<ul>\n<li>Crittografia end-to-end integrata<\/li>\n<li>Accesso sicuro fino a 10 dispositivi \/ utente<\/li>\n<li>Sincronizzazione delle cartelle<\/li>\n<li>Ripristino versione illimitato<\/li>\n<li>Cronologia delle attivit\u00e0 illimitata<\/li>\n<li>Controllo delle autorizzazioni<\/li>\n<li>Condivisione di file con collegamenti protetti da password<\/li>\n<li>Autenticazione a 2 fattori<\/li>\n<li>Integrazione con Outlook<\/li>\n<li>Politiche di sicurezza<\/li>\n<li>Controllo file a livello di team di file condivisi<\/li>\n<\/ul>\n<h4>LE RECENSIONI DEGLI UTENTI<\/h4>\n<h4>Misha K. &#8220;Ottima interfaccia, sicurezza eccezionale&#8221;<\/h4>\n<p><strong>Commenti<\/strong>: Come menzionato nella mia recensione: 5 GB di spazio di archiviazione gratuito, crittografia end-to-end con conoscenza zero di Tresorit, ottima app per iPhone per caricare e visualizzare immagini \/ foto<\/p>\n<p><strong>Vantaggi<\/strong>: esistono diverse soluzioni di archiviazione cloud con obiettivi diversi. Per gli obiettivi di massima sicurezza (crittografia end-to-end senza possibilit\u00e0 per Tresorit o chiunque altro senza la tua password di accedere ai tuoi dati) con un accesso facile \/ continuo sia su computer che su dispositivo mobile, Tresorit non offre una soluzione migliore. Le funzionalit\u00e0 che utilizzo includono:<br \/>\n&#8211; 5 GB gratuiti per sempre dopo aver fatto tutorial \/ esercitazioni introduttive<br \/>\n&#8211; crittografia end-to-end con conoscenza zero di Tresorit (assicurati di non perdere la password; anche se puoi comunque reimpostare la password se hai effettuato l&#8217;accesso su un dispositivo, se sei completamente disconnesso e dimentichi la password, non puoi accedere ai tuoi dati di base)<br \/>\n&#8211; perfetta integrazione con iPhone, comprese le miniature delle foto e possibilit\u00e0 di visualizzare le immagini durante il caricamento<br \/>\n&#8211; L&#8217;app per iPhone include un blocco con chiave PIN a 4 cifre<\/p>\n<p><strong>Inconvenienti<\/strong>: Ovviamente una maggiore quantit\u00e0 di spazio di archiviazione gratuito sarebbe miglio<\/p>\n<h4>Massimo F. &#8220;Nel mio gruppo abbiamo usato Dropbox, Box e molti altri, ma nessuno \u00e8 paragonabile a Tresorit&#8221;<\/h4>\n<p><strong>Commenti<\/strong>: Tutti i miei file sono perfettamente sincronizzati e condivisi tra i miei collaboratori senza alcuno sforzo. Ho usato versioni aziendali di tutti i concorrenti e posso garantire che sono a miglia di distanza dall&#8217;affidabilit\u00e0 fornita da Tresorit.<\/p>\n<p><strong>Vantaggi<\/strong>: adoro il controllo totale e l&#8217;accessibilit\u00e0 per ogni file o cartella. Sincronizziamo 9 macchine con GB di dati e non una volta abbiamo riscontrato una sincronizzazione non riuscita o un problema di controllo delle versioni. Il metodo di crittografia \u00e8 tra i migliori del settore. L&#8217;usabilit\u00e0 \u00e8 di prim&#8217;ordine. Nel mio team ho un collega non particolarmente esperto di tecnologia e ma usa Tresorit senza problemi.<\/p>\n<p><strong>Inconvenienti<\/strong>: non posso elencare un singolo problema, Tresorit \u00e8 una piattaforma perfettamente progettata a 360 gradi. Ho odiato il file di dimensioni di 1 GB limitato ma ora questa limitazione \u00e8 sparita. Tresorit ascolta i suggerimenti dei loro clienti.<\/p>\n<h4>Beat M. &#8220;Semplicemente fantastico&#8221;<\/h4>\n<p><strong>Commenti<\/strong>: lavorare in gruppo con gli stessi dati, le vecchie versioni di ciascun file sono protette<\/p>\n<p><strong>Vantaggi<\/strong>: facile da usare. Integrazione nel finder di MAC.<\/p>\n<p><strong>Inconvenienti<\/strong>: niente. Per me funziona perfettamente. &#8230;&#8230;..<\/p>\n<p>&nbsp;<\/p>\n","protected":false},"excerpt":{"rendered":"<p>Tresorit \u00e8 una soluzione di servizi di archiviazione cloud progettata per offrire protezione crittografata end-to-end sicura e condivisione di file e altri dati riservati. Hai una piattaforma che garantisce la sicurezza di tutti i tuoi file, documenti e altre informazioni sensibili che non desideri archiviare sul tuo server, prevenendo la violazione dei dati e l&#8217;accesso non autorizzato da altre parti.<\/p>\n","protected":false},"author":19,"featured_media":18342,"parent":6671,"menu_order":0,"comment_status":"open","ping_status":"closed","template":"g1_template_page_review_new.php","meta":{"_acf_changed":false,"cwp_meta_box_check":"Yes","cwp_rev_product_name":"","cwp_rev_product_image":"","wppr_links":[],"cwp_rev_price":"","wppr_options":[],"wppr_pros":[],"wppr_cons":[],"_monsterinsights_skip_tracking":false,"_monsterinsights_sitenote_active":false,"_monsterinsights_sitenote_note":"","_monsterinsights_sitenote_category":0,"footnotes":""},"categories":[98],"tags":[1293,1297,1296,1304],"features":[],"class_list":{"0":"post-18339","1":"page","2":"type-page","3":"status-publish","4":"has-post-thumbnail","6":"category-backup","7":"tag-condivisione-file","8":"tag-programma-condivisione-file","9":"tag-software-condivisione-file","10":"tag-tresorit"},"wppr_data":{"cwp_meta_box_check":"Yes","cwp_rev_product_name":"","cwp_rev_product_image":"","cwp_image_link":"image","cwp_rev_price":"","wppr_rating":"0.00"},"acf":[],"yoast_head":"<!-- This site is optimized with the Yoast SEO plugin v27.4 - https:\/\/yoast.com\/product\/yoast-seo-wordpress\/ -->\n<title>Tresorit: recensione software condivisione file - Accurate Reviews<\/title>\n<meta name=\"description\" content=\"Tresorit: recensione softwarei di archiviazione in cloud progettata per offrire protezione crittografata end-to-end sicura.\" \/>\n<meta name=\"robots\" content=\"index, follow, max-snippet:-1, max-image-preview:large, max-video-preview:-1\" \/>\n<link rel=\"canonical\" href=\"https:\/\/www.accuratereviews.com\/it\/backup-i-migliori-software-e-servizi-software-lista\/tresorit-recensione\/\" \/>\n<meta property=\"og:locale\" content=\"it_IT\" \/>\n<meta property=\"og:type\" content=\"article\" \/>\n<meta property=\"og:title\" content=\"Tresorit: recensione software condivisione file - Accurate Reviews\" \/>\n<meta property=\"og:description\" content=\"Tresorit: recensione softwarei di archiviazione in cloud progettata per offrire protezione crittografata end-to-end sicura.\" \/>\n<meta property=\"og:url\" content=\"https:\/\/www.accuratereviews.com\/it\/backup-i-migliori-software-e-servizi-software-lista\/tresorit-recensione\/\" \/>\n<meta property=\"og:site_name\" content=\"Accurate Reviews\" \/>\n<meta property=\"article:modified_time\" content=\"2021-04-23T10:10:11+00:00\" \/>\n<meta property=\"og:image\" content=\"https:\/\/www.accuratereviews.com\/wp-content\/uploads\/2019\/09\/Tresorit_Logo.png\" \/>\n\t<meta property=\"og:image:width\" content=\"220\" \/>\n\t<meta property=\"og:image:height\" content=\"220\" \/>\n\t<meta property=\"og:image:type\" content=\"image\/png\" \/>\n<meta name=\"twitter:card\" content=\"summary_large_image\" \/>\n<meta name=\"twitter:label1\" content=\"Tempo di lettura stimato\" \/>\n\t<meta name=\"twitter:data1\" content=\"3 minuti\" \/>\n<script type=\"application\/ld+json\" class=\"yoast-schema-graph\">{\"@context\":\"https:\\\/\\\/schema.org\",\"@graph\":[{\"@type\":\"WebPage\",\"@id\":\"https:\\\/\\\/www.accuratereviews.com\\\/it\\\/backup-i-migliori-software-e-servizi-software-lista\\\/tresorit-recensione\\\/\",\"url\":\"https:\\\/\\\/www.accuratereviews.com\\\/it\\\/backup-i-migliori-software-e-servizi-software-lista\\\/tresorit-recensione\\\/\",\"name\":\"Tresorit: recensione software condivisione file - Accurate Reviews\",\"isPartOf\":{\"@id\":\"https:\\\/\\\/www.accuratereviews.com\\\/it\\\/#website\"},\"primaryImageOfPage\":{\"@id\":\"https:\\\/\\\/www.accuratereviews.com\\\/it\\\/backup-i-migliori-software-e-servizi-software-lista\\\/tresorit-recensione\\\/#primaryimage\"},\"image\":{\"@id\":\"https:\\\/\\\/www.accuratereviews.com\\\/it\\\/backup-i-migliori-software-e-servizi-software-lista\\\/tresorit-recensione\\\/#primaryimage\"},\"thumbnailUrl\":\"https:\\\/\\\/www.accuratereviews.com\\\/wp-content\\\/uploads\\\/2019\\\/09\\\/Tresorit_Logo.png\",\"datePublished\":\"2019-09-19T16:15:00+00:00\",\"dateModified\":\"2021-04-23T10:10:11+00:00\",\"description\":\"Tresorit: recensione softwarei di archiviazione in cloud progettata per offrire protezione crittografata end-to-end sicura.\",\"breadcrumb\":{\"@id\":\"https:\\\/\\\/www.accuratereviews.com\\\/it\\\/backup-i-migliori-software-e-servizi-software-lista\\\/tresorit-recensione\\\/#breadcrumb\"},\"inLanguage\":\"it-IT\",\"potentialAction\":[{\"@type\":\"ReadAction\",\"target\":[\"https:\\\/\\\/www.accuratereviews.com\\\/it\\\/backup-i-migliori-software-e-servizi-software-lista\\\/tresorit-recensione\\\/\"]}]},{\"@type\":\"ImageObject\",\"inLanguage\":\"it-IT\",\"@id\":\"https:\\\/\\\/www.accuratereviews.com\\\/it\\\/backup-i-migliori-software-e-servizi-software-lista\\\/tresorit-recensione\\\/#primaryimage\",\"url\":\"https:\\\/\\\/www.accuratereviews.com\\\/wp-content\\\/uploads\\\/2019\\\/09\\\/Tresorit_Logo.png\",\"contentUrl\":\"https:\\\/\\\/www.accuratereviews.com\\\/wp-content\\\/uploads\\\/2019\\\/09\\\/Tresorit_Logo.png\",\"width\":220,\"height\":220},{\"@type\":\"BreadcrumbList\",\"@id\":\"https:\\\/\\\/www.accuratereviews.com\\\/it\\\/backup-i-migliori-software-e-servizi-software-lista\\\/tresorit-recensione\\\/#breadcrumb\",\"itemListElement\":[{\"@type\":\"ListItem\",\"position\":1,\"name\":\"Home\",\"item\":\"https:\\\/\\\/www.accuratereviews.com\\\/it\\\/\"},{\"@type\":\"ListItem\",\"position\":2,\"name\":\"Backup: i migliori software e servizi\",\"item\":\"https:\\\/\\\/www.accuratereviews.com\\\/it\\\/backup-i-migliori-software-e-servizi-software-lista\\\/\"},{\"@type\":\"ListItem\",\"position\":3,\"name\":\"Tresorit\"}]},{\"@type\":\"WebSite\",\"@id\":\"https:\\\/\\\/www.accuratereviews.com\\\/it\\\/#website\",\"url\":\"https:\\\/\\\/www.accuratereviews.com\\\/it\\\/\",\"name\":\"Accurate Reviews\",\"description\":\"\",\"potentialAction\":[{\"@type\":\"SearchAction\",\"target\":{\"@type\":\"EntryPoint\",\"urlTemplate\":\"https:\\\/\\\/www.accuratereviews.com\\\/it\\\/?s={search_term_string}\"},\"query-input\":{\"@type\":\"PropertyValueSpecification\",\"valueRequired\":true,\"valueName\":\"search_term_string\"}}],\"inLanguage\":\"it-IT\"}]}<\/script>\n<!-- \/ Yoast SEO plugin. -->","yoast_head_json":{"title":"Tresorit: recensione software condivisione file - Accurate Reviews","description":"Tresorit: recensione softwarei di archiviazione in cloud progettata per offrire protezione crittografata end-to-end sicura.","robots":{"index":"index","follow":"follow","max-snippet":"max-snippet:-1","max-image-preview":"max-image-preview:large","max-video-preview":"max-video-preview:-1"},"canonical":"https:\/\/www.accuratereviews.com\/it\/backup-i-migliori-software-e-servizi-software-lista\/tresorit-recensione\/","og_locale":"it_IT","og_type":"article","og_title":"Tresorit: recensione software condivisione file - Accurate Reviews","og_description":"Tresorit: recensione softwarei di archiviazione in cloud progettata per offrire protezione crittografata end-to-end sicura.","og_url":"https:\/\/www.accuratereviews.com\/it\/backup-i-migliori-software-e-servizi-software-lista\/tresorit-recensione\/","og_site_name":"Accurate Reviews","article_modified_time":"2021-04-23T10:10:11+00:00","og_image":[{"width":220,"height":220,"url":"https:\/\/www.accuratereviews.com\/wp-content\/uploads\/2019\/09\/Tresorit_Logo.png","type":"image\/png"}],"twitter_card":"summary_large_image","twitter_misc":{"Tempo di lettura stimato":"3 minuti"},"schema":{"@context":"https:\/\/schema.org","@graph":[{"@type":"WebPage","@id":"https:\/\/www.accuratereviews.com\/it\/backup-i-migliori-software-e-servizi-software-lista\/tresorit-recensione\/","url":"https:\/\/www.accuratereviews.com\/it\/backup-i-migliori-software-e-servizi-software-lista\/tresorit-recensione\/","name":"Tresorit: recensione software condivisione file - Accurate Reviews","isPartOf":{"@id":"https:\/\/www.accuratereviews.com\/it\/#website"},"primaryImageOfPage":{"@id":"https:\/\/www.accuratereviews.com\/it\/backup-i-migliori-software-e-servizi-software-lista\/tresorit-recensione\/#primaryimage"},"image":{"@id":"https:\/\/www.accuratereviews.com\/it\/backup-i-migliori-software-e-servizi-software-lista\/tresorit-recensione\/#primaryimage"},"thumbnailUrl":"https:\/\/www.accuratereviews.com\/wp-content\/uploads\/2019\/09\/Tresorit_Logo.png","datePublished":"2019-09-19T16:15:00+00:00","dateModified":"2021-04-23T10:10:11+00:00","description":"Tresorit: recensione softwarei di archiviazione in cloud progettata per offrire protezione crittografata end-to-end sicura.","breadcrumb":{"@id":"https:\/\/www.accuratereviews.com\/it\/backup-i-migliori-software-e-servizi-software-lista\/tresorit-recensione\/#breadcrumb"},"inLanguage":"it-IT","potentialAction":[{"@type":"ReadAction","target":["https:\/\/www.accuratereviews.com\/it\/backup-i-migliori-software-e-servizi-software-lista\/tresorit-recensione\/"]}]},{"@type":"ImageObject","inLanguage":"it-IT","@id":"https:\/\/www.accuratereviews.com\/it\/backup-i-migliori-software-e-servizi-software-lista\/tresorit-recensione\/#primaryimage","url":"https:\/\/www.accuratereviews.com\/wp-content\/uploads\/2019\/09\/Tresorit_Logo.png","contentUrl":"https:\/\/www.accuratereviews.com\/wp-content\/uploads\/2019\/09\/Tresorit_Logo.png","width":220,"height":220},{"@type":"BreadcrumbList","@id":"https:\/\/www.accuratereviews.com\/it\/backup-i-migliori-software-e-servizi-software-lista\/tresorit-recensione\/#breadcrumb","itemListElement":[{"@type":"ListItem","position":1,"name":"Home","item":"https:\/\/www.accuratereviews.com\/it\/"},{"@type":"ListItem","position":2,"name":"Backup: i migliori software e servizi","item":"https:\/\/www.accuratereviews.com\/it\/backup-i-migliori-software-e-servizi-software-lista\/"},{"@type":"ListItem","position":3,"name":"Tresorit"}]},{"@type":"WebSite","@id":"https:\/\/www.accuratereviews.com\/it\/#website","url":"https:\/\/www.accuratereviews.com\/it\/","name":"Accurate Reviews","description":"","potentialAction":[{"@type":"SearchAction","target":{"@type":"EntryPoint","urlTemplate":"https:\/\/www.accuratereviews.com\/it\/?s={search_term_string}"},"query-input":{"@type":"PropertyValueSpecification","valueRequired":true,"valueName":"search_term_string"}}],"inLanguage":"it-IT"}]}},"_links":{"self":[{"href":"https:\/\/www.accuratereviews.com\/it\/wp-json\/wp\/v2\/pages\/18339","targetHints":{"allow":["GET"]}}],"collection":[{"href":"https:\/\/www.accuratereviews.com\/it\/wp-json\/wp\/v2\/pages"}],"about":[{"href":"https:\/\/www.accuratereviews.com\/it\/wp-json\/wp\/v2\/types\/page"}],"author":[{"embeddable":true,"href":"https:\/\/www.accuratereviews.com\/it\/wp-json\/wp\/v2\/users\/19"}],"replies":[{"embeddable":true,"href":"https:\/\/www.accuratereviews.com\/it\/wp-json\/wp\/v2\/comments?post=18339"}],"version-history":[{"count":10,"href":"https:\/\/www.accuratereviews.com\/it\/wp-json\/wp\/v2\/pages\/18339\/revisions"}],"predecessor-version":[{"id":40838,"href":"https:\/\/www.accuratereviews.com\/it\/wp-json\/wp\/v2\/pages\/18339\/revisions\/40838"}],"up":[{"embeddable":true,"href":"https:\/\/www.accuratereviews.com\/it\/wp-json\/wp\/v2\/pages\/6671"}],"wp:featuredmedia":[{"embeddable":true,"href":"https:\/\/www.accuratereviews.com\/it\/wp-json\/wp\/v2\/media\/18342"}],"wp:attachment":[{"href":"https:\/\/www.accuratereviews.com\/it\/wp-json\/wp\/v2\/media?parent=18339"}],"wp:term":[{"taxonomy":"category","embeddable":true,"href":"https:\/\/www.accuratereviews.com\/it\/wp-json\/wp\/v2\/categories?post=18339"},{"taxonomy":"post_tag","embeddable":true,"href":"https:\/\/www.accuratereviews.com\/it\/wp-json\/wp\/v2\/tags?post=18339"},{"taxonomy":"features","embeddable":true,"href":"https:\/\/www.accuratereviews.com\/it\/wp-json\/wp\/v2\/features?post=18339"}],"curies":[{"name":"wp","href":"https:\/\/api.w.org\/{rel}","templated":true}]}}