{"id":18361,"date":"2019-09-19T16:15:58","date_gmt":"2019-09-19T16:15:58","guid":{"rendered":"https:\/\/www.accuratereviews.com\/?page_id=18361"},"modified":"2021-04-24T07:08:11","modified_gmt":"2021-04-24T07:08:11","slug":"x-cloud-recensione","status":"publish","type":"page","link":"https:\/\/www.accuratereviews.com\/it\/backup-i-migliori-software-e-servizi-software-lista\/x-cloud-recensione\/","title":{"rendered":"X Cloud"},"content":{"rendered":"<p><strong>X Cloud<\/strong> \u00e8 un software che permette agli utenti di archiviare i file in uno <strong>spazio cloud privato e sicuro<\/strong>, cos\u00ec da salvaguardare dati aziendali e importanti. Offre un determinato<strong> spazio di archiviazione cloud<\/strong> a seconda del piano tariffario a cui ci si vuole abbonare. Esiste il piano gratuito che ti permette di utilizzare sino a<strong> 1GB<\/strong> di spazio, quello a 4,49\u20ac che ti consente di utilizzare uno spazio di\u00a0<strong>100GB<\/strong> e quello a 9,99\u20ac che arriva sino a<strong> 1TB<\/strong>. Dispone della <strong>crittografia end-to-end<\/strong> che garantisce la massima sicurezza e privacy in moto tale che i tuoi dati appartengano solamente a te.<\/p>\n<p><strong>X Cloud<\/strong> \u00e8 disponibile per la versione Web sui principali sistemi operativi, <strong>Windows e Mac<\/strong>, e per la versione Mobile per i dispositivi <strong>iOS e Android<\/strong>.<\/p>\n<h2>X CLOUD &#8211; TUTORIAL<\/h2>\n<p>Guardiamo insieme questo video per comprendere meglio come funziona questo programma:<\/p>\n<div id=\"fluid-wrapper-counter-1\" class=\"g1-fluid-wrapper \" style=\"width:686px;\">\n<div style=\"padding-bottom:56.268221574344%;\"><iframe loading=\"lazy\" title=\"X Cloud By Internxt - Private and Secure Decentralized Cloud Storage\" width=\"686\" height=\"386\" src=\"https:\/\/www.youtube.com\/embed\/jnYfgjbBBVY?feature=oembed&amp;wmode=transparent&amp;autohide=1&amp;autoplay=0&amp;disablekb=0&amp;fs=1&amp;loop=0&amp;enablejsapi=1&amp;rel=0&amp;controls=2&amp;showinfo=0&amp;wmode=transparent&amp;autohide=2&amp;autoplay=0&amp;disablekb=0&amp;fs=1&amp;loop=0&amp;enablejsapi=1&amp;rel=0&amp;controls=2&amp;showinfo=1\" frameborder=\"0\" allow=\"accelerometer; autoplay; clipboard-write; encrypted-media; gyroscope; picture-in-picture\" allowfullscreen><\/iframe><\/div>\n<\/div>\n<h3>X CLOUD &#8211; CARATTERISTICHE<\/h3>\n<p>Ecco le principali caratteristiche di X Cloud:<\/p>\n<ul>\n<li><strong>Spazio di archiviazione cloud<\/strong>: scegli se usare 1GB, 100 GB o 1TB di spazio per archiviare i tuoi file e avere sempre il controllo su di essi<\/li>\n<li><strong>Crittografia end-to-end<\/strong>: tieni i tuoi file e dati al sicuro cos\u00ec da proteggere la tua sicurezza digitale<\/li>\n<li><strong>Interfaccia utente intuitiva<\/strong>: naviga e trova velocemente ci\u00f2 che desideri grazie alla dashboard in cui le opzioni dei file sono distribuite in maniera lineare e intuitiva<\/li>\n<li><strong>Organizzazione in cartelle<\/strong>: personalizza le cartelle come vuoi, scegliendo un colore, un disegno cos\u00ec da riconoscerle pi\u00f9 facilmente<\/li>\n<li><strong>Condivisione file<\/strong>: condividi i tuoi file con colleghi e amici in modo rapido e sicuro<\/li>\n<li><strong>Accesso da tutti i dispositivi<\/strong>: accedi ai tuoi file dal PC, dal tablet e dallo smartphone.<\/li>\n<\/ul>\n<h3>LE RECENSIONI DEGLI UTENTI<\/h3>\n<p>&nbsp;<\/p>\n<ul>\n<li><strong>&#8220;X Cloud \u00e8 un&#8217;app Cloud affidabile&#8221;<\/strong><br \/>\nPRO: custodisce in maniera sicura qualsiasi tipo di informazione.\u00a0Sempre accessibile, disponibile e dispone anche della versione mobile.\u00a0Risoluzione rapida delle sfide quando si verificano.<br \/>\nCONTRO: non abbiamo ancora riscontrato nessun problema.<\/li>\n<li><strong>&#8220;La migliore alternativa Drobox decentralizzata&#8221;<br \/>\n<\/strong>IN GENERALE: avevamo bisogno di un&#8217;alternativa a Dropbox che ci consentisse di archiviare i file dei clienti e il lavoro (file social media) e, essendo X cloud compatibile con il GDPR, \u00e8 davvero perfetto per noi!<br \/>\nPRO: si tratta di un cloud GDPR, non come Dropbox e GDrive e la tua privacy \u00e8 una priorit\u00e0, nessuno pu\u00f2 rubare i tuoi dati. Facile da usare e vengono aggiunte funzionalit\u00e0 ogni giorno.<br \/>\nCONTRO: aggiungendo aggiornamenti di continuo, il programma si rallenta un po&#8217;.<\/li>\n<li><strong>&#8220;Cloud Storage a un prezzo ragionevole&#8221;<\/strong><br \/>\nPRO: la crittografia end-to-end d\u00e0 fiducia nella sicurezza dei file archiviati sulla piattaforma.<br \/>\nCONTRO: l&#8217;applicazione si arresta in modo anomalo durante la copia di file di grandi dimensioni.<\/li>\n<\/ul>\n","protected":false},"excerpt":{"rendered":"<p>X Cloud \u00e8 un software che permette agli utenti di archiviare i file in uno spazio cloud privato e sicuro, cos\u00ec da salvaguardare dati aziendali e importanti. Si tratta quindi di un servizio che offre un determinato spazio di archiviazione cloud a seconda del piano tariffario a cui ci si vuole abbonare.<\/p>\n","protected":false},"author":17,"featured_media":18363,"parent":6671,"menu_order":0,"comment_status":"open","ping_status":"closed","template":"g1_template_page_review_new.php","meta":{"_acf_changed":false,"cwp_meta_box_check":"Yes","cwp_rev_product_name":"","cwp_rev_product_image":"","wppr_links":[],"cwp_rev_price":"","wppr_options":[],"wppr_pros":[],"wppr_cons":[],"_monsterinsights_skip_tracking":false,"_monsterinsights_sitenote_active":false,"_monsterinsights_sitenote_note":"","_monsterinsights_sitenote_category":0,"footnotes":""},"categories":[98],"tags":[396,1305,795,650],"features":[],"class_list":{"0":"post-18361","1":"page","2":"type-page","3":"status-publish","4":"has-post-thumbnail","6":"category-backup","7":"tag-cloud","8":"tag-cloud-storage-software","9":"tag-spazio-di-archiviazione","10":"tag-trasferimento-file"},"wppr_data":{"cwp_meta_box_check":"Yes","cwp_rev_product_name":"","cwp_rev_product_image":"","cwp_image_link":"image","cwp_rev_price":"","wppr_rating":"0.00"},"acf":[],"yoast_head":"<!-- This site is optimized with the Yoast SEO plugin v27.4 - https:\/\/yoast.com\/product\/yoast-seo-wordpress\/ -->\n<title>X Cloud: recensione spazio di archiviazione cloud - Accurate Reviews<\/title>\n<meta name=\"description\" content=\"X Cloud \u00e8 un software che permette agli utenti di archiviare i file in uno spazio cloud privato e sicuro per salvaguardare dati aziendali.\" \/>\n<meta name=\"robots\" content=\"index, follow, max-snippet:-1, max-image-preview:large, max-video-preview:-1\" \/>\n<link rel=\"canonical\" href=\"https:\/\/www.accuratereviews.com\/it\/backup-i-migliori-software-e-servizi-software-lista\/x-cloud-recensione\/\" \/>\n<meta property=\"og:locale\" content=\"it_IT\" \/>\n<meta property=\"og:type\" content=\"article\" \/>\n<meta property=\"og:title\" content=\"X Cloud: recensione spazio di archiviazione cloud - Accurate Reviews\" \/>\n<meta property=\"og:description\" content=\"X Cloud \u00e8 un software che permette agli utenti di archiviare i file in uno spazio cloud privato e sicuro per salvaguardare dati aziendali.\" \/>\n<meta property=\"og:url\" content=\"https:\/\/www.accuratereviews.com\/it\/backup-i-migliori-software-e-servizi-software-lista\/x-cloud-recensione\/\" \/>\n<meta property=\"og:site_name\" content=\"Accurate Reviews\" \/>\n<meta property=\"article:modified_time\" content=\"2021-04-24T07:08:11+00:00\" \/>\n<meta property=\"og:image\" content=\"https:\/\/www.accuratereviews.com\/wp-content\/uploads\/2019\/09\/logo.ashx_.jpeg\" \/>\n\t<meta property=\"og:image:width\" content=\"216\" \/>\n\t<meta property=\"og:image:height\" content=\"190\" \/>\n\t<meta property=\"og:image:type\" content=\"image\/jpeg\" \/>\n<meta name=\"twitter:card\" content=\"summary_large_image\" \/>\n<meta name=\"twitter:label1\" content=\"Tempo di lettura stimato\" \/>\n\t<meta name=\"twitter:data1\" content=\"2 minuti\" \/>\n<script type=\"application\/ld+json\" class=\"yoast-schema-graph\">{\"@context\":\"https:\\\/\\\/schema.org\",\"@graph\":[{\"@type\":\"WebPage\",\"@id\":\"https:\\\/\\\/www.accuratereviews.com\\\/it\\\/backup-i-migliori-software-e-servizi-software-lista\\\/x-cloud-recensione\\\/\",\"url\":\"https:\\\/\\\/www.accuratereviews.com\\\/it\\\/backup-i-migliori-software-e-servizi-software-lista\\\/x-cloud-recensione\\\/\",\"name\":\"X Cloud: recensione spazio di archiviazione cloud - Accurate Reviews\",\"isPartOf\":{\"@id\":\"https:\\\/\\\/www.accuratereviews.com\\\/it\\\/#website\"},\"primaryImageOfPage\":{\"@id\":\"https:\\\/\\\/www.accuratereviews.com\\\/it\\\/backup-i-migliori-software-e-servizi-software-lista\\\/x-cloud-recensione\\\/#primaryimage\"},\"image\":{\"@id\":\"https:\\\/\\\/www.accuratereviews.com\\\/it\\\/backup-i-migliori-software-e-servizi-software-lista\\\/x-cloud-recensione\\\/#primaryimage\"},\"thumbnailUrl\":\"https:\\\/\\\/www.accuratereviews.com\\\/wp-content\\\/uploads\\\/2019\\\/09\\\/logo.ashx_.jpeg\",\"datePublished\":\"2019-09-19T16:15:58+00:00\",\"dateModified\":\"2021-04-24T07:08:11+00:00\",\"description\":\"X Cloud \u00e8 un software che permette agli utenti di archiviare i file in uno spazio cloud privato e sicuro per salvaguardare dati aziendali.\",\"breadcrumb\":{\"@id\":\"https:\\\/\\\/www.accuratereviews.com\\\/it\\\/backup-i-migliori-software-e-servizi-software-lista\\\/x-cloud-recensione\\\/#breadcrumb\"},\"inLanguage\":\"it-IT\",\"potentialAction\":[{\"@type\":\"ReadAction\",\"target\":[\"https:\\\/\\\/www.accuratereviews.com\\\/it\\\/backup-i-migliori-software-e-servizi-software-lista\\\/x-cloud-recensione\\\/\"]}]},{\"@type\":\"ImageObject\",\"inLanguage\":\"it-IT\",\"@id\":\"https:\\\/\\\/www.accuratereviews.com\\\/it\\\/backup-i-migliori-software-e-servizi-software-lista\\\/x-cloud-recensione\\\/#primaryimage\",\"url\":\"https:\\\/\\\/www.accuratereviews.com\\\/wp-content\\\/uploads\\\/2019\\\/09\\\/logo.ashx_.jpeg\",\"contentUrl\":\"https:\\\/\\\/www.accuratereviews.com\\\/wp-content\\\/uploads\\\/2019\\\/09\\\/logo.ashx_.jpeg\",\"width\":216,\"height\":190},{\"@type\":\"BreadcrumbList\",\"@id\":\"https:\\\/\\\/www.accuratereviews.com\\\/it\\\/backup-i-migliori-software-e-servizi-software-lista\\\/x-cloud-recensione\\\/#breadcrumb\",\"itemListElement\":[{\"@type\":\"ListItem\",\"position\":1,\"name\":\"Home\",\"item\":\"https:\\\/\\\/www.accuratereviews.com\\\/it\\\/\"},{\"@type\":\"ListItem\",\"position\":2,\"name\":\"Backup: i migliori software e servizi\",\"item\":\"https:\\\/\\\/www.accuratereviews.com\\\/it\\\/backup-i-migliori-software-e-servizi-software-lista\\\/\"},{\"@type\":\"ListItem\",\"position\":3,\"name\":\"X Cloud\"}]},{\"@type\":\"WebSite\",\"@id\":\"https:\\\/\\\/www.accuratereviews.com\\\/it\\\/#website\",\"url\":\"https:\\\/\\\/www.accuratereviews.com\\\/it\\\/\",\"name\":\"Accurate Reviews\",\"description\":\"\",\"potentialAction\":[{\"@type\":\"SearchAction\",\"target\":{\"@type\":\"EntryPoint\",\"urlTemplate\":\"https:\\\/\\\/www.accuratereviews.com\\\/it\\\/?s={search_term_string}\"},\"query-input\":{\"@type\":\"PropertyValueSpecification\",\"valueRequired\":true,\"valueName\":\"search_term_string\"}}],\"inLanguage\":\"it-IT\"}]}<\/script>\n<!-- \/ Yoast SEO plugin. -->","yoast_head_json":{"title":"X Cloud: recensione spazio di archiviazione cloud - Accurate Reviews","description":"X Cloud \u00e8 un software che permette agli utenti di archiviare i file in uno spazio cloud privato e sicuro per salvaguardare dati aziendali.","robots":{"index":"index","follow":"follow","max-snippet":"max-snippet:-1","max-image-preview":"max-image-preview:large","max-video-preview":"max-video-preview:-1"},"canonical":"https:\/\/www.accuratereviews.com\/it\/backup-i-migliori-software-e-servizi-software-lista\/x-cloud-recensione\/","og_locale":"it_IT","og_type":"article","og_title":"X Cloud: recensione spazio di archiviazione cloud - Accurate Reviews","og_description":"X Cloud \u00e8 un software che permette agli utenti di archiviare i file in uno spazio cloud privato e sicuro per salvaguardare dati aziendali.","og_url":"https:\/\/www.accuratereviews.com\/it\/backup-i-migliori-software-e-servizi-software-lista\/x-cloud-recensione\/","og_site_name":"Accurate Reviews","article_modified_time":"2021-04-24T07:08:11+00:00","og_image":[{"width":216,"height":190,"url":"https:\/\/www.accuratereviews.com\/wp-content\/uploads\/2019\/09\/logo.ashx_.jpeg","type":"image\/jpeg"}],"twitter_card":"summary_large_image","twitter_misc":{"Tempo di lettura stimato":"2 minuti"},"schema":{"@context":"https:\/\/schema.org","@graph":[{"@type":"WebPage","@id":"https:\/\/www.accuratereviews.com\/it\/backup-i-migliori-software-e-servizi-software-lista\/x-cloud-recensione\/","url":"https:\/\/www.accuratereviews.com\/it\/backup-i-migliori-software-e-servizi-software-lista\/x-cloud-recensione\/","name":"X Cloud: recensione spazio di archiviazione cloud - Accurate Reviews","isPartOf":{"@id":"https:\/\/www.accuratereviews.com\/it\/#website"},"primaryImageOfPage":{"@id":"https:\/\/www.accuratereviews.com\/it\/backup-i-migliori-software-e-servizi-software-lista\/x-cloud-recensione\/#primaryimage"},"image":{"@id":"https:\/\/www.accuratereviews.com\/it\/backup-i-migliori-software-e-servizi-software-lista\/x-cloud-recensione\/#primaryimage"},"thumbnailUrl":"https:\/\/www.accuratereviews.com\/wp-content\/uploads\/2019\/09\/logo.ashx_.jpeg","datePublished":"2019-09-19T16:15:58+00:00","dateModified":"2021-04-24T07:08:11+00:00","description":"X Cloud \u00e8 un software che permette agli utenti di archiviare i file in uno spazio cloud privato e sicuro per salvaguardare dati aziendali.","breadcrumb":{"@id":"https:\/\/www.accuratereviews.com\/it\/backup-i-migliori-software-e-servizi-software-lista\/x-cloud-recensione\/#breadcrumb"},"inLanguage":"it-IT","potentialAction":[{"@type":"ReadAction","target":["https:\/\/www.accuratereviews.com\/it\/backup-i-migliori-software-e-servizi-software-lista\/x-cloud-recensione\/"]}]},{"@type":"ImageObject","inLanguage":"it-IT","@id":"https:\/\/www.accuratereviews.com\/it\/backup-i-migliori-software-e-servizi-software-lista\/x-cloud-recensione\/#primaryimage","url":"https:\/\/www.accuratereviews.com\/wp-content\/uploads\/2019\/09\/logo.ashx_.jpeg","contentUrl":"https:\/\/www.accuratereviews.com\/wp-content\/uploads\/2019\/09\/logo.ashx_.jpeg","width":216,"height":190},{"@type":"BreadcrumbList","@id":"https:\/\/www.accuratereviews.com\/it\/backup-i-migliori-software-e-servizi-software-lista\/x-cloud-recensione\/#breadcrumb","itemListElement":[{"@type":"ListItem","position":1,"name":"Home","item":"https:\/\/www.accuratereviews.com\/it\/"},{"@type":"ListItem","position":2,"name":"Backup: i migliori software e servizi","item":"https:\/\/www.accuratereviews.com\/it\/backup-i-migliori-software-e-servizi-software-lista\/"},{"@type":"ListItem","position":3,"name":"X Cloud"}]},{"@type":"WebSite","@id":"https:\/\/www.accuratereviews.com\/it\/#website","url":"https:\/\/www.accuratereviews.com\/it\/","name":"Accurate Reviews","description":"","potentialAction":[{"@type":"SearchAction","target":{"@type":"EntryPoint","urlTemplate":"https:\/\/www.accuratereviews.com\/it\/?s={search_term_string}"},"query-input":{"@type":"PropertyValueSpecification","valueRequired":true,"valueName":"search_term_string"}}],"inLanguage":"it-IT"}]}},"_links":{"self":[{"href":"https:\/\/www.accuratereviews.com\/it\/wp-json\/wp\/v2\/pages\/18361","targetHints":{"allow":["GET"]}}],"collection":[{"href":"https:\/\/www.accuratereviews.com\/it\/wp-json\/wp\/v2\/pages"}],"about":[{"href":"https:\/\/www.accuratereviews.com\/it\/wp-json\/wp\/v2\/types\/page"}],"author":[{"embeddable":true,"href":"https:\/\/www.accuratereviews.com\/it\/wp-json\/wp\/v2\/users\/17"}],"replies":[{"embeddable":true,"href":"https:\/\/www.accuratereviews.com\/it\/wp-json\/wp\/v2\/comments?post=18361"}],"version-history":[{"count":5,"href":"https:\/\/www.accuratereviews.com\/it\/wp-json\/wp\/v2\/pages\/18361\/revisions"}],"predecessor-version":[{"id":40995,"href":"https:\/\/www.accuratereviews.com\/it\/wp-json\/wp\/v2\/pages\/18361\/revisions\/40995"}],"up":[{"embeddable":true,"href":"https:\/\/www.accuratereviews.com\/it\/wp-json\/wp\/v2\/pages\/6671"}],"wp:featuredmedia":[{"embeddable":true,"href":"https:\/\/www.accuratereviews.com\/it\/wp-json\/wp\/v2\/media\/18363"}],"wp:attachment":[{"href":"https:\/\/www.accuratereviews.com\/it\/wp-json\/wp\/v2\/media?parent=18361"}],"wp:term":[{"taxonomy":"category","embeddable":true,"href":"https:\/\/www.accuratereviews.com\/it\/wp-json\/wp\/v2\/categories?post=18361"},{"taxonomy":"post_tag","embeddable":true,"href":"https:\/\/www.accuratereviews.com\/it\/wp-json\/wp\/v2\/tags?post=18361"},{"taxonomy":"features","embeddable":true,"href":"https:\/\/www.accuratereviews.com\/it\/wp-json\/wp\/v2\/features?post=18361"}],"curies":[{"name":"wp","href":"https:\/\/api.w.org\/{rel}","templated":true}]}}