{"id":18368,"date":"2019-09-20T11:37:16","date_gmt":"2019-09-20T11:37:16","guid":{"rendered":"https:\/\/www.accuratereviews.com\/?page_id=18368"},"modified":"2021-04-23T14:20:35","modified_gmt":"2021-04-23T14:20:35","slug":"ibm-cloud-object-storage-recensione","status":"publish","type":"page","link":"https:\/\/www.accuratereviews.com\/it\/backup-i-migliori-software-e-servizi-software-lista\/ibm-cloud-object-storage-recensione\/","title":{"rendered":"IBM Cloud Object Storage"},"content":{"rendered":"<div class=\"ibm-col-12-3 ibm-col-medium-12-6 ibm-flex\">\n<div class=\"ibm-card ibm-background-white-core ibm-no-border ibm-left ibm-flex ibm-flex--column ibm-flex--s-between ibm-fullwidth\">\n<div class=\"ibm-card__content\">\n<p><strong>IBM Cloud Object Storage<\/strong> \u00e8 un servizio che offre uno<strong> spazio di archiviazione cloud<\/strong> sicuro in cui poter archiviare i propri dati e file. Il sistema\u00a0IBM Z\u00ae offre il massimo livello di <strong>privacy, sicurezza e resilienza dei dati<\/strong> per le applicazioni mission-critical e le estende a tutto l\u2019ambiente multicloud ibrido. Permette l&#8217;archiviazione di quantit\u00e0 di dati praticamente illimitate ed \u00e8 utilizzato molto anche per effettuare il <strong>backup dei dati<\/strong> e come storage scalabile e persistente per l&#8217;analytics. Inoltre con questo <strong>cloud storage software<\/strong> \u00e8 possibile trasferire dati ad alta facilit\u00e0 e in maniera del tutto sicura.<\/p>\n<h2>IBM CLOUD OBJECT STORAGE &#8211; TUTORIAL<\/h2>\n<p>Ecco un breve video che ci introdurr\u00e0 all&#8217;utilizzo di questo software:<\/p>\n<div id=\"fluid-wrapper-counter-1\" class=\"g1-fluid-wrapper \" style=\"width:686px;\"><div style=\"padding-bottom:56.268221574344%;\"><iframe loading=\"lazy\" title=\"IBM Cloud Object Storage webinar\" width=\"686\" height=\"386\" src=\"https:\/\/www.youtube.com\/embed\/GtN5J05-c7Q?feature=oembed&amp;wmode=transparent&amp;autohide=1&amp;autoplay=0&amp;disablekb=0&amp;fs=1&amp;loop=0&amp;enablejsapi=1&amp;rel=0&amp;controls=2&amp;showinfo=0&amp;wmode=transparent&amp;autohide=2&amp;autoplay=0&amp;disablekb=0&amp;fs=1&amp;loop=0&amp;enablejsapi=1&amp;rel=0&amp;controls=2&amp;showinfo=1\" frameborder=\"0\" allow=\"accelerometer; autoplay; clipboard-write; encrypted-media; gyroscope; picture-in-picture\" allowfullscreen><\/iframe><\/div><\/div>\n<\/div>\n<\/div>\n<\/div>\n<p>&nbsp;<\/p>\n<h3>IBM CLOUD OBJECT STORAGE &#8211; CARATTERISTICHE<\/h3>\n<p>Di seguito le principali caratteristiche:<\/p>\n<div class=\"ibm-fluid ibm-flex ibm-flex--wrap cloud-resource-row cloud-grid-row-3\">\n<div class=\"ibm-col-12-4 ibm-col-medium-12-12 ibm-flex cloud-resource-card cloud-grid-item\">\n<ul>\n<li class=\" ibm-padding-content ibm-fullwidth\">Livelli di classi di <strong>storage flessibili<\/strong> e archiviazione a basso costo<\/li>\n<li class=\" ibm-padding-content ibm-fullwidth\">Elevata <strong>durata e resilienza<\/strong><\/li>\n<li class=\" ibm-padding-content ibm-fullwidth\">Protezione e <strong>sicurezza dei dati<\/strong><\/li>\n<li class=\" ibm-padding-content ibm-fullwidth\"><strong>Trasferimento dati<\/strong> veloce<\/li>\n<li class=\" ibm-padding-content ibm-fullwidth\">Esegui <strong>query dei dati<\/strong> sul posto<\/li>\n<li class=\" ibm-padding-content ibm-fullwidth\"><strong>Storage<\/strong> di oggetti immutabile<\/li>\n<li class=\" ibm-padding-content ibm-fullwidth\"><strong>Backup e recovery<\/strong><\/li>\n<li class=\" ibm-padding-content ibm-fullwidth\"><strong>Archiviazione dati<\/strong><\/li>\n<li class=\" ibm-padding-content ibm-fullwidth\">AI e analytics di<strong> big data<\/strong><br \/>\n<section class=\"ibm-fluid ibm-seamless ibm-nospacing ibm-fullwidth product-page-section ibm-background-white-core black-core product-resources-section nid1274061\" lang=\"it\" role=\"region\" aria-labelledby=\"section-heading-4\">\n<div class=\"ibm-col-12-9 ibm-widget-processed ibm-sameheight-processed\" data-items=\".cloud-resource-card\" data-widget=\"setsameheight\"><\/div>\n<\/section>\n<\/li>\n<\/ul>\n<h3>LE RECENSIONI DEGLI UTENTI<\/h3>\n<ul>\n<li><strong>&#8220;IBM Cloud &#8211; Gestione dei file e conferenze Web&#8221;<br \/>\n<\/strong>PRO: usiamo IBM Cloud in collaborazione con uno dei nostri partner di produzione a contratto. Lo usiamo sia per la condivisione di file che per le chiamate in conferenza. \u00c8 molto conveniente essere in grado di ospitare entrambi sulla stessa piattaforma e le riunioni sono in genere abbastanza facili da avviare e affidabili (senza arresti anomali). La qualit\u00e0 della chiamata \u00e8 in genere abbastanza buona e non abbiamo avuto problemi con il feedback in eccesso, anche se la riunione potrebbe essere collegata da un computer a una linea telefonica contemporaneamente. La condivisione dei file durante le riunioni \u00e8 abbastanza semplice e i file possono essere caricati nella riunione con un accesso facile e rapido, particolarmente utile se la condivisione dello schermo \u00e8 complicata o poco pratica. Sono presenti i tipici strumenti di riunione online (come alzare la mano e simili), e questi sono abbastanza utili durante le grandi teleconferenze.<br \/>\nCONTRO: l&#8217;interfaccia di gestione dei file non \u00e8 eccezionale e pu\u00f2 essere difficile trovare i file man mano che il numero aumenta. I file possono essere collocati in cartelle, il che \u00e8 carino, ma l&#8217;interfaccia rende comunque difficile individuare i file (specialmente se non si conosce il nome esatto del file). Durante le riunioni, ci sono alcuni livelli di accesso che possono essere difficili da capire, il che pu\u00f2 rendere un po &#8216;complicato consentire ai non host di condividere. L&#8217;interfaccia per i file condivisi \u00e8 un po &#8216;imbarazzante, con entrambe le opzioni \u201ca schermo intero\u201d [non proprio] e zoom-in, ma anche con entrambi i file condivisi non occupano tutto (o quasi) lo schermo e spesso richiede uno scorrimento nella finestra per visualizzare l&#8217;intero schermo. Non \u00e8 un grosso problema, ma rende la proiezione di un file condiviso un po&#8217; pi\u00f9 complicato e un po&#8217; meno efficace rispetto ad altre interfacce di web conferencing.<\/li>\n<li><strong>&#8220;La migliore piattaforma cloud che abbia mai usato&#8221;<\/strong><br \/>\nPRO: Bluemix fa uso della piattaforma come modello di servizio rispetto all&#8217;uso dell&#8217;infrastruttura come tipo di servizio come AWS.Cloud Foundry \u00e8 un buon servizio da utilizzare per cose nuove. IBM Cloud \u00e8 diverso rispetto a tutti gli altri server cloud, fornisce cos\u00ec tanti servizi ed \u00e8 molto semplice da usare. IBM ha creato una piattaforma per la vendita di app. IBM Cloud assicura che la privacy dei dati sia pi\u00f9 importante e in questo modo protegge i singoli dati con molta attenzione. Ci aiuta a testare strumenti di analisi dei dati come FAAS. Supporta molti linguaggi di programmazione che uso Python per scrivere codice e anche molti altri servizi. Il supporto IBM Cloud ha ottimi agenti che risolvono i nostri problemi.<br \/>\nCONTRO: quello che mi piace meno di questo software \u00e8 che ho riscontrato qualche calo di connessione che \u00e8 un problema per l&#8217;uso continuo dei servizi cloud. So che IBM risolver\u00e0 questo problema in futuro.<\/li>\n<li><strong>&#8220;IBM Cloud \u00e8 un ambiente cloud solido e maturo&#8221;<br \/>\n<\/strong>IN GENERALE: la mia esperienza con IBM Cloud come ingegnere e cliente \u00e8 buona e potrei consigliare l&#8217;uso dei servizi IBM Cloud.<br \/>\nPRO: IBM Cloud nasce dopo l&#8217;unione di Softlayer e Bluemix e il risultato \u00e8 una soluzione completa e flessibile, che fonde praticamente ogni combinazione di soluzioni SAAS e PAAS. I clienti possono scegliere e inventare una soluzione perfetta in base a ci\u00f2 di cui hanno bisogno.<br \/>\nCONTRO: a volte ci sono dei problemi e il supporto non \u00e8 sempre efficiente.<\/li>\n<\/ul>\n<\/div>\n<\/div>\n","protected":false},"excerpt":{"rendered":"<p>IBM Cloud Object Storage \u00e8 un servizio che offre uno spazio di archiviazione cloud sicuro in cui poter archiviare i propri dati e file. Il sistema\u00a0IBM Z\u00ae offre il massimo livello di privacy, sicurezza e resilienza dei dati per le applicazioni mission-critical e le estende a tutto l\u2019ambiente multicloud ibrido.<\/p>\n","protected":false},"author":17,"featured_media":18371,"parent":6671,"menu_order":0,"comment_status":"open","ping_status":"closed","template":"g1_template_page_review_new.php","meta":{"_acf_changed":false,"cwp_meta_box_check":"Yes","cwp_rev_product_name":"","cwp_rev_product_image":"","wppr_links":[],"cwp_rev_price":"","wppr_options":[],"wppr_pros":[],"wppr_cons":[],"_monsterinsights_skip_tracking":false,"_monsterinsights_sitenote_active":false,"_monsterinsights_sitenote_note":"","_monsterinsights_sitenote_category":0,"footnotes":""},"categories":[98],"tags":[752,396,792,795],"features":[],"class_list":{"0":"post-18368","1":"page","2":"type-page","3":"status-publish","4":"has-post-thumbnail","6":"category-backup","7":"tag-backup","8":"tag-cloud","9":"tag-cloud-storage","10":"tag-spazio-di-archiviazione"},"wppr_data":{"cwp_meta_box_check":"Yes","cwp_rev_product_name":"","cwp_rev_product_image":"","cwp_image_link":"image","cwp_rev_price":"","wppr_rating":"0.00"},"acf":[],"yoast_head":"<!-- This site is optimized with the Yoast SEO plugin v27.4 - https:\/\/yoast.com\/product\/yoast-seo-wordpress\/ -->\n<title>IBM Cloud Object Storage: recensione - Accurate Reviews<\/title>\n<meta name=\"description\" content=\"IBM Cloud Object Storage \u00e8 un servizio che offre uno spazio di archiviazione cloud sicuro in cui poter archiviare i propri dati e file.\" \/>\n<meta name=\"robots\" content=\"index, follow, max-snippet:-1, max-image-preview:large, max-video-preview:-1\" \/>\n<link rel=\"canonical\" href=\"https:\/\/www.accuratereviews.com\/it\/backup-i-migliori-software-e-servizi-software-lista\/ibm-cloud-object-storage-recensione\/\" \/>\n<meta property=\"og:locale\" content=\"it_IT\" \/>\n<meta property=\"og:type\" content=\"article\" \/>\n<meta property=\"og:title\" content=\"IBM Cloud Object Storage: recensione - Accurate Reviews\" \/>\n<meta property=\"og:description\" content=\"IBM Cloud Object Storage \u00e8 un servizio che offre uno spazio di archiviazione cloud sicuro in cui poter archiviare i propri dati e file.\" \/>\n<meta property=\"og:url\" content=\"https:\/\/www.accuratereviews.com\/it\/backup-i-migliori-software-e-servizi-software-lista\/ibm-cloud-object-storage-recensione\/\" \/>\n<meta property=\"og:site_name\" content=\"Accurate Reviews\" \/>\n<meta property=\"article:modified_time\" content=\"2021-04-23T14:20:35+00:00\" \/>\n<meta property=\"og:image\" content=\"https:\/\/www.accuratereviews.com\/wp-content\/uploads\/2019\/09\/Unknown-1.png\" \/>\n\t<meta property=\"og:image:width\" content=\"318\" \/>\n\t<meta property=\"og:image:height\" content=\"159\" \/>\n\t<meta property=\"og:image:type\" content=\"image\/png\" \/>\n<meta name=\"twitter:card\" content=\"summary_large_image\" \/>\n<meta name=\"twitter:label1\" content=\"Tempo di lettura stimato\" \/>\n\t<meta name=\"twitter:data1\" content=\"4 minuti\" \/>\n<script type=\"application\/ld+json\" class=\"yoast-schema-graph\">{\"@context\":\"https:\\\/\\\/schema.org\",\"@graph\":[{\"@type\":\"WebPage\",\"@id\":\"https:\\\/\\\/www.accuratereviews.com\\\/it\\\/backup-i-migliori-software-e-servizi-software-lista\\\/ibm-cloud-object-storage-recensione\\\/\",\"url\":\"https:\\\/\\\/www.accuratereviews.com\\\/it\\\/backup-i-migliori-software-e-servizi-software-lista\\\/ibm-cloud-object-storage-recensione\\\/\",\"name\":\"IBM Cloud Object Storage: recensione - Accurate Reviews\",\"isPartOf\":{\"@id\":\"https:\\\/\\\/www.accuratereviews.com\\\/it\\\/#website\"},\"primaryImageOfPage\":{\"@id\":\"https:\\\/\\\/www.accuratereviews.com\\\/it\\\/backup-i-migliori-software-e-servizi-software-lista\\\/ibm-cloud-object-storage-recensione\\\/#primaryimage\"},\"image\":{\"@id\":\"https:\\\/\\\/www.accuratereviews.com\\\/it\\\/backup-i-migliori-software-e-servizi-software-lista\\\/ibm-cloud-object-storage-recensione\\\/#primaryimage\"},\"thumbnailUrl\":\"https:\\\/\\\/www.accuratereviews.com\\\/wp-content\\\/uploads\\\/2019\\\/09\\\/Unknown-1.png\",\"datePublished\":\"2019-09-20T11:37:16+00:00\",\"dateModified\":\"2021-04-23T14:20:35+00:00\",\"description\":\"IBM Cloud Object Storage \u00e8 un servizio che offre uno spazio di archiviazione cloud sicuro in cui poter archiviare i propri dati e file.\",\"breadcrumb\":{\"@id\":\"https:\\\/\\\/www.accuratereviews.com\\\/it\\\/backup-i-migliori-software-e-servizi-software-lista\\\/ibm-cloud-object-storage-recensione\\\/#breadcrumb\"},\"inLanguage\":\"it-IT\",\"potentialAction\":[{\"@type\":\"ReadAction\",\"target\":[\"https:\\\/\\\/www.accuratereviews.com\\\/it\\\/backup-i-migliori-software-e-servizi-software-lista\\\/ibm-cloud-object-storage-recensione\\\/\"]}]},{\"@type\":\"ImageObject\",\"inLanguage\":\"it-IT\",\"@id\":\"https:\\\/\\\/www.accuratereviews.com\\\/it\\\/backup-i-migliori-software-e-servizi-software-lista\\\/ibm-cloud-object-storage-recensione\\\/#primaryimage\",\"url\":\"https:\\\/\\\/www.accuratereviews.com\\\/wp-content\\\/uploads\\\/2019\\\/09\\\/Unknown-1.png\",\"contentUrl\":\"https:\\\/\\\/www.accuratereviews.com\\\/wp-content\\\/uploads\\\/2019\\\/09\\\/Unknown-1.png\",\"width\":318,\"height\":159},{\"@type\":\"BreadcrumbList\",\"@id\":\"https:\\\/\\\/www.accuratereviews.com\\\/it\\\/backup-i-migliori-software-e-servizi-software-lista\\\/ibm-cloud-object-storage-recensione\\\/#breadcrumb\",\"itemListElement\":[{\"@type\":\"ListItem\",\"position\":1,\"name\":\"Home\",\"item\":\"https:\\\/\\\/www.accuratereviews.com\\\/it\\\/\"},{\"@type\":\"ListItem\",\"position\":2,\"name\":\"Backup: i migliori software e servizi\",\"item\":\"https:\\\/\\\/www.accuratereviews.com\\\/it\\\/backup-i-migliori-software-e-servizi-software-lista\\\/\"},{\"@type\":\"ListItem\",\"position\":3,\"name\":\"IBM Cloud Object Storage\"}]},{\"@type\":\"WebSite\",\"@id\":\"https:\\\/\\\/www.accuratereviews.com\\\/it\\\/#website\",\"url\":\"https:\\\/\\\/www.accuratereviews.com\\\/it\\\/\",\"name\":\"Accurate Reviews\",\"description\":\"\",\"potentialAction\":[{\"@type\":\"SearchAction\",\"target\":{\"@type\":\"EntryPoint\",\"urlTemplate\":\"https:\\\/\\\/www.accuratereviews.com\\\/it\\\/?s={search_term_string}\"},\"query-input\":{\"@type\":\"PropertyValueSpecification\",\"valueRequired\":true,\"valueName\":\"search_term_string\"}}],\"inLanguage\":\"it-IT\"}]}<\/script>\n<!-- \/ Yoast SEO plugin. -->","yoast_head_json":{"title":"IBM Cloud Object Storage: recensione - Accurate Reviews","description":"IBM Cloud Object Storage \u00e8 un servizio che offre uno spazio di archiviazione cloud sicuro in cui poter archiviare i propri dati e file.","robots":{"index":"index","follow":"follow","max-snippet":"max-snippet:-1","max-image-preview":"max-image-preview:large","max-video-preview":"max-video-preview:-1"},"canonical":"https:\/\/www.accuratereviews.com\/it\/backup-i-migliori-software-e-servizi-software-lista\/ibm-cloud-object-storage-recensione\/","og_locale":"it_IT","og_type":"article","og_title":"IBM Cloud Object Storage: recensione - Accurate Reviews","og_description":"IBM Cloud Object Storage \u00e8 un servizio che offre uno spazio di archiviazione cloud sicuro in cui poter archiviare i propri dati e file.","og_url":"https:\/\/www.accuratereviews.com\/it\/backup-i-migliori-software-e-servizi-software-lista\/ibm-cloud-object-storage-recensione\/","og_site_name":"Accurate Reviews","article_modified_time":"2021-04-23T14:20:35+00:00","og_image":[{"width":318,"height":159,"url":"https:\/\/www.accuratereviews.com\/wp-content\/uploads\/2019\/09\/Unknown-1.png","type":"image\/png"}],"twitter_card":"summary_large_image","twitter_misc":{"Tempo di lettura stimato":"4 minuti"},"schema":{"@context":"https:\/\/schema.org","@graph":[{"@type":"WebPage","@id":"https:\/\/www.accuratereviews.com\/it\/backup-i-migliori-software-e-servizi-software-lista\/ibm-cloud-object-storage-recensione\/","url":"https:\/\/www.accuratereviews.com\/it\/backup-i-migliori-software-e-servizi-software-lista\/ibm-cloud-object-storage-recensione\/","name":"IBM Cloud Object Storage: recensione - Accurate Reviews","isPartOf":{"@id":"https:\/\/www.accuratereviews.com\/it\/#website"},"primaryImageOfPage":{"@id":"https:\/\/www.accuratereviews.com\/it\/backup-i-migliori-software-e-servizi-software-lista\/ibm-cloud-object-storage-recensione\/#primaryimage"},"image":{"@id":"https:\/\/www.accuratereviews.com\/it\/backup-i-migliori-software-e-servizi-software-lista\/ibm-cloud-object-storage-recensione\/#primaryimage"},"thumbnailUrl":"https:\/\/www.accuratereviews.com\/wp-content\/uploads\/2019\/09\/Unknown-1.png","datePublished":"2019-09-20T11:37:16+00:00","dateModified":"2021-04-23T14:20:35+00:00","description":"IBM Cloud Object Storage \u00e8 un servizio che offre uno spazio di archiviazione cloud sicuro in cui poter archiviare i propri dati e file.","breadcrumb":{"@id":"https:\/\/www.accuratereviews.com\/it\/backup-i-migliori-software-e-servizi-software-lista\/ibm-cloud-object-storage-recensione\/#breadcrumb"},"inLanguage":"it-IT","potentialAction":[{"@type":"ReadAction","target":["https:\/\/www.accuratereviews.com\/it\/backup-i-migliori-software-e-servizi-software-lista\/ibm-cloud-object-storage-recensione\/"]}]},{"@type":"ImageObject","inLanguage":"it-IT","@id":"https:\/\/www.accuratereviews.com\/it\/backup-i-migliori-software-e-servizi-software-lista\/ibm-cloud-object-storage-recensione\/#primaryimage","url":"https:\/\/www.accuratereviews.com\/wp-content\/uploads\/2019\/09\/Unknown-1.png","contentUrl":"https:\/\/www.accuratereviews.com\/wp-content\/uploads\/2019\/09\/Unknown-1.png","width":318,"height":159},{"@type":"BreadcrumbList","@id":"https:\/\/www.accuratereviews.com\/it\/backup-i-migliori-software-e-servizi-software-lista\/ibm-cloud-object-storage-recensione\/#breadcrumb","itemListElement":[{"@type":"ListItem","position":1,"name":"Home","item":"https:\/\/www.accuratereviews.com\/it\/"},{"@type":"ListItem","position":2,"name":"Backup: i migliori software e servizi","item":"https:\/\/www.accuratereviews.com\/it\/backup-i-migliori-software-e-servizi-software-lista\/"},{"@type":"ListItem","position":3,"name":"IBM Cloud Object Storage"}]},{"@type":"WebSite","@id":"https:\/\/www.accuratereviews.com\/it\/#website","url":"https:\/\/www.accuratereviews.com\/it\/","name":"Accurate Reviews","description":"","potentialAction":[{"@type":"SearchAction","target":{"@type":"EntryPoint","urlTemplate":"https:\/\/www.accuratereviews.com\/it\/?s={search_term_string}"},"query-input":{"@type":"PropertyValueSpecification","valueRequired":true,"valueName":"search_term_string"}}],"inLanguage":"it-IT"}]}},"_links":{"self":[{"href":"https:\/\/www.accuratereviews.com\/it\/wp-json\/wp\/v2\/pages\/18368","targetHints":{"allow":["GET"]}}],"collection":[{"href":"https:\/\/www.accuratereviews.com\/it\/wp-json\/wp\/v2\/pages"}],"about":[{"href":"https:\/\/www.accuratereviews.com\/it\/wp-json\/wp\/v2\/types\/page"}],"author":[{"embeddable":true,"href":"https:\/\/www.accuratereviews.com\/it\/wp-json\/wp\/v2\/users\/17"}],"replies":[{"embeddable":true,"href":"https:\/\/www.accuratereviews.com\/it\/wp-json\/wp\/v2\/comments?post=18368"}],"version-history":[{"count":9,"href":"https:\/\/www.accuratereviews.com\/it\/wp-json\/wp\/v2\/pages\/18368\/revisions"}],"predecessor-version":[{"id":40953,"href":"https:\/\/www.accuratereviews.com\/it\/wp-json\/wp\/v2\/pages\/18368\/revisions\/40953"}],"up":[{"embeddable":true,"href":"https:\/\/www.accuratereviews.com\/it\/wp-json\/wp\/v2\/pages\/6671"}],"wp:featuredmedia":[{"embeddable":true,"href":"https:\/\/www.accuratereviews.com\/it\/wp-json\/wp\/v2\/media\/18371"}],"wp:attachment":[{"href":"https:\/\/www.accuratereviews.com\/it\/wp-json\/wp\/v2\/media?parent=18368"}],"wp:term":[{"taxonomy":"category","embeddable":true,"href":"https:\/\/www.accuratereviews.com\/it\/wp-json\/wp\/v2\/categories?post=18368"},{"taxonomy":"post_tag","embeddable":true,"href":"https:\/\/www.accuratereviews.com\/it\/wp-json\/wp\/v2\/tags?post=18368"},{"taxonomy":"features","embeddable":true,"href":"https:\/\/www.accuratereviews.com\/it\/wp-json\/wp\/v2\/features?post=18368"}],"curies":[{"name":"wp","href":"https:\/\/api.w.org\/{rel}","templated":true}]}}