{"id":18369,"date":"2019-09-20T11:36:41","date_gmt":"2019-09-20T11:36:41","guid":{"rendered":"https:\/\/www.accuratereviews.com\/?page_id=18369"},"modified":"2021-04-24T06:57:54","modified_gmt":"2021-04-24T06:57:54","slug":"elephant-drive-recensione","status":"publish","type":"page","link":"https:\/\/www.accuratereviews.com\/it\/backup-i-migliori-software-e-servizi-software-lista\/elephant-drive-recensione\/","title":{"rendered":"ElephantDrive"},"content":{"rendered":"<p><strong>ElephantDrive<\/strong> rappresenta un&#8217;ottima soluzione di <strong>archiviazione cloud<\/strong> che ti permette di archiviare i tuoi dati e file in un luogo sicuro e protetto. Oltre a questo, offre moltissime funzionalit\u00e0 come il <strong>backup<\/strong> e il ripristino dei dati, la condivisione rapida dei file, la <strong>sincronizzazione multi-dispositivo<\/strong> e altro ancora. \u00c8 organizzato in cartelle e vi \u00e8 la<strong> sincronizzazione automatica<\/strong> tra i vari dispositivi da cui puoi accedere quindi, ad esempio, se hai iniziato un lavoro sul PC dell&#8217;ufficio e vuoi terminarlo comodamente a casa sul tuo tablet, potrai farlo senza nessun problema. ElephantDrive infatti consente l&#8217;accesso sia via Web, tramite i principali sistemi operativi (<strong>Mac, Windows e Linux<\/strong>), che via mobile, tramite i dispositivi<strong> iOS e Android<\/strong>.<\/p>\n<h2>ELEPHANTDRIVE &#8211; TUTORIAL<\/h2>\n<p>Ecco un breve tutorial che ci mostra come funziona:<\/p>\n<div id=\"fluid-wrapper-counter-1\" class=\"g1-fluid-wrapper \" style=\"width:686px;\">\n<div style=\"padding-bottom:56.268221574344%;\"><iframe loading=\"lazy\" title=\"ElephantDrive Review - Online Backup And File Sync For Your Data\" width=\"686\" height=\"386\" src=\"https:\/\/www.youtube.com\/embed\/LIuU89JJMLg?feature=oembed&amp;wmode=transparent&amp;autohide=1&amp;autoplay=0&amp;disablekb=0&amp;fs=1&amp;loop=0&amp;enablejsapi=1&amp;rel=0&amp;controls=2&amp;showinfo=0&amp;wmode=transparent&amp;autohide=2&amp;autoplay=0&amp;disablekb=0&amp;fs=1&amp;loop=0&amp;enablejsapi=1&amp;rel=0&amp;controls=2&amp;showinfo=1\" frameborder=\"0\" allow=\"accelerometer; autoplay; clipboard-write; encrypted-media; gyroscope; picture-in-picture\" allowfullscreen><\/iframe><\/div>\n<\/div>\n<h3>ELEPHANTDRIVE &#8211; CARATTERISTICHE<\/h3>\n<p>Di seguito le sue principali caratteristiche:<\/p>\n<ul>\n<li><strong>Spazio d&#8217;archiviazione cloud<\/strong>: archivia tutti i tuoi dati, file e documenti in uno spazio sicuro<\/li>\n<li><strong>Backup diretto dal NAS<\/strong>: effettua il backup con i principali dispositivi NAS senza dover mapparlo sul tuo PC<\/li>\n<li><strong>Sincronizzazione automatica<\/strong>: lavora dal desktop del tuo ufficio e riprendi il lavoro dove l&#8217;hai lasciato direttamente sul tuo laptop a casa grazie alla sincronizzazione automatica tra i diversi dispositivi<\/li>\n<li><strong>Crittografia AES a 256 bit<\/strong>: i tuoi dati sono gi\u00e0 crittografati e quindi sempre protetti<\/li>\n<li><strong>Condivisione e trasferimento file<\/strong>: condividi i tuoi file direttamente tramite semplici collegamenti URL abbandonando le solite email o chiavette USB. Puoi anche proteggere il link con una password per essere ancora pi\u00f9 tranquillo<\/li>\n<li><strong>Ripristina eliminazioni<\/strong>: grazie a questa funzione, potrai ripristinare tutti i file che hai cancellato per errore<\/li>\n<li><strong>Ripristina versioni precedenti<\/strong>: puoi addirittura trovare una versione precedente di un file, identificandola con data e ora<\/li>\n<li><strong>Compatibilit\u00e0 con i principali dispositivi Web e mobile<\/strong>: Windows, Mac, Linux, dispositivi iOS e Android.<\/li>\n<\/ul>\n<h3>LE RECENSIONI DEGLI UTENTI<\/h3>\n<ul>\n<li><strong>&#8220;Eseguo il backup di tutto nella mia vita con Elephant Drive &#8211; non fallisce mai!&#8221;<\/strong><br \/>\nPRO: la funzione Elephant Drive Everywhere \u00e8 il mio salvavita. Sono stato lontano da casa e ho bisogno di ricordare alcuni piccoli dettagli: che si tratti di una cartella clinica o di qualcosa di ancora pi\u00f9 personale a cui nessun altro avrebbe accesso, e la cartella &#8220;Everywhere&#8221; \u00e8 l\u00ec per me.<br \/>\nCONTRO: mi ci \u00e8 voluto un po&#8217; per abituarmi all&#8217;interfaccia utente. Il processo di avvio o i tutorial potrebbero migliorare.<\/li>\n<li><strong>&#8220;Elephant Drive mi d\u00e0 la massima tranquillit\u00e0. Non dovrai pi\u00f9 preoccuparti di crash del disco rigido!&#8221;<\/strong><br \/>\nPRO: backup multi-dispositivo in un unico account. Ho due computer pi\u00f9 il telefono su cui \u00e8 stato eseguito il backup nel cloud e i file sono sincronizzati tra loro. Se aggiungo un NAS, viene incluso anche il backup.<br \/>\nCONTRO: fa molto bene la condivisione di file ma non \u00e8 progettato per la collaborazione tanto quanto altri programmi. Ha senso dal momento che ElephantDrive \u00e8 pi\u00f9 per il backup su cloud di tutti i miei file che per qualsiasi altra cosa.<\/li>\n<li><strong>&#8220;Semplice ma potente con un&#8217;interfaccia facile da usare&#8221;<\/strong><br \/>\nPRO: ElephantDrive pu\u00f2 eseguire il backup dei file nel cloud e sincronizzare i file tra computer. Un&#8217;altra grande caratteristica \u00e8 la possibilit\u00e0 di sincronizzare su piattaforme e dispositivi diversi tramite app mobili per ogni dispositivo.<br \/>\nCONTRO: il pi\u00f9 grande svantaggio \u00e8 il limite delle dimensioni del file. Attualmente esiste un limite di dimensione del file di 1 GB (5 GB per i piani aziendali). Mi piacerebbe vederlo aumentare.<\/li>\n<\/ul>\n","protected":false},"excerpt":{"rendered":"<p>ElephantDrive rappresenta un&#8217;ottima soluzione di archiviazione cloud che ti permette di archiviare i tuoi dati e file in un luogo sicuro e protetto. Oltre a questo, offre moltissime funzionalit\u00e0 come il backup e il ripristino dei dati, la condivisione rapida dei file, la sincronizzazione multi-dispositivo e altro ancora.<\/p>\n","protected":false},"author":17,"featured_media":18379,"parent":6671,"menu_order":0,"comment_status":"open","ping_status":"closed","template":"g1_template_page_review_new.php","meta":{"_acf_changed":false,"cwp_meta_box_check":"Yes","cwp_rev_product_name":"","cwp_rev_product_image":"","wppr_links":[],"cwp_rev_price":"","wppr_options":[],"wppr_pros":[],"wppr_cons":[],"_monsterinsights_skip_tracking":false,"_monsterinsights_sitenote_active":false,"_monsterinsights_sitenote_note":"","_monsterinsights_sitenote_category":0,"footnotes":""},"categories":[98],"tags":[396,792,1305,1226],"features":[],"class_list":{"0":"post-18369","1":"page","2":"type-page","3":"status-publish","4":"has-post-thumbnail","6":"category-backup","7":"tag-cloud","8":"tag-cloud-storage","9":"tag-cloud-storage-software","10":"tag-spazio-darchiviazione"},"wppr_data":{"cwp_meta_box_check":"Yes","cwp_rev_product_name":"","cwp_rev_product_image":"","cwp_image_link":"image","cwp_rev_price":"","wppr_rating":"0.00"},"acf":[],"yoast_head":"<!-- This site is optimized with the Yoast SEO plugin v27.4 - https:\/\/yoast.com\/product\/yoast-seo-wordpress\/ -->\n<title>ElephantDrive: recensione spazio d&#039;archiviazione cloud - Accurate Reviews<\/title>\n<meta name=\"description\" content=\"ElephantDrive rappresenta un&#039;ottima soluzione di archiviazione cloud che ti permette di archiviare i tuoi dati e file in un luogo sicuro e protetto.\" \/>\n<meta name=\"robots\" content=\"index, follow, max-snippet:-1, max-image-preview:large, max-video-preview:-1\" \/>\n<link rel=\"canonical\" href=\"https:\/\/www.accuratereviews.com\/it\/backup-i-migliori-software-e-servizi-software-lista\/elephant-drive-recensione\/\" \/>\n<meta property=\"og:locale\" content=\"it_IT\" \/>\n<meta property=\"og:type\" content=\"article\" \/>\n<meta property=\"og:title\" content=\"ElephantDrive: recensione spazio d&#039;archiviazione cloud - Accurate Reviews\" \/>\n<meta property=\"og:description\" content=\"ElephantDrive rappresenta un&#039;ottima soluzione di archiviazione cloud che ti permette di archiviare i tuoi dati e file in un luogo sicuro e protetto.\" \/>\n<meta property=\"og:url\" content=\"https:\/\/www.accuratereviews.com\/it\/backup-i-migliori-software-e-servizi-software-lista\/elephant-drive-recensione\/\" \/>\n<meta property=\"og:site_name\" content=\"Accurate Reviews\" \/>\n<meta property=\"article:modified_time\" content=\"2021-04-24T06:57:54+00:00\" \/>\n<meta property=\"og:image\" content=\"https:\/\/www.accuratereviews.com\/wp-content\/uploads\/2019\/09\/549220-elephantdrive-logo.png\" \/>\n\t<meta property=\"og:image:width\" content=\"333\" \/>\n\t<meta property=\"og:image:height\" content=\"187\" \/>\n\t<meta property=\"og:image:type\" content=\"image\/png\" \/>\n<meta name=\"twitter:card\" content=\"summary_large_image\" \/>\n<meta name=\"twitter:label1\" content=\"Tempo di lettura stimato\" \/>\n\t<meta name=\"twitter:data1\" content=\"3 minuti\" \/>\n<script type=\"application\/ld+json\" class=\"yoast-schema-graph\">{\"@context\":\"https:\\\/\\\/schema.org\",\"@graph\":[{\"@type\":\"WebPage\",\"@id\":\"https:\\\/\\\/www.accuratereviews.com\\\/it\\\/backup-i-migliori-software-e-servizi-software-lista\\\/elephant-drive-recensione\\\/\",\"url\":\"https:\\\/\\\/www.accuratereviews.com\\\/it\\\/backup-i-migliori-software-e-servizi-software-lista\\\/elephant-drive-recensione\\\/\",\"name\":\"ElephantDrive: recensione spazio d'archiviazione cloud - Accurate Reviews\",\"isPartOf\":{\"@id\":\"https:\\\/\\\/www.accuratereviews.com\\\/it\\\/#website\"},\"primaryImageOfPage\":{\"@id\":\"https:\\\/\\\/www.accuratereviews.com\\\/it\\\/backup-i-migliori-software-e-servizi-software-lista\\\/elephant-drive-recensione\\\/#primaryimage\"},\"image\":{\"@id\":\"https:\\\/\\\/www.accuratereviews.com\\\/it\\\/backup-i-migliori-software-e-servizi-software-lista\\\/elephant-drive-recensione\\\/#primaryimage\"},\"thumbnailUrl\":\"https:\\\/\\\/www.accuratereviews.com\\\/wp-content\\\/uploads\\\/2019\\\/09\\\/549220-elephantdrive-logo.png\",\"datePublished\":\"2019-09-20T11:36:41+00:00\",\"dateModified\":\"2021-04-24T06:57:54+00:00\",\"description\":\"ElephantDrive rappresenta un'ottima soluzione di archiviazione cloud che ti permette di archiviare i tuoi dati e file in un luogo sicuro e protetto.\",\"breadcrumb\":{\"@id\":\"https:\\\/\\\/www.accuratereviews.com\\\/it\\\/backup-i-migliori-software-e-servizi-software-lista\\\/elephant-drive-recensione\\\/#breadcrumb\"},\"inLanguage\":\"it-IT\",\"potentialAction\":[{\"@type\":\"ReadAction\",\"target\":[\"https:\\\/\\\/www.accuratereviews.com\\\/it\\\/backup-i-migliori-software-e-servizi-software-lista\\\/elephant-drive-recensione\\\/\"]}]},{\"@type\":\"ImageObject\",\"inLanguage\":\"it-IT\",\"@id\":\"https:\\\/\\\/www.accuratereviews.com\\\/it\\\/backup-i-migliori-software-e-servizi-software-lista\\\/elephant-drive-recensione\\\/#primaryimage\",\"url\":\"https:\\\/\\\/www.accuratereviews.com\\\/wp-content\\\/uploads\\\/2019\\\/09\\\/549220-elephantdrive-logo.png\",\"contentUrl\":\"https:\\\/\\\/www.accuratereviews.com\\\/wp-content\\\/uploads\\\/2019\\\/09\\\/549220-elephantdrive-logo.png\",\"width\":333,\"height\":187},{\"@type\":\"BreadcrumbList\",\"@id\":\"https:\\\/\\\/www.accuratereviews.com\\\/it\\\/backup-i-migliori-software-e-servizi-software-lista\\\/elephant-drive-recensione\\\/#breadcrumb\",\"itemListElement\":[{\"@type\":\"ListItem\",\"position\":1,\"name\":\"Home\",\"item\":\"https:\\\/\\\/www.accuratereviews.com\\\/it\\\/\"},{\"@type\":\"ListItem\",\"position\":2,\"name\":\"Backup: i migliori software e servizi\",\"item\":\"https:\\\/\\\/www.accuratereviews.com\\\/it\\\/backup-i-migliori-software-e-servizi-software-lista\\\/\"},{\"@type\":\"ListItem\",\"position\":3,\"name\":\"ElephantDrive\"}]},{\"@type\":\"WebSite\",\"@id\":\"https:\\\/\\\/www.accuratereviews.com\\\/it\\\/#website\",\"url\":\"https:\\\/\\\/www.accuratereviews.com\\\/it\\\/\",\"name\":\"Accurate Reviews\",\"description\":\"\",\"potentialAction\":[{\"@type\":\"SearchAction\",\"target\":{\"@type\":\"EntryPoint\",\"urlTemplate\":\"https:\\\/\\\/www.accuratereviews.com\\\/it\\\/?s={search_term_string}\"},\"query-input\":{\"@type\":\"PropertyValueSpecification\",\"valueRequired\":true,\"valueName\":\"search_term_string\"}}],\"inLanguage\":\"it-IT\"}]}<\/script>\n<!-- \/ Yoast SEO plugin. -->","yoast_head_json":{"title":"ElephantDrive: recensione spazio d'archiviazione cloud - Accurate Reviews","description":"ElephantDrive rappresenta un'ottima soluzione di archiviazione cloud che ti permette di archiviare i tuoi dati e file in un luogo sicuro e protetto.","robots":{"index":"index","follow":"follow","max-snippet":"max-snippet:-1","max-image-preview":"max-image-preview:large","max-video-preview":"max-video-preview:-1"},"canonical":"https:\/\/www.accuratereviews.com\/it\/backup-i-migliori-software-e-servizi-software-lista\/elephant-drive-recensione\/","og_locale":"it_IT","og_type":"article","og_title":"ElephantDrive: recensione spazio d'archiviazione cloud - Accurate Reviews","og_description":"ElephantDrive rappresenta un'ottima soluzione di archiviazione cloud che ti permette di archiviare i tuoi dati e file in un luogo sicuro e protetto.","og_url":"https:\/\/www.accuratereviews.com\/it\/backup-i-migliori-software-e-servizi-software-lista\/elephant-drive-recensione\/","og_site_name":"Accurate Reviews","article_modified_time":"2021-04-24T06:57:54+00:00","og_image":[{"width":333,"height":187,"url":"https:\/\/www.accuratereviews.com\/wp-content\/uploads\/2019\/09\/549220-elephantdrive-logo.png","type":"image\/png"}],"twitter_card":"summary_large_image","twitter_misc":{"Tempo di lettura stimato":"3 minuti"},"schema":{"@context":"https:\/\/schema.org","@graph":[{"@type":"WebPage","@id":"https:\/\/www.accuratereviews.com\/it\/backup-i-migliori-software-e-servizi-software-lista\/elephant-drive-recensione\/","url":"https:\/\/www.accuratereviews.com\/it\/backup-i-migliori-software-e-servizi-software-lista\/elephant-drive-recensione\/","name":"ElephantDrive: recensione spazio d'archiviazione cloud - Accurate Reviews","isPartOf":{"@id":"https:\/\/www.accuratereviews.com\/it\/#website"},"primaryImageOfPage":{"@id":"https:\/\/www.accuratereviews.com\/it\/backup-i-migliori-software-e-servizi-software-lista\/elephant-drive-recensione\/#primaryimage"},"image":{"@id":"https:\/\/www.accuratereviews.com\/it\/backup-i-migliori-software-e-servizi-software-lista\/elephant-drive-recensione\/#primaryimage"},"thumbnailUrl":"https:\/\/www.accuratereviews.com\/wp-content\/uploads\/2019\/09\/549220-elephantdrive-logo.png","datePublished":"2019-09-20T11:36:41+00:00","dateModified":"2021-04-24T06:57:54+00:00","description":"ElephantDrive rappresenta un'ottima soluzione di archiviazione cloud che ti permette di archiviare i tuoi dati e file in un luogo sicuro e protetto.","breadcrumb":{"@id":"https:\/\/www.accuratereviews.com\/it\/backup-i-migliori-software-e-servizi-software-lista\/elephant-drive-recensione\/#breadcrumb"},"inLanguage":"it-IT","potentialAction":[{"@type":"ReadAction","target":["https:\/\/www.accuratereviews.com\/it\/backup-i-migliori-software-e-servizi-software-lista\/elephant-drive-recensione\/"]}]},{"@type":"ImageObject","inLanguage":"it-IT","@id":"https:\/\/www.accuratereviews.com\/it\/backup-i-migliori-software-e-servizi-software-lista\/elephant-drive-recensione\/#primaryimage","url":"https:\/\/www.accuratereviews.com\/wp-content\/uploads\/2019\/09\/549220-elephantdrive-logo.png","contentUrl":"https:\/\/www.accuratereviews.com\/wp-content\/uploads\/2019\/09\/549220-elephantdrive-logo.png","width":333,"height":187},{"@type":"BreadcrumbList","@id":"https:\/\/www.accuratereviews.com\/it\/backup-i-migliori-software-e-servizi-software-lista\/elephant-drive-recensione\/#breadcrumb","itemListElement":[{"@type":"ListItem","position":1,"name":"Home","item":"https:\/\/www.accuratereviews.com\/it\/"},{"@type":"ListItem","position":2,"name":"Backup: i migliori software e servizi","item":"https:\/\/www.accuratereviews.com\/it\/backup-i-migliori-software-e-servizi-software-lista\/"},{"@type":"ListItem","position":3,"name":"ElephantDrive"}]},{"@type":"WebSite","@id":"https:\/\/www.accuratereviews.com\/it\/#website","url":"https:\/\/www.accuratereviews.com\/it\/","name":"Accurate Reviews","description":"","potentialAction":[{"@type":"SearchAction","target":{"@type":"EntryPoint","urlTemplate":"https:\/\/www.accuratereviews.com\/it\/?s={search_term_string}"},"query-input":{"@type":"PropertyValueSpecification","valueRequired":true,"valueName":"search_term_string"}}],"inLanguage":"it-IT"}]}},"_links":{"self":[{"href":"https:\/\/www.accuratereviews.com\/it\/wp-json\/wp\/v2\/pages\/18369","targetHints":{"allow":["GET"]}}],"collection":[{"href":"https:\/\/www.accuratereviews.com\/it\/wp-json\/wp\/v2\/pages"}],"about":[{"href":"https:\/\/www.accuratereviews.com\/it\/wp-json\/wp\/v2\/types\/page"}],"author":[{"embeddable":true,"href":"https:\/\/www.accuratereviews.com\/it\/wp-json\/wp\/v2\/users\/17"}],"replies":[{"embeddable":true,"href":"https:\/\/www.accuratereviews.com\/it\/wp-json\/wp\/v2\/comments?post=18369"}],"version-history":[{"count":6,"href":"https:\/\/www.accuratereviews.com\/it\/wp-json\/wp\/v2\/pages\/18369\/revisions"}],"predecessor-version":[{"id":40987,"href":"https:\/\/www.accuratereviews.com\/it\/wp-json\/wp\/v2\/pages\/18369\/revisions\/40987"}],"up":[{"embeddable":true,"href":"https:\/\/www.accuratereviews.com\/it\/wp-json\/wp\/v2\/pages\/6671"}],"wp:featuredmedia":[{"embeddable":true,"href":"https:\/\/www.accuratereviews.com\/it\/wp-json\/wp\/v2\/media\/18379"}],"wp:attachment":[{"href":"https:\/\/www.accuratereviews.com\/it\/wp-json\/wp\/v2\/media?parent=18369"}],"wp:term":[{"taxonomy":"category","embeddable":true,"href":"https:\/\/www.accuratereviews.com\/it\/wp-json\/wp\/v2\/categories?post=18369"},{"taxonomy":"post_tag","embeddable":true,"href":"https:\/\/www.accuratereviews.com\/it\/wp-json\/wp\/v2\/tags?post=18369"},{"taxonomy":"features","embeddable":true,"href":"https:\/\/www.accuratereviews.com\/it\/wp-json\/wp\/v2\/features?post=18369"}],"curies":[{"name":"wp","href":"https:\/\/api.w.org\/{rel}","templated":true}]}}