{"id":18387,"date":"2019-09-20T11:36:20","date_gmt":"2019-09-20T11:36:20","guid":{"rendered":"https:\/\/www.accuratereviews.com\/?page_id=18387"},"modified":"2021-04-24T07:12:03","modified_gmt":"2021-04-24T07:12:03","slug":"zipcloud-recensione","status":"publish","type":"page","link":"https:\/\/www.accuratereviews.com\/it\/backup-i-migliori-software-e-servizi-software-lista\/zipcloud-recensione\/","title":{"rendered":"ZipCloud"},"content":{"rendered":"<p><strong>ZipCloud<\/strong> \u00e8 una <strong>soluzione di backup e archiviazione cloud<\/strong> facile da usare e sicura che ti consente di creare copie di tutti i tuoi file importanti e salvarli in un ambiente cloud. La soluzione supporta vari tipi di file come documenti, immagini, video e musica che \u00e8 possibile utilizzare per uso personale o aziendale.\u00a0Con questo programma, sarai in grado di iniziare a lavorare su un file da un dispositivo e continuare a svolgere le tue attivit\u00e0 da un altro, accededendo alla versione pi\u00f9 recente del file. Ci\u00f2 \u00e8 reso possibile dalla funzione di sincronizzazione automatica del software in cui i file vengono sincronizzati automaticamente su tutti i dispositivi che stai utilizzando.\u00a0La soluzione esegue automaticamente il backup dei file nel cloud. Produce copie dei file in base alla pianificazione del backup impostata. Inoltre, non devi preoccuparti della sicurezza dei tuoi file, poich\u00e9 \u00a0puoi applicare controlli e meccanismi di sicurezza.<\/p>\n<h2>ZIPCLOUD &#8211; TUTORIAL<\/h2>\n<p>Guardiamo insieme il tutorial per capire come fare a sincronizzare un file su questo<strong> programma di backup:<\/strong><\/p>\n<div id=\"fluid-wrapper-counter-1\" class=\"g1-fluid-wrapper \" style=\"width:686px;\">\n<div style=\"padding-bottom:56.268221574344%;\"><iframe loading=\"lazy\" title=\"Zipcloud Tutorial: How to Sync Files on a PC\" width=\"686\" height=\"386\" src=\"https:\/\/www.youtube.com\/embed\/GfxmTbwyaBM?feature=oembed&amp;wmode=transparent&amp;autohide=1&amp;autoplay=0&amp;disablekb=0&amp;fs=1&amp;loop=0&amp;enablejsapi=1&amp;rel=0&amp;controls=2&amp;showinfo=0&amp;wmode=transparent&amp;autohide=2&amp;autoplay=0&amp;disablekb=0&amp;fs=1&amp;loop=0&amp;enablejsapi=1&amp;rel=0&amp;controls=2&amp;showinfo=1\" frameborder=\"0\" allow=\"accelerometer; autoplay; clipboard-write; encrypted-media; gyroscope; picture-in-picture\" allowfullscreen><\/iframe><\/div>\n<\/div>\n<h3>ZIPCLOUD &#8211; CARATTERISTICHE<\/h3>\n<ul>\n<li class=\"heading\"><strong>Sincronizza tutti i file tra il computer ed altri dispositivi<\/strong>: \u00e8 possibile sincronizzare file tra pi\u00f9 computer e potete decidere quali file e le cartelle sincronizzare e dove sincronizzarli. Il programma funziona in background e carica i tuoi file nel cloud, pronti per essere sincronizzati con altri dispositivi. I vostri dati sono sempre protetti e disponibili<\/li>\n<li class=\"heading\"><strong>Sfoglia, accedi e fai il backup. Tutto dal tuo cellulare<\/strong>:\u00a0Il pannello di controllo online ti consente di accedere a tutti i file protetti e sincronizzati su qualsiasi dispositivo con una connessione internet.\u00a0Tablet, PC, smart phone, laptop, desktop, tutti ti danno l&#8217;accesso ai file sempre e da qualsiasi parte del mondo. Elimina completamente la necessit\u00e0 di unit\u00e0 USB o altri dispositivi di memorizzazione<\/li>\n<li class=\"heading\"><strong>Condividi file e cartelle, sempre e ovunque<\/strong>: ti permette di condividere file e cartelle tra amici, familiari o colleghi. Potrai invitarli tramite email, Facebook o Twitter o dare loro il tuo link personale. Semplifica la condivisione di file e ti permette di condividere facilmente file di grandi dimensioni tra utenti<\/li>\n<li class=\"heading\"><strong>Sicurezza su cui puoi contarci<\/strong>:i dati sono costantemente crittografati utilizzando una crittografia sicura a 256 bit. Durante tutte le fasi di trasferimento, i file sono estremamente al sicuro, sono memorizzati nei nostri data center online ad alta tecnologia e vengono monitorati 24 ore al giorno.<\/li>\n<\/ul>\n<h4>LE RECENSIONI DEGLI UTENTI<\/h4>\n<h4>Ely O. &#8220;Un servizio cloud perfettamente funzionante&#8221;<\/h4>\n<p><strong>Commenti<\/strong>: Ho dato un uso personale a questa applicazione, il mio capo ha richiesto un servizio nel cloud per avere informazioni a portata di mano in una fiera cinematografica latinoamericana che si sarebbe \u00a0svolta in Argentina, ho raccomandato di utilizzare questo servizio cloud e sembrava cos\u00ec bello che ho deciso di acquistare la versione per le aziende. \u00c8 stato davvero utile, mi ha reso pi\u00f9 facile inviare informazioni al nostro personale di marketing \u00a0e persino inviare documenti ai nostri clienti.<\/p>\n<p><strong>Vantaggi<\/strong>: \u00e8 un buon sistema di archiviazione e collaborazione, conveniente per le piccole imprese, archivia in cartelle e condividi informazioni con chi vuoi in qualsiasi parte del mondo, conserva un backup dei tuoi file e della tua email e installando l&#8217;applicazione sul tuo dispositivo mobile avrai le informazioni a portata di mano.<\/p>\n<p><strong>Inconvenienti<\/strong>: in due occasioni abbiamo avuto problemi con la configurazione delle autorizzazioni per l&#8217;accesso alle cartelle che in seguito erano solvibili, anche se continuiamo a fidarci del loro buon servizio e sicurezza.<\/p>\n<p><strong>Anderson S. &#8220;Servizio cloud semplice e facile da usare&#8221;<\/strong><\/p>\n<p><strong>Commenti:<\/strong> \u00c8 stato molto utile condividere rapidamente i file di lavoro, oltre alla capacit\u00e0 di archiviazione che ci ha permesso di proteggere molte informazioni<\/p>\n<p><strong>Vantaggi<\/strong>: \u00e8 un cloud con un buon spazio di archiviazione, molto facile da usare, ha una connessione remota con dispositivi mobili iOS per me \u00e8 eccellente, e dal computer funziona in background<\/p>\n<p><strong>Inconvenienti<\/strong>: anche se non ho avuto problemi con il servizio, deve comunque migliorare alcune funzionalit\u00e0, ad esempio l&#8217;operazione remota potrebbe fornire poca sicurezza ai tuoi file.<\/p>\n<h4>Ryan T. <q>Enorme quantit\u00e0 di capacit\u00e0 con un notevole \u00a0risparmio<\/q><\/h4>\n<p><strong>Commenti:<\/strong>\u00a0Buona idea, ad un prezzo molto economico!<\/p>\n<p><strong>Vantaggi<\/strong>: La facilit\u00e0 d&#8217;uso e la funzionalit\u00e0 di backup giornaliera sono eccezionali. Offre un posto molto sicuro per il backup del computer.<\/p>\n<p><strong>Inconvenienti<\/strong>: Passare a un altro computer o aggiungere un computer da condividere con una famiglia. \u00c8 un po&#8217; confuso e pu\u00f2 diventare costoso se si esegue il backup di molti computer.<\/p>\n","protected":false},"excerpt":{"rendered":"<p>ZipCloud \u00e8 una soluzione di backup e archiviazione cloud facile da usare e sicura che ti consente di creare copie di tutti i tuoi file importanti e salvarli in un ambiente cloud. La soluzione supporta vari tipi di file come documenti, immagini, video e musica che \u00e8 possibile utilizzare per uso personale o aziendale.\u00a0<\/p>\n","protected":false},"author":19,"featured_media":18388,"parent":6671,"menu_order":0,"comment_status":"open","ping_status":"closed","template":"g1_template_page_review_new.php","meta":{"_acf_changed":false,"cwp_meta_box_check":"Yes","cwp_rev_product_name":"","cwp_rev_product_image":"","wppr_links":[],"cwp_rev_price":"","wppr_options":[],"wppr_pros":[],"wppr_cons":[],"_monsterinsights_skip_tracking":false,"_monsterinsights_sitenote_active":false,"_monsterinsights_sitenote_note":"","_monsterinsights_sitenote_category":0,"footnotes":""},"categories":[98],"tags":[752,396,772,776,775,1306,1307],"features":[],"class_list":{"0":"post-18387","1":"page","2":"type-page","3":"status-publish","4":"has-post-thumbnail","6":"category-backup","7":"tag-backup","8":"tag-cloud","9":"tag-programma-backup-online","10":"tag-programma-per-backup","11":"tag-software-per-backup","12":"tag-soluzione-per-backup","13":"tag-zipcloud"},"wppr_data":{"cwp_meta_box_check":"Yes","cwp_rev_product_name":"","cwp_rev_product_image":"","cwp_image_link":"image","cwp_rev_price":"","wppr_rating":"0.00"},"acf":[],"yoast_head":"<!-- This site is optimized with the Yoast SEO plugin v27.4 - https:\/\/yoast.com\/product\/yoast-seo-wordpress\/ -->\n<title>ZipCloud: recensione software di backup- Accurate Reviews<\/title>\n<meta name=\"description\" content=\"ZipCloud: recensione soluzione di backup e archiviazione cloud che ti consente di creare copie di tutti i tuoi file importanti.\" \/>\n<meta name=\"robots\" content=\"index, follow, max-snippet:-1, max-image-preview:large, max-video-preview:-1\" \/>\n<link rel=\"canonical\" href=\"https:\/\/www.accuratereviews.com\/it\/backup-i-migliori-software-e-servizi-software-lista\/zipcloud-recensione\/\" \/>\n<meta property=\"og:locale\" content=\"it_IT\" \/>\n<meta property=\"og:type\" content=\"article\" \/>\n<meta property=\"og:title\" content=\"ZipCloud: recensione software di backup- Accurate Reviews\" \/>\n<meta property=\"og:description\" content=\"ZipCloud: recensione soluzione di backup e archiviazione cloud che ti consente di creare copie di tutti i tuoi file importanti.\" \/>\n<meta property=\"og:url\" content=\"https:\/\/www.accuratereviews.com\/it\/backup-i-migliori-software-e-servizi-software-lista\/zipcloud-recensione\/\" \/>\n<meta property=\"og:site_name\" content=\"Accurate Reviews\" \/>\n<meta property=\"article:modified_time\" content=\"2021-04-24T07:12:03+00:00\" \/>\n<meta property=\"og:image\" content=\"https:\/\/www.accuratereviews.com\/wp-content\/uploads\/2019\/09\/ZipCloud.jpg\" \/>\n\t<meta property=\"og:image:width\" content=\"680\" \/>\n\t<meta property=\"og:image:height\" content=\"350\" \/>\n\t<meta property=\"og:image:type\" content=\"image\/jpeg\" \/>\n<meta name=\"twitter:card\" content=\"summary_large_image\" \/>\n<meta name=\"twitter:label1\" content=\"Tempo di lettura stimato\" \/>\n\t<meta name=\"twitter:data1\" content=\"4 minuti\" \/>\n<script type=\"application\/ld+json\" class=\"yoast-schema-graph\">{\"@context\":\"https:\\\/\\\/schema.org\",\"@graph\":[{\"@type\":\"WebPage\",\"@id\":\"https:\\\/\\\/www.accuratereviews.com\\\/it\\\/backup-i-migliori-software-e-servizi-software-lista\\\/zipcloud-recensione\\\/\",\"url\":\"https:\\\/\\\/www.accuratereviews.com\\\/it\\\/backup-i-migliori-software-e-servizi-software-lista\\\/zipcloud-recensione\\\/\",\"name\":\"ZipCloud: recensione software di backup- Accurate Reviews\",\"isPartOf\":{\"@id\":\"https:\\\/\\\/www.accuratereviews.com\\\/it\\\/#website\"},\"primaryImageOfPage\":{\"@id\":\"https:\\\/\\\/www.accuratereviews.com\\\/it\\\/backup-i-migliori-software-e-servizi-software-lista\\\/zipcloud-recensione\\\/#primaryimage\"},\"image\":{\"@id\":\"https:\\\/\\\/www.accuratereviews.com\\\/it\\\/backup-i-migliori-software-e-servizi-software-lista\\\/zipcloud-recensione\\\/#primaryimage\"},\"thumbnailUrl\":\"https:\\\/\\\/www.accuratereviews.com\\\/wp-content\\\/uploads\\\/2019\\\/09\\\/ZipCloud.jpg\",\"datePublished\":\"2019-09-20T11:36:20+00:00\",\"dateModified\":\"2021-04-24T07:12:03+00:00\",\"description\":\"ZipCloud: recensione soluzione di backup e archiviazione cloud che ti consente di creare copie di tutti i tuoi file importanti.\",\"breadcrumb\":{\"@id\":\"https:\\\/\\\/www.accuratereviews.com\\\/it\\\/backup-i-migliori-software-e-servizi-software-lista\\\/zipcloud-recensione\\\/#breadcrumb\"},\"inLanguage\":\"it-IT\",\"potentialAction\":[{\"@type\":\"ReadAction\",\"target\":[\"https:\\\/\\\/www.accuratereviews.com\\\/it\\\/backup-i-migliori-software-e-servizi-software-lista\\\/zipcloud-recensione\\\/\"]}]},{\"@type\":\"ImageObject\",\"inLanguage\":\"it-IT\",\"@id\":\"https:\\\/\\\/www.accuratereviews.com\\\/it\\\/backup-i-migliori-software-e-servizi-software-lista\\\/zipcloud-recensione\\\/#primaryimage\",\"url\":\"https:\\\/\\\/www.accuratereviews.com\\\/wp-content\\\/uploads\\\/2019\\\/09\\\/ZipCloud.jpg\",\"contentUrl\":\"https:\\\/\\\/www.accuratereviews.com\\\/wp-content\\\/uploads\\\/2019\\\/09\\\/ZipCloud.jpg\",\"width\":680,\"height\":350},{\"@type\":\"BreadcrumbList\",\"@id\":\"https:\\\/\\\/www.accuratereviews.com\\\/it\\\/backup-i-migliori-software-e-servizi-software-lista\\\/zipcloud-recensione\\\/#breadcrumb\",\"itemListElement\":[{\"@type\":\"ListItem\",\"position\":1,\"name\":\"Home\",\"item\":\"https:\\\/\\\/www.accuratereviews.com\\\/it\\\/\"},{\"@type\":\"ListItem\",\"position\":2,\"name\":\"Backup: i migliori software e servizi\",\"item\":\"https:\\\/\\\/www.accuratereviews.com\\\/it\\\/backup-i-migliori-software-e-servizi-software-lista\\\/\"},{\"@type\":\"ListItem\",\"position\":3,\"name\":\"ZipCloud\"}]},{\"@type\":\"WebSite\",\"@id\":\"https:\\\/\\\/www.accuratereviews.com\\\/it\\\/#website\",\"url\":\"https:\\\/\\\/www.accuratereviews.com\\\/it\\\/\",\"name\":\"Accurate Reviews\",\"description\":\"\",\"potentialAction\":[{\"@type\":\"SearchAction\",\"target\":{\"@type\":\"EntryPoint\",\"urlTemplate\":\"https:\\\/\\\/www.accuratereviews.com\\\/it\\\/?s={search_term_string}\"},\"query-input\":{\"@type\":\"PropertyValueSpecification\",\"valueRequired\":true,\"valueName\":\"search_term_string\"}}],\"inLanguage\":\"it-IT\"}]}<\/script>\n<!-- \/ Yoast SEO plugin. -->","yoast_head_json":{"title":"ZipCloud: recensione software di backup- Accurate Reviews","description":"ZipCloud: recensione soluzione di backup e archiviazione cloud che ti consente di creare copie di tutti i tuoi file importanti.","robots":{"index":"index","follow":"follow","max-snippet":"max-snippet:-1","max-image-preview":"max-image-preview:large","max-video-preview":"max-video-preview:-1"},"canonical":"https:\/\/www.accuratereviews.com\/it\/backup-i-migliori-software-e-servizi-software-lista\/zipcloud-recensione\/","og_locale":"it_IT","og_type":"article","og_title":"ZipCloud: recensione software di backup- Accurate Reviews","og_description":"ZipCloud: recensione soluzione di backup e archiviazione cloud che ti consente di creare copie di tutti i tuoi file importanti.","og_url":"https:\/\/www.accuratereviews.com\/it\/backup-i-migliori-software-e-servizi-software-lista\/zipcloud-recensione\/","og_site_name":"Accurate Reviews","article_modified_time":"2021-04-24T07:12:03+00:00","og_image":[{"width":680,"height":350,"url":"https:\/\/www.accuratereviews.com\/wp-content\/uploads\/2019\/09\/ZipCloud.jpg","type":"image\/jpeg"}],"twitter_card":"summary_large_image","twitter_misc":{"Tempo di lettura stimato":"4 minuti"},"schema":{"@context":"https:\/\/schema.org","@graph":[{"@type":"WebPage","@id":"https:\/\/www.accuratereviews.com\/it\/backup-i-migliori-software-e-servizi-software-lista\/zipcloud-recensione\/","url":"https:\/\/www.accuratereviews.com\/it\/backup-i-migliori-software-e-servizi-software-lista\/zipcloud-recensione\/","name":"ZipCloud: recensione software di backup- Accurate Reviews","isPartOf":{"@id":"https:\/\/www.accuratereviews.com\/it\/#website"},"primaryImageOfPage":{"@id":"https:\/\/www.accuratereviews.com\/it\/backup-i-migliori-software-e-servizi-software-lista\/zipcloud-recensione\/#primaryimage"},"image":{"@id":"https:\/\/www.accuratereviews.com\/it\/backup-i-migliori-software-e-servizi-software-lista\/zipcloud-recensione\/#primaryimage"},"thumbnailUrl":"https:\/\/www.accuratereviews.com\/wp-content\/uploads\/2019\/09\/ZipCloud.jpg","datePublished":"2019-09-20T11:36:20+00:00","dateModified":"2021-04-24T07:12:03+00:00","description":"ZipCloud: recensione soluzione di backup e archiviazione cloud che ti consente di creare copie di tutti i tuoi file importanti.","breadcrumb":{"@id":"https:\/\/www.accuratereviews.com\/it\/backup-i-migliori-software-e-servizi-software-lista\/zipcloud-recensione\/#breadcrumb"},"inLanguage":"it-IT","potentialAction":[{"@type":"ReadAction","target":["https:\/\/www.accuratereviews.com\/it\/backup-i-migliori-software-e-servizi-software-lista\/zipcloud-recensione\/"]}]},{"@type":"ImageObject","inLanguage":"it-IT","@id":"https:\/\/www.accuratereviews.com\/it\/backup-i-migliori-software-e-servizi-software-lista\/zipcloud-recensione\/#primaryimage","url":"https:\/\/www.accuratereviews.com\/wp-content\/uploads\/2019\/09\/ZipCloud.jpg","contentUrl":"https:\/\/www.accuratereviews.com\/wp-content\/uploads\/2019\/09\/ZipCloud.jpg","width":680,"height":350},{"@type":"BreadcrumbList","@id":"https:\/\/www.accuratereviews.com\/it\/backup-i-migliori-software-e-servizi-software-lista\/zipcloud-recensione\/#breadcrumb","itemListElement":[{"@type":"ListItem","position":1,"name":"Home","item":"https:\/\/www.accuratereviews.com\/it\/"},{"@type":"ListItem","position":2,"name":"Backup: i migliori software e servizi","item":"https:\/\/www.accuratereviews.com\/it\/backup-i-migliori-software-e-servizi-software-lista\/"},{"@type":"ListItem","position":3,"name":"ZipCloud"}]},{"@type":"WebSite","@id":"https:\/\/www.accuratereviews.com\/it\/#website","url":"https:\/\/www.accuratereviews.com\/it\/","name":"Accurate Reviews","description":"","potentialAction":[{"@type":"SearchAction","target":{"@type":"EntryPoint","urlTemplate":"https:\/\/www.accuratereviews.com\/it\/?s={search_term_string}"},"query-input":{"@type":"PropertyValueSpecification","valueRequired":true,"valueName":"search_term_string"}}],"inLanguage":"it-IT"}]}},"_links":{"self":[{"href":"https:\/\/www.accuratereviews.com\/it\/wp-json\/wp\/v2\/pages\/18387","targetHints":{"allow":["GET"]}}],"collection":[{"href":"https:\/\/www.accuratereviews.com\/it\/wp-json\/wp\/v2\/pages"}],"about":[{"href":"https:\/\/www.accuratereviews.com\/it\/wp-json\/wp\/v2\/types\/page"}],"author":[{"embeddable":true,"href":"https:\/\/www.accuratereviews.com\/it\/wp-json\/wp\/v2\/users\/19"}],"replies":[{"embeddable":true,"href":"https:\/\/www.accuratereviews.com\/it\/wp-json\/wp\/v2\/comments?post=18387"}],"version-history":[{"count":12,"href":"https:\/\/www.accuratereviews.com\/it\/wp-json\/wp\/v2\/pages\/18387\/revisions"}],"predecessor-version":[{"id":40996,"href":"https:\/\/www.accuratereviews.com\/it\/wp-json\/wp\/v2\/pages\/18387\/revisions\/40996"}],"up":[{"embeddable":true,"href":"https:\/\/www.accuratereviews.com\/it\/wp-json\/wp\/v2\/pages\/6671"}],"wp:featuredmedia":[{"embeddable":true,"href":"https:\/\/www.accuratereviews.com\/it\/wp-json\/wp\/v2\/media\/18388"}],"wp:attachment":[{"href":"https:\/\/www.accuratereviews.com\/it\/wp-json\/wp\/v2\/media?parent=18387"}],"wp:term":[{"taxonomy":"category","embeddable":true,"href":"https:\/\/www.accuratereviews.com\/it\/wp-json\/wp\/v2\/categories?post=18387"},{"taxonomy":"post_tag","embeddable":true,"href":"https:\/\/www.accuratereviews.com\/it\/wp-json\/wp\/v2\/tags?post=18387"},{"taxonomy":"features","embeddable":true,"href":"https:\/\/www.accuratereviews.com\/it\/wp-json\/wp\/v2\/features?post=18387"}],"curies":[{"name":"wp","href":"https:\/\/api.w.org\/{rel}","templated":true}]}}