{"id":18399,"date":"2019-09-20T13:41:19","date_gmt":"2019-09-20T13:41:19","guid":{"rendered":"https:\/\/www.accuratereviews.com\/?page_id=18399"},"modified":"2021-04-24T07:00:57","modified_gmt":"2021-04-24T07:00:57","slug":"koofr-recensione","status":"publish","type":"page","link":"https:\/\/www.accuratereviews.com\/it\/backup-i-migliori-software-e-servizi-software-lista\/koofr-recensione\/","title":{"rendered":"Koofr"},"content":{"rendered":"<p><strong>Koofr<\/strong> \u00e8 una<strong> soluzione di archiviazione cloud.<\/strong> Il software consente agli utenti di combinare e accedere a tutti i tipi di file in un database centralizzato, con pacchetti che vanno dalle offerte freemium da 2 GB a pacchetti con capacit\u00e0 maggiori. Collega gli account <strong>Dropbox, Google Drive, Amazon e OneDrive <\/strong>con questo software, una funzione di ricerca unificata esplora tutti i file nel cloud o nei dispositivi configurati.\u00a0Il programma rende la condivisione pi\u00f9 semplice in quanto gli utenti possono semplicemente creare un collegamento per condividere qualsiasi file o cartella. Possono quindi indicare se il loro contenuto deve essere privato o pubblico e facoltativamente impostare il tempo di scadenza. Il sistema pu\u00f2 anche ricevere file di grandi dimensioni da chiunque e creare un collegamento di ricezione.\u00a0La soluzione funziona anche con tutti i browser e una variet\u00e0 di piattaforme.\u00a0Gli utenti possono essere pi\u00f9 organizzati su <strong>Koofr<\/strong> e consente il backup automatico dai dispositivi mobili e si sincronizza con i computer. I dati sono al sicuro da minacce online e accessi non autorizzati poich\u00e9 vengono caricati con crittografia SSL (Secure Sockets Layer) e TLS (Transport Layer Security). I documenti vengono quindi archiviati e crittografati in almeno tre posizioni fisiche all&#8217;interno di datacenter altamente protetto.<\/p>\n<h2>KOOFR &#8211; TUTORIAL<\/h2>\n<p>Guardiamo insieme questo tutorial per imparare come utilizzare questo <strong>software di archiviazione cloud:<\/strong><\/p>\n<div id=\"fluid-wrapper-counter-1\" class=\"g1-fluid-wrapper \" style=\"width:686px;\">\n<div style=\"padding-bottom:56.268221574344%;\"><iframe loading=\"lazy\" title=\"Il servizio di cloud Koofr - iscrizione e funzionalit\u00e0\" width=\"686\" height=\"386\" src=\"https:\/\/www.youtube.com\/embed\/twBTbWd1Fck?feature=oembed&amp;wmode=transparent&amp;autohide=1&amp;autoplay=0&amp;disablekb=0&amp;fs=1&amp;loop=0&amp;enablejsapi=1&amp;rel=0&amp;controls=2&amp;showinfo=0&amp;wmode=transparent&amp;autohide=2&amp;autoplay=0&amp;disablekb=0&amp;fs=1&amp;loop=0&amp;enablejsapi=1&amp;rel=0&amp;controls=2&amp;showinfo=1\" frameborder=\"0\" allow=\"accelerometer; autoplay; clipboard-write; encrypted-media; gyroscope; picture-in-picture\" allowfullscreen><\/iframe><\/div>\n<\/div>\n<h3>KOOFR &#8211; CARATTERISTICHE<\/h3>\n<ul>\n<li>\u00c8 accessibile tramite web e dispositivi mobili (iOS, Android, Windows Phone)<\/li>\n<li>Nessun limite per le dimensioni dei singoli file<\/li>\n<li>Mantieni le tue foto, video e documenti al sicuro<\/li>\n<li>Backup automatico di foto e video dal tuo telefono cellulare<\/li>\n<li>Semplice sincronizzazione bidirezionale dal tuo computer, nessun limite, scegli le cartelle sul tuo computer da sincronizzare<\/li>\n<li>Proteggi il tuo account con la verifica in due passaggi per una maggiore sicurezza<\/li>\n<li>Crea un collegamento per condividere qualsiasi file o cartella. Renderli privati \u200b\u200bo pubblici e facoltativamente impostare il tempo di scadenza. Quindi inviarli tramite l&#8217;opzione preferita.<\/li>\n<li>Condividi le cartelle all&#8217;interno del programma con i membri del tuo team e ottieni un&#8217;opzione di messaggistica integrata per facilitare la collaborazione.<\/li>\n<li>Collega i tuoi account cloud esistenti (Dropbox, Google Drive, Onedrive, Amazon Cloud Drive) per utilizzare appieno il motore di ricerca unificato<\/li>\n<li>Tutti i tuoi file vengono trasferiti in modo sicuro su TLS \/ SSL e archiviati in modo sicuro sui nostri server. Hai sempre una visione completa di tutto ci\u00f2 che condividi privatamente o pubblicamente<\/li>\n<\/ul>\n<h4>LE RECENSIONI DEGLI UTENTI<\/h4>\n<h4>James S. &#8220;Koofr offre ampio spazio di archiviazione nel cloud&#8221;<\/h4>\n<p><strong>Commenti<\/strong>: Koofr \u00e8 un&#8217;eccellente piattaforma con ampie opzioni per la sincronizzazione dei dispositivi. \u00c8 molto facile condividere file grazie al suo sistema di creazione di collegamenti a cartelle. La tua estensione di Google Chrome offre molta facilit\u00e0 di gestione.<\/p>\n<p><strong>Vantaggi<\/strong>: Koofr offre 2 gigabyte di spazio di archiviazione nel cloud, che riteniamo sia una quantit\u00e0 eccellente per documenti di ogni tipo. La sua integrazione con la suite G \u00e8 eccellente, come la sua connessione a Dropbox e Amazon.<\/p>\n<p><strong>Inconvenienti<\/strong>: la sua integrazione con Microsoft OneDrive \u00e8 lenta e poco flessibile. Non ci piace che ci voglia cos\u00ec tanto tempo per creare backup di file video dal telefono (principalmente su dispositivi Android). La sua interfaccia \u00e8 un po&#8217; confusa.<\/p>\n<h4>Gabriela L. &#8220;Koofr offre un&#8217;ottima creazione di backup&#8221;<\/h4>\n<p><strong>Commenti:<\/strong> Koofr offre eccellenti funzionalit\u00e0 di personalizzazione. Sincronizzare i computer \u00e8 molto semplice e la loro sicurezza \u00e8 molto elevata. I backup sono foto e video creati in modo automatizzato, che consente di risparmiare molto tempo.<\/p>\n<p><strong>Vantaggi<\/strong>: Koofr \u00e8 eccellente sia nei browser su computer desktop che su dispositivi mobili (principalmente Windows Phone). Ha un&#8217;ottima integrazione con Dropbox e Onedrive e il suo sistema di recupero file \u00e8 molto utile (hai a una settimana per recuperarli).<\/p>\n<p><strong>Inconvenienti<\/strong>: l&#8217;interfaccia di Koofr \u00e8 un po&#8217; limitante. Non offre spazio di archiviazione sufficiente nel cloud e le sue opzioni di condivisione dei file sono piuttosto limitanti, in quanto funziona creando un elenco specifico di persone che possono ricevere ciascun file, il che richiede pi\u00f9 tempo della semplice copia del collegamento.<\/p>\n<h4>Mariana L. &#8220;Grande!&#8221;<\/h4>\n<p><strong>Commenti<\/strong>: \u00c8 una buona scelta per salvare i tuoi file, sempre consigliato ai miei colleghi.<\/p>\n<p><strong>Vantaggi:<\/strong> Il fatto di essere connesso ai cloud Dropbox, Google Drive e One Drive lo rende una delle migliori applicazioni di salvataggio che abbiamo utilizzato nella nostra azienda in cui puoi facilmente cercare i tuoi file al loro interno.<\/p>\n<p><strong>Inconvenienti<\/strong>: potrebbe essere un&#8217;applicazione un po&#8217; pi\u00f9 veloce, ma comunque molto buona.<\/p>\n<p>&nbsp;<\/p>\n","protected":false},"excerpt":{"rendered":"<p>Koofr \u00e8 una soluzione di archiviazione cloud con pi\u00f9 connessioni all&#8217;account cloud. Il software consente agli utenti di combinare e accedere a tutti i tipi di file in un database centralizzato, con pacchetti che vanno dalle offerte freemium da 2 GB a pacchetti con capacit\u00e0 maggiori. Collega gli account Dropbox, Google Drive, Amazon e OneDrive con questo software, una funzione di ricerca unificata esplora tutti i file nel cloud o nei dispositivi configurati.<\/p>\n","protected":false},"author":19,"featured_media":18404,"parent":6671,"menu_order":0,"comment_status":"open","ping_status":"closed","template":"g1_template_page_review_new.php","meta":{"_acf_changed":false,"cwp_meta_box_check":"Yes","cwp_rev_product_name":"","cwp_rev_product_image":"","wppr_links":[],"cwp_rev_price":"","wppr_options":[],"wppr_pros":[],"wppr_cons":[],"_monsterinsights_skip_tracking":false,"_monsterinsights_sitenote_active":false,"_monsterinsights_sitenote_note":"","_monsterinsights_sitenote_category":0,"footnotes":""},"categories":[98],"tags":[752,1308,764,772,763,921],"features":[],"class_list":{"0":"post-18399","1":"page","2":"type-page","3":"status-publish","4":"has-post-thumbnail","6":"category-backup","7":"tag-backup","8":"tag-koofr","9":"tag-programma-backup","10":"tag-programma-backup-online","11":"tag-software-backup","12":"tag-software-basato-su-cloud"},"wppr_data":{"cwp_meta_box_check":"Yes","cwp_rev_product_name":"","cwp_rev_product_image":"","cwp_image_link":"image","cwp_rev_price":"","wppr_rating":"0.00"},"acf":[],"yoast_head":"<!-- This site is optimized with the Yoast SEO plugin v27.4 - https:\/\/yoast.com\/product\/yoast-seo-wordpress\/ -->\n<title>Koofr: recensione software di archiviazione - Accurate Reviews<\/title>\n<meta name=\"description\" content=\"Koofr: recensione software di archiviazione cloud che consente agli utenti di combinare e accedere a tutti i tipi di file in un database centralizzato.\" \/>\n<meta name=\"robots\" content=\"index, follow, max-snippet:-1, max-image-preview:large, max-video-preview:-1\" \/>\n<link rel=\"canonical\" href=\"https:\/\/www.accuratereviews.com\/it\/backup-i-migliori-software-e-servizi-software-lista\/koofr-recensione\/\" \/>\n<meta property=\"og:locale\" content=\"it_IT\" \/>\n<meta property=\"og:type\" content=\"article\" \/>\n<meta property=\"og:title\" content=\"Koofr: recensione software di archiviazione - Accurate Reviews\" \/>\n<meta property=\"og:description\" content=\"Koofr: recensione software di archiviazione cloud che consente agli utenti di combinare e accedere a tutti i tipi di file in un database centralizzato.\" \/>\n<meta property=\"og:url\" content=\"https:\/\/www.accuratereviews.com\/it\/backup-i-migliori-software-e-servizi-software-lista\/koofr-recensione\/\" \/>\n<meta property=\"og:site_name\" content=\"Accurate Reviews\" \/>\n<meta property=\"article:modified_time\" content=\"2021-04-24T07:00:57+00:00\" \/>\n<meta property=\"og:image\" content=\"https:\/\/www.accuratereviews.com\/wp-content\/uploads\/2019\/09\/koofr.png\" \/>\n\t<meta property=\"og:image:width\" content=\"1010\" \/>\n\t<meta property=\"og:image:height\" content=\"1010\" \/>\n\t<meta property=\"og:image:type\" content=\"image\/png\" \/>\n<meta name=\"twitter:card\" content=\"summary_large_image\" \/>\n<meta name=\"twitter:label1\" content=\"Tempo di lettura stimato\" \/>\n\t<meta name=\"twitter:data1\" content=\"4 minuti\" \/>\n<script type=\"application\/ld+json\" class=\"yoast-schema-graph\">{\"@context\":\"https:\\\/\\\/schema.org\",\"@graph\":[{\"@type\":\"WebPage\",\"@id\":\"https:\\\/\\\/www.accuratereviews.com\\\/it\\\/backup-i-migliori-software-e-servizi-software-lista\\\/koofr-recensione\\\/\",\"url\":\"https:\\\/\\\/www.accuratereviews.com\\\/it\\\/backup-i-migliori-software-e-servizi-software-lista\\\/koofr-recensione\\\/\",\"name\":\"Koofr: recensione software di archiviazione - Accurate Reviews\",\"isPartOf\":{\"@id\":\"https:\\\/\\\/www.accuratereviews.com\\\/it\\\/#website\"},\"primaryImageOfPage\":{\"@id\":\"https:\\\/\\\/www.accuratereviews.com\\\/it\\\/backup-i-migliori-software-e-servizi-software-lista\\\/koofr-recensione\\\/#primaryimage\"},\"image\":{\"@id\":\"https:\\\/\\\/www.accuratereviews.com\\\/it\\\/backup-i-migliori-software-e-servizi-software-lista\\\/koofr-recensione\\\/#primaryimage\"},\"thumbnailUrl\":\"https:\\\/\\\/www.accuratereviews.com\\\/wp-content\\\/uploads\\\/2019\\\/09\\\/koofr.png\",\"datePublished\":\"2019-09-20T13:41:19+00:00\",\"dateModified\":\"2021-04-24T07:00:57+00:00\",\"description\":\"Koofr: recensione software di archiviazione cloud che consente agli utenti di combinare e accedere a tutti i tipi di file in un database centralizzato.\",\"breadcrumb\":{\"@id\":\"https:\\\/\\\/www.accuratereviews.com\\\/it\\\/backup-i-migliori-software-e-servizi-software-lista\\\/koofr-recensione\\\/#breadcrumb\"},\"inLanguage\":\"it-IT\",\"potentialAction\":[{\"@type\":\"ReadAction\",\"target\":[\"https:\\\/\\\/www.accuratereviews.com\\\/it\\\/backup-i-migliori-software-e-servizi-software-lista\\\/koofr-recensione\\\/\"]}]},{\"@type\":\"ImageObject\",\"inLanguage\":\"it-IT\",\"@id\":\"https:\\\/\\\/www.accuratereviews.com\\\/it\\\/backup-i-migliori-software-e-servizi-software-lista\\\/koofr-recensione\\\/#primaryimage\",\"url\":\"https:\\\/\\\/www.accuratereviews.com\\\/wp-content\\\/uploads\\\/2019\\\/09\\\/koofr.png\",\"contentUrl\":\"https:\\\/\\\/www.accuratereviews.com\\\/wp-content\\\/uploads\\\/2019\\\/09\\\/koofr.png\",\"width\":1010,\"height\":1010},{\"@type\":\"BreadcrumbList\",\"@id\":\"https:\\\/\\\/www.accuratereviews.com\\\/it\\\/backup-i-migliori-software-e-servizi-software-lista\\\/koofr-recensione\\\/#breadcrumb\",\"itemListElement\":[{\"@type\":\"ListItem\",\"position\":1,\"name\":\"Home\",\"item\":\"https:\\\/\\\/www.accuratereviews.com\\\/it\\\/\"},{\"@type\":\"ListItem\",\"position\":2,\"name\":\"Backup: i migliori software e servizi\",\"item\":\"https:\\\/\\\/www.accuratereviews.com\\\/it\\\/backup-i-migliori-software-e-servizi-software-lista\\\/\"},{\"@type\":\"ListItem\",\"position\":3,\"name\":\"Koofr\"}]},{\"@type\":\"WebSite\",\"@id\":\"https:\\\/\\\/www.accuratereviews.com\\\/it\\\/#website\",\"url\":\"https:\\\/\\\/www.accuratereviews.com\\\/it\\\/\",\"name\":\"Accurate Reviews\",\"description\":\"\",\"potentialAction\":[{\"@type\":\"SearchAction\",\"target\":{\"@type\":\"EntryPoint\",\"urlTemplate\":\"https:\\\/\\\/www.accuratereviews.com\\\/it\\\/?s={search_term_string}\"},\"query-input\":{\"@type\":\"PropertyValueSpecification\",\"valueRequired\":true,\"valueName\":\"search_term_string\"}}],\"inLanguage\":\"it-IT\"}]}<\/script>\n<!-- \/ Yoast SEO plugin. -->","yoast_head_json":{"title":"Koofr: recensione software di archiviazione - Accurate Reviews","description":"Koofr: recensione software di archiviazione cloud che consente agli utenti di combinare e accedere a tutti i tipi di file in un database centralizzato.","robots":{"index":"index","follow":"follow","max-snippet":"max-snippet:-1","max-image-preview":"max-image-preview:large","max-video-preview":"max-video-preview:-1"},"canonical":"https:\/\/www.accuratereviews.com\/it\/backup-i-migliori-software-e-servizi-software-lista\/koofr-recensione\/","og_locale":"it_IT","og_type":"article","og_title":"Koofr: recensione software di archiviazione - Accurate Reviews","og_description":"Koofr: recensione software di archiviazione cloud che consente agli utenti di combinare e accedere a tutti i tipi di file in un database centralizzato.","og_url":"https:\/\/www.accuratereviews.com\/it\/backup-i-migliori-software-e-servizi-software-lista\/koofr-recensione\/","og_site_name":"Accurate Reviews","article_modified_time":"2021-04-24T07:00:57+00:00","og_image":[{"width":1010,"height":1010,"url":"https:\/\/www.accuratereviews.com\/wp-content\/uploads\/2019\/09\/koofr.png","type":"image\/png"}],"twitter_card":"summary_large_image","twitter_misc":{"Tempo di lettura stimato":"4 minuti"},"schema":{"@context":"https:\/\/schema.org","@graph":[{"@type":"WebPage","@id":"https:\/\/www.accuratereviews.com\/it\/backup-i-migliori-software-e-servizi-software-lista\/koofr-recensione\/","url":"https:\/\/www.accuratereviews.com\/it\/backup-i-migliori-software-e-servizi-software-lista\/koofr-recensione\/","name":"Koofr: recensione software di archiviazione - Accurate Reviews","isPartOf":{"@id":"https:\/\/www.accuratereviews.com\/it\/#website"},"primaryImageOfPage":{"@id":"https:\/\/www.accuratereviews.com\/it\/backup-i-migliori-software-e-servizi-software-lista\/koofr-recensione\/#primaryimage"},"image":{"@id":"https:\/\/www.accuratereviews.com\/it\/backup-i-migliori-software-e-servizi-software-lista\/koofr-recensione\/#primaryimage"},"thumbnailUrl":"https:\/\/www.accuratereviews.com\/wp-content\/uploads\/2019\/09\/koofr.png","datePublished":"2019-09-20T13:41:19+00:00","dateModified":"2021-04-24T07:00:57+00:00","description":"Koofr: recensione software di archiviazione cloud che consente agli utenti di combinare e accedere a tutti i tipi di file in un database centralizzato.","breadcrumb":{"@id":"https:\/\/www.accuratereviews.com\/it\/backup-i-migliori-software-e-servizi-software-lista\/koofr-recensione\/#breadcrumb"},"inLanguage":"it-IT","potentialAction":[{"@type":"ReadAction","target":["https:\/\/www.accuratereviews.com\/it\/backup-i-migliori-software-e-servizi-software-lista\/koofr-recensione\/"]}]},{"@type":"ImageObject","inLanguage":"it-IT","@id":"https:\/\/www.accuratereviews.com\/it\/backup-i-migliori-software-e-servizi-software-lista\/koofr-recensione\/#primaryimage","url":"https:\/\/www.accuratereviews.com\/wp-content\/uploads\/2019\/09\/koofr.png","contentUrl":"https:\/\/www.accuratereviews.com\/wp-content\/uploads\/2019\/09\/koofr.png","width":1010,"height":1010},{"@type":"BreadcrumbList","@id":"https:\/\/www.accuratereviews.com\/it\/backup-i-migliori-software-e-servizi-software-lista\/koofr-recensione\/#breadcrumb","itemListElement":[{"@type":"ListItem","position":1,"name":"Home","item":"https:\/\/www.accuratereviews.com\/it\/"},{"@type":"ListItem","position":2,"name":"Backup: i migliori software e servizi","item":"https:\/\/www.accuratereviews.com\/it\/backup-i-migliori-software-e-servizi-software-lista\/"},{"@type":"ListItem","position":3,"name":"Koofr"}]},{"@type":"WebSite","@id":"https:\/\/www.accuratereviews.com\/it\/#website","url":"https:\/\/www.accuratereviews.com\/it\/","name":"Accurate Reviews","description":"","potentialAction":[{"@type":"SearchAction","target":{"@type":"EntryPoint","urlTemplate":"https:\/\/www.accuratereviews.com\/it\/?s={search_term_string}"},"query-input":{"@type":"PropertyValueSpecification","valueRequired":true,"valueName":"search_term_string"}}],"inLanguage":"it-IT"}]}},"_links":{"self":[{"href":"https:\/\/www.accuratereviews.com\/it\/wp-json\/wp\/v2\/pages\/18399","targetHints":{"allow":["GET"]}}],"collection":[{"href":"https:\/\/www.accuratereviews.com\/it\/wp-json\/wp\/v2\/pages"}],"about":[{"href":"https:\/\/www.accuratereviews.com\/it\/wp-json\/wp\/v2\/types\/page"}],"author":[{"embeddable":true,"href":"https:\/\/www.accuratereviews.com\/it\/wp-json\/wp\/v2\/users\/19"}],"replies":[{"embeddable":true,"href":"https:\/\/www.accuratereviews.com\/it\/wp-json\/wp\/v2\/comments?post=18399"}],"version-history":[{"count":15,"href":"https:\/\/www.accuratereviews.com\/it\/wp-json\/wp\/v2\/pages\/18399\/revisions"}],"predecessor-version":[{"id":40989,"href":"https:\/\/www.accuratereviews.com\/it\/wp-json\/wp\/v2\/pages\/18399\/revisions\/40989"}],"up":[{"embeddable":true,"href":"https:\/\/www.accuratereviews.com\/it\/wp-json\/wp\/v2\/pages\/6671"}],"wp:featuredmedia":[{"embeddable":true,"href":"https:\/\/www.accuratereviews.com\/it\/wp-json\/wp\/v2\/media\/18404"}],"wp:attachment":[{"href":"https:\/\/www.accuratereviews.com\/it\/wp-json\/wp\/v2\/media?parent=18399"}],"wp:term":[{"taxonomy":"category","embeddable":true,"href":"https:\/\/www.accuratereviews.com\/it\/wp-json\/wp\/v2\/categories?post=18399"},{"taxonomy":"post_tag","embeddable":true,"href":"https:\/\/www.accuratereviews.com\/it\/wp-json\/wp\/v2\/tags?post=18399"},{"taxonomy":"features","embeddable":true,"href":"https:\/\/www.accuratereviews.com\/it\/wp-json\/wp\/v2\/features?post=18399"}],"curies":[{"name":"wp","href":"https:\/\/api.w.org\/{rel}","templated":true}]}}