{"id":18422,"date":"2019-09-23T17:37:33","date_gmt":"2019-09-23T17:37:33","guid":{"rendered":"https:\/\/www.accuratereviews.com\/?page_id=18422"},"modified":"2020-11-09T12:59:48","modified_gmt":"2020-11-09T12:59:48","slug":"trello-recensione","status":"publish","type":"page","link":"https:\/\/www.accuratereviews.com\/it\/project-management-online-lista-software\/trello-recensione\/","title":{"rendered":"Trello"},"content":{"rendered":"<p><strong>Trello<\/strong> \u00e8 una delle principali <strong>app di gestione dei progetti<\/strong> attualmente disponibili sul mercato.\u00a0Utilizza il concetto di schede (che corrispondono ai progetti) e all&#8217;interno all&#8217;interno delle quali, ci sono i compiti da svolgere. Le schede contengono elenchi che possono essere utilizzati per tenere traccia dell&#8217;avanzamento di un progetto o semplicemente classificare le cose. Ben integrato e dal prezzo ragionevole, Trello \u00e8 attualmente uno dei sistemi di gestione e collaborazione pi\u00f9 interessanti \u00a0disponibile sul mercato.\u00a0Semplifica la collaborazione organizzando e monitorando tutte le attivit\u00e0, i file e le informazioni dei team in un unico posto. Per un&#8217;adozione senza soluzione di continuit\u00e0, puoi facilmente integrare le app su cui il tuo team fa gi\u00e0 affidamento nel tuo flusso di lavoro. La ricerca \u00e8 incredibilmente veloce e potente, con strumenti sofisticati che ti aiutano a restringere la ricerca. Le etichette ti aiutano a classificare con precisione le tue cartelle in modo da poterle trovare e filtrarle in seguito. Fessibile e dotato delle \u00a0migliori funzionalit\u00e0 per adattarsi allo stile di qualsiasi squadra.<\/p>\n<h2>TRELLO &#8211; TUTORIAL<\/h2>\n<p>Il tutorial che segue mostrer\u00e0 come organizzare il tuo lavoro con questo<strong> software di Project Management:\u00a0<\/strong><\/p>\n<div id=\"fluid-wrapper-counter-1\" class=\"g1-fluid-wrapper \" style=\"width:686px;\">\n<div style=\"padding-bottom:56.268221574344%;\"><iframe loading=\"lazy\" title=\"Come Organizzare il Lavoro con Trello e avere tutto sotto Controllo\" width=\"686\" height=\"386\" src=\"https:\/\/www.youtube.com\/embed\/vHDesr84Pho?feature=oembed&amp;wmode=transparent&amp;autohide=1&amp;autoplay=0&amp;disablekb=0&amp;fs=1&amp;loop=0&amp;enablejsapi=1&amp;rel=0&amp;controls=2&amp;showinfo=0&amp;wmode=transparent&amp;autohide=2&amp;autoplay=0&amp;disablekb=0&amp;fs=1&amp;loop=0&amp;enablejsapi=1&amp;rel=0&amp;controls=2&amp;showinfo=1\" frameborder=\"0\" allow=\"accelerometer; autoplay; clipboard-write; encrypted-media; gyroscope; picture-in-picture\" allowfullscreen><\/iframe><\/div>\n<\/div>\n<h3>TRELLO &#8211; CARATTERISTICHE<\/h3>\n<ul>\n<li><strong>Sempre sincronizzato<\/strong>: indipendentemente da dove ti trovi, questo programma rimane sincronizzato su tutti i tuoi dispositivi<\/li>\n<li class=\"mt-3 mt-md-0\"><strong>Informazioni in sintesi:<\/strong> aggiungi maggiori dettagli attraverso commenti, allegati, date di scadenza e molto altro ancora direttamente sulle schede<\/li>\n<li><strong>Collabora con qualsiasi gruppo<\/strong>: che si tratti di lavoro o di un progetto parallelo il software aiuta il tuo gruppo a mantenersi organizzato<\/li>\n<li><strong>Troverai ogni cosa con la ricerca, i filtri e le etichette: l<\/strong>a ricerca \u00e8 incredibilmente veloce e potente, con strumenti sofisticati\u00a0che aiutano a restringere la tua ricerca. Le etichette aiutano a categorizzare finemente le tue schede in modo da poterle trovare e filtrare facilmente in un secondo momento. Non perderai mai una scheda.<\/li>\n<\/ul>\n<h4>LE RECENSIONI DEGLI UTENTI<\/h4>\n<h4>Adam S. &#8220;Una volta capito molto meglio&#8221;<\/h4>\n<p><strong>Commenti<\/strong>: questo \u00e8 un software eccellente. Un po &#8216;difficile all&#8217;inizio ma una volta che ci si abitua \u00e8 facile e affidabile.<\/p>\n<p><strong>Vantaggi<\/strong>: questo prodotto \u00e8 molto utile per gli utenti che vogliono organizzare il lavoro del proprio team, il programma e le riunioni del gruppo. L&#8217;ho usato come Scrum Master per progettare l&#8217;arretrato di prodotti<\/p>\n<p><strong>Inconvenienti<\/strong>: \u00e8 stato difficile abituarsi quando abbiamo iniziato a usare questo software ed \u00e8 anche difficile quando lo usiamo con altre applicazioni.<\/p>\n<p><strong>David Y. &#8220;Trello lavora meglio&#8221;<\/strong><\/p>\n<p><strong>Commenti<\/strong>: Ho usato Trello per pi\u00f9 di due anni. Una delle cose pi\u00f9 belle di Trello \u00e8 che \u00e8 super facile da imparare e iniziare a usare. C&#8217;\u00e8 molto poco in termini di curva di apprendimento. Lo spazio di lavoro \u00e8 pulito e ordinato, anche se si creano pi\u00f9 schede. Un&#8217;altra grande caratteristica \u00e8 la capacit\u00e0 di trascinare e rilasciare le carte da una tavola all&#8217;altra. Questo \u00e8 molto utile se decidi di creare una scheda come COMPITI COMPLETATI.<\/p>\n<p><strong>Vantaggi<\/strong>: Trello \u00e8 un&#8217;eccellente piattaforma di gestione dei progetti, nota anche come software di collaborazione. \u00c8 particolarmente utile se hai pi\u00f9 progetti con numerose cose da fare. Ecco perch\u00e9: Trello utilizza le schede. Pensa alle schede come a schede digitali. \u00c8 possibile creare una scheda separata per ogni progetto di alto livello. Ad esempio, ho creato una bacheca denominata MARKETING 2019 per gestire le mie attivit\u00e0 di marketing per l&#8217;anno. All&#8217;interno di questo tabellone, Trello mi consente di allegare carte. Ogni carta \u00e8 nominata per un&#8217;attivit\u00e0 specifica. Quindi, ho carte per fiere, sviluppo di brochure, ecc. Ad ogni carta possono essere assegnati compiti. Quindi, ad esempio, posso elencare tutte le mie fiere sulla scheda Fiere. Posso elencare ulteriormente compiti pi\u00f9 dettagliati come &#8220;Sviluppa banchi&#8221; o &#8220;Riserva stand&#8221;. Soprattutto, le scadenze per tutte le attivit\u00e0 possono essere aggiunte tramite una funzione di calendario ed \u00e8 facile assegnare attivit\u00e0 a chiunque sia stato aggiunto come utente o amministratore.<\/p>\n<p><strong>Inconvenienti<\/strong>: c&#8217;\u00e8 poco da non apprezzare. L&#8217;applicazione funziona perfettamente secondo mia opinione. \u00c8 semplicissimo modificare schede, schede e attivit\u00e0. L&#8217;unico difetto che mi viene in mente \u00e8 che non sembra esserci modo di esportare i tuoi dati in Excel, il che potrebbe rivelarsi utile per alcuni. Per me, non \u00e8 un problema.<\/p>\n<p><strong>Erik M. &#8220;Flussi di lavoro puliti e belli per professionisti organizzati&#8221;<\/strong><\/p>\n<p><strong>Commenti<\/strong>: Sono incredibilmente impressionato da Trello e faccio riferimento a tutti quelli che conosco che hanno bisogno di una piattaforma di collaborazione in team. Trello offre tutto ci\u00f2 di cui ho bisogno per organizzare i miei progetti attuali e futuri in modo rapido ed efficiente. Mille grazie agli sviluppatori per aver fornito un prodotto di classe mondiale con un eccellente servizio clienti.<\/p>\n<p><strong>Vantaggi<\/strong>: Vorrei sapere prima di Trello WAY. Ha migliorato il mio flusso di lavoro e aumentato la mia produttivit\u00e0 di dieci volte! Puoi aggiungere colonne per categorie come &#8220;Attivit\u00e0, Attivit\u00e0, In attesa di feedback, Fine, ecc.&#8221;, Aggiungi etichette per la codifica a colori delle tue carte e aggiungi i membri del team alle singole carte. I tuoi membri rimarranno aggiornati su qualsiasi attivit\u00e0 tramite aggiornamenti via email, se lo desideri, in modo da non perdere mai un aggiornamento. \u00c8 possibile aggiungere facilmente immagini e file direttamente ai compagni di squadra in cui possono commentare, suggerire modifiche e disporre di un database di file a cui fare riferimento se necessario.<\/p>\n<p><strong>Inconvenienti<\/strong>: Mi piacerebbe avere la possibilit\u00e0 di inviare un&#8217;email direttamente ai membri del team o ai gruppi su una scheda specifica e la possibilit\u00e0 di visualizzare diverse schede contemporaneamente. A parte queste caratteristiche non c&#8217;\u00e8 nulla che cambierei! Trello \u00e8 incredibilmente robusto e offre tutto ci\u00f2 che potrei chiedere in termini di organizzazione del flusso di lavoro e collaborazione.<\/p>\n","protected":false},"excerpt":{"rendered":"<p>Trello \u00e8 una delle principali app di gestione dei progetti attualmente disponibili sul mercato.\u00a0Utilizza il concetto di schede (che corrispondono ai progetti) e all&#8217;interno all&#8217;interno delle quali, ci sono i compiti da svolgere. Le schede contengono elenchi che possono essere utilizzati per tenere traccia dell&#8217;avanzamento di un progetto o semplicemente classificare le cose.<\/p>\n","protected":false},"author":19,"featured_media":18424,"parent":8333,"menu_order":9,"comment_status":"open","ping_status":"closed","template":"g1_template_page_review_new.php","meta":{"_acf_changed":false,"cwp_meta_box_check":"Yes","cwp_rev_product_name":"","cwp_rev_product_image":"","wppr_links":[],"cwp_rev_price":"","wppr_options":[],"wppr_pros":[],"wppr_cons":[],"_monsterinsights_skip_tracking":false,"_monsterinsights_sitenote_active":false,"_monsterinsights_sitenote_note":"","_monsterinsights_sitenote_category":0,"footnotes":""},"categories":[172,182],"tags":[1312,1310,1311,1309,1313],"features":[],"class_list":{"0":"post-18422","1":"page","2":"type-page","3":"status-publish","4":"has-post-thumbnail","6":"category-online-project-management-it","7":"category-project-management-software-it","8":"tag-programma-gestione-progetti","9":"tag-programma-project-management","10":"tag-software-gestione-dei-progetti","11":"tag-software-project-management","12":"tag-trello"},"wppr_data":{"cwp_meta_box_check":"Yes","cwp_rev_product_name":"","cwp_rev_product_image":"","cwp_image_link":"image","cwp_rev_price":"","wppr_rating":"0.00"},"acf":[],"yoast_head":"<!-- This site is optimized with the Yoast SEO plugin v27.4 - https:\/\/yoast.com\/product\/yoast-seo-wordpress\/ -->\n<title>Trello: recensione software Project Management - Accurate Reviews<\/title>\n<meta name=\"description\" content=\"Trello: recensione software di gestione dei progetti attualmente disponibili sul mercato buono ed efficace per organizzare al meglio il tuo team.\" \/>\n<meta name=\"robots\" content=\"index, follow, max-snippet:-1, max-image-preview:large, max-video-preview:-1\" \/>\n<link rel=\"canonical\" href=\"https:\/\/www.accuratereviews.com\/it\/project-management-online-lista-software\/trello-recensione\/\" \/>\n<meta property=\"og:locale\" content=\"it_IT\" \/>\n<meta property=\"og:type\" content=\"article\" \/>\n<meta property=\"og:title\" content=\"Trello: recensione software Project Management - Accurate Reviews\" \/>\n<meta property=\"og:description\" content=\"Trello: recensione software di gestione dei progetti attualmente disponibili sul mercato buono ed efficace per organizzare al meglio il tuo team.\" \/>\n<meta property=\"og:url\" content=\"https:\/\/www.accuratereviews.com\/it\/project-management-online-lista-software\/trello-recensione\/\" \/>\n<meta property=\"og:site_name\" content=\"Accurate Reviews\" \/>\n<meta property=\"article:modified_time\" content=\"2020-11-09T12:59:48+00:00\" \/>\n<meta property=\"og:image\" content=\"https:\/\/www.accuratereviews.com\/wp-content\/uploads\/2019\/09\/trello-logo.png\" \/>\n\t<meta property=\"og:image:width\" content=\"2655\" \/>\n\t<meta property=\"og:image:height\" content=\"816\" \/>\n\t<meta property=\"og:image:type\" content=\"image\/png\" \/>\n<meta name=\"twitter:card\" content=\"summary_large_image\" \/>\n<meta name=\"twitter:label1\" content=\"Tempo di lettura stimato\" \/>\n\t<meta name=\"twitter:data1\" content=\"5 minuti\" \/>\n<script type=\"application\/ld+json\" class=\"yoast-schema-graph\">{\"@context\":\"https:\\\/\\\/schema.org\",\"@graph\":[{\"@type\":\"WebPage\",\"@id\":\"https:\\\/\\\/www.accuratereviews.com\\\/it\\\/project-management-online-lista-software\\\/trello-recensione\\\/\",\"url\":\"https:\\\/\\\/www.accuratereviews.com\\\/it\\\/project-management-online-lista-software\\\/trello-recensione\\\/\",\"name\":\"Trello: recensione software Project Management - Accurate Reviews\",\"isPartOf\":{\"@id\":\"https:\\\/\\\/www.accuratereviews.com\\\/it\\\/#website\"},\"primaryImageOfPage\":{\"@id\":\"https:\\\/\\\/www.accuratereviews.com\\\/it\\\/project-management-online-lista-software\\\/trello-recensione\\\/#primaryimage\"},\"image\":{\"@id\":\"https:\\\/\\\/www.accuratereviews.com\\\/it\\\/project-management-online-lista-software\\\/trello-recensione\\\/#primaryimage\"},\"thumbnailUrl\":\"https:\\\/\\\/www.accuratereviews.com\\\/wp-content\\\/uploads\\\/2019\\\/09\\\/trello-logo.png\",\"datePublished\":\"2019-09-23T17:37:33+00:00\",\"dateModified\":\"2020-11-09T12:59:48+00:00\",\"description\":\"Trello: recensione software di gestione dei progetti attualmente disponibili sul mercato buono ed efficace per organizzare al meglio il tuo team.\",\"breadcrumb\":{\"@id\":\"https:\\\/\\\/www.accuratereviews.com\\\/it\\\/project-management-online-lista-software\\\/trello-recensione\\\/#breadcrumb\"},\"inLanguage\":\"it-IT\",\"potentialAction\":[{\"@type\":\"ReadAction\",\"target\":[\"https:\\\/\\\/www.accuratereviews.com\\\/it\\\/project-management-online-lista-software\\\/trello-recensione\\\/\"]}]},{\"@type\":\"ImageObject\",\"inLanguage\":\"it-IT\",\"@id\":\"https:\\\/\\\/www.accuratereviews.com\\\/it\\\/project-management-online-lista-software\\\/trello-recensione\\\/#primaryimage\",\"url\":\"https:\\\/\\\/www.accuratereviews.com\\\/wp-content\\\/uploads\\\/2019\\\/09\\\/trello-logo.png\",\"contentUrl\":\"https:\\\/\\\/www.accuratereviews.com\\\/wp-content\\\/uploads\\\/2019\\\/09\\\/trello-logo.png\",\"width\":2655,\"height\":816},{\"@type\":\"BreadcrumbList\",\"@id\":\"https:\\\/\\\/www.accuratereviews.com\\\/it\\\/project-management-online-lista-software\\\/trello-recensione\\\/#breadcrumb\",\"itemListElement\":[{\"@type\":\"ListItem\",\"position\":1,\"name\":\"Home\",\"item\":\"https:\\\/\\\/www.accuratereviews.com\\\/it\\\/\"},{\"@type\":\"ListItem\",\"position\":2,\"name\":\"Project Management Online\",\"item\":\"https:\\\/\\\/www.accuratereviews.com\\\/it\\\/project-management-online-lista-software\\\/\"},{\"@type\":\"ListItem\",\"position\":3,\"name\":\"Trello\"}]},{\"@type\":\"WebSite\",\"@id\":\"https:\\\/\\\/www.accuratereviews.com\\\/it\\\/#website\",\"url\":\"https:\\\/\\\/www.accuratereviews.com\\\/it\\\/\",\"name\":\"Accurate Reviews\",\"description\":\"\",\"potentialAction\":[{\"@type\":\"SearchAction\",\"target\":{\"@type\":\"EntryPoint\",\"urlTemplate\":\"https:\\\/\\\/www.accuratereviews.com\\\/it\\\/?s={search_term_string}\"},\"query-input\":{\"@type\":\"PropertyValueSpecification\",\"valueRequired\":true,\"valueName\":\"search_term_string\"}}],\"inLanguage\":\"it-IT\"}]}<\/script>\n<!-- \/ Yoast SEO plugin. -->","yoast_head_json":{"title":"Trello: recensione software Project Management - Accurate Reviews","description":"Trello: recensione software di gestione dei progetti attualmente disponibili sul mercato buono ed efficace per organizzare al meglio il tuo team.","robots":{"index":"index","follow":"follow","max-snippet":"max-snippet:-1","max-image-preview":"max-image-preview:large","max-video-preview":"max-video-preview:-1"},"canonical":"https:\/\/www.accuratereviews.com\/it\/project-management-online-lista-software\/trello-recensione\/","og_locale":"it_IT","og_type":"article","og_title":"Trello: recensione software Project Management - Accurate Reviews","og_description":"Trello: recensione software di gestione dei progetti attualmente disponibili sul mercato buono ed efficace per organizzare al meglio il tuo team.","og_url":"https:\/\/www.accuratereviews.com\/it\/project-management-online-lista-software\/trello-recensione\/","og_site_name":"Accurate Reviews","article_modified_time":"2020-11-09T12:59:48+00:00","og_image":[{"width":2655,"height":816,"url":"https:\/\/www.accuratereviews.com\/wp-content\/uploads\/2019\/09\/trello-logo.png","type":"image\/png"}],"twitter_card":"summary_large_image","twitter_misc":{"Tempo di lettura stimato":"5 minuti"},"schema":{"@context":"https:\/\/schema.org","@graph":[{"@type":"WebPage","@id":"https:\/\/www.accuratereviews.com\/it\/project-management-online-lista-software\/trello-recensione\/","url":"https:\/\/www.accuratereviews.com\/it\/project-management-online-lista-software\/trello-recensione\/","name":"Trello: recensione software Project Management - Accurate Reviews","isPartOf":{"@id":"https:\/\/www.accuratereviews.com\/it\/#website"},"primaryImageOfPage":{"@id":"https:\/\/www.accuratereviews.com\/it\/project-management-online-lista-software\/trello-recensione\/#primaryimage"},"image":{"@id":"https:\/\/www.accuratereviews.com\/it\/project-management-online-lista-software\/trello-recensione\/#primaryimage"},"thumbnailUrl":"https:\/\/www.accuratereviews.com\/wp-content\/uploads\/2019\/09\/trello-logo.png","datePublished":"2019-09-23T17:37:33+00:00","dateModified":"2020-11-09T12:59:48+00:00","description":"Trello: recensione software di gestione dei progetti attualmente disponibili sul mercato buono ed efficace per organizzare al meglio il tuo team.","breadcrumb":{"@id":"https:\/\/www.accuratereviews.com\/it\/project-management-online-lista-software\/trello-recensione\/#breadcrumb"},"inLanguage":"it-IT","potentialAction":[{"@type":"ReadAction","target":["https:\/\/www.accuratereviews.com\/it\/project-management-online-lista-software\/trello-recensione\/"]}]},{"@type":"ImageObject","inLanguage":"it-IT","@id":"https:\/\/www.accuratereviews.com\/it\/project-management-online-lista-software\/trello-recensione\/#primaryimage","url":"https:\/\/www.accuratereviews.com\/wp-content\/uploads\/2019\/09\/trello-logo.png","contentUrl":"https:\/\/www.accuratereviews.com\/wp-content\/uploads\/2019\/09\/trello-logo.png","width":2655,"height":816},{"@type":"BreadcrumbList","@id":"https:\/\/www.accuratereviews.com\/it\/project-management-online-lista-software\/trello-recensione\/#breadcrumb","itemListElement":[{"@type":"ListItem","position":1,"name":"Home","item":"https:\/\/www.accuratereviews.com\/it\/"},{"@type":"ListItem","position":2,"name":"Project Management Online","item":"https:\/\/www.accuratereviews.com\/it\/project-management-online-lista-software\/"},{"@type":"ListItem","position":3,"name":"Trello"}]},{"@type":"WebSite","@id":"https:\/\/www.accuratereviews.com\/it\/#website","url":"https:\/\/www.accuratereviews.com\/it\/","name":"Accurate Reviews","description":"","potentialAction":[{"@type":"SearchAction","target":{"@type":"EntryPoint","urlTemplate":"https:\/\/www.accuratereviews.com\/it\/?s={search_term_string}"},"query-input":{"@type":"PropertyValueSpecification","valueRequired":true,"valueName":"search_term_string"}}],"inLanguage":"it-IT"}]}},"_links":{"self":[{"href":"https:\/\/www.accuratereviews.com\/it\/wp-json\/wp\/v2\/pages\/18422","targetHints":{"allow":["GET"]}}],"collection":[{"href":"https:\/\/www.accuratereviews.com\/it\/wp-json\/wp\/v2\/pages"}],"about":[{"href":"https:\/\/www.accuratereviews.com\/it\/wp-json\/wp\/v2\/types\/page"}],"author":[{"embeddable":true,"href":"https:\/\/www.accuratereviews.com\/it\/wp-json\/wp\/v2\/users\/19"}],"replies":[{"embeddable":true,"href":"https:\/\/www.accuratereviews.com\/it\/wp-json\/wp\/v2\/comments?post=18422"}],"version-history":[{"count":12,"href":"https:\/\/www.accuratereviews.com\/it\/wp-json\/wp\/v2\/pages\/18422\/revisions"}],"predecessor-version":[{"id":32123,"href":"https:\/\/www.accuratereviews.com\/it\/wp-json\/wp\/v2\/pages\/18422\/revisions\/32123"}],"up":[{"embeddable":true,"href":"https:\/\/www.accuratereviews.com\/it\/wp-json\/wp\/v2\/pages\/8333"}],"wp:featuredmedia":[{"embeddable":true,"href":"https:\/\/www.accuratereviews.com\/it\/wp-json\/wp\/v2\/media\/18424"}],"wp:attachment":[{"href":"https:\/\/www.accuratereviews.com\/it\/wp-json\/wp\/v2\/media?parent=18422"}],"wp:term":[{"taxonomy":"category","embeddable":true,"href":"https:\/\/www.accuratereviews.com\/it\/wp-json\/wp\/v2\/categories?post=18422"},{"taxonomy":"post_tag","embeddable":true,"href":"https:\/\/www.accuratereviews.com\/it\/wp-json\/wp\/v2\/tags?post=18422"},{"taxonomy":"features","embeddable":true,"href":"https:\/\/www.accuratereviews.com\/it\/wp-json\/wp\/v2\/features?post=18422"}],"curies":[{"name":"wp","href":"https:\/\/api.w.org\/{rel}","templated":true}]}}