{"id":18435,"date":"2019-09-23T17:36:01","date_gmt":"2019-09-23T17:36:01","guid":{"rendered":"https:\/\/www.accuratereviews.com\/?page_id=18435"},"modified":"2021-04-26T07:48:59","modified_gmt":"2021-04-26T07:48:59","slug":"basecamp-recensione","status":"publish","type":"page","link":"https:\/\/www.accuratereviews.com\/it\/project-management-online-lista-software\/basecamp-recensione\/","title":{"rendered":"Basecamp"},"content":{"rendered":"<p><strong>Basecamp<\/strong> copre molte basi quando si tratta di <strong>gestire progetti e personale<\/strong>, anche se i membri del tuo team sono distinti tra loro. Ci\u00f2 che \u00e8 veramente importante sapere sul sistema \u00e8 che avrai a che fare con un&#8217;azienda affidabile che ha guidato il settore della gestione dei progetti per anni, investendo ripetutamente nella semplificazione delle innovazioni che funzionano perfettamente anche per la maggior parte progetti complessi. In effetti, Basecamp \u00e8 stata la prima azienda a introdurre la gestione remota dei progetti e non ha mai smesso di migliorare questo concetto a beneficio dei suoi utenti. Tutte le attivit\u00e0 sono organizzate in liste di cose da fare, con scadenze e date, e ai dipendenti vengono assegnati i compiti da fare per evitare ogni tipo di confusione. La parte pi\u00f9 impressionante \u00e8 come arrivare a stabilire le priorit\u00e0 e riordinare le attivit\u00e0 e ad adattare il sistema in base alle proprie esigenze. Alla fine di ogni operazione, <strong>Basecamp<\/strong> riassume i risultati raggiunti e consente di generare report automatici e risparmiare ancora pi\u00f9 tempo. Basecamp viene fornito con una miriade di funzionalit\u00e0 e strumenti che consentono alle aziende di monitorare in modo efficiente i propri progetti e di eseguire le operazioni in tempo e in budget. Le funzionalit\u00e0 pi\u00f9 importanti sono inserite in un programma intuitivo e facile da usare che pu\u00f2 essere eseguito in pochi minuti. A differenza della maggior parte dei <strong>project manager<\/strong>, \u00e8 ospitato nel <strong>cloud.<\/strong>\u00a0Supporto\u00a0tecnico 24 ore su 24, 7 giorni su 7, puoi utilizzare <strong>Basecamp<\/strong> come gestore di documenti e file, dove puoi archiviare, collegare, taggare, condividere o commentare le tue informazioni aziendali utilizzando un semplice meccanismo di trascinamento della selezione. Saranno inoltre disponibili notifiche, filtri di ricerca, feed delle attivit\u00e0 pi\u00f9 recenti e check-in automatici.<\/p>\n<h2>BASECAMP &#8211; TUTORIAL<\/h2>\n<p>In questo tutorial Lucas spiega quali funzioni preferisce di questo <strong>software<\/strong> <strong>project manager:<\/strong><\/p>\n<div id=\"fluid-wrapper-counter-1\" class=\"g1-fluid-wrapper \" style=\"width:686px;\">\n<div style=\"padding-bottom:56.268221574344%;\"><iframe loading=\"lazy\" title=\"5 Reasons Why I Love Basecamp\" width=\"686\" height=\"386\" src=\"https:\/\/www.youtube.com\/embed\/rfLrxA8Sivs?feature=oembed&amp;wmode=transparent&amp;autohide=1&amp;autoplay=0&amp;disablekb=0&amp;fs=1&amp;loop=0&amp;enablejsapi=1&amp;rel=0&amp;controls=2&amp;showinfo=0&amp;wmode=transparent&amp;autohide=2&amp;autoplay=0&amp;disablekb=0&amp;fs=1&amp;loop=0&amp;enablejsapi=1&amp;rel=0&amp;controls=2&amp;showinfo=1\" frameborder=\"0\" allow=\"accelerometer; autoplay; clipboard-write; encrypted-media; gyroscope; picture-in-picture\" allowfullscreen><\/iframe><\/div>\n<\/div>\n<h3>BASECAMP &#8211; CARATTERISTICHE<\/h3>\n<ul>\n<li><strong>Elenchi di cose da fare<\/strong>: crea elenchi di cose da fare per tutto il lavoro che devi svolgere, assegna attivit\u00e0 e imposta le scadenze<\/li>\n<li><strong>Bacheca:<\/strong> mantieni l&#8217;intera conversazione su un argomento specifico su un&#8217;unica pagina. Non dovrai pi\u00f9 leggere email o cercare di riassemblare una storia da una serie di risposte frammentate.<\/li>\n<li><strong>Orari<\/strong>: ogni progetto in questo software include un programma che mostra le cose da fare e gli eventi datati per quel progetto. Tutto il team pu\u00f2 vederlo, quindi sapranno casa fare<\/li>\n<li><strong>Archiviazione di documenti e file:<\/strong> ogni progetto include uno spazio per condividere documenti, file e immagini. Dal momento che tutti gli utenti del progetto hanno accesso, le persone sapranno esattamente dove trovare tutto.<\/li>\n<li><strong>Chat di gruppo in tempo reale<\/strong>: la chat di gruppo (Campfires) in tempo reale ti consente di porre domande rapide e ottenere risposte altrettanto rapide.<\/li>\n<li><strong>Rapporti<\/strong>:\u00a0i report sono suddivisi in tutti i team e progetti per darti una rapida panoramica di dove si trovano le cose<\/li>\n<\/ul>\n<h4>LE RECENSIONE DEGLI UTENTI<\/h4>\n<h4>Chris N. &#8220;Organizzare il caos&#8221;<\/h4>\n<p><strong>Commenti<\/strong>: Dopo l&#8217;implementazione, abbiamo notato un netto miglioramento, non solo nella produzione, ma anche nella cultura del team e nella soddisfazione del lavoro. Basecamp ha aiutato a eliminare il caos delle comunicazioni del progetto. Mentre lavoriamo ora lo ottimizziamo meglio.<\/p>\n<p><strong>Vantaggi<\/strong>: centralizzare tutto il traffico, interno e con i clienti.<\/p>\n<p><strong>Inconvenienti<\/strong>: \u00e8 un approccio unico alla gestione dei progetti. Anche il lato client potrebbe essere pi\u00f9 sviluppato.<\/p>\n<h4>Walter S. &#8220;Strumento organizzativo &#8211; ma non facile da esportare o importare&#8221;<\/h4>\n<p><strong>Commenti<\/strong>: Nel complesso, Basecamp \u00e8 una buona soluzione facile da gestire ma la sua incapacit\u00e0 di esportare in diversi formati, forniti dai suoi concorrenti, potrebbe far passare la maggior parte dei loro utenti a un&#8217;altra piattaforma, come noi. A parte il problema sopra evidenziato, penso che basecamp sia un ottimo strumento per aggiungere, aggiornare, notificare e gestire qualsiasi attivit\u00e0, sia essa legata alla tecnologia o alle vendite. Dato che sono stato attraverso il supporto tecnico, le vendite e poi le vendite di e-commerce della mia azienda, penso che questo strumento sarebbe molto utile.<\/p>\n<p><strong>Vantaggi<\/strong>: \u00e8 facile inserire, cercare e assegnare attivit\u00e0 in questo strumento online. In qualit\u00e0 di e-commerce manager, trovo facile inserire le informazioni sui nostri ordini online, tenerne traccia con le date di scadenza, assegnare compiti ai membri del mio team e aggiornare la nostra gestione superiore sugli obiettivi e sui loro progressi.<\/p>\n<p><strong>Inconvenienti:<\/strong> la funzione di esportazione di questo strumento online \u00e8 la peggiore !! Ho provato a contattare il loro supporto per esportare i miei compiti in formato Excel o CSV e mi hanno informato che non avevano questa opzione. Riceviamo oltre 200-600 + ordini al mese di cui dobbiamo tenere traccia, questo ci aiuta a farlo, ma quando il nostro account manager mi chiede di fornirgli i dettagli degli ordini, mi ci vogliono 2-4 giorni per estrarre tutti i dati e organizzarli e inviarli al nostro account manager. Questa \u00e8 la bandiera ROSSA per me per questo software, ho il mio team in cerca di altre opzioni a cui passare, tuttavia, se lo incorporano, non ho problemi a attenermi a Basecamp. Un&#8217;altra cosa che vorrei sottolineare, che non \u00e8 una bandiera rossa o un problema, ma nell&#8217;ultimo mese abbiamo avuto il servizio di base non disponibile o si \u00e8 bloccato due volte. Dato che si tratta di una soluzione aziendale, la stiamo usando e la uso da 3 anni, non ho mai visto questo problema, forse un aggiornamento nei loro servizi o qualche altro bug sta causando questo, ma \u00e8 successo. Spero che non accada di nuovo in quanto influenzer\u00e0 seriamente il nostro lavoro.<\/p>\n<h4>Nagish K. &#8220;L&#8217;uso di Basecamp ha cambiato totalmente il modo in cui viene gestita la mia organizzazione&#8221;<\/h4>\n<p><strong>Commenti:<\/strong> Principalmente mi ha fatto risparmiare un sacco di tempo. Tutti possono facilmente vedere chi sta facendo cosa senza inviare cos\u00ec tante email fastidiose e partecipare a riunioni dispendiose.<\/p>\n<p><strong>Vantaggi<\/strong>: Le tre cose che amo di pi\u00f9 sono la facilit\u00e0 d&#8217;uso, quanto \u00e8 bello e quanto \u00e8 utile. Basecamp \u00e8 super semplice. \u00c8 facile da imparare e ti consente di conservare tutti i dati necessari in posizioni facili. Non \u00e8 possibile effettuare ricerche nella cartella dopo cartella e file dopo file per i dati necessari e lo stato che si desidera aggiornare. Non avrai pi\u00f9 bisogno di una barra dei segnalibri piena di siti web per cercare. Le persone pi\u00f9 dirette o analitiche potrebbero non preoccuparsi (o pensare di preoccuparsi) di quanto siano belli gli strumenti che stanno utilizzando, ma credimi &#8230; Se vuoi coinvolgere tutta la tua azienda con un NUOVO prodotto, voglio che appaia bene. Nel bene e nel male, ci\u00f2 fa molto per indurre le persone a voler usare un prodotto, non importa quanto sia utile. Il che mi porta al prossimo punto: \u00e8 utile! Questo software ci ha onestamente risparmiato cos\u00ec tanto tempo perch\u00e9 ora possiamo evitare cos\u00ec tante riunioni di aggiornamento dello stato. Personalmente dovevo solo partecipare a una riunione di stato ogni settimana e creare la presentazione per esso, ma questo da solo mi ha salvato personalmente tre ore. Il resto della nostra organizzazione spende chiss\u00e0 quanti passano attraverso quelle cose e Basecamp ha fortemente ridotto quelle. \u00c8 meraviglioso.<\/p>\n<p><strong>Inconvenienti<\/strong>: L&#8217;unica cosa che posso davvero escogitare \u00e8 un problema di persone e non di software. Non importa quanto sia semplice, utile e ben progettato un software o un sito Web, troppe persone cercheranno semplicemente di ignorarlo in modo da non dover imparare qualcosa di nuovo. Fortunatamente Basecamp \u00e8 carino e abbastanza facile da non essere stato un grosso problema.<\/p>\n<p>&nbsp;<\/p>\n","protected":false},"excerpt":{"rendered":"<p>Basecamp copre molte basi quando si tratta di gestire progetti e personale, anche se i membri del tuo team sono distinti tra loro. Ci\u00f2 che \u00e8 veramente importante sapere sul sistema \u00e8 che avrai a che fare con un&#8217;azienda affidabile che ha guidato il settore della gestione dei progetti per anni \u00a0investendo ripetutamente nella semplificazione delle innovazioni che funzionano perfettamente anche per la maggior parte progetti complessi.<\/p>\n","protected":false},"author":19,"featured_media":18436,"parent":8333,"menu_order":0,"comment_status":"open","ping_status":"closed","template":"g1_template_page_review_new.php","meta":{"_acf_changed":false,"cwp_meta_box_check":"No","cwp_rev_product_name":"","cwp_rev_product_image":"","wppr_links":[],"cwp_rev_price":"","wppr_options":[],"wppr_pros":[],"wppr_cons":[],"_monsterinsights_skip_tracking":false,"_monsterinsights_sitenote_active":false,"_monsterinsights_sitenote_note":"","_monsterinsights_sitenote_category":0,"footnotes":""},"categories":[182],"tags":[1317,1318,1310,1311,1309],"features":[],"class_list":{"0":"post-18435","1":"page","2":"type-page","3":"status-publish","4":"has-post-thumbnail","6":"category-project-management-software-it","7":"tag-basecamp","8":"tag-programa-gestione-progetti","9":"tag-programma-project-management","10":"tag-software-gestione-dei-progetti","11":"tag-software-project-management"},"wppr_data":{"cwp_meta_box_check":"No"},"acf":[],"yoast_head":"<!-- This site is optimized with the Yoast SEO plugin v27.4 - https:\/\/yoast.com\/product\/yoast-seo-wordpress\/ -->\n<title>Basecamp: software project management - Accurate Reviews<\/title>\n<meta name=\"description\" content=\"Basecamp: recensione di gestione progetti che consente agli utenti di organizzare le persone, delegare attivit\u00e0 e monitorare i progressi.\" \/>\n<meta name=\"robots\" content=\"index, follow, max-snippet:-1, max-image-preview:large, max-video-preview:-1\" \/>\n<link rel=\"canonical\" href=\"https:\/\/www.accuratereviews.com\/it\/project-management-online-lista-software\/basecamp-recensione\/\" \/>\n<meta property=\"og:locale\" content=\"it_IT\" \/>\n<meta property=\"og:type\" content=\"article\" \/>\n<meta property=\"og:title\" content=\"Basecamp: software project management - Accurate Reviews\" \/>\n<meta property=\"og:description\" content=\"Basecamp: recensione di gestione progetti che consente agli utenti di organizzare le persone, delegare attivit\u00e0 e monitorare i progressi.\" \/>\n<meta property=\"og:url\" content=\"https:\/\/www.accuratereviews.com\/it\/project-management-online-lista-software\/basecamp-recensione\/\" \/>\n<meta property=\"og:site_name\" content=\"Accurate Reviews\" \/>\n<meta property=\"article:modified_time\" content=\"2021-04-26T07:48:59+00:00\" \/>\n<meta property=\"og:image\" content=\"https:\/\/www.accuratereviews.com\/wp-content\/uploads\/2019\/09\/basecamp_logo.png\" \/>\n\t<meta property=\"og:image:width\" content=\"2000\" \/>\n\t<meta property=\"og:image:height\" content=\"467\" \/>\n\t<meta property=\"og:image:type\" content=\"image\/png\" \/>\n<meta name=\"twitter:card\" content=\"summary_large_image\" \/>\n<meta name=\"twitter:label1\" content=\"Tempo di lettura stimato\" \/>\n\t<meta name=\"twitter:data1\" content=\"6 minuti\" \/>\n<script type=\"application\/ld+json\" class=\"yoast-schema-graph\">{\"@context\":\"https:\\\/\\\/schema.org\",\"@graph\":[{\"@type\":\"WebPage\",\"@id\":\"https:\\\/\\\/www.accuratereviews.com\\\/it\\\/project-management-online-lista-software\\\/basecamp-recensione\\\/\",\"url\":\"https:\\\/\\\/www.accuratereviews.com\\\/it\\\/project-management-online-lista-software\\\/basecamp-recensione\\\/\",\"name\":\"Basecamp: software project management - Accurate Reviews\",\"isPartOf\":{\"@id\":\"https:\\\/\\\/www.accuratereviews.com\\\/it\\\/#website\"},\"primaryImageOfPage\":{\"@id\":\"https:\\\/\\\/www.accuratereviews.com\\\/it\\\/project-management-online-lista-software\\\/basecamp-recensione\\\/#primaryimage\"},\"image\":{\"@id\":\"https:\\\/\\\/www.accuratereviews.com\\\/it\\\/project-management-online-lista-software\\\/basecamp-recensione\\\/#primaryimage\"},\"thumbnailUrl\":\"https:\\\/\\\/www.accuratereviews.com\\\/wp-content\\\/uploads\\\/2019\\\/09\\\/basecamp_logo.png\",\"datePublished\":\"2019-09-23T17:36:01+00:00\",\"dateModified\":\"2021-04-26T07:48:59+00:00\",\"description\":\"Basecamp: recensione di gestione progetti che consente agli utenti di organizzare le persone, delegare attivit\u00e0 e monitorare i progressi.\",\"breadcrumb\":{\"@id\":\"https:\\\/\\\/www.accuratereviews.com\\\/it\\\/project-management-online-lista-software\\\/basecamp-recensione\\\/#breadcrumb\"},\"inLanguage\":\"it-IT\",\"potentialAction\":[{\"@type\":\"ReadAction\",\"target\":[\"https:\\\/\\\/www.accuratereviews.com\\\/it\\\/project-management-online-lista-software\\\/basecamp-recensione\\\/\"]}]},{\"@type\":\"ImageObject\",\"inLanguage\":\"it-IT\",\"@id\":\"https:\\\/\\\/www.accuratereviews.com\\\/it\\\/project-management-online-lista-software\\\/basecamp-recensione\\\/#primaryimage\",\"url\":\"https:\\\/\\\/www.accuratereviews.com\\\/wp-content\\\/uploads\\\/2019\\\/09\\\/basecamp_logo.png\",\"contentUrl\":\"https:\\\/\\\/www.accuratereviews.com\\\/wp-content\\\/uploads\\\/2019\\\/09\\\/basecamp_logo.png\",\"width\":2000,\"height\":467},{\"@type\":\"BreadcrumbList\",\"@id\":\"https:\\\/\\\/www.accuratereviews.com\\\/it\\\/project-management-online-lista-software\\\/basecamp-recensione\\\/#breadcrumb\",\"itemListElement\":[{\"@type\":\"ListItem\",\"position\":1,\"name\":\"Home\",\"item\":\"https:\\\/\\\/www.accuratereviews.com\\\/it\\\/\"},{\"@type\":\"ListItem\",\"position\":2,\"name\":\"Project Management Online\",\"item\":\"https:\\\/\\\/www.accuratereviews.com\\\/it\\\/project-management-online-lista-software\\\/\"},{\"@type\":\"ListItem\",\"position\":3,\"name\":\"Basecamp\"}]},{\"@type\":\"WebSite\",\"@id\":\"https:\\\/\\\/www.accuratereviews.com\\\/it\\\/#website\",\"url\":\"https:\\\/\\\/www.accuratereviews.com\\\/it\\\/\",\"name\":\"Accurate Reviews\",\"description\":\"\",\"potentialAction\":[{\"@type\":\"SearchAction\",\"target\":{\"@type\":\"EntryPoint\",\"urlTemplate\":\"https:\\\/\\\/www.accuratereviews.com\\\/it\\\/?s={search_term_string}\"},\"query-input\":{\"@type\":\"PropertyValueSpecification\",\"valueRequired\":true,\"valueName\":\"search_term_string\"}}],\"inLanguage\":\"it-IT\"}]}<\/script>\n<!-- \/ Yoast SEO plugin. -->","yoast_head_json":{"title":"Basecamp: software project management - Accurate Reviews","description":"Basecamp: recensione di gestione progetti che consente agli utenti di organizzare le persone, delegare attivit\u00e0 e monitorare i progressi.","robots":{"index":"index","follow":"follow","max-snippet":"max-snippet:-1","max-image-preview":"max-image-preview:large","max-video-preview":"max-video-preview:-1"},"canonical":"https:\/\/www.accuratereviews.com\/it\/project-management-online-lista-software\/basecamp-recensione\/","og_locale":"it_IT","og_type":"article","og_title":"Basecamp: software project management - Accurate Reviews","og_description":"Basecamp: recensione di gestione progetti che consente agli utenti di organizzare le persone, delegare attivit\u00e0 e monitorare i progressi.","og_url":"https:\/\/www.accuratereviews.com\/it\/project-management-online-lista-software\/basecamp-recensione\/","og_site_name":"Accurate Reviews","article_modified_time":"2021-04-26T07:48:59+00:00","og_image":[{"width":2000,"height":467,"url":"https:\/\/www.accuratereviews.com\/wp-content\/uploads\/2019\/09\/basecamp_logo.png","type":"image\/png"}],"twitter_card":"summary_large_image","twitter_misc":{"Tempo di lettura stimato":"6 minuti"},"schema":{"@context":"https:\/\/schema.org","@graph":[{"@type":"WebPage","@id":"https:\/\/www.accuratereviews.com\/it\/project-management-online-lista-software\/basecamp-recensione\/","url":"https:\/\/www.accuratereviews.com\/it\/project-management-online-lista-software\/basecamp-recensione\/","name":"Basecamp: software project management - Accurate Reviews","isPartOf":{"@id":"https:\/\/www.accuratereviews.com\/it\/#website"},"primaryImageOfPage":{"@id":"https:\/\/www.accuratereviews.com\/it\/project-management-online-lista-software\/basecamp-recensione\/#primaryimage"},"image":{"@id":"https:\/\/www.accuratereviews.com\/it\/project-management-online-lista-software\/basecamp-recensione\/#primaryimage"},"thumbnailUrl":"https:\/\/www.accuratereviews.com\/wp-content\/uploads\/2019\/09\/basecamp_logo.png","datePublished":"2019-09-23T17:36:01+00:00","dateModified":"2021-04-26T07:48:59+00:00","description":"Basecamp: recensione di gestione progetti che consente agli utenti di organizzare le persone, delegare attivit\u00e0 e monitorare i progressi.","breadcrumb":{"@id":"https:\/\/www.accuratereviews.com\/it\/project-management-online-lista-software\/basecamp-recensione\/#breadcrumb"},"inLanguage":"it-IT","potentialAction":[{"@type":"ReadAction","target":["https:\/\/www.accuratereviews.com\/it\/project-management-online-lista-software\/basecamp-recensione\/"]}]},{"@type":"ImageObject","inLanguage":"it-IT","@id":"https:\/\/www.accuratereviews.com\/it\/project-management-online-lista-software\/basecamp-recensione\/#primaryimage","url":"https:\/\/www.accuratereviews.com\/wp-content\/uploads\/2019\/09\/basecamp_logo.png","contentUrl":"https:\/\/www.accuratereviews.com\/wp-content\/uploads\/2019\/09\/basecamp_logo.png","width":2000,"height":467},{"@type":"BreadcrumbList","@id":"https:\/\/www.accuratereviews.com\/it\/project-management-online-lista-software\/basecamp-recensione\/#breadcrumb","itemListElement":[{"@type":"ListItem","position":1,"name":"Home","item":"https:\/\/www.accuratereviews.com\/it\/"},{"@type":"ListItem","position":2,"name":"Project Management Online","item":"https:\/\/www.accuratereviews.com\/it\/project-management-online-lista-software\/"},{"@type":"ListItem","position":3,"name":"Basecamp"}]},{"@type":"WebSite","@id":"https:\/\/www.accuratereviews.com\/it\/#website","url":"https:\/\/www.accuratereviews.com\/it\/","name":"Accurate Reviews","description":"","potentialAction":[{"@type":"SearchAction","target":{"@type":"EntryPoint","urlTemplate":"https:\/\/www.accuratereviews.com\/it\/?s={search_term_string}"},"query-input":{"@type":"PropertyValueSpecification","valueRequired":true,"valueName":"search_term_string"}}],"inLanguage":"it-IT"}]}},"_links":{"self":[{"href":"https:\/\/www.accuratereviews.com\/it\/wp-json\/wp\/v2\/pages\/18435","targetHints":{"allow":["GET"]}}],"collection":[{"href":"https:\/\/www.accuratereviews.com\/it\/wp-json\/wp\/v2\/pages"}],"about":[{"href":"https:\/\/www.accuratereviews.com\/it\/wp-json\/wp\/v2\/types\/page"}],"author":[{"embeddable":true,"href":"https:\/\/www.accuratereviews.com\/it\/wp-json\/wp\/v2\/users\/19"}],"replies":[{"embeddable":true,"href":"https:\/\/www.accuratereviews.com\/it\/wp-json\/wp\/v2\/comments?post=18435"}],"version-history":[{"count":11,"href":"https:\/\/www.accuratereviews.com\/it\/wp-json\/wp\/v2\/pages\/18435\/revisions"}],"predecessor-version":[{"id":41011,"href":"https:\/\/www.accuratereviews.com\/it\/wp-json\/wp\/v2\/pages\/18435\/revisions\/41011"}],"up":[{"embeddable":true,"href":"https:\/\/www.accuratereviews.com\/it\/wp-json\/wp\/v2\/pages\/8333"}],"wp:featuredmedia":[{"embeddable":true,"href":"https:\/\/www.accuratereviews.com\/it\/wp-json\/wp\/v2\/media\/18436"}],"wp:attachment":[{"href":"https:\/\/www.accuratereviews.com\/it\/wp-json\/wp\/v2\/media?parent=18435"}],"wp:term":[{"taxonomy":"category","embeddable":true,"href":"https:\/\/www.accuratereviews.com\/it\/wp-json\/wp\/v2\/categories?post=18435"},{"taxonomy":"post_tag","embeddable":true,"href":"https:\/\/www.accuratereviews.com\/it\/wp-json\/wp\/v2\/tags?post=18435"},{"taxonomy":"features","embeddable":true,"href":"https:\/\/www.accuratereviews.com\/it\/wp-json\/wp\/v2\/features?post=18435"}],"curies":[{"name":"wp","href":"https:\/\/api.w.org\/{rel}","templated":true}]}}