{"id":18443,"date":"2019-09-23T17:38:55","date_gmt":"2019-09-23T17:38:55","guid":{"rendered":"https:\/\/www.accuratereviews.com\/?page_id=18443"},"modified":"2021-04-26T07:48:31","modified_gmt":"2021-04-26T07:48:31","slug":"asana-recensione","status":"publish","type":"page","link":"https:\/\/www.accuratereviews.com\/it\/project-management-online-lista-software\/asana-recensione\/","title":{"rendered":"Asana"},"content":{"rendered":"<p><strong>Asana<\/strong> \u00e8 un software che ti permette di migliorare la <strong>gestione dei progetti<\/strong> del tuo team, coordinando e organizzando la tua giornata lavorativa. Si tratta di un vero e proprio <strong>&#8220;project manager&#8221;<\/strong> che ti permette di gestire riunioni, email, chat, attivit\u00e0, obiettivi aziendali in maniera semplice ed efficiente. In questo modo non solo risparmierai tempo ma anche energie e forze che prima avresti sprecato per riuscire ad avere il controllo di tutto questo. Per rendere tutto pi\u00f9 chiaro e realizzabile, puoi <strong>monitorare i progressi in tempo reale<\/strong> dei tuoi progetti cos\u00ec da rimanere sempre aggiornato sulla situazione aziendale.<\/p>\n<h2>COME GESTIRE I PROGETTI CON ASANA &#8211; TUTORIAL<\/h2>\n<p>Ecco un video tutorial che ci mostra come funziona questo software:<\/p>\n<div id=\"fluid-wrapper-counter-1\" class=\"g1-fluid-wrapper \" style=\"width:686px;\">\n<div style=\"padding-bottom:56.268221574344%;\"><iframe loading=\"lazy\" title=\"Tutorial ASANA 1\/3 in Italiano\" width=\"686\" height=\"386\" src=\"https:\/\/www.youtube.com\/embed\/KVblTfmLlLA?feature=oembed&amp;wmode=transparent&amp;autohide=1&amp;autoplay=0&amp;disablekb=0&amp;fs=1&amp;loop=0&amp;enablejsapi=1&amp;rel=0&amp;controls=2&amp;showinfo=0&amp;wmode=transparent&amp;autohide=2&amp;autoplay=0&amp;disablekb=0&amp;fs=1&amp;loop=0&amp;enablejsapi=1&amp;rel=0&amp;controls=2&amp;showinfo=1\" frameborder=\"0\" allow=\"accelerometer; autoplay; encrypted-media; gyroscope; picture-in-picture\" allowfullscreen><\/iframe><\/div>\n<\/div>\n<h3>ASANA &#8211; CARATTERISTICHE<\/h3>\n<p>Di seguito elenchiamo le sue principali caratteristiche:<\/p>\n<ul>\n<li><strong>Raggiungimento obiettivi<\/strong>: organizza e gestisci il tuo progetto nel modo migliori cos\u00ec da renderlo un successo<\/li>\n<li><strong>Monitoraggio<\/strong>: tieni sempre sotto controllo tutti i passaggi dei progetti che stai realizzando<\/li>\n<li><strong>Scadenze<\/strong>: utilizza una linea temporale e rispetta sempre le scadenze<\/li>\n<li><strong>Integrazioni con altre app<\/strong>: Asana \u00e8 compatibile con oltre 100 integrazioni, in questo modo potrai unire email, file, biglietti e tutto il resto in unico posto<\/li>\n<li><strong>Gestione carico di lavoro<\/strong>: assicurati che il tuo team stia lavorando bene, che nessuno sia sovraccarico o sottopeso al lavoro.<\/li>\n<\/ul>\n<h3>LE RECENSIONI DEGLI UTENTI<\/h3>\n<ul>\n<li><strong>&#8220;Uno strumento essenziale per il nostro business&#8221;:<\/strong><br \/>\nIN GENERALE: Asana \u00e8 una piccola azienda con personale interno e appaltatori che ci aiuta a suddividere i progetti in attivit\u00e0 e tenere traccia di dove siamo. \u00c8 facile da configurare e utilizzare, il che significa che \u00e8 accessibile a chiunque.<br \/>\nPRO: Asana semplifica la gestione dei progetti e lo sviluppo del prodotto. Abbiate il coraggio di dirlo? Forse \u00e8 anche divertente. Diverte a causa di alcune delle caratteristiche funky che ha: gli unicorni volano quando completi un compito, i mostri amichevoli ti sbirciano sopra le carte. Ma non \u00e8 certamente frivolo. I progetti sono facili da impostare e tracciare. I membri del team possono costruire una visione chiara del loro lavoro. Gli amministratori possono riferire sui progressi.<br \/>\nCONTRO: \u00e8 un peccato non poter assegnare compiti a due persone. In vista del calendario, non \u00e8 possibile riorganizzare le attivit\u00e0 nell&#8217;ordine in cui si desidera eseguirle.<\/li>\n<li><strong>&#8220;Ottimo strumento di gestione delle attivit\u00e0&#8221;<br \/>\n<\/strong>IN GENERALE: \u00c8 semplicissimo da usare e consente al nostro impegnato team editoriale di 10 persone di collaborare e rimanere al passo con il nostro quotidiano. Mi d\u00e0 anche la traccia cartacea di cui ho bisogno per le relazioni trimestrali e annuali. Altamente raccomandato.<br \/>\nPRO: \u00e8 molto semplice implementare e integrare nuovi utenti. L&#8217;interfaccia \u00e8 accattivante e molto intuitiva. Nuove funzionalit\u00e0 vengono visualizzate ogni pochi mesi: la funzionalit\u00e0 Portfolio \/ Workload aggiunta di recente \u00e8 eccezionale. Ora ho i Gantts di cui ho bisogno per monitorare il carico di lavoro del mio team e i nostri numerosi progetti.<br \/>\nCONTRO: essere in grado di stimare le ore per attivit\u00e0 renderebbe ancora pi\u00f9 utile il carico di lavoro. La ricerca per parole chiave (per attivit\u00e0 \/ progetti completati, ecc.) pu\u00f2 essere un po&#8217; scarsa.<\/li>\n<li><strong>&#8220;Grande strumento&#8221;<\/strong><br \/>\nIN GENERALE: Asana mi ha permesso di categorizzare diversi progetti e di assegnare le persone a completare le attivit\u00e0 in modo da poter facilmente monitorare i progressi e dare seguito ai miei dipendenti.<br \/>\nPRO: Asana ha reso molto facile assegnare compiti e gestire progetti. Mi ha risparmiato un sacco di mal di testa rispetto ad altri servizi che ho usato prima.<br \/>\nCONTRO: Sarebbe stato bello integrare anche una funzione di calendario.<\/li>\n<\/ul>\n","protected":false},"excerpt":{"rendered":"<p>Asana \u00e8 un software che ti permette di migliorare la gestione dei progetti del tuo team, coordinando e organizzando la tua giornata lavorativa. Si tratta di un vero e proprio &#8220;project manager&#8221; che ti permette di gestire riunioni, email, chat, attivit\u00e0, obiettivi aziendali in maniera semplice ed efficiente.<\/p>\n","protected":false},"author":17,"featured_media":18444,"parent":8333,"menu_order":0,"comment_status":"open","ping_status":"closed","template":"g1_template_page_review_new.php","meta":{"_acf_changed":false,"cwp_meta_box_check":"Yes","cwp_rev_product_name":"","cwp_rev_product_image":"","wppr_links":[],"cwp_rev_price":"","wppr_options":[],"wppr_pros":[],"wppr_cons":[],"_monsterinsights_skip_tracking":false,"_monsterinsights_sitenote_active":false,"_monsterinsights_sitenote_note":"","_monsterinsights_sitenote_category":0,"footnotes":""},"categories":[172],"tags":[1315,1316,1314],"features":[],"class_list":{"0":"post-18443","1":"page","2":"type-page","3":"status-publish","4":"has-post-thumbnail","6":"category-online-project-management-it","7":"tag-gestione-progetti","8":"tag-online-project-management","9":"tag-project-management-software"},"wppr_data":{"cwp_meta_box_check":"Yes","cwp_rev_product_name":"","cwp_rev_product_image":"","cwp_image_link":"image","cwp_rev_price":"","wppr_rating":"0.00"},"acf":[],"yoast_head":"<!-- This site is optimized with the Yoast SEO plugin v27.4 - https:\/\/yoast.com\/product\/yoast-seo-wordpress\/ -->\n<title>Asana: recensione online project management - Accurate Reviews<\/title>\n<meta name=\"description\" content=\"Asana: recensione del software che ti permette di migliorare la gestione dei progetti del tuo team, organizzando la tua giornata lavorativa.\" \/>\n<meta name=\"robots\" content=\"index, follow, max-snippet:-1, max-image-preview:large, max-video-preview:-1\" \/>\n<link rel=\"canonical\" href=\"https:\/\/www.accuratereviews.com\/it\/project-management-online-lista-software\/asana-recensione\/\" \/>\n<meta property=\"og:locale\" content=\"it_IT\" \/>\n<meta property=\"og:type\" content=\"article\" \/>\n<meta property=\"og:title\" content=\"Asana: recensione online project management - Accurate Reviews\" \/>\n<meta property=\"og:description\" content=\"Asana: recensione del software che ti permette di migliorare la gestione dei progetti del tuo team, organizzando la tua giornata lavorativa.\" \/>\n<meta property=\"og:url\" content=\"https:\/\/www.accuratereviews.com\/it\/project-management-online-lista-software\/asana-recensione\/\" \/>\n<meta property=\"og:site_name\" content=\"Accurate Reviews\" \/>\n<meta property=\"article:modified_time\" content=\"2021-04-26T07:48:31+00:00\" \/>\n<meta property=\"og:image\" content=\"https:\/\/www.accuratereviews.com\/wp-content\/uploads\/2019\/09\/567e9a.png\" \/>\n\t<meta property=\"og:image:width\" content=\"1174\" \/>\n\t<meta property=\"og:image:height\" content=\"840\" \/>\n\t<meta property=\"og:image:type\" content=\"image\/png\" \/>\n<meta name=\"twitter:card\" content=\"summary_large_image\" \/>\n<meta name=\"twitter:label1\" content=\"Tempo di lettura stimato\" \/>\n\t<meta name=\"twitter:data1\" content=\"3 minuti\" \/>\n<script type=\"application\/ld+json\" class=\"yoast-schema-graph\">{\"@context\":\"https:\\\/\\\/schema.org\",\"@graph\":[{\"@type\":\"WebPage\",\"@id\":\"https:\\\/\\\/www.accuratereviews.com\\\/it\\\/project-management-online-lista-software\\\/asana-recensione\\\/\",\"url\":\"https:\\\/\\\/www.accuratereviews.com\\\/it\\\/project-management-online-lista-software\\\/asana-recensione\\\/\",\"name\":\"Asana: recensione online project management - Accurate Reviews\",\"isPartOf\":{\"@id\":\"https:\\\/\\\/www.accuratereviews.com\\\/it\\\/#website\"},\"primaryImageOfPage\":{\"@id\":\"https:\\\/\\\/www.accuratereviews.com\\\/it\\\/project-management-online-lista-software\\\/asana-recensione\\\/#primaryimage\"},\"image\":{\"@id\":\"https:\\\/\\\/www.accuratereviews.com\\\/it\\\/project-management-online-lista-software\\\/asana-recensione\\\/#primaryimage\"},\"thumbnailUrl\":\"https:\\\/\\\/www.accuratereviews.com\\\/wp-content\\\/uploads\\\/2019\\\/09\\\/567e9a.png\",\"datePublished\":\"2019-09-23T17:38:55+00:00\",\"dateModified\":\"2021-04-26T07:48:31+00:00\",\"description\":\"Asana: recensione del software che ti permette di migliorare la gestione dei progetti del tuo team, organizzando la tua giornata lavorativa.\",\"breadcrumb\":{\"@id\":\"https:\\\/\\\/www.accuratereviews.com\\\/it\\\/project-management-online-lista-software\\\/asana-recensione\\\/#breadcrumb\"},\"inLanguage\":\"it-IT\",\"potentialAction\":[{\"@type\":\"ReadAction\",\"target\":[\"https:\\\/\\\/www.accuratereviews.com\\\/it\\\/project-management-online-lista-software\\\/asana-recensione\\\/\"]}]},{\"@type\":\"ImageObject\",\"inLanguage\":\"it-IT\",\"@id\":\"https:\\\/\\\/www.accuratereviews.com\\\/it\\\/project-management-online-lista-software\\\/asana-recensione\\\/#primaryimage\",\"url\":\"https:\\\/\\\/www.accuratereviews.com\\\/wp-content\\\/uploads\\\/2019\\\/09\\\/567e9a.png\",\"contentUrl\":\"https:\\\/\\\/www.accuratereviews.com\\\/wp-content\\\/uploads\\\/2019\\\/09\\\/567e9a.png\",\"width\":1174,\"height\":840},{\"@type\":\"BreadcrumbList\",\"@id\":\"https:\\\/\\\/www.accuratereviews.com\\\/it\\\/project-management-online-lista-software\\\/asana-recensione\\\/#breadcrumb\",\"itemListElement\":[{\"@type\":\"ListItem\",\"position\":1,\"name\":\"Home\",\"item\":\"https:\\\/\\\/www.accuratereviews.com\\\/it\\\/\"},{\"@type\":\"ListItem\",\"position\":2,\"name\":\"Project Management Online\",\"item\":\"https:\\\/\\\/www.accuratereviews.com\\\/it\\\/project-management-online-lista-software\\\/\"},{\"@type\":\"ListItem\",\"position\":3,\"name\":\"Asana\"}]},{\"@type\":\"WebSite\",\"@id\":\"https:\\\/\\\/www.accuratereviews.com\\\/it\\\/#website\",\"url\":\"https:\\\/\\\/www.accuratereviews.com\\\/it\\\/\",\"name\":\"Accurate Reviews\",\"description\":\"\",\"potentialAction\":[{\"@type\":\"SearchAction\",\"target\":{\"@type\":\"EntryPoint\",\"urlTemplate\":\"https:\\\/\\\/www.accuratereviews.com\\\/it\\\/?s={search_term_string}\"},\"query-input\":{\"@type\":\"PropertyValueSpecification\",\"valueRequired\":true,\"valueName\":\"search_term_string\"}}],\"inLanguage\":\"it-IT\"}]}<\/script>\n<!-- \/ Yoast SEO plugin. -->","yoast_head_json":{"title":"Asana: recensione online project management - Accurate Reviews","description":"Asana: recensione del software che ti permette di migliorare la gestione dei progetti del tuo team, organizzando la tua giornata lavorativa.","robots":{"index":"index","follow":"follow","max-snippet":"max-snippet:-1","max-image-preview":"max-image-preview:large","max-video-preview":"max-video-preview:-1"},"canonical":"https:\/\/www.accuratereviews.com\/it\/project-management-online-lista-software\/asana-recensione\/","og_locale":"it_IT","og_type":"article","og_title":"Asana: recensione online project management - Accurate Reviews","og_description":"Asana: recensione del software che ti permette di migliorare la gestione dei progetti del tuo team, organizzando la tua giornata lavorativa.","og_url":"https:\/\/www.accuratereviews.com\/it\/project-management-online-lista-software\/asana-recensione\/","og_site_name":"Accurate Reviews","article_modified_time":"2021-04-26T07:48:31+00:00","og_image":[{"width":1174,"height":840,"url":"https:\/\/www.accuratereviews.com\/wp-content\/uploads\/2019\/09\/567e9a.png","type":"image\/png"}],"twitter_card":"summary_large_image","twitter_misc":{"Tempo di lettura stimato":"3 minuti"},"schema":{"@context":"https:\/\/schema.org","@graph":[{"@type":"WebPage","@id":"https:\/\/www.accuratereviews.com\/it\/project-management-online-lista-software\/asana-recensione\/","url":"https:\/\/www.accuratereviews.com\/it\/project-management-online-lista-software\/asana-recensione\/","name":"Asana: recensione online project management - Accurate Reviews","isPartOf":{"@id":"https:\/\/www.accuratereviews.com\/it\/#website"},"primaryImageOfPage":{"@id":"https:\/\/www.accuratereviews.com\/it\/project-management-online-lista-software\/asana-recensione\/#primaryimage"},"image":{"@id":"https:\/\/www.accuratereviews.com\/it\/project-management-online-lista-software\/asana-recensione\/#primaryimage"},"thumbnailUrl":"https:\/\/www.accuratereviews.com\/wp-content\/uploads\/2019\/09\/567e9a.png","datePublished":"2019-09-23T17:38:55+00:00","dateModified":"2021-04-26T07:48:31+00:00","description":"Asana: recensione del software che ti permette di migliorare la gestione dei progetti del tuo team, organizzando la tua giornata lavorativa.","breadcrumb":{"@id":"https:\/\/www.accuratereviews.com\/it\/project-management-online-lista-software\/asana-recensione\/#breadcrumb"},"inLanguage":"it-IT","potentialAction":[{"@type":"ReadAction","target":["https:\/\/www.accuratereviews.com\/it\/project-management-online-lista-software\/asana-recensione\/"]}]},{"@type":"ImageObject","inLanguage":"it-IT","@id":"https:\/\/www.accuratereviews.com\/it\/project-management-online-lista-software\/asana-recensione\/#primaryimage","url":"https:\/\/www.accuratereviews.com\/wp-content\/uploads\/2019\/09\/567e9a.png","contentUrl":"https:\/\/www.accuratereviews.com\/wp-content\/uploads\/2019\/09\/567e9a.png","width":1174,"height":840},{"@type":"BreadcrumbList","@id":"https:\/\/www.accuratereviews.com\/it\/project-management-online-lista-software\/asana-recensione\/#breadcrumb","itemListElement":[{"@type":"ListItem","position":1,"name":"Home","item":"https:\/\/www.accuratereviews.com\/it\/"},{"@type":"ListItem","position":2,"name":"Project Management Online","item":"https:\/\/www.accuratereviews.com\/it\/project-management-online-lista-software\/"},{"@type":"ListItem","position":3,"name":"Asana"}]},{"@type":"WebSite","@id":"https:\/\/www.accuratereviews.com\/it\/#website","url":"https:\/\/www.accuratereviews.com\/it\/","name":"Accurate Reviews","description":"","potentialAction":[{"@type":"SearchAction","target":{"@type":"EntryPoint","urlTemplate":"https:\/\/www.accuratereviews.com\/it\/?s={search_term_string}"},"query-input":{"@type":"PropertyValueSpecification","valueRequired":true,"valueName":"search_term_string"}}],"inLanguage":"it-IT"}]}},"_links":{"self":[{"href":"https:\/\/www.accuratereviews.com\/it\/wp-json\/wp\/v2\/pages\/18443","targetHints":{"allow":["GET"]}}],"collection":[{"href":"https:\/\/www.accuratereviews.com\/it\/wp-json\/wp\/v2\/pages"}],"about":[{"href":"https:\/\/www.accuratereviews.com\/it\/wp-json\/wp\/v2\/types\/page"}],"author":[{"embeddable":true,"href":"https:\/\/www.accuratereviews.com\/it\/wp-json\/wp\/v2\/users\/17"}],"replies":[{"embeddable":true,"href":"https:\/\/www.accuratereviews.com\/it\/wp-json\/wp\/v2\/comments?post=18443"}],"version-history":[{"count":5,"href":"https:\/\/www.accuratereviews.com\/it\/wp-json\/wp\/v2\/pages\/18443\/revisions"}],"predecessor-version":[{"id":41010,"href":"https:\/\/www.accuratereviews.com\/it\/wp-json\/wp\/v2\/pages\/18443\/revisions\/41010"}],"up":[{"embeddable":true,"href":"https:\/\/www.accuratereviews.com\/it\/wp-json\/wp\/v2\/pages\/8333"}],"wp:featuredmedia":[{"embeddable":true,"href":"https:\/\/www.accuratereviews.com\/it\/wp-json\/wp\/v2\/media\/18444"}],"wp:attachment":[{"href":"https:\/\/www.accuratereviews.com\/it\/wp-json\/wp\/v2\/media?parent=18443"}],"wp:term":[{"taxonomy":"category","embeddable":true,"href":"https:\/\/www.accuratereviews.com\/it\/wp-json\/wp\/v2\/categories?post=18443"},{"taxonomy":"post_tag","embeddable":true,"href":"https:\/\/www.accuratereviews.com\/it\/wp-json\/wp\/v2\/tags?post=18443"},{"taxonomy":"features","embeddable":true,"href":"https:\/\/www.accuratereviews.com\/it\/wp-json\/wp\/v2\/features?post=18443"}],"curies":[{"name":"wp","href":"https:\/\/api.w.org\/{rel}","templated":true}]}}