{"id":18472,"date":"2019-09-25T08:14:50","date_gmt":"2019-09-25T08:14:50","guid":{"rendered":"https:\/\/www.accuratereviews.com\/?page_id=18472"},"modified":"2021-04-26T07:47:32","modified_gmt":"2021-04-26T07:47:32","slug":"wrike-recensione","status":"publish","type":"page","link":"https:\/\/www.accuratereviews.com\/it\/project-management-online-lista-software\/wrike-recensione\/","title":{"rendered":"Wrike"},"content":{"rendered":"<div class=\"mb-2\">\n<p><strong>Wrike<\/strong> \u00e8 un<strong> software di gestione dei progetti<\/strong> creato per team di qualsiasi dimensione che necessitano migliorare l&#8217;organizzazione aziendale. Grazie a questo programma e alle sue funzionalit\u00e0, potrai semplificare la <strong>pianificazione e la collaborazione sui progetti<\/strong> a cui sta lavorando il tuo team su cloud. Si tratta. di un vero e proprio<strong> project manager<\/strong> che include diagrammi di Gantt, calendari, visualizzazione del carico di lavoro per la gestione delle risorse, dashboard personalizzate, strutturazione tramite cartelle, progetti, attivit\u00e0 e auto-assegnazione in base agli stati delle attivit\u00e0. Utilizzando questi strumenti, sarai in grado di <strong>gestire e controllare tutti i progetti <\/strong>in modo tale da raggiungere gli obiettivi prefissati.<\/p>\n<h2>COME GESTIRE AL MEGLIO I PROGETI DEL TUO TEAM CON WRIKE &#8211; TUTORIAL<\/h2>\n<p>Diamo un&#8217;occhiata a questa demo per comprendere come funziona Wrike:<\/p>\n<div id=\"fluid-wrapper-counter-1\" class=\"g1-fluid-wrapper \" style=\"width:686px;\">\n<div style=\"padding-bottom:56.268221574344%;\"><iframe loading=\"lazy\" title=\"[Getting Started] Launching New Projects in Wrike\" width=\"686\" height=\"386\" src=\"https:\/\/www.youtube.com\/embed\/2kKlr0U7ghM?feature=oembed&amp;wmode=transparent&amp;autohide=1&amp;autoplay=0&amp;disablekb=0&amp;fs=1&amp;loop=0&amp;enablejsapi=1&amp;rel=0&amp;controls=2&amp;showinfo=0&amp;wmode=transparent&amp;autohide=2&amp;autoplay=0&amp;disablekb=0&amp;fs=1&amp;loop=0&amp;enablejsapi=1&amp;rel=0&amp;controls=2&amp;showinfo=1\" frameborder=\"0\" allow=\"accelerometer; autoplay; clipboard-write; encrypted-media; gyroscope; picture-in-picture\" allowfullscreen><\/iframe><\/div>\n<\/div>\n<\/div>\n<div class=\"card island-light\">\n<div class=\"card-body media-viewer px-0 pt-0\">\n<div class=\"container\">\n<div class=\"row\">\n<div class=\"col-12 media-viewer-screen-container\">\n<div class=\"media-viewer-screen m-4 d-flex\" data-position=\"0\">\n<h3 id=\"video_frame_0\" class=\"media-viewer-video-container w-100 h-100\">WRIKE &#8211; CARATTERISTICHE<\/h3>\n<p>Di seguito elenchiamo le migliori caratteristiche di questo software:<\/p>\n<div class=\"wg-cell wg-cell--sm-6 wg-cell--md-3 wg-cell--xl-3 wg-cell--lg-3\">\n<div class=\"wrike-features__item\">\n<ul>\n<li class=\"wrike-features__title h4\"><strong>Gestione progetti<\/strong>: ottieni report e controlla in tempo reale tutti i progetti del tuo team cos\u00ec da avere sempre la situazione sotto controllo<\/li>\n<li class=\"wrike-features__title h4\"><strong>Collaborazione<\/strong>: collabora e centralizza la comunicazione con\u00a0le parti interessati<\/li>\n<li><strong>Ottimizzazione del flusso di\u00a0lavoro<\/strong>: ti permette una certa flessibile pur riuscendo a gestire l&#8217;approccio con il tuo team<\/li>\n<li><strong>Diagramma di Gantt<\/strong>: strumento che ti consente di controllare la pianificazione del progetto<\/li>\n<li><strong>Gestione delle risorse<\/strong>: tieni sotto controllo il carico di lavoro del team<\/li>\n<li><strong>Integrazioni<\/strong>: Wrike \u00e8 compatibile con moltissime applicazioni che utilizziamo quasi tutti (Google, Microsoft, Adobe, Box, GitHub, Jira.<\/li>\n<\/ul>\n<h3>LE RECENSIONI DEGLI UTENTI<\/h3>\n<ul>\n<li><strong>&#8220;Usata anni fa &#8211; ed \u00e8 meglio ora&#8221;<\/strong><br \/>\nIN GENERALE: Risolvere il problema di pi\u00f9 gruppi in pi\u00f9 posizioni comunicando rapidamente e facilmente su tutti i tipi di progetti &#8211; in modo rapido e semplice e al 100% online. Sbarazzarsi di e-mail per l&#8217;avvio!<br \/>\nPRO: interfaccia utente super flessibile e veloce. Il miglior strumento PM per la velocit\u00e0 e la facilit\u00e0 di attivazione \/ disattivazione di cartelle e progetti si apre rapidamente e facilmente (nella colonna di sinistra). Penso che sia meglio di tutti.<br \/>\nCONTRO: costoso. Ci \u00e8 stato indicato un costo elevato per iniziare. Suppongo che ottieni quello per cui paghi, ma questa non \u00e8 l&#8217;impostazione &#8220;gratuita&#8221; o &#8220;economica&#8221; come quella che ottieni con uno strumento di tipo Zoho o Trello.<\/li>\n<li><strong>&#8220;Wrike \u00e8 progettato per la vera gestione dei progetti.&#8221;<\/strong><br \/>\nPRO: Wrike \u00e8 senza dubbio un leader del settore nella gestione dei progetti. Abbiamo testato molte altre piattaforme prima di sceglierlo, e di gran lunga \u00e8 il pi\u00f9 robusto. Le principali funzionalit\u00e0 importanti?<br \/>\n1. Facilit\u00e0 d&#8217;uso<br \/>\n2. Ottima integrazione della squadra<br \/>\n3. Si collega a G-Suite<br \/>\nCONTRO: nessuna personalizzazione per le organizzazioni con esigenze specifiche di branding. Non ti consentir\u00e0 di bloccare un determinato tema o interfaccia grafica in base alle esigenze della tua organizzazione.<\/li>\n<li><strong>&#8220;La migliore soluzione collaborativa per la gestione dei progetti&#8221;<\/strong><br \/>\nPRO: Wrike ha il vero vantaggio di raggruppare un compito quotidiano e uno strumento di pianificazione con una soluzione visiva per la pianificazione generale. Ci lavoro da pi\u00f9 di 2 anni e sono in grado di strutturare progetti importanti, incluso il loro sottoprogetto. Mantengo una chiara visione delle relazioni ci\u00f2 che \u00e8 raro quando hai compiti condivisi con diverse linee rosse.<br \/>\nCONTRO: il punto debole sono le funzioni di esportazione, \u00e8 possibile esportare le attivit\u00e0 in un foglio Excel, ma non \u00e8 possibile esportare in HTML per condividere una pianificazione con un cliente o un collaboratore. Stesso punto per quanto riguarda la vista di pianificazione, la funzione di esportazione pdf \u00e8 pi\u00f9 che semplice, quindi non hai scelta.<\/li>\n<\/ul>\n<p>&nbsp;<\/p>\n<\/div>\n<\/div>\n<\/div>\n<\/div>\n<\/div>\n<\/div>\n<\/div>\n<\/div>\n","protected":false},"excerpt":{"rendered":"<p>Wrike \u00e8 un software di gestione dei progetti creato per team di qualsiasi dimensione che necessitano migliorare l&#8217;organizzazione aziendale. Grazie a questo programma e alle sue funzionalit\u00e0, potrai semplificare la pianificazione e la collaborazione sui progetti a cui sta lavorando il tuo team su cloud.\u00a0<\/p>\n","protected":false},"author":17,"featured_media":18473,"parent":8333,"menu_order":0,"comment_status":"open","ping_status":"closed","template":"g1_template_page_review_new.php","meta":{"_acf_changed":false,"cwp_meta_box_check":"Yes","cwp_rev_product_name":"","cwp_rev_product_image":"","wppr_links":[],"cwp_rev_price":"","wppr_options":[],"wppr_pros":[],"wppr_cons":[],"_monsterinsights_skip_tracking":false,"_monsterinsights_sitenote_active":false,"_monsterinsights_sitenote_note":"","_monsterinsights_sitenote_category":0,"footnotes":""},"categories":[172],"tags":[1316,1312,1314],"features":[],"class_list":{"0":"post-18472","1":"page","2":"type-page","3":"status-publish","4":"has-post-thumbnail","6":"category-online-project-management-it","7":"tag-online-project-management","8":"tag-programma-gestione-progetti","9":"tag-project-management-software"},"wppr_data":{"cwp_meta_box_check":"Yes","cwp_rev_product_name":"","cwp_rev_product_image":"","cwp_image_link":"image","cwp_rev_price":"","wppr_rating":"0.00"},"acf":[],"yoast_head":"<!-- This site is optimized with the Yoast SEO plugin v27.4 - https:\/\/yoast.com\/product\/yoast-seo-wordpress\/ -->\n<title>Wrike: recensione software gestione progetti - Accurate Reviews<\/title>\n<meta name=\"description\" content=\"Wrike: recensione del software di gestione dei progetti creato per team che necessitano migliorare l&#039;organizzazione aziendale.\" \/>\n<meta name=\"robots\" content=\"index, follow, max-snippet:-1, max-image-preview:large, max-video-preview:-1\" \/>\n<link rel=\"canonical\" href=\"https:\/\/www.accuratereviews.com\/it\/project-management-online-lista-software\/wrike-recensione\/\" \/>\n<meta property=\"og:locale\" content=\"it_IT\" \/>\n<meta property=\"og:type\" content=\"article\" \/>\n<meta property=\"og:title\" content=\"Wrike: recensione software gestione progetti - Accurate Reviews\" \/>\n<meta property=\"og:description\" content=\"Wrike: recensione del software di gestione dei progetti creato per team che necessitano migliorare l&#039;organizzazione aziendale.\" \/>\n<meta property=\"og:url\" content=\"https:\/\/www.accuratereviews.com\/it\/project-management-online-lista-software\/wrike-recensione\/\" \/>\n<meta property=\"og:site_name\" content=\"Accurate Reviews\" \/>\n<meta property=\"article:modified_time\" content=\"2021-04-26T07:47:32+00:00\" \/>\n<meta property=\"og:image\" content=\"https:\/\/www.accuratereviews.com\/wp-content\/uploads\/2019\/09\/Unknown-2.png\" \/>\n\t<meta property=\"og:image:width\" content=\"392\" \/>\n\t<meta property=\"og:image:height\" content=\"128\" \/>\n\t<meta property=\"og:image:type\" content=\"image\/png\" \/>\n<meta name=\"twitter:card\" content=\"summary_large_image\" \/>\n<meta name=\"twitter:label1\" content=\"Tempo di lettura stimato\" \/>\n\t<meta name=\"twitter:data1\" content=\"3 minuti\" \/>\n<script type=\"application\/ld+json\" class=\"yoast-schema-graph\">{\"@context\":\"https:\\\/\\\/schema.org\",\"@graph\":[{\"@type\":\"WebPage\",\"@id\":\"https:\\\/\\\/www.accuratereviews.com\\\/it\\\/project-management-online-lista-software\\\/wrike-recensione\\\/\",\"url\":\"https:\\\/\\\/www.accuratereviews.com\\\/it\\\/project-management-online-lista-software\\\/wrike-recensione\\\/\",\"name\":\"Wrike: recensione software gestione progetti - Accurate Reviews\",\"isPartOf\":{\"@id\":\"https:\\\/\\\/www.accuratereviews.com\\\/it\\\/#website\"},\"primaryImageOfPage\":{\"@id\":\"https:\\\/\\\/www.accuratereviews.com\\\/it\\\/project-management-online-lista-software\\\/wrike-recensione\\\/#primaryimage\"},\"image\":{\"@id\":\"https:\\\/\\\/www.accuratereviews.com\\\/it\\\/project-management-online-lista-software\\\/wrike-recensione\\\/#primaryimage\"},\"thumbnailUrl\":\"https:\\\/\\\/www.accuratereviews.com\\\/wp-content\\\/uploads\\\/2019\\\/09\\\/Unknown-2.png\",\"datePublished\":\"2019-09-25T08:14:50+00:00\",\"dateModified\":\"2021-04-26T07:47:32+00:00\",\"description\":\"Wrike: recensione del software di gestione dei progetti creato per team che necessitano migliorare l'organizzazione aziendale.\",\"breadcrumb\":{\"@id\":\"https:\\\/\\\/www.accuratereviews.com\\\/it\\\/project-management-online-lista-software\\\/wrike-recensione\\\/#breadcrumb\"},\"inLanguage\":\"it-IT\",\"potentialAction\":[{\"@type\":\"ReadAction\",\"target\":[\"https:\\\/\\\/www.accuratereviews.com\\\/it\\\/project-management-online-lista-software\\\/wrike-recensione\\\/\"]}]},{\"@type\":\"ImageObject\",\"inLanguage\":\"it-IT\",\"@id\":\"https:\\\/\\\/www.accuratereviews.com\\\/it\\\/project-management-online-lista-software\\\/wrike-recensione\\\/#primaryimage\",\"url\":\"https:\\\/\\\/www.accuratereviews.com\\\/wp-content\\\/uploads\\\/2019\\\/09\\\/Unknown-2.png\",\"contentUrl\":\"https:\\\/\\\/www.accuratereviews.com\\\/wp-content\\\/uploads\\\/2019\\\/09\\\/Unknown-2.png\",\"width\":392,\"height\":128},{\"@type\":\"BreadcrumbList\",\"@id\":\"https:\\\/\\\/www.accuratereviews.com\\\/it\\\/project-management-online-lista-software\\\/wrike-recensione\\\/#breadcrumb\",\"itemListElement\":[{\"@type\":\"ListItem\",\"position\":1,\"name\":\"Home\",\"item\":\"https:\\\/\\\/www.accuratereviews.com\\\/it\\\/\"},{\"@type\":\"ListItem\",\"position\":2,\"name\":\"Project Management Online\",\"item\":\"https:\\\/\\\/www.accuratereviews.com\\\/it\\\/project-management-online-lista-software\\\/\"},{\"@type\":\"ListItem\",\"position\":3,\"name\":\"Wrike\"}]},{\"@type\":\"WebSite\",\"@id\":\"https:\\\/\\\/www.accuratereviews.com\\\/it\\\/#website\",\"url\":\"https:\\\/\\\/www.accuratereviews.com\\\/it\\\/\",\"name\":\"Accurate Reviews\",\"description\":\"\",\"potentialAction\":[{\"@type\":\"SearchAction\",\"target\":{\"@type\":\"EntryPoint\",\"urlTemplate\":\"https:\\\/\\\/www.accuratereviews.com\\\/it\\\/?s={search_term_string}\"},\"query-input\":{\"@type\":\"PropertyValueSpecification\",\"valueRequired\":true,\"valueName\":\"search_term_string\"}}],\"inLanguage\":\"it-IT\"}]}<\/script>\n<!-- \/ Yoast SEO plugin. -->","yoast_head_json":{"title":"Wrike: recensione software gestione progetti - Accurate Reviews","description":"Wrike: recensione del software di gestione dei progetti creato per team che necessitano migliorare l'organizzazione aziendale.","robots":{"index":"index","follow":"follow","max-snippet":"max-snippet:-1","max-image-preview":"max-image-preview:large","max-video-preview":"max-video-preview:-1"},"canonical":"https:\/\/www.accuratereviews.com\/it\/project-management-online-lista-software\/wrike-recensione\/","og_locale":"it_IT","og_type":"article","og_title":"Wrike: recensione software gestione progetti - Accurate Reviews","og_description":"Wrike: recensione del software di gestione dei progetti creato per team che necessitano migliorare l'organizzazione aziendale.","og_url":"https:\/\/www.accuratereviews.com\/it\/project-management-online-lista-software\/wrike-recensione\/","og_site_name":"Accurate Reviews","article_modified_time":"2021-04-26T07:47:32+00:00","og_image":[{"width":392,"height":128,"url":"https:\/\/www.accuratereviews.com\/wp-content\/uploads\/2019\/09\/Unknown-2.png","type":"image\/png"}],"twitter_card":"summary_large_image","twitter_misc":{"Tempo di lettura stimato":"3 minuti"},"schema":{"@context":"https:\/\/schema.org","@graph":[{"@type":"WebPage","@id":"https:\/\/www.accuratereviews.com\/it\/project-management-online-lista-software\/wrike-recensione\/","url":"https:\/\/www.accuratereviews.com\/it\/project-management-online-lista-software\/wrike-recensione\/","name":"Wrike: recensione software gestione progetti - Accurate Reviews","isPartOf":{"@id":"https:\/\/www.accuratereviews.com\/it\/#website"},"primaryImageOfPage":{"@id":"https:\/\/www.accuratereviews.com\/it\/project-management-online-lista-software\/wrike-recensione\/#primaryimage"},"image":{"@id":"https:\/\/www.accuratereviews.com\/it\/project-management-online-lista-software\/wrike-recensione\/#primaryimage"},"thumbnailUrl":"https:\/\/www.accuratereviews.com\/wp-content\/uploads\/2019\/09\/Unknown-2.png","datePublished":"2019-09-25T08:14:50+00:00","dateModified":"2021-04-26T07:47:32+00:00","description":"Wrike: recensione del software di gestione dei progetti creato per team che necessitano migliorare l'organizzazione aziendale.","breadcrumb":{"@id":"https:\/\/www.accuratereviews.com\/it\/project-management-online-lista-software\/wrike-recensione\/#breadcrumb"},"inLanguage":"it-IT","potentialAction":[{"@type":"ReadAction","target":["https:\/\/www.accuratereviews.com\/it\/project-management-online-lista-software\/wrike-recensione\/"]}]},{"@type":"ImageObject","inLanguage":"it-IT","@id":"https:\/\/www.accuratereviews.com\/it\/project-management-online-lista-software\/wrike-recensione\/#primaryimage","url":"https:\/\/www.accuratereviews.com\/wp-content\/uploads\/2019\/09\/Unknown-2.png","contentUrl":"https:\/\/www.accuratereviews.com\/wp-content\/uploads\/2019\/09\/Unknown-2.png","width":392,"height":128},{"@type":"BreadcrumbList","@id":"https:\/\/www.accuratereviews.com\/it\/project-management-online-lista-software\/wrike-recensione\/#breadcrumb","itemListElement":[{"@type":"ListItem","position":1,"name":"Home","item":"https:\/\/www.accuratereviews.com\/it\/"},{"@type":"ListItem","position":2,"name":"Project Management Online","item":"https:\/\/www.accuratereviews.com\/it\/project-management-online-lista-software\/"},{"@type":"ListItem","position":3,"name":"Wrike"}]},{"@type":"WebSite","@id":"https:\/\/www.accuratereviews.com\/it\/#website","url":"https:\/\/www.accuratereviews.com\/it\/","name":"Accurate Reviews","description":"","potentialAction":[{"@type":"SearchAction","target":{"@type":"EntryPoint","urlTemplate":"https:\/\/www.accuratereviews.com\/it\/?s={search_term_string}"},"query-input":{"@type":"PropertyValueSpecification","valueRequired":true,"valueName":"search_term_string"}}],"inLanguage":"it-IT"}]}},"_links":{"self":[{"href":"https:\/\/www.accuratereviews.com\/it\/wp-json\/wp\/v2\/pages\/18472","targetHints":{"allow":["GET"]}}],"collection":[{"href":"https:\/\/www.accuratereviews.com\/it\/wp-json\/wp\/v2\/pages"}],"about":[{"href":"https:\/\/www.accuratereviews.com\/it\/wp-json\/wp\/v2\/types\/page"}],"author":[{"embeddable":true,"href":"https:\/\/www.accuratereviews.com\/it\/wp-json\/wp\/v2\/users\/17"}],"replies":[{"embeddable":true,"href":"https:\/\/www.accuratereviews.com\/it\/wp-json\/wp\/v2\/comments?post=18472"}],"version-history":[{"count":9,"href":"https:\/\/www.accuratereviews.com\/it\/wp-json\/wp\/v2\/pages\/18472\/revisions"}],"predecessor-version":[{"id":41007,"href":"https:\/\/www.accuratereviews.com\/it\/wp-json\/wp\/v2\/pages\/18472\/revisions\/41007"}],"up":[{"embeddable":true,"href":"https:\/\/www.accuratereviews.com\/it\/wp-json\/wp\/v2\/pages\/8333"}],"wp:featuredmedia":[{"embeddable":true,"href":"https:\/\/www.accuratereviews.com\/it\/wp-json\/wp\/v2\/media\/18473"}],"wp:attachment":[{"href":"https:\/\/www.accuratereviews.com\/it\/wp-json\/wp\/v2\/media?parent=18472"}],"wp:term":[{"taxonomy":"category","embeddable":true,"href":"https:\/\/www.accuratereviews.com\/it\/wp-json\/wp\/v2\/categories?post=18472"},{"taxonomy":"post_tag","embeddable":true,"href":"https:\/\/www.accuratereviews.com\/it\/wp-json\/wp\/v2\/tags?post=18472"},{"taxonomy":"features","embeddable":true,"href":"https:\/\/www.accuratereviews.com\/it\/wp-json\/wp\/v2\/features?post=18472"}],"curies":[{"name":"wp","href":"https:\/\/api.w.org\/{rel}","templated":true}]}}