{"id":18479,"date":"2019-09-24T15:13:26","date_gmt":"2019-09-24T15:13:26","guid":{"rendered":"https:\/\/www.accuratereviews.com\/?page_id=18479"},"modified":"2021-04-27T06:44:08","modified_gmt":"2021-04-27T06:44:08","slug":"clickup-recensione","status":"publish","type":"page","link":"https:\/\/www.accuratereviews.com\/it\/project-management-online-lista-software\/clickup-recensione\/","title":{"rendered":"ClickUp"},"content":{"rendered":"<p><strong>ClickUp<\/strong> \u00e8 un <strong>sistema di gestione dei progetti<\/strong> semplice e intuitivo creato per tutti i tipi di utenti. Con un&#8217;unica soluzione, hai tutte le funzionalit\u00e0 che ti aiutano a semplificare i tuoi processi aziendali, tra cui vendite, marketing, progettazione e sviluppo. Non \u00e8 necessario passare da un software all&#8217;altro per eseguire tutte le attivit\u00e0 necessarie. Centralizza tutto, ti permette di lavorare in modo efficace ed efficiente da una singola dashboard. Organizzare un progetto da zero pu\u00f2 essere fonte di confusione con <strong>ClickUp<\/strong>\u00a0non \u00e8 un problema e ti aiuta a gestire i tuoi progetti usando un approccio gerarchico. Questa funzionalit\u00e0 consente di strutturare il progetto da zero assegnando attivit\u00e0 al tuo team. Gli obiettivi possono essere impostati facilmente per aiutare i tuoi collaboratori a sapere a cosa stanno puntando e come raggiungerli. <strong>ClickUp<\/strong> sfoggia una capacit\u00e0 di apprendimento automatico che aiuta i<strong> project manager<\/strong> a creare stime e tempistiche accurate e realistiche per i loro progetti. Ci\u00f2 elimina i casi di cattive previsioni da parte dei gestori, nonch\u00e9 i &#8220;blocchi&#8221; che impediscono l&#8217;avanzamento dei progetti, garantendo che tutte le attivit\u00e0 vengano eseguite e gli obiettivi vengano raggiunti nei tempi previsti.<\/p>\n<h2>CLICKUP &#8211; TUTORIAL<\/h2>\n<p>Il tutorial che seguir\u00e0 ci spiega come utilizzare questo<strong> software project management<\/strong>:<\/p>\n<div id=\"fluid-wrapper-counter-1\" class=\"g1-fluid-wrapper \" style=\"width:686px;\">\n<div style=\"padding-bottom:56.268221574344%;\"><iframe loading=\"lazy\" title=\"How to Use ClickUp | Full ClickUp Tutorial\" width=\"686\" height=\"386\" src=\"https:\/\/www.youtube.com\/embed\/LibP_KTUK8I?feature=oembed&amp;wmode=transparent&amp;autohide=1&amp;autoplay=0&amp;disablekb=0&amp;fs=1&amp;loop=0&amp;enablejsapi=1&amp;rel=0&amp;controls=2&amp;showinfo=0&amp;wmode=transparent&amp;autohide=2&amp;autoplay=0&amp;disablekb=0&amp;fs=1&amp;loop=0&amp;enablejsapi=1&amp;rel=0&amp;controls=2&amp;showinfo=1\" frameborder=\"0\" allow=\"accelerometer; autoplay; clipboard-write; encrypted-media; gyroscope; picture-in-picture\" allowfullscreen><\/iframe><\/div>\n<\/div>\n<h3>CLICKUP &#8211; CARATTERISTICHE<\/h3>\n<ul>\n<li>Assegna commenti<\/li>\n<li>Filtra per stato<\/li>\n<li>Personalizza assegnatari<\/li>\n<li>Rilevamento della collaborazione<\/li>\n<li>Mockup di immagini: commenti e attivit\u00e0<\/li>\n<li>Gestione multi-task<\/li>\n<li>Editing super ricco<\/li>\n<li>Tabs<\/li>\n<li>Stati personalizzati<\/li>\n<li>Assegnare priorit\u00e0<\/li>\n<li>Bacheca<\/li>\n<li>Percentuale di avanzamento<\/li>\n<li>Gerarchia<\/li>\n<li>Notifiche personalizzate<\/li>\n<li>Flusso di attivit\u00e0<\/li>\n<li>Ricerca intelligente<\/li>\n<li>Diagramma di Gantt<\/li>\n<li>Calendario<\/li>\n<li>App mobili<\/li>\n<li>Cancella notifiche<\/li>\n<li>Modifica commenti<\/li>\n<\/ul>\n<h4>LE RECENSIONI DEGLI UTENTI<\/h4>\n<h4>Hannah K. &#8220;Una soluzione completa per tutte le esigenze di gestione dei progetti del tuo team&#8221;<\/h4>\n<p><strong>Commenti<\/strong>: Consentendo a tutto il nostro team (dal marketing e le vendite alla progettazione e sviluppo) di gestire i loro progetti da un unico posto, ClickUp semplifica la collaborazione tra i team e offre a tutti visibilit\u00e0 su ci\u00f2 che accade nell&#8217;intera azienda. \u00c8 diventata la &#8220;singola fonte di verit\u00e0&#8221; per il team ed ha effettivamente eliminato la necessit\u00e0 di utilizzare vari strumenti di gestione del prodotto ridondanti.<\/p>\n<p><strong>Vantaggi<\/strong>: adoro il fatto che abbia praticamente tutte le caratteristiche di cui qualsiasi tipo di squadra potrebbe aver bisogno e, in quanto tale, pu\u00f2 essere l&#8217;unico prodotto che l&#8217;intera squadra pu\u00f2 concordare di utilizzare. Prima di utilizzare ClickUp, il nostro team ha utilizzato Jira, Trello e una serie di altri strumenti per la gestione di prodotti \/ progetti all&#8217;interno di aree diverse, il che ha creato confusione. Altri strumenti di gestione del progetto che abbiamo esplorato (Asana, Monday.com, Basecamp e Airtable, alcuni dei quali) sono stati generalmente sottoposti all&#8217;opposizione del nostro team di sviluppo perch\u00e9 non si integravano perfettamente con Bitbucket \/ Github e mancavano funzionalit\u00e0 dettagliate che avrebbero permesso loro per adattarlo ai flussi. Mentre questi altri strumenti potrebbero aver offerto un&#8217;esperienza pi\u00f9 semplice e semplificata, ci\u00f2 che il nostro team stava cercando era la personalizzazione (senza sacrificare l&#8217;usabilit\u00e0) e ClickUp era il perfetto equilibrio tra i due.<br \/>\nAmiamo anche quanto ClickUp sia incentrato sul cliente (come puoi vedere dalla loro fantastica pagina di richieste di funzionalit\u00e0 (https:\/\/feedback.clickup.com\/feature-requests) e come sono cos\u00ec concentrati sul lancio continuo di nuovi prodotti a valore aggiunto che i loro clienti desiderano e di cui hanno davvero bisogno. Consiglio vivamente lo strumento per le startup \u00a0e la collaborazione tra i team.<\/p>\n<p><strong>Inconvenienti<\/strong>: la complessit\u00e0 della navigazione attraverso tutte le sue caratteristiche, che inevitabilmente deriva da un sottoprodotto dell&#8217;ampiezza delle caratteristiche del prodotto (che in realt\u00e0 considero uno dei suoi maggiori vantaggi).<br \/>\nAnche se personalmente trovo il prodotto abbastanza facile da usare, ho sentito il feedback di vari membri del team che trovano difficile capire come usare tutte le funzionalit\u00e0 e che a volte lo trovano un po &#8216;travolgente. Ci sar\u00e0 sicuramente una curva di apprendimento per alcuni, ma aiuta il team di leadership (o il team che lo sta implementando) per prima cosa definire come utilizzare lo strumento e aiutare il resto del team a utilizzarlo.<\/p>\n<h4>Eva W. &#8220;Ottima app per stare al passo con i miei appuntamenti, attivit\u00e0 e progetti&#8221;<\/h4>\n<p><strong>Commenti<\/strong>: Clickup \u00e8 diventato il modo pi\u00f9 semplice per me di organizzare i miei compiti a settimana perch\u00e9 posso facilmente personalizzare le funzionalit\u00e0 degli elenchi in base alle mie esigenze. La cosa migliore \u00e8 che posso spostare tutti gli elementi tra gli elenchi per trascinamento della selezione (ho creato due elenchi, ciascuno con i cinque giorni lavorativi della settimana: &#8220;Settimana A&#8221; e &#8220;Settimana B&#8221;, perch\u00e9 questo \u00e8 il modo migliore per me). Posso anche pianificare interi progetti a parte il mio programma settimanale o combinare i due. Tutti gli elenchi vengono visualizzati in una barra laterale ordinata. In questo modo posso concentrarmi completamente sui compiti per ogni giorno senza dover guardare l&#8217;intera settimana. Per distinguere tra lavori, li taggo semplicemente con nomi e colori diversi. Ora riesco davvero a fare le cose senza stressarmi vedendo costantemente tutto il mio carico di lavoro davanti a me. Grazie, team di Clickup!<\/p>\n<p><strong>Vantaggi<\/strong>: mi piace molto organizzare i miei lavori e le mie attivit\u00e0 con Clickup (versione gratuita) perch\u00e9 \u00e8 un&#8217;app sia semplice che altamente personalizzabile. Come giornalista freelance spesso devo passare tra molti lavori e clienti. Se non rimango organizzato, posso facilmente perdere le attivit\u00e0: con Clickup posso davvero rimanere al comando e cambiare rapidamente il mio piano giorno per giorno se succede qualcosa di inaspettato. Per lo pi\u00f9 lavoro da solo, motivo per cui molte altre app di gestione dei progetti (che sono principalmente progettate per i team) non sono adatte a me. Clickup mi permette di fare entrambe le cose. Il software funziona bene sia sul mio desktop che sul mio smartphone. Posso creare attivit\u00e0 e organizzarle in singoli elenchi, contrassegnarle e creare attivit\u00e0 secondarie. Posso anche aggiungere date di scadenza o tempi stimati a ciascuna attivit\u00e0, se necessario, in modo da poter pianificare sia le mie cose da fare per la settimana sia il mio carico di lavoro (realistico) per il giorno.<\/p>\n<p><strong>Inconvenienti<\/strong>: Non cambierei nulla, ma come in qualsiasi grande app Clickup manca ancora alcune funzionalit\u00e0 :-) Innanzitutto mi piacerebbe una versione tedesca di Clickup. Una vera casella di posta per organizzare la posta elettronica e creare attivit\u00e0 direttamente da Clickup sarebbe utile (tramite IMAP e per qualsiasi provider di posta elettronica, poich\u00e9 non ho Outlook n\u00e9 Google Mail). Vorrei anche rinominare gli stati predefiniti (richiesti) e disabilitare il popup &#8220;annulla&#8221; nell&#8217;angolo in basso a sinistra, perch\u00e9 \u00e8 davvero fastidioso quando rimuovo molte attivit\u00e0 contemporaneamente (si sovrappongono alle mie liste in modo da non poterle usare fino a quando i popup scompaiono dopo un po &#8216;). E, ultimo ma non meno importante: alcuni compiti sono &#8220;in corso&#8221; da molto tempo ma ancora lontani dal &#8220;fatto&#8221;. Ad esempio, a volte lavoro su un solo testo per molte ore e non riesco ad aggiungere attivit\u00e0 secondarie a quell&#8217;attivit\u00e0. Quindi mi piacerebbe avere una barra dei progressi per aggiungere manualmente la percentuale che ho gi\u00e0 realizzato in ogni attivit\u00e0 (come in passaggi del 10% o gi\u00f9 di l\u00ec). Ci\u00f2 aumenterebbe notevolmente la mia motivazione<\/p>\n<h4>Luis T. &#8220;Altamente versatile per uso personale e team&#8221;<\/h4>\n<p><strong>Commenti<\/strong>: ClickUp \u00e8 l&#8217;unica applicazione gratuita abbastanza potente da funzionare principalmente come sistema di produttivit\u00e0 personale. Lo uso per tenere traccia delle mie routine quotidiane e ricordo di completare le attivit\u00e0 entro determinate date. Inoltre, ho trovato incredibilmente utile delineare processi e sistemi attraverso attivit\u00e0 secondarie e liste di controllo, per aiutarmi a creare ogni post del blog. Di conseguenza, \u00e8 molto semplice per me passare attraverso le mie liste di controllo che probabilmente fa risparmiare tempo ed energie mentali. Inoltre, funziona bene come un enorme database di cose che devo fare.<\/p>\n<p><strong>Vantaggi<\/strong>: grazie a una ricca collezione di funzionalit\u00e0, ClickUp \u00e8 molto flessibile, quindi un&#8217;ottima app per il sistema di produttivit\u00e0 personale di un utente esperto: penso che sia pi\u00f9 adatto come luogo all-in-one per mettere gli oggetti delle attivit\u00e0 e organizzarli . Ad esempio, \u00e8 possibile visualizzare le attivit\u00e0 in una scheda, un calendario o un elenco e visualizzare diversi ambiti a diversi livelli dell&#8217;organizzazione delle attivit\u00e0. Inoltre, i campi personalizzati consentono un&#8217;ulteriore personalizzazione delle attivit\u00e0, con modelli per preservare scheletri ideali di attivit\u00e0. Inoltre, la navigazione \u00e8 semplice con varie funzioni di ricerca e i rispettivi tasti di scelta rapida. Il blocco note (nell&#8217;app e l&#8217;estensione del browser) \u00e8 ottimo per ricordare idee e convertirle in attivit\u00e0 in un secondo momento, poich\u00e9 consente di risparmiare molto tempo. Avere app su pi\u00f9 piattaforme rende conveniente l&#8217;uso, insieme a molte opportunit\u00e0 di integrazione (vale a dire Google Calendar e PomoDoneApp, che \u00e8 particolarmente potente quando si utilizzano strumenti come Zapier. Sono utili la documentazione ufficiale, nonch\u00e9 un luogo per richiedere funzionalit\u00e0, pure.<\/p>\n<p><strong>Inconvenienti<\/strong>: mentre alcune funzioni possono essere abilitate \/ disabilitate tra diversi &#8220;spazi&#8221;, il vasto numero di funzioni e controlli pu\u00f2 essere, in una certa misura, intimidatorio e travolgente. Per questo motivo, \u00e8 una buona idea passare un po &#8216;di tempo a conoscere il software e come usarlo. Ad esempio, ho trovato le attivit\u00e0 ricorrenti piuttosto confuse a causa dell&#8217;enorme numero di opzioni, anche per una semplice attivit\u00e0 ricorrente quotidiana. Di conseguenza, ho dovuto documentare quando utilizzare ciascuna impostazione per me stesso. Detto questo, vorrei che i compiti ricorrenti diventassero ancora pi\u00f9 intelligenti perch\u00e9 le ricorrenze dipendono dal &#8220;tipo&#8221; del giorno e dalla capacit\u00e0 di sospendere i compiti ricorrenti. Questo potrebbe essere utile per uno studente con giorni di scuola e non, ad esempio. Inoltre, l&#8217;estensione del browser del blocco note fluttua inutilmente sopra ogni pagina web, quindi sarebbe meglio se fosse possibile accedervi solo tramite il pulsante dell&#8217;estensione nella barra degli strumenti del browser.<\/p>\n","protected":false},"excerpt":{"rendered":"<p>ClickUp \u00e8 un sistema di gestione dei progetti semplice e intuitivo creato per tutti i tipi di utenti. Con un&#8217;unica soluzione, hai tutte le funzionalit\u00e0 che ti aiutano a semplificare i tuoi processi aziendali, tra cui vendite, marketing, progettazione e sviluppo. Fondamentalmente non \u00e8 necessario passare da un software all&#8217;altro per eseguire tutte le attivit\u00e0 necessarie.<\/p>\n","protected":false},"author":19,"featured_media":18480,"parent":8333,"menu_order":0,"comment_status":"open","ping_status":"closed","template":"g1_template_page_review_new.php","meta":{"_acf_changed":false,"cwp_meta_box_check":"Yes","cwp_rev_product_name":"","cwp_rev_product_image":"","wppr_links":[],"cwp_rev_price":"","wppr_options":[],"wppr_pros":[],"wppr_cons":[],"_monsterinsights_skip_tracking":false,"_monsterinsights_sitenote_active":false,"_monsterinsights_sitenote_note":"","_monsterinsights_sitenote_category":0,"footnotes":""},"categories":[172],"tags":[1321,1310,1322,1309,1320],"features":[],"class_list":{"0":"post-18479","1":"page","2":"type-page","3":"status-publish","4":"has-post-thumbnail","6":"category-online-project-management-it","7":"tag-clickup","8":"tag-programma-project-management","9":"tag-sistema-di-gestione-dei-progetti","10":"tag-software-project-management","11":"tag-soluzione-project-management"},"wppr_data":{"cwp_meta_box_check":"Yes","cwp_rev_product_name":"","cwp_rev_product_image":"","cwp_image_link":"image","cwp_rev_price":"","wppr_rating":"0.00"},"acf":[],"yoast_head":"<!-- This site is optimized with the Yoast SEO plugin v27.4 - https:\/\/yoast.com\/product\/yoast-seo-wordpress\/ -->\n<title>ClickUp: recensione software Project Management - Accurate Reviews<\/title>\n<meta name=\"description\" content=\"ClickUp: recensione sistema di gestione dei progetti semplice e intuitivo creato per tutti i tipi di utenti per seguire ogni processo.\" \/>\n<meta name=\"robots\" content=\"index, follow, max-snippet:-1, max-image-preview:large, max-video-preview:-1\" \/>\n<link rel=\"canonical\" href=\"https:\/\/www.accuratereviews.com\/it\/project-management-online-lista-software\/clickup-recensione\/\" \/>\n<meta property=\"og:locale\" content=\"it_IT\" \/>\n<meta property=\"og:type\" content=\"article\" \/>\n<meta property=\"og:title\" content=\"ClickUp: recensione software Project Management - Accurate Reviews\" \/>\n<meta property=\"og:description\" content=\"ClickUp: recensione sistema di gestione dei progetti semplice e intuitivo creato per tutti i tipi di utenti per seguire ogni processo.\" \/>\n<meta property=\"og:url\" content=\"https:\/\/www.accuratereviews.com\/it\/project-management-online-lista-software\/clickup-recensione\/\" \/>\n<meta property=\"og:site_name\" content=\"Accurate Reviews\" \/>\n<meta property=\"article:modified_time\" content=\"2021-04-27T06:44:08+00:00\" \/>\n<meta property=\"og:image\" content=\"https:\/\/www.accuratereviews.com\/wp-content\/uploads\/2019\/09\/clickup-logo.png\" \/>\n\t<meta property=\"og:image:width\" content=\"5906\" \/>\n\t<meta property=\"og:image:height\" content=\"2271\" \/>\n\t<meta property=\"og:image:type\" content=\"image\/png\" \/>\n<meta name=\"twitter:card\" content=\"summary_large_image\" \/>\n<meta name=\"twitter:label1\" content=\"Tempo di lettura stimato\" \/>\n\t<meta name=\"twitter:data1\" content=\"8 minuti\" \/>\n<script type=\"application\/ld+json\" class=\"yoast-schema-graph\">{\"@context\":\"https:\\\/\\\/schema.org\",\"@graph\":[{\"@type\":\"WebPage\",\"@id\":\"https:\\\/\\\/www.accuratereviews.com\\\/it\\\/project-management-online-lista-software\\\/clickup-recensione\\\/\",\"url\":\"https:\\\/\\\/www.accuratereviews.com\\\/it\\\/project-management-online-lista-software\\\/clickup-recensione\\\/\",\"name\":\"ClickUp: recensione software Project Management - Accurate Reviews\",\"isPartOf\":{\"@id\":\"https:\\\/\\\/www.accuratereviews.com\\\/it\\\/#website\"},\"primaryImageOfPage\":{\"@id\":\"https:\\\/\\\/www.accuratereviews.com\\\/it\\\/project-management-online-lista-software\\\/clickup-recensione\\\/#primaryimage\"},\"image\":{\"@id\":\"https:\\\/\\\/www.accuratereviews.com\\\/it\\\/project-management-online-lista-software\\\/clickup-recensione\\\/#primaryimage\"},\"thumbnailUrl\":\"https:\\\/\\\/www.accuratereviews.com\\\/wp-content\\\/uploads\\\/2019\\\/09\\\/clickup-logo.png\",\"datePublished\":\"2019-09-24T15:13:26+00:00\",\"dateModified\":\"2021-04-27T06:44:08+00:00\",\"description\":\"ClickUp: recensione sistema di gestione dei progetti semplice e intuitivo creato per tutti i tipi di utenti per seguire ogni processo.\",\"breadcrumb\":{\"@id\":\"https:\\\/\\\/www.accuratereviews.com\\\/it\\\/project-management-online-lista-software\\\/clickup-recensione\\\/#breadcrumb\"},\"inLanguage\":\"it-IT\",\"potentialAction\":[{\"@type\":\"ReadAction\",\"target\":[\"https:\\\/\\\/www.accuratereviews.com\\\/it\\\/project-management-online-lista-software\\\/clickup-recensione\\\/\"]}]},{\"@type\":\"ImageObject\",\"inLanguage\":\"it-IT\",\"@id\":\"https:\\\/\\\/www.accuratereviews.com\\\/it\\\/project-management-online-lista-software\\\/clickup-recensione\\\/#primaryimage\",\"url\":\"https:\\\/\\\/www.accuratereviews.com\\\/wp-content\\\/uploads\\\/2019\\\/09\\\/clickup-logo.png\",\"contentUrl\":\"https:\\\/\\\/www.accuratereviews.com\\\/wp-content\\\/uploads\\\/2019\\\/09\\\/clickup-logo.png\",\"width\":5906,\"height\":2271},{\"@type\":\"BreadcrumbList\",\"@id\":\"https:\\\/\\\/www.accuratereviews.com\\\/it\\\/project-management-online-lista-software\\\/clickup-recensione\\\/#breadcrumb\",\"itemListElement\":[{\"@type\":\"ListItem\",\"position\":1,\"name\":\"Home\",\"item\":\"https:\\\/\\\/www.accuratereviews.com\\\/it\\\/\"},{\"@type\":\"ListItem\",\"position\":2,\"name\":\"Project Management Online\",\"item\":\"https:\\\/\\\/www.accuratereviews.com\\\/it\\\/project-management-online-lista-software\\\/\"},{\"@type\":\"ListItem\",\"position\":3,\"name\":\"ClickUp\"}]},{\"@type\":\"WebSite\",\"@id\":\"https:\\\/\\\/www.accuratereviews.com\\\/it\\\/#website\",\"url\":\"https:\\\/\\\/www.accuratereviews.com\\\/it\\\/\",\"name\":\"Accurate Reviews\",\"description\":\"\",\"potentialAction\":[{\"@type\":\"SearchAction\",\"target\":{\"@type\":\"EntryPoint\",\"urlTemplate\":\"https:\\\/\\\/www.accuratereviews.com\\\/it\\\/?s={search_term_string}\"},\"query-input\":{\"@type\":\"PropertyValueSpecification\",\"valueRequired\":true,\"valueName\":\"search_term_string\"}}],\"inLanguage\":\"it-IT\"}]}<\/script>\n<!-- \/ Yoast SEO plugin. -->","yoast_head_json":{"title":"ClickUp: recensione software Project Management - Accurate Reviews","description":"ClickUp: recensione sistema di gestione dei progetti semplice e intuitivo creato per tutti i tipi di utenti per seguire ogni processo.","robots":{"index":"index","follow":"follow","max-snippet":"max-snippet:-1","max-image-preview":"max-image-preview:large","max-video-preview":"max-video-preview:-1"},"canonical":"https:\/\/www.accuratereviews.com\/it\/project-management-online-lista-software\/clickup-recensione\/","og_locale":"it_IT","og_type":"article","og_title":"ClickUp: recensione software Project Management - Accurate Reviews","og_description":"ClickUp: recensione sistema di gestione dei progetti semplice e intuitivo creato per tutti i tipi di utenti per seguire ogni processo.","og_url":"https:\/\/www.accuratereviews.com\/it\/project-management-online-lista-software\/clickup-recensione\/","og_site_name":"Accurate Reviews","article_modified_time":"2021-04-27T06:44:08+00:00","og_image":[{"width":5906,"height":2271,"url":"https:\/\/www.accuratereviews.com\/wp-content\/uploads\/2019\/09\/clickup-logo.png","type":"image\/png"}],"twitter_card":"summary_large_image","twitter_misc":{"Tempo di lettura stimato":"8 minuti"},"schema":{"@context":"https:\/\/schema.org","@graph":[{"@type":"WebPage","@id":"https:\/\/www.accuratereviews.com\/it\/project-management-online-lista-software\/clickup-recensione\/","url":"https:\/\/www.accuratereviews.com\/it\/project-management-online-lista-software\/clickup-recensione\/","name":"ClickUp: recensione software Project Management - Accurate Reviews","isPartOf":{"@id":"https:\/\/www.accuratereviews.com\/it\/#website"},"primaryImageOfPage":{"@id":"https:\/\/www.accuratereviews.com\/it\/project-management-online-lista-software\/clickup-recensione\/#primaryimage"},"image":{"@id":"https:\/\/www.accuratereviews.com\/it\/project-management-online-lista-software\/clickup-recensione\/#primaryimage"},"thumbnailUrl":"https:\/\/www.accuratereviews.com\/wp-content\/uploads\/2019\/09\/clickup-logo.png","datePublished":"2019-09-24T15:13:26+00:00","dateModified":"2021-04-27T06:44:08+00:00","description":"ClickUp: recensione sistema di gestione dei progetti semplice e intuitivo creato per tutti i tipi di utenti per seguire ogni processo.","breadcrumb":{"@id":"https:\/\/www.accuratereviews.com\/it\/project-management-online-lista-software\/clickup-recensione\/#breadcrumb"},"inLanguage":"it-IT","potentialAction":[{"@type":"ReadAction","target":["https:\/\/www.accuratereviews.com\/it\/project-management-online-lista-software\/clickup-recensione\/"]}]},{"@type":"ImageObject","inLanguage":"it-IT","@id":"https:\/\/www.accuratereviews.com\/it\/project-management-online-lista-software\/clickup-recensione\/#primaryimage","url":"https:\/\/www.accuratereviews.com\/wp-content\/uploads\/2019\/09\/clickup-logo.png","contentUrl":"https:\/\/www.accuratereviews.com\/wp-content\/uploads\/2019\/09\/clickup-logo.png","width":5906,"height":2271},{"@type":"BreadcrumbList","@id":"https:\/\/www.accuratereviews.com\/it\/project-management-online-lista-software\/clickup-recensione\/#breadcrumb","itemListElement":[{"@type":"ListItem","position":1,"name":"Home","item":"https:\/\/www.accuratereviews.com\/it\/"},{"@type":"ListItem","position":2,"name":"Project Management Online","item":"https:\/\/www.accuratereviews.com\/it\/project-management-online-lista-software\/"},{"@type":"ListItem","position":3,"name":"ClickUp"}]},{"@type":"WebSite","@id":"https:\/\/www.accuratereviews.com\/it\/#website","url":"https:\/\/www.accuratereviews.com\/it\/","name":"Accurate Reviews","description":"","potentialAction":[{"@type":"SearchAction","target":{"@type":"EntryPoint","urlTemplate":"https:\/\/www.accuratereviews.com\/it\/?s={search_term_string}"},"query-input":{"@type":"PropertyValueSpecification","valueRequired":true,"valueName":"search_term_string"}}],"inLanguage":"it-IT"}]}},"_links":{"self":[{"href":"https:\/\/www.accuratereviews.com\/it\/wp-json\/wp\/v2\/pages\/18479","targetHints":{"allow":["GET"]}}],"collection":[{"href":"https:\/\/www.accuratereviews.com\/it\/wp-json\/wp\/v2\/pages"}],"about":[{"href":"https:\/\/www.accuratereviews.com\/it\/wp-json\/wp\/v2\/types\/page"}],"author":[{"embeddable":true,"href":"https:\/\/www.accuratereviews.com\/it\/wp-json\/wp\/v2\/users\/19"}],"replies":[{"embeddable":true,"href":"https:\/\/www.accuratereviews.com\/it\/wp-json\/wp\/v2\/comments?post=18479"}],"version-history":[{"count":11,"href":"https:\/\/www.accuratereviews.com\/it\/wp-json\/wp\/v2\/pages\/18479\/revisions"}],"predecessor-version":[{"id":41102,"href":"https:\/\/www.accuratereviews.com\/it\/wp-json\/wp\/v2\/pages\/18479\/revisions\/41102"}],"up":[{"embeddable":true,"href":"https:\/\/www.accuratereviews.com\/it\/wp-json\/wp\/v2\/pages\/8333"}],"wp:featuredmedia":[{"embeddable":true,"href":"https:\/\/www.accuratereviews.com\/it\/wp-json\/wp\/v2\/media\/18480"}],"wp:attachment":[{"href":"https:\/\/www.accuratereviews.com\/it\/wp-json\/wp\/v2\/media?parent=18479"}],"wp:term":[{"taxonomy":"category","embeddable":true,"href":"https:\/\/www.accuratereviews.com\/it\/wp-json\/wp\/v2\/categories?post=18479"},{"taxonomy":"post_tag","embeddable":true,"href":"https:\/\/www.accuratereviews.com\/it\/wp-json\/wp\/v2\/tags?post=18479"},{"taxonomy":"features","embeddable":true,"href":"https:\/\/www.accuratereviews.com\/it\/wp-json\/wp\/v2\/features?post=18479"}],"curies":[{"name":"wp","href":"https:\/\/api.w.org\/{rel}","templated":true}]}}