{"id":18491,"date":"2019-09-24T15:14:26","date_gmt":"2019-09-24T15:14:26","guid":{"rendered":"https:\/\/www.accuratereviews.com\/?page_id=18491"},"modified":"2021-04-27T06:43:24","modified_gmt":"2021-04-27T06:43:24","slug":"buildertrend-recensione","status":"publish","type":"page","link":"https:\/\/www.accuratereviews.com\/it\/project-management-online-lista-software\/buildertrend-recensione\/","title":{"rendered":"Buildertrend"},"content":{"rendered":"<p><strong>Buildertrend<\/strong> \u00e8 un <strong>software di gestione di progetti<\/strong>\u00a0utilizzato da professionisti dell&#8217;edilizia come costruttori di case, appaltatori specializzati e ristrutturatori. Offre alle imprese una soluzione <strong>basata su cloud<\/strong> per consentire loro di acquisire pi\u00f9 progetti, ridurre al minimo gli errori costosi e accelerare il completamento del progetto per la soddisfazione del cliente.\u00a0Dal momento che \u00e8 accessibile sul tuo smartphone, puoi continuare a lavorare in qualsiasi momento in qualsiasi posizione utilizzando l&#8217;accesso dall&#8217;applicazione mobile.\u00a0<strong>Buildertrend<\/strong> gestisce anche la situazione finanziaria dalla pianificazione e nell&#8217;elaborazione di richieste di pagamento, costi di lavoro, gestione degli ordini di acquisto, e molto altro ancora. Puoi gestire le recensioni dei clienti sul tuo sito, inviare e analizzare sondaggi e ottimizzare la comunicazione per sfruttare l&#8217;opinione dei tuoi cliente. Con il suo strumento di<strong> gestione dei lead,<\/strong> gli utenti sono in grado di creare e monitorare i lead e convertirli in progetti. Fare proposte e offerte \u00e8 un gioco da ragazzi in quanto puoi facilmente fare riferimento a dati storici per stime accurate. L&#8217;invio di documenti \u00e8 facile e veloce.<\/p>\n<h2>BUILDERTREND &#8211; TUTORIAL<\/h2>\n<p>Ecco un tutorial per vedere le principali funzioni di questo software di project management e come utilizzarlo al meglio:<\/p>\n<div id=\"fluid-wrapper-counter-1\" class=\"g1-fluid-wrapper \" style=\"width:686px;\">\n<div style=\"padding-bottom:56.268221574344%;\"><iframe loading=\"lazy\" title=\"How I use Buildertrend for my Construction Company\" width=\"686\" height=\"386\" src=\"https:\/\/www.youtube.com\/embed\/lF001-GOKfc?feature=oembed&amp;wmode=transparent&amp;autohide=1&amp;autoplay=0&amp;disablekb=0&amp;fs=1&amp;loop=0&amp;enablejsapi=1&amp;rel=0&amp;controls=2&amp;showinfo=0&amp;wmode=transparent&amp;autohide=2&amp;autoplay=0&amp;disablekb=0&amp;fs=1&amp;loop=0&amp;enablejsapi=1&amp;rel=0&amp;controls=2&amp;showinfo=1\" frameborder=\"0\" allow=\"accelerometer; autoplay; clipboard-write; encrypted-media; gyroscope; picture-in-picture\" allowfullscreen><\/iframe><\/div>\n<\/div>\n<h3>BUILDERTREND &#8211; CARATTERISTICHE<\/h3>\n<ul>\n<li><strong>Archiviazione e backup basati su cloud:<\/strong> l&#8217;implementazione basata su cloud offre spazio di archiviazione e la possibilit\u00e0 di recuperare pi\u00f9 versioni di documenti e modelli dal cloud<\/li>\n<li><strong>Facile integrazione<\/strong>: consente l&#8217;integrazione con Quickbooks e Xero per esigenze di contabilit\u00e0. I pagamenti online consentono le opzioni Paypal e WePay fornendo al contempo l&#8217;integrazione con i social media con Twitter, Facebook e Pinterest<\/li>\n<li><strong>Funzioni di mark-up<\/strong>: contrassegnare facilmente i piani tramite strumenti mobili mentre si \u00e8 in cantiere. Archivia le versioni iterative dei piani per un facile accesso alle versioni precedenti con spazio di archiviazione illimitato<\/li>\n<li><strong>Stima rapida<\/strong>: inserisci una volta le informazioni sulla stima e consenti al programma di portarle attraverso l&#8217;intero progetto creando dei preventivi accurati ed esatti<\/li>\n<li><strong>Visibilit\u00e0 dei dati<\/strong>: le funzionalit\u00e0 di registro e report giornalieri consentono ai dati di fluire liberamente in tutto il progetto, consentendo ai responsabili della costruzione di vedere i progressi dei lavori.<\/li>\n<\/ul>\n<h4>LE RECENSIONI DEGLI UTENTI<\/h4>\n<h4>Stephanie G. &#8220;Ottimo software personalizzabile&#8221;<\/h4>\n<p><strong>Commenti<\/strong>: Prima di Buildertrend, dovevamo utilizzare tre programmi per gestire i nostri lavori e gli ordini di acquisto, ora utilizziamo solo Buildertrend. Stiamo risparmiando tempo e siamo in grado di tenere tutto in un unico posto!<\/p>\n<p><strong>Vantaggi<\/strong>: adoro che la tendenza dei costruttori sia cos\u00ec personalizzabile. Il software \u00e8 stato in grado di essere personalizzato per le nostre esigenze specifiche, mentre molti degli altri programmi che abbiamo esaminato non lo erano. La funzione dell&#8217;ordine d&#8217;acquisto ci ha permesso di semplificare e ridurre i tempi di elaborazione delle spese. L&#8217;app funziona bene per le nostre operazioni sul campo e rappresentanti di vendita. Le persone di supporto tecnico e chat online sono molto utili per rispondere rapidamente alle domande.<\/p>\n<p><strong>Inconvenienti<\/strong>: anche se \u00e8 raro, a volte lottiamo con le connessioni Internet nelle zone rurali e il software non ha una modalit\u00e0 offline. Non mi piace la funzione di pagamento in quanto non \u00e8 possibile registrare un pagamento da solo, lo si fa all&#8217;interno della fattura e sebbene sia possibile ricevere pagamenti parziali, non \u00e8 possibile registrare pi\u00f9 assegni nella casella di pagamento.<\/p>\n<h4>Simon W. &#8220;Piattaforma versatile&#8221;<\/h4>\n<p><strong>Commenti<\/strong>: Abbiamo usato Buildertrend per oltre 5 anni. Siamo cresciuti con loro e loro con noi. \u00c8 bello poter fornire un feedback che viene preso in considerazione e spesso implementato.<\/p>\n<p><strong>Vantaggi<\/strong>: ottima interfaccia per i clienti. Buon supporto da Buildertrend. Sistema basato su cloud ben integrato. Miglioramento continuo basato sul feedback degli utenti.<\/p>\n<p><strong>Inconvenienti<\/strong>: la pianificazione ha molte funzionalit\u00e0 integrate che rallentano il sistema. La societ\u00e0 \u00e8 cresciuta e la cura del cliente sta iniziando a slittare, ma hanno risolto la maggior parte dei piccoli problemi. Hanno sede negli Stati Uniti e operiamo fuori dal Canada, le leggi fiscali sono diverse per le quali abbiamo dovuto creare soluzioni alternative per gli acquisti.<\/p>\n<h4>Wasay M. &#8220;Uno strumento di lavoro perfetto.&#8221;<\/h4>\n<p><strong>Commenti:<\/strong> Buildertrend \u00e8 parte integrante della nostra azienda, aiuta nelle nostre operazioni aziendali dalla fase principale alle vendite e da l\u00ec in poi alle fasi di installazione e raccolta con un track record di ogni singolo giorno.<\/p>\n<p><strong>Vantaggi<\/strong>: &#8211; Possiamo caricare tutti i documenti, le foto e i video relativi al progetto nella cartella del cliente.\u00a0&#8211; Siamo in grado di aggiornare i registri giornalieri, il che aiuta i membri del team a essere su una pagina.\u00a0&#8211; To-Dos ci aiuta molto a completare il nostro compito in tempo.\u00a0&#8211; La sezione del programma aiuta molto a tenere traccia dei progetti.\u00a0&#8211; Siamo in grado di inviare messaggi ai nostri clienti e anche altri membri del team possono visualizzarli utilizzando la scheda globale.\u00a0&#8211; Nella scheda finanziaria, ci offre varie categorie che aiutano molto il nostro team finanziario.<\/p>\n<p><strong>Inconvenienti:<\/strong> &#8211; Ci vuole tempo durante il caricamento.\u00a0&#8211; I registri giornalieri possono essere modificati da qualsiasi membro del team senza cronologia delle modifiche.<\/p>\n<p>&nbsp;<\/p>\n","protected":false},"excerpt":{"rendered":"<p>Buildertrend \u00e8 un software di gestione di progetti\u00a0utilizzato da professionisti dell&#8217;edilizia come costruttori di case, appaltatori specializzati e ristrutturatori. Offre alle imprese una soluzione basata su cloud per consentire loro di acquisire pi\u00f9 progetti, ridurre al minimo gli errori costosi e accelerare il completamento del progetto per la soddisfazione del cliente.\u00a0<\/p>\n","protected":false},"author":19,"featured_media":18493,"parent":8333,"menu_order":0,"comment_status":"open","ping_status":"closed","template":"g1_template_page_review_new.php","meta":{"_acf_changed":false,"cwp_meta_box_check":"Yes","cwp_rev_product_name":"","cwp_rev_product_image":"","wppr_links":[],"cwp_rev_price":"","wppr_options":[],"wppr_pros":[],"wppr_cons":[],"_monsterinsights_skip_tracking":false,"_monsterinsights_sitenote_active":false,"_monsterinsights_sitenote_note":"","_monsterinsights_sitenote_category":0,"footnotes":""},"categories":[172],"tags":[1323,1324,1310,1309],"features":[],"class_list":{"0":"post-18491","1":"page","2":"type-page","3":"status-publish","4":"has-post-thumbnail","6":"category-online-project-management-it","7":"tag-buildertrend","8":"tag-gestione-dei-progetti","9":"tag-programma-project-management","10":"tag-software-project-management"},"wppr_data":{"cwp_meta_box_check":"Yes","cwp_rev_product_name":"","cwp_rev_product_image":"","cwp_image_link":"image","cwp_rev_price":"","wppr_rating":"0.00"},"acf":[],"yoast_head":"<!-- This site is optimized with the Yoast SEO plugin v27.4 - https:\/\/yoast.com\/product\/yoast-seo-wordpress\/ -->\n<title>Buildertrend: recensione software project management - Accurate Reviews<\/title>\n<meta name=\"description\" content=\"Buildertrend: recensione software di gestione di progetti\u00a0utilizzato da professionisti dell&#039;edilizia come costruttori di case.\" \/>\n<meta name=\"robots\" content=\"index, follow, max-snippet:-1, max-image-preview:large, max-video-preview:-1\" \/>\n<link rel=\"canonical\" href=\"https:\/\/www.accuratereviews.com\/it\/project-management-online-lista-software\/buildertrend-recensione\/\" \/>\n<meta property=\"og:locale\" content=\"it_IT\" \/>\n<meta property=\"og:type\" content=\"article\" \/>\n<meta property=\"og:title\" content=\"Buildertrend: recensione software project management - Accurate Reviews\" \/>\n<meta property=\"og:description\" content=\"Buildertrend: recensione software di gestione di progetti\u00a0utilizzato da professionisti dell&#039;edilizia come costruttori di case.\" \/>\n<meta property=\"og:url\" content=\"https:\/\/www.accuratereviews.com\/it\/project-management-online-lista-software\/buildertrend-recensione\/\" \/>\n<meta property=\"og:site_name\" content=\"Accurate Reviews\" \/>\n<meta property=\"article:modified_time\" content=\"2021-04-27T06:43:24+00:00\" \/>\n<meta property=\"og:image\" content=\"https:\/\/www.accuratereviews.com\/wp-content\/uploads\/2019\/09\/Buildertrend.png\" \/>\n\t<meta property=\"og:image:width\" content=\"1255\" \/>\n\t<meta property=\"og:image:height\" content=\"785\" \/>\n\t<meta property=\"og:image:type\" content=\"image\/png\" \/>\n<meta name=\"twitter:card\" content=\"summary_large_image\" \/>\n<meta name=\"twitter:label1\" content=\"Tempo di lettura stimato\" \/>\n\t<meta name=\"twitter:data1\" content=\"4 minuti\" \/>\n<script type=\"application\/ld+json\" class=\"yoast-schema-graph\">{\"@context\":\"https:\\\/\\\/schema.org\",\"@graph\":[{\"@type\":\"WebPage\",\"@id\":\"https:\\\/\\\/www.accuratereviews.com\\\/it\\\/project-management-online-lista-software\\\/buildertrend-recensione\\\/\",\"url\":\"https:\\\/\\\/www.accuratereviews.com\\\/it\\\/project-management-online-lista-software\\\/buildertrend-recensione\\\/\",\"name\":\"Buildertrend: recensione software project management - Accurate Reviews\",\"isPartOf\":{\"@id\":\"https:\\\/\\\/www.accuratereviews.com\\\/it\\\/#website\"},\"primaryImageOfPage\":{\"@id\":\"https:\\\/\\\/www.accuratereviews.com\\\/it\\\/project-management-online-lista-software\\\/buildertrend-recensione\\\/#primaryimage\"},\"image\":{\"@id\":\"https:\\\/\\\/www.accuratereviews.com\\\/it\\\/project-management-online-lista-software\\\/buildertrend-recensione\\\/#primaryimage\"},\"thumbnailUrl\":\"https:\\\/\\\/www.accuratereviews.com\\\/wp-content\\\/uploads\\\/2019\\\/09\\\/Buildertrend.png\",\"datePublished\":\"2019-09-24T15:14:26+00:00\",\"dateModified\":\"2021-04-27T06:43:24+00:00\",\"description\":\"Buildertrend: recensione software di gestione di progetti\u00a0utilizzato da professionisti dell'edilizia come costruttori di case.\",\"breadcrumb\":{\"@id\":\"https:\\\/\\\/www.accuratereviews.com\\\/it\\\/project-management-online-lista-software\\\/buildertrend-recensione\\\/#breadcrumb\"},\"inLanguage\":\"it-IT\",\"potentialAction\":[{\"@type\":\"ReadAction\",\"target\":[\"https:\\\/\\\/www.accuratereviews.com\\\/it\\\/project-management-online-lista-software\\\/buildertrend-recensione\\\/\"]}]},{\"@type\":\"ImageObject\",\"inLanguage\":\"it-IT\",\"@id\":\"https:\\\/\\\/www.accuratereviews.com\\\/it\\\/project-management-online-lista-software\\\/buildertrend-recensione\\\/#primaryimage\",\"url\":\"https:\\\/\\\/www.accuratereviews.com\\\/wp-content\\\/uploads\\\/2019\\\/09\\\/Buildertrend.png\",\"contentUrl\":\"https:\\\/\\\/www.accuratereviews.com\\\/wp-content\\\/uploads\\\/2019\\\/09\\\/Buildertrend.png\",\"width\":1255,\"height\":785},{\"@type\":\"BreadcrumbList\",\"@id\":\"https:\\\/\\\/www.accuratereviews.com\\\/it\\\/project-management-online-lista-software\\\/buildertrend-recensione\\\/#breadcrumb\",\"itemListElement\":[{\"@type\":\"ListItem\",\"position\":1,\"name\":\"Home\",\"item\":\"https:\\\/\\\/www.accuratereviews.com\\\/it\\\/\"},{\"@type\":\"ListItem\",\"position\":2,\"name\":\"Project Management Online\",\"item\":\"https:\\\/\\\/www.accuratereviews.com\\\/it\\\/project-management-online-lista-software\\\/\"},{\"@type\":\"ListItem\",\"position\":3,\"name\":\"Buildertrend\"}]},{\"@type\":\"WebSite\",\"@id\":\"https:\\\/\\\/www.accuratereviews.com\\\/it\\\/#website\",\"url\":\"https:\\\/\\\/www.accuratereviews.com\\\/it\\\/\",\"name\":\"Accurate Reviews\",\"description\":\"\",\"potentialAction\":[{\"@type\":\"SearchAction\",\"target\":{\"@type\":\"EntryPoint\",\"urlTemplate\":\"https:\\\/\\\/www.accuratereviews.com\\\/it\\\/?s={search_term_string}\"},\"query-input\":{\"@type\":\"PropertyValueSpecification\",\"valueRequired\":true,\"valueName\":\"search_term_string\"}}],\"inLanguage\":\"it-IT\"}]}<\/script>\n<!-- \/ Yoast SEO plugin. -->","yoast_head_json":{"title":"Buildertrend: recensione software project management - Accurate Reviews","description":"Buildertrend: recensione software di gestione di progetti\u00a0utilizzato da professionisti dell'edilizia come costruttori di case.","robots":{"index":"index","follow":"follow","max-snippet":"max-snippet:-1","max-image-preview":"max-image-preview:large","max-video-preview":"max-video-preview:-1"},"canonical":"https:\/\/www.accuratereviews.com\/it\/project-management-online-lista-software\/buildertrend-recensione\/","og_locale":"it_IT","og_type":"article","og_title":"Buildertrend: recensione software project management - Accurate Reviews","og_description":"Buildertrend: recensione software di gestione di progetti\u00a0utilizzato da professionisti dell'edilizia come costruttori di case.","og_url":"https:\/\/www.accuratereviews.com\/it\/project-management-online-lista-software\/buildertrend-recensione\/","og_site_name":"Accurate Reviews","article_modified_time":"2021-04-27T06:43:24+00:00","og_image":[{"width":1255,"height":785,"url":"https:\/\/www.accuratereviews.com\/wp-content\/uploads\/2019\/09\/Buildertrend.png","type":"image\/png"}],"twitter_card":"summary_large_image","twitter_misc":{"Tempo di lettura stimato":"4 minuti"},"schema":{"@context":"https:\/\/schema.org","@graph":[{"@type":"WebPage","@id":"https:\/\/www.accuratereviews.com\/it\/project-management-online-lista-software\/buildertrend-recensione\/","url":"https:\/\/www.accuratereviews.com\/it\/project-management-online-lista-software\/buildertrend-recensione\/","name":"Buildertrend: recensione software project management - Accurate Reviews","isPartOf":{"@id":"https:\/\/www.accuratereviews.com\/it\/#website"},"primaryImageOfPage":{"@id":"https:\/\/www.accuratereviews.com\/it\/project-management-online-lista-software\/buildertrend-recensione\/#primaryimage"},"image":{"@id":"https:\/\/www.accuratereviews.com\/it\/project-management-online-lista-software\/buildertrend-recensione\/#primaryimage"},"thumbnailUrl":"https:\/\/www.accuratereviews.com\/wp-content\/uploads\/2019\/09\/Buildertrend.png","datePublished":"2019-09-24T15:14:26+00:00","dateModified":"2021-04-27T06:43:24+00:00","description":"Buildertrend: recensione software di gestione di progetti\u00a0utilizzato da professionisti dell'edilizia come costruttori di case.","breadcrumb":{"@id":"https:\/\/www.accuratereviews.com\/it\/project-management-online-lista-software\/buildertrend-recensione\/#breadcrumb"},"inLanguage":"it-IT","potentialAction":[{"@type":"ReadAction","target":["https:\/\/www.accuratereviews.com\/it\/project-management-online-lista-software\/buildertrend-recensione\/"]}]},{"@type":"ImageObject","inLanguage":"it-IT","@id":"https:\/\/www.accuratereviews.com\/it\/project-management-online-lista-software\/buildertrend-recensione\/#primaryimage","url":"https:\/\/www.accuratereviews.com\/wp-content\/uploads\/2019\/09\/Buildertrend.png","contentUrl":"https:\/\/www.accuratereviews.com\/wp-content\/uploads\/2019\/09\/Buildertrend.png","width":1255,"height":785},{"@type":"BreadcrumbList","@id":"https:\/\/www.accuratereviews.com\/it\/project-management-online-lista-software\/buildertrend-recensione\/#breadcrumb","itemListElement":[{"@type":"ListItem","position":1,"name":"Home","item":"https:\/\/www.accuratereviews.com\/it\/"},{"@type":"ListItem","position":2,"name":"Project Management Online","item":"https:\/\/www.accuratereviews.com\/it\/project-management-online-lista-software\/"},{"@type":"ListItem","position":3,"name":"Buildertrend"}]},{"@type":"WebSite","@id":"https:\/\/www.accuratereviews.com\/it\/#website","url":"https:\/\/www.accuratereviews.com\/it\/","name":"Accurate Reviews","description":"","potentialAction":[{"@type":"SearchAction","target":{"@type":"EntryPoint","urlTemplate":"https:\/\/www.accuratereviews.com\/it\/?s={search_term_string}"},"query-input":{"@type":"PropertyValueSpecification","valueRequired":true,"valueName":"search_term_string"}}],"inLanguage":"it-IT"}]}},"_links":{"self":[{"href":"https:\/\/www.accuratereviews.com\/it\/wp-json\/wp\/v2\/pages\/18491","targetHints":{"allow":["GET"]}}],"collection":[{"href":"https:\/\/www.accuratereviews.com\/it\/wp-json\/wp\/v2\/pages"}],"about":[{"href":"https:\/\/www.accuratereviews.com\/it\/wp-json\/wp\/v2\/types\/page"}],"author":[{"embeddable":true,"href":"https:\/\/www.accuratereviews.com\/it\/wp-json\/wp\/v2\/users\/19"}],"replies":[{"embeddable":true,"href":"https:\/\/www.accuratereviews.com\/it\/wp-json\/wp\/v2\/comments?post=18491"}],"version-history":[{"count":10,"href":"https:\/\/www.accuratereviews.com\/it\/wp-json\/wp\/v2\/pages\/18491\/revisions"}],"predecessor-version":[{"id":41101,"href":"https:\/\/www.accuratereviews.com\/it\/wp-json\/wp\/v2\/pages\/18491\/revisions\/41101"}],"up":[{"embeddable":true,"href":"https:\/\/www.accuratereviews.com\/it\/wp-json\/wp\/v2\/pages\/8333"}],"wp:featuredmedia":[{"embeddable":true,"href":"https:\/\/www.accuratereviews.com\/it\/wp-json\/wp\/v2\/media\/18493"}],"wp:attachment":[{"href":"https:\/\/www.accuratereviews.com\/it\/wp-json\/wp\/v2\/media?parent=18491"}],"wp:term":[{"taxonomy":"category","embeddable":true,"href":"https:\/\/www.accuratereviews.com\/it\/wp-json\/wp\/v2\/categories?post=18491"},{"taxonomy":"post_tag","embeddable":true,"href":"https:\/\/www.accuratereviews.com\/it\/wp-json\/wp\/v2\/tags?post=18491"},{"taxonomy":"features","embeddable":true,"href":"https:\/\/www.accuratereviews.com\/it\/wp-json\/wp\/v2\/features?post=18491"}],"curies":[{"name":"wp","href":"https:\/\/api.w.org\/{rel}","templated":true}]}}