{"id":18518,"date":"2019-09-25T14:23:53","date_gmt":"2019-09-25T14:23:53","guid":{"rendered":"https:\/\/www.accuratereviews.com\/?page_id=18518"},"modified":"2021-04-27T06:41:56","modified_gmt":"2021-04-27T06:41:56","slug":"smartsheet-recensione","status":"publish","type":"page","link":"https:\/\/www.accuratereviews.com\/it\/project-management-online-lista-software\/smartsheet-recensione\/","title":{"rendered":"Smartsheet"},"content":{"rendered":"<p><strong>Smartsheet<\/strong> \u00e8 uno strumento di collaborazione basato sul <strong>cloud<\/strong> per la <strong>gestione dei progetti<\/strong>, la pianificazione delle attivit\u00e0 del team, il crowdfunding, le esigenze di tracciamento della pipeline di vendita e altro ancora.\u00a0Come soluzione di collaborazione aziendale leader per le aziende, il programma offre alle aziende un modo innovativo di collaborare a progetti e processi. Accessibile da qualsiasi browser e dispositivo, Smartsheet combina in modo efficace la facilit\u00e0 d&#8217;uso di un foglio di calcolo con la gestione della sequenza temporale visiva, la condivisione di file e le funzionalit\u00e0 automatizzate del flusso di lavoro. \u00c8 inoltre integrato con i migliori servizi web tra cui Google Apps, Box e Salesforce.\u00a0Ridefinisce il modo in cui i team collaborano a progetti e attivit\u00e0 come la gestione delle operazioni, il monitoraggio delle campagne di marketing e la pianificazione di eventi. La sua interfaccia intuitiva e facile da usare, unita ai diagrammi di Gantt, alla condivisione dei file e alle funzioni di automazione del lavoro hanno aiutato questo strumento a diventare rapidamente un&#8217;app fondamentale per le aziende.<\/p>\n<h2>SMARTSHEET &#8211; TUTORIAL<\/h2>\n<p>Questo video tutorial spiega le principali caratteristiche di questo <strong>Project Management Software<\/strong>:<\/p>\n<div id=\"fluid-wrapper-counter-1\" class=\"g1-fluid-wrapper \" style=\"width:686px;\">\n<div style=\"padding-bottom:56.268221574344%;\"><iframe loading=\"lazy\" title=\"Panoramica di Smartsheet\" width=\"686\" height=\"386\" src=\"https:\/\/www.youtube.com\/embed\/ebvO9pkuGeI?feature=oembed&amp;wmode=transparent&amp;autohide=1&amp;autoplay=0&amp;disablekb=0&amp;fs=1&amp;loop=0&amp;enablejsapi=1&amp;rel=0&amp;controls=2&amp;showinfo=0&amp;wmode=transparent&amp;autohide=2&amp;autoplay=0&amp;disablekb=0&amp;fs=1&amp;loop=0&amp;enablejsapi=1&amp;rel=0&amp;controls=2&amp;showinfo=1\" frameborder=\"0\" allow=\"accelerometer; autoplay; clipboard-write; encrypted-media; gyroscope; picture-in-picture\" allowfullscreen><\/iframe><\/div>\n<\/div>\n<h3>SMARTSHEET &#8211; CARATTERISTICHE<\/h3>\n<ul>\n<li><strong>Collaborazione<\/strong>: che si tratti di collaborare in un&#8217;attivit\u00e0 specifica o di condividere il lavoro con i compagni di squadra, Smartsheet semplifica la presenza di tutti i file, le note e le informazioni sul progetto associati in un&#8217;unica posizione centralizzata. Tutte le informazioni condivise con altri sono accessibili da tutti i browser, dispositivi e sistemi operativi, rendendo la collaborazione semplice ed efficiente.<\/li>\n<li><strong>Condivisione dei file<\/strong>: la condivisione di documenti importanti \u00e8 semplificata salvando i file all&#8217;interno di un progetto per un accesso rapido. I team possono allegare documenti, PDF, presentazioni e file di immagine.<\/li>\n<li><strong>Avvisi e promemoria<\/strong>: l&#8217;automazione degli avvisi per le attivit\u00e0 imminenti e l&#8217;avvicinarsi delle scadenze rende facile per i membri del team tenere traccia di tutte le scadenze. Ricevi notifiche sulle scadenze imminenti, lavori completati da altri membri del team e modifiche ai fogli in modo che non ci siano sorprese. Ci\u00f2 non solo mantiene tutti in attivit\u00e0, ma aiuta anche a semplificare e semplificare il processo di lavoro.<\/li>\n<li><strong>Mobilit\u00e0<\/strong>: aumenta la produttivit\u00e0 creando progetti, modificando attivit\u00e0 e collaborando con i membri del team su qualsiasi dispositivo con un segnale Internet. Gli utenti sono in grado di aggiungere istantaneamente file, visualizzare allegati e intervenire sulle notifiche, sempre e ovunque, il che consente a tutti di rimanere informati sugli stati del progetto.<\/li>\n<li><strong>Rapporti<\/strong>: esegui rapporti che mostrano quali attivit\u00e0 sono in scadenza, quali sono a rischio di ritardo rispetto alle attivit\u00e0, quali attivit\u00e0 devono essere assegnate e altro ancora. La funzione di segnalazione di Smartsheet consente di accedere rapidamente a informazioni utili su tutti i fogli di progetto. La funzione di segnalazione di Smartsheet pu\u00f2 anche risparmiare tempo ed energia preparando le riunioni creando e inviando automaticamente rapporti regolarmente.<\/li>\n<\/ul>\n<h3>LE RECENSIONI DEGLI UTENTI<\/h3>\n<h4>Nathan S. &#8220;SmartSheet: un approccio diverso agli strumenti di gestione dei progetti&#8221;<\/h4>\n<p><strong>Commenti<\/strong>: La gestione dei progetti \u00e8 una parte molto importante di qualsiasi operazione commerciale e, come tale, \u00e8 importante esplorare le opzioni. Smartsheet ci affascina perch\u00e9 abbiamo un forte background con Microsoft Excel e adottarlo \u00e8 stato facile. Il nostro obiettivo \u00e8 trovare una soluzione di gestione del progetto che funzioni per i nostri team e garantire che la utilizzino effettivamente. Mentre ognuno ha le proprie preferenze personali, SmartSheet \u00e8 stato il migliore in quanto molti dei nostri team utilizzano gi\u00e0 ampiamente Excel.<\/p>\n<p><strong>Vantaggi<\/strong>: SmartSheet \u00e8 un ottimo strumento di gestione dei progetti che ha un&#8217;interfaccia simile a Excel.<br \/>\nPro: 1. Visualizzazioni multiple del progetto &#8211; I project manager apprezzeranno le molteplici opzioni di visualizzazione come Gannt e Kanban, il foglio di calcolo standard e persino una vista del calendario. Molte opzioni per diversi gestori. 2. Se i fogli di calcolo fanno per te, vale la pena provare SmartSheet: se tu e il tuo team utilizzate molto i fogli di calcolo, potreste apprezzare che SmartSheet sia basato su di esso, potete adottare e aggiungere fogli diversi per una variet\u00e0 di progetti. Questo \u00e8 un enorme punto di forza che rende SmartSheet una buona opzione. 3. Gestione delle attivit\u00e0, commenti, collaborazione e gestione del progetto e come menzionato prima delle opzioni di visualizzazione. 4. Puoi aggiungere collaboratori a un progetto gratuitamente &#8211; Una cosa buona \u00e8 che puoi aggiungere pi\u00f9 &#8220;utenti&#8221; per accedere a Smartsheets senza pagare extra. Se hai bisogno di dare loro pi\u00f9 privilegi, ci sono opzioni per configurarli. 5. Il supporto per Smartsheet \u00e8 stellare: esiste una fiorente comunit\u00e0 di utenti \u00a0guide e video se ti trovi bloccato e non sei sicuro di cosa fare. 6. Smartsheet si integra bene anche con Microsoft Office 365.<\/p>\n<p><strong>Inconvenienti<\/strong>: non c&#8217;\u00e8 molto da lamentarsi su SmartSheets se non in alcune occasioni, l&#8217;app pu\u00f2 essere in ritardo o subire un errori. Esiste una limitazione con l&#8217;esportazione di report. Se si desidera visualizzare i dati in modo visivo, potrebbe essere necessario estrarre manualmente i dati e quindi aggiungerli in un&#8217;altra applicazione. Se la funzione dei rapporti potesse essere migliorata e forse esportata in un formato utilizzabile, sarebbe un meraviglioso.<\/p>\n<h4>Erich S. &#8220;Un ibrido funzionale di software di gestione dei progetti ed eccellenza&#8221;<\/h4>\n<p><strong>Vantaggi<\/strong>: Smartsheet \u00e8 fantastico se sei un project manager o qualcuno che tiene traccia delle cose in modo collaborativo.<br \/>\nLo uso quotidianamente per tenere traccia dei progetti. \u00c8 simile ai fogli di Google, ma ha molte pi\u00f9 funzionalit\u00e0 con una miscela unica di strumenti per la gestione del progetti. \u00c8 facile e intuitivo una volta capito, e doppiamente se sei abituato a utilizzare fogli di Google. Anche se i tuoi compagni di squadra non dispongono di licenze, puoi invitarli \u00a0e collaborare con il tuo progetto, aggiungere commenti, allegati e persino avvisi.<br \/>\nCome tracker, lo uso per tenere traccia dei nuovi assunti. Alleghiamo i nuovi documenti a noleggio al foglio di smartsheet (invece di inviare per email documenti sensibili) e altri membri delle risorse umane possono entrare e guardare e progredire, spuntare quando fanno la loro parte (orientamento ai benefici, entrare nel libro paga ecc.) In modo da poter tenere traccia di dove il dipendente \u00e8 inserito.<\/p>\n<p><strong>Inconvenienti<\/strong>: c&#8217;\u00e8 un po &#8216;di una curva di apprendimento. Quando lo usi per la prima volta, pensi che non ci sia molta differenza nei fogli di google, ma una volta che hai seguito la formazione, vedi esempi e lo usi per un po &#8216;, \u00e8 difficile tornare ai fogli di google perch\u00e9 semplicemente non hai le funzionalit\u00e0 di cui hai bisogno.\u00a0Alcune delle funzionalit\u00e0 dei fogli excel manca, ma stanno apportando miglioramenti alla piattaforma in ogni momento.<\/p>\n<h4>Ashley M. &#8220;Smartsheet \u00e8 uno strumento da sogno per le PM&#8221;<\/h4>\n<p><strong>Vantaggi<\/strong>: da dove comincio? Facevo affidamento su MS Project per gestire i miei progetti, ma lo odiavo. MS Project \u00e8 progettato come un programma unico per tutti i progetti. L&#8217;unico problema \u00e8 che \u00e8 un progetto scadente per risolvere quel problema. MS Project \u00e8 troppo complesso e difficile da usare. \u00c8 ricco di funzionalit\u00e0, certo, ma \u00e8 necessario leggere un manuale per imparare a sfruttare tutte le funzionalit\u00e0. Smartsheet risolve tutti questi problemi, per me. E &#8216;semplice da usare. Se sai come usare Excel, puoi imparare Smartsheet e diventare fluente nella navigazione della sua interfaccia e del prodotto in 1 settimana di uso regolare. Mi affido a Smartsheet ogni giorno per aiutarmi a gestire progetti, budget e tempistiche complessi. Non so cosa farei senza avere pi\u00f9 accesso allo strumento. \u00c8 il mio strumento n. 1 necessario per il periodo di lavoro.<\/p>\n<p><strong>Inconvenienti<\/strong>: L&#8217;unica cosa che non mi piace del programma \u00e8 che \u00e8 associato a un duro lavoro! Detto questo, risolve molte delle mie sfide ed \u00e8 un prodotto fantastico che mi consente di gestire progetti complessi con facilit\u00e0. Non c&#8217;\u00e8 nulla che non mi piaccia veramente delle SS.<\/p>\n","protected":false},"excerpt":{"rendered":"<p>Smartsheet \u00e8 uno strumento di collaborazione basato sul cloud per la gestione dei progetti, la pianificazione delle attivit\u00e0 del team, il crowdfunding, le esigenze di tracciamento della pipeline di vendita e altro ancora.\u00a0Come soluzione di collaborazione aziendale leader per le aziende, il programma offre alle aziende un modo innovativo di collaborare a progetti e processi.<\/p>\n","protected":false},"author":19,"featured_media":18520,"parent":8333,"menu_order":0,"comment_status":"open","ping_status":"closed","template":"g1_template_page_review_new.php","meta":{"_acf_changed":false,"cwp_meta_box_check":"Yes","cwp_rev_product_name":"","cwp_rev_product_image":"","wppr_links":[],"cwp_rev_price":"","wppr_options":[],"wppr_pros":[],"wppr_cons":[],"_monsterinsights_skip_tracking":false,"_monsterinsights_sitenote_active":false,"_monsterinsights_sitenote_note":"","_monsterinsights_sitenote_category":0,"footnotes":""},"categories":[172],"tags":[1310,1325,1309,1326],"features":[],"class_list":{"0":"post-18518","1":"page","2":"type-page","3":"status-publish","4":"has-post-thumbnail","6":"category-online-project-management-it","7":"tag-programma-project-management","8":"tag-smartsheet","9":"tag-software-project-management","10":"tag-soluzione-gestione-dei-progetti"},"wppr_data":{"cwp_meta_box_check":"Yes","cwp_rev_product_name":"","cwp_rev_product_image":"","cwp_image_link":"image","cwp_rev_price":"","wppr_rating":"0.00"},"acf":[],"yoast_head":"<!-- This site is optimized with the Yoast SEO plugin v27.4 - https:\/\/yoast.com\/product\/yoast-seo-wordpress\/ -->\n<title>Smartsheet: software Project Management - Accurate Reviews<\/title>\n<meta name=\"description\" content=\"Smartsheet: recensione strumento di collaborazione basato sul cloud per la gestione dei progetti e la pianificazione delle attivit\u00e0 del team.\" \/>\n<meta name=\"robots\" content=\"index, follow, max-snippet:-1, max-image-preview:large, max-video-preview:-1\" \/>\n<link rel=\"canonical\" href=\"https:\/\/www.accuratereviews.com\/it\/project-management-online-lista-software\/smartsheet-recensione\/\" \/>\n<meta property=\"og:locale\" content=\"it_IT\" \/>\n<meta property=\"og:type\" content=\"article\" \/>\n<meta property=\"og:title\" content=\"Smartsheet: software Project Management - Accurate Reviews\" \/>\n<meta property=\"og:description\" content=\"Smartsheet: recensione strumento di collaborazione basato sul cloud per la gestione dei progetti e la pianificazione delle attivit\u00e0 del team.\" \/>\n<meta property=\"og:url\" content=\"https:\/\/www.accuratereviews.com\/it\/project-management-online-lista-software\/smartsheet-recensione\/\" \/>\n<meta property=\"og:site_name\" content=\"Accurate Reviews\" \/>\n<meta property=\"article:modified_time\" content=\"2021-04-27T06:41:56+00:00\" \/>\n<meta property=\"og:image\" content=\"https:\/\/www.accuratereviews.com\/wp-content\/uploads\/2019\/09\/smartsheet-LOGO.png\" \/>\n\t<meta property=\"og:image:width\" content=\"652\" \/>\n\t<meta property=\"og:image:height\" content=\"500\" \/>\n\t<meta property=\"og:image:type\" content=\"image\/png\" \/>\n<meta name=\"twitter:card\" content=\"summary_large_image\" \/>\n<meta name=\"twitter:label1\" content=\"Tempo di lettura stimato\" \/>\n\t<meta name=\"twitter:data1\" content=\"6 minuti\" \/>\n<script type=\"application\/ld+json\" class=\"yoast-schema-graph\">{\"@context\":\"https:\\\/\\\/schema.org\",\"@graph\":[{\"@type\":\"WebPage\",\"@id\":\"https:\\\/\\\/www.accuratereviews.com\\\/it\\\/project-management-online-lista-software\\\/smartsheet-recensione\\\/\",\"url\":\"https:\\\/\\\/www.accuratereviews.com\\\/it\\\/project-management-online-lista-software\\\/smartsheet-recensione\\\/\",\"name\":\"Smartsheet: software Project Management - Accurate Reviews\",\"isPartOf\":{\"@id\":\"https:\\\/\\\/www.accuratereviews.com\\\/it\\\/#website\"},\"primaryImageOfPage\":{\"@id\":\"https:\\\/\\\/www.accuratereviews.com\\\/it\\\/project-management-online-lista-software\\\/smartsheet-recensione\\\/#primaryimage\"},\"image\":{\"@id\":\"https:\\\/\\\/www.accuratereviews.com\\\/it\\\/project-management-online-lista-software\\\/smartsheet-recensione\\\/#primaryimage\"},\"thumbnailUrl\":\"https:\\\/\\\/www.accuratereviews.com\\\/wp-content\\\/uploads\\\/2019\\\/09\\\/smartsheet-LOGO.png\",\"datePublished\":\"2019-09-25T14:23:53+00:00\",\"dateModified\":\"2021-04-27T06:41:56+00:00\",\"description\":\"Smartsheet: recensione strumento di collaborazione basato sul cloud per la gestione dei progetti e la pianificazione delle attivit\u00e0 del team.\",\"breadcrumb\":{\"@id\":\"https:\\\/\\\/www.accuratereviews.com\\\/it\\\/project-management-online-lista-software\\\/smartsheet-recensione\\\/#breadcrumb\"},\"inLanguage\":\"it-IT\",\"potentialAction\":[{\"@type\":\"ReadAction\",\"target\":[\"https:\\\/\\\/www.accuratereviews.com\\\/it\\\/project-management-online-lista-software\\\/smartsheet-recensione\\\/\"]}]},{\"@type\":\"ImageObject\",\"inLanguage\":\"it-IT\",\"@id\":\"https:\\\/\\\/www.accuratereviews.com\\\/it\\\/project-management-online-lista-software\\\/smartsheet-recensione\\\/#primaryimage\",\"url\":\"https:\\\/\\\/www.accuratereviews.com\\\/wp-content\\\/uploads\\\/2019\\\/09\\\/smartsheet-LOGO.png\",\"contentUrl\":\"https:\\\/\\\/www.accuratereviews.com\\\/wp-content\\\/uploads\\\/2019\\\/09\\\/smartsheet-LOGO.png\",\"width\":652,\"height\":500},{\"@type\":\"BreadcrumbList\",\"@id\":\"https:\\\/\\\/www.accuratereviews.com\\\/it\\\/project-management-online-lista-software\\\/smartsheet-recensione\\\/#breadcrumb\",\"itemListElement\":[{\"@type\":\"ListItem\",\"position\":1,\"name\":\"Home\",\"item\":\"https:\\\/\\\/www.accuratereviews.com\\\/it\\\/\"},{\"@type\":\"ListItem\",\"position\":2,\"name\":\"Project Management Online\",\"item\":\"https:\\\/\\\/www.accuratereviews.com\\\/it\\\/project-management-online-lista-software\\\/\"},{\"@type\":\"ListItem\",\"position\":3,\"name\":\"Smartsheet\"}]},{\"@type\":\"WebSite\",\"@id\":\"https:\\\/\\\/www.accuratereviews.com\\\/it\\\/#website\",\"url\":\"https:\\\/\\\/www.accuratereviews.com\\\/it\\\/\",\"name\":\"Accurate Reviews\",\"description\":\"\",\"potentialAction\":[{\"@type\":\"SearchAction\",\"target\":{\"@type\":\"EntryPoint\",\"urlTemplate\":\"https:\\\/\\\/www.accuratereviews.com\\\/it\\\/?s={search_term_string}\"},\"query-input\":{\"@type\":\"PropertyValueSpecification\",\"valueRequired\":true,\"valueName\":\"search_term_string\"}}],\"inLanguage\":\"it-IT\"}]}<\/script>\n<!-- \/ Yoast SEO plugin. -->","yoast_head_json":{"title":"Smartsheet: software Project Management - Accurate Reviews","description":"Smartsheet: recensione strumento di collaborazione basato sul cloud per la gestione dei progetti e la pianificazione delle attivit\u00e0 del team.","robots":{"index":"index","follow":"follow","max-snippet":"max-snippet:-1","max-image-preview":"max-image-preview:large","max-video-preview":"max-video-preview:-1"},"canonical":"https:\/\/www.accuratereviews.com\/it\/project-management-online-lista-software\/smartsheet-recensione\/","og_locale":"it_IT","og_type":"article","og_title":"Smartsheet: software Project Management - Accurate Reviews","og_description":"Smartsheet: recensione strumento di collaborazione basato sul cloud per la gestione dei progetti e la pianificazione delle attivit\u00e0 del team.","og_url":"https:\/\/www.accuratereviews.com\/it\/project-management-online-lista-software\/smartsheet-recensione\/","og_site_name":"Accurate Reviews","article_modified_time":"2021-04-27T06:41:56+00:00","og_image":[{"width":652,"height":500,"url":"https:\/\/www.accuratereviews.com\/wp-content\/uploads\/2019\/09\/smartsheet-LOGO.png","type":"image\/png"}],"twitter_card":"summary_large_image","twitter_misc":{"Tempo di lettura stimato":"6 minuti"},"schema":{"@context":"https:\/\/schema.org","@graph":[{"@type":"WebPage","@id":"https:\/\/www.accuratereviews.com\/it\/project-management-online-lista-software\/smartsheet-recensione\/","url":"https:\/\/www.accuratereviews.com\/it\/project-management-online-lista-software\/smartsheet-recensione\/","name":"Smartsheet: software Project Management - Accurate Reviews","isPartOf":{"@id":"https:\/\/www.accuratereviews.com\/it\/#website"},"primaryImageOfPage":{"@id":"https:\/\/www.accuratereviews.com\/it\/project-management-online-lista-software\/smartsheet-recensione\/#primaryimage"},"image":{"@id":"https:\/\/www.accuratereviews.com\/it\/project-management-online-lista-software\/smartsheet-recensione\/#primaryimage"},"thumbnailUrl":"https:\/\/www.accuratereviews.com\/wp-content\/uploads\/2019\/09\/smartsheet-LOGO.png","datePublished":"2019-09-25T14:23:53+00:00","dateModified":"2021-04-27T06:41:56+00:00","description":"Smartsheet: recensione strumento di collaborazione basato sul cloud per la gestione dei progetti e la pianificazione delle attivit\u00e0 del team.","breadcrumb":{"@id":"https:\/\/www.accuratereviews.com\/it\/project-management-online-lista-software\/smartsheet-recensione\/#breadcrumb"},"inLanguage":"it-IT","potentialAction":[{"@type":"ReadAction","target":["https:\/\/www.accuratereviews.com\/it\/project-management-online-lista-software\/smartsheet-recensione\/"]}]},{"@type":"ImageObject","inLanguage":"it-IT","@id":"https:\/\/www.accuratereviews.com\/it\/project-management-online-lista-software\/smartsheet-recensione\/#primaryimage","url":"https:\/\/www.accuratereviews.com\/wp-content\/uploads\/2019\/09\/smartsheet-LOGO.png","contentUrl":"https:\/\/www.accuratereviews.com\/wp-content\/uploads\/2019\/09\/smartsheet-LOGO.png","width":652,"height":500},{"@type":"BreadcrumbList","@id":"https:\/\/www.accuratereviews.com\/it\/project-management-online-lista-software\/smartsheet-recensione\/#breadcrumb","itemListElement":[{"@type":"ListItem","position":1,"name":"Home","item":"https:\/\/www.accuratereviews.com\/it\/"},{"@type":"ListItem","position":2,"name":"Project Management Online","item":"https:\/\/www.accuratereviews.com\/it\/project-management-online-lista-software\/"},{"@type":"ListItem","position":3,"name":"Smartsheet"}]},{"@type":"WebSite","@id":"https:\/\/www.accuratereviews.com\/it\/#website","url":"https:\/\/www.accuratereviews.com\/it\/","name":"Accurate Reviews","description":"","potentialAction":[{"@type":"SearchAction","target":{"@type":"EntryPoint","urlTemplate":"https:\/\/www.accuratereviews.com\/it\/?s={search_term_string}"},"query-input":{"@type":"PropertyValueSpecification","valueRequired":true,"valueName":"search_term_string"}}],"inLanguage":"it-IT"}]}},"_links":{"self":[{"href":"https:\/\/www.accuratereviews.com\/it\/wp-json\/wp\/v2\/pages\/18518","targetHints":{"allow":["GET"]}}],"collection":[{"href":"https:\/\/www.accuratereviews.com\/it\/wp-json\/wp\/v2\/pages"}],"about":[{"href":"https:\/\/www.accuratereviews.com\/it\/wp-json\/wp\/v2\/types\/page"}],"author":[{"embeddable":true,"href":"https:\/\/www.accuratereviews.com\/it\/wp-json\/wp\/v2\/users\/19"}],"replies":[{"embeddable":true,"href":"https:\/\/www.accuratereviews.com\/it\/wp-json\/wp\/v2\/comments?post=18518"}],"version-history":[{"count":6,"href":"https:\/\/www.accuratereviews.com\/it\/wp-json\/wp\/v2\/pages\/18518\/revisions"}],"predecessor-version":[{"id":18534,"href":"https:\/\/www.accuratereviews.com\/it\/wp-json\/wp\/v2\/pages\/18518\/revisions\/18534"}],"up":[{"embeddable":true,"href":"https:\/\/www.accuratereviews.com\/it\/wp-json\/wp\/v2\/pages\/8333"}],"wp:featuredmedia":[{"embeddable":true,"href":"https:\/\/www.accuratereviews.com\/it\/wp-json\/wp\/v2\/media\/18520"}],"wp:attachment":[{"href":"https:\/\/www.accuratereviews.com\/it\/wp-json\/wp\/v2\/media?parent=18518"}],"wp:term":[{"taxonomy":"category","embeddable":true,"href":"https:\/\/www.accuratereviews.com\/it\/wp-json\/wp\/v2\/categories?post=18518"},{"taxonomy":"post_tag","embeddable":true,"href":"https:\/\/www.accuratereviews.com\/it\/wp-json\/wp\/v2\/tags?post=18518"},{"taxonomy":"features","embeddable":true,"href":"https:\/\/www.accuratereviews.com\/it\/wp-json\/wp\/v2\/features?post=18518"}],"curies":[{"name":"wp","href":"https:\/\/api.w.org\/{rel}","templated":true}]}}