{"id":18527,"date":"2019-09-25T14:23:38","date_gmt":"2019-09-25T14:23:38","guid":{"rendered":"https:\/\/www.accuratereviews.com\/?page_id=18527"},"modified":"2021-05-03T06:34:33","modified_gmt":"2021-05-03T06:34:33","slug":"workfront-recensione","status":"publish","type":"page","link":"https:\/\/www.accuratereviews.com\/it\/project-management-online-lista-software\/workfront-recensione\/","title":{"rendered":"Workfront"},"content":{"rendered":"<p><strong>Workfront<\/strong> \u00e8 un popolare <strong>software di gestione dei progetti<\/strong> (quando \u00e8 stato sviluppato aveva il nome di <strong>AtTask<\/strong>) che offre alle aziende una soluzione molto efficace, scalabile e completa per la gestione del lavoro, l&#8217;organizzazione dei progetti e altro ancora. Con una visione a 360 gradi delle loro operazioni, le aziende possono facilmente individuare i problemi e le tendenze e aiutare ogni membro del team, dagli specialisti delle vendite al personale amministrativo ai dirigenti a diventare pi\u00f9 consapevoli di ogni situazione, ottimizzare i progetti e assumere il controllo totale. Workfront consente di pianificare ed eseguire facilmente progetti. I manager possono utilizzare le dashboard e le visualizzazioni personalizzate del prodotto, i report in tempo reale e il diagramma Gantt interattivo per ottenere piena visibilit\u00e0 sullo stato di avanzamento dei loro progetti. I membri del team possono utilizzare l&#8217;area di lavoro progettata per loro per organizzare, comprendere e svolgere le proprie mansioni. Altri strumenti sono offerti per facilitare la gestione di tempo, risorse e portfolio.<\/p>\n<h2>WORKFRONT &#8211; TUTORIAL<\/h2>\n<p>Il tutorial qui sotto ci mostrer\u00e0 come funziona questa\u00a0potente piattaforma di <strong>gestione del flusso di lavoro<\/strong>\u00a0per aiutarti a migliorare la collaborazione e l&#8217;efficienza dei processi.<\/p>\n<div id=\"fluid-wrapper-counter-1\" class=\"g1-fluid-wrapper \" style=\"width:686px;\">\n<div style=\"padding-bottom:56.268221574344%;\"><iframe loading=\"lazy\" title=\"Marketing Marvels: Manage All Your Work in One Place with Workfront\" width=\"686\" height=\"386\" src=\"https:\/\/www.youtube.com\/embed\/omNkNR8Mhls?feature=oembed&amp;wmode=transparent&amp;autohide=1&amp;autoplay=0&amp;disablekb=0&amp;fs=1&amp;loop=0&amp;enablejsapi=1&amp;rel=0&amp;controls=2&amp;showinfo=0&amp;wmode=transparent&amp;autohide=2&amp;autoplay=0&amp;disablekb=0&amp;fs=1&amp;loop=0&amp;enablejsapi=1&amp;rel=0&amp;controls=2&amp;showinfo=1\" frameborder=\"0\" allow=\"accelerometer; autoplay; clipboard-write; encrypted-media; gyroscope; picture-in-picture\" allowfullscreen><\/iframe><\/div>\n<\/div>\n<h3>WORKFRONT &#8211; CARATTERISTICHE<\/h3>\n<ul>\n<li><strong>Gestione di progetti e portfolio<\/strong>: gestisci attivit\u00e0, scadenze e problemi in un unico spazio di facile visualizzazione<\/li>\n<li><strong>Gestione delle risorse<\/strong>: bilancia il carico di lavoro e massimizza l&#8217;efficienza della tua squadra<\/li>\n<li><strong>Pianificazione della capacit\u00e0<\/strong>: collocare le risorse disponibili ai progetti attuali e futuri<\/li>\n<li><strong>Diagrammi di Gantt<\/strong>: massimizza la visibilit\u00e0 e le risorse con grafici Gantt interattivi in tempo reale<\/li>\n<li><strong>Flessibile:<\/strong> lavora come vuoi con Agile, Waterfall o un mix dei due.<\/li>\n<\/ul>\n<h4>LE RECENSIONI DEGLI UTENTI<\/h4>\n<h4>Vic A. &#8220;Modo meraviglioso per tracciare il tuo lavoro, comunicare e riferire su quasi tutto ci\u00f2 che fai&#8221;<\/h4>\n<p><strong>Commenti<\/strong>: Ha permesso al nostro reparto IT di passare da 5 prodotti per tracciare il nostro lavoro (ITSM, Assana, TFS, MS Project e Spiratest) a un prodotto in cui lo utilizziamo per i nostri Helpdesk, Progetti, Team Agile, Casi di test e risultati e molti dashboard e report per valutare come stiamo andando. Ora siamo in grado di tracciare il nostro lavoro e se il lavoro appartiene a un altro team, possiamo trasmetterlo senza doverlo ricreare in un altro strumento. Anche la funzione di comunicazione \u00e8 stata un successo per noi.<\/p>\n<p><strong>Vantaggi<\/strong>: capacit\u00e0 di tracciamento del lavoro, comunicazione e reportistica. Il reporting \u00e8 un termine improprio perch\u00e9 \u00e8 pi\u00f9 una visualizzazione a schermo che consente di approfondire il report e gli oggetti. I metodi di comunicazione per poter commentare gli oggetti e consentire alle persone di rispondere via email e ancora aggiungere la risposta come un log nell&#8217;oggetto \u00e8 stata una grande vittoria per noi. Anche i negligenti ora adorano il prodotto nella nostra organizzazione. Il reporting \u00e8 cos\u00ec potente che incarico agli utenti di sviluppare lo scenario delle loro previsioni e di solito posso fornire ci\u00f2 che vogliono.<\/p>\n<p>Inconvenienti: Di \u200b\u200btanto in tanto pu\u00f2 diventare glitch. Nel corso degli anni hanno apportato notevoli miglioramenti e ho riscontrato lo stesso problema anche con altri prodotti (ad esempio, MS Project si \u00e8 bloccato una volta al giorno). Ma per la complessit\u00e0 del prodotto e tutte le funzionalit\u00e0 che offre, \u00e8 una percentuale molto bassa.<\/p>\n<h4>Scott S. &#8220;L&#8217;uso di Workfront ci ha reso migliori.&#8221;<\/h4>\n<p><strong>Vantaggi<\/strong>: l&#8217;interfaccia e l&#8217;usabilit\u00e0 del prodotto non sono secondi a nessuno. Usiamo il software dal 2009, scegliendolo a causa dell&#8217;interfaccia facile da usare. Il prodotto ha subito numerose riprogettazioni dell&#8217;interfaccia e le cose sono diventate pi\u00f9 facili con ogni versione. Ai nostri utenti piace molto e c&#8217;\u00e8 una rapida inversione di tendenza in termini di inizio e utilizzo del prodotto. La funzionalit\u00e0 del software ci offre anche molto pi\u00f9 di un semplice diagramma di Gantt condiviso per i progetti. Ci ha davvero dato la possibilit\u00e0 di gestire tutto il nostro lavoro ed essere pi\u00f9 produttivi.<\/p>\n<p><strong>Inconvenienti<\/strong>: il fornitore assegna i coordinatori del successo dei clienti (CSC) a ciascun cliente che \u00e8 fondamentalmente un rappresentante dell&#8217;account. La societ\u00e0 stessa ha subito vari cambiamenti di leadership e, di conseguenza, ci sono state molte riorganizzazioni del personale. Di conseguenza, abbiamo avuto molti CSC diversi e in realt\u00e0 non abbiamo avuto l&#8217;opportunit\u00e0 di conoscere il nostro rappresentante di conoscerci bene. Tutti sono stati fantastici, ma l&#8217;incoerenza sui rappresentanti degli account diventa frustrante.<\/p>\n<h4>Narayan R.&#8221;La mia esperienza con Workfront \u00e8 stata fantastica.&#8221;<\/h4>\n<p><strong>Vantaggi<\/strong>: il software \u00e8 estremamente intuitivo, molto interattivo e progettato in modo intelligente. Supporta i diversi approcci alla gestione del lavoro ed \u00e8 altamente flessibile. L&#8217;API offre inoltre infinite opportunit\u00e0 per le integrazioni aziendali. La segnalazione \u00e8 molto potente. Le offerte di formazione sono estremamente utili. I webinar trimestrali sulla roadmap forniscono agli amministratori una panoramica eccellente delle funzionalit\u00e0 future. Il venditore \u00e8 fantastico con cui lavorare. I rappresentanti di vendita, i consulenti dei clienti, i consulenti di consegna, i formatori e il personale di supporto sono molto utili per risolvere i problemi fino a quando non vengono risolti. L&#8217;avanzamento delle richieste \u00e8 altamente visibile attraverso l&#8217;interfaccia delle loro richieste. I tempi di risposta per tutti i tipi di richieste, sia tramite email diretta o all&#8217;interno del sito di supporto, ricevono una risposta tempestiva.<\/p>\n<p><strong>Inconvenienti<\/strong>: mi piace meno il fatto che il prodotto sia stato rinominato. Inoltre, non mi piacciono alcuni dei limiti delle quantit\u00e0 di dati che possono essere segnalati dal sistema. Mentre l&#8217;interfaccia di reporting \u00e8 molto potente, l&#8217;applicazione fa fatica a fornire report quando vengono segnalate grandi quantit\u00e0 di dati. Gli ambienti sandbox sono molto lenti, il che si traduce in un uso molto limitato di essi. Se funzionassero bene, verrebbero utilizzati molto di pi\u00f9 dai nostri utenti e amministratori per i test. Per quanto riguarda il fornitore, a volte ho la sensazione che ci siano problemi noti, bug o limitazioni all&#8217;interno del software che dovrebbero essere risolti.<\/p>\n","protected":false},"excerpt":{"rendered":"<p>Workfront \u00e8 un popolare software di gestione dei progetti (quando \u00e8 stato sviluppato aveva il nome di AtTask) che offre alle aziende una soluzione molto efficace, scalabile e completa per la gestione del lavoro, l&#8217;organizzazione dei progetti e altro ancora. Con una visione a 360 gradi delle loro operazioni, le aziende possono facilmente individuare i problemi e le tendenze e aiutare ogni membro del team, dagli specialisti delle vendite al personale amministrativo ai dirigenti a diventare pi\u00f9 consapevoli di ogni situazione, ottimizzare i progetti e assumere il controllo totale.<\/p>\n","protected":false},"author":19,"featured_media":18536,"parent":8333,"menu_order":0,"comment_status":"open","ping_status":"closed","template":"g1_template_page_review_new.php","meta":{"_acf_changed":false,"cwp_meta_box_check":"Yes","cwp_rev_product_name":"","cwp_rev_product_image":"","wppr_links":[],"cwp_rev_price":"","wppr_options":[],"wppr_pros":[],"wppr_cons":[],"_monsterinsights_skip_tracking":false,"_monsterinsights_sitenote_active":false,"_monsterinsights_sitenote_note":"","_monsterinsights_sitenote_category":0,"footnotes":""},"categories":[172],"tags":[1329,1310,1328,1309,1327],"features":[],"class_list":{"0":"post-18527","1":"page","2":"type-page","3":"status-publish","4":"has-post-thumbnail","6":"category-online-project-management-it","7":"tag-attask","8":"tag-programma-project-management","9":"tag-software-di-gestione-dei-progetti","10":"tag-software-project-management","11":"tag-workfront"},"wppr_data":{"cwp_meta_box_check":"Yes","cwp_rev_product_name":"","cwp_rev_product_image":"","cwp_image_link":"image","cwp_rev_price":"","wppr_rating":"0.00"},"acf":[],"yoast_head":"<!-- This site is optimized with the Yoast SEO plugin v27.4 - https:\/\/yoast.com\/product\/yoast-seo-wordpress\/ -->\n<title>Workfront: recensione software project management - Accurate Reviews<\/title>\n<meta name=\"description\" content=\"Workfront: recensione del software di gestione dei progetti efficace, scalabile e completo per ottimizzare il flusso di lavoro.\" \/>\n<meta name=\"robots\" content=\"index, follow, max-snippet:-1, max-image-preview:large, max-video-preview:-1\" \/>\n<link rel=\"canonical\" href=\"https:\/\/www.accuratereviews.com\/it\/project-management-online-lista-software\/workfront-recensione\/\" \/>\n<meta property=\"og:locale\" content=\"it_IT\" \/>\n<meta property=\"og:type\" content=\"article\" \/>\n<meta property=\"og:title\" content=\"Workfront: recensione software project management - Accurate Reviews\" \/>\n<meta property=\"og:description\" content=\"Workfront: recensione del software di gestione dei progetti efficace, scalabile e completo per ottimizzare il flusso di lavoro.\" \/>\n<meta property=\"og:url\" content=\"https:\/\/www.accuratereviews.com\/it\/project-management-online-lista-software\/workfront-recensione\/\" \/>\n<meta property=\"og:site_name\" content=\"Accurate Reviews\" \/>\n<meta property=\"article:modified_time\" content=\"2021-05-03T06:34:33+00:00\" \/>\n<meta property=\"og:image\" content=\"https:\/\/www.accuratereviews.com\/wp-content\/uploads\/2019\/09\/workfront-logo-.png\" \/>\n\t<meta property=\"og:image:width\" content=\"2606\" \/>\n\t<meta property=\"og:image:height\" content=\"1209\" \/>\n\t<meta property=\"og:image:type\" content=\"image\/png\" \/>\n<meta name=\"twitter:card\" content=\"summary_large_image\" \/>\n<meta name=\"twitter:label1\" content=\"Tempo di lettura stimato\" \/>\n\t<meta name=\"twitter:data1\" content=\"5 minuti\" \/>\n<script type=\"application\/ld+json\" class=\"yoast-schema-graph\">{\"@context\":\"https:\\\/\\\/schema.org\",\"@graph\":[{\"@type\":\"WebPage\",\"@id\":\"https:\\\/\\\/www.accuratereviews.com\\\/it\\\/project-management-online-lista-software\\\/workfront-recensione\\\/\",\"url\":\"https:\\\/\\\/www.accuratereviews.com\\\/it\\\/project-management-online-lista-software\\\/workfront-recensione\\\/\",\"name\":\"Workfront: recensione software project management - Accurate Reviews\",\"isPartOf\":{\"@id\":\"https:\\\/\\\/www.accuratereviews.com\\\/it\\\/#website\"},\"primaryImageOfPage\":{\"@id\":\"https:\\\/\\\/www.accuratereviews.com\\\/it\\\/project-management-online-lista-software\\\/workfront-recensione\\\/#primaryimage\"},\"image\":{\"@id\":\"https:\\\/\\\/www.accuratereviews.com\\\/it\\\/project-management-online-lista-software\\\/workfront-recensione\\\/#primaryimage\"},\"thumbnailUrl\":\"https:\\\/\\\/www.accuratereviews.com\\\/wp-content\\\/uploads\\\/2019\\\/09\\\/workfront-logo-.png\",\"datePublished\":\"2019-09-25T14:23:38+00:00\",\"dateModified\":\"2021-05-03T06:34:33+00:00\",\"description\":\"Workfront: recensione del software di gestione dei progetti efficace, scalabile e completo per ottimizzare il flusso di lavoro.\",\"breadcrumb\":{\"@id\":\"https:\\\/\\\/www.accuratereviews.com\\\/it\\\/project-management-online-lista-software\\\/workfront-recensione\\\/#breadcrumb\"},\"inLanguage\":\"it-IT\",\"potentialAction\":[{\"@type\":\"ReadAction\",\"target\":[\"https:\\\/\\\/www.accuratereviews.com\\\/it\\\/project-management-online-lista-software\\\/workfront-recensione\\\/\"]}]},{\"@type\":\"ImageObject\",\"inLanguage\":\"it-IT\",\"@id\":\"https:\\\/\\\/www.accuratereviews.com\\\/it\\\/project-management-online-lista-software\\\/workfront-recensione\\\/#primaryimage\",\"url\":\"https:\\\/\\\/www.accuratereviews.com\\\/wp-content\\\/uploads\\\/2019\\\/09\\\/workfront-logo-.png\",\"contentUrl\":\"https:\\\/\\\/www.accuratereviews.com\\\/wp-content\\\/uploads\\\/2019\\\/09\\\/workfront-logo-.png\",\"width\":2606,\"height\":1209},{\"@type\":\"BreadcrumbList\",\"@id\":\"https:\\\/\\\/www.accuratereviews.com\\\/it\\\/project-management-online-lista-software\\\/workfront-recensione\\\/#breadcrumb\",\"itemListElement\":[{\"@type\":\"ListItem\",\"position\":1,\"name\":\"Home\",\"item\":\"https:\\\/\\\/www.accuratereviews.com\\\/it\\\/\"},{\"@type\":\"ListItem\",\"position\":2,\"name\":\"Project Management Online\",\"item\":\"https:\\\/\\\/www.accuratereviews.com\\\/it\\\/project-management-online-lista-software\\\/\"},{\"@type\":\"ListItem\",\"position\":3,\"name\":\"Workfront\"}]},{\"@type\":\"WebSite\",\"@id\":\"https:\\\/\\\/www.accuratereviews.com\\\/it\\\/#website\",\"url\":\"https:\\\/\\\/www.accuratereviews.com\\\/it\\\/\",\"name\":\"Accurate Reviews\",\"description\":\"\",\"potentialAction\":[{\"@type\":\"SearchAction\",\"target\":{\"@type\":\"EntryPoint\",\"urlTemplate\":\"https:\\\/\\\/www.accuratereviews.com\\\/it\\\/?s={search_term_string}\"},\"query-input\":{\"@type\":\"PropertyValueSpecification\",\"valueRequired\":true,\"valueName\":\"search_term_string\"}}],\"inLanguage\":\"it-IT\"}]}<\/script>\n<!-- \/ Yoast SEO plugin. -->","yoast_head_json":{"title":"Workfront: recensione software project management - Accurate Reviews","description":"Workfront: recensione del software di gestione dei progetti efficace, scalabile e completo per ottimizzare il flusso di lavoro.","robots":{"index":"index","follow":"follow","max-snippet":"max-snippet:-1","max-image-preview":"max-image-preview:large","max-video-preview":"max-video-preview:-1"},"canonical":"https:\/\/www.accuratereviews.com\/it\/project-management-online-lista-software\/workfront-recensione\/","og_locale":"it_IT","og_type":"article","og_title":"Workfront: recensione software project management - Accurate Reviews","og_description":"Workfront: recensione del software di gestione dei progetti efficace, scalabile e completo per ottimizzare il flusso di lavoro.","og_url":"https:\/\/www.accuratereviews.com\/it\/project-management-online-lista-software\/workfront-recensione\/","og_site_name":"Accurate Reviews","article_modified_time":"2021-05-03T06:34:33+00:00","og_image":[{"width":2606,"height":1209,"url":"https:\/\/www.accuratereviews.com\/wp-content\/uploads\/2019\/09\/workfront-logo-.png","type":"image\/png"}],"twitter_card":"summary_large_image","twitter_misc":{"Tempo di lettura stimato":"5 minuti"},"schema":{"@context":"https:\/\/schema.org","@graph":[{"@type":"WebPage","@id":"https:\/\/www.accuratereviews.com\/it\/project-management-online-lista-software\/workfront-recensione\/","url":"https:\/\/www.accuratereviews.com\/it\/project-management-online-lista-software\/workfront-recensione\/","name":"Workfront: recensione software project management - Accurate Reviews","isPartOf":{"@id":"https:\/\/www.accuratereviews.com\/it\/#website"},"primaryImageOfPage":{"@id":"https:\/\/www.accuratereviews.com\/it\/project-management-online-lista-software\/workfront-recensione\/#primaryimage"},"image":{"@id":"https:\/\/www.accuratereviews.com\/it\/project-management-online-lista-software\/workfront-recensione\/#primaryimage"},"thumbnailUrl":"https:\/\/www.accuratereviews.com\/wp-content\/uploads\/2019\/09\/workfront-logo-.png","datePublished":"2019-09-25T14:23:38+00:00","dateModified":"2021-05-03T06:34:33+00:00","description":"Workfront: recensione del software di gestione dei progetti efficace, scalabile e completo per ottimizzare il flusso di lavoro.","breadcrumb":{"@id":"https:\/\/www.accuratereviews.com\/it\/project-management-online-lista-software\/workfront-recensione\/#breadcrumb"},"inLanguage":"it-IT","potentialAction":[{"@type":"ReadAction","target":["https:\/\/www.accuratereviews.com\/it\/project-management-online-lista-software\/workfront-recensione\/"]}]},{"@type":"ImageObject","inLanguage":"it-IT","@id":"https:\/\/www.accuratereviews.com\/it\/project-management-online-lista-software\/workfront-recensione\/#primaryimage","url":"https:\/\/www.accuratereviews.com\/wp-content\/uploads\/2019\/09\/workfront-logo-.png","contentUrl":"https:\/\/www.accuratereviews.com\/wp-content\/uploads\/2019\/09\/workfront-logo-.png","width":2606,"height":1209},{"@type":"BreadcrumbList","@id":"https:\/\/www.accuratereviews.com\/it\/project-management-online-lista-software\/workfront-recensione\/#breadcrumb","itemListElement":[{"@type":"ListItem","position":1,"name":"Home","item":"https:\/\/www.accuratereviews.com\/it\/"},{"@type":"ListItem","position":2,"name":"Project Management Online","item":"https:\/\/www.accuratereviews.com\/it\/project-management-online-lista-software\/"},{"@type":"ListItem","position":3,"name":"Workfront"}]},{"@type":"WebSite","@id":"https:\/\/www.accuratereviews.com\/it\/#website","url":"https:\/\/www.accuratereviews.com\/it\/","name":"Accurate Reviews","description":"","potentialAction":[{"@type":"SearchAction","target":{"@type":"EntryPoint","urlTemplate":"https:\/\/www.accuratereviews.com\/it\/?s={search_term_string}"},"query-input":{"@type":"PropertyValueSpecification","valueRequired":true,"valueName":"search_term_string"}}],"inLanguage":"it-IT"}]}},"_links":{"self":[{"href":"https:\/\/www.accuratereviews.com\/it\/wp-json\/wp\/v2\/pages\/18527","targetHints":{"allow":["GET"]}}],"collection":[{"href":"https:\/\/www.accuratereviews.com\/it\/wp-json\/wp\/v2\/pages"}],"about":[{"href":"https:\/\/www.accuratereviews.com\/it\/wp-json\/wp\/v2\/types\/page"}],"author":[{"embeddable":true,"href":"https:\/\/www.accuratereviews.com\/it\/wp-json\/wp\/v2\/users\/19"}],"replies":[{"embeddable":true,"href":"https:\/\/www.accuratereviews.com\/it\/wp-json\/wp\/v2\/comments?post=18527"}],"version-history":[{"count":10,"href":"https:\/\/www.accuratereviews.com\/it\/wp-json\/wp\/v2\/pages\/18527\/revisions"}],"predecessor-version":[{"id":41643,"href":"https:\/\/www.accuratereviews.com\/it\/wp-json\/wp\/v2\/pages\/18527\/revisions\/41643"}],"up":[{"embeddable":true,"href":"https:\/\/www.accuratereviews.com\/it\/wp-json\/wp\/v2\/pages\/8333"}],"wp:featuredmedia":[{"embeddable":true,"href":"https:\/\/www.accuratereviews.com\/it\/wp-json\/wp\/v2\/media\/18536"}],"wp:attachment":[{"href":"https:\/\/www.accuratereviews.com\/it\/wp-json\/wp\/v2\/media?parent=18527"}],"wp:term":[{"taxonomy":"category","embeddable":true,"href":"https:\/\/www.accuratereviews.com\/it\/wp-json\/wp\/v2\/categories?post=18527"},{"taxonomy":"post_tag","embeddable":true,"href":"https:\/\/www.accuratereviews.com\/it\/wp-json\/wp\/v2\/tags?post=18527"},{"taxonomy":"features","embeddable":true,"href":"https:\/\/www.accuratereviews.com\/it\/wp-json\/wp\/v2\/features?post=18527"}],"curies":[{"name":"wp","href":"https:\/\/api.w.org\/{rel}","templated":true}]}}