{"id":18541,"date":"2019-09-25T18:19:39","date_gmt":"2019-09-25T18:19:39","guid":{"rendered":"https:\/\/www.accuratereviews.com\/?page_id=18541"},"modified":"2021-04-27T06:43:01","modified_gmt":"2021-04-27T06:43:01","slug":"confluence-recensione","status":"publish","type":"page","link":"https:\/\/www.accuratereviews.com\/it\/project-management-online-lista-software\/confluence-recensione\/","title":{"rendered":"Confluence"},"content":{"rendered":"<p><strong>Confluence<\/strong> \u00e8 un software di <strong>gestione dei progetti<\/strong> che permette a qualsiasi tipo di team, che sia tecnico, legale o finanziario, di <strong>ottimizzare il flusso di lavoro<\/strong>. Si tratta di un programma semplice da usare e flessibile, che ha l&#8217;obiettivo di collegare persone e idee al fine di migliorarne l&#8217;organizzazione lavorativa. Risulta davvero funzionale e ti permette di utilizzare dei modelli default e personalizzarli come meglio preferisci, aggiungendo immagini, gif ed emoji. Con <strong>Confluence<\/strong> sarai in grado di trovare subito quello che stai cercando, creando un vero e proprio<strong> spazio dedicato a te e al tuo team<\/strong>.<\/p>\n<h2>I PRIMI PASSI CON CONFLUENCE &#8211; TUTORIAL<\/h2>\n<p>Diamo un&#8217;occhiata a questo video per capire come utilizzare questo programma:<\/p>\n<div id=\"fluid-wrapper-counter-1\" class=\"g1-fluid-wrapper \" style=\"width:686px;\">\n<div style=\"padding-bottom:56.268221574344%;\"><iframe loading=\"lazy\" title=\"Confluence 101: Getting Started With Confluence - Webinar\" width=\"686\" height=\"386\" src=\"https:\/\/www.youtube.com\/embed\/y1YTsMTrC7c?feature=oembed&amp;wmode=transparent&amp;autohide=1&amp;autoplay=0&amp;disablekb=0&amp;fs=1&amp;loop=0&amp;enablejsapi=1&amp;rel=0&amp;controls=2&amp;showinfo=0&amp;wmode=transparent&amp;autohide=2&amp;autoplay=0&amp;disablekb=0&amp;fs=1&amp;loop=0&amp;enablejsapi=1&amp;rel=0&amp;controls=2&amp;showinfo=1\" frameborder=\"0\" allow=\"accelerometer; autoplay; clipboard-write; encrypted-media; gyroscope; picture-in-picture\" allowfullscreen><\/iframe><\/div>\n<\/div>\n<h3>CONFLUENCE &#8211; CARATTERISTICHE<\/h3>\n<p>Di seguito elenchiamo le principali caratteristiche:<\/p>\n<ul>\n<li><strong>Gestione file<\/strong>: crea e gestisci qualsiasi cosa, dalle note della riunione alle politiche delle risorse umane ai progetti del team<\/li>\n<li><strong>Ottimizzazione del lavoro<\/strong>: organizza meglio il tuo lavoro, raggruppando le pagine correlate in uno spazio a parte a cui puoi accedere solo tu e chi fa parte del tuo team<\/li>\n<li><strong>Revisione<\/strong>: modifica le pagine, i dati e revisiona sempre il tuo lavoro per ottenere maggiore visibilit\u00e0<\/li>\n<li><strong>Webinar<\/strong>: partecipa ai webinar organizzati da Confluence per scoprire tutte le sue funzionalit\u00e0.<\/li>\n<\/ul>\n<h3>LE RECENSIONI DEGLI UTENTI<\/h3>\n<ul>\n<li><strong>&#8220;Lo strumento migliore per la documentazione&#8221;<br \/>\n<\/strong>IN GENERALE: abbiamo conosciuto Confluence quando abbiamo dovuto condividere i flussi di lavoro, la documentazione di prova, letture importanti e collegamenti per consentire ai nuovi dipendenti di essere integrati tecnicamente.<br \/>\nPRO: facilit\u00e0 d&#8217;uso, diversificazione del tipo di dati che possono essere inseriti, opzioni di controllo degli accessi.<br \/>\n\u00c8 stato cos\u00ec facile aggiungere diagrammi di flusso. Se pi\u00f9 persone stavano modificando lo stesso documento, il modo in cui \u00e8 stato gestito \u00e8 fantastico!<br \/>\nCONTRO: non ci sono opzioni da esportare, come l&#8217;esportazione in Excel non \u00e8 presente.<\/li>\n<li><strong>&#8220;Buona documentazione e strumento wiki&#8221;<\/strong><br \/>\nIN GENERALE: facile tracciabilit\u00e0 del progetto, documentazione efficace e capacit\u00e0 di integrazione con altri strumenti sono alcune delle buone caratteristiche che mi piacciono di Confluence.<br \/>\nPRO: \u00e8 ben progettato ed \u00e8 utile per archiviare il monitoraggio del team e la documentazione delle informazioni. Confluence funge da repository centrale e funge da wiki per i progetti in vari dipartimenti per documentare un progetto a partire dalla progettazione fino all&#8217;implementazione e alla manutenzione. Qualsiasi documento\/attivit\u00e0 potrebbe essere correttamente gestito per la modifica delle funzionalit\u00e0 per il team e una cronologia delle modifiche apportate per tenere traccia degli aggiornamenti iterativi apportati su un documento. Inoltre, l&#8217;integrazione con altri strumenti di Atlassian come JIRA \u00e8 molto utile per tracciare una funzione da prospettive diverse e mantenere tutti allineati all&#8217;interno del team sullo stato corrente e sui passi successivi.<br \/>\nCONTRO: l&#8217;organizzazione delle pagine pu\u00f2 essere migliorata in quanto a volte non \u00e8 semplice trovare contenuti relativi a un determinato progetto o attivit\u00e0. Inoltre, gli strumenti di modifica in linea per un documento potrebbero essere migliorati man mano che finisci per fare affidamento su macro e altri strumenti molto spesso per essere in grado di strutturare e formattare correttamente una pagina di confluenza. La ricerca dei documenti non \u00e8 molto semplice ed \u00e8 talvolta difficile trovare il giusto contenuto quando necessario.<\/li>\n<li><strong>&#8220;Una piattaforma complessa &#8211; in tutti i modi giusti&#8221;<\/strong><br \/>\nIN GENERALE: con Confluence abbiamo creato un fantastico forum &#8220;KB&#8221; (Knowledge Base) per la nostra attivit\u00e0. \u00c8 un luogo in cui documentare i processi, collegarsi a software utili e alla fine semplifica il lavoro e la collaborazione.<br \/>\nPRO: Confluence ha cos\u00ec tanti livelli di sicurezza e strutture di autorizzazione che non lascerai mai accidentalmente a qualcuno vedere una pagina che non dovrebbe. Una volta impostato correttamente, \u00e8 un modo fantastico di collaborare! Il semplice numero di plug-in e componenti aggiuntivi di personalizzazione ti consente davvero di renderlo tuo.<br \/>\nCONTRO: la difficolt\u00e0 di farlo funzionare sul tuo server e farlo funzionare inizialmente. Confluence ha una buona documentazione, ma \u00e8 ancora un&#8217;implementazione abbastanza difficile. Ci sono anche alcuni modelli di licenza leggermente confusi.<\/li>\n<\/ul>\n","protected":false},"excerpt":{"rendered":"<p>Confluence \u00e8 un software di gestione dei progetti, che permette a qualsiasi tipo di team, che sia tecnico, legale o finanziario di ottimizzare il flusso di lavoro. Si tratta di un programma semplice da usare e flessibile, che ha l&#8217;obiettivo di collegare persone e idee al fine di migliorarne l&#8217;organizzazione lavorativa.<\/p>\n","protected":false},"author":17,"featured_media":18542,"parent":8333,"menu_order":0,"comment_status":"open","ping_status":"closed","template":"g1_template_page_review_new.php","meta":{"_acf_changed":false,"cwp_meta_box_check":"Yes","cwp_rev_product_name":"","cwp_rev_product_image":"","wppr_links":[],"cwp_rev_price":"","wppr_options":[],"wppr_pros":[],"wppr_cons":[],"_monsterinsights_skip_tracking":false,"_monsterinsights_sitenote_active":false,"_monsterinsights_sitenote_note":"","_monsterinsights_sitenote_category":0,"footnotes":""},"categories":[172],"tags":[1315,1316,1312,1314],"features":[],"class_list":{"0":"post-18541","1":"page","2":"type-page","3":"status-publish","4":"has-post-thumbnail","6":"category-online-project-management-it","7":"tag-gestione-progetti","8":"tag-online-project-management","9":"tag-programma-gestione-progetti","10":"tag-project-management-software"},"wppr_data":{"cwp_meta_box_check":"Yes","cwp_rev_product_name":"","cwp_rev_product_image":"","cwp_image_link":"image","cwp_rev_price":"","wppr_rating":"0.00"},"acf":[],"yoast_head":"<!-- This site is optimized with the Yoast SEO plugin v27.4 - https:\/\/yoast.com\/product\/yoast-seo-wordpress\/ -->\n<title>Confluence: recensione programma gestione progetti - Accurate Reviews<\/title>\n<meta name=\"description\" content=\"Confluence: recensione del software di gestione dei progetti, che permette a qualsiasi tipo di team di ottimizzare il flusso di lavoro.\" \/>\n<meta name=\"robots\" content=\"index, follow, max-snippet:-1, max-image-preview:large, max-video-preview:-1\" \/>\n<link rel=\"canonical\" href=\"https:\/\/www.accuratereviews.com\/it\/project-management-online-lista-software\/confluence-recensione\/\" \/>\n<meta property=\"og:locale\" content=\"it_IT\" \/>\n<meta property=\"og:type\" content=\"article\" \/>\n<meta property=\"og:title\" content=\"Confluence: recensione programma gestione progetti - Accurate Reviews\" \/>\n<meta property=\"og:description\" content=\"Confluence: recensione del software di gestione dei progetti, che permette a qualsiasi tipo di team di ottimizzare il flusso di lavoro.\" \/>\n<meta property=\"og:url\" content=\"https:\/\/www.accuratereviews.com\/it\/project-management-online-lista-software\/confluence-recensione\/\" \/>\n<meta property=\"og:site_name\" content=\"Accurate Reviews\" \/>\n<meta property=\"article:modified_time\" content=\"2021-04-27T06:43:01+00:00\" \/>\n<meta property=\"og:image\" content=\"https:\/\/www.accuratereviews.com\/wp-content\/uploads\/2019\/09\/Confluence@2x-blue.png\" \/>\n\t<meta property=\"og:image:width\" content=\"1022\" \/>\n\t<meta property=\"og:image:height\" content=\"129\" \/>\n\t<meta property=\"og:image:type\" content=\"image\/png\" \/>\n<meta name=\"twitter:card\" content=\"summary_large_image\" \/>\n<meta name=\"twitter:label1\" content=\"Tempo di lettura stimato\" \/>\n\t<meta name=\"twitter:data1\" content=\"3 minuti\" \/>\n<script type=\"application\/ld+json\" class=\"yoast-schema-graph\">{\"@context\":\"https:\\\/\\\/schema.org\",\"@graph\":[{\"@type\":\"WebPage\",\"@id\":\"https:\\\/\\\/www.accuratereviews.com\\\/it\\\/project-management-online-lista-software\\\/confluence-recensione\\\/\",\"url\":\"https:\\\/\\\/www.accuratereviews.com\\\/it\\\/project-management-online-lista-software\\\/confluence-recensione\\\/\",\"name\":\"Confluence: recensione programma gestione progetti - Accurate Reviews\",\"isPartOf\":{\"@id\":\"https:\\\/\\\/www.accuratereviews.com\\\/it\\\/#website\"},\"primaryImageOfPage\":{\"@id\":\"https:\\\/\\\/www.accuratereviews.com\\\/it\\\/project-management-online-lista-software\\\/confluence-recensione\\\/#primaryimage\"},\"image\":{\"@id\":\"https:\\\/\\\/www.accuratereviews.com\\\/it\\\/project-management-online-lista-software\\\/confluence-recensione\\\/#primaryimage\"},\"thumbnailUrl\":\"https:\\\/\\\/www.accuratereviews.com\\\/wp-content\\\/uploads\\\/2019\\\/09\\\/Confluence@2x-blue.png\",\"datePublished\":\"2019-09-25T18:19:39+00:00\",\"dateModified\":\"2021-04-27T06:43:01+00:00\",\"description\":\"Confluence: recensione del software di gestione dei progetti, che permette a qualsiasi tipo di team di ottimizzare il flusso di lavoro.\",\"breadcrumb\":{\"@id\":\"https:\\\/\\\/www.accuratereviews.com\\\/it\\\/project-management-online-lista-software\\\/confluence-recensione\\\/#breadcrumb\"},\"inLanguage\":\"it-IT\",\"potentialAction\":[{\"@type\":\"ReadAction\",\"target\":[\"https:\\\/\\\/www.accuratereviews.com\\\/it\\\/project-management-online-lista-software\\\/confluence-recensione\\\/\"]}]},{\"@type\":\"ImageObject\",\"inLanguage\":\"it-IT\",\"@id\":\"https:\\\/\\\/www.accuratereviews.com\\\/it\\\/project-management-online-lista-software\\\/confluence-recensione\\\/#primaryimage\",\"url\":\"https:\\\/\\\/www.accuratereviews.com\\\/wp-content\\\/uploads\\\/2019\\\/09\\\/Confluence@2x-blue.png\",\"contentUrl\":\"https:\\\/\\\/www.accuratereviews.com\\\/wp-content\\\/uploads\\\/2019\\\/09\\\/Confluence@2x-blue.png\",\"width\":1022,\"height\":129},{\"@type\":\"BreadcrumbList\",\"@id\":\"https:\\\/\\\/www.accuratereviews.com\\\/it\\\/project-management-online-lista-software\\\/confluence-recensione\\\/#breadcrumb\",\"itemListElement\":[{\"@type\":\"ListItem\",\"position\":1,\"name\":\"Home\",\"item\":\"https:\\\/\\\/www.accuratereviews.com\\\/it\\\/\"},{\"@type\":\"ListItem\",\"position\":2,\"name\":\"Project Management Online\",\"item\":\"https:\\\/\\\/www.accuratereviews.com\\\/it\\\/project-management-online-lista-software\\\/\"},{\"@type\":\"ListItem\",\"position\":3,\"name\":\"Confluence\"}]},{\"@type\":\"WebSite\",\"@id\":\"https:\\\/\\\/www.accuratereviews.com\\\/it\\\/#website\",\"url\":\"https:\\\/\\\/www.accuratereviews.com\\\/it\\\/\",\"name\":\"Accurate Reviews\",\"description\":\"\",\"potentialAction\":[{\"@type\":\"SearchAction\",\"target\":{\"@type\":\"EntryPoint\",\"urlTemplate\":\"https:\\\/\\\/www.accuratereviews.com\\\/it\\\/?s={search_term_string}\"},\"query-input\":{\"@type\":\"PropertyValueSpecification\",\"valueRequired\":true,\"valueName\":\"search_term_string\"}}],\"inLanguage\":\"it-IT\"}]}<\/script>\n<!-- \/ Yoast SEO plugin. -->","yoast_head_json":{"title":"Confluence: recensione programma gestione progetti - Accurate Reviews","description":"Confluence: recensione del software di gestione dei progetti, che permette a qualsiasi tipo di team di ottimizzare il flusso di lavoro.","robots":{"index":"index","follow":"follow","max-snippet":"max-snippet:-1","max-image-preview":"max-image-preview:large","max-video-preview":"max-video-preview:-1"},"canonical":"https:\/\/www.accuratereviews.com\/it\/project-management-online-lista-software\/confluence-recensione\/","og_locale":"it_IT","og_type":"article","og_title":"Confluence: recensione programma gestione progetti - Accurate Reviews","og_description":"Confluence: recensione del software di gestione dei progetti, che permette a qualsiasi tipo di team di ottimizzare il flusso di lavoro.","og_url":"https:\/\/www.accuratereviews.com\/it\/project-management-online-lista-software\/confluence-recensione\/","og_site_name":"Accurate Reviews","article_modified_time":"2021-04-27T06:43:01+00:00","og_image":[{"width":1022,"height":129,"url":"https:\/\/www.accuratereviews.com\/wp-content\/uploads\/2019\/09\/Confluence@2x-blue.png","type":"image\/png"}],"twitter_card":"summary_large_image","twitter_misc":{"Tempo di lettura stimato":"3 minuti"},"schema":{"@context":"https:\/\/schema.org","@graph":[{"@type":"WebPage","@id":"https:\/\/www.accuratereviews.com\/it\/project-management-online-lista-software\/confluence-recensione\/","url":"https:\/\/www.accuratereviews.com\/it\/project-management-online-lista-software\/confluence-recensione\/","name":"Confluence: recensione programma gestione progetti - Accurate Reviews","isPartOf":{"@id":"https:\/\/www.accuratereviews.com\/it\/#website"},"primaryImageOfPage":{"@id":"https:\/\/www.accuratereviews.com\/it\/project-management-online-lista-software\/confluence-recensione\/#primaryimage"},"image":{"@id":"https:\/\/www.accuratereviews.com\/it\/project-management-online-lista-software\/confluence-recensione\/#primaryimage"},"thumbnailUrl":"https:\/\/www.accuratereviews.com\/wp-content\/uploads\/2019\/09\/Confluence@2x-blue.png","datePublished":"2019-09-25T18:19:39+00:00","dateModified":"2021-04-27T06:43:01+00:00","description":"Confluence: recensione del software di gestione dei progetti, che permette a qualsiasi tipo di team di ottimizzare il flusso di lavoro.","breadcrumb":{"@id":"https:\/\/www.accuratereviews.com\/it\/project-management-online-lista-software\/confluence-recensione\/#breadcrumb"},"inLanguage":"it-IT","potentialAction":[{"@type":"ReadAction","target":["https:\/\/www.accuratereviews.com\/it\/project-management-online-lista-software\/confluence-recensione\/"]}]},{"@type":"ImageObject","inLanguage":"it-IT","@id":"https:\/\/www.accuratereviews.com\/it\/project-management-online-lista-software\/confluence-recensione\/#primaryimage","url":"https:\/\/www.accuratereviews.com\/wp-content\/uploads\/2019\/09\/Confluence@2x-blue.png","contentUrl":"https:\/\/www.accuratereviews.com\/wp-content\/uploads\/2019\/09\/Confluence@2x-blue.png","width":1022,"height":129},{"@type":"BreadcrumbList","@id":"https:\/\/www.accuratereviews.com\/it\/project-management-online-lista-software\/confluence-recensione\/#breadcrumb","itemListElement":[{"@type":"ListItem","position":1,"name":"Home","item":"https:\/\/www.accuratereviews.com\/it\/"},{"@type":"ListItem","position":2,"name":"Project Management Online","item":"https:\/\/www.accuratereviews.com\/it\/project-management-online-lista-software\/"},{"@type":"ListItem","position":3,"name":"Confluence"}]},{"@type":"WebSite","@id":"https:\/\/www.accuratereviews.com\/it\/#website","url":"https:\/\/www.accuratereviews.com\/it\/","name":"Accurate Reviews","description":"","potentialAction":[{"@type":"SearchAction","target":{"@type":"EntryPoint","urlTemplate":"https:\/\/www.accuratereviews.com\/it\/?s={search_term_string}"},"query-input":{"@type":"PropertyValueSpecification","valueRequired":true,"valueName":"search_term_string"}}],"inLanguage":"it-IT"}]}},"_links":{"self":[{"href":"https:\/\/www.accuratereviews.com\/it\/wp-json\/wp\/v2\/pages\/18541","targetHints":{"allow":["GET"]}}],"collection":[{"href":"https:\/\/www.accuratereviews.com\/it\/wp-json\/wp\/v2\/pages"}],"about":[{"href":"https:\/\/www.accuratereviews.com\/it\/wp-json\/wp\/v2\/types\/page"}],"author":[{"embeddable":true,"href":"https:\/\/www.accuratereviews.com\/it\/wp-json\/wp\/v2\/users\/17"}],"replies":[{"embeddable":true,"href":"https:\/\/www.accuratereviews.com\/it\/wp-json\/wp\/v2\/comments?post=18541"}],"version-history":[{"count":5,"href":"https:\/\/www.accuratereviews.com\/it\/wp-json\/wp\/v2\/pages\/18541\/revisions"}],"predecessor-version":[{"id":41100,"href":"https:\/\/www.accuratereviews.com\/it\/wp-json\/wp\/v2\/pages\/18541\/revisions\/41100"}],"up":[{"embeddable":true,"href":"https:\/\/www.accuratereviews.com\/it\/wp-json\/wp\/v2\/pages\/8333"}],"wp:featuredmedia":[{"embeddable":true,"href":"https:\/\/www.accuratereviews.com\/it\/wp-json\/wp\/v2\/media\/18542"}],"wp:attachment":[{"href":"https:\/\/www.accuratereviews.com\/it\/wp-json\/wp\/v2\/media?parent=18541"}],"wp:term":[{"taxonomy":"category","embeddable":true,"href":"https:\/\/www.accuratereviews.com\/it\/wp-json\/wp\/v2\/categories?post=18541"},{"taxonomy":"post_tag","embeddable":true,"href":"https:\/\/www.accuratereviews.com\/it\/wp-json\/wp\/v2\/tags?post=18541"},{"taxonomy":"features","embeddable":true,"href":"https:\/\/www.accuratereviews.com\/it\/wp-json\/wp\/v2\/features?post=18541"}],"curies":[{"name":"wp","href":"https:\/\/api.w.org\/{rel}","templated":true}]}}