{"id":18547,"date":"2019-09-25T18:19:53","date_gmt":"2019-09-25T18:19:53","guid":{"rendered":"https:\/\/www.accuratereviews.com\/?page_id=18547"},"modified":"2021-04-27T06:42:27","modified_gmt":"2021-04-27T06:42:27","slug":"microsoft-project-recensione","status":"publish","type":"page","link":"https:\/\/www.accuratereviews.com\/it\/project-management-online-lista-software\/microsoft-project-recensione\/","title":{"rendered":"Microsoft Project"},"content":{"rendered":"<p><strong>Microsoft Project<\/strong> \u00e8 una soluzione per la gestione\u00a0del portfolio di progetti e progetti, utilizzata da<strong> project manager<\/strong> e team di qualsiasi genere. Si tratta di una versione di<strong> Office 365<\/strong> che ti permette di migliorare e ottimizzare il tuo flusso di lavoro, pianificando le risorse, <strong>gestendo i progetti del team<\/strong> e collaborando con gli stakeholder del progetto. \u00c8 decisamente funzionale poich\u00e8 consente l&#8217;utilizzo di strumenti come <strong>report, grafici, tabelle<\/strong>, utili per comprendere le tempistiche del progetto. In questo modo tu e il tuo team sarete in grado di monitorare tutte le attivit\u00e0 relative al progetto a cui state lavorando.<\/p>\n<h2>PIANIFICARE UN PROGETTO CON MICROSOFT PROJECT &#8211; TUTORIAL<\/h2>\n<p>Vediamo insieme questo video per capire come utilizzare al meglio <strong>MP<\/strong>:<\/p>\n<div id=\"fluid-wrapper-counter-1\" class=\"g1-fluid-wrapper \" style=\"width:686px;\">\n<div style=\"padding-bottom:56.268221574344%;\"><iframe loading=\"lazy\" title=\"Pianificare un progetto in 7 passi con Microsoft Project\" width=\"686\" height=\"386\" src=\"https:\/\/www.youtube.com\/embed\/mxSgeKfEUko?feature=oembed&amp;wmode=transparent&amp;autohide=1&amp;autoplay=0&amp;disablekb=0&amp;fs=1&amp;loop=0&amp;enablejsapi=1&amp;rel=0&amp;controls=2&amp;showinfo=0&amp;wmode=transparent&amp;autohide=2&amp;autoplay=0&amp;disablekb=0&amp;fs=1&amp;loop=0&amp;enablejsapi=1&amp;rel=0&amp;controls=2&amp;showinfo=1\" frameborder=\"0\" allow=\"accelerometer; autoplay; clipboard-write; encrypted-media; gyroscope; picture-in-picture\" allowfullscreen><\/iframe><\/div>\n<\/div>\n<h3>MICROSOFT PROJECT &#8211; CARATTERISTICHE<\/h3>\n<p>Diamo un&#8217;occhiata alle sue principali caratteristiche:<\/p>\n<ul>\n<li><strong>Ottimizzazione del portfolio<\/strong>: valuta le diverse proposte di progetto per prendere in considerazione il miglior percorso strategico<\/li>\n<li><strong>Utilizzo di strumenti davvero efficaci<\/strong>: migliora il tuo lavoro usufruendo di strumenti quali report, grafici e tabelle per tenere tutto sotto controllo<\/li>\n<li><strong>Integrazione BI<\/strong>: utilizza strumenti Power BI Pro ed Excel<\/li>\n<li><strong>Condivisione di file<\/strong>: condividi con il tuo team l&#8217;ultimo report relativo al progetto cos\u00ec da aggiornare tutti sulla situazione attuale.<\/li>\n<\/ul>\n<h3>LE RECENSIONI DEGLI UTENTI<\/h3>\n<p>&nbsp;<\/p>\n<ul>\n<li><strong>&#8220;Garantisce la piena gestione e produttivit\u00e0 dei progetti&#8221;<br \/>\n<\/strong>IN GENERALE: mi ha gi\u00e0 risparmiato un sacco di tempo e mi permette di essere pi\u00f9 produttivo e in grado di gestire i progetti in modo pi\u00f9 rapido. Possiamo facilmente trasformare una bozza del nostro lavoro in qualcosa di molto pi\u00f9 prezioso e praticabile con l&#8217;aiuto di questo strumento. Mi ha permesso di eseguire varie operazioni di gestione dei miei compiti in un modo molto migliore.<br \/>\nPRO: Microsoft Project Management offre le soluzioni pi\u00f9 semplici e praticabili per risolvere le attivit\u00e0 di routine quotidiane e implementare soluzioni calcolate per i nostri progetti. Siamo in grado di inserire le informazioni richieste e ottenere le soluzioni dettagliate e visivamente di aiuto per i nostri progetti. Possiamo facilmente vedere meglio i progressi, collaborare in modo efficiente. Siamo in grado di impostare facilmente compiti e mantenere una sorveglianza approfondita del nostro lavoro. Ci consente di prendere decisioni in modo indipendente.<br \/>\nCONTRO: al fine di ottenere il massimo vantaggio da questo strumento, si dovrebbe avere una buona conoscenza dell&#8217;uso di questo strumento. Quindi richiede una formazione e una solida conoscenza del funzionamento dello strumento di gestione. Proprio a causa delle sue complesse operazioni, si pu\u00f2 avere difficolt\u00e0 a gestirlo. Le spese complessive per l&#8217;acquisto della licenza sono leggermente pi\u00f9 elevate e diventa difficile per noi misurare la produttivit\u00e0 complessiva dei progetti.<\/li>\n<li><strong>&#8220;PPM \u00e8 un potente strumento per la gestione dei programmi&#8221;<\/strong><br \/>\nPRO: Come Program Manager ho usato abbastanza ampiamente la suite completa di prodotti MS Project and Portfolio Management. Ho gestito pi\u00f9 progetti che vanno da piccoli a grandi progetti. La nostra rete si estendeva su pi\u00f9 gruppi nazionali e globali. Il nostro progetto iniziale utilizzava MS Project solo nelle fasi iniziali fino a quando non era disponibile l&#8217;intera suite di PPM. I progetti erano pi\u00f9 facili da gestire e ci hanno aiutato a rimanere nel budget. Gli strumenti non sono stati facili come mi aspettavo di integrare, tuttavia con la giusta pianificazione sono sicuro che possano essere integrati bene. \u00c8 importante che il team del programma sia informato su tutte le funzionalit\u00e0 in modo che possa essere utilizzato nei loro progetti.<br \/>\nCONTRO: l&#8217;installazione dell&#8217;intero sistema non \u00e8 facile come avevo sperato. Ci sono volute diverse iterazioni per ottenere il giusto processo e assicurarsi che il team del programma sia adeguatamente formato per utilizzare tutte le funzionalit\u00e0 disponibili con tutti gli strumenti. Tutti gli strumenti devono essere integrati correttamente. \u00c8 meglio pianificare e prendersi il tempo necessario per configurarlo nel modo giusto.<\/li>\n<li><strong>&#8220;Microsoft Project, ottimo strumento per un costo accessibile&#8221;<\/strong><br \/>\nIN GENERALE: per il costo per licenza e la facilit\u00e0 d&#8217;uso, Microsoft Project \u00e8 il mio strumento di gestione dei progetti.<br \/>\nPRO: la maggior parte delle aziende ha una qualche forma di Microsoft Suite, Project non rientra nella suite standard ma quindi l&#8217;aggiunta di licenze aggiuntive per Project \u00e8 pi\u00f9 conveniente rispetto alla maggior parte dei software di gestione dei progetti. Poich\u00e9 si tratta di un prodotto Microsoft, l&#8217;interfaccia utente \u00e8 come la maggior parte dei prodotti Microsoft, quindi imparare a navigare in Project non richiede molto tempo. C&#8217;\u00e8 cos\u00ec tanto in questo strumento. Puoi fare progetti piccoli e\/o grandi su di esso. Le capacit\u00e0 che ha sono infinite, puoi davvero fare molto con questo strumento.<br \/>\nCONTRO: pu\u00f2 essere uno strumento complesso, quando ho iniziato a utilizzare Project avevo un manager che lavorava con me sul progetto e mi ha aiutato ad abituarmi a Microsoft Project. Lo usava da anni, quindi aveva una vasta conoscenza che condivideva con me. Senza il suo aiuto, penso che mi ci sarebbe voluto molto pi\u00f9 tempo per abituarmi ed essere in grado di usarlo al massimo delle sue capacit\u00e0. Detto questo, lo strumento pu\u00f2 fare molto di pi\u00f9 di quanto pensassi.<\/li>\n<\/ul>\n","protected":false},"excerpt":{"rendered":"<p>Microsoft Project \u00e8 una soluzione per la gestione\u00a0del portfolio di progetti e progetti, utilizzata da project manager e team di qualsiasi genere. Si tratta di una versione di Office 365 che ti permette di migliorare e ottimizzare il tuo flusso di lavoro, pianificando le risorse, gestendo i progetti del team e collaborando con gli stakeholder del progetto.<\/p>\n","protected":false},"author":17,"featured_media":18549,"parent":8333,"menu_order":0,"comment_status":"open","ping_status":"closed","template":"g1_template_page_review_new.php","meta":{"_acf_changed":false,"cwp_meta_box_check":"Yes","cwp_rev_product_name":"","cwp_rev_product_image":"","wppr_links":[],"cwp_rev_price":"","wppr_options":[],"wppr_pros":[],"wppr_cons":[],"_monsterinsights_skip_tracking":false,"_monsterinsights_sitenote_active":false,"_monsterinsights_sitenote_note":"","_monsterinsights_sitenote_category":0,"footnotes":""},"categories":[172],"tags":[1315,1316,1314,1330],"features":[],"class_list":{"0":"post-18547","1":"page","2":"type-page","3":"status-publish","4":"has-post-thumbnail","6":"category-online-project-management-it","7":"tag-gestione-progetti","8":"tag-online-project-management","9":"tag-project-management-software","10":"tag-project-manager"},"wppr_data":{"cwp_meta_box_check":"Yes","cwp_rev_product_name":"","cwp_rev_product_image":"","cwp_image_link":"image","cwp_rev_price":"","wppr_rating":"0.00"},"acf":[],"yoast_head":"<!-- This site is optimized with the Yoast SEO plugin v27.4 - https:\/\/yoast.com\/product\/yoast-seo-wordpress\/ -->\n<title>Microsoft Project: recensione programma - Accurate Reviews<\/title>\n<meta name=\"description\" content=\"Microsoft Project \u00e8 una soluzione per la gestione\u00a0del portfolio di progetti e progetti, utilizzata da project manager.\" \/>\n<meta name=\"robots\" content=\"index, follow, max-snippet:-1, max-image-preview:large, max-video-preview:-1\" \/>\n<link rel=\"canonical\" href=\"https:\/\/www.accuratereviews.com\/it\/project-management-online-lista-software\/microsoft-project-recensione\/\" \/>\n<meta property=\"og:locale\" content=\"it_IT\" \/>\n<meta property=\"og:type\" content=\"article\" \/>\n<meta property=\"og:title\" content=\"Microsoft Project: recensione programma - Accurate Reviews\" \/>\n<meta property=\"og:description\" content=\"Microsoft Project \u00e8 una soluzione per la gestione\u00a0del portfolio di progetti e progetti, utilizzata da project manager.\" \/>\n<meta property=\"og:url\" content=\"https:\/\/www.accuratereviews.com\/it\/project-management-online-lista-software\/microsoft-project-recensione\/\" \/>\n<meta property=\"og:site_name\" content=\"Accurate Reviews\" \/>\n<meta property=\"article:modified_time\" content=\"2021-04-27T06:42:27+00:00\" \/>\n<meta property=\"og:image\" content=\"https:\/\/www.accuratereviews.com\/wp-content\/uploads\/2019\/09\/Unknown-5.png\" \/>\n\t<meta property=\"og:image:width\" content=\"363\" \/>\n\t<meta property=\"og:image:height\" content=\"139\" \/>\n\t<meta property=\"og:image:type\" content=\"image\/png\" \/>\n<meta name=\"twitter:card\" content=\"summary_large_image\" \/>\n<meta name=\"twitter:label1\" content=\"Tempo di lettura stimato\" \/>\n\t<meta name=\"twitter:data1\" content=\"4 minuti\" \/>\n<script type=\"application\/ld+json\" class=\"yoast-schema-graph\">{\"@context\":\"https:\\\/\\\/schema.org\",\"@graph\":[{\"@type\":\"WebPage\",\"@id\":\"https:\\\/\\\/www.accuratereviews.com\\\/it\\\/project-management-online-lista-software\\\/microsoft-project-recensione\\\/\",\"url\":\"https:\\\/\\\/www.accuratereviews.com\\\/it\\\/project-management-online-lista-software\\\/microsoft-project-recensione\\\/\",\"name\":\"Microsoft Project: recensione programma - Accurate Reviews\",\"isPartOf\":{\"@id\":\"https:\\\/\\\/www.accuratereviews.com\\\/it\\\/#website\"},\"primaryImageOfPage\":{\"@id\":\"https:\\\/\\\/www.accuratereviews.com\\\/it\\\/project-management-online-lista-software\\\/microsoft-project-recensione\\\/#primaryimage\"},\"image\":{\"@id\":\"https:\\\/\\\/www.accuratereviews.com\\\/it\\\/project-management-online-lista-software\\\/microsoft-project-recensione\\\/#primaryimage\"},\"thumbnailUrl\":\"https:\\\/\\\/www.accuratereviews.com\\\/wp-content\\\/uploads\\\/2019\\\/09\\\/Unknown-5.png\",\"datePublished\":\"2019-09-25T18:19:53+00:00\",\"dateModified\":\"2021-04-27T06:42:27+00:00\",\"description\":\"Microsoft Project \u00e8 una soluzione per la gestione\u00a0del portfolio di progetti e progetti, utilizzata da project manager.\",\"breadcrumb\":{\"@id\":\"https:\\\/\\\/www.accuratereviews.com\\\/it\\\/project-management-online-lista-software\\\/microsoft-project-recensione\\\/#breadcrumb\"},\"inLanguage\":\"it-IT\",\"potentialAction\":[{\"@type\":\"ReadAction\",\"target\":[\"https:\\\/\\\/www.accuratereviews.com\\\/it\\\/project-management-online-lista-software\\\/microsoft-project-recensione\\\/\"]}]},{\"@type\":\"ImageObject\",\"inLanguage\":\"it-IT\",\"@id\":\"https:\\\/\\\/www.accuratereviews.com\\\/it\\\/project-management-online-lista-software\\\/microsoft-project-recensione\\\/#primaryimage\",\"url\":\"https:\\\/\\\/www.accuratereviews.com\\\/wp-content\\\/uploads\\\/2019\\\/09\\\/Unknown-5.png\",\"contentUrl\":\"https:\\\/\\\/www.accuratereviews.com\\\/wp-content\\\/uploads\\\/2019\\\/09\\\/Unknown-5.png\",\"width\":363,\"height\":139},{\"@type\":\"BreadcrumbList\",\"@id\":\"https:\\\/\\\/www.accuratereviews.com\\\/it\\\/project-management-online-lista-software\\\/microsoft-project-recensione\\\/#breadcrumb\",\"itemListElement\":[{\"@type\":\"ListItem\",\"position\":1,\"name\":\"Home\",\"item\":\"https:\\\/\\\/www.accuratereviews.com\\\/it\\\/\"},{\"@type\":\"ListItem\",\"position\":2,\"name\":\"Project Management Online\",\"item\":\"https:\\\/\\\/www.accuratereviews.com\\\/it\\\/project-management-online-lista-software\\\/\"},{\"@type\":\"ListItem\",\"position\":3,\"name\":\"Microsoft Project\"}]},{\"@type\":\"WebSite\",\"@id\":\"https:\\\/\\\/www.accuratereviews.com\\\/it\\\/#website\",\"url\":\"https:\\\/\\\/www.accuratereviews.com\\\/it\\\/\",\"name\":\"Accurate Reviews\",\"description\":\"\",\"potentialAction\":[{\"@type\":\"SearchAction\",\"target\":{\"@type\":\"EntryPoint\",\"urlTemplate\":\"https:\\\/\\\/www.accuratereviews.com\\\/it\\\/?s={search_term_string}\"},\"query-input\":{\"@type\":\"PropertyValueSpecification\",\"valueRequired\":true,\"valueName\":\"search_term_string\"}}],\"inLanguage\":\"it-IT\"}]}<\/script>\n<!-- \/ Yoast SEO plugin. -->","yoast_head_json":{"title":"Microsoft Project: recensione programma - Accurate Reviews","description":"Microsoft Project \u00e8 una soluzione per la gestione\u00a0del portfolio di progetti e progetti, utilizzata da project manager.","robots":{"index":"index","follow":"follow","max-snippet":"max-snippet:-1","max-image-preview":"max-image-preview:large","max-video-preview":"max-video-preview:-1"},"canonical":"https:\/\/www.accuratereviews.com\/it\/project-management-online-lista-software\/microsoft-project-recensione\/","og_locale":"it_IT","og_type":"article","og_title":"Microsoft Project: recensione programma - Accurate Reviews","og_description":"Microsoft Project \u00e8 una soluzione per la gestione\u00a0del portfolio di progetti e progetti, utilizzata da project manager.","og_url":"https:\/\/www.accuratereviews.com\/it\/project-management-online-lista-software\/microsoft-project-recensione\/","og_site_name":"Accurate Reviews","article_modified_time":"2021-04-27T06:42:27+00:00","og_image":[{"width":363,"height":139,"url":"https:\/\/www.accuratereviews.com\/wp-content\/uploads\/2019\/09\/Unknown-5.png","type":"image\/png"}],"twitter_card":"summary_large_image","twitter_misc":{"Tempo di lettura stimato":"4 minuti"},"schema":{"@context":"https:\/\/schema.org","@graph":[{"@type":"WebPage","@id":"https:\/\/www.accuratereviews.com\/it\/project-management-online-lista-software\/microsoft-project-recensione\/","url":"https:\/\/www.accuratereviews.com\/it\/project-management-online-lista-software\/microsoft-project-recensione\/","name":"Microsoft Project: recensione programma - Accurate Reviews","isPartOf":{"@id":"https:\/\/www.accuratereviews.com\/it\/#website"},"primaryImageOfPage":{"@id":"https:\/\/www.accuratereviews.com\/it\/project-management-online-lista-software\/microsoft-project-recensione\/#primaryimage"},"image":{"@id":"https:\/\/www.accuratereviews.com\/it\/project-management-online-lista-software\/microsoft-project-recensione\/#primaryimage"},"thumbnailUrl":"https:\/\/www.accuratereviews.com\/wp-content\/uploads\/2019\/09\/Unknown-5.png","datePublished":"2019-09-25T18:19:53+00:00","dateModified":"2021-04-27T06:42:27+00:00","description":"Microsoft Project \u00e8 una soluzione per la gestione\u00a0del portfolio di progetti e progetti, utilizzata da project manager.","breadcrumb":{"@id":"https:\/\/www.accuratereviews.com\/it\/project-management-online-lista-software\/microsoft-project-recensione\/#breadcrumb"},"inLanguage":"it-IT","potentialAction":[{"@type":"ReadAction","target":["https:\/\/www.accuratereviews.com\/it\/project-management-online-lista-software\/microsoft-project-recensione\/"]}]},{"@type":"ImageObject","inLanguage":"it-IT","@id":"https:\/\/www.accuratereviews.com\/it\/project-management-online-lista-software\/microsoft-project-recensione\/#primaryimage","url":"https:\/\/www.accuratereviews.com\/wp-content\/uploads\/2019\/09\/Unknown-5.png","contentUrl":"https:\/\/www.accuratereviews.com\/wp-content\/uploads\/2019\/09\/Unknown-5.png","width":363,"height":139},{"@type":"BreadcrumbList","@id":"https:\/\/www.accuratereviews.com\/it\/project-management-online-lista-software\/microsoft-project-recensione\/#breadcrumb","itemListElement":[{"@type":"ListItem","position":1,"name":"Home","item":"https:\/\/www.accuratereviews.com\/it\/"},{"@type":"ListItem","position":2,"name":"Project Management Online","item":"https:\/\/www.accuratereviews.com\/it\/project-management-online-lista-software\/"},{"@type":"ListItem","position":3,"name":"Microsoft Project"}]},{"@type":"WebSite","@id":"https:\/\/www.accuratereviews.com\/it\/#website","url":"https:\/\/www.accuratereviews.com\/it\/","name":"Accurate Reviews","description":"","potentialAction":[{"@type":"SearchAction","target":{"@type":"EntryPoint","urlTemplate":"https:\/\/www.accuratereviews.com\/it\/?s={search_term_string}"},"query-input":{"@type":"PropertyValueSpecification","valueRequired":true,"valueName":"search_term_string"}}],"inLanguage":"it-IT"}]}},"_links":{"self":[{"href":"https:\/\/www.accuratereviews.com\/it\/wp-json\/wp\/v2\/pages\/18547","targetHints":{"allow":["GET"]}}],"collection":[{"href":"https:\/\/www.accuratereviews.com\/it\/wp-json\/wp\/v2\/pages"}],"about":[{"href":"https:\/\/www.accuratereviews.com\/it\/wp-json\/wp\/v2\/types\/page"}],"author":[{"embeddable":true,"href":"https:\/\/www.accuratereviews.com\/it\/wp-json\/wp\/v2\/users\/17"}],"replies":[{"embeddable":true,"href":"https:\/\/www.accuratereviews.com\/it\/wp-json\/wp\/v2\/comments?post=18547"}],"version-history":[{"count":3,"href":"https:\/\/www.accuratereviews.com\/it\/wp-json\/wp\/v2\/pages\/18547\/revisions"}],"predecessor-version":[{"id":41099,"href":"https:\/\/www.accuratereviews.com\/it\/wp-json\/wp\/v2\/pages\/18547\/revisions\/41099"}],"up":[{"embeddable":true,"href":"https:\/\/www.accuratereviews.com\/it\/wp-json\/wp\/v2\/pages\/8333"}],"wp:featuredmedia":[{"embeddable":true,"href":"https:\/\/www.accuratereviews.com\/it\/wp-json\/wp\/v2\/media\/18549"}],"wp:attachment":[{"href":"https:\/\/www.accuratereviews.com\/it\/wp-json\/wp\/v2\/media?parent=18547"}],"wp:term":[{"taxonomy":"category","embeddable":true,"href":"https:\/\/www.accuratereviews.com\/it\/wp-json\/wp\/v2\/categories?post=18547"},{"taxonomy":"post_tag","embeddable":true,"href":"https:\/\/www.accuratereviews.com\/it\/wp-json\/wp\/v2\/tags?post=18547"},{"taxonomy":"features","embeddable":true,"href":"https:\/\/www.accuratereviews.com\/it\/wp-json\/wp\/v2\/features?post=18547"}],"curies":[{"name":"wp","href":"https:\/\/api.w.org\/{rel}","templated":true}]}}