{"id":18559,"date":"2019-09-26T16:00:43","date_gmt":"2019-09-26T16:00:43","guid":{"rendered":"https:\/\/www.accuratereviews.com\/?page_id=18559"},"modified":"2021-05-03T06:33:52","modified_gmt":"2021-05-03T06:33:52","slug":"samepage-recensione","status":"publish","type":"page","link":"https:\/\/www.accuratereviews.com\/it\/project-management-online-lista-software\/samepage-recensione\/","title":{"rendered":"Samepage"},"content":{"rendered":"<p><strong>Samepage<\/strong> \u00e8 una<strong> soluzione di collaborazione <\/strong>completa per i team aziendali. Una piattaforma unica che consente la collaborazione di gruppo attraverso funzionalit\u00e0 quali pianificazione, argomenti di discussione, ordini del giorno, riunioni, file, messaggi, conversazioni ed elenchi di attivit\u00e0.\u00a0L&#8217;applicazione incoraggia la collaborazione tra diversi team mantenendo un registro delle informazioni pertinenti a cui i membri del gruppo possono accedere.\u00a0Puoi condividere pagine con chiunque, il che significa \u00e8 sempre aggiornato e sincronizzato. <strong>Samepage<\/strong> offre app mobili per aiutare i membri del team ad accedere al servizio da qualsiasi luogo e su qualsiasi dispositivo. I file memorizzati nei servizi di condivisione pi\u00f9 diffusi come <strong>Google Drive, Dropbox, Box e OneDrive<\/strong> possono essere incorporati in un unica pagina di questo programma. La configurazione dell&#8217;account richiede meno di un minuto. Puoi invitare i membri del team a collaborare istantaneamente e creare ricche pagine collaborative utilizzando le ampie integrazioni di Samepage e le funzionalit\u00e0 di sincronizzazione dei file. \u00c8\u00a0facile da usare e il suo layout \u00e8 flessibile, ideale per semplificare i flussi di lavoro del team nel \u00a0quotidiano.<\/p>\n<h2>SAMEPAGE &#8211; TUTORIAL<\/h2>\n<p>Questo tutorial ti guida passo passo attraverso questo <strong>programma di Project Management<\/strong> \u00a0e ti offre una chiara comprensione di come iniziare a collaborare con il tuo team, l&#8217;intera organizzazione, i collaboratori esterni, clienti, ecc.:<\/p>\n<div id=\"fluid-wrapper-counter-1\" class=\"g1-fluid-wrapper \" style=\"width:686px;\">\n<div style=\"padding-bottom:56.268221574344%;\"><iframe loading=\"lazy\" title=\"Samepage Demo &amp; Tutorial (Official)\" width=\"686\" height=\"386\" src=\"https:\/\/www.youtube.com\/embed\/BsDY0EIb56A?feature=oembed&amp;wmode=transparent&amp;autohide=1&amp;autoplay=0&amp;disablekb=0&amp;fs=1&amp;loop=0&amp;enablejsapi=1&amp;rel=0&amp;controls=2&amp;showinfo=0&amp;wmode=transparent&amp;autohide=2&amp;autoplay=0&amp;disablekb=0&amp;fs=1&amp;loop=0&amp;enablejsapi=1&amp;rel=0&amp;controls=2&amp;showinfo=1\" frameborder=\"0\" allow=\"accelerometer; autoplay; clipboard-write; encrypted-media; gyroscope; picture-in-picture\" allowfullscreen><\/iframe><\/div>\n<\/div>\n<h3>SAMEPAGE &#8211; CARATTERISTICHE<\/h3>\n<ul>\n<li>Gestione della collaborazione<\/li>\n<li>Spazio di lavoro collaborativo<\/li>\n<li>Forum di discussione<\/li>\n<li>Gestione dei file<\/li>\n<li>Sincronizzazione file<\/li>\n<li>Trasferimento di file<\/li>\n<li>Programmazione di gruppo<\/li>\n<li>Messaggistica istantanea<\/li>\n<li>Gestione delle riunioni<\/li>\n<li>Accesso mobile<\/li>\n<li>Multi piattaforma<\/li>\n<li>Pianificazione delle attivit\u00e0<\/li>\n<li>Conversazione di gruppo<\/li>\n<li>Controlli di accesso dell&#8217;utente<\/li>\n<li>Videoconferenze<\/li>\n<li>Diagrammi<\/li>\n<li>Crittografia dei dati completa<\/li>\n<\/ul>\n<h4>LE RECENSIONI DEGLI UTENTI<\/h4>\n<h4>Kaith Y. &#8220;Adoro questa piattaforma&#8221;<\/h4>\n<p><strong>Commenti<\/strong>: Per me si tratta di avere un posto dove riporre tutto sui miei clienti<\/p>\n<p><strong>Vantaggi<\/strong>: Il mio utilizzo \u00e8 un po &#8216;decentrato rispetto al loro tipico utente, penso, ma fa esattamente quello di cui ho bisogno. Facilito riunioni per diversi &#8220;team&#8221; di dirigenti. Non sono un grande fan della carta o di dover inviare documenti via email. Qui posso creare aree sicure per ogni team in cui posso archiviare le informazioni del profilo per ciascun dirigente, tenere traccia delle attivit\u00e0 per ciascun individuo e del team, archiviare documenti e persino fare chat e videochiamate. Posso anche interagire con tutto il team, se lo desidero. Quello che mi piace di pi\u00f9 \u00e8 la semplicit\u00e0, l&#8217;intuitivit\u00e0 e l&#8217;elenco di &#8220;oggetti&#8221; che posso inserire in una pagina.<\/p>\n<p><strong>Inconvenienti<\/strong>: difficile trovare qualcosa. Immagino che mi piacerebbe poter impostare i livelli di accesso a livello individuale per determinate pagine, documenti, cartelle, ecc. Possibile che ci sia il modo ma io non l&#8217;ho vista.<\/p>\n<h4>Roger R. &#8220;Le prime impressioni di Samepage sono molto favorevoli&#8221;<\/h4>\n<p><strong>Vantaggi<\/strong>: Dopo aver esaminato una serie di piattaforme di collaborazione online e di gestione dei progetti, stavo giungendo alla conclusione che non ce n&#8217;era uno che soddisfacesse davvero le esigenze della mia organizzazione no profit. Poi ho scoperto Samepage. Quello che mi piace di pi\u00f9 di Samepage \u00e8 la flessibilit\u00e0 della sua struttura &#8220;team&#8221; e &#8220;pagine&#8221;. Molte delle altre piattaforme che ho provato sembravano imporre la loro struttura &#8220;incentrata sul progetto&#8221; che non \u00e8 adatta a noi perch\u00e9 non tutto ci\u00f2 che facciamo \u00e8 un progetto completo. Gran parte di ci\u00f2 che dobbiamo fare \u00e8 assicurarci che tutte le persone giuste abbiano accesso alle informazioni giuste e la struttura della pagina di Samepage ci consente di condividere file e attivit\u00e0 in modo intuitivo. Non abbiamo ancora testato alcune delle funzionalit\u00e0 di comunicazione integrate come la chat video di gruppo, ma non vediamo l&#8217;ora di provarle. L&#8217;assistenza clienti \u00e8 stata eccezionale. Mi \u00e8 stato offerto un tutorial privato e sono stato invitato a far parte di un team di supporto che \u00e8 stato molto sensibile alle mie domande.<\/p>\n<p><strong>Inconvenienti<\/strong>: la mia preoccupazione iniziale era che avrei avuto difficolt\u00e0 a usare Samepage oltre ad altri strumenti e piattaforme che utilizzo come Google Calendar, Gmail e Google Task. Esistono altre piattaforme come Asana e ClickUp con estensioni di Chrome fantasiose che rendono semplice andare avanti e indietro tra i prodotti Google. Alla fine, comunque, sono arrivato a una soluzione molto efficace usando Zapier. Ora, ad esempio, quando salvo un&#8217;attivit\u00e0 in Google Task, questa viene automaticamente aggiunta anche al mio elenco attivit\u00e0 Samepage. Quindi, anche se per la prima volta ho pensato che le integrazioni di Samepage fossero un punto debole, ora so che posso fargli fare tutto quello che voglio con un piccolo aiuto da Zapier.<\/p>\n<h4>Sarah L. &#8220;Collaborazione facile con clienti e fornitori&#8221;<\/h4>\n<p><strong>Commenti<\/strong>: Ho bisogno di condividere un documento, un&#8217;immagine, un concetto, un piano di progetto, ecc. A fini di collaborazione. Non solo email, ho bisogno di feedback di gruppo e conversazione su un argomento. La funzione di chat consente a tutti di vedere cosa sta succedendo anzich\u00e9 inondare una casella di posta e fare in modo che i punti passino osservati.<\/p>\n<p><strong>Vantaggi<\/strong>: Ci sono molte cose che mi piacciono di questo software, quindi \u00e8 difficile sceglierne solo una. Quindi commenter\u00f2 quello pi\u00f9 vicino al processo decisionale della mia piccola impresa. Adoro il fatto che non devo pagare per ogni utente. Ho un modello di business che prevede che gli utenti cambino mensilmente e talvolta settimanalmente. In quanto titolare di una piccola impresa, ci\u00f2 mi consente di condividere una pagina quando \u00e8 necessario o di collaborare per mesi con qualcuno.<\/p>\n<p><strong>Inconvenienti<\/strong>: l&#8217;app per Android e i messaggi vocali. Quando rispondo a una chat utilizzando il mio Samsung Galaxy 7, tutte le parole digitate sembrano sottolineate in modo che appaiano errate. E quando provo a scrivere un messaggio vocale, devo abbassare il telefono e attendere circa un minuto affinch\u00e9 raggiunga. Inoltre, a volte c&#8217;\u00e8 un problema di sincronizzazione con la cartella dei file offline. Non sono sicuro del motivo per cui questo sta accadendo, ma mi piacerebbe che risolvessero il problema.<\/p>\n","protected":false},"excerpt":{"rendered":"<p>Samepage \u00e8 una soluzione di collaborazione completa per i team aziendali. Una piattaforma unica che consente la collaborazione di gruppo attraverso funzionalit\u00e0 quali pianificazione, argomenti di discussione, ordini del giorno, riunioni, file, messaggi, conversazioni ed elenchi di attivit\u00e0.\u00a0L&#8217;applicazione incoraggia la collaborazione tra diversi team mantenendo un registro delle informazioni pertinenti a cui i membri del gruppo possono accedere.<\/p>\n","protected":false},"author":19,"featured_media":18573,"parent":8333,"menu_order":0,"comment_status":"open","ping_status":"closed","template":"g1_template_page_review_new.php","meta":{"_acf_changed":false,"cwp_meta_box_check":"Yes","cwp_rev_product_name":"","cwp_rev_product_image":"","wppr_links":[],"cwp_rev_price":"","wppr_options":[],"wppr_pros":[],"wppr_cons":[],"_monsterinsights_skip_tracking":false,"_monsterinsights_sitenote_active":false,"_monsterinsights_sitenote_note":"","_monsterinsights_sitenote_category":0,"footnotes":""},"categories":[172],"tags":[1298,491,490,608,1310,1332,1309,1333],"features":[],"class_list":{"0":"post-18559","1":"page","2":"type-page","3":"status-publish","4":"has-post-thumbnail","6":"category-online-project-management-it","7":"tag-box","8":"tag-dropbox","9":"tag-google-drive","10":"tag-onedrive","11":"tag-programma-project-management","12":"tag-samepage","13":"tag-software-project-management","14":"tag-soluzione-di-collaborazione"},"wppr_data":{"cwp_meta_box_check":"Yes","cwp_rev_product_name":"","cwp_rev_product_image":"","cwp_image_link":"image","cwp_rev_price":"","wppr_rating":"0.00"},"acf":[],"yoast_head":"<!-- This site is optimized with the Yoast SEO plugin v27.4 - https:\/\/yoast.com\/product\/yoast-seo-wordpress\/ -->\n<title>Samepage: recensione software project Management - Accurate Reviews<\/title>\n<meta name=\"description\" content=\"Samepage: recensione piattaforma che consente la collaborazione di gruppo attraverso funzionalit\u00e0 quali pianificazione, chat e riunioni.\" \/>\n<meta name=\"robots\" content=\"index, follow, max-snippet:-1, max-image-preview:large, max-video-preview:-1\" \/>\n<link rel=\"canonical\" href=\"https:\/\/www.accuratereviews.com\/it\/project-management-online-lista-software\/samepage-recensione\/\" \/>\n<meta property=\"og:locale\" content=\"it_IT\" \/>\n<meta property=\"og:type\" content=\"article\" \/>\n<meta property=\"og:title\" content=\"Samepage: recensione software project Management - Accurate Reviews\" \/>\n<meta property=\"og:description\" content=\"Samepage: recensione piattaforma che consente la collaborazione di gruppo attraverso funzionalit\u00e0 quali pianificazione, chat e riunioni.\" \/>\n<meta property=\"og:url\" content=\"https:\/\/www.accuratereviews.com\/it\/project-management-online-lista-software\/samepage-recensione\/\" \/>\n<meta property=\"og:site_name\" content=\"Accurate Reviews\" \/>\n<meta property=\"article:modified_time\" content=\"2021-05-03T06:33:52+00:00\" \/>\n<meta property=\"og:image\" content=\"https:\/\/www.accuratereviews.com\/wp-content\/uploads\/2019\/09\/samepage.png\" \/>\n\t<meta property=\"og:image:width\" content=\"600\" \/>\n\t<meta property=\"og:image:height\" content=\"315\" \/>\n\t<meta property=\"og:image:type\" content=\"image\/png\" \/>\n<meta name=\"twitter:card\" content=\"summary_large_image\" \/>\n<meta name=\"twitter:label1\" content=\"Tempo di lettura stimato\" \/>\n\t<meta name=\"twitter:data1\" content=\"5 minuti\" \/>\n<script type=\"application\/ld+json\" class=\"yoast-schema-graph\">{\"@context\":\"https:\\\/\\\/schema.org\",\"@graph\":[{\"@type\":\"WebPage\",\"@id\":\"https:\\\/\\\/www.accuratereviews.com\\\/it\\\/project-management-online-lista-software\\\/samepage-recensione\\\/\",\"url\":\"https:\\\/\\\/www.accuratereviews.com\\\/it\\\/project-management-online-lista-software\\\/samepage-recensione\\\/\",\"name\":\"Samepage: recensione software project Management - Accurate Reviews\",\"isPartOf\":{\"@id\":\"https:\\\/\\\/www.accuratereviews.com\\\/it\\\/#website\"},\"primaryImageOfPage\":{\"@id\":\"https:\\\/\\\/www.accuratereviews.com\\\/it\\\/project-management-online-lista-software\\\/samepage-recensione\\\/#primaryimage\"},\"image\":{\"@id\":\"https:\\\/\\\/www.accuratereviews.com\\\/it\\\/project-management-online-lista-software\\\/samepage-recensione\\\/#primaryimage\"},\"thumbnailUrl\":\"https:\\\/\\\/www.accuratereviews.com\\\/wp-content\\\/uploads\\\/2019\\\/09\\\/samepage.png\",\"datePublished\":\"2019-09-26T16:00:43+00:00\",\"dateModified\":\"2021-05-03T06:33:52+00:00\",\"description\":\"Samepage: recensione piattaforma che consente la collaborazione di gruppo attraverso funzionalit\u00e0 quali pianificazione, chat e riunioni.\",\"breadcrumb\":{\"@id\":\"https:\\\/\\\/www.accuratereviews.com\\\/it\\\/project-management-online-lista-software\\\/samepage-recensione\\\/#breadcrumb\"},\"inLanguage\":\"it-IT\",\"potentialAction\":[{\"@type\":\"ReadAction\",\"target\":[\"https:\\\/\\\/www.accuratereviews.com\\\/it\\\/project-management-online-lista-software\\\/samepage-recensione\\\/\"]}]},{\"@type\":\"ImageObject\",\"inLanguage\":\"it-IT\",\"@id\":\"https:\\\/\\\/www.accuratereviews.com\\\/it\\\/project-management-online-lista-software\\\/samepage-recensione\\\/#primaryimage\",\"url\":\"https:\\\/\\\/www.accuratereviews.com\\\/wp-content\\\/uploads\\\/2019\\\/09\\\/samepage.png\",\"contentUrl\":\"https:\\\/\\\/www.accuratereviews.com\\\/wp-content\\\/uploads\\\/2019\\\/09\\\/samepage.png\",\"width\":600,\"height\":315},{\"@type\":\"BreadcrumbList\",\"@id\":\"https:\\\/\\\/www.accuratereviews.com\\\/it\\\/project-management-online-lista-software\\\/samepage-recensione\\\/#breadcrumb\",\"itemListElement\":[{\"@type\":\"ListItem\",\"position\":1,\"name\":\"Home\",\"item\":\"https:\\\/\\\/www.accuratereviews.com\\\/it\\\/\"},{\"@type\":\"ListItem\",\"position\":2,\"name\":\"Project Management Online\",\"item\":\"https:\\\/\\\/www.accuratereviews.com\\\/it\\\/project-management-online-lista-software\\\/\"},{\"@type\":\"ListItem\",\"position\":3,\"name\":\"Samepage\"}]},{\"@type\":\"WebSite\",\"@id\":\"https:\\\/\\\/www.accuratereviews.com\\\/it\\\/#website\",\"url\":\"https:\\\/\\\/www.accuratereviews.com\\\/it\\\/\",\"name\":\"Accurate Reviews\",\"description\":\"\",\"potentialAction\":[{\"@type\":\"SearchAction\",\"target\":{\"@type\":\"EntryPoint\",\"urlTemplate\":\"https:\\\/\\\/www.accuratereviews.com\\\/it\\\/?s={search_term_string}\"},\"query-input\":{\"@type\":\"PropertyValueSpecification\",\"valueRequired\":true,\"valueName\":\"search_term_string\"}}],\"inLanguage\":\"it-IT\"}]}<\/script>\n<!-- \/ Yoast SEO plugin. -->","yoast_head_json":{"title":"Samepage: recensione software project Management - Accurate Reviews","description":"Samepage: recensione piattaforma che consente la collaborazione di gruppo attraverso funzionalit\u00e0 quali pianificazione, chat e riunioni.","robots":{"index":"index","follow":"follow","max-snippet":"max-snippet:-1","max-image-preview":"max-image-preview:large","max-video-preview":"max-video-preview:-1"},"canonical":"https:\/\/www.accuratereviews.com\/it\/project-management-online-lista-software\/samepage-recensione\/","og_locale":"it_IT","og_type":"article","og_title":"Samepage: recensione software project Management - Accurate Reviews","og_description":"Samepage: recensione piattaforma che consente la collaborazione di gruppo attraverso funzionalit\u00e0 quali pianificazione, chat e riunioni.","og_url":"https:\/\/www.accuratereviews.com\/it\/project-management-online-lista-software\/samepage-recensione\/","og_site_name":"Accurate Reviews","article_modified_time":"2021-05-03T06:33:52+00:00","og_image":[{"width":600,"height":315,"url":"https:\/\/www.accuratereviews.com\/wp-content\/uploads\/2019\/09\/samepage.png","type":"image\/png"}],"twitter_card":"summary_large_image","twitter_misc":{"Tempo di lettura stimato":"5 minuti"},"schema":{"@context":"https:\/\/schema.org","@graph":[{"@type":"WebPage","@id":"https:\/\/www.accuratereviews.com\/it\/project-management-online-lista-software\/samepage-recensione\/","url":"https:\/\/www.accuratereviews.com\/it\/project-management-online-lista-software\/samepage-recensione\/","name":"Samepage: recensione software project Management - Accurate Reviews","isPartOf":{"@id":"https:\/\/www.accuratereviews.com\/it\/#website"},"primaryImageOfPage":{"@id":"https:\/\/www.accuratereviews.com\/it\/project-management-online-lista-software\/samepage-recensione\/#primaryimage"},"image":{"@id":"https:\/\/www.accuratereviews.com\/it\/project-management-online-lista-software\/samepage-recensione\/#primaryimage"},"thumbnailUrl":"https:\/\/www.accuratereviews.com\/wp-content\/uploads\/2019\/09\/samepage.png","datePublished":"2019-09-26T16:00:43+00:00","dateModified":"2021-05-03T06:33:52+00:00","description":"Samepage: recensione piattaforma che consente la collaborazione di gruppo attraverso funzionalit\u00e0 quali pianificazione, chat e riunioni.","breadcrumb":{"@id":"https:\/\/www.accuratereviews.com\/it\/project-management-online-lista-software\/samepage-recensione\/#breadcrumb"},"inLanguage":"it-IT","potentialAction":[{"@type":"ReadAction","target":["https:\/\/www.accuratereviews.com\/it\/project-management-online-lista-software\/samepage-recensione\/"]}]},{"@type":"ImageObject","inLanguage":"it-IT","@id":"https:\/\/www.accuratereviews.com\/it\/project-management-online-lista-software\/samepage-recensione\/#primaryimage","url":"https:\/\/www.accuratereviews.com\/wp-content\/uploads\/2019\/09\/samepage.png","contentUrl":"https:\/\/www.accuratereviews.com\/wp-content\/uploads\/2019\/09\/samepage.png","width":600,"height":315},{"@type":"BreadcrumbList","@id":"https:\/\/www.accuratereviews.com\/it\/project-management-online-lista-software\/samepage-recensione\/#breadcrumb","itemListElement":[{"@type":"ListItem","position":1,"name":"Home","item":"https:\/\/www.accuratereviews.com\/it\/"},{"@type":"ListItem","position":2,"name":"Project Management Online","item":"https:\/\/www.accuratereviews.com\/it\/project-management-online-lista-software\/"},{"@type":"ListItem","position":3,"name":"Samepage"}]},{"@type":"WebSite","@id":"https:\/\/www.accuratereviews.com\/it\/#website","url":"https:\/\/www.accuratereviews.com\/it\/","name":"Accurate Reviews","description":"","potentialAction":[{"@type":"SearchAction","target":{"@type":"EntryPoint","urlTemplate":"https:\/\/www.accuratereviews.com\/it\/?s={search_term_string}"},"query-input":{"@type":"PropertyValueSpecification","valueRequired":true,"valueName":"search_term_string"}}],"inLanguage":"it-IT"}]}},"_links":{"self":[{"href":"https:\/\/www.accuratereviews.com\/it\/wp-json\/wp\/v2\/pages\/18559","targetHints":{"allow":["GET"]}}],"collection":[{"href":"https:\/\/www.accuratereviews.com\/it\/wp-json\/wp\/v2\/pages"}],"about":[{"href":"https:\/\/www.accuratereviews.com\/it\/wp-json\/wp\/v2\/types\/page"}],"author":[{"embeddable":true,"href":"https:\/\/www.accuratereviews.com\/it\/wp-json\/wp\/v2\/users\/19"}],"replies":[{"embeddable":true,"href":"https:\/\/www.accuratereviews.com\/it\/wp-json\/wp\/v2\/comments?post=18559"}],"version-history":[{"count":9,"href":"https:\/\/www.accuratereviews.com\/it\/wp-json\/wp\/v2\/pages\/18559\/revisions"}],"predecessor-version":[{"id":32165,"href":"https:\/\/www.accuratereviews.com\/it\/wp-json\/wp\/v2\/pages\/18559\/revisions\/32165"}],"up":[{"embeddable":true,"href":"https:\/\/www.accuratereviews.com\/it\/wp-json\/wp\/v2\/pages\/8333"}],"wp:featuredmedia":[{"embeddable":true,"href":"https:\/\/www.accuratereviews.com\/it\/wp-json\/wp\/v2\/media\/18573"}],"wp:attachment":[{"href":"https:\/\/www.accuratereviews.com\/it\/wp-json\/wp\/v2\/media?parent=18559"}],"wp:term":[{"taxonomy":"category","embeddable":true,"href":"https:\/\/www.accuratereviews.com\/it\/wp-json\/wp\/v2\/categories?post=18559"},{"taxonomy":"post_tag","embeddable":true,"href":"https:\/\/www.accuratereviews.com\/it\/wp-json\/wp\/v2\/tags?post=18559"},{"taxonomy":"features","embeddable":true,"href":"https:\/\/www.accuratereviews.com\/it\/wp-json\/wp\/v2\/features?post=18559"}],"curies":[{"name":"wp","href":"https:\/\/api.w.org\/{rel}","templated":true}]}}