{"id":18584,"date":"2019-09-27T06:33:40","date_gmt":"2019-09-27T06:33:40","guid":{"rendered":"https:\/\/www.accuratereviews.com\/?page_id=18584"},"modified":"2021-05-03T06:33:20","modified_gmt":"2021-05-03T06:33:20","slug":"meistertask-recensione","status":"publish","type":"page","link":"https:\/\/www.accuratereviews.com\/it\/project-management-online-lista-software\/meistertask-recensione\/","title":{"rendered":"MeisterTask"},"content":{"rendered":"<div class=\"mb-2\">\n<p><strong>MeisterTask\u00a0<\/strong>\u00e8 un ottimo <strong>software di gestione delle attivit\u00e0 e dei progetti<\/strong>, utile per qualsiasi team che abbia bisogno di ottimizzare il flusso di lavoro. Si tratta di uno <strong>strumento di task management<\/strong> online, personalizzabile in base alle proprie esigenze e davvero intuitivo, quindi accessibile a chiunque. Offre delle schede di progetto flessibili, in stile kanban, che consentono al tuo team di <strong>gestire facilmente le attivit\u00e0 e i progetti<\/strong> a cui si sta collaborando, migliorando nettamente la qualit\u00e0 del lavoro. Inoltre <strong>MeisterTask\u00a0<\/strong>pu\u00f2 essere integrato con moltissimi strumenti e app famose come Zendesk, Slack e GitHub che ti facilitano ulteriormente il lavoro.<\/p>\n<h2>COME GESTIRE I PROGETI CON MEISTERTASK &#8211; TUTORIAL<\/h2>\n<p>Ecco un video tutorial che ci mostra come funziona <strong>Meistertask<\/strong>:<\/p>\n<div id=\"fluid-wrapper-counter-1\" class=\"g1-fluid-wrapper \" style=\"width:686px;\">\n<div style=\"padding-bottom:56.268221574344%;\"><iframe loading=\"lazy\" title=\"MeisterTask Tutorial: Working with Sections &amp; Tags\" width=\"515\" height=\"386\" src=\"https:\/\/www.youtube.com\/embed\/lP_4e7ahKCk?feature=oembed&amp;wmode=transparent&amp;autohide=1&amp;autoplay=0&amp;disablekb=0&amp;fs=1&amp;loop=0&amp;enablejsapi=1&amp;rel=0&amp;controls=2&amp;showinfo=0&amp;wmode=transparent&amp;autohide=2&amp;autoplay=0&amp;disablekb=0&amp;fs=1&amp;loop=0&amp;enablejsapi=1&amp;rel=0&amp;controls=2&amp;showinfo=1\" frameborder=\"0\" allow=\"accelerometer; autoplay; clipboard-write; encrypted-media; gyroscope; picture-in-picture\" allowfullscreen><\/iframe><\/div>\n<\/div>\n<h3>MEISTERTASK &#8211; CARATTERISTICHE<\/h3>\n<p>Di seguito le sue principali caratteristiche:<\/p>\n<ul>\n<li class=\"block-listing-item-2 with-link\"><strong>Relazioni per l&#8217;attivit\u00e0<\/strong>: etichetta le attivit\u00e0 come connesse, duplicate o bloccate da altre attivit\u00e0 e ricevi una notifica quando un bloccaggio viene risolto<\/li>\n<li class=\"block-listing-item-2 with-link\"><strong>Automazioni<\/strong>: configura le azioni automatiche all&#8217;interno dei tuoi progetti cos\u00ec da ottimizzare il tuo lavoro<\/li>\n<li class=\"block-listing-item-2 with-link\"><strong>Elenchi di controllo multipli<\/strong>: suddividi gli elenchi di attivit\u00e0 in sotto elenchi, salvali e riutilizzali quando ti servono<\/li>\n<li class=\"block-listing-item-2 with-link\"><strong>Attivit\u00e0 ricorrenti<\/strong>: imposta attivit\u00e0 ricorrenti per le cose da fare che devono essere ripetute cos\u00ec da essere pi\u00f9 comodo<\/li>\n<li class=\"block-listing-item-2 with-link\"><strong>Monitoraggio delle tempistiche<\/strong>: rimani sempre aggiornato sapendo quanto tempo hai impiegato per completare un&#8217;attivit\u00e0 facendo uso del monitoraggio del tempo integrato di MeisterTask<\/li>\n<li class=\"block-listing-item-2 with-link\"><strong>Campi<\/strong>: definisci i campi personalizzati per i tuoi progetti.<\/li>\n<\/ul>\n<h3>LE RECENSIONI DEGLI UTENTI<\/h3>\n<div class=\"tlid-input input\">\n<div class=\"source-wrap\">\n<div class=\"input-full-height-wrapper tlid-input-full-height-wrapper\">\n<div class=\"source-input\">\n<div class=\"source-footer-wrap source-or-target-footer\">\n<div class=\"source-footer\">\n<div class=\"src-tts left-positioned ttsbutton jfk-button-flat source-or-target-footer-button jfk-button\" tabindex=\"0\" role=\"button\" aria-label=\"Ascolta\" data-tooltip=\"Ascolta\" aria-pressed=\"false\" data-tooltip-align=\"t,c\" aria-hidden=\"false\" aria-disabled=\"false\">\n<ul>\n<li class=\"jfk-button-img\"><strong>&#8220;Massimizza il tuo tempo, minimizza la curva di apprendimento&#8221;<br \/>\n<\/strong>IN GENERALE: Nel complesso, l&#8217;esperienza \u00e8 meravigliosa. Lo consiglio vivamente.<br \/>\nPRO: a differenza di altre piattaforme di gestione dei progetti, Meistertask non \u00e8 solo conveniente, ma ti consente di fare di pi\u00f9 con le loro funzionalit\u00e0 di base che si amplificano solo con una delle versioni a pagamento. Meistertask non \u00e8 solo un ottimo strumento per accelerare il flusso di lavoro, ma \u00e8 anche altamente intuitivo. Anche se non hai mai usato la piattaforma in precedenza, molto probabilmente sarai operativo entro 30 minuti. L&#8217;interfaccia di trascinamento della selezione \u00e8 incredibilmente veloce, rendendola ideale per utenti principianti e avanzati.<br \/>\nCONTRO: L&#8217;unico problema che ho con il software \u00e8 la mancanza di visualizzazione dell&#8217;elenco per il flusso di lavoro del progetto. Vorrei anche vedere la vista del calendario dei progetti attuali e non solo nella vista dei rapporti.<\/li>\n<\/ul>\n<\/div>\n<\/div>\n<\/div>\n<\/div>\n<\/div>\n<\/div>\n<\/div>\n<div class=\"tlid-results-container results-container\">\n<div class=\"tlid-result result-dict-wrapper\">\n<div class=\"result tlid-copy-target\">\n<div class=\"text-wrap tlid-copy-target\">\n<ul>\n<li class=\"result-shield-container tlid-copy-target\" tabindex=\"0\"><span class=\"tlid-translation translation\" lang=\"it\"><strong>&#8220;Tavola kanban buona e facile&#8221;<\/strong><br \/>\nIN GENERALE: per un po&#8217; l&#8217;ho usato quotidianamente per progetti freelance e pianificazione della vita privata.<br \/>\nPRO: facile da usare, buona funzionalit\u00e0 nella versione gratuita. Buono per piccoli progetti e uso privato o freelance.<br \/>\nCONTRO: mi piacerebbe lo spazio illimitato per aggiungere testo nelle carte (\u00e8 limitato nella mia versione gratuita, forse anche nella versione a pagamento)<\/span><\/li>\n<li class=\"result-shield-container tlid-copy-target\" tabindex=\"0\"><span class=\"tlid-translation translation\" lang=\"it\"><strong>&#8220;Migliore pianificazione e gestione del progetto&#8221;<\/strong><br \/>\nIN GENERALE: prima di Meister Task, avere un sistema di gestione dei progetti centralizzato che ci permettesse di tenere traccia dei progetti, assegnare compiti e riferire sui progressi, era un incubo. Oggi lo troviamo molto pi\u00f9 facile grazie a MT.<br \/>\nPRO: le piattaforme software sono perfettamente integrate e ho accesso ai miei compiti in viaggio.<br \/>\nCONTRO: non ho ancora riscontrato alcun problema con questo software, ma appena lo far\u00f2, li porter\u00f2 sicuramente al team di sviluppo. Tuttavia, fornire la possibilit\u00e0 di aggiungere risorse a livello di progetto (file e allegati) sarebbe utile. Anche l&#8217;assenza di aggiornamenti e-mail su attivit\u00e0 in sospeso (non basate su calendario) potrebbe essere utile.<\/span><\/li>\n<\/ul>\n<\/div>\n<\/div>\n<\/div>\n<\/div>\n<\/div>\n<div class=\"card island-light\">\n<div class=\"card-body media-viewer px-0 pt-0\">\n<div class=\"container\"><\/div>\n<\/div>\n<\/div>\n","protected":false},"excerpt":{"rendered":"<p>MeisterTask\u00a0\u00e8 un ottimo software di gestione delle attivit\u00e0 e dei progetti, utile per qualsiasi team che abbia bisogno di ottimizzare il flusso di lavoro. Si tratta di uno strumento di task management online, personalizzabile in base alle proprie esigenze e davvero intuitivo, quindi accessibile a chiunque.\u00a0<\/p>\n","protected":false},"author":17,"featured_media":18585,"parent":8333,"menu_order":0,"comment_status":"open","ping_status":"closed","template":"g1_template_page_review_new.php","meta":{"_acf_changed":false,"cwp_meta_box_check":"Yes","cwp_rev_product_name":"","cwp_rev_product_image":"","wppr_links":[],"cwp_rev_price":"","wppr_options":[],"wppr_pros":[],"wppr_cons":[],"_monsterinsights_skip_tracking":false,"_monsterinsights_sitenote_active":false,"_monsterinsights_sitenote_note":"","_monsterinsights_sitenote_category":0,"footnotes":""},"categories":[172],"tags":[1315,1316,1334,1314],"features":[],"class_list":{"0":"post-18584","1":"page","2":"type-page","3":"status-publish","4":"has-post-thumbnail","6":"category-online-project-management-it","7":"tag-gestione-progetti","8":"tag-online-project-management","9":"tag-programma-di-gestione-progetti","10":"tag-project-management-software"},"wppr_data":{"cwp_meta_box_check":"Yes","cwp_rev_product_name":"","cwp_rev_product_image":"","cwp_image_link":"image","cwp_rev_price":"","wppr_rating":"0.00"},"acf":[],"yoast_head":"<!-- This site is optimized with the Yoast SEO plugin v27.4 - https:\/\/yoast.com\/product\/yoast-seo-wordpress\/ -->\n<title>MeisterTask: recensione software di gestione progetti - Accurate Reviews<\/title>\n<meta name=\"description\" content=\"MeisterTask: recensione software di gestione di attivit\u00e0 e progetti utile per team che hanno bisogno di ottimizzare il flusso di lavoro.\" \/>\n<meta name=\"robots\" content=\"index, follow, max-snippet:-1, max-image-preview:large, max-video-preview:-1\" \/>\n<link rel=\"canonical\" href=\"https:\/\/www.accuratereviews.com\/it\/project-management-online-lista-software\/meistertask-recensione\/\" \/>\n<meta property=\"og:locale\" content=\"it_IT\" \/>\n<meta property=\"og:type\" content=\"article\" \/>\n<meta property=\"og:title\" content=\"MeisterTask: recensione software di gestione progetti - Accurate Reviews\" \/>\n<meta property=\"og:description\" content=\"MeisterTask: recensione software di gestione di attivit\u00e0 e progetti utile per team che hanno bisogno di ottimizzare il flusso di lavoro.\" \/>\n<meta property=\"og:url\" content=\"https:\/\/www.accuratereviews.com\/it\/project-management-online-lista-software\/meistertask-recensione\/\" \/>\n<meta property=\"og:site_name\" content=\"Accurate Reviews\" \/>\n<meta property=\"article:modified_time\" content=\"2021-05-03T06:33:20+00:00\" \/>\n<meta property=\"og:image\" content=\"https:\/\/www.accuratereviews.com\/wp-content\/uploads\/2019\/09\/images.png\" \/>\n\t<meta property=\"og:image:width\" content=\"225\" \/>\n\t<meta property=\"og:image:height\" content=\"225\" \/>\n\t<meta property=\"og:image:type\" content=\"image\/png\" \/>\n<meta name=\"twitter:card\" content=\"summary_large_image\" \/>\n<meta name=\"twitter:label1\" content=\"Tempo di lettura stimato\" \/>\n\t<meta name=\"twitter:data1\" content=\"3 minuti\" \/>\n<script type=\"application\/ld+json\" class=\"yoast-schema-graph\">{\"@context\":\"https:\\\/\\\/schema.org\",\"@graph\":[{\"@type\":\"WebPage\",\"@id\":\"https:\\\/\\\/www.accuratereviews.com\\\/it\\\/project-management-online-lista-software\\\/meistertask-recensione\\\/\",\"url\":\"https:\\\/\\\/www.accuratereviews.com\\\/it\\\/project-management-online-lista-software\\\/meistertask-recensione\\\/\",\"name\":\"MeisterTask: recensione software di gestione progetti - Accurate Reviews\",\"isPartOf\":{\"@id\":\"https:\\\/\\\/www.accuratereviews.com\\\/it\\\/#website\"},\"primaryImageOfPage\":{\"@id\":\"https:\\\/\\\/www.accuratereviews.com\\\/it\\\/project-management-online-lista-software\\\/meistertask-recensione\\\/#primaryimage\"},\"image\":{\"@id\":\"https:\\\/\\\/www.accuratereviews.com\\\/it\\\/project-management-online-lista-software\\\/meistertask-recensione\\\/#primaryimage\"},\"thumbnailUrl\":\"https:\\\/\\\/www.accuratereviews.com\\\/wp-content\\\/uploads\\\/2019\\\/09\\\/images.png\",\"datePublished\":\"2019-09-27T06:33:40+00:00\",\"dateModified\":\"2021-05-03T06:33:20+00:00\",\"description\":\"MeisterTask: recensione software di gestione di attivit\u00e0 e progetti utile per team che hanno bisogno di ottimizzare il flusso di lavoro.\",\"breadcrumb\":{\"@id\":\"https:\\\/\\\/www.accuratereviews.com\\\/it\\\/project-management-online-lista-software\\\/meistertask-recensione\\\/#breadcrumb\"},\"inLanguage\":\"it-IT\",\"potentialAction\":[{\"@type\":\"ReadAction\",\"target\":[\"https:\\\/\\\/www.accuratereviews.com\\\/it\\\/project-management-online-lista-software\\\/meistertask-recensione\\\/\"]}]},{\"@type\":\"ImageObject\",\"inLanguage\":\"it-IT\",\"@id\":\"https:\\\/\\\/www.accuratereviews.com\\\/it\\\/project-management-online-lista-software\\\/meistertask-recensione\\\/#primaryimage\",\"url\":\"https:\\\/\\\/www.accuratereviews.com\\\/wp-content\\\/uploads\\\/2019\\\/09\\\/images.png\",\"contentUrl\":\"https:\\\/\\\/www.accuratereviews.com\\\/wp-content\\\/uploads\\\/2019\\\/09\\\/images.png\",\"width\":225,\"height\":225},{\"@type\":\"BreadcrumbList\",\"@id\":\"https:\\\/\\\/www.accuratereviews.com\\\/it\\\/project-management-online-lista-software\\\/meistertask-recensione\\\/#breadcrumb\",\"itemListElement\":[{\"@type\":\"ListItem\",\"position\":1,\"name\":\"Home\",\"item\":\"https:\\\/\\\/www.accuratereviews.com\\\/it\\\/\"},{\"@type\":\"ListItem\",\"position\":2,\"name\":\"Project Management Online\",\"item\":\"https:\\\/\\\/www.accuratereviews.com\\\/it\\\/project-management-online-lista-software\\\/\"},{\"@type\":\"ListItem\",\"position\":3,\"name\":\"MeisterTask\"}]},{\"@type\":\"WebSite\",\"@id\":\"https:\\\/\\\/www.accuratereviews.com\\\/it\\\/#website\",\"url\":\"https:\\\/\\\/www.accuratereviews.com\\\/it\\\/\",\"name\":\"Accurate Reviews\",\"description\":\"\",\"potentialAction\":[{\"@type\":\"SearchAction\",\"target\":{\"@type\":\"EntryPoint\",\"urlTemplate\":\"https:\\\/\\\/www.accuratereviews.com\\\/it\\\/?s={search_term_string}\"},\"query-input\":{\"@type\":\"PropertyValueSpecification\",\"valueRequired\":true,\"valueName\":\"search_term_string\"}}],\"inLanguage\":\"it-IT\"}]}<\/script>\n<!-- \/ Yoast SEO plugin. -->","yoast_head_json":{"title":"MeisterTask: recensione software di gestione progetti - Accurate Reviews","description":"MeisterTask: recensione software di gestione di attivit\u00e0 e progetti utile per team che hanno bisogno di ottimizzare il flusso di lavoro.","robots":{"index":"index","follow":"follow","max-snippet":"max-snippet:-1","max-image-preview":"max-image-preview:large","max-video-preview":"max-video-preview:-1"},"canonical":"https:\/\/www.accuratereviews.com\/it\/project-management-online-lista-software\/meistertask-recensione\/","og_locale":"it_IT","og_type":"article","og_title":"MeisterTask: recensione software di gestione progetti - Accurate Reviews","og_description":"MeisterTask: recensione software di gestione di attivit\u00e0 e progetti utile per team che hanno bisogno di ottimizzare il flusso di lavoro.","og_url":"https:\/\/www.accuratereviews.com\/it\/project-management-online-lista-software\/meistertask-recensione\/","og_site_name":"Accurate Reviews","article_modified_time":"2021-05-03T06:33:20+00:00","og_image":[{"width":225,"height":225,"url":"https:\/\/www.accuratereviews.com\/wp-content\/uploads\/2019\/09\/images.png","type":"image\/png"}],"twitter_card":"summary_large_image","twitter_misc":{"Tempo di lettura stimato":"3 minuti"},"schema":{"@context":"https:\/\/schema.org","@graph":[{"@type":"WebPage","@id":"https:\/\/www.accuratereviews.com\/it\/project-management-online-lista-software\/meistertask-recensione\/","url":"https:\/\/www.accuratereviews.com\/it\/project-management-online-lista-software\/meistertask-recensione\/","name":"MeisterTask: recensione software di gestione progetti - Accurate Reviews","isPartOf":{"@id":"https:\/\/www.accuratereviews.com\/it\/#website"},"primaryImageOfPage":{"@id":"https:\/\/www.accuratereviews.com\/it\/project-management-online-lista-software\/meistertask-recensione\/#primaryimage"},"image":{"@id":"https:\/\/www.accuratereviews.com\/it\/project-management-online-lista-software\/meistertask-recensione\/#primaryimage"},"thumbnailUrl":"https:\/\/www.accuratereviews.com\/wp-content\/uploads\/2019\/09\/images.png","datePublished":"2019-09-27T06:33:40+00:00","dateModified":"2021-05-03T06:33:20+00:00","description":"MeisterTask: recensione software di gestione di attivit\u00e0 e progetti utile per team che hanno bisogno di ottimizzare il flusso di lavoro.","breadcrumb":{"@id":"https:\/\/www.accuratereviews.com\/it\/project-management-online-lista-software\/meistertask-recensione\/#breadcrumb"},"inLanguage":"it-IT","potentialAction":[{"@type":"ReadAction","target":["https:\/\/www.accuratereviews.com\/it\/project-management-online-lista-software\/meistertask-recensione\/"]}]},{"@type":"ImageObject","inLanguage":"it-IT","@id":"https:\/\/www.accuratereviews.com\/it\/project-management-online-lista-software\/meistertask-recensione\/#primaryimage","url":"https:\/\/www.accuratereviews.com\/wp-content\/uploads\/2019\/09\/images.png","contentUrl":"https:\/\/www.accuratereviews.com\/wp-content\/uploads\/2019\/09\/images.png","width":225,"height":225},{"@type":"BreadcrumbList","@id":"https:\/\/www.accuratereviews.com\/it\/project-management-online-lista-software\/meistertask-recensione\/#breadcrumb","itemListElement":[{"@type":"ListItem","position":1,"name":"Home","item":"https:\/\/www.accuratereviews.com\/it\/"},{"@type":"ListItem","position":2,"name":"Project Management Online","item":"https:\/\/www.accuratereviews.com\/it\/project-management-online-lista-software\/"},{"@type":"ListItem","position":3,"name":"MeisterTask"}]},{"@type":"WebSite","@id":"https:\/\/www.accuratereviews.com\/it\/#website","url":"https:\/\/www.accuratereviews.com\/it\/","name":"Accurate Reviews","description":"","potentialAction":[{"@type":"SearchAction","target":{"@type":"EntryPoint","urlTemplate":"https:\/\/www.accuratereviews.com\/it\/?s={search_term_string}"},"query-input":{"@type":"PropertyValueSpecification","valueRequired":true,"valueName":"search_term_string"}}],"inLanguage":"it-IT"}]}},"_links":{"self":[{"href":"https:\/\/www.accuratereviews.com\/it\/wp-json\/wp\/v2\/pages\/18584","targetHints":{"allow":["GET"]}}],"collection":[{"href":"https:\/\/www.accuratereviews.com\/it\/wp-json\/wp\/v2\/pages"}],"about":[{"href":"https:\/\/www.accuratereviews.com\/it\/wp-json\/wp\/v2\/types\/page"}],"author":[{"embeddable":true,"href":"https:\/\/www.accuratereviews.com\/it\/wp-json\/wp\/v2\/users\/17"}],"replies":[{"embeddable":true,"href":"https:\/\/www.accuratereviews.com\/it\/wp-json\/wp\/v2\/comments?post=18584"}],"version-history":[{"count":7,"href":"https:\/\/www.accuratereviews.com\/it\/wp-json\/wp\/v2\/pages\/18584\/revisions"}],"predecessor-version":[{"id":41642,"href":"https:\/\/www.accuratereviews.com\/it\/wp-json\/wp\/v2\/pages\/18584\/revisions\/41642"}],"up":[{"embeddable":true,"href":"https:\/\/www.accuratereviews.com\/it\/wp-json\/wp\/v2\/pages\/8333"}],"wp:featuredmedia":[{"embeddable":true,"href":"https:\/\/www.accuratereviews.com\/it\/wp-json\/wp\/v2\/media\/18585"}],"wp:attachment":[{"href":"https:\/\/www.accuratereviews.com\/it\/wp-json\/wp\/v2\/media?parent=18584"}],"wp:term":[{"taxonomy":"category","embeddable":true,"href":"https:\/\/www.accuratereviews.com\/it\/wp-json\/wp\/v2\/categories?post=18584"},{"taxonomy":"post_tag","embeddable":true,"href":"https:\/\/www.accuratereviews.com\/it\/wp-json\/wp\/v2\/tags?post=18584"},{"taxonomy":"features","embeddable":true,"href":"https:\/\/www.accuratereviews.com\/it\/wp-json\/wp\/v2\/features?post=18584"}],"curies":[{"name":"wp","href":"https:\/\/api.w.org\/{rel}","templated":true}]}}