{"id":18590,"date":"2019-09-27T06:28:14","date_gmt":"2019-09-27T06:28:14","guid":{"rendered":"https:\/\/www.accuratereviews.com\/?page_id=18590"},"modified":"2021-05-03T06:32:39","modified_gmt":"2021-05-03T06:32:39","slug":"float-recensione","status":"publish","type":"page","link":"https:\/\/www.accuratereviews.com\/it\/project-management-online-lista-software\/float-recensione\/","title":{"rendered":"Float"},"content":{"rendered":"<p><strong>Float<\/strong> \u00e8 un programma utilizzato principalmente da <strong>aziende, agenzie, studi e team<\/strong> che necessitano una migliore pianificazione e organizzazione del lavoro. Si tratta infatti di una delle migliori applicazione per la<strong> gestione delle risorse<\/strong>, che aiuta team famosi come Vice, Buzzfeed e RGA a tenere traccia <span class=\"tlid-translation translation\" lang=\"it\">dei progetti, assegnare compiti e riferire sui progressi e sulle previsioni delle tempistiche per un determinato lavoro. Con <strong>Float<\/strong> tu e il tuo team potrete <strong>ottimizzare il flusso di lavoro<\/strong> e risparmiare molto tempo, riuscendo a migliorare anche la collaborazione con i colleghi. Inoltre puoi utilizzarlo anche dal tuo smartphone o tablet poich\u00e9 \u00e8 compatibile con i<strong> dispositivi iOS e Android<\/strong>.<\/span><\/p>\n<h2>COME UTILIZZARE FLOAT &#8211; TUTORIAL<\/h2>\n<p>Ecco un video che ci spiega qualcosa di pi\u00f9 al riguardo:<\/p>\n<div id=\"fluid-wrapper-counter-1\" class=\"g1-fluid-wrapper \" style=\"width:686px;\">\n<div style=\"padding-bottom:56.268221574344%;\"><iframe loading=\"lazy\" title=\"Full Demo - Float Cash Flow Forecasting &amp; Management\" width=\"686\" height=\"386\" src=\"https:\/\/www.youtube.com\/embed\/lAqm3zIY0Ow?feature=oembed&amp;wmode=transparent&amp;autohide=1&amp;autoplay=0&amp;disablekb=0&amp;fs=1&amp;loop=0&amp;enablejsapi=1&amp;rel=0&amp;controls=2&amp;showinfo=0&amp;wmode=transparent&amp;autohide=2&amp;autoplay=0&amp;disablekb=0&amp;fs=1&amp;loop=0&amp;enablejsapi=1&amp;rel=0&amp;controls=2&amp;showinfo=1\" frameborder=\"0\" allow=\"accelerometer; autoplay; clipboard-write; encrypted-media; gyroscope; picture-in-picture\" allowfullscreen><\/iframe><\/div>\n<\/div>\n<h3>FLOAT &#8211; CARATTERISTICHE<\/h3>\n<p>Vediamo insieme le sue principali caratteristiche:<\/p>\n<ul>\n<li><strong>Gestione delle risorse<\/strong>: programma e gestisci le tue attivit\u00e0 senza stress, ti baster\u00e0 un semplice clic per riassegnare le attivit\u00e0 tra i membri del team<\/li>\n<li><strong>Pianificazione multi-progetto<\/strong>: visualizza e pianifica tutti i tuoi progetti, anche pi\u00f9 di uno utilizzando sempre la stessa piattaforma cos\u00ec da poter avere il controllo di tutto<\/li>\n<li><strong>Monitoraggio<\/strong>: monitora in anticipo le attivit\u00e0 e i movimenti del tuo team cos\u00ec da prevedere ogni possibile difficolt\u00e0<\/li>\n<li><strong>Capacit\u00e0 gestionale<\/strong>: imposta le singole ore lavorative del tuo team, il tempo libero e tutto ci\u00f2 di cui hai bisogno per lavorare senza stress.<\/li>\n<\/ul>\n<h3>LE RECENSIONI DEGLI UTENTI<\/h3>\n<p>&nbsp;<\/p>\n<ul>\n<li><strong>&#8220;Strumento eccellente per la pianificazione del team e follow-up&#8221;<\/strong><br \/>\nIN GENERALE: La nostra azienda \u00e8 passata da 1 a 5 persone nell&#8217;ultimo anno. Abbiamo anche stagisti o studenti che sono qui solo per un po&#8217;. Ora disponiamo di uno strumento che ci consente di seguire i progetti e le pianificazioni dei team in modo molto chiaro senza creare grandi spese generali. Funziona velocemente ed \u00e8 efficiente per noi.<br \/>\nPRO: facile da usare. Possiamo visualizzare il programma dell&#8217;intero team in una schermata e apportare modifiche istantanee se necessario.<br \/>\nCONTRO: quando si creano attivit\u00e0, la differenza tra la creazione di progetti e clienti pu\u00f2 essere fastidiosa. Inoltre: fornisci pi\u00f9 colori!<\/li>\n<li><strong>&#8220;Compito imbattibile e team manager&#8221;<\/strong><br \/>\nPRO: facile, facile, facile! Interfaccia utente ordinata ed estremamente intuitiva. Praticamente nessuna curva di apprendimento, anche per utenti inesperti. Nonostante la sua interfaccia pulita e ordinata, Float \u00e8 ancora ideale per l&#8217;uso aziendale. Presenta una piattaforma di team manager molto potente, perfetta per assegnare e seguire le attivit\u00e0, diffondendo istantaneamente qualsiasi aggiornamento con i membri del team. I report automatici consentono di tenere sotto controllo il consumo di tempo.<br \/>\nCONTRO: Float eseguito nel cloud, non \u00e8 possibile implementare una soluzione self-hosted.<\/li>\n<li><strong>&#8220;Ottimo strumento per le attivit\u00e0 quotidiane!&#8221;<\/strong><br \/>\nPRO: Float \u00e8 molto facile da usare e ti rende le attivit\u00e0 per la giornata molto approfondite. Come project manager \u00e8 possibile vedere tutte le attivit\u00e0 per il team in un batter d&#8217;occhio. Le funzioni di ordinamento sono eccezionali; per progetto, per squadra e altro ancora. Anche l&#8217;aggiunta di attivit\u00e0 ripetitive ed elementi programmati \u00e8 molto semplice. Questo strumento ha migliorato notevolmente il nostro flusso di lavoro quotidiano!<br \/>\nCONTRO: per ora non abbiamo affatto antipatie. Tutti i nostri requisiti per un buon software di pianificazione\/gestione del team sono soddisfatti in Float.<\/li>\n<\/ul>\n","protected":false},"excerpt":{"rendered":"<p>Float \u00e8 un programma utilizzato principalmente da aziende, agenzie, studi e team che necessitano una migliore pianificazione e organizzazione del lavoro. Si tratta infatti di una delle migliori applicazione per la gestione delle risorse, che aiuta team famosi come Vice, Buzzfeed e RGA.<\/p>\n","protected":false},"author":17,"featured_media":18591,"parent":8333,"menu_order":0,"comment_status":"open","ping_status":"closed","template":"g1_template_page_review_new.php","meta":{"_acf_changed":false,"cwp_meta_box_check":"Yes","cwp_rev_product_name":"","cwp_rev_product_image":"","wppr_links":[],"cwp_rev_price":"","wppr_options":[],"wppr_pros":[],"wppr_cons":[],"_monsterinsights_skip_tracking":false,"_monsterinsights_sitenote_active":false,"_monsterinsights_sitenote_note":"","_monsterinsights_sitenote_category":0,"footnotes":""},"categories":[172],"tags":[1315,1316,1312,1314],"features":[],"class_list":{"0":"post-18590","1":"page","2":"type-page","3":"status-publish","4":"has-post-thumbnail","6":"category-online-project-management-it","7":"tag-gestione-progetti","8":"tag-online-project-management","9":"tag-programma-gestione-progetti","10":"tag-project-management-software"},"wppr_data":{"cwp_meta_box_check":"Yes","cwp_rev_product_name":"","cwp_rev_product_image":"","cwp_image_link":"image","cwp_rev_price":"","wppr_rating":"0.00"},"acf":[],"yoast_head":"<!-- This site is optimized with the Yoast SEO plugin v27.4 - https:\/\/yoast.com\/product\/yoast-seo-wordpress\/ -->\n<title>Float: recensione programma gestione progetti - Accurate Reviews<\/title>\n<meta name=\"description\" content=\"Float \u00e8 un programma utilizzato principalmente da aziende, agenzie, studi e team che necessitano una migliore pianificazione del lavoro.\" \/>\n<meta name=\"robots\" content=\"index, follow, max-snippet:-1, max-image-preview:large, max-video-preview:-1\" \/>\n<link rel=\"canonical\" href=\"https:\/\/www.accuratereviews.com\/it\/project-management-online-lista-software\/float-recensione\/\" \/>\n<meta property=\"og:locale\" content=\"it_IT\" \/>\n<meta property=\"og:type\" content=\"article\" \/>\n<meta property=\"og:title\" content=\"Float: recensione programma gestione progetti - Accurate Reviews\" \/>\n<meta property=\"og:description\" content=\"Float \u00e8 un programma utilizzato principalmente da aziende, agenzie, studi e team che necessitano una migliore pianificazione del lavoro.\" \/>\n<meta property=\"og:url\" content=\"https:\/\/www.accuratereviews.com\/it\/project-management-online-lista-software\/float-recensione\/\" \/>\n<meta property=\"og:site_name\" content=\"Accurate Reviews\" \/>\n<meta property=\"article:modified_time\" content=\"2021-05-03T06:32:39+00:00\" \/>\n<meta property=\"og:image\" content=\"https:\/\/www.accuratereviews.com\/wp-content\/uploads\/2019\/09\/logo-big.jpg\" \/>\n\t<meta property=\"og:image:width\" content=\"400\" \/>\n\t<meta property=\"og:image:height\" content=\"400\" \/>\n\t<meta property=\"og:image:type\" content=\"image\/jpeg\" \/>\n<meta name=\"twitter:card\" content=\"summary_large_image\" \/>\n<meta name=\"twitter:label1\" content=\"Tempo di lettura stimato\" \/>\n\t<meta name=\"twitter:data1\" content=\"3 minuti\" \/>\n<script type=\"application\/ld+json\" class=\"yoast-schema-graph\">{\"@context\":\"https:\\\/\\\/schema.org\",\"@graph\":[{\"@type\":\"WebPage\",\"@id\":\"https:\\\/\\\/www.accuratereviews.com\\\/it\\\/project-management-online-lista-software\\\/float-recensione\\\/\",\"url\":\"https:\\\/\\\/www.accuratereviews.com\\\/it\\\/project-management-online-lista-software\\\/float-recensione\\\/\",\"name\":\"Float: recensione programma gestione progetti - Accurate Reviews\",\"isPartOf\":{\"@id\":\"https:\\\/\\\/www.accuratereviews.com\\\/it\\\/#website\"},\"primaryImageOfPage\":{\"@id\":\"https:\\\/\\\/www.accuratereviews.com\\\/it\\\/project-management-online-lista-software\\\/float-recensione\\\/#primaryimage\"},\"image\":{\"@id\":\"https:\\\/\\\/www.accuratereviews.com\\\/it\\\/project-management-online-lista-software\\\/float-recensione\\\/#primaryimage\"},\"thumbnailUrl\":\"https:\\\/\\\/www.accuratereviews.com\\\/wp-content\\\/uploads\\\/2019\\\/09\\\/logo-big.jpg\",\"datePublished\":\"2019-09-27T06:28:14+00:00\",\"dateModified\":\"2021-05-03T06:32:39+00:00\",\"description\":\"Float \u00e8 un programma utilizzato principalmente da aziende, agenzie, studi e team che necessitano una migliore pianificazione del lavoro.\",\"breadcrumb\":{\"@id\":\"https:\\\/\\\/www.accuratereviews.com\\\/it\\\/project-management-online-lista-software\\\/float-recensione\\\/#breadcrumb\"},\"inLanguage\":\"it-IT\",\"potentialAction\":[{\"@type\":\"ReadAction\",\"target\":[\"https:\\\/\\\/www.accuratereviews.com\\\/it\\\/project-management-online-lista-software\\\/float-recensione\\\/\"]}]},{\"@type\":\"ImageObject\",\"inLanguage\":\"it-IT\",\"@id\":\"https:\\\/\\\/www.accuratereviews.com\\\/it\\\/project-management-online-lista-software\\\/float-recensione\\\/#primaryimage\",\"url\":\"https:\\\/\\\/www.accuratereviews.com\\\/wp-content\\\/uploads\\\/2019\\\/09\\\/logo-big.jpg\",\"contentUrl\":\"https:\\\/\\\/www.accuratereviews.com\\\/wp-content\\\/uploads\\\/2019\\\/09\\\/logo-big.jpg\",\"width\":400,\"height\":400},{\"@type\":\"BreadcrumbList\",\"@id\":\"https:\\\/\\\/www.accuratereviews.com\\\/it\\\/project-management-online-lista-software\\\/float-recensione\\\/#breadcrumb\",\"itemListElement\":[{\"@type\":\"ListItem\",\"position\":1,\"name\":\"Home\",\"item\":\"https:\\\/\\\/www.accuratereviews.com\\\/it\\\/\"},{\"@type\":\"ListItem\",\"position\":2,\"name\":\"Project Management Online\",\"item\":\"https:\\\/\\\/www.accuratereviews.com\\\/it\\\/project-management-online-lista-software\\\/\"},{\"@type\":\"ListItem\",\"position\":3,\"name\":\"Float\"}]},{\"@type\":\"WebSite\",\"@id\":\"https:\\\/\\\/www.accuratereviews.com\\\/it\\\/#website\",\"url\":\"https:\\\/\\\/www.accuratereviews.com\\\/it\\\/\",\"name\":\"Accurate Reviews\",\"description\":\"\",\"potentialAction\":[{\"@type\":\"SearchAction\",\"target\":{\"@type\":\"EntryPoint\",\"urlTemplate\":\"https:\\\/\\\/www.accuratereviews.com\\\/it\\\/?s={search_term_string}\"},\"query-input\":{\"@type\":\"PropertyValueSpecification\",\"valueRequired\":true,\"valueName\":\"search_term_string\"}}],\"inLanguage\":\"it-IT\"}]}<\/script>\n<!-- \/ Yoast SEO plugin. -->","yoast_head_json":{"title":"Float: recensione programma gestione progetti - Accurate Reviews","description":"Float \u00e8 un programma utilizzato principalmente da aziende, agenzie, studi e team che necessitano una migliore pianificazione del lavoro.","robots":{"index":"index","follow":"follow","max-snippet":"max-snippet:-1","max-image-preview":"max-image-preview:large","max-video-preview":"max-video-preview:-1"},"canonical":"https:\/\/www.accuratereviews.com\/it\/project-management-online-lista-software\/float-recensione\/","og_locale":"it_IT","og_type":"article","og_title":"Float: recensione programma gestione progetti - Accurate Reviews","og_description":"Float \u00e8 un programma utilizzato principalmente da aziende, agenzie, studi e team che necessitano una migliore pianificazione del lavoro.","og_url":"https:\/\/www.accuratereviews.com\/it\/project-management-online-lista-software\/float-recensione\/","og_site_name":"Accurate Reviews","article_modified_time":"2021-05-03T06:32:39+00:00","og_image":[{"width":400,"height":400,"url":"https:\/\/www.accuratereviews.com\/wp-content\/uploads\/2019\/09\/logo-big.jpg","type":"image\/jpeg"}],"twitter_card":"summary_large_image","twitter_misc":{"Tempo di lettura stimato":"3 minuti"},"schema":{"@context":"https:\/\/schema.org","@graph":[{"@type":"WebPage","@id":"https:\/\/www.accuratereviews.com\/it\/project-management-online-lista-software\/float-recensione\/","url":"https:\/\/www.accuratereviews.com\/it\/project-management-online-lista-software\/float-recensione\/","name":"Float: recensione programma gestione progetti - Accurate Reviews","isPartOf":{"@id":"https:\/\/www.accuratereviews.com\/it\/#website"},"primaryImageOfPage":{"@id":"https:\/\/www.accuratereviews.com\/it\/project-management-online-lista-software\/float-recensione\/#primaryimage"},"image":{"@id":"https:\/\/www.accuratereviews.com\/it\/project-management-online-lista-software\/float-recensione\/#primaryimage"},"thumbnailUrl":"https:\/\/www.accuratereviews.com\/wp-content\/uploads\/2019\/09\/logo-big.jpg","datePublished":"2019-09-27T06:28:14+00:00","dateModified":"2021-05-03T06:32:39+00:00","description":"Float \u00e8 un programma utilizzato principalmente da aziende, agenzie, studi e team che necessitano una migliore pianificazione del lavoro.","breadcrumb":{"@id":"https:\/\/www.accuratereviews.com\/it\/project-management-online-lista-software\/float-recensione\/#breadcrumb"},"inLanguage":"it-IT","potentialAction":[{"@type":"ReadAction","target":["https:\/\/www.accuratereviews.com\/it\/project-management-online-lista-software\/float-recensione\/"]}]},{"@type":"ImageObject","inLanguage":"it-IT","@id":"https:\/\/www.accuratereviews.com\/it\/project-management-online-lista-software\/float-recensione\/#primaryimage","url":"https:\/\/www.accuratereviews.com\/wp-content\/uploads\/2019\/09\/logo-big.jpg","contentUrl":"https:\/\/www.accuratereviews.com\/wp-content\/uploads\/2019\/09\/logo-big.jpg","width":400,"height":400},{"@type":"BreadcrumbList","@id":"https:\/\/www.accuratereviews.com\/it\/project-management-online-lista-software\/float-recensione\/#breadcrumb","itemListElement":[{"@type":"ListItem","position":1,"name":"Home","item":"https:\/\/www.accuratereviews.com\/it\/"},{"@type":"ListItem","position":2,"name":"Project Management Online","item":"https:\/\/www.accuratereviews.com\/it\/project-management-online-lista-software\/"},{"@type":"ListItem","position":3,"name":"Float"}]},{"@type":"WebSite","@id":"https:\/\/www.accuratereviews.com\/it\/#website","url":"https:\/\/www.accuratereviews.com\/it\/","name":"Accurate Reviews","description":"","potentialAction":[{"@type":"SearchAction","target":{"@type":"EntryPoint","urlTemplate":"https:\/\/www.accuratereviews.com\/it\/?s={search_term_string}"},"query-input":{"@type":"PropertyValueSpecification","valueRequired":true,"valueName":"search_term_string"}}],"inLanguage":"it-IT"}]}},"_links":{"self":[{"href":"https:\/\/www.accuratereviews.com\/it\/wp-json\/wp\/v2\/pages\/18590","targetHints":{"allow":["GET"]}}],"collection":[{"href":"https:\/\/www.accuratereviews.com\/it\/wp-json\/wp\/v2\/pages"}],"about":[{"href":"https:\/\/www.accuratereviews.com\/it\/wp-json\/wp\/v2\/types\/page"}],"author":[{"embeddable":true,"href":"https:\/\/www.accuratereviews.com\/it\/wp-json\/wp\/v2\/users\/17"}],"replies":[{"embeddable":true,"href":"https:\/\/www.accuratereviews.com\/it\/wp-json\/wp\/v2\/comments?post=18590"}],"version-history":[{"count":4,"href":"https:\/\/www.accuratereviews.com\/it\/wp-json\/wp\/v2\/pages\/18590\/revisions"}],"predecessor-version":[{"id":41641,"href":"https:\/\/www.accuratereviews.com\/it\/wp-json\/wp\/v2\/pages\/18590\/revisions\/41641"}],"up":[{"embeddable":true,"href":"https:\/\/www.accuratereviews.com\/it\/wp-json\/wp\/v2\/pages\/8333"}],"wp:featuredmedia":[{"embeddable":true,"href":"https:\/\/www.accuratereviews.com\/it\/wp-json\/wp\/v2\/media\/18591"}],"wp:attachment":[{"href":"https:\/\/www.accuratereviews.com\/it\/wp-json\/wp\/v2\/media?parent=18590"}],"wp:term":[{"taxonomy":"category","embeddable":true,"href":"https:\/\/www.accuratereviews.com\/it\/wp-json\/wp\/v2\/categories?post=18590"},{"taxonomy":"post_tag","embeddable":true,"href":"https:\/\/www.accuratereviews.com\/it\/wp-json\/wp\/v2\/tags?post=18590"},{"taxonomy":"features","embeddable":true,"href":"https:\/\/www.accuratereviews.com\/it\/wp-json\/wp\/v2\/features?post=18590"}],"curies":[{"name":"wp","href":"https:\/\/api.w.org\/{rel}","templated":true}]}}