{"id":18600,"date":"2019-09-27T14:31:41","date_gmt":"2019-09-27T14:31:41","guid":{"rendered":"https:\/\/www.accuratereviews.com\/?page_id=18600"},"modified":"2021-05-03T06:34:57","modified_gmt":"2021-05-03T06:34:57","slug":"liquidplanner-recensione","status":"publish","type":"page","link":"https:\/\/www.accuratereviews.com\/it\/project-management-online-lista-software\/liquidplanner-recensione\/","title":{"rendered":"LiquidPlanner"},"content":{"rendered":"<p><strong>LiquidPlanner<\/strong> rappresenta la nuova generazione di <strong>software di collaborazione e gestione dei progetti.\u00a0<\/strong>Soluzione\u00a0unica per tutti, ha caratteristiche specifiche per team IT, project manager, servizi professionali, team di sviluppo e team di marketing. Risponde alle esigenze sia delle piccole imprese che delle grandi. Il programma\u00a0consente di eseguire la pianificazione flessibile e ottimale degli scenari per le situazioni di valutazione del rischio e offre molteplici funzionalit\u00e0 che consentono di adattarsi alle priorit\u00e0 in evoluzione. Ha inoltre integrato il monitoraggio del tempo, i portali dei clienti e la gestione delle risorse per aiutare le aziende di servizi professionali a tenere sotto controllo i propri clienti, incluso il monitoraggio delle tariffe orarie per ciascun membro del gruppo con maggiore precisione.\u00a0Puoi anche condividere le informazioni sul progetto con i tuoi collaboratori interni ed esterni clienti, fornitori e partner commerciali, con il controllo su chi pu\u00f2 accedere a dati specifici su quale progetto. \u00a0<strong>LiquidPlanner<\/strong> organizza le informazioni sul progetto in modo da poter prendere decisioni chiare sulla base di dati reali. Allo stesso modo, la soluzione utilizza un motore di pianificazione basato sulla priorit\u00e0 per mostrare come i risultati del progetto verranno raggiunti in tempo. Puoi anche integrare il software con <strong>Google Drive, Dropbox e Box<\/strong>, i tre servizi di condivisione <strong>cloud<\/strong> pi\u00f9 popolari.<\/p>\n<h2>LIQUIDPLANNER -TUTORIAL<\/h2>\n<p>Scopri come vedere una panoramica di un progetto su questo programma di <strong>Project Management<\/strong>:<\/p>\n<div id=\"fluid-wrapper-counter-1\" class=\"g1-fluid-wrapper \" style=\"width:686px;\">\n<div style=\"padding-bottom:56.268221574344%;\"><iframe loading=\"lazy\" title=\"LiquidPlanner Tutorials - Learn how to see an overview of a project (project management software)\" width=\"686\" height=\"386\" src=\"https:\/\/www.youtube.com\/embed\/hgRIF1u87To?feature=oembed&amp;wmode=transparent&amp;autohide=1&amp;autoplay=0&amp;disablekb=0&amp;fs=1&amp;loop=0&amp;enablejsapi=1&amp;rel=0&amp;controls=2&amp;showinfo=0&amp;wmode=transparent&amp;autohide=2&amp;autoplay=0&amp;disablekb=0&amp;fs=1&amp;loop=0&amp;enablejsapi=1&amp;rel=0&amp;controls=2&amp;showinfo=1\" frameborder=\"0\" allow=\"accelerometer; autoplay; encrypted-media; gyroscope; picture-in-picture\" allowfullscreen><\/iframe><\/div>\n<\/div>\n<h3>LIQUIDPLANNER &#8211; CARATTERISTICHE<\/h3>\n<ul>\n<li><strong>Programmi intelligenti:<\/strong> regola automaticamente le date di completamento previste quando le stime si espandono, quando le risorse vengono dirottate verso altri progetti o quando altri lavori hanno la priorit\u00e0<\/li>\n<li><strong>Gestione delle risorse<\/strong>: i rapporti sulla gestione di lavoro mostrano la quantit\u00e0 di lavoro svolto da ciascun membro del team, quando ci stanno lavorando e se rischiano di perdere una scadenza<\/li>\n<li><strong>Visibilit\u00e0 del progetto Cross<\/strong>: ottieni una visione istantanea di progressi, rischi e budget per tutti i tuoi progetti. Puoi impostare le aspettative e condividere le informazioni pertinenti con le persone giuste<\/li>\n<li><strong>Card View<\/strong>: sposta i progetti e le attivit\u00e0 attraverso un flusso in<strong> stile Kanban,<\/strong> da In sospeso a Approvato a In corso<\/li>\n<li><strong>Tempo informato e tracciabilit\u00e0 bilancio:<\/strong> rendi il monitoraggio del tempo semplice per il tuo team con timer e schede attivit\u00e0 integrati. Le tariffe di fatturazione e di pagamento quantificano il rendimento degli investimenti in termini di tempo del team e consentono di prendere decisioni informate<\/li>\n<li><strong>Analytics \u00a0avanzato<\/strong>: crea facilmente rapporti che mostrano lo stato di un singolo progetto o lo stato dell&#8217;intero portfolio.<\/li>\n<\/ul>\n<h4>LE RECENSIONE DEGLI UTENTI<\/h4>\n<h4>Chuck J.&#8221;Liquid Planner \u00e8 uno strumento molto efficace per la pianificazione e la gestione dei progetti.&#8221;<\/h4>\n<p><strong>Commenti<\/strong>: Il nostro team \u00e8 piuttosto piccolo (~ 50 utenti in tutta l&#8217;azienda), quindi non abbiamo risorse dedicate per mantenere le informazioni in Liquid Planer. Tuttavia, Liquid planner \u00e8 accessibile e intuitivo, in modo che possiamo far s\u00ec che diversi membri del team contribuiscano al mantenimento delle pianificazioni dei progetti nell&#8217;ambito delle loro funzioni. Usiamo Liquid Planner per gestire gli aspetti temporali della gestione dei progetti. Esistono numerosi strumenti di reporting che consentono la personalizzazione per soddisfare le nostre esigenze. Ha fatto molto bene questo lavoro per noi. Il supporto fornito \u00e8 stato tempestivo ed efficace.<\/p>\n<p><strong>Vantaggi<\/strong>: \u00c8 facile per i membri del team interagire con il software e inserire le informazioni in base al ruolo del progetto di ciascun utente. Se usato come previsto, il software fa un ottimo lavoro fornendo le viste necessarie sullo stato del progetto. Il software \u00e8 sicuramente all&#8217;altezza del suo nome poich\u00e9 la modifica dei piani e delle priorit\u00e0 del progetto \u00e8 facile e gli impatti di tali cambiamenti sono immediatamente disponibili. I numerosi ma intuitivi modi per gestire le sottigliezze del progetto come tempo disponibile, ritardi, ecc. Rendono semplice la creazione di pianificazioni realistiche del progetto.<\/p>\n<p><strong>Inconvenienti:<\/strong> non ho alcun negativo specifico rispetto a Liquid Planner. Come qualsiasi software di questa classe, ci vuole un po &#8216;di addestramento ed esperienza per ottenere il massimo da esso. Il mio miglior consiglio \u00e8 di dedicare un po &#8216;di tempo a capire come i progettisti intendevano utilizzare il prodotto usandolo di conseguenza. LP ha un ricco set di funzionalit\u00e0 e se usato correttamente contribuir\u00e0 positivamente alla gestione del progetto.<\/p>\n<h4>Steven L. &#8220;Sono un fan di questo programma, anche se il nostro uso \u00e8 superficiale&#8221;<\/h4>\n<p><strong>Commenti:<\/strong> A causa della mancanza di integrazioni, ho cercato qualcosa con cui sostituire Liquid Planner e, dopo averli visti, non riuscivo a smettere di usare Liquid Planner.<\/p>\n<p><strong>Vantaggi<\/strong>: In qualit\u00e0 di agenzia di sviluppo web, posso dirti l&#8217;unica funzionalit\u00e0 che mi ha impedito di utilizzare un altro prodotto, che \u00e8 la loro funzione di stima dei compiti. Perch\u00e9 nessun altro lo fa \u00e8 al di fuori di me (divulgazione completa: molte cose sono al di l\u00e0 di me) :) Quando si configura un&#8217;attivit\u00e0, \u00e8 possibile stimare effettivamente il tempo che impiegher\u00e0 la gente reale a stimare le attivit\u00e0, con un intervallo di tempo. Chi nel mondo ha mai raggiunto i loro obiettivi di tempo a stima singola per tutto il tempo? NESSUNO. Con Liquid Planner inserisci un intervallo, 3-6 ore, 1-2 ore, ecc. CHE \u00c8 UN RISPARMIO PER NOI. Un altro loro concetto chiamato &#8220;pacchetti&#8221; \u00e8 anche geniale. L\u00ec puoi svolgere attivit\u00e0 e raggrupparle in &#8220;cartelle&#8221; che hanno senso per te, cos\u00ec puoi guardare i tuoi progetti<\/p>\n<p><strong>Inconvenienti<\/strong>: la cosa che non mi piace \u00e8 che non ci sono molte integrazioni con i cronometristi di terze parti per attivit\u00e0 e programmi di fatturazione. Perdere internet, non pensarci pi\u00f9. Lavorare in auto o in treno senza Internet? Dimenticalo. Inoltre, la loro app mobile non ha davvero molto valore.<\/p>\n<h4>Avery O. &#8220;Davvero potente per i project manager, meno buono per gli altri utenti&#8221;<\/h4>\n<p><strong>Vantaggi<\/strong>: davvero potente, la panoramica del diagramma di Gantt \u00e8 stata davvero utile mentre le nostre stime sono state aggiornate. L&#8217;organizzazione incentrata sul progetto ci consente di mantenere una visione ampia di un progetto complesso e le funzionalit\u00e0 di etichettatura ed esportazione sono in grado di generare una variet\u00e0 di visualizzazioni dei nostri dati in modo organizzato.<\/p>\n<p><strong>Inconvenienti<\/strong>: il nostro team esecutivo e alla fine i nostri sviluppatori hanno smesso di usarlo. L&#8217;interfaccia principale della scheda progetti era troppo complessa. Non c&#8217;\u00e8 modo di fornire ai team un link che includa i filtri fino a ci\u00f2 che realmente interessa o di fornire alle persone un link alla visualizzazione esatta e al set di filtri che stavo condividendo durante la condivisione dello schermo. Mancata integrazione con servizi esterni (github, perforce, JIRA, bug tracking). Abbastanza costoso. Un&#8217;interfaccia travolgente significa che gli utenti non hanno aggiornato le attivit\u00e0, il che significa che i nostri dati non sono aggiornati. Il diagramma di Gantt ha smesso di essere accurato o utile e si \u00e8 fatto schiacciante. Le dashboard potevano essere create per la visibilit\u00e0 ma non offrivano ai team l&#8217;opportunit\u00e0 di modificare una vista limitata. Non \u00e8 abbastanza facile collegarsi a un&#8217;attivit\u00e0 specifica o generare un nuovo ticket nel posto giusto con un semplice collegamento a un identificatore che parli come un sistema basato su ticket. \u00c8 comunque ottimo per le persone che hanno una mentalit\u00e0 tecnica e desiderano un quadro generale, non eccezionale per le persone che desiderano una visione limitata di un sottoinsieme del progetto o sono troppo impegnate per imparare a utilizzare lo strumento in modo efficace.<\/p>\n<p>&nbsp;<\/p>\n<p>&nbsp;<\/p>\n","protected":false},"excerpt":{"rendered":"<p>LiquidPlanner \u00e8 un rappresentante della nuova generazione di software di collaborazione e gestione dei progetti.\u00a0Soluzione\u00a0unica per tutti, ha caratteristiche specifiche per team IT, project manager, servizi professionali, team di sviluppo e team di marketing. Risponde alle esigenze sia delle piccole imprese che delle grandi.<\/p>\n","protected":false},"author":19,"featured_media":18601,"parent":8333,"menu_order":0,"comment_status":"open","ping_status":"closed","template":"g1_template_page_review_new.php","meta":{"_acf_changed":false,"cwp_meta_box_check":"Yes","cwp_rev_product_name":"","cwp_rev_product_image":"","wppr_links":[],"cwp_rev_price":"","wppr_options":[],"wppr_pros":[],"wppr_cons":[],"_monsterinsights_skip_tracking":false,"_monsterinsights_sitenote_active":false,"_monsterinsights_sitenote_note":"","_monsterinsights_sitenote_category":0,"footnotes":""},"categories":[172],"tags":[1298,491,490,1335,1310,1309,1326,1320],"features":[],"class_list":{"0":"post-18600","1":"page","2":"type-page","3":"status-publish","4":"has-post-thumbnail","6":"category-online-project-management-it","7":"tag-box","8":"tag-dropbox","9":"tag-google-drive","10":"tag-liquidplanner","11":"tag-programma-project-management","12":"tag-software-project-management","13":"tag-soluzione-gestione-dei-progetti","14":"tag-soluzione-project-management"},"wppr_data":{"cwp_meta_box_check":"Yes","cwp_rev_product_name":"","cwp_rev_product_image":"","cwp_image_link":"image","cwp_rev_price":"","wppr_rating":"0.00"},"acf":[],"yoast_head":"<!-- This site is optimized with the Yoast SEO plugin v27.4 - https:\/\/yoast.com\/product\/yoast-seo-wordpress\/ -->\n<title>Liquidplanner: recensione software Project Management Accurate Reviews<\/title>\n<meta name=\"description\" content=\"Liquidplanner: recensione software di collaborazione e gestione dei progetti per qualsiasi tipo di attivit\u00e0 e di qualsiasi dimensione.\" \/>\n<meta name=\"robots\" content=\"index, follow, max-snippet:-1, max-image-preview:large, max-video-preview:-1\" \/>\n<link rel=\"canonical\" href=\"https:\/\/www.accuratereviews.com\/it\/project-management-online-lista-software\/liquidplanner-recensione\/\" \/>\n<meta property=\"og:locale\" content=\"it_IT\" \/>\n<meta property=\"og:type\" content=\"article\" \/>\n<meta property=\"og:title\" content=\"Liquidplanner: recensione software Project Management Accurate Reviews\" \/>\n<meta property=\"og:description\" content=\"Liquidplanner: recensione software di collaborazione e gestione dei progetti per qualsiasi tipo di attivit\u00e0 e di qualsiasi dimensione.\" \/>\n<meta property=\"og:url\" content=\"https:\/\/www.accuratereviews.com\/it\/project-management-online-lista-software\/liquidplanner-recensione\/\" \/>\n<meta property=\"og:site_name\" content=\"Accurate Reviews\" \/>\n<meta property=\"article:modified_time\" content=\"2021-05-03T06:34:57+00:00\" \/>\n<meta property=\"og:image\" content=\"https:\/\/www.accuratereviews.com\/wp-content\/uploads\/2019\/09\/liquidplanner-logo.jpg\" \/>\n\t<meta property=\"og:image:width\" content=\"333\" \/>\n\t<meta property=\"og:image:height\" content=\"249\" \/>\n\t<meta property=\"og:image:type\" content=\"image\/jpeg\" \/>\n<meta name=\"twitter:card\" content=\"summary_large_image\" \/>\n<meta name=\"twitter:label1\" content=\"Tempo di lettura stimato\" \/>\n\t<meta name=\"twitter:data1\" content=\"6 minuti\" \/>\n<script type=\"application\/ld+json\" class=\"yoast-schema-graph\">{\"@context\":\"https:\\\/\\\/schema.org\",\"@graph\":[{\"@type\":\"WebPage\",\"@id\":\"https:\\\/\\\/www.accuratereviews.com\\\/it\\\/project-management-online-lista-software\\\/liquidplanner-recensione\\\/\",\"url\":\"https:\\\/\\\/www.accuratereviews.com\\\/it\\\/project-management-online-lista-software\\\/liquidplanner-recensione\\\/\",\"name\":\"Liquidplanner: recensione software Project Management Accurate Reviews\",\"isPartOf\":{\"@id\":\"https:\\\/\\\/www.accuratereviews.com\\\/it\\\/#website\"},\"primaryImageOfPage\":{\"@id\":\"https:\\\/\\\/www.accuratereviews.com\\\/it\\\/project-management-online-lista-software\\\/liquidplanner-recensione\\\/#primaryimage\"},\"image\":{\"@id\":\"https:\\\/\\\/www.accuratereviews.com\\\/it\\\/project-management-online-lista-software\\\/liquidplanner-recensione\\\/#primaryimage\"},\"thumbnailUrl\":\"https:\\\/\\\/www.accuratereviews.com\\\/wp-content\\\/uploads\\\/2019\\\/09\\\/liquidplanner-logo.jpg\",\"datePublished\":\"2019-09-27T14:31:41+00:00\",\"dateModified\":\"2021-05-03T06:34:57+00:00\",\"description\":\"Liquidplanner: recensione software di collaborazione e gestione dei progetti per qualsiasi tipo di attivit\u00e0 e di qualsiasi dimensione.\",\"breadcrumb\":{\"@id\":\"https:\\\/\\\/www.accuratereviews.com\\\/it\\\/project-management-online-lista-software\\\/liquidplanner-recensione\\\/#breadcrumb\"},\"inLanguage\":\"it-IT\",\"potentialAction\":[{\"@type\":\"ReadAction\",\"target\":[\"https:\\\/\\\/www.accuratereviews.com\\\/it\\\/project-management-online-lista-software\\\/liquidplanner-recensione\\\/\"]}]},{\"@type\":\"ImageObject\",\"inLanguage\":\"it-IT\",\"@id\":\"https:\\\/\\\/www.accuratereviews.com\\\/it\\\/project-management-online-lista-software\\\/liquidplanner-recensione\\\/#primaryimage\",\"url\":\"https:\\\/\\\/www.accuratereviews.com\\\/wp-content\\\/uploads\\\/2019\\\/09\\\/liquidplanner-logo.jpg\",\"contentUrl\":\"https:\\\/\\\/www.accuratereviews.com\\\/wp-content\\\/uploads\\\/2019\\\/09\\\/liquidplanner-logo.jpg\",\"width\":333,\"height\":249},{\"@type\":\"BreadcrumbList\",\"@id\":\"https:\\\/\\\/www.accuratereviews.com\\\/it\\\/project-management-online-lista-software\\\/liquidplanner-recensione\\\/#breadcrumb\",\"itemListElement\":[{\"@type\":\"ListItem\",\"position\":1,\"name\":\"Home\",\"item\":\"https:\\\/\\\/www.accuratereviews.com\\\/it\\\/\"},{\"@type\":\"ListItem\",\"position\":2,\"name\":\"Project Management Online\",\"item\":\"https:\\\/\\\/www.accuratereviews.com\\\/it\\\/project-management-online-lista-software\\\/\"},{\"@type\":\"ListItem\",\"position\":3,\"name\":\"LiquidPlanner\"}]},{\"@type\":\"WebSite\",\"@id\":\"https:\\\/\\\/www.accuratereviews.com\\\/it\\\/#website\",\"url\":\"https:\\\/\\\/www.accuratereviews.com\\\/it\\\/\",\"name\":\"Accurate Reviews\",\"description\":\"\",\"potentialAction\":[{\"@type\":\"SearchAction\",\"target\":{\"@type\":\"EntryPoint\",\"urlTemplate\":\"https:\\\/\\\/www.accuratereviews.com\\\/it\\\/?s={search_term_string}\"},\"query-input\":{\"@type\":\"PropertyValueSpecification\",\"valueRequired\":true,\"valueName\":\"search_term_string\"}}],\"inLanguage\":\"it-IT\"}]}<\/script>\n<!-- \/ Yoast SEO plugin. -->","yoast_head_json":{"title":"Liquidplanner: recensione software Project Management Accurate Reviews","description":"Liquidplanner: recensione software di collaborazione e gestione dei progetti per qualsiasi tipo di attivit\u00e0 e di qualsiasi dimensione.","robots":{"index":"index","follow":"follow","max-snippet":"max-snippet:-1","max-image-preview":"max-image-preview:large","max-video-preview":"max-video-preview:-1"},"canonical":"https:\/\/www.accuratereviews.com\/it\/project-management-online-lista-software\/liquidplanner-recensione\/","og_locale":"it_IT","og_type":"article","og_title":"Liquidplanner: recensione software Project Management Accurate Reviews","og_description":"Liquidplanner: recensione software di collaborazione e gestione dei progetti per qualsiasi tipo di attivit\u00e0 e di qualsiasi dimensione.","og_url":"https:\/\/www.accuratereviews.com\/it\/project-management-online-lista-software\/liquidplanner-recensione\/","og_site_name":"Accurate Reviews","article_modified_time":"2021-05-03T06:34:57+00:00","og_image":[{"width":333,"height":249,"url":"https:\/\/www.accuratereviews.com\/wp-content\/uploads\/2019\/09\/liquidplanner-logo.jpg","type":"image\/jpeg"}],"twitter_card":"summary_large_image","twitter_misc":{"Tempo di lettura stimato":"6 minuti"},"schema":{"@context":"https:\/\/schema.org","@graph":[{"@type":"WebPage","@id":"https:\/\/www.accuratereviews.com\/it\/project-management-online-lista-software\/liquidplanner-recensione\/","url":"https:\/\/www.accuratereviews.com\/it\/project-management-online-lista-software\/liquidplanner-recensione\/","name":"Liquidplanner: recensione software Project Management Accurate Reviews","isPartOf":{"@id":"https:\/\/www.accuratereviews.com\/it\/#website"},"primaryImageOfPage":{"@id":"https:\/\/www.accuratereviews.com\/it\/project-management-online-lista-software\/liquidplanner-recensione\/#primaryimage"},"image":{"@id":"https:\/\/www.accuratereviews.com\/it\/project-management-online-lista-software\/liquidplanner-recensione\/#primaryimage"},"thumbnailUrl":"https:\/\/www.accuratereviews.com\/wp-content\/uploads\/2019\/09\/liquidplanner-logo.jpg","datePublished":"2019-09-27T14:31:41+00:00","dateModified":"2021-05-03T06:34:57+00:00","description":"Liquidplanner: recensione software di collaborazione e gestione dei progetti per qualsiasi tipo di attivit\u00e0 e di qualsiasi dimensione.","breadcrumb":{"@id":"https:\/\/www.accuratereviews.com\/it\/project-management-online-lista-software\/liquidplanner-recensione\/#breadcrumb"},"inLanguage":"it-IT","potentialAction":[{"@type":"ReadAction","target":["https:\/\/www.accuratereviews.com\/it\/project-management-online-lista-software\/liquidplanner-recensione\/"]}]},{"@type":"ImageObject","inLanguage":"it-IT","@id":"https:\/\/www.accuratereviews.com\/it\/project-management-online-lista-software\/liquidplanner-recensione\/#primaryimage","url":"https:\/\/www.accuratereviews.com\/wp-content\/uploads\/2019\/09\/liquidplanner-logo.jpg","contentUrl":"https:\/\/www.accuratereviews.com\/wp-content\/uploads\/2019\/09\/liquidplanner-logo.jpg","width":333,"height":249},{"@type":"BreadcrumbList","@id":"https:\/\/www.accuratereviews.com\/it\/project-management-online-lista-software\/liquidplanner-recensione\/#breadcrumb","itemListElement":[{"@type":"ListItem","position":1,"name":"Home","item":"https:\/\/www.accuratereviews.com\/it\/"},{"@type":"ListItem","position":2,"name":"Project Management Online","item":"https:\/\/www.accuratereviews.com\/it\/project-management-online-lista-software\/"},{"@type":"ListItem","position":3,"name":"LiquidPlanner"}]},{"@type":"WebSite","@id":"https:\/\/www.accuratereviews.com\/it\/#website","url":"https:\/\/www.accuratereviews.com\/it\/","name":"Accurate Reviews","description":"","potentialAction":[{"@type":"SearchAction","target":{"@type":"EntryPoint","urlTemplate":"https:\/\/www.accuratereviews.com\/it\/?s={search_term_string}"},"query-input":{"@type":"PropertyValueSpecification","valueRequired":true,"valueName":"search_term_string"}}],"inLanguage":"it-IT"}]}},"_links":{"self":[{"href":"https:\/\/www.accuratereviews.com\/it\/wp-json\/wp\/v2\/pages\/18600","targetHints":{"allow":["GET"]}}],"collection":[{"href":"https:\/\/www.accuratereviews.com\/it\/wp-json\/wp\/v2\/pages"}],"about":[{"href":"https:\/\/www.accuratereviews.com\/it\/wp-json\/wp\/v2\/types\/page"}],"author":[{"embeddable":true,"href":"https:\/\/www.accuratereviews.com\/it\/wp-json\/wp\/v2\/users\/19"}],"replies":[{"embeddable":true,"href":"https:\/\/www.accuratereviews.com\/it\/wp-json\/wp\/v2\/comments?post=18600"}],"version-history":[{"count":10,"href":"https:\/\/www.accuratereviews.com\/it\/wp-json\/wp\/v2\/pages\/18600\/revisions"}],"predecessor-version":[{"id":41644,"href":"https:\/\/www.accuratereviews.com\/it\/wp-json\/wp\/v2\/pages\/18600\/revisions\/41644"}],"up":[{"embeddable":true,"href":"https:\/\/www.accuratereviews.com\/it\/wp-json\/wp\/v2\/pages\/8333"}],"wp:featuredmedia":[{"embeddable":true,"href":"https:\/\/www.accuratereviews.com\/it\/wp-json\/wp\/v2\/media\/18601"}],"wp:attachment":[{"href":"https:\/\/www.accuratereviews.com\/it\/wp-json\/wp\/v2\/media?parent=18600"}],"wp:term":[{"taxonomy":"category","embeddable":true,"href":"https:\/\/www.accuratereviews.com\/it\/wp-json\/wp\/v2\/categories?post=18600"},{"taxonomy":"post_tag","embeddable":true,"href":"https:\/\/www.accuratereviews.com\/it\/wp-json\/wp\/v2\/tags?post=18600"},{"taxonomy":"features","embeddable":true,"href":"https:\/\/www.accuratereviews.com\/it\/wp-json\/wp\/v2\/features?post=18600"}],"curies":[{"name":"wp","href":"https:\/\/api.w.org\/{rel}","templated":true}]}}